{"id":1968,"date":"2025-03-22T20:35:25","date_gmt":"2025-03-22T12:35:25","guid":{"rendered":"https:\/\/sharewalker.com\/?post_type=product&#038;p=1968"},"modified":"2025-03-22T22:46:15","modified_gmt":"2025-03-22T14:46:15","slug":"multi-language-overseas-order-snatching-boosting-source-code-big-wheel-lottery-yu-li-bao-professional-agent-backend-order-auto-matching-system","status":"publish","type":"product","link":"https:\/\/sharewalker.com\/de\/produkt\/mehrsprachige-uberseebestellung-die-den-quellcode-des-riesenrads-ankurbelt-lotterie-yu-li-bao-professioneller-agent-backend-bestellung-auto-matching-system\/","title":{"rendered":"Mehrsprachiger Quellcode f\u00fcr Auftragserfassung und -steigerung in \u00dcbersee | Riesenrad-Lotterie Yu Li Bao | Professionelles Agenten-Backend und Auto-Matching-System f\u00fcr Auftr\u00e4ge"},"content":{"rendered":"<p>Dieses System verf\u00fcgt \u00fcber ein vollst\u00e4ndig angepasstes UI-Design, das die \u00fcblichen Marktstandards bei weitem \u00fcbertrifft und speziell f\u00fcr die M\u00e4rkte in \u00dcbersee entwickelt wurde. Der Quellcode unterst\u00fctzt mehrere Sprachen und ist mit einer F\u00fclle von Funktionen ausgestattet, darunter ein spezielles Agenten-Backend, zeitgesteuerte Auftragserteilung, automatischer Auftragssnatching, Zinsbonus, VIP-Upgrade mit Bonusgeschenken und eine Riesenrad-Lotterie - alles entwickelt, um einen pr\u00e4zisen Auftragsabgleich und effiziente<\/p>\n<div style=\"width: 1640px;\" class=\"wp-video\"><video class=\"wp-video-shortcode\" id=\"video-1968-1\" width=\"1640\" height=\"980\" preload=\"metadata\" controls=\"controls\"><source type=\"video\/mp4\" src=\"http:\/\/sharewalker.com\/wp-content\/uploads\/2025\/03\/202407281722174317250586.mp4?_=1\" \/><a href=\"http:\/\/sharewalker.com\/wp-content\/uploads\/2025\/03\/202407281722174317250586.mp4\">http:\/\/sharewalker.com\/wp-content\/uploads\/2025\/03\/202407281722174317250586.mp4<\/a><\/video><\/div>\n<p><img fetchpriority=\"high\" decoding=\"async\" class=\"aligncenter size-full wp-image-1971\" src=\"http:\/\/sharewalker.com\/wp-content\/uploads\/2025\/03\/10002.jpg\" alt=\"\" width=\"404\" height=\"803\" srcset=\"https:\/\/sharewalker.com\/wp-content\/uploads\/2025\/03\/10002.jpg 404w, https:\/\/sharewalker.com\/wp-content\/uploads\/2025\/03\/10002-300x596.jpg 300w, https:\/\/sharewalker.com\/wp-content\/uploads\/2025\/03\/10002-151x300.jpg 151w\" sizes=\"(max-width: 404px) 100vw, 404px\" \/> <img decoding=\"async\" class=\"aligncenter size-full wp-image-1974\" src=\"http:\/\/sharewalker.com\/wp-content\/uploads\/2025\/03\/10005.jpg\" alt=\"\" width=\"399\" height=\"800\" srcset=\"https:\/\/sharewalker.com\/wp-content\/uploads\/2025\/03\/10005.jpg 399w, https:\/\/sharewalker.com\/wp-content\/uploads\/2025\/03\/10005-300x602.jpg 300w, https:\/\/sharewalker.com\/wp-content\/uploads\/2025\/03\/10005-150x300.jpg 150w\" sizes=\"(max-width: 399px) 100vw, 399px\" \/> <img decoding=\"async\" class=\"aligncenter size-full wp-image-1973\" src=\"http:\/\/sharewalker.com\/wp-content\/uploads\/2025\/03\/10004.jpg\" alt=\"\" width=\"400\" height=\"799\" srcset=\"https:\/\/sharewalker.com\/wp-content\/uploads\/2025\/03\/10004.jpg 400w, https:\/\/sharewalker.com\/wp-content\/uploads\/2025\/03\/10004-300x599.jpg 300w, https:\/\/sharewalker.com\/wp-content\/uploads\/2025\/03\/10004-150x300.jpg 150w\" sizes=\"(max-width: 400px) 100vw, 400px\" \/> <img loading=\"lazy\" decoding=\"async\" class=\"aligncenter size-full wp-image-1972\" src=\"http:\/\/sharewalker.com\/wp-content\/uploads\/2025\/03\/10003.jpg\" alt=\"\" width=\"402\" height=\"801\" srcset=\"https:\/\/sharewalker.com\/wp-content\/uploads\/2025\/03\/10003.jpg 402w, https:\/\/sharewalker.com\/wp-content\/uploads\/2025\/03\/10003-300x598.jpg 300w, https:\/\/sharewalker.com\/wp-content\/uploads\/2025\/03\/10003-151x300.jpg 151w\" sizes=\"(max-width: 402px) 100vw, 402px\" \/> <img loading=\"lazy\" decoding=\"async\" class=\"aligncenter size-full wp-image-1976\" src=\"http:\/\/sharewalker.com\/wp-content\/uploads\/2025\/03\/10007.jpg\" alt=\"\" width=\"400\" height=\"800\" srcset=\"https:\/\/sharewalker.com\/wp-content\/uploads\/2025\/03\/10007.jpg 400w, https:\/\/sharewalker.com\/wp-content\/uploads\/2025\/03\/10007-300x600.jpg 300w, https:\/\/sharewalker.com\/wp-content\/uploads\/2025\/03\/10007-150x300.jpg 150w\" sizes=\"(max-width: 400px) 100vw, 400px\" \/> <img loading=\"lazy\" decoding=\"async\" class=\"aligncenter size-full wp-image-1975\" src=\"http:\/\/sharewalker.com\/wp-content\/uploads\/2025\/03\/10006.jpg\" alt=\"\" width=\"400\" height=\"797\" srcset=\"https:\/\/sharewalker.com\/wp-content\/uploads\/2025\/03\/10006.jpg 400w, https:\/\/sharewalker.com\/wp-content\/uploads\/2025\/03\/10006-300x598.jpg 300w, https:\/\/sharewalker.com\/wp-content\/uploads\/2025\/03\/10006-151x300.jpg 151w\" sizes=\"(max-width: 400px) 100vw, 400px\" \/> <img loading=\"lazy\" decoding=\"async\" class=\"aligncenter size-full wp-image-1978\" src=\"http:\/\/sharewalker.com\/wp-content\/uploads\/2025\/03\/10009.jpg\" alt=\"\" width=\"402\" height=\"800\" srcset=\"https:\/\/sharewalker.com\/wp-content\/uploads\/2025\/03\/10009.jpg 402w, https:\/\/sharewalker.com\/wp-content\/uploads\/2025\/03\/10009-300x597.jpg 300w, https:\/\/sharewalker.com\/wp-content\/uploads\/2025\/03\/10009-151x300.jpg 151w\" sizes=\"(max-width: 402px) 100vw, 402px\" \/> <img loading=\"lazy\" decoding=\"async\" class=\"aligncenter size-full wp-image-1979\" src=\"http:\/\/sharewalker.com\/wp-content\/uploads\/2025\/03\/10010.jpg\" alt=\"\" width=\"403\" height=\"797\" srcset=\"https:\/\/sharewalker.com\/wp-content\/uploads\/2025\/03\/10010.jpg 403w, https:\/\/sharewalker.com\/wp-content\/uploads\/2025\/03\/10010-300x593.jpg 300w, https:\/\/sharewalker.com\/wp-content\/uploads\/2025\/03\/10010-152x300.jpg 152w\" sizes=\"(max-width: 403px) 100vw, 403px\" \/> <img loading=\"lazy\" decoding=\"async\" class=\"aligncenter size-full wp-image-1977\" src=\"http:\/\/sharewalker.com\/wp-content\/uploads\/2025\/03\/10008.jpg\" alt=\"\" width=\"402\" height=\"801\" srcset=\"https:\/\/sharewalker.com\/wp-content\/uploads\/2025\/03\/10008.jpg 402w, https:\/\/sharewalker.com\/wp-content\/uploads\/2025\/03\/10008-300x598.jpg 300w, https:\/\/sharewalker.com\/wp-content\/uploads\/2025\/03\/10008-151x300.jpg 151w\" sizes=\"(max-width: 402px) 100vw, 402px\" \/> <img loading=\"lazy\" decoding=\"async\" class=\"aligncenter size-full wp-image-1980\" src=\"http:\/\/sharewalker.com\/wp-content\/uploads\/2025\/03\/10011.jpg\" alt=\"\" width=\"401\" height=\"803\" srcset=\"https:\/\/sharewalker.com\/wp-content\/uploads\/2025\/03\/10011.jpg 401w, https:\/\/sharewalker.com\/wp-content\/uploads\/2025\/03\/10011-300x601.jpg 300w, https:\/\/sharewalker.com\/wp-content\/uploads\/2025\/03\/10011-150x300.jpg 150w\" sizes=\"(max-width: 401px) 100vw, 401px\" \/> <img loading=\"lazy\" decoding=\"async\" class=\"aligncenter size-full wp-image-1981\" src=\"http:\/\/sharewalker.com\/wp-content\/uploads\/2025\/03\/10012.jpg\" alt=\"\" width=\"400\" height=\"805\" srcset=\"https:\/\/sharewalker.com\/wp-content\/uploads\/2025\/03\/10012.jpg 400w, https:\/\/sharewalker.com\/wp-content\/uploads\/2025\/03\/10012-300x604.jpg 300w, https:\/\/sharewalker.com\/wp-content\/uploads\/2025\/03\/10012-149x300.jpg 149w\" sizes=\"(max-width: 400px) 100vw, 400px\" \/> <img loading=\"lazy\" decoding=\"async\" class=\"aligncenter size-full wp-image-1982\" src=\"http:\/\/sharewalker.com\/wp-content\/uploads\/2025\/03\/10013.jpg\" alt=\"\" width=\"399\" height=\"808\" srcset=\"https:\/\/sharewalker.com\/wp-content\/uploads\/2025\/03\/10013.jpg 399w, https:\/\/sharewalker.com\/wp-content\/uploads\/2025\/03\/10013-300x608.jpg 300w, https:\/\/sharewalker.com\/wp-content\/uploads\/2025\/03\/10013-148x300.jpg 148w\" sizes=\"(max-width: 399px) 100vw, 399px\" \/> <img loading=\"lazy\" decoding=\"async\" class=\"aligncenter size-full wp-image-1983\" src=\"http:\/\/sharewalker.com\/wp-content\/uploads\/2025\/03\/10014.jpg\" alt=\"\" width=\"400\" height=\"798\" srcset=\"https:\/\/sharewalker.com\/wp-content\/uploads\/2025\/03\/10014.jpg 400w, https:\/\/sharewalker.com\/wp-content\/uploads\/2025\/03\/10014-300x599.jpg 300w, https:\/\/sharewalker.com\/wp-content\/uploads\/2025\/03\/10014-150x300.jpg 150w\" sizes=\"(max-width: 400px) 100vw, 400px\" \/><\/p>\n<p>&nbsp;<\/p>\n<div id=\"gtx-trans\" style=\"position: absolute; left: 1053px; top: 151px;\">\n<div class=\"gtx-trans-icon\"><\/div>\n<\/div>","protected":false},"excerpt":{"rendered":"<p>Unser System wurde f\u00fcr den globalen Markt entwickelt und verf\u00fcgt \u00fcber eine brandneue, individuell gestaltete Benutzeroberfl\u00e4che, die sowohl eine au\u00dfergew\u00f6hnliche Benutzerfreundlichkeit als auch eine hochmoderne visuelle Attraktivit\u00e4t gew\u00e4hrleistet. Durch die Unterst\u00fctzung mehrerer Sprachen l\u00e4sst sich der Quellcode nahtlos an europ\u00e4ische, amerikanische, asiatische und andere Regionen anpassen. Die robuste Funktionalit\u00e4t des Systems umfasst eine spezielle Backend-Verwaltung f\u00fcr Agenten, eine pr\u00e4zise geplante Auftragserteilung, eine automatische Auftragsannahme, eine zinsbringende Bonusberechnung, VIP-Upgrade-Belohnungen und eine anregende Riesenrad-Lotterie zur Steigerung der Benutzerbindung. Dieses umfassende Funktionspaket bietet eine umfassende Auftragsabstimmung und Marketingunterst\u00fctzung, die es Unternehmen erm\u00f6glicht, ihre Auslandsaktivit\u00e4ten schnell auszuweiten und gleichzeitig eine hohe betriebliche Effizienz sicherzustellen.<\/p>","protected":false},"featured_media":1970,"comment_status":"open","ping_status":"closed","template":"","meta":{"_uag_custom_page_level_css":"","site-sidebar-layout":"default","site-content-layout":"","ast-site-content-layout":"default","site-content-style":"default","site-sidebar-style":"default","ast-global-header-display":"","ast-banner-title-visibility":"","ast-main-header-display":"","ast-hfb-above-header-display":"","ast-hfb-below-header-display":"","ast-hfb-mobile-header-display":"","site-post-title":"","ast-breadcrumbs-content":"","ast-featured-img":"","footer-sml-layout":"","theme-transparent-header-meta":"disabled","adv-header-id-meta":"","stick-header-meta":"","header-above-stick-meta":"","header-main-stick-meta":"","header-below-stick-meta":"","astra-migrate-meta-layouts":"set","ast-page-background-enabled":"default","ast-page-background-meta":{"desktop":{"background-color":"var(--ast-global-color-4)","background-image":"","background-repeat":"repeat","background-position":"center center","background-size":"auto","background-attachment":"scroll","background-type":"","background-media":"","overlay-type":"","overlay-color":"","overlay-opacity":"","overlay-gradient":""},"tablet":{"background-color":"","background-image":"","background-repeat":"repeat","background-position":"center center","background-size":"auto","background-attachment":"scroll","background-type":"","background-media":"","overlay-type":"","overlay-color":"","overlay-opacity":"","overlay-gradient":""},"mobile":{"background-color":"","background-image":"","background-repeat":"repeat","background-position":"center center","background-size":"auto","background-attachment":"scroll","background-type":"","background-media":"","overlay-type":"","overlay-color":"","overlay-opacity":"","overlay-gradient":""}},"ast-content-background-meta":{"desktop":{"background-color":"var(--ast-global-color-5)","background-image":"","background-repeat":"repeat","background-position":"center center","background-size":"auto","background-attachment":"scroll","background-type":"","background-media":"","overlay-type":"","overlay-color":"","overlay-opacity":"","overlay-gradient":""},"tablet":{"background-color":"var(--ast-global-color-5)","background-image":"","background-repeat":"repeat","background-position":"center center","background-size":"auto","background-attachment":"scroll","background-type":"","background-media":"","overlay-type":"","overlay-color":"","overlay-opacity":"","overlay-gradient":""},"mobile":{"background-color":"var(--ast-global-color-5)","background-image":"","background-repeat":"repeat","background-position":"center center","background-size":"auto","background-attachment":"scroll","background-type":"","background-media":"","overlay-type":"","overlay-color":"","overlay-opacity":"","overlay-gradient":""}}},"product_brand":[],"product_cat":[59],"product_tag":[69,67,72,74,64,70,66,65,71,73,68],"class_list":{"0":"post-1968","1":"product","2":"type-product","3":"status-publish","4":"has-post-thumbnail","6":"product_cat-order-sniping-order-manipulation","7":"product_tag-agent-backend","8":"product_tag-big-wheel-lottery","9":"product_tag-customized-ui","10":"product_tag-marketing-system","11":"product_tag-multi-language","12":"product_tag-order-auto-matching","13":"product_tag-order-boosting-source-code","14":"product_tag-overseas-order-snatching","15":"product_tag-scheduled-order-placement","16":"product_tag-vip-upgrade","17":"product_tag-yu-li-bao","18":"desktop-align-left","19":"tablet-align-left","20":"mobile-align-left","22":"first","23":"instock","24":"shipping-taxable","25":"product-type-simple"},"uagb_featured_image_src":{"full":["https:\/\/sharewalker.com\/wp-content\/uploads\/2025\/03\/10001-e1742651435307.jpg",400,400,false],"thumbnail":["https:\/\/sharewalker.com\/wp-content\/uploads\/2025\/03\/10001-e1742651435307-150x150.jpg",150,150,true],"medium":["https:\/\/sharewalker.com\/wp-content\/uploads\/2025\/03\/10001-e1742651435307-300x300.jpg",300,300,true],"medium_large":["https:\/\/sharewalker.com\/wp-content\/uploads\/2025\/03\/10001-e1742651435307.jpg",400,400,false],"large":["https:\/\/sharewalker.com\/wp-content\/uploads\/2025\/03\/10001-e1742651435307.jpg",400,400,false],"1536x1536":["https:\/\/sharewalker.com\/wp-content\/uploads\/2025\/03\/10001-e1742651435307.jpg",400,400,false],"2048x2048":["https:\/\/sharewalker.com\/wp-content\/uploads\/2025\/03\/10001-e1742651435307.jpg",400,400,false],"trp-custom-language-flag":["https:\/\/sharewalker.com\/wp-content\/uploads\/2025\/03\/10001-e1742651435307.jpg",12,12,false],"woocommerce_thumbnail":["https:\/\/sharewalker.com\/wp-content\/uploads\/2025\/03\/10001-e1742651435307-300x300.jpg",300,300,true],"woocommerce_single":["https:\/\/sharewalker.com\/wp-content\/uploads\/2025\/03\/10001-e1742651435307-300x300.jpg",300,300,true],"woocommerce_gallery_thumbnail":["https:\/\/sharewalker.com\/wp-content\/uploads\/2025\/03\/10001-e1742651435307-100x100.jpg",100,100,true]},"uagb_author_info":{"display_name":"admin","author_link":"https:\/\/sharewalker.com\/de\/author\/"},"uagb_comment_info":1,"uagb_excerpt":"Our system is engineered for the global market, featuring a brand-new, custom-designed front-end UI that ensures both an exceptional user experience and cutting-edge visual appeal. With multi-language support, the source code seamlessly adapts to European, American, Asian, and other regions. The system\u2019s robust functionality covers dedicated agent backend management, precise scheduled order placement, automated order&hellip;","_links":{"self":[{"href":"https:\/\/sharewalker.com\/de\/wp-json\/wp\/v2\/product\/1968","targetHints":{"allow":["GET"]}}],"collection":[{"href":"https:\/\/sharewalker.com\/de\/wp-json\/wp\/v2\/product"}],"about":[{"href":"https:\/\/sharewalker.com\/de\/wp-json\/wp\/v2\/types\/product"}],"replies":[{"embeddable":true,"href":"https:\/\/sharewalker.com\/de\/wp-json\/wp\/v2\/comments?post=1968"}],"version-history":[{"count":0,"href":"https:\/\/sharewalker.com\/de\/wp-json\/wp\/v2\/product\/1968\/revisions"}],"wp:featuredmedia":[{"embeddable":true,"href":"https:\/\/sharewalker.com\/de\/wp-json\/wp\/v2\/media\/1970"}],"wp:attachment":[{"href":"https:\/\/sharewalker.com\/de\/wp-json\/wp\/v2\/media?parent=1968"}],"wp:term":[{"taxonomy":"product_brand","embeddable":true,"href":"https:\/\/sharewalker.com\/de\/wp-json\/wp\/v2\/product_brand?post=1968"},{"taxonomy":"product_cat","embeddable":true,"href":"https:\/\/sharewalker.com\/de\/wp-json\/wp\/v2\/product_cat?post=1968"},{"taxonomy":"product_tag","embeddable":true,"href":"https:\/\/sharewalker.com\/de\/wp-json\/wp\/v2\/product_tag?post=1968"}],"curies":[{"name":"wp","href":"https:\/\/api.w.org\/{rel}","templated":true}]}}