{"id":2116,"date":"2025-03-24T16:33:55","date_gmt":"2025-03-24T08:33:55","guid":{"rendered":"https:\/\/sharewalker.com\/?post_type=product&#038;p=2116"},"modified":"2025-03-24T16:33:55","modified_gmt":"2025-03-24T08:33:55","slug":"overseas-multi-language-order-grabbing-mall-multi-language-overseas-order-grabbing-source-code-injection-group-overlay-automatic-order-matching-system","status":"publish","type":"product","link":"https:\/\/sharewalker.com\/de\/produkt\/ubersee-mehrsprachige-auftragserfassung-einkaufszentrum-mehrsprachige-uberseeische-auftragserfassung-quellcode-injektionsgruppe-overlay-automatisches-auftragsabgleichssystem\/","title":{"rendered":"Mehrsprachige \u00dcbersee-Auftragsannahme Mall | Mehrsprachige \u00dcbersee-Auftragsannahme Quellcode | Injektion | Gruppen-Overlay | Automatisches Order-Matching-System"},"content":{"rendered":"<p>Wir haben ein funktionsreiches, mehrsprachiges Auftragserfassungs- und B\u00fcrstensystem f\u00fcr \u00dcbersee auf den Markt gebracht, das Benutzern weltweit eine effiziente und flexible Auftragsverwaltung erm\u00f6glicht. Das System unterst\u00fctzt mehrere Sprachumschaltungen, um Benutzern verschiedener Sprachen gerecht zu werden.<\/p>\n<p>Wesentliche Merkmale:<\/p>\n<p>Injektionsfunktion: Das System bietet Injektionsfunktionen, um den Ablauf der Auftragsabwicklung zu optimieren.<\/p>\n<p>Gruppen-Overlay-Verwaltung: Unterst\u00fctzt Gruppen-Overlay-Einstellungen f\u00fcr die bequeme Verwaltung von Benutzergruppen.<\/p>\n<p>Kontostand-Schatz: Bietet die Funktion des Kontostand-Schatzes, um die Benutzer bei der Verwaltung ihrer Gelder zu unterst\u00fctzen.<\/p>\n<p>USDT-Aufladung: Unterst\u00fctzt USDT Top-Up f\u00fcr bequeme digitale W\u00e4hrungstransaktionen.<\/p>\n<p>Berechtigungsbasiertes Agenten-Backend: Ausgestattet mit einem berechtigungsbasierten Agenten-Backend, um die Verwaltungsanforderungen von Benutzern mit unterschiedlichen Berechtigungen zu erf\u00fcllen.<\/p>\n<p>Au\u00dferdem unterst\u00fctzt das System den automatischen Abgleich von Bestellungen, um die betriebliche Effizienz zu steigern. Wir sind bestrebt, den Nutzern ein stabiles, sicheres und bequemes System zur Verf\u00fcgung zu stellen, um die Expansion ihres Unternehmens zu unterst\u00fctzen.<\/p>\n<p><img fetchpriority=\"high\" decoding=\"async\" class=\"aligncenter size-full wp-image-2117\" src=\"https:\/\/sharewalker.com\/wp-content\/uploads\/2025\/03\/10001-4.jpg\" alt=\"\" width=\"516\" height=\"300\" \/> <img decoding=\"async\" class=\"aligncenter size-full wp-image-2118\" src=\"https:\/\/sharewalker.com\/wp-content\/uploads\/2025\/03\/10002-5.png\" alt=\"\" width=\"400\" height=\"696\" srcset=\"https:\/\/sharewalker.com\/wp-content\/uploads\/2025\/03\/10002-5.png 400w, https:\/\/sharewalker.com\/wp-content\/uploads\/2025\/03\/10002-5-300x522.png 300w, https:\/\/sharewalker.com\/wp-content\/uploads\/2025\/03\/10002-5-172x300.png 172w\" sizes=\"(max-width: 400px) 100vw, 400px\" \/> <img decoding=\"async\" class=\"aligncenter size-full wp-image-2119\" src=\"https:\/\/sharewalker.com\/wp-content\/uploads\/2025\/03\/10003-4.png\" alt=\"\" width=\"397\" height=\"693\" srcset=\"https:\/\/sharewalker.com\/wp-content\/uploads\/2025\/03\/10003-4.png 397w, https:\/\/sharewalker.com\/wp-content\/uploads\/2025\/03\/10003-4-300x524.png 300w, https:\/\/sharewalker.com\/wp-content\/uploads\/2025\/03\/10003-4-172x300.png 172w\" sizes=\"(max-width: 397px) 100vw, 397px\" \/> <img loading=\"lazy\" decoding=\"async\" class=\"aligncenter size-full wp-image-2120\" src=\"https:\/\/sharewalker.com\/wp-content\/uploads\/2025\/03\/10004-5.png\" alt=\"\" width=\"402\" height=\"697\" srcset=\"https:\/\/sharewalker.com\/wp-content\/uploads\/2025\/03\/10004-5.png 402w, https:\/\/sharewalker.com\/wp-content\/uploads\/2025\/03\/10004-5-300x520.png 300w, https:\/\/sharewalker.com\/wp-content\/uploads\/2025\/03\/10004-5-173x300.png 173w\" sizes=\"(max-width: 402px) 100vw, 402px\" \/> <img loading=\"lazy\" decoding=\"async\" class=\"aligncenter size-full wp-image-2121\" src=\"https:\/\/sharewalker.com\/wp-content\/uploads\/2025\/03\/10005-5.png\" alt=\"\" width=\"398\" height=\"695\" srcset=\"https:\/\/sharewalker.com\/wp-content\/uploads\/2025\/03\/10005-5.png 398w, https:\/\/sharewalker.com\/wp-content\/uploads\/2025\/03\/10005-5-300x524.png 300w, https:\/\/sharewalker.com\/wp-content\/uploads\/2025\/03\/10005-5-172x300.png 172w\" sizes=\"(max-width: 398px) 100vw, 398px\" \/> <img loading=\"lazy\" decoding=\"async\" class=\"aligncenter size-full wp-image-2122\" src=\"https:\/\/sharewalker.com\/wp-content\/uploads\/2025\/03\/10006-6.png\" alt=\"\" width=\"396\" height=\"695\" srcset=\"https:\/\/sharewalker.com\/wp-content\/uploads\/2025\/03\/10006-6.png 396w, https:\/\/sharewalker.com\/wp-content\/uploads\/2025\/03\/10006-6-300x527.png 300w, https:\/\/sharewalker.com\/wp-content\/uploads\/2025\/03\/10006-6-171x300.png 171w\" sizes=\"(max-width: 396px) 100vw, 396px\" \/> <img loading=\"lazy\" decoding=\"async\" class=\"aligncenter size-full wp-image-2123\" src=\"https:\/\/sharewalker.com\/wp-content\/uploads\/2025\/03\/10007-7.png\" alt=\"\" width=\"398\" height=\"696\" srcset=\"https:\/\/sharewalker.com\/wp-content\/uploads\/2025\/03\/10007-7.png 398w, https:\/\/sharewalker.com\/wp-content\/uploads\/2025\/03\/10007-7-300x525.png 300w, https:\/\/sharewalker.com\/wp-content\/uploads\/2025\/03\/10007-7-172x300.png 172w\" sizes=\"(max-width: 398px) 100vw, 398px\" \/> <img loading=\"lazy\" decoding=\"async\" class=\"aligncenter size-full wp-image-2124\" src=\"https:\/\/sharewalker.com\/wp-content\/uploads\/2025\/03\/10008-5.png\" alt=\"\" width=\"397\" height=\"696\" srcset=\"https:\/\/sharewalker.com\/wp-content\/uploads\/2025\/03\/10008-5.png 397w, https:\/\/sharewalker.com\/wp-content\/uploads\/2025\/03\/10008-5-300x526.png 300w, https:\/\/sharewalker.com\/wp-content\/uploads\/2025\/03\/10008-5-171x300.png 171w\" sizes=\"(max-width: 397px) 100vw, 397px\" \/> <img loading=\"lazy\" decoding=\"async\" class=\"aligncenter size-full wp-image-2125\" src=\"https:\/\/sharewalker.com\/wp-content\/uploads\/2025\/03\/10009-5.png\" alt=\"\" width=\"397\" height=\"698\" srcset=\"https:\/\/sharewalker.com\/wp-content\/uploads\/2025\/03\/10009-5.png 397w, https:\/\/sharewalker.com\/wp-content\/uploads\/2025\/03\/10009-5-300x527.png 300w, https:\/\/sharewalker.com\/wp-content\/uploads\/2025\/03\/10009-5-171x300.png 171w\" sizes=\"(max-width: 397px) 100vw, 397px\" \/> <img loading=\"lazy\" decoding=\"async\" class=\"aligncenter size-full wp-image-2126\" src=\"https:\/\/sharewalker.com\/wp-content\/uploads\/2025\/03\/10010-6.png\" alt=\"\" width=\"396\" height=\"694\" srcset=\"https:\/\/sharewalker.com\/wp-content\/uploads\/2025\/03\/10010-6.png 396w, https:\/\/sharewalker.com\/wp-content\/uploads\/2025\/03\/10010-6-300x526.png 300w, https:\/\/sharewalker.com\/wp-content\/uploads\/2025\/03\/10010-6-171x300.png 171w\" sizes=\"(max-width: 396px) 100vw, 396px\" \/> <img loading=\"lazy\" decoding=\"async\" class=\"aligncenter size-full wp-image-2127\" src=\"https:\/\/sharewalker.com\/wp-content\/uploads\/2025\/03\/10011-4.png\" alt=\"\" width=\"398\" height=\"693\" srcset=\"https:\/\/sharewalker.com\/wp-content\/uploads\/2025\/03\/10011-4.png 398w, https:\/\/sharewalker.com\/wp-content\/uploads\/2025\/03\/10011-4-300x522.png 300w, https:\/\/sharewalker.com\/wp-content\/uploads\/2025\/03\/10011-4-172x300.png 172w\" sizes=\"(max-width: 398px) 100vw, 398px\" \/> <img loading=\"lazy\" decoding=\"async\" class=\"aligncenter size-full wp-image-2128\" src=\"https:\/\/sharewalker.com\/wp-content\/uploads\/2025\/03\/10012-4.png\" alt=\"\" width=\"398\" height=\"697\" srcset=\"https:\/\/sharewalker.com\/wp-content\/uploads\/2025\/03\/10012-4.png 398w, https:\/\/sharewalker.com\/wp-content\/uploads\/2025\/03\/10012-4-300x525.png 300w, https:\/\/sharewalker.com\/wp-content\/uploads\/2025\/03\/10012-4-171x300.png 171w\" sizes=\"(max-width: 398px) 100vw, 398px\" \/> <img loading=\"lazy\" decoding=\"async\" class=\"aligncenter size-full wp-image-2129\" src=\"https:\/\/sharewalker.com\/wp-content\/uploads\/2025\/03\/10013-3.png\" alt=\"\" width=\"399\" height=\"696\" srcset=\"https:\/\/sharewalker.com\/wp-content\/uploads\/2025\/03\/10013-3.png 399w, https:\/\/sharewalker.com\/wp-content\/uploads\/2025\/03\/10013-3-300x523.png 300w, https:\/\/sharewalker.com\/wp-content\/uploads\/2025\/03\/10013-3-172x300.png 172w\" sizes=\"(max-width: 399px) 100vw, 399px\" \/> <img loading=\"lazy\" decoding=\"async\" class=\"aligncenter size-full wp-image-2130\" src=\"https:\/\/sharewalker.com\/wp-content\/uploads\/2025\/03\/10014-2.png\" alt=\"\" width=\"395\" height=\"693\" srcset=\"https:\/\/sharewalker.com\/wp-content\/uploads\/2025\/03\/10014-2.png 395w, https:\/\/sharewalker.com\/wp-content\/uploads\/2025\/03\/10014-2-300x526.png 300w, https:\/\/sharewalker.com\/wp-content\/uploads\/2025\/03\/10014-2-171x300.png 171w\" sizes=\"(max-width: 395px) 100vw, 395px\" \/> <img loading=\"lazy\" decoding=\"async\" class=\"aligncenter size-full wp-image-2131\" src=\"https:\/\/sharewalker.com\/wp-content\/uploads\/2025\/03\/10015-1.png\" alt=\"\" width=\"398\" height=\"697\" srcset=\"https:\/\/sharewalker.com\/wp-content\/uploads\/2025\/03\/10015-1.png 398w, https:\/\/sharewalker.com\/wp-content\/uploads\/2025\/03\/10015-1-300x525.png 300w, https:\/\/sharewalker.com\/wp-content\/uploads\/2025\/03\/10015-1-171x300.png 171w\" sizes=\"(max-width: 398px) 100vw, 398px\" \/> <img loading=\"lazy\" decoding=\"async\" class=\"aligncenter size-full wp-image-2132\" src=\"https:\/\/sharewalker.com\/wp-content\/uploads\/2025\/03\/10016-1.png\" alt=\"\" width=\"1437\" height=\"776\" srcset=\"https:\/\/sharewalker.com\/wp-content\/uploads\/2025\/03\/10016-1.png 1437w, https:\/\/sharewalker.com\/wp-content\/uploads\/2025\/03\/10016-1-300x162.png 300w, https:\/\/sharewalker.com\/wp-content\/uploads\/2025\/03\/10016-1-1024x553.png 1024w, https:\/\/sharewalker.com\/wp-content\/uploads\/2025\/03\/10016-1-768x415.png 768w\" sizes=\"(max-width: 1437px) 100vw, 1437px\" \/> <img loading=\"lazy\" decoding=\"async\" class=\"aligncenter size-full wp-image-2133\" src=\"https:\/\/sharewalker.com\/wp-content\/uploads\/2025\/03\/10017-1.png\" alt=\"\" width=\"1434\" height=\"773\" srcset=\"https:\/\/sharewalker.com\/wp-content\/uploads\/2025\/03\/10017-1.png 1434w, https:\/\/sharewalker.com\/wp-content\/uploads\/2025\/03\/10017-1-300x162.png 300w, https:\/\/sharewalker.com\/wp-content\/uploads\/2025\/03\/10017-1-1024x552.png 1024w, https:\/\/sharewalker.com\/wp-content\/uploads\/2025\/03\/10017-1-768x414.png 768w\" sizes=\"(max-width: 1434px) 100vw, 1434px\" \/> <img loading=\"lazy\" decoding=\"async\" class=\"aligncenter size-full wp-image-2134\" src=\"https:\/\/sharewalker.com\/wp-content\/uploads\/2025\/03\/10018-1.png\" alt=\"\" width=\"1433\" height=\"776\" srcset=\"https:\/\/sharewalker.com\/wp-content\/uploads\/2025\/03\/10018-1.png 1433w, https:\/\/sharewalker.com\/wp-content\/uploads\/2025\/03\/10018-1-300x162.png 300w, https:\/\/sharewalker.com\/wp-content\/uploads\/2025\/03\/10018-1-1024x555.png 1024w, https:\/\/sharewalker.com\/wp-content\/uploads\/2025\/03\/10018-1-768x416.png 768w\" sizes=\"(max-width: 1433px) 100vw, 1433px\" \/> <img loading=\"lazy\" decoding=\"async\" class=\"aligncenter size-full wp-image-2135\" src=\"https:\/\/sharewalker.com\/wp-content\/uploads\/2025\/03\/10019.png\" alt=\"\" width=\"1439\" height=\"760\" srcset=\"https:\/\/sharewalker.com\/wp-content\/uploads\/2025\/03\/10019.png 1439w, https:\/\/sharewalker.com\/wp-content\/uploads\/2025\/03\/10019-300x158.png 300w, https:\/\/sharewalker.com\/wp-content\/uploads\/2025\/03\/10019-1024x541.png 1024w, https:\/\/sharewalker.com\/wp-content\/uploads\/2025\/03\/10019-768x406.png 768w\" sizes=\"(max-width: 1439px) 100vw, 1439px\" \/> <img loading=\"lazy\" decoding=\"async\" class=\"aligncenter size-full wp-image-2136\" src=\"https:\/\/sharewalker.com\/wp-content\/uploads\/2025\/03\/10020.png\" alt=\"\" width=\"1439\" height=\"758\" srcset=\"https:\/\/sharewalker.com\/wp-content\/uploads\/2025\/03\/10020.png 1439w, https:\/\/sharewalker.com\/wp-content\/uploads\/2025\/03\/10020-300x158.png 300w, https:\/\/sharewalker.com\/wp-content\/uploads\/2025\/03\/10020-1024x539.png 1024w, https:\/\/sharewalker.com\/wp-content\/uploads\/2025\/03\/10020-768x405.png 768w\" sizes=\"(max-width: 1439px) 100vw, 1439px\" \/> <img loading=\"lazy\" decoding=\"async\" class=\"aligncenter size-full wp-image-2137\" src=\"https:\/\/sharewalker.com\/wp-content\/uploads\/2025\/03\/10021.png\" alt=\"\" width=\"1439\" height=\"769\" srcset=\"https:\/\/sharewalker.com\/wp-content\/uploads\/2025\/03\/10021.png 1439w, https:\/\/sharewalker.com\/wp-content\/uploads\/2025\/03\/10021-300x160.png 300w, https:\/\/sharewalker.com\/wp-content\/uploads\/2025\/03\/10021-1024x547.png 1024w, https:\/\/sharewalker.com\/wp-content\/uploads\/2025\/03\/10021-768x410.png 768w\" sizes=\"(max-width: 1439px) 100vw, 1439px\" \/> <img loading=\"lazy\" decoding=\"async\" class=\"aligncenter size-full wp-image-2138\" src=\"https:\/\/sharewalker.com\/wp-content\/uploads\/2025\/03\/10022.png\" alt=\"\" width=\"1439\" height=\"783\" srcset=\"https:\/\/sharewalker.com\/wp-content\/uploads\/2025\/03\/10022.png 1439w, https:\/\/sharewalker.com\/wp-content\/uploads\/2025\/03\/10022-300x163.png 300w, https:\/\/sharewalker.com\/wp-content\/uploads\/2025\/03\/10022-1024x557.png 1024w, https:\/\/sharewalker.com\/wp-content\/uploads\/2025\/03\/10022-768x418.png 768w\" sizes=\"(max-width: 1439px) 100vw, 1439px\" \/> <img loading=\"lazy\" decoding=\"async\" class=\"aligncenter size-full wp-image-2139\" src=\"https:\/\/sharewalker.com\/wp-content\/uploads\/2025\/03\/10023.png\" alt=\"\" width=\"1439\" height=\"772\" srcset=\"https:\/\/sharewalker.com\/wp-content\/uploads\/2025\/03\/10023.png 1439w, https:\/\/sharewalker.com\/wp-content\/uploads\/2025\/03\/10023-300x161.png 300w, https:\/\/sharewalker.com\/wp-content\/uploads\/2025\/03\/10023-1024x549.png 1024w, https:\/\/sharewalker.com\/wp-content\/uploads\/2025\/03\/10023-768x412.png 768w\" sizes=\"(max-width: 1439px) 100vw, 1439px\" \/> <img loading=\"lazy\" decoding=\"async\" class=\"aligncenter size-full wp-image-2140\" src=\"https:\/\/sharewalker.com\/wp-content\/uploads\/2025\/03\/10024.png\" alt=\"\" width=\"1439\" height=\"772\" srcset=\"https:\/\/sharewalker.com\/wp-content\/uploads\/2025\/03\/10024.png 1439w, https:\/\/sharewalker.com\/wp-content\/uploads\/2025\/03\/10024-300x161.png 300w, https:\/\/sharewalker.com\/wp-content\/uploads\/2025\/03\/10024-1024x549.png 1024w, https:\/\/sharewalker.com\/wp-content\/uploads\/2025\/03\/10024-768x412.png 768w\" sizes=\"(max-width: 1439px) 100vw, 1439px\" \/><\/p>","protected":false},"excerpt":{"rendered":"<p>Dieses System unterst\u00fctzt mehrere Sprachen, Funktionen wie Injektion, Gruppen-Overlay, Kontostand und andere Funktionen. Es unterst\u00fctzt das Aufladen von USDT und verf\u00fcgt \u00fcber ein erlaubnisbasiertes Agenten-Backend, um verschiedene operative Anforderungen zu erf\u00fcllen.<\/p>","protected":false},"featured_media":2117,"comment_status":"open","ping_status":"closed","template":"","meta":{"_uag_custom_page_level_css":"","site-sidebar-layout":"default","site-content-layout":"","ast-site-content-layout":"default","site-content-style":"default","site-sidebar-style":"default","ast-global-header-display":"","ast-banner-title-visibility":"","ast-main-header-display":"","ast-hfb-above-header-display":"","ast-hfb-below-header-display":"","ast-hfb-mobile-header-display":"","site-post-title":"","ast-breadcrumbs-content":"","ast-featured-img":"","footer-sml-layout":"","theme-transparent-header-meta":"default","adv-header-id-meta":"","stick-header-meta":"","header-above-stick-meta":"","header-main-stick-meta":"","header-below-stick-meta":"","astra-migrate-meta-layouts":"set","ast-page-background-enabled":"default","ast-page-background-meta":{"desktop":{"background-color":"var(--ast-global-color-4)","background-image":"","background-repeat":"repeat","background-position":"center center","background-size":"auto","background-attachment":"scroll","background-type":"","background-media":"","overlay-type":"","overlay-color":"","overlay-opacity":"","overlay-gradient":""},"tablet":{"background-color":"","background-image":"","background-repeat":"repeat","background-position":"center center","background-size":"auto","background-attachment":"scroll","background-type":"","background-media":"","overlay-type":"","overlay-color":"","overlay-opacity":"","overlay-gradient":""},"mobile":{"background-color":"","background-image":"","background-repeat":"repeat","background-position":"center center","background-size":"auto","background-attachment":"scroll","background-type":"","background-media":"","overlay-type":"","overlay-color":"","overlay-opacity":"","overlay-gradient":""}},"ast-content-background-meta":{"desktop":{"background-color":"var(--ast-global-color-5)","background-image":"","background-repeat":"repeat","background-position":"center center","background-size":"auto","background-attachment":"scroll","background-type":"","background-media":"","overlay-type":"","overlay-color":"","overlay-opacity":"","overlay-gradient":""},"tablet":{"background-color":"var(--ast-global-color-5)","background-image":"","background-repeat":"repeat","background-position":"center center","background-size":"auto","background-attachment":"scroll","background-type":"","background-media":"","overlay-type":"","overlay-color":"","overlay-opacity":"","overlay-gradient":""},"mobile":{"background-color":"var(--ast-global-color-5)","background-image":"","background-repeat":"repeat","background-position":"center center","background-size":"auto","background-attachment":"scroll","background-type":"","background-media":"","overlay-type":"","overlay-color":"","overlay-opacity":"","overlay-gradient":""}}},"product_brand":[],"product_cat":[59],"product_tag":[126,125,124,128,127,90,123,120],"class_list":{"0":"post-2116","1":"product","2":"type-product","3":"status-publish","4":"has-post-thumbnail","6":"product_cat-order-sniping-order-manipulation","7":"product_tag-balance-treasure","8":"product_tag-group-overlay-management","9":"product_tag-order-grabbing-and-brushing-system","10":"product_tag-permission-based-agent-backend","11":"product_tag-usdt-top-up","12":"product_tag-automatic-order-matching","13":"product_tag-overseas-multi-language-system","14":"product_tag-system-customization","15":"desktop-align-left","16":"tablet-align-left","17":"mobile-align-left","19":"first","20":"instock","21":"shipping-taxable","22":"product-type-simple"},"uagb_featured_image_src":{"full":["https:\/\/sharewalker.com\/wp-content\/uploads\/2025\/03\/10001-4-e1742805215660.jpg",300,300,false],"thumbnail":["https:\/\/sharewalker.com\/wp-content\/uploads\/2025\/03\/10001-4-e1742805215660-150x150.jpg",150,150,true],"medium":["https:\/\/sharewalker.com\/wp-content\/uploads\/2025\/03\/10001-4-300x174.jpg",300,174,true],"medium_large":["https:\/\/sharewalker.com\/wp-content\/uploads\/2025\/03\/10001-4-e1742805215660.jpg",300,300,false],"large":["https:\/\/sharewalker.com\/wp-content\/uploads\/2025\/03\/10001-4-e1742805215660.jpg",300,300,false],"1536x1536":["https:\/\/sharewalker.com\/wp-content\/uploads\/2025\/03\/10001-4-e1742805215660.jpg",300,300,false],"2048x2048":["https:\/\/sharewalker.com\/wp-content\/uploads\/2025\/03\/10001-4-e1742805215660.jpg",300,300,false],"trp-custom-language-flag":["https:\/\/sharewalker.com\/wp-content\/uploads\/2025\/03\/10001-4-e1742805215660.jpg",12,12,false],"woocommerce_thumbnail":["https:\/\/sharewalker.com\/wp-content\/uploads\/2025\/03\/10001-4-300x300.jpg",300,300,true],"woocommerce_single":["https:\/\/sharewalker.com\/wp-content\/uploads\/2025\/03\/10001-4-e1742805215660.jpg",300,300,false],"woocommerce_gallery_thumbnail":["https:\/\/sharewalker.com\/wp-content\/uploads\/2025\/03\/10001-4-e1742805215660-100x100.jpg",100,100,true]},"uagb_author_info":{"display_name":"admin","author_link":"https:\/\/sharewalker.com\/de\/author\/"},"uagb_comment_info":0,"uagb_excerpt":"This system supports multiple languages, features injection, group overlay, balance treasure, and other functionalities. It supports USDT top-up and comes with a permission-based agent backend to meet diverse operational needs.\u200b","_links":{"self":[{"href":"https:\/\/sharewalker.com\/de\/wp-json\/wp\/v2\/product\/2116","targetHints":{"allow":["GET"]}}],"collection":[{"href":"https:\/\/sharewalker.com\/de\/wp-json\/wp\/v2\/product"}],"about":[{"href":"https:\/\/sharewalker.com\/de\/wp-json\/wp\/v2\/types\/product"}],"replies":[{"embeddable":true,"href":"https:\/\/sharewalker.com\/de\/wp-json\/wp\/v2\/comments?post=2116"}],"version-history":[{"count":0,"href":"https:\/\/sharewalker.com\/de\/wp-json\/wp\/v2\/product\/2116\/revisions"}],"wp:featuredmedia":[{"embeddable":true,"href":"https:\/\/sharewalker.com\/de\/wp-json\/wp\/v2\/media\/2117"}],"wp:attachment":[{"href":"https:\/\/sharewalker.com\/de\/wp-json\/wp\/v2\/media?parent=2116"}],"wp:term":[{"taxonomy":"product_brand","embeddable":true,"href":"https:\/\/sharewalker.com\/de\/wp-json\/wp\/v2\/product_brand?post=2116"},{"taxonomy":"product_cat","embeddable":true,"href":"https:\/\/sharewalker.com\/de\/wp-json\/wp\/v2\/product_cat?post=2116"},{"taxonomy":"product_tag","embeddable":true,"href":"https:\/\/sharewalker.com\/de\/wp-json\/wp\/v2\/product_tag?post=2116"}],"curies":[{"name":"wp","href":"https:\/\/api.w.org\/{rel}","templated":true}]}}