{"id":2141,"date":"2025-03-24T16:40:13","date_gmt":"2025-03-24T08:40:13","guid":{"rendered":"https:\/\/sharewalker.com\/?post_type=product&#038;p=2141"},"modified":"2025-03-24T16:40:13","modified_gmt":"2025-03-24T08:40:13","slug":"second-development-version-overseas-order-grabbing-system-order-grabbing-and-brushing-system-group-linked-order-control-automatic-order-matching","status":"publish","type":"product","link":"https:\/\/sharewalker.com\/de\/produkt\/zweite-entwicklungsversion-ubersee-auftragserfassungssystem-auftragserfassungs-und-burstensystem-gruppengebundene-auftragssteuerung-automatischer-auftragsabgleich\/","title":{"rendered":"Zweite Entwicklungsversion \u00dcbersee-Auftragserfassungssystem | Auftragserfassungs- und B\u00fcrstensystem | gruppengebundene Auftragssteuerung | automatischer Auftragsabgleich"},"content":{"rendered":"<p>Wir haben ein System zur Erfassung von Auftr\u00e4gen aus \u00dcbersee eingef\u00fchrt, das im Rahmen einer sekund\u00e4ren Entwicklung entwickelt wurde und den Nutzern weltweit ein effizientes und flexibles Auftragsmanagement bieten soll. das System unterst\u00fctzt verschiedene Funktionen, darunter die Kontrolle von gruppenverkn\u00fcpften Auftr\u00e4gen, die Erstellung von Onboarding-Bildern und die Bearbeitung von Auftr\u00e4gen zur Erneuerung oder Freigabe, und erf\u00fcllt damit die unterschiedlichsten Gesch\u00e4ftsanforderungen.<\/p>\n<p>Wesentliche Merkmale:<\/p>\n<p>Steuerung gruppenverkn\u00fcpfter Auftr\u00e4ge: Unterst\u00fctzt Einstellungen f\u00fcr gruppenverkn\u00fcpfte Auftr\u00e4ge zur bequemen Verwaltung von Auftragsgruppen.<\/p>\n<p>Onboarding-Bilderzeugung: Erm\u00f6glicht die Generierung von Onboarding-Bildern zur Vereinfachung des Registrierungsprozesses f\u00fcr neue Benutzer.<\/p>\n<p>Auftragsbearbeitung f\u00fcr Erneuerung oder Aufhebung der Sperre: Erm\u00f6glicht Benutzern die Bearbeitung von Auftr\u00e4gen zur Erneuerung oder Aufhebung der Sperrung und bietet eine flexible Verwaltung des Auftragsstatus.<\/p>\n<p>Mehrsprachige Unterst\u00fctzung: Das Frontend wird mit mehreren Sprachpaketen ausgeliefert, die der Benutzer nach Bedarf hinzuf\u00fcgen kann. Das Backend erm\u00f6glicht die Einstellung der Standardsprache und die Steuerung des Sprachwahlschalters im Frontend.<\/p>\n<p>Dar\u00fcber hinaus bietet das System Funktionen wie IP-Registrierungsbeschr\u00e4nkungen, Konfiguration der Systemzeitzone und Mass Messaging f\u00fcr interne Ank\u00fcndigungen, was die Systemsicherheit und die Benutzerfreundlichkeit weiter erh\u00f6ht.<\/p>\n<p><img fetchpriority=\"high\" decoding=\"async\" class=\"aligncenter size-full wp-image-2142\" src=\"https:\/\/sharewalker.com\/wp-content\/uploads\/2025\/03\/10001-5.jpg\" alt=\"\" width=\"494\" height=\"300\" \/> <img decoding=\"async\" class=\"aligncenter size-full wp-image-2143\" src=\"https:\/\/sharewalker.com\/wp-content\/uploads\/2025\/03\/10002-6.png\" alt=\"\" width=\"423\" height=\"776\" srcset=\"https:\/\/sharewalker.com\/wp-content\/uploads\/2025\/03\/10002-6.png 423w, https:\/\/sharewalker.com\/wp-content\/uploads\/2025\/03\/10002-6-300x550.png 300w, https:\/\/sharewalker.com\/wp-content\/uploads\/2025\/03\/10002-6-164x300.png 164w\" sizes=\"(max-width: 423px) 100vw, 423px\" \/> <img decoding=\"async\" class=\"aligncenter size-full wp-image-2144\" src=\"https:\/\/sharewalker.com\/wp-content\/uploads\/2025\/03\/10003-5.png\" alt=\"\" width=\"426\" height=\"780\" srcset=\"https:\/\/sharewalker.com\/wp-content\/uploads\/2025\/03\/10003-5.png 426w, https:\/\/sharewalker.com\/wp-content\/uploads\/2025\/03\/10003-5-300x549.png 300w, https:\/\/sharewalker.com\/wp-content\/uploads\/2025\/03\/10003-5-164x300.png 164w\" sizes=\"(max-width: 426px) 100vw, 426px\" \/> <img loading=\"lazy\" decoding=\"async\" class=\"aligncenter size-full wp-image-2145\" src=\"https:\/\/sharewalker.com\/wp-content\/uploads\/2025\/03\/10004-6.png\" alt=\"\" width=\"425\" height=\"778\" srcset=\"https:\/\/sharewalker.com\/wp-content\/uploads\/2025\/03\/10004-6.png 425w, https:\/\/sharewalker.com\/wp-content\/uploads\/2025\/03\/10004-6-300x549.png 300w, https:\/\/sharewalker.com\/wp-content\/uploads\/2025\/03\/10004-6-164x300.png 164w\" sizes=\"(max-width: 425px) 100vw, 425px\" \/> <img loading=\"lazy\" decoding=\"async\" class=\"aligncenter size-full wp-image-2146\" src=\"https:\/\/sharewalker.com\/wp-content\/uploads\/2025\/03\/10005-6.png\" alt=\"\" width=\"424\" height=\"777\" srcset=\"https:\/\/sharewalker.com\/wp-content\/uploads\/2025\/03\/10005-6.png 424w, https:\/\/sharewalker.com\/wp-content\/uploads\/2025\/03\/10005-6-300x550.png 300w, https:\/\/sharewalker.com\/wp-content\/uploads\/2025\/03\/10005-6-164x300.png 164w\" sizes=\"(max-width: 424px) 100vw, 424px\" \/> <img loading=\"lazy\" decoding=\"async\" class=\"aligncenter size-full wp-image-2147\" src=\"https:\/\/sharewalker.com\/wp-content\/uploads\/2025\/03\/10006-7.png\" alt=\"\" width=\"427\" height=\"774\" srcset=\"https:\/\/sharewalker.com\/wp-content\/uploads\/2025\/03\/10006-7.png 427w, https:\/\/sharewalker.com\/wp-content\/uploads\/2025\/03\/10006-7-300x544.png 300w, https:\/\/sharewalker.com\/wp-content\/uploads\/2025\/03\/10006-7-166x300.png 166w\" sizes=\"(max-width: 427px) 100vw, 427px\" \/> <img loading=\"lazy\" decoding=\"async\" class=\"aligncenter size-full wp-image-2148\" src=\"https:\/\/sharewalker.com\/wp-content\/uploads\/2025\/03\/10007-8.png\" alt=\"\" width=\"424\" height=\"772\" srcset=\"https:\/\/sharewalker.com\/wp-content\/uploads\/2025\/03\/10007-8.png 424w, https:\/\/sharewalker.com\/wp-content\/uploads\/2025\/03\/10007-8-300x546.png 300w, https:\/\/sharewalker.com\/wp-content\/uploads\/2025\/03\/10007-8-165x300.png 165w\" sizes=\"(max-width: 424px) 100vw, 424px\" \/> <img loading=\"lazy\" decoding=\"async\" class=\"aligncenter size-full wp-image-2149\" src=\"https:\/\/sharewalker.com\/wp-content\/uploads\/2025\/03\/10008-6.png\" alt=\"\" width=\"429\" height=\"780\" srcset=\"https:\/\/sharewalker.com\/wp-content\/uploads\/2025\/03\/10008-6.png 429w, https:\/\/sharewalker.com\/wp-content\/uploads\/2025\/03\/10008-6-300x545.png 300w, https:\/\/sharewalker.com\/wp-content\/uploads\/2025\/03\/10008-6-165x300.png 165w\" sizes=\"(max-width: 429px) 100vw, 429px\" \/> <img loading=\"lazy\" decoding=\"async\" class=\"aligncenter size-full wp-image-2150\" src=\"https:\/\/sharewalker.com\/wp-content\/uploads\/2025\/03\/10009-6.png\" alt=\"\" width=\"427\" height=\"777\" srcset=\"https:\/\/sharewalker.com\/wp-content\/uploads\/2025\/03\/10009-6.png 427w, https:\/\/sharewalker.com\/wp-content\/uploads\/2025\/03\/10009-6-300x546.png 300w, https:\/\/sharewalker.com\/wp-content\/uploads\/2025\/03\/10009-6-165x300.png 165w\" sizes=\"(max-width: 427px) 100vw, 427px\" \/> <img loading=\"lazy\" decoding=\"async\" class=\"aligncenter size-full wp-image-2151\" src=\"https:\/\/sharewalker.com\/wp-content\/uploads\/2025\/03\/10010-7.png\" alt=\"\" width=\"425\" height=\"779\" srcset=\"https:\/\/sharewalker.com\/wp-content\/uploads\/2025\/03\/10010-7.png 425w, https:\/\/sharewalker.com\/wp-content\/uploads\/2025\/03\/10010-7-300x550.png 300w, https:\/\/sharewalker.com\/wp-content\/uploads\/2025\/03\/10010-7-164x300.png 164w\" sizes=\"(max-width: 425px) 100vw, 425px\" \/> <img loading=\"lazy\" decoding=\"async\" class=\"aligncenter size-full wp-image-2152\" src=\"https:\/\/sharewalker.com\/wp-content\/uploads\/2025\/03\/10011-5.png\" alt=\"\" width=\"427\" height=\"774\" srcset=\"https:\/\/sharewalker.com\/wp-content\/uploads\/2025\/03\/10011-5.png 427w, https:\/\/sharewalker.com\/wp-content\/uploads\/2025\/03\/10011-5-300x544.png 300w, https:\/\/sharewalker.com\/wp-content\/uploads\/2025\/03\/10011-5-166x300.png 166w\" sizes=\"(max-width: 427px) 100vw, 427px\" \/> <img loading=\"lazy\" decoding=\"async\" class=\"aligncenter size-full wp-image-2153\" src=\"https:\/\/sharewalker.com\/wp-content\/uploads\/2025\/03\/10012-5.png\" alt=\"\" width=\"428\" height=\"777\" srcset=\"https:\/\/sharewalker.com\/wp-content\/uploads\/2025\/03\/10012-5.png 428w, https:\/\/sharewalker.com\/wp-content\/uploads\/2025\/03\/10012-5-300x545.png 300w, https:\/\/sharewalker.com\/wp-content\/uploads\/2025\/03\/10012-5-165x300.png 165w\" sizes=\"(max-width: 428px) 100vw, 428px\" \/> <img loading=\"lazy\" decoding=\"async\" class=\"aligncenter size-full wp-image-2154\" src=\"https:\/\/sharewalker.com\/wp-content\/uploads\/2025\/03\/10013-4.png\" alt=\"\" width=\"1917\" height=\"930\" srcset=\"https:\/\/sharewalker.com\/wp-content\/uploads\/2025\/03\/10013-4.png 1917w, https:\/\/sharewalker.com\/wp-content\/uploads\/2025\/03\/10013-4-300x146.png 300w, https:\/\/sharewalker.com\/wp-content\/uploads\/2025\/03\/10013-4-1024x497.png 1024w, https:\/\/sharewalker.com\/wp-content\/uploads\/2025\/03\/10013-4-768x373.png 768w, https:\/\/sharewalker.com\/wp-content\/uploads\/2025\/03\/10013-4-1536x745.png 1536w\" sizes=\"(max-width: 1917px) 100vw, 1917px\" \/> <img loading=\"lazy\" decoding=\"async\" class=\"aligncenter size-full wp-image-2155\" src=\"https:\/\/sharewalker.com\/wp-content\/uploads\/2025\/03\/10014-3.png\" alt=\"\" width=\"1915\" height=\"932\" srcset=\"https:\/\/sharewalker.com\/wp-content\/uploads\/2025\/03\/10014-3.png 1915w, https:\/\/sharewalker.com\/wp-content\/uploads\/2025\/03\/10014-3-300x146.png 300w, https:\/\/sharewalker.com\/wp-content\/uploads\/2025\/03\/10014-3-1024x498.png 1024w, https:\/\/sharewalker.com\/wp-content\/uploads\/2025\/03\/10014-3-768x374.png 768w, https:\/\/sharewalker.com\/wp-content\/uploads\/2025\/03\/10014-3-1536x748.png 1536w\" sizes=\"(max-width: 1915px) 100vw, 1915px\" \/> <img loading=\"lazy\" decoding=\"async\" class=\"aligncenter size-full wp-image-2156\" src=\"https:\/\/sharewalker.com\/wp-content\/uploads\/2025\/03\/10015-2.png\" alt=\"\" width=\"1907\" height=\"930\" srcset=\"https:\/\/sharewalker.com\/wp-content\/uploads\/2025\/03\/10015-2.png 1907w, https:\/\/sharewalker.com\/wp-content\/uploads\/2025\/03\/10015-2-300x146.png 300w, https:\/\/sharewalker.com\/wp-content\/uploads\/2025\/03\/10015-2-1024x499.png 1024w, https:\/\/sharewalker.com\/wp-content\/uploads\/2025\/03\/10015-2-768x375.png 768w, https:\/\/sharewalker.com\/wp-content\/uploads\/2025\/03\/10015-2-1536x749.png 1536w\" sizes=\"(max-width: 1907px) 100vw, 1907px\" \/> <img loading=\"lazy\" decoding=\"async\" class=\"aligncenter size-full wp-image-2157\" src=\"https:\/\/sharewalker.com\/wp-content\/uploads\/2025\/03\/10016-2.png\" alt=\"\" width=\"1919\" height=\"933\" srcset=\"https:\/\/sharewalker.com\/wp-content\/uploads\/2025\/03\/10016-2.png 1919w, https:\/\/sharewalker.com\/wp-content\/uploads\/2025\/03\/10016-2-300x146.png 300w, https:\/\/sharewalker.com\/wp-content\/uploads\/2025\/03\/10016-2-1024x498.png 1024w, https:\/\/sharewalker.com\/wp-content\/uploads\/2025\/03\/10016-2-768x373.png 768w, https:\/\/sharewalker.com\/wp-content\/uploads\/2025\/03\/10016-2-1536x747.png 1536w\" sizes=\"(max-width: 1919px) 100vw, 1919px\" \/> <img loading=\"lazy\" decoding=\"async\" class=\"aligncenter size-full wp-image-2158\" src=\"https:\/\/sharewalker.com\/wp-content\/uploads\/2025\/03\/10017-2.png\" alt=\"\" width=\"1919\" height=\"940\" srcset=\"https:\/\/sharewalker.com\/wp-content\/uploads\/2025\/03\/10017-2.png 1919w, https:\/\/sharewalker.com\/wp-content\/uploads\/2025\/03\/10017-2-300x147.png 300w, https:\/\/sharewalker.com\/wp-content\/uploads\/2025\/03\/10017-2-1024x502.png 1024w, https:\/\/sharewalker.com\/wp-content\/uploads\/2025\/03\/10017-2-768x376.png 768w, https:\/\/sharewalker.com\/wp-content\/uploads\/2025\/03\/10017-2-1536x752.png 1536w\" sizes=\"(max-width: 1919px) 100vw, 1919px\" \/> <img loading=\"lazy\" decoding=\"async\" class=\"aligncenter size-full wp-image-2159\" src=\"https:\/\/sharewalker.com\/wp-content\/uploads\/2025\/03\/10018-2.png\" alt=\"\" width=\"1913\" height=\"932\" srcset=\"https:\/\/sharewalker.com\/wp-content\/uploads\/2025\/03\/10018-2.png 1913w, https:\/\/sharewalker.com\/wp-content\/uploads\/2025\/03\/10018-2-300x146.png 300w, https:\/\/sharewalker.com\/wp-content\/uploads\/2025\/03\/10018-2-1024x499.png 1024w, https:\/\/sharewalker.com\/wp-content\/uploads\/2025\/03\/10018-2-768x374.png 768w, https:\/\/sharewalker.com\/wp-content\/uploads\/2025\/03\/10018-2-1536x748.png 1536w\" sizes=\"(max-width: 1913px) 100vw, 1913px\" \/> <img loading=\"lazy\" decoding=\"async\" class=\"aligncenter size-full wp-image-2160\" src=\"https:\/\/sharewalker.com\/wp-content\/uploads\/2025\/03\/10019-1.png\" alt=\"\" width=\"1906\" height=\"935\" srcset=\"https:\/\/sharewalker.com\/wp-content\/uploads\/2025\/03\/10019-1.png 1906w, https:\/\/sharewalker.com\/wp-content\/uploads\/2025\/03\/10019-1-300x147.png 300w, https:\/\/sharewalker.com\/wp-content\/uploads\/2025\/03\/10019-1-1024x502.png 1024w, https:\/\/sharewalker.com\/wp-content\/uploads\/2025\/03\/10019-1-768x377.png 768w, https:\/\/sharewalker.com\/wp-content\/uploads\/2025\/03\/10019-1-1536x753.png 1536w\" sizes=\"(max-width: 1906px) 100vw, 1906px\" \/> <img loading=\"lazy\" decoding=\"async\" class=\"aligncenter size-full wp-image-2161\" src=\"https:\/\/sharewalker.com\/wp-content\/uploads\/2025\/03\/10020-1.png\" alt=\"\" width=\"1911\" height=\"929\" srcset=\"https:\/\/sharewalker.com\/wp-content\/uploads\/2025\/03\/10020-1.png 1911w, https:\/\/sharewalker.com\/wp-content\/uploads\/2025\/03\/10020-1-300x146.png 300w, https:\/\/sharewalker.com\/wp-content\/uploads\/2025\/03\/10020-1-1024x498.png 1024w, https:\/\/sharewalker.com\/wp-content\/uploads\/2025\/03\/10020-1-768x373.png 768w, https:\/\/sharewalker.com\/wp-content\/uploads\/2025\/03\/10020-1-1536x747.png 1536w\" sizes=\"(max-width: 1911px) 100vw, 1911px\" \/><\/p>","protected":false},"excerpt":{"rendered":"<p>Dieses System zur Erfassung von \u00dcberseebestellungen, das im Wege der Sekund\u00e4rentwicklung entwickelt wurde, unterst\u00fctzt Funktionen wie gruppenverkn\u00fcpfte Auftragskontrolle, Onboarding-Bilderzeugung und Auftragsbearbeitung zur Erneuerung oder Freigabe. Das Frontend bietet mehrere Sprachpakete, und das Backend erm\u00f6glicht die Einstellung der Standardsprache und die Steuerung des Sprachwahlschalters im Frontend.<\/p>","protected":false},"featured_media":2142,"comment_status":"open","ping_status":"closed","template":"","meta":{"_uag_custom_page_level_css":"","site-sidebar-layout":"default","site-content-layout":"","ast-site-content-layout":"default","site-content-style":"default","site-sidebar-style":"default","ast-global-header-display":"","ast-banner-title-visibility":"","ast-main-header-display":"","ast-hfb-above-header-display":"","ast-hfb-below-header-display":"","ast-hfb-mobile-header-display":"","site-post-title":"","ast-breadcrumbs-content":"","ast-featured-img":"","footer-sml-layout":"","theme-transparent-header-meta":"default","adv-header-id-meta":"","stick-header-meta":"","header-above-stick-meta":"","header-main-stick-meta":"","header-below-stick-meta":"","astra-migrate-meta-layouts":"set","ast-page-background-enabled":"default","ast-page-background-meta":{"desktop":{"background-color":"var(--ast-global-color-4)","background-image":"","background-repeat":"repeat","background-position":"center center","background-size":"auto","background-attachment":"scroll","background-type":"","background-media":"","overlay-type":"","overlay-color":"","overlay-opacity":"","overlay-gradient":""},"tablet":{"background-color":"","background-image":"","background-repeat":"repeat","background-position":"center center","background-size":"auto","background-attachment":"scroll","background-type":"","background-media":"","overlay-type":"","overlay-color":"","overlay-opacity":"","overlay-gradient":""},"mobile":{"background-color":"","background-image":"","background-repeat":"repeat","background-position":"center center","background-size":"auto","background-attachment":"scroll","background-type":"","background-media":"","overlay-type":"","overlay-color":"","overlay-opacity":"","overlay-gradient":""}},"ast-content-background-meta":{"desktop":{"background-color":"var(--ast-global-color-5)","background-image":"","background-repeat":"repeat","background-position":"center center","background-size":"auto","background-attachment":"scroll","background-type":"","background-media":"","overlay-type":"","overlay-color":"","overlay-opacity":"","overlay-gradient":""},"tablet":{"background-color":"var(--ast-global-color-5)","background-image":"","background-repeat":"repeat","background-position":"center center","background-size":"auto","background-attachment":"scroll","background-type":"","background-media":"","overlay-type":"","overlay-color":"","overlay-opacity":"","overlay-gradient":""},"mobile":{"background-color":"var(--ast-global-color-5)","background-image":"","background-repeat":"repeat","background-position":"center center","background-size":"auto","background-attachment":"scroll","background-type":"","background-media":"","overlay-type":"","overlay-color":"","overlay-opacity":"","overlay-gradient":""}}},"product_brand":[],"product_cat":[59],"product_tag":[124,90,130,133,81,131,132,129],"class_list":{"0":"post-2141","1":"product","2":"type-product","3":"status-publish","4":"has-post-thumbnail","6":"product_cat-order-sniping-order-manipulation","7":"product_tag-order-grabbing-and-brushing-system","8":"product_tag-automatic-order-matching","9":"product_tag-group-linked-order-control","10":"product_tag-internal-message-announcements","11":"product_tag-multi-language-support","12":"product_tag-onboarding-image-generation","13":"product_tag-order-editing-for-renewal-or-unfreeze","14":"product_tag-overseas-order-grabbing-system","15":"desktop-align-left","16":"tablet-align-left","17":"mobile-align-left","19":"first","20":"instock","21":"shipping-taxable","22":"product-type-simple"},"uagb_featured_image_src":{"full":["https:\/\/sharewalker.com\/wp-content\/uploads\/2025\/03\/10001-5-e1742805583890.jpg",300,300,false],"thumbnail":["https:\/\/sharewalker.com\/wp-content\/uploads\/2025\/03\/10001-5-e1742805583890-150x150.jpg",150,150,true],"medium":["https:\/\/sharewalker.com\/wp-content\/uploads\/2025\/03\/10001-5-300x182.jpg",300,182,true],"medium_large":["https:\/\/sharewalker.com\/wp-content\/uploads\/2025\/03\/10001-5-e1742805583890.jpg",300,300,false],"large":["https:\/\/sharewalker.com\/wp-content\/uploads\/2025\/03\/10001-5-e1742805583890.jpg",300,300,false],"1536x1536":["https:\/\/sharewalker.com\/wp-content\/uploads\/2025\/03\/10001-5-e1742805583890.jpg",300,300,false],"2048x2048":["https:\/\/sharewalker.com\/wp-content\/uploads\/2025\/03\/10001-5-e1742805583890.jpg",300,300,false],"trp-custom-language-flag":["https:\/\/sharewalker.com\/wp-content\/uploads\/2025\/03\/10001-5-e1742805583890.jpg",12,12,false],"woocommerce_thumbnail":["https:\/\/sharewalker.com\/wp-content\/uploads\/2025\/03\/10001-5-300x300.jpg",300,300,true],"woocommerce_single":["https:\/\/sharewalker.com\/wp-content\/uploads\/2025\/03\/10001-5-e1742805583890.jpg",300,300,false],"woocommerce_gallery_thumbnail":["https:\/\/sharewalker.com\/wp-content\/uploads\/2025\/03\/10001-5-e1742805583890-100x100.jpg",100,100,true]},"uagb_author_info":{"display_name":"admin","author_link":"https:\/\/sharewalker.com\/de\/author\/"},"uagb_comment_info":0,"uagb_excerpt":"This overseas order grabbing system, developed through secondary development, supports features such as group linked order control, onboarding image generation, and order editing for renewal or unfreeze. The frontend offers multiple language packs, and the backend allows setting the default language and controlling the frontend language selection switch.\u200b","_links":{"self":[{"href":"https:\/\/sharewalker.com\/de\/wp-json\/wp\/v2\/product\/2141","targetHints":{"allow":["GET"]}}],"collection":[{"href":"https:\/\/sharewalker.com\/de\/wp-json\/wp\/v2\/product"}],"about":[{"href":"https:\/\/sharewalker.com\/de\/wp-json\/wp\/v2\/types\/product"}],"replies":[{"embeddable":true,"href":"https:\/\/sharewalker.com\/de\/wp-json\/wp\/v2\/comments?post=2141"}],"version-history":[{"count":0,"href":"https:\/\/sharewalker.com\/de\/wp-json\/wp\/v2\/product\/2141\/revisions"}],"wp:featuredmedia":[{"embeddable":true,"href":"https:\/\/sharewalker.com\/de\/wp-json\/wp\/v2\/media\/2142"}],"wp:attachment":[{"href":"https:\/\/sharewalker.com\/de\/wp-json\/wp\/v2\/media?parent=2141"}],"wp:term":[{"taxonomy":"product_brand","embeddable":true,"href":"https:\/\/sharewalker.com\/de\/wp-json\/wp\/v2\/product_brand?post=2141"},{"taxonomy":"product_cat","embeddable":true,"href":"https:\/\/sharewalker.com\/de\/wp-json\/wp\/v2\/product_cat?post=2141"},{"taxonomy":"product_tag","embeddable":true,"href":"https:\/\/sharewalker.com\/de\/wp-json\/wp\/v2\/product_tag?post=2141"}],"curies":[{"name":"wp","href":"https:\/\/api.w.org\/{rel}","templated":true}]}}