{"id":2188,"date":"2025-03-24T16:57:38","date_gmt":"2025-03-24T08:57:38","guid":{"rendered":"https:\/\/sharewalker.com\/?post_type=product&#038;p=2188"},"modified":"2025-03-24T16:57:38","modified_gmt":"2025-03-24T08:57:38","slug":"new-multi-language-software-game-order-grabbing-and-brushing-system-overseas-order-brushing-source-code-automatic-order-matching-card-and-continuous-order-features","status":"publish","type":"product","link":"https:\/\/sharewalker.com\/de\/produkt\/neues-mehrsprachiges-software-spiel-bestellungserfassungs-und-burstensystem-in-ubersee-bestellungsbursten-quellcode-automatische-bestellungsabgleichskarte-und-kontinuierliche-bestellungsfunktionen\/","title":{"rendered":"Neues mehrsprachiges Software-Spiel Order Grabbing and Brushing System | Overseas Order Brushing Source Code | Automatic Order Matching | Card and Continuous Order Features"},"content":{"rendered":"<p>Dieses System wurde f\u00fcr das Erfassen und Brushen von Software f\u00fcr Spiele entwickelt und bietet die folgenden Hauptfunktionen.<\/p>\n<p>Mehrsprachige Unterst\u00fctzung: Das System enth\u00e4lt verschiedene Sprachpakete, die es den Benutzern erm\u00f6glichen, je nach Bedarf Sprachen hinzuzuf\u00fcgen oder zu \u00e4ndern, um eine breite Benutzerbasis zu bedienen.<\/p>\n<p>Automatischer Auftragsabgleich: Durch den intelligenten Auftragsabgleich werden manuelle Eingriffe reduziert und der Arbeitsablauf der Auftragsabwicklung rationalisiert.<\/p>\n<p>Merkmale von Karten- und Dauerauftr\u00e4gen: Unterst\u00fctzt Karten- und Dauerauftragsvorg\u00e4nge, um einen reibungslosen Auftragsfluss zu gew\u00e4hrleisten und die betrieblichen Anforderungen zu erf\u00fcllen.<\/p>\n<p>Agenten-Backend-Management: Bietet ein unabh\u00e4ngiges Agenten-Backend f\u00fcr die effiziente Verwaltung und \u00dcberwachung von Auftr\u00e4gen und Benutzeraktivit\u00e4ten.<\/p>\n<p>Das System wurde durch sekund\u00e4re Anpassungen entwickelt und hat sich in der Praxis bew\u00e4hrt. Es bietet eine stabile Funktionalit\u00e4t, die f\u00fcr Benutzer geeignet ist, die ihre Gesch\u00e4ftst\u00e4tigkeit im Ausland ausweiten m\u00f6chten.<\/p>\n<p><img fetchpriority=\"high\" decoding=\"async\" class=\"aligncenter size-full wp-image-2189\" src=\"https:\/\/sharewalker.com\/wp-content\/uploads\/2025\/03\/10001-7.jpg\" alt=\"\" width=\"449\" height=\"300\" \/> <img decoding=\"async\" class=\"aligncenter size-full wp-image-2190\" src=\"https:\/\/sharewalker.com\/wp-content\/uploads\/2025\/03\/10002-8.png\" alt=\"\" width=\"400\" height=\"800\" srcset=\"https:\/\/sharewalker.com\/wp-content\/uploads\/2025\/03\/10002-8.png 400w, https:\/\/sharewalker.com\/wp-content\/uploads\/2025\/03\/10002-8-300x600.png 300w, https:\/\/sharewalker.com\/wp-content\/uploads\/2025\/03\/10002-8-150x300.png 150w\" sizes=\"(max-width: 400px) 100vw, 400px\" \/> <img decoding=\"async\" class=\"aligncenter size-full wp-image-2191\" src=\"https:\/\/sharewalker.com\/wp-content\/uploads\/2025\/03\/10003-7.png\" alt=\"\" width=\"401\" height=\"802\" srcset=\"https:\/\/sharewalker.com\/wp-content\/uploads\/2025\/03\/10003-7.png 401w, https:\/\/sharewalker.com\/wp-content\/uploads\/2025\/03\/10003-7-300x600.png 300w, https:\/\/sharewalker.com\/wp-content\/uploads\/2025\/03\/10003-7-150x300.png 150w\" sizes=\"(max-width: 401px) 100vw, 401px\" \/> <img loading=\"lazy\" decoding=\"async\" class=\"aligncenter size-full wp-image-2192\" src=\"https:\/\/sharewalker.com\/wp-content\/uploads\/2025\/03\/10004-8.png\" alt=\"\" width=\"398\" height=\"796\" srcset=\"https:\/\/sharewalker.com\/wp-content\/uploads\/2025\/03\/10004-8.png 398w, https:\/\/sharewalker.com\/wp-content\/uploads\/2025\/03\/10004-8-300x600.png 300w, https:\/\/sharewalker.com\/wp-content\/uploads\/2025\/03\/10004-8-150x300.png 150w\" sizes=\"(max-width: 398px) 100vw, 398px\" \/> <img loading=\"lazy\" decoding=\"async\" class=\"aligncenter size-full wp-image-2193\" src=\"https:\/\/sharewalker.com\/wp-content\/uploads\/2025\/03\/10005-8.png\" alt=\"\" width=\"401\" height=\"801\" srcset=\"https:\/\/sharewalker.com\/wp-content\/uploads\/2025\/03\/10005-8.png 401w, https:\/\/sharewalker.com\/wp-content\/uploads\/2025\/03\/10005-8-300x599.png 300w, https:\/\/sharewalker.com\/wp-content\/uploads\/2025\/03\/10005-8-150x300.png 150w\" sizes=\"(max-width: 401px) 100vw, 401px\" \/> <img loading=\"lazy\" decoding=\"async\" class=\"aligncenter size-full wp-image-2194\" src=\"https:\/\/sharewalker.com\/wp-content\/uploads\/2025\/03\/10006-9.png\" alt=\"\" width=\"399\" height=\"801\" srcset=\"https:\/\/sharewalker.com\/wp-content\/uploads\/2025\/03\/10006-9.png 399w, https:\/\/sharewalker.com\/wp-content\/uploads\/2025\/03\/10006-9-300x602.png 300w, https:\/\/sharewalker.com\/wp-content\/uploads\/2025\/03\/10006-9-149x300.png 149w\" sizes=\"(max-width: 399px) 100vw, 399px\" \/> <img loading=\"lazy\" decoding=\"async\" class=\"aligncenter size-full wp-image-2195\" src=\"https:\/\/sharewalker.com\/wp-content\/uploads\/2025\/03\/10007-10.png\" alt=\"\" width=\"399\" height=\"799\" srcset=\"https:\/\/sharewalker.com\/wp-content\/uploads\/2025\/03\/10007-10.png 399w, https:\/\/sharewalker.com\/wp-content\/uploads\/2025\/03\/10007-10-300x601.png 300w, https:\/\/sharewalker.com\/wp-content\/uploads\/2025\/03\/10007-10-150x300.png 150w\" sizes=\"(max-width: 399px) 100vw, 399px\" \/> <img loading=\"lazy\" decoding=\"async\" class=\"aligncenter size-full wp-image-2196\" src=\"https:\/\/sharewalker.com\/wp-content\/uploads\/2025\/03\/10008-8.png\" alt=\"\" width=\"399\" height=\"801\" srcset=\"https:\/\/sharewalker.com\/wp-content\/uploads\/2025\/03\/10008-8.png 399w, https:\/\/sharewalker.com\/wp-content\/uploads\/2025\/03\/10008-8-300x602.png 300w, https:\/\/sharewalker.com\/wp-content\/uploads\/2025\/03\/10008-8-149x300.png 149w\" sizes=\"(max-width: 399px) 100vw, 399px\" \/> <img loading=\"lazy\" decoding=\"async\" class=\"aligncenter size-full wp-image-2197\" src=\"https:\/\/sharewalker.com\/wp-content\/uploads\/2025\/03\/10009-8.png\" alt=\"\" width=\"400\" height=\"799\" srcset=\"https:\/\/sharewalker.com\/wp-content\/uploads\/2025\/03\/10009-8.png 400w, https:\/\/sharewalker.com\/wp-content\/uploads\/2025\/03\/10009-8-300x599.png 300w, https:\/\/sharewalker.com\/wp-content\/uploads\/2025\/03\/10009-8-150x300.png 150w\" sizes=\"(max-width: 400px) 100vw, 400px\" \/> <img loading=\"lazy\" decoding=\"async\" class=\"aligncenter size-full wp-image-2198\" src=\"https:\/\/sharewalker.com\/wp-content\/uploads\/2025\/03\/10010-9.png\" alt=\"\" width=\"399\" height=\"801\" srcset=\"https:\/\/sharewalker.com\/wp-content\/uploads\/2025\/03\/10010-9.png 399w, https:\/\/sharewalker.com\/wp-content\/uploads\/2025\/03\/10010-9-300x602.png 300w, https:\/\/sharewalker.com\/wp-content\/uploads\/2025\/03\/10010-9-149x300.png 149w\" sizes=\"(max-width: 399px) 100vw, 399px\" \/> <img loading=\"lazy\" decoding=\"async\" class=\"aligncenter size-full wp-image-2199\" src=\"https:\/\/sharewalker.com\/wp-content\/uploads\/2025\/03\/10011-7.png\" alt=\"\" width=\"1920\" height=\"911\" srcset=\"https:\/\/sharewalker.com\/wp-content\/uploads\/2025\/03\/10011-7.png 1920w, https:\/\/sharewalker.com\/wp-content\/uploads\/2025\/03\/10011-7-300x142.png 300w, https:\/\/sharewalker.com\/wp-content\/uploads\/2025\/03\/10011-7-1024x486.png 1024w, https:\/\/sharewalker.com\/wp-content\/uploads\/2025\/03\/10011-7-768x364.png 768w, https:\/\/sharewalker.com\/wp-content\/uploads\/2025\/03\/10011-7-1536x729.png 1536w\" sizes=\"(max-width: 1920px) 100vw, 1920px\" \/> <img loading=\"lazy\" decoding=\"async\" class=\"aligncenter size-full wp-image-2200\" src=\"https:\/\/sharewalker.com\/wp-content\/uploads\/2025\/03\/10012-7.png\" alt=\"\" width=\"1920\" height=\"921\" srcset=\"https:\/\/sharewalker.com\/wp-content\/uploads\/2025\/03\/10012-7.png 1920w, https:\/\/sharewalker.com\/wp-content\/uploads\/2025\/03\/10012-7-300x144.png 300w, https:\/\/sharewalker.com\/wp-content\/uploads\/2025\/03\/10012-7-1024x491.png 1024w, https:\/\/sharewalker.com\/wp-content\/uploads\/2025\/03\/10012-7-768x368.png 768w, https:\/\/sharewalker.com\/wp-content\/uploads\/2025\/03\/10012-7-1536x737.png 1536w\" sizes=\"(max-width: 1920px) 100vw, 1920px\" \/> <img loading=\"lazy\" decoding=\"async\" class=\"aligncenter size-full wp-image-2201\" src=\"https:\/\/sharewalker.com\/wp-content\/uploads\/2025\/03\/10013-6.png\" alt=\"\" width=\"1920\" height=\"934\" srcset=\"https:\/\/sharewalker.com\/wp-content\/uploads\/2025\/03\/10013-6.png 1920w, https:\/\/sharewalker.com\/wp-content\/uploads\/2025\/03\/10013-6-300x146.png 300w, https:\/\/sharewalker.com\/wp-content\/uploads\/2025\/03\/10013-6-1024x498.png 1024w, https:\/\/sharewalker.com\/wp-content\/uploads\/2025\/03\/10013-6-768x374.png 768w, https:\/\/sharewalker.com\/wp-content\/uploads\/2025\/03\/10013-6-1536x747.png 1536w\" sizes=\"(max-width: 1920px) 100vw, 1920px\" \/> <img loading=\"lazy\" decoding=\"async\" class=\"aligncenter size-full wp-image-2202\" src=\"https:\/\/sharewalker.com\/wp-content\/uploads\/2025\/03\/10014-5.png\" alt=\"\" width=\"1920\" height=\"924\" srcset=\"https:\/\/sharewalker.com\/wp-content\/uploads\/2025\/03\/10014-5.png 1920w, https:\/\/sharewalker.com\/wp-content\/uploads\/2025\/03\/10014-5-300x144.png 300w, https:\/\/sharewalker.com\/wp-content\/uploads\/2025\/03\/10014-5-1024x493.png 1024w, https:\/\/sharewalker.com\/wp-content\/uploads\/2025\/03\/10014-5-768x370.png 768w, https:\/\/sharewalker.com\/wp-content\/uploads\/2025\/03\/10014-5-1536x739.png 1536w\" sizes=\"(max-width: 1920px) 100vw, 1920px\" \/> <img loading=\"lazy\" decoding=\"async\" class=\"aligncenter size-full wp-image-2203\" src=\"https:\/\/sharewalker.com\/wp-content\/uploads\/2025\/03\/10015-4.png\" alt=\"\" width=\"1920\" height=\"916\" srcset=\"https:\/\/sharewalker.com\/wp-content\/uploads\/2025\/03\/10015-4.png 1920w, https:\/\/sharewalker.com\/wp-content\/uploads\/2025\/03\/10015-4-300x143.png 300w, https:\/\/sharewalker.com\/wp-content\/uploads\/2025\/03\/10015-4-1024x489.png 1024w, https:\/\/sharewalker.com\/wp-content\/uploads\/2025\/03\/10015-4-768x366.png 768w, https:\/\/sharewalker.com\/wp-content\/uploads\/2025\/03\/10015-4-1536x733.png 1536w\" sizes=\"(max-width: 1920px) 100vw, 1920px\" \/> <img loading=\"lazy\" decoding=\"async\" class=\"aligncenter size-full wp-image-2204\" src=\"https:\/\/sharewalker.com\/wp-content\/uploads\/2025\/03\/10016-4.png\" alt=\"\" width=\"1920\" height=\"922\" srcset=\"https:\/\/sharewalker.com\/wp-content\/uploads\/2025\/03\/10016-4.png 1920w, https:\/\/sharewalker.com\/wp-content\/uploads\/2025\/03\/10016-4-300x144.png 300w, https:\/\/sharewalker.com\/wp-content\/uploads\/2025\/03\/10016-4-1024x492.png 1024w, https:\/\/sharewalker.com\/wp-content\/uploads\/2025\/03\/10016-4-768x369.png 768w, https:\/\/sharewalker.com\/wp-content\/uploads\/2025\/03\/10016-4-1536x738.png 1536w\" sizes=\"(max-width: 1920px) 100vw, 1920px\" \/> <img loading=\"lazy\" decoding=\"async\" class=\"aligncenter size-full wp-image-2205\" src=\"https:\/\/sharewalker.com\/wp-content\/uploads\/2025\/03\/10017-4.png\" alt=\"\" width=\"1920\" height=\"925\" srcset=\"https:\/\/sharewalker.com\/wp-content\/uploads\/2025\/03\/10017-4.png 1920w, https:\/\/sharewalker.com\/wp-content\/uploads\/2025\/03\/10017-4-300x145.png 300w, https:\/\/sharewalker.com\/wp-content\/uploads\/2025\/03\/10017-4-1024x493.png 1024w, https:\/\/sharewalker.com\/wp-content\/uploads\/2025\/03\/10017-4-768x370.png 768w, https:\/\/sharewalker.com\/wp-content\/uploads\/2025\/03\/10017-4-1536x740.png 1536w\" sizes=\"(max-width: 1920px) 100vw, 1920px\" \/> <img loading=\"lazy\" decoding=\"async\" class=\"aligncenter size-full wp-image-2206\" src=\"https:\/\/sharewalker.com\/wp-content\/uploads\/2025\/03\/10018-4.png\" alt=\"\" width=\"1916\" height=\"933\" srcset=\"https:\/\/sharewalker.com\/wp-content\/uploads\/2025\/03\/10018-4.png 1916w, https:\/\/sharewalker.com\/wp-content\/uploads\/2025\/03\/10018-4-300x146.png 300w, https:\/\/sharewalker.com\/wp-content\/uploads\/2025\/03\/10018-4-1024x499.png 1024w, https:\/\/sharewalker.com\/wp-content\/uploads\/2025\/03\/10018-4-768x374.png 768w, https:\/\/sharewalker.com\/wp-content\/uploads\/2025\/03\/10018-4-1536x748.png 1536w\" sizes=\"(max-width: 1916px) 100vw, 1916px\" \/> <img loading=\"lazy\" decoding=\"async\" class=\"aligncenter size-full wp-image-2207\" src=\"https:\/\/sharewalker.com\/wp-content\/uploads\/2025\/03\/10019-3.png\" alt=\"\" width=\"1920\" height=\"920\" srcset=\"https:\/\/sharewalker.com\/wp-content\/uploads\/2025\/03\/10019-3.png 1920w, https:\/\/sharewalker.com\/wp-content\/uploads\/2025\/03\/10019-3-300x144.png 300w, https:\/\/sharewalker.com\/wp-content\/uploads\/2025\/03\/10019-3-1024x491.png 1024w, https:\/\/sharewalker.com\/wp-content\/uploads\/2025\/03\/10019-3-768x368.png 768w, https:\/\/sharewalker.com\/wp-content\/uploads\/2025\/03\/10019-3-1536x736.png 1536w\" sizes=\"(max-width: 1920px) 100vw, 1920px\" \/><\/p>","protected":false},"excerpt":{"rendered":"<p>Dabei handelt es sich um ein neu entwickeltes Software-System zur Erfassung und Bearbeitung von Spielbestellungen mit mehrsprachiger Unterst\u00fctzung, automatischem Bestellungsabgleich, Karten- und Dauerbestellungsfunktionen, das die operative Effizienz auf den \u00dcberseem\u00e4rkten verbessern soll.<\/p>","protected":false},"featured_media":2189,"comment_status":"open","ping_status":"closed","template":"","meta":{"_uag_custom_page_level_css":"","site-sidebar-layout":"default","site-content-layout":"","ast-site-content-layout":"default","site-content-style":"default","site-sidebar-style":"default","ast-global-header-display":"","ast-banner-title-visibility":"","ast-main-header-display":"","ast-hfb-above-header-display":"","ast-hfb-below-header-display":"","ast-hfb-mobile-header-display":"","site-post-title":"","ast-breadcrumbs-content":"","ast-featured-img":"","footer-sml-layout":"","theme-transparent-header-meta":"default","adv-header-id-meta":"","stick-header-meta":"","header-above-stick-meta":"","header-main-stick-meta":"","header-below-stick-meta":"","astra-migrate-meta-layouts":"set","ast-page-background-enabled":"default","ast-page-background-meta":{"desktop":{"background-color":"var(--ast-global-color-4)","background-image":"","background-repeat":"repeat","background-position":"center center","background-size":"auto","background-attachment":"scroll","background-type":"","background-media":"","overlay-type":"","overlay-color":"","overlay-opacity":"","overlay-gradient":""},"tablet":{"background-color":"","background-image":"","background-repeat":"repeat","background-position":"center center","background-size":"auto","background-attachment":"scroll","background-type":"","background-media":"","overlay-type":"","overlay-color":"","overlay-opacity":"","overlay-gradient":""},"mobile":{"background-color":"","background-image":"","background-repeat":"repeat","background-position":"center center","background-size":"auto","background-attachment":"scroll","background-type":"","background-media":"","overlay-type":"","overlay-color":"","overlay-opacity":"","overlay-gradient":""}},"ast-content-background-meta":{"desktop":{"background-color":"var(--ast-global-color-5)","background-image":"","background-repeat":"repeat","background-position":"center center","background-size":"auto","background-attachment":"scroll","background-type":"","background-media":"","overlay-type":"","overlay-color":"","overlay-opacity":"","overlay-gradient":""},"tablet":{"background-color":"var(--ast-global-color-5)","background-image":"","background-repeat":"repeat","background-position":"center center","background-size":"auto","background-attachment":"scroll","background-type":"","background-media":"","overlay-type":"","overlay-color":"","overlay-opacity":"","overlay-gradient":""},"mobile":{"background-color":"var(--ast-global-color-5)","background-image":"","background-repeat":"repeat","background-position":"center center","background-size":"auto","background-attachment":"scroll","background-type":"","background-media":"","overlay-type":"","overlay-color":"","overlay-opacity":"","overlay-gradient":""}}},"product_brand":[],"product_cat":[59],"product_tag":[139],"class_list":{"0":"post-2188","1":"product","2":"type-product","3":"status-publish","4":"has-post-thumbnail","6":"product_cat-order-sniping-order-manipulation","7":"product_tag-multi-language-system-overseas-order-brushing-system-automatic-order-matching-card-and-continuous-order-features-agent-backend-management","8":"desktop-align-left","9":"tablet-align-left","10":"mobile-align-left","12":"first","13":"instock","14":"shipping-taxable","15":"product-type-simple"},"uagb_featured_image_src":{"full":["https:\/\/sharewalker.com\/wp-content\/uploads\/2025\/03\/10001-7-e1742806640922.jpg",300,300,false],"thumbnail":["https:\/\/sharewalker.com\/wp-content\/uploads\/2025\/03\/10001-7-e1742806640922-150x150.jpg",150,150,true],"medium":["https:\/\/sharewalker.com\/wp-content\/uploads\/2025\/03\/10001-7-300x200.jpg",300,200,true],"medium_large":["https:\/\/sharewalker.com\/wp-content\/uploads\/2025\/03\/10001-7-e1742806640922.jpg",300,300,false],"large":["https:\/\/sharewalker.com\/wp-content\/uploads\/2025\/03\/10001-7-e1742806640922.jpg",300,300,false],"1536x1536":["https:\/\/sharewalker.com\/wp-content\/uploads\/2025\/03\/10001-7-e1742806640922.jpg",300,300,false],"2048x2048":["https:\/\/sharewalker.com\/wp-content\/uploads\/2025\/03\/10001-7-e1742806640922.jpg",300,300,false],"trp-custom-language-flag":["https:\/\/sharewalker.com\/wp-content\/uploads\/2025\/03\/10001-7-e1742806640922.jpg",12,12,false],"woocommerce_thumbnail":["https:\/\/sharewalker.com\/wp-content\/uploads\/2025\/03\/10001-7-300x300.jpg",300,300,true],"woocommerce_single":["https:\/\/sharewalker.com\/wp-content\/uploads\/2025\/03\/10001-7-e1742806640922.jpg",300,300,false],"woocommerce_gallery_thumbnail":["https:\/\/sharewalker.com\/wp-content\/uploads\/2025\/03\/10001-7-e1742806640922-100x100.jpg",100,100,true]},"uagb_author_info":{"display_name":"admin","author_link":"https:\/\/sharewalker.com\/de\/author\/"},"uagb_comment_info":0,"uagb_excerpt":"This is a newly developed software game order grabbing and brushing system featuring multi-language support, automatic order matching, card and continuous order functionalities, aiming to enhance operational efficiency in overseas markets.\u200b","_links":{"self":[{"href":"https:\/\/sharewalker.com\/de\/wp-json\/wp\/v2\/product\/2188","targetHints":{"allow":["GET"]}}],"collection":[{"href":"https:\/\/sharewalker.com\/de\/wp-json\/wp\/v2\/product"}],"about":[{"href":"https:\/\/sharewalker.com\/de\/wp-json\/wp\/v2\/types\/product"}],"replies":[{"embeddable":true,"href":"https:\/\/sharewalker.com\/de\/wp-json\/wp\/v2\/comments?post=2188"}],"version-history":[{"count":0,"href":"https:\/\/sharewalker.com\/de\/wp-json\/wp\/v2\/product\/2188\/revisions"}],"wp:featuredmedia":[{"embeddable":true,"href":"https:\/\/sharewalker.com\/de\/wp-json\/wp\/v2\/media\/2189"}],"wp:attachment":[{"href":"https:\/\/sharewalker.com\/de\/wp-json\/wp\/v2\/media?parent=2188"}],"wp:term":[{"taxonomy":"product_brand","embeddable":true,"href":"https:\/\/sharewalker.com\/de\/wp-json\/wp\/v2\/product_brand?post=2188"},{"taxonomy":"product_cat","embeddable":true,"href":"https:\/\/sharewalker.com\/de\/wp-json\/wp\/v2\/product_cat?post=2188"},{"taxonomy":"product_tag","embeddable":true,"href":"https:\/\/sharewalker.com\/de\/wp-json\/wp\/v2\/product_tag?post=2188"}],"curies":[{"name":"wp","href":"https:\/\/api.w.org\/{rel}","templated":true}]}}