{"id":2472,"date":"2025-03-24T21:22:36","date_gmt":"2025-03-24T13:22:36","guid":{"rendered":"https:\/\/sharewalker.com\/?post_type=product&#038;p=2472"},"modified":"2025-03-28T13:54:43","modified_gmt":"2025-03-28T05:54:43","slug":"overseas-multi-language-order-grabbing-mall-system-custom-uniapp-development-automatic-order-matching-manual-dispatch-and-consecutive-order-control","status":"publish","type":"product","link":"https:\/\/sharewalker.com\/de\/produkt\/ubersee-mehrsprachiges-system-zur-erfassung-von-bestellungen-in-einkaufszentren-kundenspezifische-uniapp-entwicklung-automatischer-bestellabgleich-manueller-versand-und-fortlaufende-bestellkontrolle\/","title":{"rendered":"Mehrsprachiges Einkaufszentrumssystem in \u00dcbersee | Entwicklung einer benutzerdefinierten App | Automatischer Bestellabgleich | Manueller Versand und fortlaufende Bestellkontrolle"},"content":{"rendered":"<p>Dieses System wurde speziell f\u00fcr \u00dcberseem\u00e4rkte entwickelt, unterst\u00fctzt mehrere Sprachen und verf\u00fcgt \u00fcber das neueste UI-Design. Es wurde auf der Grundlage des uniapp-Frameworks entwickelt und gew\u00e4hrleistet ein reibungsloses Frontend-Erlebnis mit starker plattform\u00fcbergreifender Kompatibilit\u00e4t.<\/p>\n<p>Wesentliche Merkmale:<\/p>\n<p>Verwaltung der Mitgliedschaft: Das System ist in der Lage, die Mitgliedschaftsstufen automatisch zu erh\u00f6hen und zwischen echten und gef\u00e4lschten Aufladungen zu unterscheiden, um die Authentizit\u00e4t und Zuverl\u00e4ssigkeit der Plattform zu gew\u00e4hrleisten.<\/p>\n<p>Auftragsverwaltung: Unterst\u00fctzt den automatischen Abgleich von Auftr\u00e4gen, um die Effizienz der Auftragserfassung zu verbessern; bietet au\u00dferdem Funktionen f\u00fcr den manuellen Versand, um spezielle Gesch\u00e4ftsanforderungen zu erf\u00fcllen.<\/p>\n<p>Konsekutive Auftragskontrolle: Bietet konsekutive Auftragssteuerung zur Optimierung von Auftragsverteilungsstrategien und zur Verbesserung der betrieblichen Effizienz.<\/p>\n<p>Produktbewertung: Die Mitglieder k\u00f6nnen Produkte bewerten, was die Interaktion mit den Nutzern und die Glaubw\u00fcrdigkeit der Plattform erh\u00f6ht.<\/p>\n<p>Mit seinen umfassenden Funktionen und seinem reibungslosen Betrieb eignet sich dieses System f\u00fcr globale Marktaktivit\u00e4ten und unterst\u00fctzt Unternehmen bei der effizienten Ausweitung ihres internationalen Gesch\u00e4fts.<\/p>\n<p><img fetchpriority=\"high\" decoding=\"async\" class=\"aligncenter size-full wp-image-2473\" src=\"https:\/\/sharewalker.com\/wp-content\/uploads\/2025\/03\/10001-20.jpg\" alt=\"\" width=\"413\" height=\"300\" \/> <img decoding=\"async\" class=\"aligncenter size-full wp-image-2474\" src=\"https:\/\/sharewalker.com\/wp-content\/uploads\/2025\/03\/10002-20.png\" alt=\"\" width=\"368\" height=\"800\" srcset=\"https:\/\/sharewalker.com\/wp-content\/uploads\/2025\/03\/10002-20.png 368w, https:\/\/sharewalker.com\/wp-content\/uploads\/2025\/03\/10002-20-300x652.png 300w, https:\/\/sharewalker.com\/wp-content\/uploads\/2025\/03\/10002-20-138x300.png 138w\" sizes=\"(max-width: 368px) 100vw, 368px\" \/> <img decoding=\"async\" class=\"aligncenter size-full wp-image-2475\" src=\"https:\/\/sharewalker.com\/wp-content\/uploads\/2025\/03\/10003-19.png\" alt=\"\" width=\"370\" height=\"804\" srcset=\"https:\/\/sharewalker.com\/wp-content\/uploads\/2025\/03\/10003-19.png 370w, https:\/\/sharewalker.com\/wp-content\/uploads\/2025\/03\/10003-19-300x652.png 300w, https:\/\/sharewalker.com\/wp-content\/uploads\/2025\/03\/10003-19-138x300.png 138w\" sizes=\"(max-width: 370px) 100vw, 370px\" \/> <img loading=\"lazy\" decoding=\"async\" class=\"aligncenter size-full wp-image-2476\" src=\"https:\/\/sharewalker.com\/wp-content\/uploads\/2025\/03\/10004-20.png\" alt=\"\" width=\"365\" height=\"801\" srcset=\"https:\/\/sharewalker.com\/wp-content\/uploads\/2025\/03\/10004-20.png 365w, https:\/\/sharewalker.com\/wp-content\/uploads\/2025\/03\/10004-20-300x658.png 300w, https:\/\/sharewalker.com\/wp-content\/uploads\/2025\/03\/10004-20-137x300.png 137w\" sizes=\"(max-width: 365px) 100vw, 365px\" \/> <img loading=\"lazy\" decoding=\"async\" class=\"aligncenter size-full wp-image-2477\" src=\"https:\/\/sharewalker.com\/wp-content\/uploads\/2025\/03\/10005-20.png\" alt=\"\" width=\"369\" height=\"798\" srcset=\"https:\/\/sharewalker.com\/wp-content\/uploads\/2025\/03\/10005-20.png 369w, https:\/\/sharewalker.com\/wp-content\/uploads\/2025\/03\/10005-20-300x649.png 300w, https:\/\/sharewalker.com\/wp-content\/uploads\/2025\/03\/10005-20-139x300.png 139w\" sizes=\"(max-width: 369px) 100vw, 369px\" \/> <img loading=\"lazy\" decoding=\"async\" class=\"aligncenter size-full wp-image-2478\" src=\"https:\/\/sharewalker.com\/wp-content\/uploads\/2025\/03\/10006-21.png\" alt=\"\" width=\"371\" height=\"800\" srcset=\"https:\/\/sharewalker.com\/wp-content\/uploads\/2025\/03\/10006-21.png 371w, https:\/\/sharewalker.com\/wp-content\/uploads\/2025\/03\/10006-21-300x647.png 300w, https:\/\/sharewalker.com\/wp-content\/uploads\/2025\/03\/10006-21-139x300.png 139w\" sizes=\"(max-width: 371px) 100vw, 371px\" \/> <img loading=\"lazy\" decoding=\"async\" class=\"aligncenter size-full wp-image-2479\" src=\"https:\/\/sharewalker.com\/wp-content\/uploads\/2025\/03\/10007-22.png\" alt=\"\" width=\"370\" height=\"800\" srcset=\"https:\/\/sharewalker.com\/wp-content\/uploads\/2025\/03\/10007-22.png 370w, https:\/\/sharewalker.com\/wp-content\/uploads\/2025\/03\/10007-22-300x649.png 300w, https:\/\/sharewalker.com\/wp-content\/uploads\/2025\/03\/10007-22-139x300.png 139w\" sizes=\"(max-width: 370px) 100vw, 370px\" \/> <img loading=\"lazy\" decoding=\"async\" class=\"aligncenter size-full wp-image-2480\" src=\"https:\/\/sharewalker.com\/wp-content\/uploads\/2025\/03\/10008-20.png\" alt=\"\" width=\"366\" height=\"798\" srcset=\"https:\/\/sharewalker.com\/wp-content\/uploads\/2025\/03\/10008-20.png 366w, https:\/\/sharewalker.com\/wp-content\/uploads\/2025\/03\/10008-20-300x654.png 300w, https:\/\/sharewalker.com\/wp-content\/uploads\/2025\/03\/10008-20-138x300.png 138w\" sizes=\"(max-width: 366px) 100vw, 366px\" \/> <img loading=\"lazy\" decoding=\"async\" class=\"aligncenter size-full wp-image-2481\" src=\"https:\/\/sharewalker.com\/wp-content\/uploads\/2025\/03\/10009-20.png\" alt=\"\" width=\"370\" height=\"800\" srcset=\"https:\/\/sharewalker.com\/wp-content\/uploads\/2025\/03\/10009-20.png 370w, https:\/\/sharewalker.com\/wp-content\/uploads\/2025\/03\/10009-20-300x649.png 300w, https:\/\/sharewalker.com\/wp-content\/uploads\/2025\/03\/10009-20-139x300.png 139w\" sizes=\"(max-width: 370px) 100vw, 370px\" \/> <img loading=\"lazy\" decoding=\"async\" class=\"aligncenter size-full wp-image-2482\" src=\"https:\/\/sharewalker.com\/wp-content\/uploads\/2025\/03\/10010-20.png\" alt=\"\" width=\"369\" height=\"803\" srcset=\"https:\/\/sharewalker.com\/wp-content\/uploads\/2025\/03\/10010-20.png 369w, https:\/\/sharewalker.com\/wp-content\/uploads\/2025\/03\/10010-20-300x653.png 300w, https:\/\/sharewalker.com\/wp-content\/uploads\/2025\/03\/10010-20-138x300.png 138w\" sizes=\"(max-width: 369px) 100vw, 369px\" \/> <img loading=\"lazy\" decoding=\"async\" class=\"aligncenter size-full wp-image-2483\" src=\"https:\/\/sharewalker.com\/wp-content\/uploads\/2025\/03\/10011-18.png\" alt=\"\" width=\"367\" height=\"803\" srcset=\"https:\/\/sharewalker.com\/wp-content\/uploads\/2025\/03\/10011-18.png 367w, https:\/\/sharewalker.com\/wp-content\/uploads\/2025\/03\/10011-18-300x656.png 300w, https:\/\/sharewalker.com\/wp-content\/uploads\/2025\/03\/10011-18-137x300.png 137w\" sizes=\"(max-width: 367px) 100vw, 367px\" \/> <img loading=\"lazy\" decoding=\"async\" class=\"aligncenter size-full wp-image-2484\" src=\"https:\/\/sharewalker.com\/wp-content\/uploads\/2025\/03\/10012-18.png\" alt=\"\" width=\"369\" height=\"802\" srcset=\"https:\/\/sharewalker.com\/wp-content\/uploads\/2025\/03\/10012-18.png 369w, https:\/\/sharewalker.com\/wp-content\/uploads\/2025\/03\/10012-18-300x652.png 300w, https:\/\/sharewalker.com\/wp-content\/uploads\/2025\/03\/10012-18-138x300.png 138w\" sizes=\"(max-width: 369px) 100vw, 369px\" \/> <img loading=\"lazy\" decoding=\"async\" class=\"aligncenter size-full wp-image-2485\" src=\"https:\/\/sharewalker.com\/wp-content\/uploads\/2025\/03\/10013-16.png\" alt=\"\" width=\"364\" height=\"799\" srcset=\"https:\/\/sharewalker.com\/wp-content\/uploads\/2025\/03\/10013-16.png 364w, https:\/\/sharewalker.com\/wp-content\/uploads\/2025\/03\/10013-16-300x659.png 300w, https:\/\/sharewalker.com\/wp-content\/uploads\/2025\/03\/10013-16-137x300.png 137w\" sizes=\"(max-width: 364px) 100vw, 364px\" \/> <img loading=\"lazy\" decoding=\"async\" class=\"aligncenter size-full wp-image-2486\" src=\"https:\/\/sharewalker.com\/wp-content\/uploads\/2025\/03\/10014-14.png\" alt=\"\" width=\"1631\" height=\"873\" srcset=\"https:\/\/sharewalker.com\/wp-content\/uploads\/2025\/03\/10014-14.png 1631w, https:\/\/sharewalker.com\/wp-content\/uploads\/2025\/03\/10014-14-300x161.png 300w, https:\/\/sharewalker.com\/wp-content\/uploads\/2025\/03\/10014-14-1024x548.png 1024w, https:\/\/sharewalker.com\/wp-content\/uploads\/2025\/03\/10014-14-768x411.png 768w, https:\/\/sharewalker.com\/wp-content\/uploads\/2025\/03\/10014-14-1536x822.png 1536w\" sizes=\"(max-width: 1631px) 100vw, 1631px\" \/> <img loading=\"lazy\" decoding=\"async\" class=\"aligncenter size-full wp-image-2487\" src=\"https:\/\/sharewalker.com\/wp-content\/uploads\/2025\/03\/10015-13.png\" alt=\"\" width=\"1605\" height=\"869\" srcset=\"https:\/\/sharewalker.com\/wp-content\/uploads\/2025\/03\/10015-13.png 1605w, https:\/\/sharewalker.com\/wp-content\/uploads\/2025\/03\/10015-13-300x162.png 300w, https:\/\/sharewalker.com\/wp-content\/uploads\/2025\/03\/10015-13-1024x554.png 1024w, https:\/\/sharewalker.com\/wp-content\/uploads\/2025\/03\/10015-13-768x416.png 768w, https:\/\/sharewalker.com\/wp-content\/uploads\/2025\/03\/10015-13-1536x832.png 1536w\" sizes=\"(max-width: 1605px) 100vw, 1605px\" \/> <img loading=\"lazy\" decoding=\"async\" class=\"aligncenter size-full wp-image-2488\" src=\"https:\/\/sharewalker.com\/wp-content\/uploads\/2025\/03\/10016-11.png\" alt=\"\" width=\"1631\" height=\"870\" srcset=\"https:\/\/sharewalker.com\/wp-content\/uploads\/2025\/03\/10016-11.png 1631w, https:\/\/sharewalker.com\/wp-content\/uploads\/2025\/03\/10016-11-300x160.png 300w, https:\/\/sharewalker.com\/wp-content\/uploads\/2025\/03\/10016-11-1024x546.png 1024w, https:\/\/sharewalker.com\/wp-content\/uploads\/2025\/03\/10016-11-768x410.png 768w, https:\/\/sharewalker.com\/wp-content\/uploads\/2025\/03\/10016-11-1536x819.png 1536w\" sizes=\"(max-width: 1631px) 100vw, 1631px\" \/> <img loading=\"lazy\" decoding=\"async\" class=\"aligncenter size-full wp-image-2489\" src=\"https:\/\/sharewalker.com\/wp-content\/uploads\/2025\/03\/10017-9.png\" alt=\"\" width=\"1630\" height=\"868\" srcset=\"https:\/\/sharewalker.com\/wp-content\/uploads\/2025\/03\/10017-9.png 1630w, https:\/\/sharewalker.com\/wp-content\/uploads\/2025\/03\/10017-9-300x160.png 300w, https:\/\/sharewalker.com\/wp-content\/uploads\/2025\/03\/10017-9-1024x545.png 1024w, https:\/\/sharewalker.com\/wp-content\/uploads\/2025\/03\/10017-9-768x409.png 768w, https:\/\/sharewalker.com\/wp-content\/uploads\/2025\/03\/10017-9-1536x818.png 1536w\" sizes=\"(max-width: 1630px) 100vw, 1630px\" \/> <img loading=\"lazy\" decoding=\"async\" class=\"aligncenter size-full wp-image-2490\" src=\"https:\/\/sharewalker.com\/wp-content\/uploads\/2025\/03\/10018-9.png\" alt=\"\" width=\"1631\" height=\"867\" srcset=\"https:\/\/sharewalker.com\/wp-content\/uploads\/2025\/03\/10018-9.png 1631w, https:\/\/sharewalker.com\/wp-content\/uploads\/2025\/03\/10018-9-300x159.png 300w, https:\/\/sharewalker.com\/wp-content\/uploads\/2025\/03\/10018-9-1024x544.png 1024w, https:\/\/sharewalker.com\/wp-content\/uploads\/2025\/03\/10018-9-768x408.png 768w, https:\/\/sharewalker.com\/wp-content\/uploads\/2025\/03\/10018-9-1536x817.png 1536w\" sizes=\"(max-width: 1631px) 100vw, 1631px\" \/><\/p>","protected":false},"excerpt":{"rendered":"<p>Dies ist ein neu entwickeltes, mehrsprachiges Bestellsystem f\u00fcr \u00dcbersee, das unter Verwendung des uniapp-Frameworks angepasst wurde. Es unterst\u00fctzt den automatischen Abgleich von Bestellungen, den manuellen Versand, die Kontrolle von aufeinanderfolgenden Bestellungen, die automatische H\u00f6herstufung von Mitgliedschaften und unterscheidet zwischen echten und gef\u00e4lschten Aufladungen von Mitgliedern.<\/p>","protected":false},"featured_media":9005,"comment_status":"open","ping_status":"closed","template":"","meta":{"_uag_custom_page_level_css":"","site-sidebar-layout":"default","site-content-layout":"","ast-site-content-layout":"default","site-content-style":"default","site-sidebar-style":"default","ast-global-header-display":"","ast-banner-title-visibility":"","ast-main-header-display":"","ast-hfb-above-header-display":"","ast-hfb-below-header-display":"","ast-hfb-mobile-header-display":"","site-post-title":"","ast-breadcrumbs-content":"","ast-featured-img":"","footer-sml-layout":"","theme-transparent-header-meta":"default","adv-header-id-meta":"","stick-header-meta":"","header-above-stick-meta":"","header-main-stick-meta":"","header-below-stick-meta":"","astra-migrate-meta-layouts":"set","ast-page-background-enabled":"default","ast-page-background-meta":{"desktop":{"background-color":"var(--ast-global-color-4)","background-image":"","background-repeat":"repeat","background-position":"center center","background-size":"auto","background-attachment":"scroll","background-type":"","background-media":"","overlay-type":"","overlay-color":"","overlay-opacity":"","overlay-gradient":""},"tablet":{"background-color":"","background-image":"","background-repeat":"repeat","background-position":"center center","background-size":"auto","background-attachment":"scroll","background-type":"","background-media":"","overlay-type":"","overlay-color":"","overlay-opacity":"","overlay-gradient":""},"mobile":{"background-color":"","background-image":"","background-repeat":"repeat","background-position":"center center","background-size":"auto","background-attachment":"scroll","background-type":"","background-media":"","overlay-type":"","overlay-color":"","overlay-opacity":"","overlay-gradient":""}},"ast-content-background-meta":{"desktop":{"background-color":"var(--ast-global-color-5)","background-image":"","background-repeat":"repeat","background-position":"center center","background-size":"auto","background-attachment":"scroll","background-type":"","background-media":"","overlay-type":"","overlay-color":"","overlay-opacity":"","overlay-gradient":""},"tablet":{"background-color":"var(--ast-global-color-5)","background-image":"","background-repeat":"repeat","background-position":"center center","background-size":"auto","background-attachment":"scroll","background-type":"","background-media":"","overlay-type":"","overlay-color":"","overlay-opacity":"","overlay-gradient":""},"mobile":{"background-color":"var(--ast-global-color-5)","background-image":"","background-repeat":"repeat","background-position":"center center","background-size":"auto","background-attachment":"scroll","background-type":"","background-media":"","overlay-type":"","overlay-color":"","overlay-opacity":"","overlay-gradient":""}}},"product_brand":[],"product_cat":[59],"product_tag":[184,90,186,185,64,180,187,181],"class_list":{"0":"post-2472","1":"product","2":"type-product","3":"status-publish","4":"has-post-thumbnail","6":"product_cat-order-sniping-order-manipulation","7":"product_tag-automatic-membership-level-upgrade","8":"product_tag-automatic-order-matching","9":"product_tag-consecutive-order-control","10":"product_tag-manual-dispatch","11":"product_tag-multi-language","12":"product_tag-overseas-order-grabbing-mall","13":"product_tag-product-evaluation","14":"product_tag-uniapp-development","15":"desktop-align-left","16":"tablet-align-left","17":"mobile-align-left","19":"first","20":"instock","21":"shipping-taxable","22":"product-type-simple"},"uagb_featured_image_src":{"full":["https:\/\/sharewalker.com\/wp-content\/uploads\/2025\/03\/1212121.jpg",292,300,false],"thumbnail":["https:\/\/sharewalker.com\/wp-content\/uploads\/2025\/03\/1212121-150x150.jpg",150,150,true],"medium":["https:\/\/sharewalker.com\/wp-content\/uploads\/2025\/03\/1212121.jpg",292,300,false],"medium_large":["https:\/\/sharewalker.com\/wp-content\/uploads\/2025\/03\/1212121.jpg",292,300,false],"large":["https:\/\/sharewalker.com\/wp-content\/uploads\/2025\/03\/1212121.jpg",292,300,false],"1536x1536":["https:\/\/sharewalker.com\/wp-content\/uploads\/2025\/03\/1212121.jpg",292,300,false],"2048x2048":["https:\/\/sharewalker.com\/wp-content\/uploads\/2025\/03\/1212121.jpg",292,300,false],"trp-custom-language-flag":["https:\/\/sharewalker.com\/wp-content\/uploads\/2025\/03\/1212121-12x12.jpg",12,12,true],"woocommerce_thumbnail":["https:\/\/sharewalker.com\/wp-content\/uploads\/2025\/03\/1212121.jpg",292,300,false],"woocommerce_single":["https:\/\/sharewalker.com\/wp-content\/uploads\/2025\/03\/1212121.jpg",292,300,false],"woocommerce_gallery_thumbnail":["https:\/\/sharewalker.com\/wp-content\/uploads\/2025\/03\/1212121-100x100.jpg",100,100,true]},"uagb_author_info":{"display_name":"admin","author_link":"https:\/\/sharewalker.com\/de\/author\/"},"uagb_comment_info":0,"uagb_excerpt":"This is a newly developed overseas multi-language order grabbing mall system, customized using the uniapp framework. It supports automatic order matching, manual dispatch, consecutive order control, automatic membership level upgrades, and distinguishes between genuine and fake member recharge records.\u200b","_links":{"self":[{"href":"https:\/\/sharewalker.com\/de\/wp-json\/wp\/v2\/product\/2472","targetHints":{"allow":["GET"]}}],"collection":[{"href":"https:\/\/sharewalker.com\/de\/wp-json\/wp\/v2\/product"}],"about":[{"href":"https:\/\/sharewalker.com\/de\/wp-json\/wp\/v2\/types\/product"}],"replies":[{"embeddable":true,"href":"https:\/\/sharewalker.com\/de\/wp-json\/wp\/v2\/comments?post=2472"}],"version-history":[{"count":0,"href":"https:\/\/sharewalker.com\/de\/wp-json\/wp\/v2\/product\/2472\/revisions"}],"wp:featuredmedia":[{"embeddable":true,"href":"https:\/\/sharewalker.com\/de\/wp-json\/wp\/v2\/media\/9005"}],"wp:attachment":[{"href":"https:\/\/sharewalker.com\/de\/wp-json\/wp\/v2\/media?parent=2472"}],"wp:term":[{"taxonomy":"product_brand","embeddable":true,"href":"https:\/\/sharewalker.com\/de\/wp-json\/wp\/v2\/product_brand?post=2472"},{"taxonomy":"product_cat","embeddable":true,"href":"https:\/\/sharewalker.com\/de\/wp-json\/wp\/v2\/product_cat?post=2472"},{"taxonomy":"product_tag","embeddable":true,"href":"https:\/\/sharewalker.com\/de\/wp-json\/wp\/v2\/product_tag?post=2472"}],"curies":[{"name":"wp","href":"https:\/\/api.w.org\/{rel}","templated":true}]}}