{"id":2545,"date":"2025-03-24T21:55:04","date_gmt":"2025-03-24T13:55:04","guid":{"rendered":"https:\/\/sharewalker.com\/?post_type=product&#038;p=2545"},"modified":"2025-03-28T13:53:25","modified_gmt":"2025-03-28T05:53:25","slug":"overseas-multi-language-movie-order-brushing-system-uni-app-development-agent-and-salesperson-management-order-lock-settings-overseas-source-code","status":"publish","type":"product","link":"https:\/\/sharewalker.com\/de\/produkt\/ubersee-mehrsprachiges-film-bursten-system-uni-app-entwicklung-agent-und-verkaufer-management-auftrag-sperre-einstellungen-ubersee-quellcode\/","title":{"rendered":"Mehrsprachiges Filmb\u00fcrstensystem f\u00fcr \u00dcbersee | uni-app Entwicklung | Agenten- und Verk\u00e4uferverwaltung | Einstellungen f\u00fcr Auftragssperre | Quellcode f\u00fcr \u00dcbersee"},"content":{"rendered":"<p>Das mit uni-app entwickelte Frontend des Systems unterst\u00fctzt 15 Sprachen und bietet eine reibungslose Schnittstelle. Zu den neuen Funktionen geh\u00f6ren die Verwaltung von Agenten und Verk\u00e4ufern mit unabh\u00e4ngigen Domain-Bindungen, dedizierten Zahlungsadressen und Zuweisungen f\u00fcr den Kundenservice. Die Einstellung f\u00fcr die Auftragssperre erm\u00f6glicht es den Benutzern, Startauftragsnummern, Provisionskoeffizienten und Aufladebetragsbereiche zu konfigurieren. Aufladeoptionen umfassen USDT TRC und ERC, w\u00e4hrend Abhebungen Bankkarten und USDT unterst\u00fctzen, wobei Agenten die Transaktionen \u00fcberpr\u00fcfen k\u00f6nnen. Die Backend-Verwaltung wurde durch die Integration von Google Authenticator verbessert, um die Sicherheit zu erh\u00f6hen.<\/p>\n<p>Wesentliche Merkmale:<\/p>\n<p>Mehrsprachige Unterst\u00fctzung: Unterst\u00fctzt 15 Sprachen, um die Bed\u00fcrfnisse von Benutzern weltweit zu erf\u00fcllen.<\/p>\n<p>Verwaltung von Vertretern und Verk\u00e4ufern: Bietet separate Backends f\u00fcr Agenten und Verk\u00e4ufer mit unabh\u00e4ngigen Domain-Bindungen.<\/p>\n<p>Dedizierter Zahlungs- und Kundendienst: Jeder Agent hat eine eigene Zahlungsadresse und einen eigenen Kundendienst, was einen pers\u00f6nlichen Service gew\u00e4hrleistet.<\/p>\n<p>Einstellungen f\u00fcr Auftragssperre: Erm\u00f6glicht es dem Benutzer, die Startauftragsnummer, den Provisionskoeffizienten und den Aufladebetragsbereich f\u00fcr die Auftragssperre festzulegen.<\/p>\n<p>Auflade- und Abhebungsmethoden: Unterst\u00fctzt USDT TRC und ERC Aufladungen, sowie Bankkarten und USDT Abhebungen. Agenten k\u00f6nnen Auflade- und Abhebungsantr\u00e4ge genehmigen.<\/p>\n<p>Verbessertes Backend-Management: Integriert Google Authenticator sowohl f\u00fcr das Haupt- als auch f\u00fcr das Agenten-Backend, um die Sicherheit zu erh\u00f6hen.<\/p>\n<p><img fetchpriority=\"high\" decoding=\"async\" class=\"aligncenter size-full wp-image-2546\" src=\"https:\/\/sharewalker.com\/wp-content\/uploads\/2025\/03\/10001-25.jpg\" alt=\"\" width=\"448\" height=\"300\" \/> <img decoding=\"async\" class=\"aligncenter size-full wp-image-2547\" src=\"https:\/\/sharewalker.com\/wp-content\/uploads\/2025\/03\/10002-25.png\" alt=\"\" width=\"399\" height=\"778\" srcset=\"https:\/\/sharewalker.com\/wp-content\/uploads\/2025\/03\/10002-25.png 399w, https:\/\/sharewalker.com\/wp-content\/uploads\/2025\/03\/10002-25-300x585.png 300w, https:\/\/sharewalker.com\/wp-content\/uploads\/2025\/03\/10002-25-154x300.png 154w\" sizes=\"(max-width: 399px) 100vw, 399px\" \/> <img decoding=\"async\" class=\"aligncenter size-full wp-image-2548\" src=\"https:\/\/sharewalker.com\/wp-content\/uploads\/2025\/03\/10003-24.png\" alt=\"\" width=\"401\" height=\"801\" srcset=\"https:\/\/sharewalker.com\/wp-content\/uploads\/2025\/03\/10003-24.png 401w, https:\/\/sharewalker.com\/wp-content\/uploads\/2025\/03\/10003-24-300x599.png 300w, https:\/\/sharewalker.com\/wp-content\/uploads\/2025\/03\/10003-24-150x300.png 150w\" sizes=\"(max-width: 401px) 100vw, 401px\" \/> <img loading=\"lazy\" decoding=\"async\" class=\"aligncenter size-full wp-image-2549\" src=\"https:\/\/sharewalker.com\/wp-content\/uploads\/2025\/03\/10004-25.png\" alt=\"\" width=\"400\" height=\"802\" srcset=\"https:\/\/sharewalker.com\/wp-content\/uploads\/2025\/03\/10004-25.png 400w, https:\/\/sharewalker.com\/wp-content\/uploads\/2025\/03\/10004-25-300x602.png 300w, https:\/\/sharewalker.com\/wp-content\/uploads\/2025\/03\/10004-25-150x300.png 150w\" sizes=\"(max-width: 400px) 100vw, 400px\" \/> <img loading=\"lazy\" decoding=\"async\" class=\"aligncenter size-full wp-image-2550\" src=\"https:\/\/sharewalker.com\/wp-content\/uploads\/2025\/03\/10005-25.png\" alt=\"\" width=\"402\" height=\"807\" srcset=\"https:\/\/sharewalker.com\/wp-content\/uploads\/2025\/03\/10005-25.png 402w, https:\/\/sharewalker.com\/wp-content\/uploads\/2025\/03\/10005-25-300x602.png 300w, https:\/\/sharewalker.com\/wp-content\/uploads\/2025\/03\/10005-25-149x300.png 149w\" sizes=\"(max-width: 402px) 100vw, 402px\" \/> <img loading=\"lazy\" decoding=\"async\" class=\"aligncenter size-full wp-image-2551\" src=\"https:\/\/sharewalker.com\/wp-content\/uploads\/2025\/03\/10006-26.png\" alt=\"\" width=\"400\" height=\"804\" srcset=\"https:\/\/sharewalker.com\/wp-content\/uploads\/2025\/03\/10006-26.png 400w, https:\/\/sharewalker.com\/wp-content\/uploads\/2025\/03\/10006-26-300x603.png 300w, https:\/\/sharewalker.com\/wp-content\/uploads\/2025\/03\/10006-26-149x300.png 149w\" sizes=\"(max-width: 400px) 100vw, 400px\" \/> <img loading=\"lazy\" decoding=\"async\" class=\"aligncenter size-full wp-image-2552\" src=\"https:\/\/sharewalker.com\/wp-content\/uploads\/2025\/03\/10007-26.png\" alt=\"\" width=\"402\" height=\"798\" srcset=\"https:\/\/sharewalker.com\/wp-content\/uploads\/2025\/03\/10007-26.png 402w, https:\/\/sharewalker.com\/wp-content\/uploads\/2025\/03\/10007-26-300x596.png 300w, https:\/\/sharewalker.com\/wp-content\/uploads\/2025\/03\/10007-26-151x300.png 151w\" sizes=\"(max-width: 402px) 100vw, 402px\" \/> <img loading=\"lazy\" decoding=\"async\" class=\"aligncenter size-full wp-image-2553\" src=\"https:\/\/sharewalker.com\/wp-content\/uploads\/2025\/03\/10008-24.png\" alt=\"\" width=\"399\" height=\"806\" srcset=\"https:\/\/sharewalker.com\/wp-content\/uploads\/2025\/03\/10008-24.png 399w, https:\/\/sharewalker.com\/wp-content\/uploads\/2025\/03\/10008-24-300x606.png 300w, https:\/\/sharewalker.com\/wp-content\/uploads\/2025\/03\/10008-24-149x300.png 149w\" sizes=\"(max-width: 399px) 100vw, 399px\" \/> <img loading=\"lazy\" decoding=\"async\" class=\"aligncenter size-full wp-image-2554\" src=\"https:\/\/sharewalker.com\/wp-content\/uploads\/2025\/03\/10009-24.png\" alt=\"\" width=\"398\" height=\"801\" srcset=\"https:\/\/sharewalker.com\/wp-content\/uploads\/2025\/03\/10009-24.png 398w, https:\/\/sharewalker.com\/wp-content\/uploads\/2025\/03\/10009-24-300x604.png 300w, https:\/\/sharewalker.com\/wp-content\/uploads\/2025\/03\/10009-24-149x300.png 149w\" sizes=\"(max-width: 398px) 100vw, 398px\" \/> <img loading=\"lazy\" decoding=\"async\" class=\"aligncenter size-full wp-image-2555\" src=\"https:\/\/sharewalker.com\/wp-content\/uploads\/2025\/03\/10010-24.png\" alt=\"\" width=\"399\" height=\"801\" srcset=\"https:\/\/sharewalker.com\/wp-content\/uploads\/2025\/03\/10010-24.png 399w, https:\/\/sharewalker.com\/wp-content\/uploads\/2025\/03\/10010-24-300x602.png 300w, https:\/\/sharewalker.com\/wp-content\/uploads\/2025\/03\/10010-24-149x300.png 149w\" sizes=\"(max-width: 399px) 100vw, 399px\" \/> <img loading=\"lazy\" decoding=\"async\" class=\"aligncenter size-full wp-image-2556\" src=\"https:\/\/sharewalker.com\/wp-content\/uploads\/2025\/03\/10011-22.png\" alt=\"\" width=\"393\" height=\"796\" srcset=\"https:\/\/sharewalker.com\/wp-content\/uploads\/2025\/03\/10011-22.png 393w, https:\/\/sharewalker.com\/wp-content\/uploads\/2025\/03\/10011-22-300x608.png 300w, https:\/\/sharewalker.com\/wp-content\/uploads\/2025\/03\/10011-22-148x300.png 148w\" sizes=\"(max-width: 393px) 100vw, 393px\" \/> <img loading=\"lazy\" decoding=\"async\" class=\"aligncenter size-full wp-image-2557\" src=\"https:\/\/sharewalker.com\/wp-content\/uploads\/2025\/03\/10012-22.png\" alt=\"\" width=\"399\" height=\"802\" srcset=\"https:\/\/sharewalker.com\/wp-content\/uploads\/2025\/03\/10012-22.png 399w, https:\/\/sharewalker.com\/wp-content\/uploads\/2025\/03\/10012-22-300x603.png 300w, https:\/\/sharewalker.com\/wp-content\/uploads\/2025\/03\/10012-22-149x300.png 149w\" sizes=\"(max-width: 399px) 100vw, 399px\" \/> <img loading=\"lazy\" decoding=\"async\" class=\"aligncenter size-full wp-image-2558\" src=\"https:\/\/sharewalker.com\/wp-content\/uploads\/2025\/03\/10013-20.png\" alt=\"\" width=\"401\" height=\"800\" srcset=\"https:\/\/sharewalker.com\/wp-content\/uploads\/2025\/03\/10013-20.png 401w, https:\/\/sharewalker.com\/wp-content\/uploads\/2025\/03\/10013-20-300x599.png 300w, https:\/\/sharewalker.com\/wp-content\/uploads\/2025\/03\/10013-20-150x300.png 150w\" sizes=\"(max-width: 401px) 100vw, 401px\" \/> <img loading=\"lazy\" decoding=\"async\" class=\"aligncenter size-full wp-image-2559\" src=\"https:\/\/sharewalker.com\/wp-content\/uploads\/2025\/03\/10014-17.png\" alt=\"\" width=\"1920\" height=\"923\" srcset=\"https:\/\/sharewalker.com\/wp-content\/uploads\/2025\/03\/10014-17.png 1920w, https:\/\/sharewalker.com\/wp-content\/uploads\/2025\/03\/10014-17-300x144.png 300w, https:\/\/sharewalker.com\/wp-content\/uploads\/2025\/03\/10014-17-1024x492.png 1024w, https:\/\/sharewalker.com\/wp-content\/uploads\/2025\/03\/10014-17-768x369.png 768w, https:\/\/sharewalker.com\/wp-content\/uploads\/2025\/03\/10014-17-1536x738.png 1536w\" sizes=\"(max-width: 1920px) 100vw, 1920px\" \/> <img loading=\"lazy\" decoding=\"async\" class=\"aligncenter size-full wp-image-2560\" src=\"https:\/\/sharewalker.com\/wp-content\/uploads\/2025\/03\/10015-16.png\" alt=\"\" width=\"1920\" height=\"929\" srcset=\"https:\/\/sharewalker.com\/wp-content\/uploads\/2025\/03\/10015-16.png 1920w, https:\/\/sharewalker.com\/wp-content\/uploads\/2025\/03\/10015-16-300x145.png 300w, https:\/\/sharewalker.com\/wp-content\/uploads\/2025\/03\/10015-16-1024x495.png 1024w, https:\/\/sharewalker.com\/wp-content\/uploads\/2025\/03\/10015-16-768x372.png 768w, https:\/\/sharewalker.com\/wp-content\/uploads\/2025\/03\/10015-16-1536x743.png 1536w\" sizes=\"(max-width: 1920px) 100vw, 1920px\" \/> <img loading=\"lazy\" decoding=\"async\" class=\"aligncenter size-full wp-image-2561\" src=\"https:\/\/sharewalker.com\/wp-content\/uploads\/2025\/03\/10016-13.png\" alt=\"\" width=\"1920\" height=\"919\" srcset=\"https:\/\/sharewalker.com\/wp-content\/uploads\/2025\/03\/10016-13.png 1920w, https:\/\/sharewalker.com\/wp-content\/uploads\/2025\/03\/10016-13-300x144.png 300w, https:\/\/sharewalker.com\/wp-content\/uploads\/2025\/03\/10016-13-1024x490.png 1024w, https:\/\/sharewalker.com\/wp-content\/uploads\/2025\/03\/10016-13-768x368.png 768w, https:\/\/sharewalker.com\/wp-content\/uploads\/2025\/03\/10016-13-1536x735.png 1536w\" sizes=\"(max-width: 1920px) 100vw, 1920px\" \/> <img loading=\"lazy\" decoding=\"async\" class=\"aligncenter size-full wp-image-2562\" src=\"https:\/\/sharewalker.com\/wp-content\/uploads\/2025\/03\/10017-10.png\" alt=\"\" width=\"1920\" height=\"926\" srcset=\"https:\/\/sharewalker.com\/wp-content\/uploads\/2025\/03\/10017-10.png 1920w, https:\/\/sharewalker.com\/wp-content\/uploads\/2025\/03\/10017-10-300x145.png 300w, https:\/\/sharewalker.com\/wp-content\/uploads\/2025\/03\/10017-10-1024x494.png 1024w, https:\/\/sharewalker.com\/wp-content\/uploads\/2025\/03\/10017-10-768x370.png 768w, https:\/\/sharewalker.com\/wp-content\/uploads\/2025\/03\/10017-10-1536x741.png 1536w\" sizes=\"(max-width: 1920px) 100vw, 1920px\" \/> <img loading=\"lazy\" decoding=\"async\" class=\"aligncenter size-full wp-image-2563\" src=\"https:\/\/sharewalker.com\/wp-content\/uploads\/2025\/03\/10018-10.png\" alt=\"\" width=\"1920\" height=\"920\" srcset=\"https:\/\/sharewalker.com\/wp-content\/uploads\/2025\/03\/10018-10.png 1920w, https:\/\/sharewalker.com\/wp-content\/uploads\/2025\/03\/10018-10-300x144.png 300w, https:\/\/sharewalker.com\/wp-content\/uploads\/2025\/03\/10018-10-1024x491.png 1024w, https:\/\/sharewalker.com\/wp-content\/uploads\/2025\/03\/10018-10-768x368.png 768w, https:\/\/sharewalker.com\/wp-content\/uploads\/2025\/03\/10018-10-1536x736.png 1536w\" sizes=\"(max-width: 1920px) 100vw, 1920px\" \/> <img loading=\"lazy\" decoding=\"async\" class=\"aligncenter size-full wp-image-2564\" src=\"https:\/\/sharewalker.com\/wp-content\/uploads\/2025\/03\/10019-5.png\" alt=\"\" width=\"1920\" height=\"921\" srcset=\"https:\/\/sharewalker.com\/wp-content\/uploads\/2025\/03\/10019-5.png 1920w, https:\/\/sharewalker.com\/wp-content\/uploads\/2025\/03\/10019-5-300x144.png 300w, https:\/\/sharewalker.com\/wp-content\/uploads\/2025\/03\/10019-5-1024x491.png 1024w, https:\/\/sharewalker.com\/wp-content\/uploads\/2025\/03\/10019-5-768x368.png 768w, https:\/\/sharewalker.com\/wp-content\/uploads\/2025\/03\/10019-5-1536x737.png 1536w\" sizes=\"(max-width: 1920px) 100vw, 1920px\" \/><\/p>","protected":false},"excerpt":{"rendered":"<p>Dieses mehrsprachige System f\u00fcr Filmbestellungen in \u00dcbersee wurde mit uni-app entwickelt und unterst\u00fctzt bis zu 15 Sprachen. Es bietet eine Backend-Verwaltung f\u00fcr Agenten und Verk\u00e4ufer, Funktionen wie Bestellsperren, spezielle Zahlungsadressen und einen Kundenservice, der den globalen Benutzeranforderungen gerecht wird.<\/p>","protected":false},"featured_media":9003,"comment_status":"open","ping_status":"closed","template":"","meta":{"_uag_custom_page_level_css":"","site-sidebar-layout":"default","site-content-layout":"","ast-site-content-layout":"default","site-content-style":"default","site-sidebar-style":"default","ast-global-header-display":"","ast-banner-title-visibility":"","ast-main-header-display":"","ast-hfb-above-header-display":"","ast-hfb-below-header-display":"","ast-hfb-mobile-header-display":"","site-post-title":"","ast-breadcrumbs-content":"","ast-featured-img":"","footer-sml-layout":"","theme-transparent-header-meta":"default","adv-header-id-meta":"","stick-header-meta":"","header-above-stick-meta":"","header-main-stick-meta":"","header-below-stick-meta":"","astra-migrate-meta-layouts":"set","ast-page-background-enabled":"default","ast-page-background-meta":{"desktop":{"background-color":"var(--ast-global-color-4)","background-image":"","background-repeat":"repeat","background-position":"center center","background-size":"auto","background-attachment":"scroll","background-type":"","background-media":"","overlay-type":"","overlay-color":"","overlay-opacity":"","overlay-gradient":""},"tablet":{"background-color":"","background-image":"","background-repeat":"repeat","background-position":"center center","background-size":"auto","background-attachment":"scroll","background-type":"","background-media":"","overlay-type":"","overlay-color":"","overlay-opacity":"","overlay-gradient":""},"mobile":{"background-color":"","background-image":"","background-repeat":"repeat","background-position":"center center","background-size":"auto","background-attachment":"scroll","background-type":"","background-media":"","overlay-type":"","overlay-color":"","overlay-opacity":"","overlay-gradient":""}},"ast-content-background-meta":{"desktop":{"background-color":"var(--ast-global-color-5)","background-image":"","background-repeat":"repeat","background-position":"center center","background-size":"auto","background-attachment":"scroll","background-type":"","background-media":"","overlay-type":"","overlay-color":"","overlay-opacity":"","overlay-gradient":""},"tablet":{"background-color":"var(--ast-global-color-5)","background-image":"","background-repeat":"repeat","background-position":"center center","background-size":"auto","background-attachment":"scroll","background-type":"","background-media":"","overlay-type":"","overlay-color":"","overlay-opacity":"","overlay-gradient":""},"mobile":{"background-color":"var(--ast-global-color-5)","background-image":"","background-repeat":"repeat","background-position":"center center","background-size":"auto","background-attachment":"scroll","background-type":"","background-media":"","overlay-type":"","overlay-color":"","overlay-opacity":"","overlay-gradient":""}}},"product_brand":[],"product_cat":[59],"product_tag":[203,205,202,201,204,146],"class_list":{"0":"post-2545","1":"product","2":"type-product","3":"status-publish","4":"has-post-thumbnail","6":"product_cat-order-sniping-order-manipulation","7":"product_tag-agent-management-system","8":"product_tag-order-lock-settings","9":"product_tag-overseas-movie-order-brushing-system","10":"product_tag-overseas-source-code","11":"product_tag-salesperson-management","12":"product_tag-uni-app-development","13":"desktop-align-left","14":"tablet-align-left","15":"mobile-align-left","17":"first","18":"instock","19":"shipping-taxable","20":"product-type-simple"},"uagb_featured_image_src":{"full":["https:\/\/sharewalker.com\/wp-content\/uploads\/2025\/03\/5555555555.jpg",301,300,false],"thumbnail":["https:\/\/sharewalker.com\/wp-content\/uploads\/2025\/03\/5555555555-150x150.jpg",150,150,true],"medium":["https:\/\/sharewalker.com\/wp-content\/uploads\/2025\/03\/5555555555.jpg",300,299,false],"medium_large":["https:\/\/sharewalker.com\/wp-content\/uploads\/2025\/03\/5555555555.jpg",301,300,false],"large":["https:\/\/sharewalker.com\/wp-content\/uploads\/2025\/03\/5555555555.jpg",301,300,false],"1536x1536":["https:\/\/sharewalker.com\/wp-content\/uploads\/2025\/03\/5555555555.jpg",301,300,false],"2048x2048":["https:\/\/sharewalker.com\/wp-content\/uploads\/2025\/03\/5555555555.jpg",301,300,false],"trp-custom-language-flag":["https:\/\/sharewalker.com\/wp-content\/uploads\/2025\/03\/5555555555-12x12.jpg",12,12,true],"woocommerce_thumbnail":["https:\/\/sharewalker.com\/wp-content\/uploads\/2025\/03\/5555555555.jpg",300,299,false],"woocommerce_single":["https:\/\/sharewalker.com\/wp-content\/uploads\/2025\/03\/5555555555.jpg",300,299,false],"woocommerce_gallery_thumbnail":["https:\/\/sharewalker.com\/wp-content\/uploads\/2025\/03\/5555555555-100x100.jpg",100,100,true]},"uagb_author_info":{"display_name":"admin","author_link":"https:\/\/sharewalker.com\/de\/author\/"},"uagb_comment_info":0,"uagb_excerpt":"This overseas multi-language movie order brushing system is developed using uni-app, supporting up to 15 languages. It offers agent and salesperson backend management, features like order lock settings, dedicated payment addresses, and customer service, catering to global user needs.\u200b","_links":{"self":[{"href":"https:\/\/sharewalker.com\/de\/wp-json\/wp\/v2\/product\/2545","targetHints":{"allow":["GET"]}}],"collection":[{"href":"https:\/\/sharewalker.com\/de\/wp-json\/wp\/v2\/product"}],"about":[{"href":"https:\/\/sharewalker.com\/de\/wp-json\/wp\/v2\/types\/product"}],"replies":[{"embeddable":true,"href":"https:\/\/sharewalker.com\/de\/wp-json\/wp\/v2\/comments?post=2545"}],"version-history":[{"count":0,"href":"https:\/\/sharewalker.com\/de\/wp-json\/wp\/v2\/product\/2545\/revisions"}],"wp:featuredmedia":[{"embeddable":true,"href":"https:\/\/sharewalker.com\/de\/wp-json\/wp\/v2\/media\/9003"}],"wp:attachment":[{"href":"https:\/\/sharewalker.com\/de\/wp-json\/wp\/v2\/media?parent=2545"}],"wp:term":[{"taxonomy":"product_brand","embeddable":true,"href":"https:\/\/sharewalker.com\/de\/wp-json\/wp\/v2\/product_brand?post=2545"},{"taxonomy":"product_cat","embeddable":true,"href":"https:\/\/sharewalker.com\/de\/wp-json\/wp\/v2\/product_cat?post=2545"},{"taxonomy":"product_tag","embeddable":true,"href":"https:\/\/sharewalker.com\/de\/wp-json\/wp\/v2\/product_tag?post=2545"}],"curies":[{"name":"wp","href":"https:\/\/api.w.org\/{rel}","templated":true}]}}