{"id":2579,"date":"2025-03-24T22:04:59","date_gmt":"2025-03-24T14:04:59","guid":{"rendered":"https:\/\/sharewalker.com\/?post_type=product&#038;p=2579"},"modified":"2025-03-24T22:04:59","modified_gmt":"2025-03-24T14:04:59","slug":"multi-language-order-auto-matching-system-group-management-auto-recharge-frontend-vue-development","status":"publish","type":"product","link":"https:\/\/sharewalker.com\/de\/produkt\/mehrsprachige-bestellung-auto-matching-system-gruppen-management-auto-aufladung-frontend-vue-entwicklung\/","title":{"rendered":"Mehrsprachiges Order Auto-Matching System | Group Management &amp; Auto Recharge | Frontend Vue Entwicklung"},"content":{"rendered":"<p>Das mit Vue entwickelte Frontend des Systems unterst\u00fctzt mehrere Sprachen und verbessert die globale Benutzererfahrung. Zu den wichtigsten Funktionen geh\u00f6ren.<\/p>\n<p>Auto-Matching von Auftr\u00e4gen: Intelligenter Auftragsabgleich zur Verbesserung der Verarbeitungseffizienz.<\/p>\n<p>Gruppenverwaltung und Injektion: Unterst\u00fctzt die Verwaltung von Benutzergruppen und Injektionsvorg\u00e4nge zur Erf\u00fcllung von Gesch\u00e4ftsanforderungen.<\/p>\n<p>Planer f\u00fcr automatische Aufladung: Automatische Aufladefunktion, um einen ausreichenden Kontostand zu gew\u00e4hrleisten.<\/p>\n<p>Backend-Konfiguration: Der Administrator kann die Standardsprache, Region und Zeitbeschr\u00e4nkungen f\u00fcr eine flexible Systemkonfiguration festlegen.<\/p>\n<p>Optimierung der Leistung: Verbesserte Systemladegeschwindigkeit f\u00fcr ein besseres Benutzererlebnis.<\/p>\n<p><img fetchpriority=\"high\" decoding=\"async\" class=\"aligncenter size-full wp-image-2580\" src=\"https:\/\/sharewalker.com\/wp-content\/uploads\/2025\/03\/10001-27.jpg\" alt=\"\" width=\"1024\" height=\"736\" srcset=\"https:\/\/sharewalker.com\/wp-content\/uploads\/2025\/03\/10001-27.jpg 1024w, https:\/\/sharewalker.com\/wp-content\/uploads\/2025\/03\/10001-27-300x216.jpg 300w, https:\/\/sharewalker.com\/wp-content\/uploads\/2025\/03\/10001-27-768x552.jpg 768w\" sizes=\"(max-width: 1024px) 100vw, 1024px\" \/> <img decoding=\"async\" class=\"aligncenter size-full wp-image-2581\" src=\"https:\/\/sharewalker.com\/wp-content\/uploads\/2025\/03\/10002-5.jpg\" alt=\"\" width=\"1024\" height=\"738\" srcset=\"https:\/\/sharewalker.com\/wp-content\/uploads\/2025\/03\/10002-5.jpg 1024w, https:\/\/sharewalker.com\/wp-content\/uploads\/2025\/03\/10002-5-300x216.jpg 300w, https:\/\/sharewalker.com\/wp-content\/uploads\/2025\/03\/10002-5-768x554.jpg 768w\" sizes=\"(max-width: 1024px) 100vw, 1024px\" \/> <img decoding=\"async\" class=\"aligncenter size-full wp-image-2582\" src=\"https:\/\/sharewalker.com\/wp-content\/uploads\/2025\/03\/10003-6.jpg\" alt=\"\" width=\"1175\" height=\"844\" \/> <img loading=\"lazy\" decoding=\"async\" class=\"aligncenter size-full wp-image-2583\" src=\"https:\/\/sharewalker.com\/wp-content\/uploads\/2025\/03\/10004-26.png\" alt=\"\" width=\"1024\" height=\"519\" srcset=\"https:\/\/sharewalker.com\/wp-content\/uploads\/2025\/03\/10004-26.png 1024w, https:\/\/sharewalker.com\/wp-content\/uploads\/2025\/03\/10004-26-300x152.png 300w, https:\/\/sharewalker.com\/wp-content\/uploads\/2025\/03\/10004-26-768x389.png 768w\" sizes=\"(max-width: 1024px) 100vw, 1024px\" \/> <img loading=\"lazy\" decoding=\"async\" class=\"aligncenter size-full wp-image-2584\" src=\"https:\/\/sharewalker.com\/wp-content\/uploads\/2025\/03\/10005-27.png\" alt=\"\" width=\"1024\" height=\"519\" srcset=\"https:\/\/sharewalker.com\/wp-content\/uploads\/2025\/03\/10005-27.png 1024w, https:\/\/sharewalker.com\/wp-content\/uploads\/2025\/03\/10005-27-300x152.png 300w, https:\/\/sharewalker.com\/wp-content\/uploads\/2025\/03\/10005-27-768x389.png 768w\" sizes=\"(max-width: 1024px) 100vw, 1024px\" \/><\/p>","protected":false},"excerpt":{"rendered":"<p>Dieses mit Vue entwickelte, mehrsprachige System zur automatischen Zuordnung von Bestellungen unterst\u00fctzt Gruppenmanagement, Injektionsfunktionen und geplante automatische Aufladeaufgaben. Das Backend erm\u00f6glicht die Einstellung von Standardsprache, Region und Zeitbeschr\u00e4nkungen und optimiert die Systemleistung f\u00fcr eine verbesserte Benutzererfahrung.<\/p>","protected":false},"featured_media":2582,"comment_status":"open","ping_status":"closed","template":"","meta":{"_uag_custom_page_level_css":"","site-sidebar-layout":"default","site-content-layout":"","ast-site-content-layout":"default","site-content-style":"default","site-sidebar-style":"default","ast-global-header-display":"","ast-banner-title-visibility":"","ast-main-header-display":"","ast-hfb-above-header-display":"","ast-hfb-below-header-display":"","ast-hfb-mobile-header-display":"","site-post-title":"","ast-breadcrumbs-content":"","ast-featured-img":"","footer-sml-layout":"","theme-transparent-header-meta":"default","adv-header-id-meta":"","stick-header-meta":"","header-above-stick-meta":"","header-main-stick-meta":"","header-below-stick-meta":"","astra-migrate-meta-layouts":"set","ast-page-background-enabled":"default","ast-page-background-meta":{"desktop":{"background-color":"var(--ast-global-color-4)","background-image":"","background-repeat":"repeat","background-position":"center center","background-size":"auto","background-attachment":"scroll","background-type":"","background-media":"","overlay-type":"","overlay-color":"","overlay-opacity":"","overlay-gradient":""},"tablet":{"background-color":"","background-image":"","background-repeat":"repeat","background-position":"center center","background-size":"auto","background-attachment":"scroll","background-type":"","background-media":"","overlay-type":"","overlay-color":"","overlay-opacity":"","overlay-gradient":""},"mobile":{"background-color":"","background-image":"","background-repeat":"repeat","background-position":"center center","background-size":"auto","background-attachment":"scroll","background-type":"","background-media":"","overlay-type":"","overlay-color":"","overlay-opacity":"","overlay-gradient":""}},"ast-content-background-meta":{"desktop":{"background-color":"var(--ast-global-color-5)","background-image":"","background-repeat":"repeat","background-position":"center center","background-size":"auto","background-attachment":"scroll","background-type":"","background-media":"","overlay-type":"","overlay-color":"","overlay-opacity":"","overlay-gradient":""},"tablet":{"background-color":"var(--ast-global-color-5)","background-image":"","background-repeat":"repeat","background-position":"center center","background-size":"auto","background-attachment":"scroll","background-type":"","background-media":"","overlay-type":"","overlay-color":"","overlay-opacity":"","overlay-gradient":""},"mobile":{"background-color":"var(--ast-global-color-5)","background-image":"","background-repeat":"repeat","background-position":"center center","background-size":"auto","background-attachment":"scroll","background-type":"","background-media":"","overlay-type":"","overlay-color":"","overlay-opacity":"","overlay-gradient":""}}},"product_brand":[],"product_cat":[59],"product_tag":[212,210,200,211,70],"class_list":{"0":"post-2579","1":"product","2":"type-product","3":"status-publish","4":"has-post-thumbnail","6":"product_cat-order-sniping-order-manipulation","7":"product_tag-auto-recharge-feature","8":"product_tag-frontend-vue-development","9":"product_tag-group-management","10":"product_tag-multi-language-order-system","11":"product_tag-order-auto-matching","12":"desktop-align-left","13":"tablet-align-left","14":"mobile-align-left","16":"first","17":"instock","18":"shipping-taxable","19":"product-type-simple"},"uagb_featured_image_src":{"full":["https:\/\/sharewalker.com\/wp-content\/uploads\/2025\/03\/10003-6-e1742825088823.jpg",787,844,false],"thumbnail":["https:\/\/sharewalker.com\/wp-content\/uploads\/2025\/03\/10003-6-e1742825088823-150x150.jpg",150,150,true],"medium":["https:\/\/sharewalker.com\/wp-content\/uploads\/2025\/03\/10003-6-e1742825088823-280x300.jpg",280,300,true],"medium_large":["https:\/\/sharewalker.com\/wp-content\/uploads\/2025\/03\/10003-6-e1742825088823-768x824.jpg",768,824,true],"large":["https:\/\/sharewalker.com\/wp-content\/uploads\/2025\/03\/10003-6-1024x736.jpg",1024,736,true],"1536x1536":["https:\/\/sharewalker.com\/wp-content\/uploads\/2025\/03\/10003-6-e1742825088823.jpg",787,844,false],"2048x2048":["https:\/\/sharewalker.com\/wp-content\/uploads\/2025\/03\/10003-6-e1742825088823.jpg",787,844,false],"trp-custom-language-flag":["https:\/\/sharewalker.com\/wp-content\/uploads\/2025\/03\/10003-6-e1742825088823.jpg",11,12,false],"woocommerce_thumbnail":["https:\/\/sharewalker.com\/wp-content\/uploads\/2025\/03\/10003-6-e1742825088823-300x300.jpg",300,300,true],"woocommerce_single":["https:\/\/sharewalker.com\/wp-content\/uploads\/2025\/03\/10003-6-e1742825088823-300x322.jpg",300,322,true],"woocommerce_gallery_thumbnail":["https:\/\/sharewalker.com\/wp-content\/uploads\/2025\/03\/10003-6-e1742825088823-100x100.jpg",100,100,true]},"uagb_author_info":{"display_name":"admin","author_link":"https:\/\/sharewalker.com\/de\/author\/"},"uagb_comment_info":0,"uagb_excerpt":"This multi-language order auto-matching system, developed with Vue, supports group management, injection functionality, and scheduled auto-recharge tasks. The backend allows setting default language, region, and time restrictions, optimizing system performance for an enhanced user experience.\u200b","_links":{"self":[{"href":"https:\/\/sharewalker.com\/de\/wp-json\/wp\/v2\/product\/2579","targetHints":{"allow":["GET"]}}],"collection":[{"href":"https:\/\/sharewalker.com\/de\/wp-json\/wp\/v2\/product"}],"about":[{"href":"https:\/\/sharewalker.com\/de\/wp-json\/wp\/v2\/types\/product"}],"replies":[{"embeddable":true,"href":"https:\/\/sharewalker.com\/de\/wp-json\/wp\/v2\/comments?post=2579"}],"version-history":[{"count":0,"href":"https:\/\/sharewalker.com\/de\/wp-json\/wp\/v2\/product\/2579\/revisions"}],"wp:featuredmedia":[{"embeddable":true,"href":"https:\/\/sharewalker.com\/de\/wp-json\/wp\/v2\/media\/2582"}],"wp:attachment":[{"href":"https:\/\/sharewalker.com\/de\/wp-json\/wp\/v2\/media?parent=2579"}],"wp:term":[{"taxonomy":"product_brand","embeddable":true,"href":"https:\/\/sharewalker.com\/de\/wp-json\/wp\/v2\/product_brand?post=2579"},{"taxonomy":"product_cat","embeddable":true,"href":"https:\/\/sharewalker.com\/de\/wp-json\/wp\/v2\/product_cat?post=2579"},{"taxonomy":"product_tag","embeddable":true,"href":"https:\/\/sharewalker.com\/de\/wp-json\/wp\/v2\/product_tag?post=2579"}],"curies":[{"name":"wp","href":"https:\/\/api.w.org\/{rel}","templated":true}]}}