{"id":2986,"date":"2025-03-25T15:52:31","date_gmt":"2025-03-25T07:52:31","guid":{"rendered":"https:\/\/sharewalker.com\/?post_type=product&#038;p=2986"},"modified":"2025-04-23T16:51:46","modified_gmt":"2025-04-23T08:51:46","slug":"vietnam-stock-and-fund-investment-system-source-code-stock-purchase-and-fund-investment-features","status":"publish","type":"product","link":"https:\/\/sharewalker.com\/de\/produkt\/vietnamesisches-aktien-und-fondsanlagesystem-quellcode-aktienkauf-und-fondsanlagemerkmale\/","title":{"rendered":"Vietnam Stock and Fund Investment System Source Code | Funktionen f\u00fcr Aktienkauf und Fondsanlage"},"content":{"rendered":"<p>Das System umfasst die folgenden Hauptmerkmale.<\/p>\n<p>Aktienkauf-Funktion: Die Nutzer k\u00f6nnen Aktien, die an der vietnamesischen B\u00f6rse notiert sind, durchsuchen und kaufen und dabei auf Echtzeit-Kurse und Handelsinformationen zugreifen.<\/p>\n<p>Fonds-Anlagefunktion: Bietet verschiedene Optionen f\u00fcr Fondsinvestitionen, mit denen die Benutzer Anlageportfolios nach ihren Pr\u00e4ferenzen erstellen k\u00f6nnen.<\/p>\n<p><img fetchpriority=\"high\" decoding=\"async\" class=\"aligncenter size-full wp-image-2987\" src=\"https:\/\/sharewalker.com\/wp-content\/uploads\/2025\/03\/10001-38.jpg\" alt=\"\" width=\"350\" height=\"280\" \/> <img decoding=\"async\" class=\"aligncenter size-full wp-image-2988\" src=\"https:\/\/sharewalker.com\/wp-content\/uploads\/2025\/03\/10002-39.png\" alt=\"\" width=\"438\" height=\"801\" srcset=\"https:\/\/sharewalker.com\/wp-content\/uploads\/2025\/03\/10002-39.png 438w, https:\/\/sharewalker.com\/wp-content\/uploads\/2025\/03\/10002-39-164x300.png 164w, https:\/\/sharewalker.com\/wp-content\/uploads\/2025\/03\/10002-39-300x549.png 300w\" sizes=\"(max-width: 438px) 100vw, 438px\" \/> <img decoding=\"async\" class=\"aligncenter size-full wp-image-2989\" src=\"https:\/\/sharewalker.com\/wp-content\/uploads\/2025\/03\/10003-41.png\" alt=\"\" width=\"433\" height=\"804\" srcset=\"https:\/\/sharewalker.com\/wp-content\/uploads\/2025\/03\/10003-41.png 433w, https:\/\/sharewalker.com\/wp-content\/uploads\/2025\/03\/10003-41-162x300.png 162w, https:\/\/sharewalker.com\/wp-content\/uploads\/2025\/03\/10003-41-300x557.png 300w\" sizes=\"(max-width: 433px) 100vw, 433px\" \/> <img loading=\"lazy\" decoding=\"async\" class=\"aligncenter size-full wp-image-2990\" src=\"https:\/\/sharewalker.com\/wp-content\/uploads\/2025\/03\/10004-44.png\" alt=\"\" width=\"441\" height=\"801\" srcset=\"https:\/\/sharewalker.com\/wp-content\/uploads\/2025\/03\/10004-44.png 441w, https:\/\/sharewalker.com\/wp-content\/uploads\/2025\/03\/10004-44-165x300.png 165w, https:\/\/sharewalker.com\/wp-content\/uploads\/2025\/03\/10004-44-300x545.png 300w\" sizes=\"(max-width: 441px) 100vw, 441px\" \/> <img loading=\"lazy\" decoding=\"async\" class=\"aligncenter size-full wp-image-2991\" src=\"https:\/\/sharewalker.com\/wp-content\/uploads\/2025\/03\/10005-45.png\" alt=\"\" width=\"438\" height=\"807\" srcset=\"https:\/\/sharewalker.com\/wp-content\/uploads\/2025\/03\/10005-45.png 438w, https:\/\/sharewalker.com\/wp-content\/uploads\/2025\/03\/10005-45-163x300.png 163w, https:\/\/sharewalker.com\/wp-content\/uploads\/2025\/03\/10005-45-300x553.png 300w\" sizes=\"(max-width: 438px) 100vw, 438px\" \/> <img loading=\"lazy\" decoding=\"async\" class=\"aligncenter size-full wp-image-2992\" src=\"https:\/\/sharewalker.com\/wp-content\/uploads\/2025\/03\/10006-44.png\" alt=\"\" width=\"438\" height=\"805\" srcset=\"https:\/\/sharewalker.com\/wp-content\/uploads\/2025\/03\/10006-44.png 438w, https:\/\/sharewalker.com\/wp-content\/uploads\/2025\/03\/10006-44-163x300.png 163w, https:\/\/sharewalker.com\/wp-content\/uploads\/2025\/03\/10006-44-300x551.png 300w\" sizes=\"(max-width: 438px) 100vw, 438px\" \/> <img loading=\"lazy\" decoding=\"async\" class=\"aligncenter size-full wp-image-2993\" src=\"https:\/\/sharewalker.com\/wp-content\/uploads\/2025\/03\/10007-44.png\" alt=\"\" width=\"438\" height=\"805\" srcset=\"https:\/\/sharewalker.com\/wp-content\/uploads\/2025\/03\/10007-44.png 438w, https:\/\/sharewalker.com\/wp-content\/uploads\/2025\/03\/10007-44-163x300.png 163w, https:\/\/sharewalker.com\/wp-content\/uploads\/2025\/03\/10007-44-300x551.png 300w\" sizes=\"(max-width: 438px) 100vw, 438px\" \/> <img loading=\"lazy\" decoding=\"async\" class=\"aligncenter size-full wp-image-2994\" src=\"https:\/\/sharewalker.com\/wp-content\/uploads\/2025\/03\/10008-43.png\" alt=\"\" width=\"438\" height=\"802\" srcset=\"https:\/\/sharewalker.com\/wp-content\/uploads\/2025\/03\/10008-43.png 438w, https:\/\/sharewalker.com\/wp-content\/uploads\/2025\/03\/10008-43-164x300.png 164w, https:\/\/sharewalker.com\/wp-content\/uploads\/2025\/03\/10008-43-300x549.png 300w\" sizes=\"(max-width: 438px) 100vw, 438px\" \/> <img loading=\"lazy\" decoding=\"async\" class=\"aligncenter size-full wp-image-2995\" src=\"https:\/\/sharewalker.com\/wp-content\/uploads\/2025\/03\/10009-42.png\" alt=\"\" width=\"436\" height=\"804\" srcset=\"https:\/\/sharewalker.com\/wp-content\/uploads\/2025\/03\/10009-42.png 436w, https:\/\/sharewalker.com\/wp-content\/uploads\/2025\/03\/10009-42-163x300.png 163w, https:\/\/sharewalker.com\/wp-content\/uploads\/2025\/03\/10009-42-300x553.png 300w\" sizes=\"(max-width: 436px) 100vw, 436px\" \/> <img loading=\"lazy\" decoding=\"async\" class=\"aligncenter size-full wp-image-2996\" src=\"https:\/\/sharewalker.com\/wp-content\/uploads\/2025\/03\/10010-41.png\" alt=\"\" width=\"438\" height=\"801\" srcset=\"https:\/\/sharewalker.com\/wp-content\/uploads\/2025\/03\/10010-41.png 438w, https:\/\/sharewalker.com\/wp-content\/uploads\/2025\/03\/10010-41-164x300.png 164w, https:\/\/sharewalker.com\/wp-content\/uploads\/2025\/03\/10010-41-300x549.png 300w\" sizes=\"(max-width: 438px) 100vw, 438px\" \/> <img loading=\"lazy\" decoding=\"async\" class=\"aligncenter size-full wp-image-2997\" src=\"https:\/\/sharewalker.com\/wp-content\/uploads\/2025\/03\/10011-38.png\" alt=\"\" width=\"440\" height=\"806\" srcset=\"https:\/\/sharewalker.com\/wp-content\/uploads\/2025\/03\/10011-38.png 440w, https:\/\/sharewalker.com\/wp-content\/uploads\/2025\/03\/10011-38-164x300.png 164w, https:\/\/sharewalker.com\/wp-content\/uploads\/2025\/03\/10011-38-300x550.png 300w\" sizes=\"(max-width: 440px) 100vw, 440px\" \/> <img loading=\"lazy\" decoding=\"async\" class=\"aligncenter size-full wp-image-2998\" src=\"https:\/\/sharewalker.com\/wp-content\/uploads\/2025\/03\/10012-38.png\" alt=\"\" width=\"439\" height=\"805\" srcset=\"https:\/\/sharewalker.com\/wp-content\/uploads\/2025\/03\/10012-38.png 439w, https:\/\/sharewalker.com\/wp-content\/uploads\/2025\/03\/10012-38-164x300.png 164w, https:\/\/sharewalker.com\/wp-content\/uploads\/2025\/03\/10012-38-300x550.png 300w\" sizes=\"(max-width: 439px) 100vw, 439px\" \/> <img loading=\"lazy\" decoding=\"async\" class=\"aligncenter size-full wp-image-2999\" src=\"https:\/\/sharewalker.com\/wp-content\/uploads\/2025\/03\/10013-36.png\" alt=\"\" width=\"1920\" height=\"935\" srcset=\"https:\/\/sharewalker.com\/wp-content\/uploads\/2025\/03\/10013-36.png 1920w, https:\/\/sharewalker.com\/wp-content\/uploads\/2025\/03\/10013-36-300x146.png 300w, https:\/\/sharewalker.com\/wp-content\/uploads\/2025\/03\/10013-36-1024x499.png 1024w, https:\/\/sharewalker.com\/wp-content\/uploads\/2025\/03\/10013-36-768x374.png 768w, https:\/\/sharewalker.com\/wp-content\/uploads\/2025\/03\/10013-36-1536x748.png 1536w\" sizes=\"(max-width: 1920px) 100vw, 1920px\" \/> <img loading=\"lazy\" decoding=\"async\" class=\"aligncenter size-full wp-image-3000\" src=\"https:\/\/sharewalker.com\/wp-content\/uploads\/2025\/03\/10014-30.png\" alt=\"\" width=\"1920\" height=\"926\" srcset=\"https:\/\/sharewalker.com\/wp-content\/uploads\/2025\/03\/10014-30.png 1920w, https:\/\/sharewalker.com\/wp-content\/uploads\/2025\/03\/10014-30-300x145.png 300w, https:\/\/sharewalker.com\/wp-content\/uploads\/2025\/03\/10014-30-1024x494.png 1024w, https:\/\/sharewalker.com\/wp-content\/uploads\/2025\/03\/10014-30-768x370.png 768w, https:\/\/sharewalker.com\/wp-content\/uploads\/2025\/03\/10014-30-1536x741.png 1536w\" sizes=\"(max-width: 1920px) 100vw, 1920px\" \/> <img loading=\"lazy\" decoding=\"async\" class=\"aligncenter size-full wp-image-3001\" src=\"https:\/\/sharewalker.com\/wp-content\/uploads\/2025\/03\/10015-28.png\" alt=\"\" width=\"1919\" height=\"925\" srcset=\"https:\/\/sharewalker.com\/wp-content\/uploads\/2025\/03\/10015-28.png 1919w, https:\/\/sharewalker.com\/wp-content\/uploads\/2025\/03\/10015-28-300x145.png 300w, https:\/\/sharewalker.com\/wp-content\/uploads\/2025\/03\/10015-28-1024x494.png 1024w, https:\/\/sharewalker.com\/wp-content\/uploads\/2025\/03\/10015-28-768x370.png 768w, https:\/\/sharewalker.com\/wp-content\/uploads\/2025\/03\/10015-28-1536x740.png 1536w\" sizes=\"(max-width: 1919px) 100vw, 1919px\" \/> <img loading=\"lazy\" decoding=\"async\" class=\"aligncenter size-full wp-image-3002\" src=\"https:\/\/sharewalker.com\/wp-content\/uploads\/2025\/03\/10016-24.png\" alt=\"\" width=\"1920\" height=\"932\" srcset=\"https:\/\/sharewalker.com\/wp-content\/uploads\/2025\/03\/10016-24.png 1920w, https:\/\/sharewalker.com\/wp-content\/uploads\/2025\/03\/10016-24-300x146.png 300w, https:\/\/sharewalker.com\/wp-content\/uploads\/2025\/03\/10016-24-1024x497.png 1024w, https:\/\/sharewalker.com\/wp-content\/uploads\/2025\/03\/10016-24-768x373.png 768w, https:\/\/sharewalker.com\/wp-content\/uploads\/2025\/03\/10016-24-1536x746.png 1536w\" sizes=\"(max-width: 1920px) 100vw, 1920px\" \/> <img loading=\"lazy\" decoding=\"async\" class=\"aligncenter size-full wp-image-3003\" src=\"https:\/\/sharewalker.com\/wp-content\/uploads\/2025\/03\/10017-17.png\" alt=\"\" width=\"1920\" height=\"928\" srcset=\"https:\/\/sharewalker.com\/wp-content\/uploads\/2025\/03\/10017-17.png 1920w, https:\/\/sharewalker.com\/wp-content\/uploads\/2025\/03\/10017-17-300x145.png 300w, https:\/\/sharewalker.com\/wp-content\/uploads\/2025\/03\/10017-17-1024x495.png 1024w, https:\/\/sharewalker.com\/wp-content\/uploads\/2025\/03\/10017-17-768x371.png 768w, https:\/\/sharewalker.com\/wp-content\/uploads\/2025\/03\/10017-17-1536x742.png 1536w\" sizes=\"(max-width: 1920px) 100vw, 1920px\" \/><\/p>","protected":false},"excerpt":{"rendered":"<p>Der Quellcode dieses Systems bietet Funktionen f\u00fcr den Kauf von Aktien und die Anlage in Fonds, die speziell f\u00fcr den vietnamesischen Markt entwickelt wurden, um den Investitionsbedarf der Nutzer zu decken.<\/p>","protected":false},"featured_media":9528,"comment_status":"open","ping_status":"closed","template":"","meta":{"_uag_custom_page_level_css":"","site-sidebar-layout":"default","site-content-layout":"","ast-site-content-layout":"default","site-content-style":"default","site-sidebar-style":"default","ast-global-header-display":"","ast-banner-title-visibility":"","ast-main-header-display":"","ast-hfb-above-header-display":"","ast-hfb-below-header-display":"","ast-hfb-mobile-header-display":"","site-post-title":"","ast-breadcrumbs-content":"","ast-featured-img":"","footer-sml-layout":"","theme-transparent-header-meta":"default","adv-header-id-meta":"","stick-header-meta":"","header-above-stick-meta":"","header-main-stick-meta":"","header-below-stick-meta":"","astra-migrate-meta-layouts":"set","ast-page-background-enabled":"default","ast-page-background-meta":{"desktop":{"background-color":"var(--ast-global-color-4)","background-image":"","background-repeat":"repeat","background-position":"center center","background-size":"auto","background-attachment":"scroll","background-type":"","background-media":"","overlay-type":"","overlay-color":"","overlay-opacity":"","overlay-gradient":""},"tablet":{"background-color":"","background-image":"","background-repeat":"repeat","background-position":"center center","background-size":"auto","background-attachment":"scroll","background-type":"","background-media":"","overlay-type":"","overlay-color":"","overlay-opacity":"","overlay-gradient":""},"mobile":{"background-color":"","background-image":"","background-repeat":"repeat","background-position":"center center","background-size":"auto","background-attachment":"scroll","background-type":"","background-media":"","overlay-type":"","overlay-color":"","overlay-opacity":"","overlay-gradient":""}},"ast-content-background-meta":{"desktop":{"background-color":"var(--ast-global-color-5)","background-image":"","background-repeat":"repeat","background-position":"center center","background-size":"auto","background-attachment":"scroll","background-type":"","background-media":"","overlay-type":"","overlay-color":"","overlay-opacity":"","overlay-gradient":""},"tablet":{"background-color":"var(--ast-global-color-5)","background-image":"","background-repeat":"repeat","background-position":"center center","background-size":"auto","background-attachment":"scroll","background-type":"","background-media":"","overlay-type":"","overlay-color":"","overlay-opacity":"","overlay-gradient":""},"mobile":{"background-color":"var(--ast-global-color-5)","background-image":"","background-repeat":"repeat","background-position":"center center","background-size":"auto","background-attachment":"scroll","background-type":"","background-media":"","overlay-type":"","overlay-color":"","overlay-opacity":"","overlay-gradient":""}}},"product_brand":[],"product_cat":[60],"product_tag":[321,322,320,319],"class_list":{"0":"post-2986","1":"product","2":"type-product","3":"status-publish","4":"has-post-thumbnail","6":"product_cat-investment-wealth-management","7":"product_tag-fund-investment-feature","8":"product_tag-investment-system-source-code","9":"product_tag-stock-purchase-feature","10":"product_tag-vietnam-stock-system","11":"desktop-align-left","12":"tablet-align-left","13":"mobile-align-left","15":"first","16":"instock","17":"shipping-taxable","18":"product-type-simple"},"uagb_featured_image_src":{"full":["https:\/\/sharewalker.com\/wp-content\/uploads\/2025\/03\/10004-44-1-e1745398300689.png",441,441,false],"thumbnail":["https:\/\/sharewalker.com\/wp-content\/uploads\/2025\/03\/10004-44-1-e1745398300689-150x150.png",150,150,true],"medium":["https:\/\/sharewalker.com\/wp-content\/uploads\/2025\/03\/10004-44-1-e1745398300689-300x300.png",300,300,true],"medium_large":["https:\/\/sharewalker.com\/wp-content\/uploads\/2025\/03\/10004-44-1-e1745398300689.png",441,441,false],"large":["https:\/\/sharewalker.com\/wp-content\/uploads\/2025\/03\/10004-44-1-e1745398300689.png",441,441,false],"1536x1536":["https:\/\/sharewalker.com\/wp-content\/uploads\/2025\/03\/10004-44-1-e1745398300689.png",441,441,false],"2048x2048":["https:\/\/sharewalker.com\/wp-content\/uploads\/2025\/03\/10004-44-1-e1745398300689.png",441,441,false],"trp-custom-language-flag":["https:\/\/sharewalker.com\/wp-content\/uploads\/2025\/03\/10004-44-1-e1745398300689-12x12.png",12,12,true],"woocommerce_thumbnail":["https:\/\/sharewalker.com\/wp-content\/uploads\/2025\/03\/10004-44-1-e1745398300689-300x300.png",300,300,true],"woocommerce_single":["https:\/\/sharewalker.com\/wp-content\/uploads\/2025\/03\/10004-44-1-e1745398300689-300x300.png",300,300,true],"woocommerce_gallery_thumbnail":["https:\/\/sharewalker.com\/wp-content\/uploads\/2025\/03\/10004-44-1-e1745398300689-100x100.png",100,100,true]},"uagb_author_info":{"display_name":"admin","author_link":"https:\/\/sharewalker.com\/de\/author\/"},"uagb_comment_info":0,"uagb_excerpt":"This system source code offers stock purchase and fund investment functionalities, specifically designed for the Vietnamese market to meet users' investment needs.\u200b","_links":{"self":[{"href":"https:\/\/sharewalker.com\/de\/wp-json\/wp\/v2\/product\/2986","targetHints":{"allow":["GET"]}}],"collection":[{"href":"https:\/\/sharewalker.com\/de\/wp-json\/wp\/v2\/product"}],"about":[{"href":"https:\/\/sharewalker.com\/de\/wp-json\/wp\/v2\/types\/product"}],"replies":[{"embeddable":true,"href":"https:\/\/sharewalker.com\/de\/wp-json\/wp\/v2\/comments?post=2986"}],"version-history":[{"count":1,"href":"https:\/\/sharewalker.com\/de\/wp-json\/wp\/v2\/product\/2986\/revisions"}],"predecessor-version":[{"id":9529,"href":"https:\/\/sharewalker.com\/de\/wp-json\/wp\/v2\/product\/2986\/revisions\/9529"}],"wp:featuredmedia":[{"embeddable":true,"href":"https:\/\/sharewalker.com\/de\/wp-json\/wp\/v2\/media\/9528"}],"wp:attachment":[{"href":"https:\/\/sharewalker.com\/de\/wp-json\/wp\/v2\/media?parent=2986"}],"wp:term":[{"taxonomy":"product_brand","embeddable":true,"href":"https:\/\/sharewalker.com\/de\/wp-json\/wp\/v2\/product_brand?post=2986"},{"taxonomy":"product_cat","embeddable":true,"href":"https:\/\/sharewalker.com\/de\/wp-json\/wp\/v2\/product_cat?post=2986"},{"taxonomy":"product_tag","embeddable":true,"href":"https:\/\/sharewalker.com\/de\/wp-json\/wp\/v2\/product_tag?post=2986"}],"curies":[{"name":"wp","href":"https:\/\/api.w.org\/{rel}","templated":true}]}}