{"id":3054,"date":"2025-03-25T16:13:20","date_gmt":"2025-03-25T08:13:20","guid":{"rendered":"https:\/\/sharewalker.com\/?post_type=product&#038;p=3054"},"modified":"2025-03-25T16:13:20","modified_gmt":"2025-03-25T08:13:20","slug":"operational-thai-ev-charging-station-investment-and-wealth-management-system-tailored-for-thai-market-backend-product-customization","status":"publish","type":"product","link":"https:\/\/sharewalker.com\/de\/produkt\/einsatzbereites-thailandisches-ev-ladestation-investitions-und-vermogensverwaltungssystem-das-auf-den-thailandischen-markt-zugeschnitten-ist-backend-produktanpassung\/","title":{"rendered":"Operatives thail\u00e4ndisches EV-Ladestations-Investitions- und Verm\u00f6gensverwaltungssystem | Ma\u00dfgeschneidert f\u00fcr den thail\u00e4ndischen Markt | Backend-Produktanpassung"},"content":{"rendered":"<p>Zu den wichtigsten Merkmalen des Systems geh\u00f6ren.<\/p>\n<p>Thail\u00e4ndischsprachige Schnittstelle: Das Frontend wurde auf Thail\u00e4ndisch gestaltet, um den Benutzerpr\u00e4ferenzen gerecht zu werden.<\/p>\n<p>Produktanpassung: Das Backend erm\u00f6glicht die \u00c4nderung von Produkttypen mit anpassbaren Investitionsmerkmalen f\u00fcr EV-Ladestationen.<\/p>\n<p>Markttauglichkeit: Speziell f\u00fcr den thail\u00e4ndischen Markt entwickelt, um den lokalen Anforderungen an Investitionen und Verm\u00f6gensverwaltung gerecht zu werden.<\/p>\n<p><img fetchpriority=\"high\" decoding=\"async\" class=\"aligncenter size-full wp-image-3055\" src=\"https:\/\/sharewalker.com\/wp-content\/uploads\/2025\/03\/10001-12.png\" alt=\"\" width=\"400\" height=\"799\" srcset=\"https:\/\/sharewalker.com\/wp-content\/uploads\/2025\/03\/10001-12.png 400w, https:\/\/sharewalker.com\/wp-content\/uploads\/2025\/03\/10001-12-150x300.png 150w, https:\/\/sharewalker.com\/wp-content\/uploads\/2025\/03\/10001-12-300x599.png 300w\" sizes=\"(max-width: 400px) 100vw, 400px\" \/> <img decoding=\"async\" class=\"aligncenter size-full wp-image-3056\" src=\"https:\/\/sharewalker.com\/wp-content\/uploads\/2025\/03\/10002-12.jpg\" alt=\"\" width=\"449\" height=\"300\" srcset=\"https:\/\/sharewalker.com\/wp-content\/uploads\/2025\/03\/10002-12.jpg 449w, https:\/\/sharewalker.com\/wp-content\/uploads\/2025\/03\/10002-12-300x200.jpg 300w\" sizes=\"(max-width: 449px) 100vw, 449px\" \/> <img decoding=\"async\" class=\"aligncenter size-full wp-image-3057\" src=\"https:\/\/sharewalker.com\/wp-content\/uploads\/2025\/03\/10003-45.png\" alt=\"\" width=\"397\" height=\"795\" \/> <img loading=\"lazy\" decoding=\"async\" class=\"aligncenter size-full wp-image-3058\" src=\"https:\/\/sharewalker.com\/wp-content\/uploads\/2025\/03\/10004-48.png\" alt=\"\" width=\"400\" height=\"798\" srcset=\"https:\/\/sharewalker.com\/wp-content\/uploads\/2025\/03\/10004-48.png 400w, https:\/\/sharewalker.com\/wp-content\/uploads\/2025\/03\/10004-48-150x300.png 150w, https:\/\/sharewalker.com\/wp-content\/uploads\/2025\/03\/10004-48-300x599.png 300w\" sizes=\"(max-width: 400px) 100vw, 400px\" \/> <img loading=\"lazy\" decoding=\"async\" class=\"aligncenter size-full wp-image-3059\" src=\"https:\/\/sharewalker.com\/wp-content\/uploads\/2025\/03\/10005-49.png\" alt=\"\" width=\"400\" height=\"791\" srcset=\"https:\/\/sharewalker.com\/wp-content\/uploads\/2025\/03\/10005-49.png 400w, https:\/\/sharewalker.com\/wp-content\/uploads\/2025\/03\/10005-49-152x300.png 152w, https:\/\/sharewalker.com\/wp-content\/uploads\/2025\/03\/10005-49-300x593.png 300w\" sizes=\"(max-width: 400px) 100vw, 400px\" \/> <img loading=\"lazy\" decoding=\"async\" class=\"aligncenter size-full wp-image-3060\" src=\"https:\/\/sharewalker.com\/wp-content\/uploads\/2025\/03\/10006-48.png\" alt=\"\" width=\"400\" height=\"785\" srcset=\"https:\/\/sharewalker.com\/wp-content\/uploads\/2025\/03\/10006-48.png 400w, https:\/\/sharewalker.com\/wp-content\/uploads\/2025\/03\/10006-48-153x300.png 153w, https:\/\/sharewalker.com\/wp-content\/uploads\/2025\/03\/10006-48-300x589.png 300w\" sizes=\"(max-width: 400px) 100vw, 400px\" \/> <img loading=\"lazy\" decoding=\"async\" class=\"aligncenter size-full wp-image-3061\" src=\"https:\/\/sharewalker.com\/wp-content\/uploads\/2025\/03\/10007-48.png\" alt=\"\" width=\"400\" height=\"798\" srcset=\"https:\/\/sharewalker.com\/wp-content\/uploads\/2025\/03\/10007-48.png 400w, https:\/\/sharewalker.com\/wp-content\/uploads\/2025\/03\/10007-48-150x300.png 150w, https:\/\/sharewalker.com\/wp-content\/uploads\/2025\/03\/10007-48-300x599.png 300w\" sizes=\"(max-width: 400px) 100vw, 400px\" \/> <img loading=\"lazy\" decoding=\"async\" class=\"aligncenter size-full wp-image-3062\" src=\"https:\/\/sharewalker.com\/wp-content\/uploads\/2025\/03\/10008-47.png\" alt=\"\" width=\"400\" height=\"798\" srcset=\"https:\/\/sharewalker.com\/wp-content\/uploads\/2025\/03\/10008-47.png 400w, https:\/\/sharewalker.com\/wp-content\/uploads\/2025\/03\/10008-47-150x300.png 150w, https:\/\/sharewalker.com\/wp-content\/uploads\/2025\/03\/10008-47-300x599.png 300w\" sizes=\"(max-width: 400px) 100vw, 400px\" \/> <img loading=\"lazy\" decoding=\"async\" class=\"aligncenter size-full wp-image-3063\" src=\"https:\/\/sharewalker.com\/wp-content\/uploads\/2025\/03\/10009-46.png\" alt=\"\" width=\"400\" height=\"806\" srcset=\"https:\/\/sharewalker.com\/wp-content\/uploads\/2025\/03\/10009-46.png 400w, https:\/\/sharewalker.com\/wp-content\/uploads\/2025\/03\/10009-46-149x300.png 149w, https:\/\/sharewalker.com\/wp-content\/uploads\/2025\/03\/10009-46-300x605.png 300w\" sizes=\"(max-width: 400px) 100vw, 400px\" \/> <img loading=\"lazy\" decoding=\"async\" class=\"aligncenter size-full wp-image-3064\" src=\"https:\/\/sharewalker.com\/wp-content\/uploads\/2025\/03\/10010-45.png\" alt=\"\" width=\"399\" height=\"800\" srcset=\"https:\/\/sharewalker.com\/wp-content\/uploads\/2025\/03\/10010-45.png 399w, https:\/\/sharewalker.com\/wp-content\/uploads\/2025\/03\/10010-45-150x300.png 150w, https:\/\/sharewalker.com\/wp-content\/uploads\/2025\/03\/10010-45-300x602.png 300w\" sizes=\"(max-width: 399px) 100vw, 399px\" \/> <img loading=\"lazy\" decoding=\"async\" class=\"aligncenter size-full wp-image-3065\" src=\"https:\/\/sharewalker.com\/wp-content\/uploads\/2025\/03\/10011-42.png\" alt=\"\" width=\"398\" height=\"795\" srcset=\"https:\/\/sharewalker.com\/wp-content\/uploads\/2025\/03\/10011-42.png 398w, https:\/\/sharewalker.com\/wp-content\/uploads\/2025\/03\/10011-42-150x300.png 150w, https:\/\/sharewalker.com\/wp-content\/uploads\/2025\/03\/10011-42-300x599.png 300w\" sizes=\"(max-width: 398px) 100vw, 398px\" \/> <img loading=\"lazy\" decoding=\"async\" class=\"aligncenter size-full wp-image-3066\" src=\"https:\/\/sharewalker.com\/wp-content\/uploads\/2025\/03\/10012-42.png\" alt=\"\" width=\"400\" height=\"799\" srcset=\"https:\/\/sharewalker.com\/wp-content\/uploads\/2025\/03\/10012-42.png 400w, https:\/\/sharewalker.com\/wp-content\/uploads\/2025\/03\/10012-42-150x300.png 150w, https:\/\/sharewalker.com\/wp-content\/uploads\/2025\/03\/10012-42-300x599.png 300w\" sizes=\"(max-width: 400px) 100vw, 400px\" \/> <img loading=\"lazy\" decoding=\"async\" class=\"aligncenter size-full wp-image-3067\" src=\"https:\/\/sharewalker.com\/wp-content\/uploads\/2025\/03\/10013-40.png\" alt=\"\" width=\"399\" height=\"810\" srcset=\"https:\/\/sharewalker.com\/wp-content\/uploads\/2025\/03\/10013-40.png 399w, https:\/\/sharewalker.com\/wp-content\/uploads\/2025\/03\/10013-40-148x300.png 148w, https:\/\/sharewalker.com\/wp-content\/uploads\/2025\/03\/10013-40-300x609.png 300w\" sizes=\"(max-width: 399px) 100vw, 399px\" \/> <img loading=\"lazy\" decoding=\"async\" class=\"aligncenter size-full wp-image-3068\" src=\"https:\/\/sharewalker.com\/wp-content\/uploads\/2025\/03\/10014-33.png\" alt=\"\" width=\"1905\" height=\"892\" srcset=\"https:\/\/sharewalker.com\/wp-content\/uploads\/2025\/03\/10014-33.png 1905w, https:\/\/sharewalker.com\/wp-content\/uploads\/2025\/03\/10014-33-300x140.png 300w, https:\/\/sharewalker.com\/wp-content\/uploads\/2025\/03\/10014-33-1024x479.png 1024w, https:\/\/sharewalker.com\/wp-content\/uploads\/2025\/03\/10014-33-768x360.png 768w, https:\/\/sharewalker.com\/wp-content\/uploads\/2025\/03\/10014-33-1536x719.png 1536w\" sizes=\"(max-width: 1905px) 100vw, 1905px\" \/> <img loading=\"lazy\" decoding=\"async\" class=\"aligncenter size-full wp-image-3069\" src=\"https:\/\/sharewalker.com\/wp-content\/uploads\/2025\/03\/10015-31.png\" alt=\"\" width=\"1908\" height=\"899\" srcset=\"https:\/\/sharewalker.com\/wp-content\/uploads\/2025\/03\/10015-31.png 1908w, https:\/\/sharewalker.com\/wp-content\/uploads\/2025\/03\/10015-31-300x141.png 300w, https:\/\/sharewalker.com\/wp-content\/uploads\/2025\/03\/10015-31-1024x482.png 1024w, https:\/\/sharewalker.com\/wp-content\/uploads\/2025\/03\/10015-31-768x362.png 768w, https:\/\/sharewalker.com\/wp-content\/uploads\/2025\/03\/10015-31-1536x724.png 1536w\" sizes=\"(max-width: 1908px) 100vw, 1908px\" \/> <img loading=\"lazy\" decoding=\"async\" class=\"aligncenter size-full wp-image-3070\" src=\"https:\/\/sharewalker.com\/wp-content\/uploads\/2025\/03\/10016-26.png\" alt=\"\" width=\"1918\" height=\"917\" srcset=\"https:\/\/sharewalker.com\/wp-content\/uploads\/2025\/03\/10016-26.png 1918w, https:\/\/sharewalker.com\/wp-content\/uploads\/2025\/03\/10016-26-300x143.png 300w, https:\/\/sharewalker.com\/wp-content\/uploads\/2025\/03\/10016-26-1024x490.png 1024w, https:\/\/sharewalker.com\/wp-content\/uploads\/2025\/03\/10016-26-768x367.png 768w, https:\/\/sharewalker.com\/wp-content\/uploads\/2025\/03\/10016-26-1536x734.png 1536w\" sizes=\"(max-width: 1918px) 100vw, 1918px\" \/> <img loading=\"lazy\" decoding=\"async\" class=\"aligncenter size-full wp-image-3071\" src=\"https:\/\/sharewalker.com\/wp-content\/uploads\/2025\/03\/10017-19.png\" alt=\"\" width=\"1919\" height=\"898\" srcset=\"https:\/\/sharewalker.com\/wp-content\/uploads\/2025\/03\/10017-19.png 1919w, https:\/\/sharewalker.com\/wp-content\/uploads\/2025\/03\/10017-19-300x140.png 300w, https:\/\/sharewalker.com\/wp-content\/uploads\/2025\/03\/10017-19-1024x479.png 1024w, https:\/\/sharewalker.com\/wp-content\/uploads\/2025\/03\/10017-19-768x359.png 768w, https:\/\/sharewalker.com\/wp-content\/uploads\/2025\/03\/10017-19-1536x719.png 1536w\" sizes=\"(max-width: 1919px) 100vw, 1919px\" \/> <img loading=\"lazy\" decoding=\"async\" class=\"aligncenter size-full wp-image-3072\" src=\"https:\/\/sharewalker.com\/wp-content\/uploads\/2025\/03\/10018-18.png\" alt=\"\" width=\"1917\" height=\"888\" srcset=\"https:\/\/sharewalker.com\/wp-content\/uploads\/2025\/03\/10018-18.png 1917w, https:\/\/sharewalker.com\/wp-content\/uploads\/2025\/03\/10018-18-300x139.png 300w, https:\/\/sharewalker.com\/wp-content\/uploads\/2025\/03\/10018-18-1024x474.png 1024w, https:\/\/sharewalker.com\/wp-content\/uploads\/2025\/03\/10018-18-768x356.png 768w, https:\/\/sharewalker.com\/wp-content\/uploads\/2025\/03\/10018-18-1536x712.png 1536w\" sizes=\"(max-width: 1917px) 100vw, 1917px\" \/><\/p>","protected":false},"excerpt":{"rendered":"<p>Dieses System wurde speziell f\u00fcr den thail\u00e4ndischen Markt entwickelt und verf\u00fcgt \u00fcber ein thail\u00e4ndischsprachiges Frontend mit der M\u00f6glichkeit, in EV-Ladestationen zu investieren. Das Backend erm\u00f6glicht eine flexible Anpassung der Produkttypen, um den unterschiedlichen Investitionsanforderungen gerecht zu werden.<\/p>","protected":false},"featured_media":3057,"comment_status":"open","ping_status":"closed","template":"","meta":{"_uag_custom_page_level_css":"","site-sidebar-layout":"default","site-content-layout":"","ast-site-content-layout":"default","site-content-style":"default","site-sidebar-style":"default","ast-global-header-display":"","ast-banner-title-visibility":"","ast-main-header-display":"","ast-hfb-above-header-display":"","ast-hfb-below-header-display":"","ast-hfb-mobile-header-display":"","site-post-title":"","ast-breadcrumbs-content":"","ast-featured-img":"","footer-sml-layout":"","theme-transparent-header-meta":"default","adv-header-id-meta":"","stick-header-meta":"","header-above-stick-meta":"","header-main-stick-meta":"","header-below-stick-meta":"","astra-migrate-meta-layouts":"set","ast-page-background-enabled":"default","ast-page-background-meta":{"desktop":{"background-color":"var(--ast-global-color-4)","background-image":"","background-repeat":"repeat","background-position":"center center","background-size":"auto","background-attachment":"scroll","background-type":"","background-media":"","overlay-type":"","overlay-color":"","overlay-opacity":"","overlay-gradient":""},"tablet":{"background-color":"","background-image":"","background-repeat":"repeat","background-position":"center center","background-size":"auto","background-attachment":"scroll","background-type":"","background-media":"","overlay-type":"","overlay-color":"","overlay-opacity":"","overlay-gradient":""},"mobile":{"background-color":"","background-image":"","background-repeat":"repeat","background-position":"center center","background-size":"auto","background-attachment":"scroll","background-type":"","background-media":"","overlay-type":"","overlay-color":"","overlay-opacity":"","overlay-gradient":""}},"ast-content-background-meta":{"desktop":{"background-color":"var(--ast-global-color-5)","background-image":"","background-repeat":"repeat","background-position":"center center","background-size":"auto","background-attachment":"scroll","background-type":"","background-media":"","overlay-type":"","overlay-color":"","overlay-opacity":"","overlay-gradient":""},"tablet":{"background-color":"var(--ast-global-color-5)","background-image":"","background-repeat":"repeat","background-position":"center center","background-size":"auto","background-attachment":"scroll","background-type":"","background-media":"","overlay-type":"","overlay-color":"","overlay-opacity":"","overlay-gradient":""},"mobile":{"background-color":"var(--ast-global-color-5)","background-image":"","background-repeat":"repeat","background-position":"center center","background-size":"auto","background-attachment":"scroll","background-type":"","background-media":"","overlay-type":"","overlay-color":"","overlay-opacity":"","overlay-gradient":""}}},"product_brand":[],"product_cat":[60],"product_tag":[337,339,336,338],"class_list":{"0":"post-3054","1":"product","2":"type-product","3":"status-publish","4":"has-post-thumbnail","6":"product_cat-investment-wealth-management","7":"product_tag-ev-charging-station-investment","8":"product_tag-product-customization-feature","9":"product_tag-thai-investment-and-wealth-management-system","10":"product_tag-thai-language-interface","11":"desktop-align-left","12":"tablet-align-left","13":"mobile-align-left","15":"first","16":"instock","17":"shipping-taxable","18":"product-type-simple"},"uagb_featured_image_src":{"full":["https:\/\/sharewalker.com\/wp-content\/uploads\/2025\/03\/10003-45-e1742890390146.png",397,409,false],"thumbnail":["https:\/\/sharewalker.com\/wp-content\/uploads\/2025\/03\/10003-45-e1742890390146-150x150.png",150,150,true],"medium":["https:\/\/sharewalker.com\/wp-content\/uploads\/2025\/03\/10003-45-e1742890390146-291x300.png",291,300,true],"medium_large":["https:\/\/sharewalker.com\/wp-content\/uploads\/2025\/03\/10003-45-e1742890390146.png",397,409,false],"large":["https:\/\/sharewalker.com\/wp-content\/uploads\/2025\/03\/10003-45-e1742890390146.png",397,409,false],"1536x1536":["https:\/\/sharewalker.com\/wp-content\/uploads\/2025\/03\/10003-45-e1742890390146.png",397,409,false],"2048x2048":["https:\/\/sharewalker.com\/wp-content\/uploads\/2025\/03\/10003-45-e1742890390146.png",397,409,false],"trp-custom-language-flag":["https:\/\/sharewalker.com\/wp-content\/uploads\/2025\/03\/10003-45-e1742890390146.png",12,12,false],"woocommerce_thumbnail":["https:\/\/sharewalker.com\/wp-content\/uploads\/2025\/03\/10003-45-e1742890390146-300x300.png",300,300,true],"woocommerce_single":["https:\/\/sharewalker.com\/wp-content\/uploads\/2025\/03\/10003-45-e1742890390146-300x309.png",300,309,true],"woocommerce_gallery_thumbnail":["https:\/\/sharewalker.com\/wp-content\/uploads\/2025\/03\/10003-45-e1742890390146-100x100.png",100,100,true]},"uagb_author_info":{"display_name":"admin","author_link":"https:\/\/sharewalker.com\/de\/author\/"},"uagb_comment_info":0,"uagb_excerpt":"This system is specifically designed for the Thai market, featuring a Thai-language frontend with EV charging station investment capabilities. The backend allows flexible product type modifications to cater to diverse investment needs.\u200b","_links":{"self":[{"href":"https:\/\/sharewalker.com\/de\/wp-json\/wp\/v2\/product\/3054","targetHints":{"allow":["GET"]}}],"collection":[{"href":"https:\/\/sharewalker.com\/de\/wp-json\/wp\/v2\/product"}],"about":[{"href":"https:\/\/sharewalker.com\/de\/wp-json\/wp\/v2\/types\/product"}],"replies":[{"embeddable":true,"href":"https:\/\/sharewalker.com\/de\/wp-json\/wp\/v2\/comments?post=3054"}],"version-history":[{"count":0,"href":"https:\/\/sharewalker.com\/de\/wp-json\/wp\/v2\/product\/3054\/revisions"}],"wp:featuredmedia":[{"embeddable":true,"href":"https:\/\/sharewalker.com\/de\/wp-json\/wp\/v2\/media\/3057"}],"wp:attachment":[{"href":"https:\/\/sharewalker.com\/de\/wp-json\/wp\/v2\/media?parent=3054"}],"wp:term":[{"taxonomy":"product_brand","embeddable":true,"href":"https:\/\/sharewalker.com\/de\/wp-json\/wp\/v2\/product_brand?post=3054"},{"taxonomy":"product_cat","embeddable":true,"href":"https:\/\/sharewalker.com\/de\/wp-json\/wp\/v2\/product_cat?post=3054"},{"taxonomy":"product_tag","embeddable":true,"href":"https:\/\/sharewalker.com\/de\/wp-json\/wp\/v2\/product_tag?post=3054"}],"curies":[{"name":"wp","href":"https:\/\/api.w.org\/{rel}","templated":true}]}}