{"id":9562,"date":"2025-04-25T20:32:39","date_gmt":"2025-04-25T12:32:39","guid":{"rendered":"https:\/\/sharewalker.com\/?post_type=product&#038;p=9562"},"modified":"2025-04-25T20:34:58","modified_gmt":"2025-04-25T12:34:58","slug":"full-platform-second-contract-exchange-system-source-code%ef%bd%9cintegrated-mining-machine-module%ef%bd%9ch5-android-ios-native-apps%ef%bd%9cmulti-language-enterprise-grade-solution","status":"publish","type":"product","link":"https:\/\/sharewalker.com\/de\/produkt\/full-platform-second-contract-exchange-system-source-code\uff5cintegrated-mining-machine-module\uff5ch5-android-ios-native-apps\uff5cmulti-language-enterprise-grade-solution\/","title":{"rendered":"Full-Platform Second Contract Exchange System Source Code\uff5cIntegrated Mining Machine Module\uff5cH5 + Android + iOS Native Apps\uff5cMulti-Language Enterprise-Grade Solution"},"content":{"rendered":"<p class=\"ds-markdown-paragraph\"><strong>Hauptmerkmale und Vorteile<\/strong><\/p>\n<ol start=\"1\">\n<li>\n<p class=\"ds-markdown-paragraph\"><strong>Multiplattform-Kompatibilit\u00e4t<\/strong>:<br \/>\n\u2705\u00a0<strong>H5 Mobile\u7aef<\/strong>: Leistungsstarkes responsives Design, sofortiger Zugriff \u00fcber Browser mit schnellem Seitenaufbau.<br \/>\n\u2705\u00a0<strong>Native Apps<\/strong>: Vollst\u00e4ndiger Android- und iOS-Quellcode (bereit f\u00fcr App-Stores) mit Echtzeit-Marktdaten, K-Linien-Charts und Auftragsbenachrichtigungen.<br \/>\n\u2705\u00a0<strong>Globale Sprachunterst\u00fctzung<\/strong>: Integrierte 7 Sprachen (Chinesisch, Englisch, Russisch, Japanisch, Koreanisch, Spanisch, Arabisch) mit einfacher Backend-Erweiterung f\u00fcr zus\u00e4tzliche Sprachen.<\/p>\n<\/li>\n<li>\n<p class=\"ds-markdown-paragraph\"><strong>Professionelles Handelssystem<\/strong>:<\/p>\n<ul>\n<li>\n<p class=\"ds-markdown-paragraph\"><strong>Zweite Vertragsmaschine<\/strong>: Matching von Auftr\u00e4gen im Millisekundenbereich, Unterst\u00fctzung von Markt-\/Limitauftr\u00e4gen und automatisierte Gewinn-\/Verlustabrechnung.<\/p>\n<\/li>\n<li>\n<p class=\"ds-markdown-paragraph\"><strong>Mehrschichtige Risikokontrolle<\/strong>: IP-Beschr\u00e4nkungen, \u00dcberwachung der Transaktionsh\u00e4ufigkeit und \u00dcberpr\u00fcfung des Fondspassworts zur Gew\u00e4hrleistung der Sicherheit.<\/p>\n<\/li>\n<li>\n<p class=\"ds-markdown-paragraph\"><strong>Datenvisualisierung<\/strong>: K-Linien-Charts in Echtzeit, Tiefenkarten und Handelsverlauf mit anpassbaren Indikatoren.<\/p>\n<\/li>\n<\/ul>\n<\/li>\n<li>\n<p class=\"ds-markdown-paragraph\"><strong>Bergbau-\u00d6kosystem-Modul (neu hinzugef\u00fcgt)<\/strong>:<\/p>\n<ul>\n<li>\n<p class=\"ds-markdown-paragraph\"><strong>Bergmann Kauf\/Leasing<\/strong>: Nutzer k\u00f6nnen Cloud-Mining-Leistung kaufen oder Mining-Maschinen leasen, die \u00fcber BTC\/ETH oder andere g\u00e4ngige Kryptow\u00e4hrungen bezahlt werden.<\/p>\n<\/li>\n<li>\n<p class=\"ds-markdown-paragraph\"><strong>Automatisierte Gewinnabrechnung<\/strong>: T\u00e4gliche\/w\u00f6chentliche\/monatliche Berechnung der Mining Rewards mit Abhebungen auf Wechselkonten.<\/p>\n<\/li>\n<li>\n<p class=\"ds-markdown-paragraph\"><strong>Miner-\u00dcberwachung in Echtzeit<\/strong>: Zeigt die Hash-Rate, den Betriebsstatus, die gesch\u00e4tzten Einnahmen und die Mietdauer an.<\/p>\n<\/li>\n<li>\n<p class=\"ds-markdown-paragraph\"><strong>Mehrstufige Mining-Pools<\/strong>: Unterst\u00fctzt Personal\/Team-Mining-Pools mit Integration von Empfehlungspr\u00e4mien.<\/p>\n<\/li>\n<\/ul>\n<\/li>\n<li>\n<p class=\"ds-markdown-paragraph\"><strong>Operatives Management Backend<\/strong>:<\/p>\n<ul>\n<li>\n<p class=\"ds-markdown-paragraph\">Mehrstufige Benutzerverwaltung (Anpassung der VIP-Privilegien).<\/p>\n<\/li>\n<li>\n<p class=\"ds-markdown-paragraph\">Mehrdimensionale Analysen (Handelsvolumen, Geb\u00fchren, Nutzeraktivit\u00e4t, Mining-Gewinne).<\/p>\n<\/li>\n<li>\n<p class=\"ds-markdown-paragraph\">Flexible Geb\u00fchrenkonfigurationen (anpassbar nach W\u00e4hrung\/Vertragsart).<\/p>\n<\/li>\n<li>\n<p class=\"ds-markdown-paragraph\">Marketing-Instrumente (Empfehlungsrabatte, Airdrops, Bergbau-Aktionen).<\/p>\n<\/li>\n<\/ul>\n<\/li>\n<li>\n<p class=\"ds-markdown-paragraph\"><strong>Technische H\u00f6hepunkte<\/strong>:<\/p>\n<ul>\n<li>\n<p class=\"ds-markdown-paragraph\">Spring Cloud Microservices-Architektur f\u00fcr hohe Gleichzeitigkeit.<\/p>\n<\/li>\n<li>\n<p class=\"ds-markdown-paragraph\">Integrierte Blockchain-Brieftaschen (unterst\u00fctzt Einzahlungen und Abhebungen von Kryptow\u00e4hrungen).<\/p>\n<\/li>\n<li>\n<p class=\"ds-markdown-paragraph\">Transparente Mining-Belohnungs-Smart Contracts f\u00fcr \u00fcberpr\u00fcfbare Daten.<\/p>\n<\/li>\n<li>\n<p class=\"ds-markdown-paragraph\">Nahtlose Bereitstellung auf AWS\/Aliyun\/Tencent Cloud mit SSL-Verschl\u00fcsselung.<\/p>\n<\/li>\n<\/ul>\n<\/li>\n<li><strong>Zus\u00e4tzliche Hinweise<\/strong>:<br \/>\n<em>Vollst\u00e4ndige Einsatzdokumentation und technischer Support inbegriffen. Testkonten f\u00fcr die sofortige Erkundung der Funktionen verf\u00fcgbar.<\/em><br \/>\n<strong>Demo<\/strong>:\u00a0<a href=\"https:\/\/h5.netxovate.com\/\" target=\"_blank\" rel=\"noopener noreferrer\">https:\/\/h5.netxovate.com\/<\/a><br \/>\n<strong>Test-Konto<\/strong>:\u00a0<a href=\"https:\/\/mailto:admin123456@qq.com\/\" target=\"_blank\" rel=\"noopener noreferrer\">admin123456@qq.com<\/a>\u00a0Kennwort: 123456<\/li>\n<\/ol>\n<p><img fetchpriority=\"high\" decoding=\"async\" class=\"aligncenter size-full wp-image-9563\" src=\"https:\/\/sharewalker.com\/wp-content\/uploads\/2025\/04\/1.jpg\" alt=\"\" width=\"379\" height=\"818\" srcset=\"https:\/\/sharewalker.com\/wp-content\/uploads\/2025\/04\/1.jpg 379w, https:\/\/sharewalker.com\/wp-content\/uploads\/2025\/04\/1-139x300.jpg 139w, https:\/\/sharewalker.com\/wp-content\/uploads\/2025\/04\/1-6x12.jpg 6w, https:\/\/sharewalker.com\/wp-content\/uploads\/2025\/04\/1-300x647.jpg 300w\" sizes=\"(max-width: 379px) 100vw, 379px\" \/> <img decoding=\"async\" class=\"aligncenter size-full wp-image-9564\" src=\"https:\/\/sharewalker.com\/wp-content\/uploads\/2025\/04\/photo_1_2025-04-25_20-30-34.jpg\" alt=\"\" width=\"378\" height=\"820\" srcset=\"https:\/\/sharewalker.com\/wp-content\/uploads\/2025\/04\/photo_1_2025-04-25_20-30-34.jpg 378w, https:\/\/sharewalker.com\/wp-content\/uploads\/2025\/04\/photo_1_2025-04-25_20-30-34-138x300.jpg 138w, https:\/\/sharewalker.com\/wp-content\/uploads\/2025\/04\/photo_1_2025-04-25_20-30-34-6x12.jpg 6w, https:\/\/sharewalker.com\/wp-content\/uploads\/2025\/04\/photo_1_2025-04-25_20-30-34-300x651.jpg 300w\" sizes=\"(max-width: 378px) 100vw, 378px\" \/> <img decoding=\"async\" class=\"aligncenter size-full wp-image-9565\" src=\"https:\/\/sharewalker.com\/wp-content\/uploads\/2025\/04\/photo_2_2025-04-25_20-30-34.jpg\" alt=\"\" width=\"377\" height=\"818\" srcset=\"https:\/\/sharewalker.com\/wp-content\/uploads\/2025\/04\/photo_2_2025-04-25_20-30-34.jpg 377w, https:\/\/sharewalker.com\/wp-content\/uploads\/2025\/04\/photo_2_2025-04-25_20-30-34-138x300.jpg 138w, https:\/\/sharewalker.com\/wp-content\/uploads\/2025\/04\/photo_2_2025-04-25_20-30-34-6x12.jpg 6w, https:\/\/sharewalker.com\/wp-content\/uploads\/2025\/04\/photo_2_2025-04-25_20-30-34-300x651.jpg 300w\" sizes=\"(max-width: 377px) 100vw, 377px\" \/> <img loading=\"lazy\" decoding=\"async\" class=\"aligncenter size-full wp-image-9566\" src=\"https:\/\/sharewalker.com\/wp-content\/uploads\/2025\/04\/photo_3_2025-04-25_20-30-34.jpg\" alt=\"\" width=\"379\" height=\"820\" srcset=\"https:\/\/sharewalker.com\/wp-content\/uploads\/2025\/04\/photo_3_2025-04-25_20-30-34.jpg 379w, https:\/\/sharewalker.com\/wp-content\/uploads\/2025\/04\/photo_3_2025-04-25_20-30-34-139x300.jpg 139w, https:\/\/sharewalker.com\/wp-content\/uploads\/2025\/04\/photo_3_2025-04-25_20-30-34-6x12.jpg 6w, https:\/\/sharewalker.com\/wp-content\/uploads\/2025\/04\/photo_3_2025-04-25_20-30-34-300x649.jpg 300w\" sizes=\"(max-width: 379px) 100vw, 379px\" \/> <img loading=\"lazy\" decoding=\"async\" class=\"aligncenter size-full wp-image-9567\" src=\"https:\/\/sharewalker.com\/wp-content\/uploads\/2025\/04\/photo_4_2025-04-25_20-30-34.jpg\" alt=\"\" width=\"376\" height=\"816\" srcset=\"https:\/\/sharewalker.com\/wp-content\/uploads\/2025\/04\/photo_4_2025-04-25_20-30-34.jpg 376w, https:\/\/sharewalker.com\/wp-content\/uploads\/2025\/04\/photo_4_2025-04-25_20-30-34-138x300.jpg 138w, https:\/\/sharewalker.com\/wp-content\/uploads\/2025\/04\/photo_4_2025-04-25_20-30-34-6x12.jpg 6w, https:\/\/sharewalker.com\/wp-content\/uploads\/2025\/04\/photo_4_2025-04-25_20-30-34-300x651.jpg 300w\" sizes=\"(max-width: 376px) 100vw, 376px\" \/> <img loading=\"lazy\" decoding=\"async\" class=\"aligncenter size-full wp-image-9568\" src=\"https:\/\/sharewalker.com\/wp-content\/uploads\/2025\/04\/photo_6_2025-04-25_20-30-34.jpg\" alt=\"\" width=\"377\" height=\"816\" srcset=\"https:\/\/sharewalker.com\/wp-content\/uploads\/2025\/04\/photo_6_2025-04-25_20-30-34.jpg 377w, https:\/\/sharewalker.com\/wp-content\/uploads\/2025\/04\/photo_6_2025-04-25_20-30-34-139x300.jpg 139w, https:\/\/sharewalker.com\/wp-content\/uploads\/2025\/04\/photo_6_2025-04-25_20-30-34-6x12.jpg 6w, https:\/\/sharewalker.com\/wp-content\/uploads\/2025\/04\/photo_6_2025-04-25_20-30-34-300x649.jpg 300w\" sizes=\"(max-width: 377px) 100vw, 377px\" \/> <img loading=\"lazy\" decoding=\"async\" class=\"aligncenter size-full wp-image-9569\" src=\"https:\/\/sharewalker.com\/wp-content\/uploads\/2025\/04\/photo_7_2025-04-25_20-30-34.jpg\" alt=\"\" width=\"378\" height=\"820\" srcset=\"https:\/\/sharewalker.com\/wp-content\/uploads\/2025\/04\/photo_7_2025-04-25_20-30-34.jpg 378w, https:\/\/sharewalker.com\/wp-content\/uploads\/2025\/04\/photo_7_2025-04-25_20-30-34-138x300.jpg 138w, https:\/\/sharewalker.com\/wp-content\/uploads\/2025\/04\/photo_7_2025-04-25_20-30-34-6x12.jpg 6w, https:\/\/sharewalker.com\/wp-content\/uploads\/2025\/04\/photo_7_2025-04-25_20-30-34-300x651.jpg 300w\" sizes=\"(max-width: 378px) 100vw, 378px\" \/> <img loading=\"lazy\" decoding=\"async\" class=\"aligncenter size-full wp-image-9570\" src=\"https:\/\/sharewalker.com\/wp-content\/uploads\/2025\/04\/photo_8_2025-04-25_20-30-34.jpg\" alt=\"\" width=\"378\" height=\"817\" srcset=\"https:\/\/sharewalker.com\/wp-content\/uploads\/2025\/04\/photo_8_2025-04-25_20-30-34.jpg 378w, https:\/\/sharewalker.com\/wp-content\/uploads\/2025\/04\/photo_8_2025-04-25_20-30-34-139x300.jpg 139w, https:\/\/sharewalker.com\/wp-content\/uploads\/2025\/04\/photo_8_2025-04-25_20-30-34-6x12.jpg 6w, https:\/\/sharewalker.com\/wp-content\/uploads\/2025\/04\/photo_8_2025-04-25_20-30-34-300x648.jpg 300w\" sizes=\"(max-width: 378px) 100vw, 378px\" \/><\/p>","protected":false},"excerpt":{"rendered":"<p>Eine reife\u00a0<strong>zweites System zum Austausch von Vertr\u00e4gen<\/strong>\u00a0mit einer integrierten\u00a0<strong>Bergbau-\u00d6kosystem<\/strong>einschlie\u00dflich H5-, Android- und iOS-Apps. Unterst\u00fctzt 7+ Sprachen, eine professionelle Handels-Engine, Mining-Profit-Systeme, Risikokontrollen und Management-Tools. Ideal f\u00fcr den Aufbau leistungsstarker Krypto-Handels- und Mining-Plattformen.<\/p>","protected":false},"featured_media":9571,"comment_status":"open","ping_status":"closed","template":"","meta":{"_uag_custom_page_level_css":"","site-sidebar-layout":"default","site-content-layout":"","ast-site-content-layout":"default","site-content-style":"default","site-sidebar-style":"default","ast-global-header-display":"","ast-banner-title-visibility":"","ast-main-header-display":"","ast-hfb-above-header-display":"","ast-hfb-below-header-display":"","ast-hfb-mobile-header-display":"","site-post-title":"","ast-breadcrumbs-content":"","ast-featured-img":"","footer-sml-layout":"","theme-transparent-header-meta":"default","adv-header-id-meta":"","stick-header-meta":"","header-above-stick-meta":"","header-main-stick-meta":"","header-below-stick-meta":"","astra-migrate-meta-layouts":"set","ast-page-background-enabled":"default","ast-page-background-meta":{"desktop":{"background-color":"var(--ast-global-color-4)","background-image":"","background-repeat":"repeat","background-position":"center center","background-size":"auto","background-attachment":"scroll","background-type":"","background-media":"","overlay-type":"","overlay-color":"","overlay-opacity":"","overlay-gradient":""},"tablet":{"background-color":"","background-image":"","background-repeat":"repeat","background-position":"center center","background-size":"auto","background-attachment":"scroll","background-type":"","background-media":"","overlay-type":"","overlay-color":"","overlay-opacity":"","overlay-gradient":""},"mobile":{"background-color":"","background-image":"","background-repeat":"repeat","background-position":"center center","background-size":"auto","background-attachment":"scroll","background-type":"","background-media":"","overlay-type":"","overlay-color":"","overlay-opacity":"","overlay-gradient":""}},"ast-content-background-meta":{"desktop":{"background-color":"var(--ast-global-color-5)","background-image":"","background-repeat":"repeat","background-position":"center center","background-size":"auto","background-attachment":"scroll","background-type":"","background-media":"","overlay-type":"","overlay-color":"","overlay-opacity":"","overlay-gradient":""},"tablet":{"background-color":"var(--ast-global-color-5)","background-image":"","background-repeat":"repeat","background-position":"center center","background-size":"auto","background-attachment":"scroll","background-type":"","background-media":"","overlay-type":"","overlay-color":"","overlay-opacity":"","overlay-gradient":""},"mobile":{"background-color":"var(--ast-global-color-5)","background-image":"","background-repeat":"repeat","background-position":"center center","background-size":"auto","background-attachment":"scroll","background-type":"","background-media":"","overlay-type":"","overlay-color":"","overlay-opacity":"","overlay-gradient":""}}},"product_brand":[],"product_cat":[25,61,60],"product_tag":[984,988,986,991,989,983,985,987,982,990],"class_list":{"0":"post-9562","1":"product","2":"type-product","3":"status-publish","4":"has-post-thumbnail","6":"product_cat-walker-code","7":"product_cat-blockchain-crypto-exchange","8":"product_cat-investment-wealth-management","9":"product_tag-blockchain-trading-platform","10":"product_tag-cloud-mining-module","11":"product_tag-h5-financial-system","12":"product_tag-high-concurrency-engine","13":"product_tag-microservices-architecture","14":"product_tag-mining-machine-system","15":"product_tag-multi-language-app-development","16":"product_tag-native-android-ios-code","17":"product_tag-second-contract-exchange-source-code","18":"product_tag-smart-contract-settlement","19":"desktop-align-left","20":"tablet-align-left","21":"mobile-align-left","23":"first","24":"instock","25":"shipping-taxable","26":"product-type-simple"},"uagb_featured_image_src":{"full":["https:\/\/sharewalker.com\/wp-content\/uploads\/2025\/04\/22222.jpg",378,403,false],"thumbnail":["https:\/\/sharewalker.com\/wp-content\/uploads\/2025\/04\/22222-150x150.jpg",150,150,true],"medium":["https:\/\/sharewalker.com\/wp-content\/uploads\/2025\/04\/22222-281x300.jpg",281,300,true],"medium_large":["https:\/\/sharewalker.com\/wp-content\/uploads\/2025\/04\/22222.jpg",378,403,false],"large":["https:\/\/sharewalker.com\/wp-content\/uploads\/2025\/04\/22222.jpg",378,403,false],"1536x1536":["https:\/\/sharewalker.com\/wp-content\/uploads\/2025\/04\/22222.jpg",378,403,false],"2048x2048":["https:\/\/sharewalker.com\/wp-content\/uploads\/2025\/04\/22222.jpg",378,403,false],"trp-custom-language-flag":["https:\/\/sharewalker.com\/wp-content\/uploads\/2025\/04\/22222-11x12.jpg",11,12,true],"woocommerce_thumbnail":["https:\/\/sharewalker.com\/wp-content\/uploads\/2025\/04\/22222-300x300.jpg",300,300,true],"woocommerce_single":["https:\/\/sharewalker.com\/wp-content\/uploads\/2025\/04\/22222-300x320.jpg",300,320,true],"woocommerce_gallery_thumbnail":["https:\/\/sharewalker.com\/wp-content\/uploads\/2025\/04\/22222-100x100.jpg",100,100,true]},"uagb_author_info":{"display_name":"admin","author_link":"https:\/\/sharewalker.com\/de\/author\/"},"uagb_comment_info":2,"uagb_excerpt":"A mature\u00a0second contract exchange system\u00a0with an integrated\u00a0mining ecosystem, including H5, Android, and iOS apps. Supports 7+ languages, a professional trading engine, mining profit systems, risk controls, and management tools. Ideal for building high-performance crypto trading and mining platforms.","_links":{"self":[{"href":"https:\/\/sharewalker.com\/de\/wp-json\/wp\/v2\/product\/9562","targetHints":{"allow":["GET"]}}],"collection":[{"href":"https:\/\/sharewalker.com\/de\/wp-json\/wp\/v2\/product"}],"about":[{"href":"https:\/\/sharewalker.com\/de\/wp-json\/wp\/v2\/types\/product"}],"replies":[{"embeddable":true,"href":"https:\/\/sharewalker.com\/de\/wp-json\/wp\/v2\/comments?post=9562"}],"version-history":[{"count":1,"href":"https:\/\/sharewalker.com\/de\/wp-json\/wp\/v2\/product\/9562\/revisions"}],"predecessor-version":[{"id":9572,"href":"https:\/\/sharewalker.com\/de\/wp-json\/wp\/v2\/product\/9562\/revisions\/9572"}],"wp:featuredmedia":[{"embeddable":true,"href":"https:\/\/sharewalker.com\/de\/wp-json\/wp\/v2\/media\/9571"}],"wp:attachment":[{"href":"https:\/\/sharewalker.com\/de\/wp-json\/wp\/v2\/media?parent=9562"}],"wp:term":[{"taxonomy":"product_brand","embeddable":true,"href":"https:\/\/sharewalker.com\/de\/wp-json\/wp\/v2\/product_brand?post=9562"},{"taxonomy":"product_cat","embeddable":true,"href":"https:\/\/sharewalker.com\/de\/wp-json\/wp\/v2\/product_cat?post=9562"},{"taxonomy":"product_tag","embeddable":true,"href":"https:\/\/sharewalker.com\/de\/wp-json\/wp\/v2\/product_tag?post=9562"}],"curies":[{"name":"wp","href":"https:\/\/api.w.org\/{rel}","templated":true}]}}