{"id":2010,"date":"2025-03-24T13:52:36","date_gmt":"2025-03-24T05:52:36","guid":{"rendered":"https:\/\/sharewalker.com\/?post_type=product&#038;p=2010"},"modified":"2025-03-24T13:52:36","modified_gmt":"2025-03-24T05:52:36","slug":"overseas-multi-language-amazon-auto-ordering-system-automated-order-placement-group-ordering-feature","status":"publish","type":"product","link":"https:\/\/sharewalker.com\/es\/producto\/sistema-de-pedido-automatico-amazon-multilingue-en-el-extranjero-realizacion-automatica-de-pedidos-funcion-de-pedido-en-grupo\/","title":{"rendered":"Sistema de pedidos autom\u00e1ticos de Amazon en varios idiomas en el extranjero | Colocaci\u00f3n autom\u00e1tica de pedidos | Funci\u00f3n de pedidos en grupo"},"content":{"rendered":"<p>Nos complace presentarle nuestro nuevo sistema de pedidos automatizados multiling\u00fce para Amazon. Esta actualizaci\u00f3n incluye un redise\u00f1o completo de la interfaz de usuario front-end, que ofrece una experiencia m\u00e1s intuitiva y f\u00e1cil de usar. El sistema admite ahora varios idiomas, entre ellos chino, ingl\u00e9s, franc\u00e9s, espa\u00f1ol y portugu\u00e9s, para atender a una base de usuarios global. Adem\u00e1s, est\u00e1 dise\u00f1ado para integrar otros idiomas cuando sea necesario. La nueva funci\u00f3n de pedidos en grupo mejora la eficiencia de la gesti\u00f3n de pedidos, haci\u00e9ndola m\u00e1s eficaz para los usuarios.<\/p>\n<p><img fetchpriority=\"high\" decoding=\"async\" class=\"aligncenter size-full wp-image-2014\" src=\"https:\/\/sharewalker.com\/wp-content\/uploads\/2025\/03\/10002.webp\" alt=\"\" width=\"393\" height=\"842\" srcset=\"https:\/\/sharewalker.com\/wp-content\/uploads\/2025\/03\/10002.webp 393w, https:\/\/sharewalker.com\/wp-content\/uploads\/2025\/03\/10002-300x643.webp 300w, https:\/\/sharewalker.com\/wp-content\/uploads\/2025\/03\/10002-140x300.webp 140w\" sizes=\"(max-width: 393px) 100vw, 393px\" \/> <img decoding=\"async\" class=\"aligncenter size-full wp-image-2015\" src=\"https:\/\/sharewalker.com\/wp-content\/uploads\/2025\/03\/10003.webp\" alt=\"\" width=\"395\" height=\"838\" srcset=\"https:\/\/sharewalker.com\/wp-content\/uploads\/2025\/03\/10003.webp 395w, https:\/\/sharewalker.com\/wp-content\/uploads\/2025\/03\/10003-300x636.webp 300w, https:\/\/sharewalker.com\/wp-content\/uploads\/2025\/03\/10003-141x300.webp 141w\" sizes=\"(max-width: 395px) 100vw, 395px\" \/> <img decoding=\"async\" class=\"aligncenter size-full wp-image-2016\" src=\"https:\/\/sharewalker.com\/wp-content\/uploads\/2025\/03\/10004.webp\" alt=\"\" width=\"396\" height=\"828\" srcset=\"https:\/\/sharewalker.com\/wp-content\/uploads\/2025\/03\/10004.webp 396w, https:\/\/sharewalker.com\/wp-content\/uploads\/2025\/03\/10004-300x627.webp 300w, https:\/\/sharewalker.com\/wp-content\/uploads\/2025\/03\/10004-143x300.webp 143w\" sizes=\"(max-width: 396px) 100vw, 396px\" \/> <img loading=\"lazy\" decoding=\"async\" class=\"aligncenter size-full wp-image-2017\" src=\"https:\/\/sharewalker.com\/wp-content\/uploads\/2025\/03\/10005.webp\" alt=\"\" width=\"397\" height=\"824\" srcset=\"https:\/\/sharewalker.com\/wp-content\/uploads\/2025\/03\/10005.webp 397w, https:\/\/sharewalker.com\/wp-content\/uploads\/2025\/03\/10005-300x623.webp 300w, https:\/\/sharewalker.com\/wp-content\/uploads\/2025\/03\/10005-145x300.webp 145w\" sizes=\"(max-width: 397px) 100vw, 397px\" \/> <img loading=\"lazy\" decoding=\"async\" class=\"aligncenter size-full wp-image-2018\" src=\"https:\/\/sharewalker.com\/wp-content\/uploads\/2025\/03\/10006.webp\" alt=\"\" width=\"400\" height=\"822\" srcset=\"https:\/\/sharewalker.com\/wp-content\/uploads\/2025\/03\/10006.webp 400w, https:\/\/sharewalker.com\/wp-content\/uploads\/2025\/03\/10006-300x617.webp 300w, https:\/\/sharewalker.com\/wp-content\/uploads\/2025\/03\/10006-146x300.webp 146w\" sizes=\"(max-width: 400px) 100vw, 400px\" \/> <img loading=\"lazy\" decoding=\"async\" class=\"aligncenter size-full wp-image-2019\" src=\"https:\/\/sharewalker.com\/wp-content\/uploads\/2025\/03\/10007.webp\" alt=\"\" width=\"396\" height=\"836\" srcset=\"https:\/\/sharewalker.com\/wp-content\/uploads\/2025\/03\/10007.webp 396w, https:\/\/sharewalker.com\/wp-content\/uploads\/2025\/03\/10007-300x633.webp 300w, https:\/\/sharewalker.com\/wp-content\/uploads\/2025\/03\/10007-142x300.webp 142w\" sizes=\"(max-width: 396px) 100vw, 396px\" \/> <img loading=\"lazy\" decoding=\"async\" class=\"aligncenter size-full wp-image-2020\" src=\"https:\/\/sharewalker.com\/wp-content\/uploads\/2025\/03\/10008.webp\" alt=\"\" width=\"1913\" height=\"932\" srcset=\"https:\/\/sharewalker.com\/wp-content\/uploads\/2025\/03\/10008.webp 1913w, https:\/\/sharewalker.com\/wp-content\/uploads\/2025\/03\/10008-300x146.webp 300w, https:\/\/sharewalker.com\/wp-content\/uploads\/2025\/03\/10008-1024x499.webp 1024w, https:\/\/sharewalker.com\/wp-content\/uploads\/2025\/03\/10008-768x374.webp 768w, https:\/\/sharewalker.com\/wp-content\/uploads\/2025\/03\/10008-1536x748.webp 1536w\" sizes=\"(max-width: 1913px) 100vw, 1913px\" \/> <img loading=\"lazy\" decoding=\"async\" class=\"aligncenter size-full wp-image-2021\" src=\"https:\/\/sharewalker.com\/wp-content\/uploads\/2025\/03\/10009.webp\" alt=\"\" width=\"1912\" height=\"933\" srcset=\"https:\/\/sharewalker.com\/wp-content\/uploads\/2025\/03\/10009.webp 1912w, https:\/\/sharewalker.com\/wp-content\/uploads\/2025\/03\/10009-300x146.webp 300w, https:\/\/sharewalker.com\/wp-content\/uploads\/2025\/03\/10009-1024x500.webp 1024w, https:\/\/sharewalker.com\/wp-content\/uploads\/2025\/03\/10009-768x375.webp 768w, https:\/\/sharewalker.com\/wp-content\/uploads\/2025\/03\/10009-1536x750.webp 1536w\" sizes=\"(max-width: 1912px) 100vw, 1912px\" \/> <img loading=\"lazy\" decoding=\"async\" class=\"aligncenter size-full wp-image-2022\" src=\"https:\/\/sharewalker.com\/wp-content\/uploads\/2025\/03\/10010.webp\" alt=\"\" width=\"1914\" height=\"930\" srcset=\"https:\/\/sharewalker.com\/wp-content\/uploads\/2025\/03\/10010.webp 1914w, https:\/\/sharewalker.com\/wp-content\/uploads\/2025\/03\/10010-300x146.webp 300w, https:\/\/sharewalker.com\/wp-content\/uploads\/2025\/03\/10010-1024x498.webp 1024w, https:\/\/sharewalker.com\/wp-content\/uploads\/2025\/03\/10010-768x373.webp 768w, https:\/\/sharewalker.com\/wp-content\/uploads\/2025\/03\/10010-1536x746.webp 1536w\" sizes=\"(max-width: 1914px) 100vw, 1914px\" \/> <img loading=\"lazy\" decoding=\"async\" class=\"aligncenter size-full wp-image-2023\" src=\"https:\/\/sharewalker.com\/wp-content\/uploads\/2025\/03\/10011.webp\" alt=\"\" width=\"1913\" height=\"938\" srcset=\"https:\/\/sharewalker.com\/wp-content\/uploads\/2025\/03\/10011.webp 1913w, https:\/\/sharewalker.com\/wp-content\/uploads\/2025\/03\/10011-300x147.webp 300w, https:\/\/sharewalker.com\/wp-content\/uploads\/2025\/03\/10011-1024x502.webp 1024w, https:\/\/sharewalker.com\/wp-content\/uploads\/2025\/03\/10011-768x377.webp 768w, https:\/\/sharewalker.com\/wp-content\/uploads\/2025\/03\/10011-1536x753.webp 1536w\" sizes=\"(max-width: 1913px) 100vw, 1913px\" \/> <img loading=\"lazy\" decoding=\"async\" class=\"aligncenter size-full wp-image-2024\" src=\"https:\/\/sharewalker.com\/wp-content\/uploads\/2025\/03\/10012.webp\" alt=\"\" width=\"1911\" height=\"935\" srcset=\"https:\/\/sharewalker.com\/wp-content\/uploads\/2025\/03\/10012.webp 1911w, https:\/\/sharewalker.com\/wp-content\/uploads\/2025\/03\/10012-300x147.webp 300w, https:\/\/sharewalker.com\/wp-content\/uploads\/2025\/03\/10012-1024x501.webp 1024w, https:\/\/sharewalker.com\/wp-content\/uploads\/2025\/03\/10012-768x376.webp 768w, https:\/\/sharewalker.com\/wp-content\/uploads\/2025\/03\/10012-1536x752.webp 1536w\" sizes=\"(max-width: 1911px) 100vw, 1911px\" \/> <img loading=\"lazy\" decoding=\"async\" class=\"aligncenter size-full wp-image-2025\" src=\"https:\/\/sharewalker.com\/wp-content\/uploads\/2025\/03\/10013.webp\" alt=\"\" width=\"1908\" height=\"932\" srcset=\"https:\/\/sharewalker.com\/wp-content\/uploads\/2025\/03\/10013.webp 1908w, https:\/\/sharewalker.com\/wp-content\/uploads\/2025\/03\/10013-300x147.webp 300w, https:\/\/sharewalker.com\/wp-content\/uploads\/2025\/03\/10013-1024x500.webp 1024w, https:\/\/sharewalker.com\/wp-content\/uploads\/2025\/03\/10013-768x375.webp 768w, https:\/\/sharewalker.com\/wp-content\/uploads\/2025\/03\/10013-1536x750.webp 1536w\" sizes=\"(max-width: 1908px) 100vw, 1908px\" \/><\/p>\n<p>&nbsp;<\/p>\n<div id=\"gtx-trans\" style=\"position: absolute; left: 746px; top: 181px;\">\n<div class=\"gtx-trans-icon\"><\/div>\n<\/div>","protected":false},"excerpt":{"rendered":"<p>Un sistema de pedidos automatizados de Amazon multiling\u00fce reci\u00e9n actualizado que admite chino, ingl\u00e9s, franc\u00e9s, espa\u00f1ol y portugu\u00e9s. Presenta una interfaz de usuario redise\u00f1ada y una funci\u00f3n avanzada de pedidos en grupo para mejorar la experiencia y la eficacia del usuario.<\/p>","protected":false},"featured_media":2013,"comment_status":"open","ping_status":"closed","template":"","meta":{"_uag_custom_page_level_css":"","site-sidebar-layout":"default","site-content-layout":"","ast-site-content-layout":"default","site-content-style":"default","site-sidebar-style":"default","ast-global-header-display":"","ast-banner-title-visibility":"","ast-main-header-display":"","ast-hfb-above-header-display":"","ast-hfb-below-header-display":"","ast-hfb-mobile-header-display":"","site-post-title":"","ast-breadcrumbs-content":"","ast-featured-img":"","footer-sml-layout":"","theme-transparent-header-meta":"default","adv-header-id-meta":"","stick-header-meta":"","header-above-stick-meta":"","header-main-stick-meta":"","header-below-stick-meta":"","astra-migrate-meta-layouts":"set","ast-page-background-enabled":"default","ast-page-background-meta":{"desktop":{"background-color":"var(--ast-global-color-4)","background-image":"","background-repeat":"repeat","background-position":"center center","background-size":"auto","background-attachment":"scroll","background-type":"","background-media":"","overlay-type":"","overlay-color":"","overlay-opacity":"","overlay-gradient":""},"tablet":{"background-color":"","background-image":"","background-repeat":"repeat","background-position":"center center","background-size":"auto","background-attachment":"scroll","background-type":"","background-media":"","overlay-type":"","overlay-color":"","overlay-opacity":"","overlay-gradient":""},"mobile":{"background-color":"","background-image":"","background-repeat":"repeat","background-position":"center center","background-size":"auto","background-attachment":"scroll","background-type":"","background-media":"","overlay-type":"","overlay-color":"","overlay-opacity":"","overlay-gradient":""}},"ast-content-background-meta":{"desktop":{"background-color":"var(--ast-global-color-5)","background-image":"","background-repeat":"repeat","background-position":"center center","background-size":"auto","background-attachment":"scroll","background-type":"","background-media":"","overlay-type":"","overlay-color":"","overlay-opacity":"","overlay-gradient":""},"tablet":{"background-color":"var(--ast-global-color-5)","background-image":"","background-repeat":"repeat","background-position":"center center","background-size":"auto","background-attachment":"scroll","background-type":"","background-media":"","overlay-type":"","overlay-color":"","overlay-opacity":"","overlay-gradient":""},"mobile":{"background-color":"var(--ast-global-color-5)","background-image":"","background-repeat":"repeat","background-position":"center center","background-size":"auto","background-attachment":"scroll","background-type":"","background-media":"","overlay-type":"","overlay-color":"","overlay-opacity":"","overlay-gradient":""}}},"product_brand":[],"product_cat":[59],"product_tag":[82,83,86,84,81,87,85],"class_list":{"0":"post-2010","1":"product","2":"type-product","3":"status-publish","4":"has-post-thumbnail","6":"product_cat-order-sniping-order-manipulation","7":"product_tag-amazon-automated-ordering","8":"product_tag-automated-order-placement","9":"product_tag-global-user-base","10":"product_tag-group-ordering-feature","11":"product_tag-multi-language-support","12":"product_tag-order-management","13":"product_tag-user-interface-upgrade","14":"desktop-align-left","15":"tablet-align-left","16":"mobile-align-left","18":"first","19":"instock","20":"shipping-taxable","21":"product-type-simple"},"uagb_featured_image_src":{"full":["https:\/\/sharewalker.com\/wp-content\/uploads\/2025\/03\/10001-e1742795489985.webp",400,400,false],"thumbnail":["https:\/\/sharewalker.com\/wp-content\/uploads\/2025\/03\/10001-e1742795489985-150x150.webp",150,150,true],"medium":["https:\/\/sharewalker.com\/wp-content\/uploads\/2025\/03\/10001-e1742795489985-300x300.webp",300,300,true],"medium_large":["https:\/\/sharewalker.com\/wp-content\/uploads\/2025\/03\/10001-e1742795489985.webp",400,400,false],"large":["https:\/\/sharewalker.com\/wp-content\/uploads\/2025\/03\/10001-e1742795489985.webp",400,400,false],"1536x1536":["https:\/\/sharewalker.com\/wp-content\/uploads\/2025\/03\/10001-e1742795489985.webp",400,400,false],"2048x2048":["https:\/\/sharewalker.com\/wp-content\/uploads\/2025\/03\/10001-e1742795489985.webp",400,400,false],"trp-custom-language-flag":["https:\/\/sharewalker.com\/wp-content\/uploads\/2025\/03\/10001-e1742795489985.webp",12,12,false],"woocommerce_thumbnail":["https:\/\/sharewalker.com\/wp-content\/uploads\/2025\/03\/10001-e1742795489985-300x300.webp",300,300,true],"woocommerce_single":["https:\/\/sharewalker.com\/wp-content\/uploads\/2025\/03\/10001-e1742795489985-300x300.webp",300,300,true],"woocommerce_gallery_thumbnail":["https:\/\/sharewalker.com\/wp-content\/uploads\/2025\/03\/10001-e1742795489985-100x100.webp",100,100,true]},"uagb_author_info":{"display_name":"admin","author_link":"https:\/\/sharewalker.com\/es\/author\/"},"uagb_comment_info":0,"uagb_excerpt":"A newly upgraded multi-language Amazon automated ordering system supporting Chinese, English, French, Spanish, and Portuguese. Features a redesigned user interface and an advanced group ordering function to enhance user experience and efficiency.\u200b","_links":{"self":[{"href":"https:\/\/sharewalker.com\/es\/wp-json\/wp\/v2\/product\/2010","targetHints":{"allow":["GET"]}}],"collection":[{"href":"https:\/\/sharewalker.com\/es\/wp-json\/wp\/v2\/product"}],"about":[{"href":"https:\/\/sharewalker.com\/es\/wp-json\/wp\/v2\/types\/product"}],"replies":[{"embeddable":true,"href":"https:\/\/sharewalker.com\/es\/wp-json\/wp\/v2\/comments?post=2010"}],"version-history":[{"count":0,"href":"https:\/\/sharewalker.com\/es\/wp-json\/wp\/v2\/product\/2010\/revisions"}],"wp:featuredmedia":[{"embeddable":true,"href":"https:\/\/sharewalker.com\/es\/wp-json\/wp\/v2\/media\/2013"}],"wp:attachment":[{"href":"https:\/\/sharewalker.com\/es\/wp-json\/wp\/v2\/media?parent=2010"}],"wp:term":[{"taxonomy":"product_brand","embeddable":true,"href":"https:\/\/sharewalker.com\/es\/wp-json\/wp\/v2\/product_brand?post=2010"},{"taxonomy":"product_cat","embeddable":true,"href":"https:\/\/sharewalker.com\/es\/wp-json\/wp\/v2\/product_cat?post=2010"},{"taxonomy":"product_tag","embeddable":true,"href":"https:\/\/sharewalker.com\/es\/wp-json\/wp\/v2\/product_tag?post=2010"}],"curies":[{"name":"wp","href":"https:\/\/api.w.org\/{rel}","templated":true}]}}