{"id":2026,"date":"2025-03-24T14:04:05","date_gmt":"2025-03-24T06:04:05","guid":{"rendered":"https:\/\/sharewalker.com\/?post_type=product&#038;p=2026"},"modified":"2025-03-24T14:33:52","modified_gmt":"2025-03-24T06:33:52","slug":"enhanced-multi-language-e-commerce-rebate-system-stacked-group-financial-dispatching-12-language-automatic-order-matching-system","status":"publish","type":"product","link":"https:\/\/sharewalker.com\/es\/producto\/sistema-mejorado-de-rebajas-multilingue-de-comercio-electronico-sistema-apilado-de-envio-financiero-de-grupos-sistema-automatico-de-correspondencia-de-pedidos-en-12-idiomas\/","title":{"rendered":"Sistema de descuentos multiling\u00fce de comercio electr\u00f3nico mejorado | Despacho financiero de grupos apilados | Sistema autom\u00e1tico de correspondencia de pedidos en 12 idiomas"},"content":{"rendered":"<p>Nos complace anunciar el lanzamiento de nuestro sistema de reembolso de comercio electr\u00f3nico multiling\u00fce mejorado, que incorpora varias funciones y optimizaciones clave para ofrecer una experiencia de usuario m\u00e1s fluida y eficaz.<\/p>\n<p>Actualizaciones importantes:<\/p>\n<p>Transacciones unificadas: Las funciones de retirada y dep\u00f3sito de USDT y tarjetas bancarias est\u00e1n ahora integradas, lo que permite cargar vales para dep\u00f3sitos y controlar los ajustes de idioma desde el backend, mejorando la comodidad operativa.<\/p>\n<p>Despacho financiero de grupos apilados: introducida la configuraci\u00f3n de inyecci\u00f3n\/grupos apilados con un nuevo marco de backend. El sistema de gesti\u00f3n de saldos ofrece ahora productos financieros a plazo fijo, incluidos plazos de un d\u00eda, siete d\u00edas, un mes y un a\u00f1o, que producen rendimientos al vencimiento.<\/p>\n<p>Soporte multiling\u00fce: Se han a\u00f1adido los idiomas ruso, polaco y \u00e1rabe, ampliando la compatibilidad a 12 idiomas, con adaptaci\u00f3n autom\u00e1tica de pedidos para satisfacer las necesidades globales de los usuarios.<\/p>\n<p>Asistencia a los agentes: Cada agente dispone ahora de un servicio de atenci\u00f3n al cliente dedicado, lo que mejora la eficacia de la comunicaci\u00f3n y la calidad del servicio.<\/p>\n<p>Optimizaci\u00f3n del sistema: Se han resuelto los problemas de cambio de idioma, se ha habilitado el control del backend sobre la configuraci\u00f3n de visualizaci\u00f3n del idioma del frontend, se han integrado las funciones de USDT y tarjeta bancaria, y se han admitido las cargas de vales para dep\u00f3sitos con tarjeta bancaria.<\/p>\n<p>Gesti\u00f3n de los afiliados: El backend permite ahora establecer m\u00e1rgenes de inyecci\u00f3n para los afiliados y actualizar las retiradas de U-address, mejorando la flexibilidad de la gesti\u00f3n financiera.<br \/>\nhaiwaichongzhi.com.cn<\/p>\n<p>Distribuci\u00f3n y reembolsos: Admite un modelo de distribuci\u00f3n de tres niveles en el que los miembros pueden invitar a amigos mediante c\u00f3digos QR para formar relaciones de subordinaci\u00f3n y obtener ingresos por reembolsos.<\/p>\n<p>Mecanismos de incentivos: Incorpora la emisi\u00f3n autom\u00e1tica de recompensas por altas y dep\u00f3sitos de los afiliados, fomentando la participaci\u00f3n activa de los usuarios en las promociones.<\/p>\n<p>Mejoras de rendimiento: N\u00facleo del sistema optimizado para mejorar la velocidad de carga de las p\u00e1ginas y la fluidez de funcionamiento, proporcionando una mejor experiencia al usuario.<\/p>\n<p>El objetivo de esta actualizaci\u00f3n es ofrecer a los usuarios un servicio financiero de reembolsos m\u00e1s completo y eficaz, que responda a necesidades diversas.<\/p>\n<div style=\"width: 2056px;\" class=\"wp-video\"><video class=\"wp-video-shortcode\" id=\"video-2026-1\" width=\"2056\" height=\"1080\" preload=\"metadata\" controls=\"controls\"><source type=\"video\/mp4\" src=\"https:\/\/sharewalker.com\/wp-content\/uploads\/2025\/03\/202407281722179056569362.mp4?_=1\" \/><a href=\"https:\/\/sharewalker.com\/wp-content\/uploads\/2025\/03\/202407281722179056569362.mp4\">https:\/\/sharewalker.com\/wp-content\/uploads\/2025\/03\/202407281722179056569362.mp4<\/a><\/video><\/div>\n<p><img fetchpriority=\"high\" decoding=\"async\" class=\"aligncenter size-full wp-image-2027\" src=\"https:\/\/sharewalker.com\/wp-content\/uploads\/2025\/03\/10001-1.webp\" alt=\"\" width=\"1134\" height=\"669\" \/> <img decoding=\"async\" class=\"aligncenter size-full wp-image-2028\" src=\"https:\/\/sharewalker.com\/wp-content\/uploads\/2025\/03\/10002-1.jpg\" alt=\"\" width=\"1134\" height=\"668\" \/> <img decoding=\"async\" class=\"aligncenter size-full wp-image-2029\" src=\"https:\/\/sharewalker.com\/wp-content\/uploads\/2025\/03\/10003-1.jpg\" alt=\"\" width=\"1134\" height=\"669\" \/> <img loading=\"lazy\" decoding=\"async\" class=\"aligncenter size-full wp-image-2030\" src=\"https:\/\/sharewalker.com\/wp-content\/uploads\/2025\/03\/10004-1.jpg\" alt=\"\" width=\"1134\" height=\"668\" \/> <img loading=\"lazy\" decoding=\"async\" class=\"aligncenter size-full wp-image-2031\" src=\"https:\/\/sharewalker.com\/wp-content\/uploads\/2025\/03\/10005-1.png\" alt=\"\" width=\"1920\" height=\"932\" \/> <img loading=\"lazy\" decoding=\"async\" class=\"aligncenter size-full wp-image-2032\" src=\"https:\/\/sharewalker.com\/wp-content\/uploads\/2025\/03\/10006-1.jpg\" alt=\"\" width=\"1134\" height=\"673\" srcset=\"https:\/\/sharewalker.com\/wp-content\/uploads\/2025\/03\/10006-1.jpg 1134w, https:\/\/sharewalker.com\/wp-content\/uploads\/2025\/03\/10006-1-300x178.jpg 300w, https:\/\/sharewalker.com\/wp-content\/uploads\/2025\/03\/10006-1-1024x608.jpg 1024w, https:\/\/sharewalker.com\/wp-content\/uploads\/2025\/03\/10006-1-768x456.jpg 768w\" sizes=\"(max-width: 1134px) 100vw, 1134px\" \/> <img loading=\"lazy\" decoding=\"async\" class=\"aligncenter size-full wp-image-2033\" src=\"https:\/\/sharewalker.com\/wp-content\/uploads\/2025\/03\/10007-1.png\" alt=\"\" width=\"1920\" height=\"928\" srcset=\"https:\/\/sharewalker.com\/wp-content\/uploads\/2025\/03\/10007-1.png 1920w, https:\/\/sharewalker.com\/wp-content\/uploads\/2025\/03\/10007-1-300x145.png 300w, https:\/\/sharewalker.com\/wp-content\/uploads\/2025\/03\/10007-1-1024x495.png 1024w, https:\/\/sharewalker.com\/wp-content\/uploads\/2025\/03\/10007-1-768x371.png 768w, https:\/\/sharewalker.com\/wp-content\/uploads\/2025\/03\/10007-1-1536x742.png 1536w\" sizes=\"(max-width: 1920px) 100vw, 1920px\" \/> <img loading=\"lazy\" decoding=\"async\" class=\"aligncenter size-full wp-image-2034\" src=\"https:\/\/sharewalker.com\/wp-content\/uploads\/2025\/03\/10008-1.png\" alt=\"\" width=\"1920\" height=\"929\" srcset=\"https:\/\/sharewalker.com\/wp-content\/uploads\/2025\/03\/10008-1.png 1920w, https:\/\/sharewalker.com\/wp-content\/uploads\/2025\/03\/10008-1-300x145.png 300w, https:\/\/sharewalker.com\/wp-content\/uploads\/2025\/03\/10008-1-1024x495.png 1024w, https:\/\/sharewalker.com\/wp-content\/uploads\/2025\/03\/10008-1-768x372.png 768w, https:\/\/sharewalker.com\/wp-content\/uploads\/2025\/03\/10008-1-1536x743.png 1536w\" sizes=\"(max-width: 1920px) 100vw, 1920px\" \/> <img loading=\"lazy\" decoding=\"async\" class=\"aligncenter size-full wp-image-2035\" src=\"https:\/\/sharewalker.com\/wp-content\/uploads\/2025\/03\/10009-1.jpg\" alt=\"\" width=\"1920\" height=\"933\" srcset=\"https:\/\/sharewalker.com\/wp-content\/uploads\/2025\/03\/10009-1.jpg 1920w, https:\/\/sharewalker.com\/wp-content\/uploads\/2025\/03\/10009-1-300x146.jpg 300w, https:\/\/sharewalker.com\/wp-content\/uploads\/2025\/03\/10009-1-1024x498.jpg 1024w, https:\/\/sharewalker.com\/wp-content\/uploads\/2025\/03\/10009-1-768x373.jpg 768w, https:\/\/sharewalker.com\/wp-content\/uploads\/2025\/03\/10009-1-1536x746.jpg 1536w\" sizes=\"(max-width: 1920px) 100vw, 1920px\" \/> <img loading=\"lazy\" decoding=\"async\" class=\"aligncenter size-full wp-image-2036\" src=\"https:\/\/sharewalker.com\/wp-content\/uploads\/2025\/03\/10010-1.png\" alt=\"\" width=\"1920\" height=\"932\" srcset=\"https:\/\/sharewalker.com\/wp-content\/uploads\/2025\/03\/10010-1.png 1920w, https:\/\/sharewalker.com\/wp-content\/uploads\/2025\/03\/10010-1-300x146.png 300w, https:\/\/sharewalker.com\/wp-content\/uploads\/2025\/03\/10010-1-1024x497.png 1024w, https:\/\/sharewalker.com\/wp-content\/uploads\/2025\/03\/10010-1-768x373.png 768w, https:\/\/sharewalker.com\/wp-content\/uploads\/2025\/03\/10010-1-1536x746.png 1536w\" sizes=\"(max-width: 1920px) 100vw, 1920px\" \/> <img loading=\"lazy\" decoding=\"async\" class=\"aligncenter size-full wp-image-2037\" src=\"https:\/\/sharewalker.com\/wp-content\/uploads\/2025\/03\/10011-1.png\" alt=\"\" width=\"1920\" height=\"926\" srcset=\"https:\/\/sharewalker.com\/wp-content\/uploads\/2025\/03\/10011-1.png 1920w, https:\/\/sharewalker.com\/wp-content\/uploads\/2025\/03\/10011-1-300x145.png 300w, https:\/\/sharewalker.com\/wp-content\/uploads\/2025\/03\/10011-1-1024x494.png 1024w, https:\/\/sharewalker.com\/wp-content\/uploads\/2025\/03\/10011-1-768x370.png 768w, https:\/\/sharewalker.com\/wp-content\/uploads\/2025\/03\/10011-1-1536x741.png 1536w\" sizes=\"(max-width: 1920px) 100vw, 1920px\" \/> <img loading=\"lazy\" decoding=\"async\" class=\"aligncenter size-full wp-image-2038\" src=\"https:\/\/sharewalker.com\/wp-content\/uploads\/2025\/03\/10012-1.png\" alt=\"\" width=\"1920\" height=\"928\" srcset=\"https:\/\/sharewalker.com\/wp-content\/uploads\/2025\/03\/10012-1.png 1920w, https:\/\/sharewalker.com\/wp-content\/uploads\/2025\/03\/10012-1-300x145.png 300w, https:\/\/sharewalker.com\/wp-content\/uploads\/2025\/03\/10012-1-1024x495.png 1024w, https:\/\/sharewalker.com\/wp-content\/uploads\/2025\/03\/10012-1-768x371.png 768w, https:\/\/sharewalker.com\/wp-content\/uploads\/2025\/03\/10012-1-1536x742.png 1536w\" sizes=\"(max-width: 1920px) 100vw, 1920px\" \/> <img loading=\"lazy\" decoding=\"async\" class=\"aligncenter size-full wp-image-2039\" src=\"https:\/\/sharewalker.com\/wp-content\/uploads\/2025\/03\/10013-1.png\" alt=\"\" width=\"1920\" height=\"930\" srcset=\"https:\/\/sharewalker.com\/wp-content\/uploads\/2025\/03\/10013-1.png 1920w, https:\/\/sharewalker.com\/wp-content\/uploads\/2025\/03\/10013-1-300x145.png 300w, https:\/\/sharewalker.com\/wp-content\/uploads\/2025\/03\/10013-1-1024x496.png 1024w, https:\/\/sharewalker.com\/wp-content\/uploads\/2025\/03\/10013-1-768x372.png 768w, https:\/\/sharewalker.com\/wp-content\/uploads\/2025\/03\/10013-1-1536x744.png 1536w\" sizes=\"(max-width: 1920px) 100vw, 1920px\" \/> <img loading=\"lazy\" decoding=\"async\" class=\"aligncenter size-full wp-image-2040\" src=\"https:\/\/sharewalker.com\/wp-content\/uploads\/2025\/03\/10014.png\" alt=\"\" width=\"1920\" height=\"932\" srcset=\"https:\/\/sharewalker.com\/wp-content\/uploads\/2025\/03\/10014.png 1920w, https:\/\/sharewalker.com\/wp-content\/uploads\/2025\/03\/10014-300x146.png 300w, https:\/\/sharewalker.com\/wp-content\/uploads\/2025\/03\/10014-1024x497.png 1024w, https:\/\/sharewalker.com\/wp-content\/uploads\/2025\/03\/10014-768x373.png 768w, https:\/\/sharewalker.com\/wp-content\/uploads\/2025\/03\/10014-1536x746.png 1536w\" sizes=\"(max-width: 1920px) 100vw, 1920px\" \/><\/p>","protected":false},"excerpt":{"rendered":"<p>Un sistema de reembolso de comercio electr\u00f3nico multiling\u00fce actualizado que admite 12 idiomas, integra USDT y transacciones con tarjeta bancaria, introduce el env\u00edo financiero de grupos apilados y optimiza el rendimiento del sistema para mejorar la experiencia y la eficiencia del usuario.<\/p>\n<div id=\"gtx-trans\" style=\"position: absolute; left: -207px; top: -3px;\">\n<div class=\"gtx-trans-icon\"><\/div>\n<\/div>","protected":false},"featured_media":2027,"comment_status":"open","ping_status":"closed","template":"","meta":{"_uag_custom_page_level_css":"","site-sidebar-layout":"default","site-content-layout":"","ast-site-content-layout":"default","site-content-style":"default","site-sidebar-style":"default","ast-global-header-display":"","ast-banner-title-visibility":"","ast-main-header-display":"","ast-hfb-above-header-display":"","ast-hfb-below-header-display":"","ast-hfb-mobile-header-display":"","site-post-title":"","ast-breadcrumbs-content":"","ast-featured-img":"","footer-sml-layout":"","theme-transparent-header-meta":"default","adv-header-id-meta":"","stick-header-meta":"","header-above-stick-meta":"","header-main-stick-meta":"","header-below-stick-meta":"","astra-migrate-meta-layouts":"set","ast-page-background-enabled":"default","ast-page-background-meta":{"desktop":{"background-color":"var(--ast-global-color-4)","background-image":"","background-repeat":"repeat","background-position":"center center","background-size":"auto","background-attachment":"scroll","background-type":"","background-media":"","overlay-type":"","overlay-color":"","overlay-opacity":"","overlay-gradient":""},"tablet":{"background-color":"","background-image":"","background-repeat":"repeat","background-position":"center center","background-size":"auto","background-attachment":"scroll","background-type":"","background-media":"","overlay-type":"","overlay-color":"","overlay-opacity":"","overlay-gradient":""},"mobile":{"background-color":"","background-image":"","background-repeat":"repeat","background-position":"center center","background-size":"auto","background-attachment":"scroll","background-type":"","background-media":"","overlay-type":"","overlay-color":"","overlay-opacity":"","overlay-gradient":""}},"ast-content-background-meta":{"desktop":{"background-color":"var(--ast-global-color-5)","background-image":"","background-repeat":"repeat","background-position":"center center","background-size":"auto","background-attachment":"scroll","background-type":"","background-media":"","overlay-type":"","overlay-color":"","overlay-opacity":"","overlay-gradient":""},"tablet":{"background-color":"var(--ast-global-color-5)","background-image":"","background-repeat":"repeat","background-position":"center center","background-size":"auto","background-attachment":"scroll","background-type":"","background-media":"","overlay-type":"","overlay-color":"","overlay-opacity":"","overlay-gradient":""},"mobile":{"background-color":"var(--ast-global-color-5)","background-image":"","background-repeat":"repeat","background-position":"center center","background-size":"auto","background-attachment":"scroll","background-type":"","background-media":"","overlay-type":"","overlay-color":"","overlay-opacity":"","overlay-gradient":""}}},"product_brand":[],"product_cat":[59],"product_tag":[95,90,93,92,88,89,96,94,91],"class_list":{"0":"post-2026","1":"product","2":"type-product","3":"status-publish","4":"has-post-thumbnail","6":"product_cat-order-sniping-order-manipulation","7":"product_tag-agent-support","8":"product_tag-automatic-order-matching","9":"product_tag-balance-management","10":"product_tag-bank-card-deposits","11":"product_tag-multi-language-e-commerce","12":"product_tag-rebate-system","13":"product_tag-system-optimization","14":"product_tag-three-level-distribution","15":"product_tag-usdt-withdrawals","16":"desktop-align-left","17":"tablet-align-left","18":"mobile-align-left","20":"first","21":"instock","22":"shipping-taxable","23":"product-type-simple"},"uagb_featured_image_src":{"full":["https:\/\/sharewalker.com\/wp-content\/uploads\/2025\/03\/10001-1-e1742796235696.webp",400,400,false],"thumbnail":["https:\/\/sharewalker.com\/wp-content\/uploads\/2025\/03\/10001-1-e1742796235696-150x150.webp",150,150,true],"medium":["https:\/\/sharewalker.com\/wp-content\/uploads\/2025\/03\/10001-1-e1742796235696-300x300.webp",300,300,true],"medium_large":["https:\/\/sharewalker.com\/wp-content\/uploads\/2025\/03\/10001-1-768x453.webp",768,453,true],"large":["https:\/\/sharewalker.com\/wp-content\/uploads\/2025\/03\/10001-1-1024x604.webp",1024,604,true],"1536x1536":["https:\/\/sharewalker.com\/wp-content\/uploads\/2025\/03\/10001-1-e1742796235696.webp",400,400,false],"2048x2048":["https:\/\/sharewalker.com\/wp-content\/uploads\/2025\/03\/10001-1-e1742796235696.webp",400,400,false],"trp-custom-language-flag":["https:\/\/sharewalker.com\/wp-content\/uploads\/2025\/03\/10001-1-e1742796235696.webp",12,12,false],"woocommerce_thumbnail":["https:\/\/sharewalker.com\/wp-content\/uploads\/2025\/03\/10001-1-e1742796235696-300x300.webp",300,300,true],"woocommerce_single":["https:\/\/sharewalker.com\/wp-content\/uploads\/2025\/03\/10001-1-e1742796235696-300x300.webp",300,300,true],"woocommerce_gallery_thumbnail":["https:\/\/sharewalker.com\/wp-content\/uploads\/2025\/03\/10001-1-e1742796235696-100x100.webp",100,100,true]},"uagb_author_info":{"display_name":"admin","author_link":"https:\/\/sharewalker.com\/es\/author\/"},"uagb_comment_info":0,"uagb_excerpt":"An upgraded multi-language e-commerce rebate system supporting 12 languages, integrating USDT and bank card transactions, introducing stacked group financial dispatching, and optimizing system performance for improved user experience and efficiency.\u200b","_links":{"self":[{"href":"https:\/\/sharewalker.com\/es\/wp-json\/wp\/v2\/product\/2026","targetHints":{"allow":["GET"]}}],"collection":[{"href":"https:\/\/sharewalker.com\/es\/wp-json\/wp\/v2\/product"}],"about":[{"href":"https:\/\/sharewalker.com\/es\/wp-json\/wp\/v2\/types\/product"}],"replies":[{"embeddable":true,"href":"https:\/\/sharewalker.com\/es\/wp-json\/wp\/v2\/comments?post=2026"}],"version-history":[{"count":0,"href":"https:\/\/sharewalker.com\/es\/wp-json\/wp\/v2\/product\/2026\/revisions"}],"wp:featuredmedia":[{"embeddable":true,"href":"https:\/\/sharewalker.com\/es\/wp-json\/wp\/v2\/media\/2027"}],"wp:attachment":[{"href":"https:\/\/sharewalker.com\/es\/wp-json\/wp\/v2\/media?parent=2026"}],"wp:term":[{"taxonomy":"product_brand","embeddable":true,"href":"https:\/\/sharewalker.com\/es\/wp-json\/wp\/v2\/product_brand?post=2026"},{"taxonomy":"product_cat","embeddable":true,"href":"https:\/\/sharewalker.com\/es\/wp-json\/wp\/v2\/product_cat?post=2026"},{"taxonomy":"product_tag","embeddable":true,"href":"https:\/\/sharewalker.com\/es\/wp-json\/wp\/v2\/product_tag?post=2026"}],"curies":[{"name":"wp","href":"https:\/\/api.w.org\/{rel}","templated":true}]}}