{"id":2043,"date":"2025-03-24T15:46:16","date_gmt":"2025-03-24T07:46:16","guid":{"rendered":"https:\/\/sharewalker.com\/?post_type=product&#038;p=2043"},"modified":"2025-03-24T15:47:41","modified_gmt":"2025-03-24T07:47:41","slug":"new-ui-multi-language-overseas-order-grabbing-source-code-mall-rebate-order-grabbing-and-brushing-system-yuebao-agent-backend","status":"publish","type":"product","link":"https:\/\/sharewalker.com\/es\/producto\/new-ui-multi-language-overseas-order-grabbing-source-code-mall-rebate-order-grabbing-and-brushing-system-yuebao-agent-backend\/","title":{"rendered":"Nueva interfaz de usuario multiling\u00fce C\u00f3digo fuente de captura de pedidos en el extranjero | Rebaja en centros comerciales | Sistema de captura y cepillado de pedidos | Yu'ebao | Backend de agente"},"content":{"rendered":"<p>Nos complace presentar la \u00faltima versi\u00f3n de nuestro sistema multiling\u00fce de recepci\u00f3n de pedidos en el extranjero, con una interfaz de usuario completamente redise\u00f1ada. Esta actualizaci\u00f3n incluye la incorporaci\u00f3n de una interfaz de agente independiente, que proporciona a los agentes herramientas espec\u00edficas para gestionar las operaciones con eficacia. El sistema integra funciones de reembolso en centros comerciales, lo que permite a los usuarios ganar comisiones a trav\u00e9s de las compras. Adem\u00e1s, la inclusi\u00f3n de Yu'ebao ofrece a los usuarios oportunidades de gesti\u00f3n de saldos y crecimiento financiero. Estas mejoras est\u00e1n dise\u00f1adas para optimizar la participaci\u00f3n de los usuarios y agilizar los procesos de recogida y cepillado de pedidos.<\/p>\n<div style=\"width: 2056px;\" class=\"wp-video\"><video class=\"wp-video-shortcode\" id=\"video-2043-1\" width=\"2056\" height=\"1080\" preload=\"metadata\" controls=\"controls\"><source type=\"video\/mp4\" src=\"https:\/\/sharewalker.com\/wp-content\/uploads\/2025\/03\/202407281722179938748657.mp4?_=1\" \/><a href=\"https:\/\/sharewalker.com\/wp-content\/uploads\/2025\/03\/202407281722179938748657.mp4\">https:\/\/sharewalker.com\/wp-content\/uploads\/2025\/03\/202407281722179938748657.mp4<\/a><\/video><\/div>\n<p><img fetchpriority=\"high\" decoding=\"async\" class=\"aligncenter size-full wp-image-2045\" src=\"https:\/\/sharewalker.com\/wp-content\/uploads\/2025\/03\/10001-1.png\" alt=\"\" width=\"401\" height=\"794\" \/> <img decoding=\"async\" class=\"aligncenter size-full wp-image-2046\" src=\"https:\/\/sharewalker.com\/wp-content\/uploads\/2025\/03\/10002-1.png\" alt=\"\" width=\"400\" height=\"797\" srcset=\"https:\/\/sharewalker.com\/wp-content\/uploads\/2025\/03\/10002-1.png 400w, https:\/\/sharewalker.com\/wp-content\/uploads\/2025\/03\/10002-1-300x598.png 300w, https:\/\/sharewalker.com\/wp-content\/uploads\/2025\/03\/10002-1-151x300.png 151w\" sizes=\"(max-width: 400px) 100vw, 400px\" \/> <img decoding=\"async\" class=\"aligncenter size-full wp-image-2047\" src=\"https:\/\/sharewalker.com\/wp-content\/uploads\/2025\/03\/10003-2.jpg\" alt=\"\" width=\"400\" height=\"800\" srcset=\"https:\/\/sharewalker.com\/wp-content\/uploads\/2025\/03\/10003-2.jpg 400w, https:\/\/sharewalker.com\/wp-content\/uploads\/2025\/03\/10003-2-300x600.jpg 300w, https:\/\/sharewalker.com\/wp-content\/uploads\/2025\/03\/10003-2-150x300.jpg 150w\" sizes=\"(max-width: 400px) 100vw, 400px\" \/> <img loading=\"lazy\" decoding=\"async\" class=\"aligncenter size-full wp-image-2048\" src=\"https:\/\/sharewalker.com\/wp-content\/uploads\/2025\/03\/10004-1.png\" alt=\"\" width=\"400\" height=\"785\" srcset=\"https:\/\/sharewalker.com\/wp-content\/uploads\/2025\/03\/10004-1.png 400w, https:\/\/sharewalker.com\/wp-content\/uploads\/2025\/03\/10004-1-300x589.png 300w, https:\/\/sharewalker.com\/wp-content\/uploads\/2025\/03\/10004-1-153x300.png 153w\" sizes=\"(max-width: 400px) 100vw, 400px\" \/> <img loading=\"lazy\" decoding=\"async\" class=\"aligncenter size-full wp-image-2049\" src=\"https:\/\/sharewalker.com\/wp-content\/uploads\/2025\/03\/10005-2.png\" alt=\"\" width=\"402\" height=\"799\" srcset=\"https:\/\/sharewalker.com\/wp-content\/uploads\/2025\/03\/10005-2.png 402w, https:\/\/sharewalker.com\/wp-content\/uploads\/2025\/03\/10005-2-300x596.png 300w, https:\/\/sharewalker.com\/wp-content\/uploads\/2025\/03\/10005-2-151x300.png 151w\" sizes=\"(max-width: 402px) 100vw, 402px\" \/> <img loading=\"lazy\" decoding=\"async\" class=\"aligncenter size-full wp-image-2050\" src=\"https:\/\/sharewalker.com\/wp-content\/uploads\/2025\/03\/10006-1.png\" alt=\"\" width=\"401\" height=\"799\" srcset=\"https:\/\/sharewalker.com\/wp-content\/uploads\/2025\/03\/10006-1.png 401w, https:\/\/sharewalker.com\/wp-content\/uploads\/2025\/03\/10006-1-300x598.png 300w, https:\/\/sharewalker.com\/wp-content\/uploads\/2025\/03\/10006-1-151x300.png 151w\" sizes=\"(max-width: 401px) 100vw, 401px\" \/> <img loading=\"lazy\" decoding=\"async\" class=\"aligncenter size-full wp-image-2051\" src=\"https:\/\/sharewalker.com\/wp-content\/uploads\/2025\/03\/10007-2.png\" alt=\"\" width=\"400\" height=\"800\" srcset=\"https:\/\/sharewalker.com\/wp-content\/uploads\/2025\/03\/10007-2.png 400w, https:\/\/sharewalker.com\/wp-content\/uploads\/2025\/03\/10007-2-300x600.png 300w, https:\/\/sharewalker.com\/wp-content\/uploads\/2025\/03\/10007-2-150x300.png 150w\" sizes=\"(max-width: 400px) 100vw, 400px\" \/> <img loading=\"lazy\" decoding=\"async\" class=\"aligncenter size-full wp-image-2052\" src=\"https:\/\/sharewalker.com\/wp-content\/uploads\/2025\/03\/10008-1.jpg\" alt=\"\" width=\"401\" height=\"803\" srcset=\"https:\/\/sharewalker.com\/wp-content\/uploads\/2025\/03\/10008-1.jpg 401w, https:\/\/sharewalker.com\/wp-content\/uploads\/2025\/03\/10008-1-300x601.jpg 300w, https:\/\/sharewalker.com\/wp-content\/uploads\/2025\/03\/10008-1-150x300.jpg 150w\" sizes=\"(max-width: 401px) 100vw, 401px\" \/> <img loading=\"lazy\" decoding=\"async\" class=\"aligncenter size-full wp-image-2053\" src=\"https:\/\/sharewalker.com\/wp-content\/uploads\/2025\/03\/10009-1.png\" alt=\"\" width=\"401\" height=\"804\" srcset=\"https:\/\/sharewalker.com\/wp-content\/uploads\/2025\/03\/10009-1.png 401w, https:\/\/sharewalker.com\/wp-content\/uploads\/2025\/03\/10009-1-300x601.png 300w, https:\/\/sharewalker.com\/wp-content\/uploads\/2025\/03\/10009-1-150x300.png 150w\" sizes=\"(max-width: 401px) 100vw, 401px\" \/> <img loading=\"lazy\" decoding=\"async\" class=\"aligncenter size-full wp-image-2054\" src=\"https:\/\/sharewalker.com\/wp-content\/uploads\/2025\/03\/10010-2.png\" alt=\"\" width=\"1920\" height=\"933\" srcset=\"https:\/\/sharewalker.com\/wp-content\/uploads\/2025\/03\/10010-2.png 1920w, https:\/\/sharewalker.com\/wp-content\/uploads\/2025\/03\/10010-2-300x146.png 300w, https:\/\/sharewalker.com\/wp-content\/uploads\/2025\/03\/10010-2-1024x498.png 1024w, https:\/\/sharewalker.com\/wp-content\/uploads\/2025\/03\/10010-2-768x373.png 768w, https:\/\/sharewalker.com\/wp-content\/uploads\/2025\/03\/10010-2-1536x746.png 1536w\" sizes=\"(max-width: 1920px) 100vw, 1920px\" \/> <img loading=\"lazy\" decoding=\"async\" class=\"aligncenter size-full wp-image-2055\" src=\"https:\/\/sharewalker.com\/wp-content\/uploads\/2025\/03\/10011-1.jpg\" alt=\"\" width=\"1920\" height=\"971\" srcset=\"https:\/\/sharewalker.com\/wp-content\/uploads\/2025\/03\/10011-1.jpg 1920w, https:\/\/sharewalker.com\/wp-content\/uploads\/2025\/03\/10011-1-300x152.jpg 300w, https:\/\/sharewalker.com\/wp-content\/uploads\/2025\/03\/10011-1-1024x518.jpg 1024w, https:\/\/sharewalker.com\/wp-content\/uploads\/2025\/03\/10011-1-768x388.jpg 768w, https:\/\/sharewalker.com\/wp-content\/uploads\/2025\/03\/10011-1-1536x777.jpg 1536w\" sizes=\"(max-width: 1920px) 100vw, 1920px\" \/> <img loading=\"lazy\" decoding=\"async\" class=\"aligncenter size-full wp-image-2056\" src=\"https:\/\/sharewalker.com\/wp-content\/uploads\/2025\/03\/10012-2.png\" alt=\"\" width=\"1919\" height=\"939\" srcset=\"https:\/\/sharewalker.com\/wp-content\/uploads\/2025\/03\/10012-2.png 1919w, https:\/\/sharewalker.com\/wp-content\/uploads\/2025\/03\/10012-2-300x147.png 300w, https:\/\/sharewalker.com\/wp-content\/uploads\/2025\/03\/10012-2-1024x501.png 1024w, https:\/\/sharewalker.com\/wp-content\/uploads\/2025\/03\/10012-2-768x376.png 768w, https:\/\/sharewalker.com\/wp-content\/uploads\/2025\/03\/10012-2-1536x752.png 1536w\" sizes=\"(max-width: 1919px) 100vw, 1919px\" \/><\/p>","protected":false},"excerpt":{"rendered":"<p>Introducci\u00f3n de una interfaz de usuario de nuevo dise\u00f1o para el sistema multiling\u00fce de recepci\u00f3n de pedidos en el extranjero, que integra funciones de reembolso en centros comerciales, funcionalidad Yu'ebao y un backend de agente dedicado para mejorar la experiencia del usuario y la eficacia operativa.<\/p>","protected":false},"featured_media":2045,"comment_status":"open","ping_status":"closed","template":"","meta":{"_uag_custom_page_level_css":"","site-sidebar-layout":"default","site-content-layout":"","ast-site-content-layout":"default","site-content-style":"default","site-sidebar-style":"default","ast-global-header-display":"","ast-banner-title-visibility":"","ast-main-header-display":"","ast-hfb-above-header-display":"","ast-hfb-below-header-display":"","ast-hfb-mobile-header-display":"","site-post-title":"","ast-breadcrumbs-content":"","ast-featured-img":"","footer-sml-layout":"","theme-transparent-header-meta":"default","adv-header-id-meta":"","stick-header-meta":"","header-above-stick-meta":"","header-main-stick-meta":"","header-below-stick-meta":"","astra-migrate-meta-layouts":"set","ast-page-background-enabled":"default","ast-page-background-meta":{"desktop":{"background-color":"var(--ast-global-color-4)","background-image":"","background-repeat":"repeat","background-position":"center center","background-size":"auto","background-attachment":"scroll","background-type":"","background-media":"","overlay-type":"","overlay-color":"","overlay-opacity":"","overlay-gradient":""},"tablet":{"background-color":"","background-image":"","background-repeat":"repeat","background-position":"center center","background-size":"auto","background-attachment":"scroll","background-type":"","background-media":"","overlay-type":"","overlay-color":"","overlay-opacity":"","overlay-gradient":""},"mobile":{"background-color":"","background-image":"","background-repeat":"repeat","background-position":"center center","background-size":"auto","background-attachment":"scroll","background-type":"","background-media":"","overlay-type":"","overlay-color":"","overlay-opacity":"","overlay-gradient":""}},"ast-content-background-meta":{"desktop":{"background-color":"var(--ast-global-color-5)","background-image":"","background-repeat":"repeat","background-position":"center center","background-size":"auto","background-attachment":"scroll","background-type":"","background-media":"","overlay-type":"","overlay-color":"","overlay-opacity":"","overlay-gradient":""},"tablet":{"background-color":"var(--ast-global-color-5)","background-image":"","background-repeat":"repeat","background-position":"center center","background-size":"auto","background-attachment":"scroll","background-type":"","background-media":"","overlay-type":"","overlay-color":"","overlay-opacity":"","overlay-gradient":""},"mobile":{"background-color":"var(--ast-global-color-5)","background-image":"","background-repeat":"repeat","background-position":"center center","background-size":"auto","background-attachment":"scroll","background-type":"","background-media":"","overlay-type":"","overlay-color":"","overlay-opacity":"","overlay-gradient":""}}},"product_brand":[],"product_cat":[59],"product_tag":[69,103,98,97,100,101,102,99],"class_list":{"0":"post-2043","1":"product","2":"type-product","3":"status-publish","4":"has-post-thumbnail","6":"product_cat-order-sniping-order-manipulation","7":"product_tag-agent-backend","8":"product_tag-financial-management","9":"product_tag-mall-rebate-integration","10":"product_tag-multi-language-order-grabbing-system","11":"product_tag-new-ui-design","12":"product_tag-order-brushing-system","13":"product_tag-overseas-e-commerce","14":"product_tag-yuebao-functionality","15":"desktop-align-left","16":"tablet-align-left","17":"mobile-align-left","19":"first","20":"instock","21":"shipping-taxable","22":"product-type-simple"},"uagb_featured_image_src":{"full":["https:\/\/sharewalker.com\/wp-content\/uploads\/2025\/03\/10001-1-e1742802448949.png",400,400,false],"thumbnail":["https:\/\/sharewalker.com\/wp-content\/uploads\/2025\/03\/10001-1-e1742802448949-150x150.png",150,150,true],"medium":["https:\/\/sharewalker.com\/wp-content\/uploads\/2025\/03\/10001-1-e1742802448949-300x300.png",300,300,true],"medium_large":["https:\/\/sharewalker.com\/wp-content\/uploads\/2025\/03\/10001-1-e1742802448949.png",400,400,false],"large":["https:\/\/sharewalker.com\/wp-content\/uploads\/2025\/03\/10001-1-e1742802448949.png",400,400,false],"1536x1536":["https:\/\/sharewalker.com\/wp-content\/uploads\/2025\/03\/10001-1-e1742802448949.png",400,400,false],"2048x2048":["https:\/\/sharewalker.com\/wp-content\/uploads\/2025\/03\/10001-1-e1742802448949.png",400,400,false],"trp-custom-language-flag":["https:\/\/sharewalker.com\/wp-content\/uploads\/2025\/03\/10001-1-e1742802448949.png",12,12,false],"woocommerce_thumbnail":["https:\/\/sharewalker.com\/wp-content\/uploads\/2025\/03\/10001-1-e1742802448949-300x300.png",300,300,true],"woocommerce_single":["https:\/\/sharewalker.com\/wp-content\/uploads\/2025\/03\/10001-1-e1742802448949-300x300.png",300,300,true],"woocommerce_gallery_thumbnail":["https:\/\/sharewalker.com\/wp-content\/uploads\/2025\/03\/10001-1-e1742802448949-100x100.png",100,100,true]},"uagb_author_info":{"display_name":"admin","author_link":"https:\/\/sharewalker.com\/es\/author\/"},"uagb_comment_info":0,"uagb_excerpt":"Introducing a newly designed UI for the multi-language overseas order grabbing system, integrating mall rebate features, Yu'ebao functionality, and a dedicated agent backend to enhance user experience and operational efficiency.\u200b","_links":{"self":[{"href":"https:\/\/sharewalker.com\/es\/wp-json\/wp\/v2\/product\/2043","targetHints":{"allow":["GET"]}}],"collection":[{"href":"https:\/\/sharewalker.com\/es\/wp-json\/wp\/v2\/product"}],"about":[{"href":"https:\/\/sharewalker.com\/es\/wp-json\/wp\/v2\/types\/product"}],"replies":[{"embeddable":true,"href":"https:\/\/sharewalker.com\/es\/wp-json\/wp\/v2\/comments?post=2043"}],"version-history":[{"count":0,"href":"https:\/\/sharewalker.com\/es\/wp-json\/wp\/v2\/product\/2043\/revisions"}],"wp:featuredmedia":[{"embeddable":true,"href":"https:\/\/sharewalker.com\/es\/wp-json\/wp\/v2\/media\/2045"}],"wp:attachment":[{"href":"https:\/\/sharewalker.com\/es\/wp-json\/wp\/v2\/media?parent=2043"}],"wp:term":[{"taxonomy":"product_brand","embeddable":true,"href":"https:\/\/sharewalker.com\/es\/wp-json\/wp\/v2\/product_brand?post=2043"},{"taxonomy":"product_cat","embeddable":true,"href":"https:\/\/sharewalker.com\/es\/wp-json\/wp\/v2\/product_cat?post=2043"},{"taxonomy":"product_tag","embeddable":true,"href":"https:\/\/sharewalker.com\/es\/wp-json\/wp\/v2\/product_tag?post=2043"}],"curies":[{"name":"wp","href":"https:\/\/api.w.org\/{rel}","templated":true}]}}