{"id":2097,"date":"2025-03-24T16:26:40","date_gmt":"2025-03-24T08:26:40","guid":{"rendered":"https:\/\/sharewalker.com\/?post_type=product&#038;p=2097"},"modified":"2025-03-24T16:26:40","modified_gmt":"2025-03-24T08:26:40","slug":"overseas-multi-language-order-grabbing-mall-custom-developed-overseas-order-grabbing-system-automatic-order-matching-group-management-onboarding-image-generation","status":"publish","type":"product","link":"https:\/\/sharewalker.com\/es\/producto\/centro-comercial-multilingue-de-recogida-de-pedidos-en-el-extranjero-sistema-de-recogida-de-pedidos-en-el-extranjero-desarrollado-a-medida-correspondencia-automatica-de-pedidos-gestion-de-grupos-incor\/","title":{"rendered":"Centro de recepci\u00f3n de pedidos multiling\u00fce en el extranjero | Sistema de recepci\u00f3n de pedidos en el extranjero desarrollado a medida | Ajuste autom\u00e1tico de pedidos | Gesti\u00f3n de grupos | Generaci\u00f3n de im\u00e1genes de embarque"},"content":{"rendered":"<p>Hemos lanzado un nuevo sistema personalizado de captura de pedidos en el extranjero dise\u00f1ado para ofrecer a los usuarios de todo el mundo una experiencia de gesti\u00f3n de pedidos eficaz y flexible. El sistema introduce una funci\u00f3n de generaci\u00f3n de im\u00e1genes de incorporaci\u00f3n para agilizar el proceso de incorporaci\u00f3n. El frontend admite varios idiomas y el backend permite a los administradores establecer el idioma y la zona horaria por defecto, lo que facilita las configuraciones a medida.<\/p>\n<p>Caracter\u00edsticas principales:<\/p>\n<p>Cotejo autom\u00e1tico de pedidos: el sistema coteja los pedidos de forma inteligente para mejorar la eficacia del procesamiento.<\/p>\n<p>Gesti\u00f3n de grupos: Admite la agrupaci\u00f3n de usuarios para agilizar la gesti\u00f3n y las operaciones.<\/p>\n<p>Generaci\u00f3n de im\u00e1genes de incorporaci\u00f3n: Introduce una funci\u00f3n de generaci\u00f3n de im\u00e1genes de incorporaci\u00f3n para mejorar la experiencia de incorporaci\u00f3n.<\/p>\n<p>Restricciones de Registro IP: Permite establecer l\u00edmites de registro IP para mejorar la seguridad del sistema.<\/p>\n<p>Configuraci\u00f3n de la zona horaria del sistema: Los administradores pueden configurar la zona horaria del sistema para garantizar una configuraci\u00f3n horaria precisa.<\/p>\n<p>Anuncios de mensajes masivos dentro del sitio: Permite la mensajer\u00eda masiva dentro del sitio para mejorar la eficiencia de la comunicaci\u00f3n.<\/p>\n<p>Adem\u00e1s, el sistema admite el desarrollo personalizado de la interfaz de usuario y el desarrollo secundario para satisfacer requisitos espec\u00edficos, lo que contribuye a la expansi\u00f3n de la empresa.<\/p>\n<p><img fetchpriority=\"high\" decoding=\"async\" class=\"aligncenter size-full wp-image-2099\" src=\"https:\/\/sharewalker.com\/wp-content\/uploads\/2025\/03\/10002-4.png\" alt=\"\" width=\"383\" height=\"784\" srcset=\"https:\/\/sharewalker.com\/wp-content\/uploads\/2025\/03\/10002-4.png 383w, https:\/\/sharewalker.com\/wp-content\/uploads\/2025\/03\/10002-4-300x614.png 300w, https:\/\/sharewalker.com\/wp-content\/uploads\/2025\/03\/10002-4-147x300.png 147w\" sizes=\"(max-width: 383px) 100vw, 383px\" \/> <img decoding=\"async\" class=\"aligncenter size-full wp-image-2100\" src=\"https:\/\/sharewalker.com\/wp-content\/uploads\/2025\/03\/10003-3.png\" alt=\"\" width=\"380\" height=\"781\" srcset=\"https:\/\/sharewalker.com\/wp-content\/uploads\/2025\/03\/10003-3.png 380w, https:\/\/sharewalker.com\/wp-content\/uploads\/2025\/03\/10003-3-300x617.png 300w, https:\/\/sharewalker.com\/wp-content\/uploads\/2025\/03\/10003-3-146x300.png 146w\" sizes=\"(max-width: 380px) 100vw, 380px\" \/> <img decoding=\"async\" class=\"aligncenter size-full wp-image-2101\" src=\"https:\/\/sharewalker.com\/wp-content\/uploads\/2025\/03\/10004-4.png\" alt=\"\" width=\"384\" height=\"777\" srcset=\"https:\/\/sharewalker.com\/wp-content\/uploads\/2025\/03\/10004-4.png 384w, https:\/\/sharewalker.com\/wp-content\/uploads\/2025\/03\/10004-4-300x607.png 300w, https:\/\/sharewalker.com\/wp-content\/uploads\/2025\/03\/10004-4-148x300.png 148w\" sizes=\"(max-width: 384px) 100vw, 384px\" \/> <img loading=\"lazy\" decoding=\"async\" class=\"aligncenter size-full wp-image-2102\" src=\"https:\/\/sharewalker.com\/wp-content\/uploads\/2025\/03\/10005-4.png\" alt=\"\" width=\"381\" height=\"779\" srcset=\"https:\/\/sharewalker.com\/wp-content\/uploads\/2025\/03\/10005-4.png 381w, https:\/\/sharewalker.com\/wp-content\/uploads\/2025\/03\/10005-4-300x613.png 300w, https:\/\/sharewalker.com\/wp-content\/uploads\/2025\/03\/10005-4-147x300.png 147w\" sizes=\"(max-width: 381px) 100vw, 381px\" \/> <img loading=\"lazy\" decoding=\"async\" class=\"aligncenter size-full wp-image-2103\" src=\"https:\/\/sharewalker.com\/wp-content\/uploads\/2025\/03\/10006-5.png\" alt=\"\" width=\"406\" height=\"780\" srcset=\"https:\/\/sharewalker.com\/wp-content\/uploads\/2025\/03\/10006-5.png 406w, https:\/\/sharewalker.com\/wp-content\/uploads\/2025\/03\/10006-5-300x576.png 300w, https:\/\/sharewalker.com\/wp-content\/uploads\/2025\/03\/10006-5-156x300.png 156w\" sizes=\"(max-width: 406px) 100vw, 406px\" \/> <img loading=\"lazy\" decoding=\"async\" class=\"aligncenter size-full wp-image-2104\" src=\"https:\/\/sharewalker.com\/wp-content\/uploads\/2025\/03\/10007-6.png\" alt=\"\" width=\"403\" height=\"776\" srcset=\"https:\/\/sharewalker.com\/wp-content\/uploads\/2025\/03\/10007-6.png 403w, https:\/\/sharewalker.com\/wp-content\/uploads\/2025\/03\/10007-6-300x578.png 300w, https:\/\/sharewalker.com\/wp-content\/uploads\/2025\/03\/10007-6-156x300.png 156w\" sizes=\"(max-width: 403px) 100vw, 403px\" \/> <img loading=\"lazy\" decoding=\"async\" class=\"aligncenter size-full wp-image-2105\" src=\"https:\/\/sharewalker.com\/wp-content\/uploads\/2025\/03\/10008-4.png\" alt=\"\" width=\"406\" height=\"778\" srcset=\"https:\/\/sharewalker.com\/wp-content\/uploads\/2025\/03\/10008-4.png 406w, https:\/\/sharewalker.com\/wp-content\/uploads\/2025\/03\/10008-4-300x575.png 300w, https:\/\/sharewalker.com\/wp-content\/uploads\/2025\/03\/10008-4-157x300.png 157w\" sizes=\"(max-width: 406px) 100vw, 406px\" \/> <img loading=\"lazy\" decoding=\"async\" class=\"aligncenter size-full wp-image-2106\" src=\"https:\/\/sharewalker.com\/wp-content\/uploads\/2025\/03\/10009-4.png\" alt=\"\" width=\"406\" height=\"772\" srcset=\"https:\/\/sharewalker.com\/wp-content\/uploads\/2025\/03\/10009-4.png 406w, https:\/\/sharewalker.com\/wp-content\/uploads\/2025\/03\/10009-4-300x570.png 300w, https:\/\/sharewalker.com\/wp-content\/uploads\/2025\/03\/10009-4-158x300.png 158w\" sizes=\"(max-width: 406px) 100vw, 406px\" \/> <img loading=\"lazy\" decoding=\"async\" class=\"aligncenter size-full wp-image-2107\" src=\"https:\/\/sharewalker.com\/wp-content\/uploads\/2025\/03\/10010-5.png\" alt=\"\" width=\"405\" height=\"777\" srcset=\"https:\/\/sharewalker.com\/wp-content\/uploads\/2025\/03\/10010-5.png 405w, https:\/\/sharewalker.com\/wp-content\/uploads\/2025\/03\/10010-5-300x576.png 300w, https:\/\/sharewalker.com\/wp-content\/uploads\/2025\/03\/10010-5-156x300.png 156w\" sizes=\"(max-width: 405px) 100vw, 405px\" \/> <img loading=\"lazy\" decoding=\"async\" class=\"aligncenter size-full wp-image-2108\" src=\"https:\/\/sharewalker.com\/wp-content\/uploads\/2025\/03\/10011-3.png\" alt=\"\" width=\"406\" height=\"778\" srcset=\"https:\/\/sharewalker.com\/wp-content\/uploads\/2025\/03\/10011-3.png 406w, https:\/\/sharewalker.com\/wp-content\/uploads\/2025\/03\/10011-3-300x575.png 300w, https:\/\/sharewalker.com\/wp-content\/uploads\/2025\/03\/10011-3-157x300.png 157w\" sizes=\"(max-width: 406px) 100vw, 406px\" \/> <img loading=\"lazy\" decoding=\"async\" class=\"aligncenter size-full wp-image-2110\" src=\"https:\/\/sharewalker.com\/wp-content\/uploads\/2025\/03\/10013-2.png\" alt=\"\" width=\"405\" height=\"775\" srcset=\"https:\/\/sharewalker.com\/wp-content\/uploads\/2025\/03\/10013-2.png 405w, https:\/\/sharewalker.com\/wp-content\/uploads\/2025\/03\/10013-2-300x574.png 300w, https:\/\/sharewalker.com\/wp-content\/uploads\/2025\/03\/10013-2-157x300.png 157w\" sizes=\"(max-width: 405px) 100vw, 405px\" \/><\/p>\n<p><img decoding=\"async\" src=\"https:\/\/sharewalker.com\/wp-content\/uploads\/2025\/03\/10012-3.png\" \/> <img loading=\"lazy\" decoding=\"async\" class=\"aligncenter size-full wp-image-2111\" src=\"https:\/\/sharewalker.com\/wp-content\/uploads\/2025\/03\/10014-1.png\" alt=\"\" width=\"1919\" height=\"970\" srcset=\"https:\/\/sharewalker.com\/wp-content\/uploads\/2025\/03\/10014-1.png 1919w, https:\/\/sharewalker.com\/wp-content\/uploads\/2025\/03\/10014-1-300x152.png 300w, https:\/\/sharewalker.com\/wp-content\/uploads\/2025\/03\/10014-1-1024x518.png 1024w, https:\/\/sharewalker.com\/wp-content\/uploads\/2025\/03\/10014-1-768x388.png 768w, https:\/\/sharewalker.com\/wp-content\/uploads\/2025\/03\/10014-1-1536x776.png 1536w\" sizes=\"(max-width: 1919px) 100vw, 1919px\" \/> <img loading=\"lazy\" decoding=\"async\" class=\"aligncenter size-full wp-image-2112\" src=\"https:\/\/sharewalker.com\/wp-content\/uploads\/2025\/03\/10015.png\" alt=\"\" width=\"1920\" height=\"963\" srcset=\"https:\/\/sharewalker.com\/wp-content\/uploads\/2025\/03\/10015.png 1920w, https:\/\/sharewalker.com\/wp-content\/uploads\/2025\/03\/10015-300x150.png 300w, https:\/\/sharewalker.com\/wp-content\/uploads\/2025\/03\/10015-1024x514.png 1024w, https:\/\/sharewalker.com\/wp-content\/uploads\/2025\/03\/10015-768x385.png 768w, https:\/\/sharewalker.com\/wp-content\/uploads\/2025\/03\/10015-1536x770.png 1536w\" sizes=\"(max-width: 1920px) 100vw, 1920px\" \/> <img loading=\"lazy\" decoding=\"async\" class=\"aligncenter size-full wp-image-2113\" src=\"https:\/\/sharewalker.com\/wp-content\/uploads\/2025\/03\/10016.png\" alt=\"\" width=\"1920\" height=\"963\" srcset=\"https:\/\/sharewalker.com\/wp-content\/uploads\/2025\/03\/10016.png 1920w, https:\/\/sharewalker.com\/wp-content\/uploads\/2025\/03\/10016-300x150.png 300w, https:\/\/sharewalker.com\/wp-content\/uploads\/2025\/03\/10016-1024x514.png 1024w, https:\/\/sharewalker.com\/wp-content\/uploads\/2025\/03\/10016-768x385.png 768w, https:\/\/sharewalker.com\/wp-content\/uploads\/2025\/03\/10016-1536x770.png 1536w\" sizes=\"(max-width: 1920px) 100vw, 1920px\" \/> <img loading=\"lazy\" decoding=\"async\" class=\"aligncenter size-full wp-image-2114\" src=\"https:\/\/sharewalker.com\/wp-content\/uploads\/2025\/03\/10017.png\" alt=\"\" width=\"1920\" height=\"963\" srcset=\"https:\/\/sharewalker.com\/wp-content\/uploads\/2025\/03\/10017.png 1920w, https:\/\/sharewalker.com\/wp-content\/uploads\/2025\/03\/10017-300x150.png 300w, https:\/\/sharewalker.com\/wp-content\/uploads\/2025\/03\/10017-1024x514.png 1024w, https:\/\/sharewalker.com\/wp-content\/uploads\/2025\/03\/10017-768x385.png 768w, https:\/\/sharewalker.com\/wp-content\/uploads\/2025\/03\/10017-1536x770.png 1536w\" sizes=\"(max-width: 1920px) 100vw, 1920px\" \/> <img loading=\"lazy\" decoding=\"async\" class=\"aligncenter size-full wp-image-2115\" src=\"https:\/\/sharewalker.com\/wp-content\/uploads\/2025\/03\/10018.png\" alt=\"\" width=\"1920\" height=\"960\" srcset=\"https:\/\/sharewalker.com\/wp-content\/uploads\/2025\/03\/10018.png 1920w, https:\/\/sharewalker.com\/wp-content\/uploads\/2025\/03\/10018-300x150.png 300w, https:\/\/sharewalker.com\/wp-content\/uploads\/2025\/03\/10018-1024x512.png 1024w, https:\/\/sharewalker.com\/wp-content\/uploads\/2025\/03\/10018-768x384.png 768w, https:\/\/sharewalker.com\/wp-content\/uploads\/2025\/03\/10018-1536x768.png 1536w\" sizes=\"(max-width: 1920px) 100vw, 1920px\" \/><\/p>","protected":false},"excerpt":{"rendered":"<p>Este sistema ofrece una nueva interfaz de usuario personalizada con una funci\u00f3n de generaci\u00f3n de im\u00e1genes de incorporaci\u00f3n. El frontend admite varios idiomas y el backend permite controlar la configuraci\u00f3n predeterminada de idioma y zona horaria. Entre sus funciones se incluyen las restricciones de registro de IP, la configuraci\u00f3n de la zona horaria del sistema y los anuncios masivos de mensajes en el sitio, lo que satisface diversas necesidades operativas.<\/p>","protected":false},"featured_media":2098,"comment_status":"open","ping_status":"closed","template":"","meta":{"_uag_custom_page_level_css":"","site-sidebar-layout":"default","site-content-layout":"","ast-site-content-layout":"default","site-content-style":"default","site-sidebar-style":"default","ast-global-header-display":"","ast-banner-title-visibility":"","ast-main-header-display":"","ast-hfb-above-header-display":"","ast-hfb-below-header-display":"","ast-hfb-mobile-header-display":"","site-post-title":"","ast-breadcrumbs-content":"","ast-featured-img":"","footer-sml-layout":"","theme-transparent-header-meta":"default","adv-header-id-meta":"","stick-header-meta":"","header-above-stick-meta":"","header-main-stick-meta":"","header-below-stick-meta":"","astra-migrate-meta-layouts":"set","ast-page-background-enabled":"default","ast-page-background-meta":{"desktop":{"background-color":"var(--ast-global-color-4)","background-image":"","background-repeat":"repeat","background-position":"center center","background-size":"auto","background-attachment":"scroll","background-type":"","background-media":"","overlay-type":"","overlay-color":"","overlay-opacity":"","overlay-gradient":""},"tablet":{"background-color":"","background-image":"","background-repeat":"repeat","background-position":"center center","background-size":"auto","background-attachment":"scroll","background-type":"","background-media":"","overlay-type":"","overlay-color":"","overlay-opacity":"","overlay-gradient":""},"mobile":{"background-color":"","background-image":"","background-repeat":"repeat","background-position":"center center","background-size":"auto","background-attachment":"scroll","background-type":"","background-media":"","overlay-type":"","overlay-color":"","overlay-opacity":"","overlay-gradient":""}},"ast-content-background-meta":{"desktop":{"background-color":"var(--ast-global-color-5)","background-image":"","background-repeat":"repeat","background-position":"center center","background-size":"auto","background-attachment":"scroll","background-type":"","background-media":"","overlay-type":"","overlay-color":"","overlay-opacity":"","overlay-gradient":""},"tablet":{"background-color":"var(--ast-global-color-5)","background-image":"","background-repeat":"repeat","background-position":"center center","background-size":"auto","background-attachment":"scroll","background-type":"","background-media":"","overlay-type":"","overlay-color":"","overlay-opacity":"","overlay-gradient":""},"mobile":{"background-color":"var(--ast-global-color-5)","background-image":"","background-repeat":"repeat","background-position":"center center","background-size":"auto","background-attachment":"scroll","background-type":"","background-media":"","overlay-type":"","overlay-color":"","overlay-opacity":"","overlay-gradient":""}}},"product_brand":[],"product_cat":[59],"product_tag":[],"class_list":{"0":"post-2097","1":"product","2":"type-product","3":"status-publish","4":"has-post-thumbnail","6":"product_cat-order-sniping-order-manipulation","7":"desktop-align-left","8":"tablet-align-left","9":"mobile-align-left","11":"first","12":"instock","13":"shipping-taxable","14":"product-type-simple"},"uagb_featured_image_src":{"full":["https:\/\/sharewalker.com\/wp-content\/uploads\/2025\/03\/10001-3-e1742804758138.jpg",300,300,false],"thumbnail":["https:\/\/sharewalker.com\/wp-content\/uploads\/2025\/03\/10001-3-e1742804758138-150x150.jpg",150,150,true],"medium":["https:\/\/sharewalker.com\/wp-content\/uploads\/2025\/03\/10001-3-300x200.jpg",300,200,true],"medium_large":["https:\/\/sharewalker.com\/wp-content\/uploads\/2025\/03\/10001-3-e1742804758138.jpg",300,300,false],"large":["https:\/\/sharewalker.com\/wp-content\/uploads\/2025\/03\/10001-3-e1742804758138.jpg",300,300,false],"1536x1536":["https:\/\/sharewalker.com\/wp-content\/uploads\/2025\/03\/10001-3-e1742804758138.jpg",300,300,false],"2048x2048":["https:\/\/sharewalker.com\/wp-content\/uploads\/2025\/03\/10001-3-e1742804758138.jpg",300,300,false],"trp-custom-language-flag":["https:\/\/sharewalker.com\/wp-content\/uploads\/2025\/03\/10001-3-e1742804758138.jpg",12,12,false],"woocommerce_thumbnail":["https:\/\/sharewalker.com\/wp-content\/uploads\/2025\/03\/10001-3-300x300.jpg",300,300,true],"woocommerce_single":["https:\/\/sharewalker.com\/wp-content\/uploads\/2025\/03\/10001-3-e1742804758138.jpg",300,300,false],"woocommerce_gallery_thumbnail":["https:\/\/sharewalker.com\/wp-content\/uploads\/2025\/03\/10001-3-e1742804758138-100x100.jpg",100,100,true]},"uagb_author_info":{"display_name":"admin","author_link":"https:\/\/sharewalker.com\/es\/author\/"},"uagb_comment_info":0,"uagb_excerpt":"This system offers a newly customized frontend UI with an onboarding image generation feature. The frontend supports multiple languages, and the backend allows control over default language and timezone settings. Features include IP registration restrictions, system timezone configuration, and mass in-site message announcements, catering to diverse operational needs.\u200b","_links":{"self":[{"href":"https:\/\/sharewalker.com\/es\/wp-json\/wp\/v2\/product\/2097","targetHints":{"allow":["GET"]}}],"collection":[{"href":"https:\/\/sharewalker.com\/es\/wp-json\/wp\/v2\/product"}],"about":[{"href":"https:\/\/sharewalker.com\/es\/wp-json\/wp\/v2\/types\/product"}],"replies":[{"embeddable":true,"href":"https:\/\/sharewalker.com\/es\/wp-json\/wp\/v2\/comments?post=2097"}],"version-history":[{"count":0,"href":"https:\/\/sharewalker.com\/es\/wp-json\/wp\/v2\/product\/2097\/revisions"}],"wp:featuredmedia":[{"embeddable":true,"href":"https:\/\/sharewalker.com\/es\/wp-json\/wp\/v2\/media\/2098"}],"wp:attachment":[{"href":"https:\/\/sharewalker.com\/es\/wp-json\/wp\/v2\/media?parent=2097"}],"wp:term":[{"taxonomy":"product_brand","embeddable":true,"href":"https:\/\/sharewalker.com\/es\/wp-json\/wp\/v2\/product_brand?post=2097"},{"taxonomy":"product_cat","embeddable":true,"href":"https:\/\/sharewalker.com\/es\/wp-json\/wp\/v2\/product_cat?post=2097"},{"taxonomy":"product_tag","embeddable":true,"href":"https:\/\/sharewalker.com\/es\/wp-json\/wp\/v2\/product_tag?post=2097"}],"curies":[{"name":"wp","href":"https:\/\/api.w.org\/{rel}","templated":true}]}}