{"id":2162,"date":"2025-03-24T16:45:39","date_gmt":"2025-03-24T08:45:39","guid":{"rendered":"https:\/\/sharewalker.com\/?post_type=product&#038;p=2162"},"modified":"2025-03-24T16:45:39","modified_gmt":"2025-03-24T08:45:39","slug":"customizable-vue-multi-language-overseas-order-grabbing-brushing-system-automatic-order-matching-injection-feature-group-mode-order-management","status":"publish","type":"product","link":"https:\/\/sharewalker.com\/es\/producto\/vue-personalizable-multiidioma-en-el-extranjero-sistema-de-recogida-de-pedidos-cepillado-adaptacion-automatica-de-pedidos-funcion-de-inyeccion-modo-de-grupo-gestion-de-pedidos\/","title":{"rendered":"Sistema personalizable Vue de captura de pedidos multiling\u00fce en el extranjero | Ajuste autom\u00e1tico de pedidos | Funci\u00f3n de inyecci\u00f3n | Modo de grupo | Gesti\u00f3n de pedidos"},"content":{"rendered":"<p>Ofrecemos un sistema Vue.js personalizable de captura\/cepillado de pedidos en el extranjero, dise\u00f1ado espec\u00edficamente para satisfacer las demandas de los mercados internacionales. El sistema admite el cambio multiling\u00fce, lo que permite a los usuarios seleccionar el idioma de la interfaz que mejor se adapte a sus necesidades. Entre sus caracter\u00edsticas principales se incluyen la coincidencia autom\u00e1tica de pedidos, la funcionalidad de inyecci\u00f3n, el modo de grupo y la gesti\u00f3n de pedidos, todo ello destinado a optimizar los flujos de trabajo y aumentar la productividad.<\/p>\n<p>Caracter\u00edsticas principales:<\/p>\n<p>Cotejo autom\u00e1tico de pedidos: el sistema coteja los pedidos de forma inteligente, lo que reduce la intervenci\u00f3n manual y mejora la eficacia del procesamiento de pedidos.<\/p>\n<p>Funcionalidad de inyecci\u00f3n: Proporciona operaciones de inyecci\u00f3n para garantizar la precisi\u00f3n y puntualidad de los datos de los pedidos.<\/p>\n<p>Modo Grupo: Permite a los usuarios agrupar los pedidos en funci\u00f3n de sus preferencias, facilitando su visualizaci\u00f3n y gesti\u00f3n.<\/p>\n<p>Gesti\u00f3n de pedidos: Ofrece funciones de creaci\u00f3n y gesti\u00f3n de pedidos para ayudar a los usuarios a gestionar eficazmente las tareas relacionadas con los pedidos.<\/p>\n<p>Aspectos t\u00e9cnicos destacados:<\/p>\n<p>Desarrollado con Vue.js: Construido sobre el framework Vue.js, asegurando un rendimiento responsivo y estabilidad del sistema.<\/p>\n<p>Soporte multiling\u00fce: Viene con paquetes de idiomas incorporados, lo que permite a los usuarios a\u00f1adir o modificar la configuraci\u00f3n de idioma seg\u00fan sea necesario.<\/p>\n<p>Configuraci\u00f3n flexible: El backend admite varias configuraciones, incluida la selecci\u00f3n del idioma predeterminado y los controles de cambio de idioma, para satisfacer las diversas necesidades de los usuarios.<\/p>\n<p><img fetchpriority=\"high\" decoding=\"async\" class=\"aligncenter size-full wp-image-2164\" src=\"https:\/\/sharewalker.com\/wp-content\/uploads\/2025\/03\/10002-7.png\" alt=\"\" width=\"390\" height=\"844\" srcset=\"https:\/\/sharewalker.com\/wp-content\/uploads\/2025\/03\/10002-7.png 390w, https:\/\/sharewalker.com\/wp-content\/uploads\/2025\/03\/10002-7-300x649.png 300w, https:\/\/sharewalker.com\/wp-content\/uploads\/2025\/03\/10002-7-139x300.png 139w\" sizes=\"(max-width: 390px) 100vw, 390px\" \/> <img decoding=\"async\" class=\"aligncenter size-full wp-image-2165\" src=\"https:\/\/sharewalker.com\/wp-content\/uploads\/2025\/03\/10003-6.png\" alt=\"\" width=\"390\" height=\"844\" srcset=\"https:\/\/sharewalker.com\/wp-content\/uploads\/2025\/03\/10003-6.png 390w, https:\/\/sharewalker.com\/wp-content\/uploads\/2025\/03\/10003-6-300x649.png 300w, https:\/\/sharewalker.com\/wp-content\/uploads\/2025\/03\/10003-6-139x300.png 139w\" sizes=\"(max-width: 390px) 100vw, 390px\" \/> <img decoding=\"async\" class=\"aligncenter size-full wp-image-2166\" src=\"https:\/\/sharewalker.com\/wp-content\/uploads\/2025\/03\/10004-7.png\" alt=\"\" width=\"390\" height=\"844\" srcset=\"https:\/\/sharewalker.com\/wp-content\/uploads\/2025\/03\/10004-7.png 390w, https:\/\/sharewalker.com\/wp-content\/uploads\/2025\/03\/10004-7-300x649.png 300w, https:\/\/sharewalker.com\/wp-content\/uploads\/2025\/03\/10004-7-139x300.png 139w\" sizes=\"(max-width: 390px) 100vw, 390px\" \/> <img loading=\"lazy\" decoding=\"async\" class=\"aligncenter size-full wp-image-2167\" src=\"https:\/\/sharewalker.com\/wp-content\/uploads\/2025\/03\/10005-7.png\" alt=\"\" width=\"390\" height=\"844\" srcset=\"https:\/\/sharewalker.com\/wp-content\/uploads\/2025\/03\/10005-7.png 390w, https:\/\/sharewalker.com\/wp-content\/uploads\/2025\/03\/10005-7-300x649.png 300w, https:\/\/sharewalker.com\/wp-content\/uploads\/2025\/03\/10005-7-139x300.png 139w\" sizes=\"(max-width: 390px) 100vw, 390px\" \/> <img loading=\"lazy\" decoding=\"async\" class=\"aligncenter size-full wp-image-2168\" src=\"https:\/\/sharewalker.com\/wp-content\/uploads\/2025\/03\/10006-8.png\" alt=\"\" width=\"390\" height=\"844\" srcset=\"https:\/\/sharewalker.com\/wp-content\/uploads\/2025\/03\/10006-8.png 390w, https:\/\/sharewalker.com\/wp-content\/uploads\/2025\/03\/10006-8-300x649.png 300w, https:\/\/sharewalker.com\/wp-content\/uploads\/2025\/03\/10006-8-139x300.png 139w\" sizes=\"(max-width: 390px) 100vw, 390px\" \/> <img loading=\"lazy\" decoding=\"async\" class=\"aligncenter size-full wp-image-2169\" src=\"https:\/\/sharewalker.com\/wp-content\/uploads\/2025\/03\/10007-9.png\" alt=\"\" width=\"390\" height=\"844\" srcset=\"https:\/\/sharewalker.com\/wp-content\/uploads\/2025\/03\/10007-9.png 390w, https:\/\/sharewalker.com\/wp-content\/uploads\/2025\/03\/10007-9-300x649.png 300w, https:\/\/sharewalker.com\/wp-content\/uploads\/2025\/03\/10007-9-139x300.png 139w\" sizes=\"(max-width: 390px) 100vw, 390px\" \/> <img loading=\"lazy\" decoding=\"async\" class=\"aligncenter size-full wp-image-2170\" src=\"https:\/\/sharewalker.com\/wp-content\/uploads\/2025\/03\/10008-7.png\" alt=\"\" width=\"390\" height=\"844\" srcset=\"https:\/\/sharewalker.com\/wp-content\/uploads\/2025\/03\/10008-7.png 390w, https:\/\/sharewalker.com\/wp-content\/uploads\/2025\/03\/10008-7-300x649.png 300w, https:\/\/sharewalker.com\/wp-content\/uploads\/2025\/03\/10008-7-139x300.png 139w\" sizes=\"(max-width: 390px) 100vw, 390px\" \/> <img loading=\"lazy\" decoding=\"async\" class=\"aligncenter size-full wp-image-2171\" src=\"https:\/\/sharewalker.com\/wp-content\/uploads\/2025\/03\/10009-7.png\" alt=\"\" width=\"390\" height=\"844\" srcset=\"https:\/\/sharewalker.com\/wp-content\/uploads\/2025\/03\/10009-7.png 390w, https:\/\/sharewalker.com\/wp-content\/uploads\/2025\/03\/10009-7-300x649.png 300w, https:\/\/sharewalker.com\/wp-content\/uploads\/2025\/03\/10009-7-139x300.png 139w\" sizes=\"(max-width: 390px) 100vw, 390px\" \/> <img loading=\"lazy\" decoding=\"async\" class=\"aligncenter size-full wp-image-2172\" src=\"https:\/\/sharewalker.com\/wp-content\/uploads\/2025\/03\/10010-8.png\" alt=\"\" width=\"390\" height=\"844\" srcset=\"https:\/\/sharewalker.com\/wp-content\/uploads\/2025\/03\/10010-8.png 390w, https:\/\/sharewalker.com\/wp-content\/uploads\/2025\/03\/10010-8-300x649.png 300w, https:\/\/sharewalker.com\/wp-content\/uploads\/2025\/03\/10010-8-139x300.png 139w\" sizes=\"(max-width: 390px) 100vw, 390px\" \/> <img loading=\"lazy\" decoding=\"async\" class=\"aligncenter size-full wp-image-2173\" src=\"https:\/\/sharewalker.com\/wp-content\/uploads\/2025\/03\/10011-6.png\" alt=\"\" width=\"390\" height=\"844\" srcset=\"https:\/\/sharewalker.com\/wp-content\/uploads\/2025\/03\/10011-6.png 390w, https:\/\/sharewalker.com\/wp-content\/uploads\/2025\/03\/10011-6-300x649.png 300w, https:\/\/sharewalker.com\/wp-content\/uploads\/2025\/03\/10011-6-139x300.png 139w\" sizes=\"(max-width: 390px) 100vw, 390px\" \/> <img loading=\"lazy\" decoding=\"async\" class=\"aligncenter size-full wp-image-2174\" src=\"https:\/\/sharewalker.com\/wp-content\/uploads\/2025\/03\/10012-6.png\" alt=\"\" width=\"390\" height=\"844\" srcset=\"https:\/\/sharewalker.com\/wp-content\/uploads\/2025\/03\/10012-6.png 390w, https:\/\/sharewalker.com\/wp-content\/uploads\/2025\/03\/10012-6-300x649.png 300w, https:\/\/sharewalker.com\/wp-content\/uploads\/2025\/03\/10012-6-139x300.png 139w\" sizes=\"(max-width: 390px) 100vw, 390px\" \/> <img loading=\"lazy\" decoding=\"async\" class=\"aligncenter size-full wp-image-2175\" src=\"https:\/\/sharewalker.com\/wp-content\/uploads\/2025\/03\/10013-5.png\" alt=\"\" width=\"390\" height=\"844\" srcset=\"https:\/\/sharewalker.com\/wp-content\/uploads\/2025\/03\/10013-5.png 390w, https:\/\/sharewalker.com\/wp-content\/uploads\/2025\/03\/10013-5-300x649.png 300w, https:\/\/sharewalker.com\/wp-content\/uploads\/2025\/03\/10013-5-139x300.png 139w\" sizes=\"(max-width: 390px) 100vw, 390px\" \/> <img loading=\"lazy\" decoding=\"async\" class=\"aligncenter size-full wp-image-2176\" src=\"https:\/\/sharewalker.com\/wp-content\/uploads\/2025\/03\/10014-4.png\" alt=\"\" width=\"390\" height=\"844\" srcset=\"https:\/\/sharewalker.com\/wp-content\/uploads\/2025\/03\/10014-4.png 390w, https:\/\/sharewalker.com\/wp-content\/uploads\/2025\/03\/10014-4-300x649.png 300w, https:\/\/sharewalker.com\/wp-content\/uploads\/2025\/03\/10014-4-139x300.png 139w\" sizes=\"(max-width: 390px) 100vw, 390px\" \/> <img loading=\"lazy\" decoding=\"async\" class=\"aligncenter size-full wp-image-2177\" src=\"https:\/\/sharewalker.com\/wp-content\/uploads\/2025\/03\/10015-3.png\" alt=\"\" width=\"390\" height=\"844\" srcset=\"https:\/\/sharewalker.com\/wp-content\/uploads\/2025\/03\/10015-3.png 390w, https:\/\/sharewalker.com\/wp-content\/uploads\/2025\/03\/10015-3-300x649.png 300w, https:\/\/sharewalker.com\/wp-content\/uploads\/2025\/03\/10015-3-139x300.png 139w\" sizes=\"(max-width: 390px) 100vw, 390px\" \/> <img loading=\"lazy\" decoding=\"async\" class=\"aligncenter size-full wp-image-2178\" src=\"https:\/\/sharewalker.com\/wp-content\/uploads\/2025\/03\/10016-3.png\" alt=\"\" width=\"390\" height=\"844\" srcset=\"https:\/\/sharewalker.com\/wp-content\/uploads\/2025\/03\/10016-3.png 390w, https:\/\/sharewalker.com\/wp-content\/uploads\/2025\/03\/10016-3-300x649.png 300w, https:\/\/sharewalker.com\/wp-content\/uploads\/2025\/03\/10016-3-139x300.png 139w\" sizes=\"(max-width: 390px) 100vw, 390px\" \/> <img loading=\"lazy\" decoding=\"async\" class=\"aligncenter size-full wp-image-2179\" src=\"https:\/\/sharewalker.com\/wp-content\/uploads\/2025\/03\/10017-3.png\" alt=\"\" width=\"1920\" height=\"955\" srcset=\"https:\/\/sharewalker.com\/wp-content\/uploads\/2025\/03\/10017-3.png 1920w, https:\/\/sharewalker.com\/wp-content\/uploads\/2025\/03\/10017-3-300x149.png 300w, https:\/\/sharewalker.com\/wp-content\/uploads\/2025\/03\/10017-3-1024x509.png 1024w, https:\/\/sharewalker.com\/wp-content\/uploads\/2025\/03\/10017-3-768x382.png 768w, https:\/\/sharewalker.com\/wp-content\/uploads\/2025\/03\/10017-3-1536x764.png 1536w\" sizes=\"(max-width: 1920px) 100vw, 1920px\" \/> <img loading=\"lazy\" decoding=\"async\" class=\"aligncenter size-full wp-image-2180\" src=\"https:\/\/sharewalker.com\/wp-content\/uploads\/2025\/03\/10018-3.png\" alt=\"\" width=\"1920\" height=\"955\" srcset=\"https:\/\/sharewalker.com\/wp-content\/uploads\/2025\/03\/10018-3.png 1920w, https:\/\/sharewalker.com\/wp-content\/uploads\/2025\/03\/10018-3-300x149.png 300w, https:\/\/sharewalker.com\/wp-content\/uploads\/2025\/03\/10018-3-1024x509.png 1024w, https:\/\/sharewalker.com\/wp-content\/uploads\/2025\/03\/10018-3-768x382.png 768w, https:\/\/sharewalker.com\/wp-content\/uploads\/2025\/03\/10018-3-1536x764.png 1536w\" sizes=\"(max-width: 1920px) 100vw, 1920px\" \/> <img loading=\"lazy\" decoding=\"async\" class=\"aligncenter size-full wp-image-2181\" src=\"https:\/\/sharewalker.com\/wp-content\/uploads\/2025\/03\/10019-2.png\" alt=\"\" width=\"1920\" height=\"955\" srcset=\"https:\/\/sharewalker.com\/wp-content\/uploads\/2025\/03\/10019-2.png 1920w, https:\/\/sharewalker.com\/wp-content\/uploads\/2025\/03\/10019-2-300x149.png 300w, https:\/\/sharewalker.com\/wp-content\/uploads\/2025\/03\/10019-2-1024x509.png 1024w, https:\/\/sharewalker.com\/wp-content\/uploads\/2025\/03\/10019-2-768x382.png 768w, https:\/\/sharewalker.com\/wp-content\/uploads\/2025\/03\/10019-2-1536x764.png 1536w\" sizes=\"(max-width: 1920px) 100vw, 1920px\" \/> <img loading=\"lazy\" decoding=\"async\" class=\"aligncenter size-full wp-image-2182\" src=\"https:\/\/sharewalker.com\/wp-content\/uploads\/2025\/03\/10020-2.png\" alt=\"\" width=\"1920\" height=\"955\" srcset=\"https:\/\/sharewalker.com\/wp-content\/uploads\/2025\/03\/10020-2.png 1920w, https:\/\/sharewalker.com\/wp-content\/uploads\/2025\/03\/10020-2-300x149.png 300w, https:\/\/sharewalker.com\/wp-content\/uploads\/2025\/03\/10020-2-1024x509.png 1024w, https:\/\/sharewalker.com\/wp-content\/uploads\/2025\/03\/10020-2-768x382.png 768w, https:\/\/sharewalker.com\/wp-content\/uploads\/2025\/03\/10020-2-1536x764.png 1536w\" sizes=\"(max-width: 1920px) 100vw, 1920px\" \/> <img loading=\"lazy\" decoding=\"async\" class=\"aligncenter size-full wp-image-2183\" src=\"https:\/\/sharewalker.com\/wp-content\/uploads\/2025\/03\/10021-1.png\" alt=\"\" width=\"1920\" height=\"955\" srcset=\"https:\/\/sharewalker.com\/wp-content\/uploads\/2025\/03\/10021-1.png 1920w, https:\/\/sharewalker.com\/wp-content\/uploads\/2025\/03\/10021-1-300x149.png 300w, https:\/\/sharewalker.com\/wp-content\/uploads\/2025\/03\/10021-1-1024x509.png 1024w, https:\/\/sharewalker.com\/wp-content\/uploads\/2025\/03\/10021-1-768x382.png 768w, https:\/\/sharewalker.com\/wp-content\/uploads\/2025\/03\/10021-1-1536x764.png 1536w\" sizes=\"(max-width: 1920px) 100vw, 1920px\" \/> <img loading=\"lazy\" decoding=\"async\" class=\"aligncenter size-full wp-image-2184\" src=\"https:\/\/sharewalker.com\/wp-content\/uploads\/2025\/03\/10022-1.png\" alt=\"\" width=\"1920\" height=\"955\" srcset=\"https:\/\/sharewalker.com\/wp-content\/uploads\/2025\/03\/10022-1.png 1920w, https:\/\/sharewalker.com\/wp-content\/uploads\/2025\/03\/10022-1-300x149.png 300w, https:\/\/sharewalker.com\/wp-content\/uploads\/2025\/03\/10022-1-1024x509.png 1024w, https:\/\/sharewalker.com\/wp-content\/uploads\/2025\/03\/10022-1-768x382.png 768w, https:\/\/sharewalker.com\/wp-content\/uploads\/2025\/03\/10022-1-1536x764.png 1536w\" sizes=\"(max-width: 1920px) 100vw, 1920px\" \/> <img loading=\"lazy\" decoding=\"async\" class=\"aligncenter size-full wp-image-2185\" src=\"https:\/\/sharewalker.com\/wp-content\/uploads\/2025\/03\/10023-1.png\" alt=\"\" width=\"1920\" height=\"955\" srcset=\"https:\/\/sharewalker.com\/wp-content\/uploads\/2025\/03\/10023-1.png 1920w, https:\/\/sharewalker.com\/wp-content\/uploads\/2025\/03\/10023-1-300x149.png 300w, https:\/\/sharewalker.com\/wp-content\/uploads\/2025\/03\/10023-1-1024x509.png 1024w, https:\/\/sharewalker.com\/wp-content\/uploads\/2025\/03\/10023-1-768x382.png 768w, https:\/\/sharewalker.com\/wp-content\/uploads\/2025\/03\/10023-1-1536x764.png 1536w\" sizes=\"(max-width: 1920px) 100vw, 1920px\" \/> <img loading=\"lazy\" decoding=\"async\" class=\"aligncenter size-full wp-image-2186\" src=\"https:\/\/sharewalker.com\/wp-content\/uploads\/2025\/03\/10024-1.png\" alt=\"\" width=\"1920\" height=\"955\" srcset=\"https:\/\/sharewalker.com\/wp-content\/uploads\/2025\/03\/10024-1.png 1920w, https:\/\/sharewalker.com\/wp-content\/uploads\/2025\/03\/10024-1-300x149.png 300w, https:\/\/sharewalker.com\/wp-content\/uploads\/2025\/03\/10024-1-1024x509.png 1024w, https:\/\/sharewalker.com\/wp-content\/uploads\/2025\/03\/10024-1-768x382.png 768w, https:\/\/sharewalker.com\/wp-content\/uploads\/2025\/03\/10024-1-1536x764.png 1536w\" sizes=\"(max-width: 1920px) 100vw, 1920px\" \/> <img loading=\"lazy\" decoding=\"async\" class=\"aligncenter size-full wp-image-2187\" src=\"https:\/\/sharewalker.com\/wp-content\/uploads\/2025\/03\/10025.png\" alt=\"\" width=\"1920\" height=\"955\" srcset=\"https:\/\/sharewalker.com\/wp-content\/uploads\/2025\/03\/10025.png 1920w, https:\/\/sharewalker.com\/wp-content\/uploads\/2025\/03\/10025-300x149.png 300w, https:\/\/sharewalker.com\/wp-content\/uploads\/2025\/03\/10025-1024x509.png 1024w, https:\/\/sharewalker.com\/wp-content\/uploads\/2025\/03\/10025-768x382.png 768w, https:\/\/sharewalker.com\/wp-content\/uploads\/2025\/03\/10025-1536x764.png 1536w\" sizes=\"(max-width: 1920px) 100vw, 1920px\" \/><\/p>","protected":false},"excerpt":{"rendered":"<p>Se trata de un sistema personalizable de captura\/cepillado de pedidos en el extranjero multiling\u00fce basado en Vue.js, que cuenta con coincidencia autom\u00e1tica de pedidos, funcionalidad de inyecci\u00f3n, modo de grupo y gesti\u00f3n de pedidos, con el objetivo de mejorar la experiencia del usuario y la eficiencia operativa.<\/p>","protected":false},"featured_media":2163,"comment_status":"open","ping_status":"closed","template":"","meta":{"_uag_custom_page_level_css":"","site-sidebar-layout":"default","site-content-layout":"","ast-site-content-layout":"default","site-content-style":"default","site-sidebar-style":"default","ast-global-header-display":"","ast-banner-title-visibility":"","ast-main-header-display":"","ast-hfb-above-header-display":"","ast-hfb-below-header-display":"","ast-hfb-mobile-header-display":"","site-post-title":"","ast-breadcrumbs-content":"","ast-featured-img":"","footer-sml-layout":"","theme-transparent-header-meta":"default","adv-header-id-meta":"","stick-header-meta":"","header-above-stick-meta":"","header-main-stick-meta":"","header-below-stick-meta":"","astra-migrate-meta-layouts":"set","ast-page-background-enabled":"default","ast-page-background-meta":{"desktop":{"background-color":"var(--ast-global-color-4)","background-image":"","background-repeat":"repeat","background-position":"center center","background-size":"auto","background-attachment":"scroll","background-type":"","background-media":"","overlay-type":"","overlay-color":"","overlay-opacity":"","overlay-gradient":""},"tablet":{"background-color":"","background-image":"","background-repeat":"repeat","background-position":"center center","background-size":"auto","background-attachment":"scroll","background-type":"","background-media":"","overlay-type":"","overlay-color":"","overlay-opacity":"","overlay-gradient":""},"mobile":{"background-color":"","background-image":"","background-repeat":"repeat","background-position":"center center","background-size":"auto","background-attachment":"scroll","background-type":"","background-media":"","overlay-type":"","overlay-color":"","overlay-opacity":"","overlay-gradient":""}},"ast-content-background-meta":{"desktop":{"background-color":"var(--ast-global-color-5)","background-image":"","background-repeat":"repeat","background-position":"center center","background-size":"auto","background-attachment":"scroll","background-type":"","background-media":"","overlay-type":"","overlay-color":"","overlay-opacity":"","overlay-gradient":""},"tablet":{"background-color":"var(--ast-global-color-5)","background-image":"","background-repeat":"repeat","background-position":"center center","background-size":"auto","background-attachment":"scroll","background-type":"","background-media":"","overlay-type":"","overlay-color":"","overlay-opacity":"","overlay-gradient":""},"mobile":{"background-color":"var(--ast-global-color-5)","background-image":"","background-repeat":"repeat","background-position":"center center","background-size":"auto","background-attachment":"scroll","background-type":"","background-media":"","overlay-type":"","overlay-color":"","overlay-opacity":"","overlay-gradient":""}}},"product_brand":[],"product_cat":[59],"product_tag":[90,137,136,135,101,87,129,138,134],"class_list":{"0":"post-2162","1":"product","2":"type-product","3":"status-publish","4":"has-post-thumbnail","6":"product_cat-order-sniping-order-manipulation","7":"product_tag-automatic-order-matching","8":"product_tag-group-mode","9":"product_tag-injection-function","10":"product_tag-multi-language-system","11":"product_tag-order-brushing-system","12":"product_tag-order-management","13":"product_tag-overseas-order-grabbing-system","14":"product_tag-user-customization","15":"product_tag-vue-js","16":"desktop-align-left","17":"tablet-align-left","18":"mobile-align-left","20":"first","21":"instock","22":"shipping-taxable","23":"product-type-simple"},"uagb_featured_image_src":{"full":["https:\/\/sharewalker.com\/wp-content\/uploads\/2025\/03\/10001-6-e1742805926549.jpg",300,300,false],"thumbnail":["https:\/\/sharewalker.com\/wp-content\/uploads\/2025\/03\/10001-6-e1742805926549-150x150.jpg",150,150,true],"medium":["https:\/\/sharewalker.com\/wp-content\/uploads\/2025\/03\/10001-6-300x217.jpg",300,217,true],"medium_large":["https:\/\/sharewalker.com\/wp-content\/uploads\/2025\/03\/10001-6-e1742805926549.jpg",300,300,false],"large":["https:\/\/sharewalker.com\/wp-content\/uploads\/2025\/03\/10001-6-e1742805926549.jpg",300,300,false],"1536x1536":["https:\/\/sharewalker.com\/wp-content\/uploads\/2025\/03\/10001-6-e1742805926549.jpg",300,300,false],"2048x2048":["https:\/\/sharewalker.com\/wp-content\/uploads\/2025\/03\/10001-6-e1742805926549.jpg",300,300,false],"trp-custom-language-flag":["https:\/\/sharewalker.com\/wp-content\/uploads\/2025\/03\/10001-6-e1742805926549.jpg",12,12,false],"woocommerce_thumbnail":["https:\/\/sharewalker.com\/wp-content\/uploads\/2025\/03\/10001-6-300x300.jpg",300,300,true],"woocommerce_single":["https:\/\/sharewalker.com\/wp-content\/uploads\/2025\/03\/10001-6-e1742805926549.jpg",300,300,false],"woocommerce_gallery_thumbnail":["https:\/\/sharewalker.com\/wp-content\/uploads\/2025\/03\/10001-6-e1742805926549-100x100.jpg",100,100,true]},"uagb_author_info":{"display_name":"admin","author_link":"https:\/\/sharewalker.com\/es\/author\/"},"uagb_comment_info":0,"uagb_excerpt":"This is a customizable Vue.js-based multi-language overseas order grabbing\/brushing system, featuring automatic order matching, injection functionality, group mode, and order management, aiming to enhance user experience and operational efficiency.\u200b","_links":{"self":[{"href":"https:\/\/sharewalker.com\/es\/wp-json\/wp\/v2\/product\/2162","targetHints":{"allow":["GET"]}}],"collection":[{"href":"https:\/\/sharewalker.com\/es\/wp-json\/wp\/v2\/product"}],"about":[{"href":"https:\/\/sharewalker.com\/es\/wp-json\/wp\/v2\/types\/product"}],"replies":[{"embeddable":true,"href":"https:\/\/sharewalker.com\/es\/wp-json\/wp\/v2\/comments?post=2162"}],"version-history":[{"count":0,"href":"https:\/\/sharewalker.com\/es\/wp-json\/wp\/v2\/product\/2162\/revisions"}],"wp:featuredmedia":[{"embeddable":true,"href":"https:\/\/sharewalker.com\/es\/wp-json\/wp\/v2\/media\/2163"}],"wp:attachment":[{"href":"https:\/\/sharewalker.com\/es\/wp-json\/wp\/v2\/media?parent=2162"}],"wp:term":[{"taxonomy":"product_brand","embeddable":true,"href":"https:\/\/sharewalker.com\/es\/wp-json\/wp\/v2\/product_brand?post=2162"},{"taxonomy":"product_cat","embeddable":true,"href":"https:\/\/sharewalker.com\/es\/wp-json\/wp\/v2\/product_cat?post=2162"},{"taxonomy":"product_tag","embeddable":true,"href":"https:\/\/sharewalker.com\/es\/wp-json\/wp\/v2\/product_tag?post=2162"}],"curies":[{"name":"wp","href":"https:\/\/api.w.org\/{rel}","templated":true}]}}