{"id":2773,"date":"2025-03-25T14:34:58","date_gmt":"2025-03-25T06:34:58","guid":{"rendered":"https:\/\/sharewalker.com\/?post_type=product&#038;p=2773"},"modified":"2025-12-16T11:43:47","modified_gmt":"2025-12-16T03:43:47","slug":"cambodian-lottery-fast-three-game-system-new-ui-design-betting-platform-draw-control-function","status":"publish","type":"product","link":"https:\/\/sharewalker.com\/es\/producto\/loteria-de-camboya-rapido-sistema-de-tres-juegos-nuevo-diseno-ui-plataforma-de-apuestas-sorteo-funcion-de-control\/","title":{"rendered":"Loter\u00eda de Camboya Sistema r\u00e1pido de tres juegos | Nuevo dise\u00f1o de interfaz de usuario | Plataforma de apuestas | Funci\u00f3n de control de sorteos"},"content":{"rendered":"<p>Este sistema est\u00e1 dise\u00f1ado espec\u00edficamente para el mercado camboyano e incorpora un juego r\u00e1pido de tres loter\u00edas con las siguientes caracter\u00edsticas.<\/p>\n<p>Nuevo dise\u00f1o de la interfaz de usuario: Utiliza una interfaz de usuario moderna para mejorar los efectos visuales y la experiencia operativa, satisfaciendo las preferencias est\u00e9ticas de los usuarios.<\/p>\n<p>Funci\u00f3n de lista blanca de IP: A\u00f1ade la configuraci\u00f3n de la lista blanca de IP para mejorar la seguridad del sistema, garantizando el acceso s\u00f3lo a los usuarios autorizados.<\/p>\n<p>Redirecci\u00f3n de la recarga al servicio de atenci\u00f3n al cliente y a la tarjeta bancaria con un solo clic: Permite la redirecci\u00f3n a p\u00e1ginas de atenci\u00f3n al cliente o de tarjetas bancarias durante la recarga, con un interruptor backend de un solo clic para mejorar la comodidad operativa.<\/p>\n<p>Funci\u00f3n de control del sorteo: Admite el control del sorteo para mejorar la controlabilidad y la equidad del juego, aumentando la confianza del usuario.<\/p>\n<p>Este sistema es adecuado para desarrolladores y operadores que deseen introducirse en el mercado camboyano de juegos de loter\u00eda, ya que ofrece una soluci\u00f3n eficaz y estable para apoyar el crecimiento del negocio.<\/p>\n<p><img fetchpriority=\"high\" decoding=\"async\" class=\"aligncenter size-full wp-image-2774\" src=\"https:\/\/sharewalker.com\/wp-content\/uploads\/2025\/03\/10001-30.jpg\" alt=\"\" width=\"437\" height=\"300\" \/> <img decoding=\"async\" class=\"aligncenter size-full wp-image-2775\" src=\"https:\/\/sharewalker.com\/wp-content\/uploads\/2025\/03\/10002-30.png\" alt=\"\" width=\"360\" height=\"740\" srcset=\"https:\/\/sharewalker.com\/wp-content\/uploads\/2025\/03\/10002-30.png 360w, https:\/\/sharewalker.com\/wp-content\/uploads\/2025\/03\/10002-30-146x300.png 146w, https:\/\/sharewalker.com\/wp-content\/uploads\/2025\/03\/10002-30-300x617.png 300w\" sizes=\"(max-width: 360px) 100vw, 360px\" \/> <img decoding=\"async\" class=\"aligncenter size-full wp-image-2776\" src=\"https:\/\/sharewalker.com\/wp-content\/uploads\/2025\/03\/10003-30.png\" alt=\"\" width=\"360\" height=\"740\" srcset=\"https:\/\/sharewalker.com\/wp-content\/uploads\/2025\/03\/10003-30.png 360w, https:\/\/sharewalker.com\/wp-content\/uploads\/2025\/03\/10003-30-146x300.png 146w, https:\/\/sharewalker.com\/wp-content\/uploads\/2025\/03\/10003-30-300x617.png 300w\" sizes=\"(max-width: 360px) 100vw, 360px\" \/> <img loading=\"lazy\" decoding=\"async\" class=\"aligncenter size-full wp-image-2777\" src=\"https:\/\/sharewalker.com\/wp-content\/uploads\/2025\/03\/10004-33.png\" alt=\"\" width=\"360\" height=\"740\" srcset=\"https:\/\/sharewalker.com\/wp-content\/uploads\/2025\/03\/10004-33.png 360w, https:\/\/sharewalker.com\/wp-content\/uploads\/2025\/03\/10004-33-146x300.png 146w, https:\/\/sharewalker.com\/wp-content\/uploads\/2025\/03\/10004-33-300x617.png 300w\" sizes=\"(max-width: 360px) 100vw, 360px\" \/> <img loading=\"lazy\" decoding=\"async\" class=\"aligncenter size-full wp-image-2778\" src=\"https:\/\/sharewalker.com\/wp-content\/uploads\/2025\/03\/10005-34.png\" alt=\"\" width=\"360\" height=\"740\" srcset=\"https:\/\/sharewalker.com\/wp-content\/uploads\/2025\/03\/10005-34.png 360w, https:\/\/sharewalker.com\/wp-content\/uploads\/2025\/03\/10005-34-146x300.png 146w, https:\/\/sharewalker.com\/wp-content\/uploads\/2025\/03\/10005-34-300x617.png 300w\" sizes=\"(max-width: 360px) 100vw, 360px\" \/> <img loading=\"lazy\" decoding=\"async\" class=\"aligncenter size-full wp-image-2779\" src=\"https:\/\/sharewalker.com\/wp-content\/uploads\/2025\/03\/10006-33.png\" alt=\"\" width=\"360\" height=\"740\" srcset=\"https:\/\/sharewalker.com\/wp-content\/uploads\/2025\/03\/10006-33.png 360w, https:\/\/sharewalker.com\/wp-content\/uploads\/2025\/03\/10006-33-146x300.png 146w, https:\/\/sharewalker.com\/wp-content\/uploads\/2025\/03\/10006-33-300x617.png 300w\" sizes=\"(max-width: 360px) 100vw, 360px\" \/> <img loading=\"lazy\" decoding=\"async\" class=\"aligncenter size-full wp-image-2780\" src=\"https:\/\/sharewalker.com\/wp-content\/uploads\/2025\/03\/10007-33.png\" alt=\"\" width=\"360\" height=\"740\" srcset=\"https:\/\/sharewalker.com\/wp-content\/uploads\/2025\/03\/10007-33.png 360w, https:\/\/sharewalker.com\/wp-content\/uploads\/2025\/03\/10007-33-146x300.png 146w, https:\/\/sharewalker.com\/wp-content\/uploads\/2025\/03\/10007-33-300x617.png 300w\" sizes=\"(max-width: 360px) 100vw, 360px\" \/> <img loading=\"lazy\" decoding=\"async\" class=\"aligncenter size-full wp-image-2781\" src=\"https:\/\/sharewalker.com\/wp-content\/uploads\/2025\/03\/10008-31.png\" alt=\"\" width=\"360\" height=\"740\" srcset=\"https:\/\/sharewalker.com\/wp-content\/uploads\/2025\/03\/10008-31.png 360w, https:\/\/sharewalker.com\/wp-content\/uploads\/2025\/03\/10008-31-146x300.png 146w, https:\/\/sharewalker.com\/wp-content\/uploads\/2025\/03\/10008-31-300x617.png 300w\" sizes=\"(max-width: 360px) 100vw, 360px\" \/> <img loading=\"lazy\" decoding=\"async\" class=\"aligncenter size-full wp-image-2782\" src=\"https:\/\/sharewalker.com\/wp-content\/uploads\/2025\/03\/10009-31.png\" alt=\"\" width=\"360\" height=\"740\" srcset=\"https:\/\/sharewalker.com\/wp-content\/uploads\/2025\/03\/10009-31.png 360w, https:\/\/sharewalker.com\/wp-content\/uploads\/2025\/03\/10009-31-146x300.png 146w, https:\/\/sharewalker.com\/wp-content\/uploads\/2025\/03\/10009-31-300x617.png 300w\" sizes=\"(max-width: 360px) 100vw, 360px\" \/> <img loading=\"lazy\" decoding=\"async\" class=\"aligncenter size-full wp-image-2783\" src=\"https:\/\/sharewalker.com\/wp-content\/uploads\/2025\/03\/10010-31.png\" alt=\"\" width=\"360\" height=\"740\" srcset=\"https:\/\/sharewalker.com\/wp-content\/uploads\/2025\/03\/10010-31.png 360w, https:\/\/sharewalker.com\/wp-content\/uploads\/2025\/03\/10010-31-146x300.png 146w, https:\/\/sharewalker.com\/wp-content\/uploads\/2025\/03\/10010-31-300x617.png 300w\" sizes=\"(max-width: 360px) 100vw, 360px\" \/> <img loading=\"lazy\" decoding=\"async\" class=\"aligncenter size-full wp-image-2784\" src=\"https:\/\/sharewalker.com\/wp-content\/uploads\/2025\/03\/10011-27.png\" alt=\"\" width=\"360\" height=\"740\" srcset=\"https:\/\/sharewalker.com\/wp-content\/uploads\/2025\/03\/10011-27.png 360w, https:\/\/sharewalker.com\/wp-content\/uploads\/2025\/03\/10011-27-146x300.png 146w, https:\/\/sharewalker.com\/wp-content\/uploads\/2025\/03\/10011-27-300x617.png 300w\" sizes=\"(max-width: 360px) 100vw, 360px\" \/> <img loading=\"lazy\" decoding=\"async\" class=\"aligncenter size-full wp-image-2785\" src=\"https:\/\/sharewalker.com\/wp-content\/uploads\/2025\/03\/10012-27.png\" alt=\"\" width=\"360\" height=\"740\" srcset=\"https:\/\/sharewalker.com\/wp-content\/uploads\/2025\/03\/10012-27.png 360w, https:\/\/sharewalker.com\/wp-content\/uploads\/2025\/03\/10012-27-146x300.png 146w, https:\/\/sharewalker.com\/wp-content\/uploads\/2025\/03\/10012-27-300x617.png 300w\" sizes=\"(max-width: 360px) 100vw, 360px\" \/> <img loading=\"lazy\" decoding=\"async\" class=\"aligncenter size-full wp-image-2786\" src=\"https:\/\/sharewalker.com\/wp-content\/uploads\/2025\/03\/10013-25.png\" alt=\"\" width=\"360\" height=\"740\" srcset=\"https:\/\/sharewalker.com\/wp-content\/uploads\/2025\/03\/10013-25.png 360w, https:\/\/sharewalker.com\/wp-content\/uploads\/2025\/03\/10013-25-146x300.png 146w, https:\/\/sharewalker.com\/wp-content\/uploads\/2025\/03\/10013-25-300x617.png 300w\" sizes=\"(max-width: 360px) 100vw, 360px\" \/> <img loading=\"lazy\" decoding=\"async\" class=\"aligncenter size-full wp-image-2787\" src=\"https:\/\/sharewalker.com\/wp-content\/uploads\/2025\/03\/10014-21.png\" alt=\"\" width=\"1920\" height=\"961\" srcset=\"https:\/\/sharewalker.com\/wp-content\/uploads\/2025\/03\/10014-21.png 1920w, https:\/\/sharewalker.com\/wp-content\/uploads\/2025\/03\/10014-21-300x150.png 300w, https:\/\/sharewalker.com\/wp-content\/uploads\/2025\/03\/10014-21-1024x513.png 1024w, https:\/\/sharewalker.com\/wp-content\/uploads\/2025\/03\/10014-21-768x384.png 768w, https:\/\/sharewalker.com\/wp-content\/uploads\/2025\/03\/10014-21-1536x769.png 1536w\" sizes=\"(max-width: 1920px) 100vw, 1920px\" \/> <img loading=\"lazy\" decoding=\"async\" class=\"aligncenter size-full wp-image-2788\" src=\"https:\/\/sharewalker.com\/wp-content\/uploads\/2025\/03\/10015-19.png\" alt=\"\" width=\"1920\" height=\"961\" srcset=\"https:\/\/sharewalker.com\/wp-content\/uploads\/2025\/03\/10015-19.png 1920w, https:\/\/sharewalker.com\/wp-content\/uploads\/2025\/03\/10015-19-300x150.png 300w, https:\/\/sharewalker.com\/wp-content\/uploads\/2025\/03\/10015-19-1024x513.png 1024w, https:\/\/sharewalker.com\/wp-content\/uploads\/2025\/03\/10015-19-768x384.png 768w, https:\/\/sharewalker.com\/wp-content\/uploads\/2025\/03\/10015-19-1536x769.png 1536w\" sizes=\"(max-width: 1920px) 100vw, 1920px\" \/> <img loading=\"lazy\" decoding=\"async\" class=\"aligncenter size-full wp-image-2789\" src=\"https:\/\/sharewalker.com\/wp-content\/uploads\/2025\/03\/10016-16.png\" alt=\"\" width=\"1920\" height=\"961\" srcset=\"https:\/\/sharewalker.com\/wp-content\/uploads\/2025\/03\/10016-16.png 1920w, https:\/\/sharewalker.com\/wp-content\/uploads\/2025\/03\/10016-16-300x150.png 300w, https:\/\/sharewalker.com\/wp-content\/uploads\/2025\/03\/10016-16-1024x513.png 1024w, https:\/\/sharewalker.com\/wp-content\/uploads\/2025\/03\/10016-16-768x384.png 768w, https:\/\/sharewalker.com\/wp-content\/uploads\/2025\/03\/10016-16-1536x769.png 1536w\" sizes=\"(max-width: 1920px) 100vw, 1920px\" \/><\/p>","protected":false},"excerpt":{"rendered":"<p>Un nuevo sistema de apuestas de loter\u00eda r\u00e1pida de Camboya con un moderno dise\u00f1o de interfaz de usuario, lista blanca de IP a\u00f1adida, redirecci\u00f3n de recarga al servicio de atenci\u00f3n al cliente y funciones de cambio con un solo clic en el backend de la tarjeta bancaria, que admite el control de sorteos para mejorar la flexibilidad operativa y la experiencia del usuario.<\/p>","protected":false},"featured_media":9010,"comment_status":"open","ping_status":"closed","template":"","meta":{"_uag_custom_page_level_css":"","site-sidebar-layout":"default","site-content-layout":"","ast-site-content-layout":"default","site-content-style":"default","site-sidebar-style":"default","ast-global-header-display":"","ast-banner-title-visibility":"","ast-main-header-display":"","ast-hfb-above-header-display":"","ast-hfb-below-header-display":"","ast-hfb-mobile-header-display":"","site-post-title":"","ast-breadcrumbs-content":"","ast-featured-img":"","footer-sml-layout":"","theme-transparent-header-meta":"default","adv-header-id-meta":"","stick-header-meta":"","header-above-stick-meta":"","header-main-stick-meta":"","header-below-stick-meta":"","astra-migrate-meta-layouts":"set","ast-page-background-enabled":"default","ast-page-background-meta":{"desktop":{"background-color":"var(--ast-global-color-4)","background-image":"","background-repeat":"repeat","background-position":"center center","background-size":"auto","background-attachment":"scroll","background-type":"","background-media":"","overlay-type":"","overlay-color":"","overlay-opacity":"","overlay-gradient":""},"tablet":{"background-color":"","background-image":"","background-repeat":"repeat","background-position":"center center","background-size":"auto","background-attachment":"scroll","background-type":"","background-media":"","overlay-type":"","overlay-color":"","overlay-opacity":"","overlay-gradient":""},"mobile":{"background-color":"","background-image":"","background-repeat":"repeat","background-position":"center center","background-size":"auto","background-attachment":"scroll","background-type":"","background-media":"","overlay-type":"","overlay-color":"","overlay-opacity":"","overlay-gradient":""}},"ast-content-background-meta":{"desktop":{"background-color":"var(--ast-global-color-5)","background-image":"","background-repeat":"repeat","background-position":"center center","background-size":"auto","background-attachment":"scroll","background-type":"","background-media":"","overlay-type":"","overlay-color":"","overlay-opacity":"","overlay-gradient":""},"tablet":{"background-color":"var(--ast-global-color-5)","background-image":"","background-repeat":"repeat","background-position":"center center","background-size":"auto","background-attachment":"scroll","background-type":"","background-media":"","overlay-type":"","overlay-color":"","overlay-opacity":"","overlay-gradient":""},"mobile":{"background-color":"var(--ast-global-color-5)","background-image":"","background-repeat":"repeat","background-position":"center center","background-size":"auto","background-attachment":"scroll","background-type":"","background-media":"","overlay-type":"","overlay-color":"","overlay-opacity":"","overlay-gradient":""}}},"product_brand":[],"product_cat":[62],"product_tag":[263,262,265,264,100,267,266],"class_list":{"0":"post-2773","1":"product","2":"type-product","3":"status-publish","4":"has-post-thumbnail","6":"product_cat-gaming","7":"product_tag-cambodian-fast-three-game","8":"product_tag-draw-control-function","9":"product_tag-ip-whitelist","10":"product_tag-lottery-betting-system","11":"product_tag-new-ui-design","12":"product_tag-overseas-game-developmentv","13":"product_tag-recharge-redirection-to-customer-service","14":"desktop-align-left","15":"tablet-align-left","16":"mobile-align-left","18":"first","19":"instock","20":"shipping-taxable","21":"product-type-simple"},"uagb_featured_image_src":{"full":["https:\/\/sharewalker.com\/wp-content\/uploads\/2025\/03\/333333333.jpg",288,300,false],"thumbnail":["https:\/\/sharewalker.com\/wp-content\/uploads\/2025\/03\/333333333-150x150.jpg",150,150,true],"medium":["https:\/\/sharewalker.com\/wp-content\/uploads\/2025\/03\/333333333.jpg",288,300,false],"medium_large":["https:\/\/sharewalker.com\/wp-content\/uploads\/2025\/03\/333333333.jpg",288,300,false],"large":["https:\/\/sharewalker.com\/wp-content\/uploads\/2025\/03\/333333333.jpg",288,300,false],"1536x1536":["https:\/\/sharewalker.com\/wp-content\/uploads\/2025\/03\/333333333.jpg",288,300,false],"2048x2048":["https:\/\/sharewalker.com\/wp-content\/uploads\/2025\/03\/333333333.jpg",288,300,false],"trp-custom-language-flag":["https:\/\/sharewalker.com\/wp-content\/uploads\/2025\/03\/333333333-12x12.jpg",12,12,true],"woocommerce_thumbnail":["https:\/\/sharewalker.com\/wp-content\/uploads\/2025\/03\/333333333.jpg",288,300,false],"woocommerce_single":["https:\/\/sharewalker.com\/wp-content\/uploads\/2025\/03\/333333333.jpg",288,300,false],"woocommerce_gallery_thumbnail":["https:\/\/sharewalker.com\/wp-content\/uploads\/2025\/03\/333333333-100x100.jpg",100,100,true]},"uagb_author_info":{"display_name":"admin","author_link":"https:\/\/sharewalker.com\/es\/author\/"},"uagb_comment_info":1,"uagb_excerpt":"A newly developed Cambodian fast three lottery betting game system featuring a modern UI design, with added IP whitelist, recharge redirection to customer service and bank card backend one-click switch functions, supporting draw control to enhance operational flexibility and user experience.\u200b","_links":{"self":[{"href":"https:\/\/sharewalker.com\/es\/wp-json\/wp\/v2\/product\/2773","targetHints":{"allow":["GET"]}}],"collection":[{"href":"https:\/\/sharewalker.com\/es\/wp-json\/wp\/v2\/product"}],"about":[{"href":"https:\/\/sharewalker.com\/es\/wp-json\/wp\/v2\/types\/product"}],"replies":[{"embeddable":true,"href":"https:\/\/sharewalker.com\/es\/wp-json\/wp\/v2\/comments?post=2773"}],"version-history":[{"count":0,"href":"https:\/\/sharewalker.com\/es\/wp-json\/wp\/v2\/product\/2773\/revisions"}],"wp:featuredmedia":[{"embeddable":true,"href":"https:\/\/sharewalker.com\/es\/wp-json\/wp\/v2\/media\/9010"}],"wp:attachment":[{"href":"https:\/\/sharewalker.com\/es\/wp-json\/wp\/v2\/media?parent=2773"}],"wp:term":[{"taxonomy":"product_brand","embeddable":true,"href":"https:\/\/sharewalker.com\/es\/wp-json\/wp\/v2\/product_brand?post=2773"},{"taxonomy":"product_cat","embeddable":true,"href":"https:\/\/sharewalker.com\/es\/wp-json\/wp\/v2\/product_cat?post=2773"},{"taxonomy":"product_tag","embeddable":true,"href":"https:\/\/sharewalker.com\/es\/wp-json\/wp\/v2\/product_tag?post=2773"}],"curies":[{"name":"wp","href":"https:\/\/api.w.org\/{rel}","templated":true}]}}