{"id":2965,"date":"2025-03-25T15:41:56","date_gmt":"2025-03-25T07:41:56","guid":{"rendered":"https:\/\/sharewalker.com\/?post_type=product&#038;p=2965"},"modified":"2025-04-23T16:47:07","modified_gmt":"2025-04-23T08:47:07","slug":"multilingual-blockchain-exchange-system-perpetual-contracts-otc-options-trading-second-contracts-pc-h5-agent-end","status":"publish","type":"product","link":"https:\/\/sharewalker.com\/es\/producto\/sistema-de-intercambio-blockchain-multilingue-contratos-perpetuos-otc-options-trading-segundos-contratos-pc-h5-agente-fin\/","title":{"rendered":"Sistema de Intercambio Blockchain Multiling\u00fce | Contratos Perpetuos, OTC, Comercio de Opciones, Segundos Contratos | PC, H5, Agente End"},"content":{"rendered":"<p>Este sistema de intercambio ofrece las siguientes caracter\u00edsticas clave.<\/p>\n<p>Soporte multiling\u00fce: El sistema ofrece versiones en 15 idiomas, lo que garantiza la facilidad de uso para usuarios de todo el mundo.<\/p>\n<p>Compatibilidad multiplataforma: Admite operaciones tanto en PC como en plataformas m\u00f3viles H5, lo que permite a los usuarios operar en cualquier momento y lugar.<\/p>\n<p>Diversas caracter\u00edsticas comerciales:<\/p>\n<p>Contratos perpetuos: Ofrece contratos sin fecha de vencimiento, destinados a operadores profesionales.<\/p>\n<p>Operaciones extraburs\u00e1tiles (OTC): Facilita las transacciones directas entre usuarios, proporcionando opciones de negociaci\u00f3n flexibles.<\/p>\n<p>Negociaci\u00f3n de opciones: Proporciona una variedad de contratos de opciones, enriqueciendo las estrategias de negociaci\u00f3n.<\/p>\n<p>Segundos Contratos: Admite la negociaci\u00f3n de contratos de segundo nivel, satisfaciendo las necesidades de los operadores a corto plazo.<\/p>\n<p>Funcionalidad de gesti\u00f3n de agentes: Incluye un m\u00f3dulo de gesti\u00f3n de agentes para la gesti\u00f3n de usuarios y la liquidaci\u00f3n de comisiones.<\/p>\n<div style=\"width: 2254px;\" class=\"wp-video\"><video class=\"wp-video-shortcode\" id=\"video-2965-1\" width=\"2254\" height=\"1080\" preload=\"metadata\" controls=\"controls\"><source type=\"video\/mp4\" src=\"https:\/\/sharewalker.com\/wp-content\/uploads\/2025\/03\/202409051725535340766455.mp4?_=1\" \/><a href=\"https:\/\/sharewalker.com\/wp-content\/uploads\/2025\/03\/202409051725535340766455.mp4\">https:\/\/sharewalker.com\/wp-content\/uploads\/2025\/03\/202409051725535340766455.mp4<\/a><\/video><\/div>\n<p><img fetchpriority=\"high\" decoding=\"async\" class=\"aligncenter size-full wp-image-2967\" src=\"https:\/\/sharewalker.com\/wp-content\/uploads\/2025\/03\/10001-11.png\" alt=\"\" width=\"1919\" height=\"944\" srcset=\"https:\/\/sharewalker.com\/wp-content\/uploads\/2025\/03\/10001-11.png 1919w, https:\/\/sharewalker.com\/wp-content\/uploads\/2025\/03\/10001-11-300x148.png 300w, https:\/\/sharewalker.com\/wp-content\/uploads\/2025\/03\/10001-11-1024x504.png 1024w, https:\/\/sharewalker.com\/wp-content\/uploads\/2025\/03\/10001-11-768x378.png 768w, https:\/\/sharewalker.com\/wp-content\/uploads\/2025\/03\/10001-11-1536x756.png 1536w\" sizes=\"(max-width: 1919px) 100vw, 1919px\" \/> <img decoding=\"async\" class=\"aligncenter size-full wp-image-2968\" src=\"https:\/\/sharewalker.com\/wp-content\/uploads\/2025\/03\/10002-38.png\" alt=\"\" width=\"1914\" height=\"933\" srcset=\"https:\/\/sharewalker.com\/wp-content\/uploads\/2025\/03\/10002-38.png 1914w, https:\/\/sharewalker.com\/wp-content\/uploads\/2025\/03\/10002-38-300x146.png 300w, https:\/\/sharewalker.com\/wp-content\/uploads\/2025\/03\/10002-38-1024x499.png 1024w, https:\/\/sharewalker.com\/wp-content\/uploads\/2025\/03\/10002-38-768x374.png 768w, https:\/\/sharewalker.com\/wp-content\/uploads\/2025\/03\/10002-38-1536x749.png 1536w\" sizes=\"(max-width: 1914px) 100vw, 1914px\" \/> <img decoding=\"async\" class=\"aligncenter size-full wp-image-2969\" src=\"https:\/\/sharewalker.com\/wp-content\/uploads\/2025\/03\/10003-40.png\" alt=\"\" width=\"1919\" height=\"938\" srcset=\"https:\/\/sharewalker.com\/wp-content\/uploads\/2025\/03\/10003-40.png 1919w, https:\/\/sharewalker.com\/wp-content\/uploads\/2025\/03\/10003-40-300x147.png 300w, https:\/\/sharewalker.com\/wp-content\/uploads\/2025\/03\/10003-40-1024x501.png 1024w, https:\/\/sharewalker.com\/wp-content\/uploads\/2025\/03\/10003-40-768x375.png 768w, https:\/\/sharewalker.com\/wp-content\/uploads\/2025\/03\/10003-40-1536x751.png 1536w\" sizes=\"(max-width: 1919px) 100vw, 1919px\" \/> <img loading=\"lazy\" decoding=\"async\" class=\"aligncenter size-full wp-image-2970\" src=\"https:\/\/sharewalker.com\/wp-content\/uploads\/2025\/03\/10004-43.png\" alt=\"\" width=\"1916\" height=\"953\" srcset=\"https:\/\/sharewalker.com\/wp-content\/uploads\/2025\/03\/10004-43.png 1916w, https:\/\/sharewalker.com\/wp-content\/uploads\/2025\/03\/10004-43-300x149.png 300w, https:\/\/sharewalker.com\/wp-content\/uploads\/2025\/03\/10004-43-1024x509.png 1024w, https:\/\/sharewalker.com\/wp-content\/uploads\/2025\/03\/10004-43-768x382.png 768w, https:\/\/sharewalker.com\/wp-content\/uploads\/2025\/03\/10004-43-1536x764.png 1536w\" sizes=\"(max-width: 1916px) 100vw, 1916px\" \/> <img loading=\"lazy\" decoding=\"async\" class=\"aligncenter size-full wp-image-2971\" src=\"https:\/\/sharewalker.com\/wp-content\/uploads\/2025\/03\/10005-44.png\" alt=\"\" width=\"416\" height=\"877\" srcset=\"https:\/\/sharewalker.com\/wp-content\/uploads\/2025\/03\/10005-44.png 416w, https:\/\/sharewalker.com\/wp-content\/uploads\/2025\/03\/10005-44-142x300.png 142w, https:\/\/sharewalker.com\/wp-content\/uploads\/2025\/03\/10005-44-300x632.png 300w\" sizes=\"(max-width: 416px) 100vw, 416px\" \/> <img loading=\"lazy\" decoding=\"async\" class=\"aligncenter size-full wp-image-2972\" src=\"https:\/\/sharewalker.com\/wp-content\/uploads\/2025\/03\/10006-43.png\" alt=\"\" width=\"414\" height=\"886\" \/> <img loading=\"lazy\" decoding=\"async\" class=\"aligncenter size-full wp-image-2973\" src=\"https:\/\/sharewalker.com\/wp-content\/uploads\/2025\/03\/10007-43.png\" alt=\"\" width=\"1904\" height=\"943\" srcset=\"https:\/\/sharewalker.com\/wp-content\/uploads\/2025\/03\/10007-43.png 1904w, https:\/\/sharewalker.com\/wp-content\/uploads\/2025\/03\/10007-43-300x149.png 300w, https:\/\/sharewalker.com\/wp-content\/uploads\/2025\/03\/10007-43-1024x507.png 1024w, https:\/\/sharewalker.com\/wp-content\/uploads\/2025\/03\/10007-43-768x380.png 768w, https:\/\/sharewalker.com\/wp-content\/uploads\/2025\/03\/10007-43-1536x761.png 1536w\" sizes=\"(max-width: 1904px) 100vw, 1904px\" \/> <img loading=\"lazy\" decoding=\"async\" class=\"aligncenter size-full wp-image-2974\" src=\"https:\/\/sharewalker.com\/wp-content\/uploads\/2025\/03\/10008-42.png\" alt=\"\" width=\"407\" height=\"869\" srcset=\"https:\/\/sharewalker.com\/wp-content\/uploads\/2025\/03\/10008-42.png 407w, https:\/\/sharewalker.com\/wp-content\/uploads\/2025\/03\/10008-42-141x300.png 141w, https:\/\/sharewalker.com\/wp-content\/uploads\/2025\/03\/10008-42-300x641.png 300w\" sizes=\"(max-width: 407px) 100vw, 407px\" \/> <img loading=\"lazy\" decoding=\"async\" class=\"aligncenter size-full wp-image-2975\" src=\"https:\/\/sharewalker.com\/wp-content\/uploads\/2025\/03\/10009-41.png\" alt=\"\" width=\"410\" height=\"865\" srcset=\"https:\/\/sharewalker.com\/wp-content\/uploads\/2025\/03\/10009-41.png 410w, https:\/\/sharewalker.com\/wp-content\/uploads\/2025\/03\/10009-41-142x300.png 142w, https:\/\/sharewalker.com\/wp-content\/uploads\/2025\/03\/10009-41-300x633.png 300w\" sizes=\"(max-width: 410px) 100vw, 410px\" \/> <img loading=\"lazy\" decoding=\"async\" class=\"aligncenter size-full wp-image-2976\" src=\"https:\/\/sharewalker.com\/wp-content\/uploads\/2025\/03\/10010-40.png\" alt=\"\" width=\"413\" height=\"873\" srcset=\"https:\/\/sharewalker.com\/wp-content\/uploads\/2025\/03\/10010-40.png 413w, https:\/\/sharewalker.com\/wp-content\/uploads\/2025\/03\/10010-40-142x300.png 142w, https:\/\/sharewalker.com\/wp-content\/uploads\/2025\/03\/10010-40-300x634.png 300w\" sizes=\"(max-width: 413px) 100vw, 413px\" \/> <img loading=\"lazy\" decoding=\"async\" class=\"aligncenter size-full wp-image-2977\" src=\"https:\/\/sharewalker.com\/wp-content\/uploads\/2025\/03\/10011-37.png\" alt=\"\" width=\"413\" height=\"872\" srcset=\"https:\/\/sharewalker.com\/wp-content\/uploads\/2025\/03\/10011-37.png 413w, https:\/\/sharewalker.com\/wp-content\/uploads\/2025\/03\/10011-37-142x300.png 142w, https:\/\/sharewalker.com\/wp-content\/uploads\/2025\/03\/10011-37-300x633.png 300w\" sizes=\"(max-width: 413px) 100vw, 413px\" \/> <img loading=\"lazy\" decoding=\"async\" class=\"aligncenter size-full wp-image-2978\" src=\"https:\/\/sharewalker.com\/wp-content\/uploads\/2025\/03\/10012-37.png\" alt=\"\" width=\"412\" height=\"870\" srcset=\"https:\/\/sharewalker.com\/wp-content\/uploads\/2025\/03\/10012-37.png 412w, https:\/\/sharewalker.com\/wp-content\/uploads\/2025\/03\/10012-37-142x300.png 142w, https:\/\/sharewalker.com\/wp-content\/uploads\/2025\/03\/10012-37-300x633.png 300w\" sizes=\"(max-width: 412px) 100vw, 412px\" \/> <img loading=\"lazy\" decoding=\"async\" class=\"aligncenter size-full wp-image-2979\" src=\"https:\/\/sharewalker.com\/wp-content\/uploads\/2025\/03\/10013-35.png\" alt=\"\" width=\"412\" height=\"872\" srcset=\"https:\/\/sharewalker.com\/wp-content\/uploads\/2025\/03\/10013-35.png 412w, https:\/\/sharewalker.com\/wp-content\/uploads\/2025\/03\/10013-35-142x300.png 142w, https:\/\/sharewalker.com\/wp-content\/uploads\/2025\/03\/10013-35-300x635.png 300w\" sizes=\"(max-width: 412px) 100vw, 412px\" \/> <img loading=\"lazy\" decoding=\"async\" class=\"aligncenter size-full wp-image-2980\" src=\"https:\/\/sharewalker.com\/wp-content\/uploads\/2025\/03\/10014-29.png\" alt=\"\" width=\"406\" height=\"869\" srcset=\"https:\/\/sharewalker.com\/wp-content\/uploads\/2025\/03\/10014-29.png 406w, https:\/\/sharewalker.com\/wp-content\/uploads\/2025\/03\/10014-29-140x300.png 140w, https:\/\/sharewalker.com\/wp-content\/uploads\/2025\/03\/10014-29-300x642.png 300w\" sizes=\"(max-width: 406px) 100vw, 406px\" \/> <img loading=\"lazy\" decoding=\"async\" class=\"aligncenter size-full wp-image-2981\" src=\"https:\/\/sharewalker.com\/wp-content\/uploads\/2025\/03\/10015-27.png\" alt=\"\" width=\"411\" height=\"870\" srcset=\"https:\/\/sharewalker.com\/wp-content\/uploads\/2025\/03\/10015-27.png 411w, https:\/\/sharewalker.com\/wp-content\/uploads\/2025\/03\/10015-27-142x300.png 142w, https:\/\/sharewalker.com\/wp-content\/uploads\/2025\/03\/10015-27-300x635.png 300w\" sizes=\"(max-width: 411px) 100vw, 411px\" \/> <img loading=\"lazy\" decoding=\"async\" class=\"aligncenter size-full wp-image-2982\" src=\"https:\/\/sharewalker.com\/wp-content\/uploads\/2025\/03\/10016-23.png\" alt=\"\" width=\"407\" height=\"871\" srcset=\"https:\/\/sharewalker.com\/wp-content\/uploads\/2025\/03\/10016-23.png 407w, https:\/\/sharewalker.com\/wp-content\/uploads\/2025\/03\/10016-23-140x300.png 140w, https:\/\/sharewalker.com\/wp-content\/uploads\/2025\/03\/10016-23-300x642.png 300w\" sizes=\"(max-width: 407px) 100vw, 407px\" \/> <img loading=\"lazy\" decoding=\"async\" class=\"aligncenter size-full wp-image-2983\" src=\"https:\/\/sharewalker.com\/wp-content\/uploads\/2025\/03\/10017-16.png\" alt=\"\" width=\"412\" height=\"871\" srcset=\"https:\/\/sharewalker.com\/wp-content\/uploads\/2025\/03\/10017-16.png 412w, https:\/\/sharewalker.com\/wp-content\/uploads\/2025\/03\/10017-16-142x300.png 142w, https:\/\/sharewalker.com\/wp-content\/uploads\/2025\/03\/10017-16-300x634.png 300w\" sizes=\"(max-width: 412px) 100vw, 412px\" \/> <img loading=\"lazy\" decoding=\"async\" class=\"aligncenter size-full wp-image-2984\" src=\"https:\/\/sharewalker.com\/wp-content\/uploads\/2025\/03\/10018-16.png\" alt=\"\" width=\"413\" height=\"876\" srcset=\"https:\/\/sharewalker.com\/wp-content\/uploads\/2025\/03\/10018-16.png 413w, https:\/\/sharewalker.com\/wp-content\/uploads\/2025\/03\/10018-16-141x300.png 141w, https:\/\/sharewalker.com\/wp-content\/uploads\/2025\/03\/10018-16-300x636.png 300w\" sizes=\"(max-width: 413px) 100vw, 413px\" \/> <img loading=\"lazy\" decoding=\"async\" class=\"aligncenter size-full wp-image-2985\" src=\"https:\/\/sharewalker.com\/wp-content\/uploads\/2025\/03\/10019-9.png\" alt=\"\" width=\"412\" height=\"869\" srcset=\"https:\/\/sharewalker.com\/wp-content\/uploads\/2025\/03\/10019-9.png 412w, https:\/\/sharewalker.com\/wp-content\/uploads\/2025\/03\/10019-9-142x300.png 142w, https:\/\/sharewalker.com\/wp-content\/uploads\/2025\/03\/10019-9-300x633.png 300w\" sizes=\"(max-width: 412px) 100vw, 412px\" \/><\/p>\n<div id=\"gtx-trans\" style=\"position: absolute; left: 913px; top: 457px;\">\n<div class=\"gtx-trans-icon\"><\/div>\n<\/div>","protected":false},"excerpt":{"rendered":"<p>Este sistema de intercambio admite 15 idiomas y ofrece contratos perpetuos, negociaci\u00f3n extraburs\u00e1til (OTC), negociaci\u00f3n de opciones y segundos contratos. Es compatible con PC y plataformas m\u00f3viles H5 y ofrece funciones de gesti\u00f3n de agentes para satisfacer las diversas necesidades de negociaci\u00f3n de los usuarios de todo el mundo.<\/p>","protected":false},"featured_media":2972,"comment_status":"open","ping_status":"closed","template":"","meta":{"_uag_custom_page_level_css":"","site-sidebar-layout":"default","site-content-layout":"","ast-site-content-layout":"default","site-content-style":"default","site-sidebar-style":"default","ast-global-header-display":"","ast-banner-title-visibility":"","ast-main-header-display":"","ast-hfb-above-header-display":"","ast-hfb-below-header-display":"","ast-hfb-mobile-header-display":"","site-post-title":"","ast-breadcrumbs-content":"","ast-featured-img":"","footer-sml-layout":"","theme-transparent-header-meta":"default","adv-header-id-meta":"","stick-header-meta":"","header-above-stick-meta":"","header-main-stick-meta":"","header-below-stick-meta":"","astra-migrate-meta-layouts":"set","ast-page-background-enabled":"default","ast-page-background-meta":{"desktop":{"background-color":"var(--ast-global-color-4)","background-image":"","background-repeat":"repeat","background-position":"center center","background-size":"auto","background-attachment":"scroll","background-type":"","background-media":"","overlay-type":"","overlay-color":"","overlay-opacity":"","overlay-gradient":""},"tablet":{"background-color":"","background-image":"","background-repeat":"repeat","background-position":"center center","background-size":"auto","background-attachment":"scroll","background-type":"","background-media":"","overlay-type":"","overlay-color":"","overlay-opacity":"","overlay-gradient":""},"mobile":{"background-color":"","background-image":"","background-repeat":"repeat","background-position":"center center","background-size":"auto","background-attachment":"scroll","background-type":"","background-media":"","overlay-type":"","overlay-color":"","overlay-opacity":"","overlay-gradient":""}},"ast-content-background-meta":{"desktop":{"background-color":"var(--ast-global-color-5)","background-image":"","background-repeat":"repeat","background-position":"center center","background-size":"auto","background-attachment":"scroll","background-type":"","background-media":"","overlay-type":"","overlay-color":"","overlay-opacity":"","overlay-gradient":""},"tablet":{"background-color":"var(--ast-global-color-5)","background-image":"","background-repeat":"repeat","background-position":"center center","background-size":"auto","background-attachment":"scroll","background-type":"","background-media":"","overlay-type":"","overlay-color":"","overlay-opacity":"","overlay-gradient":""},"mobile":{"background-color":"var(--ast-global-color-5)","background-image":"","background-repeat":"repeat","background-position":"center center","background-size":"auto","background-attachment":"scroll","background-type":"","background-media":"","overlay-type":"","overlay-color":"","overlay-opacity":"","overlay-gradient":""}}},"product_brand":[],"product_cat":[61],"product_tag":[203,313,318,310,316,315,317,314,287],"class_list":{"0":"post-2965","1":"product","2":"type-product","3":"status-publish","4":"has-post-thumbnail","6":"product_cat-blockchain-crypto-exchange","7":"product_tag-agent-management-system","8":"product_tag-blockchain-exchange-system","9":"product_tag-h5-mobile-trading","10":"product_tag-multilingual-trading-platform","11":"product_tag-options-trading","12":"product_tag-otc-trading","13":"product_tag-pc-exchange","14":"product_tag-perpetual-contracts","15":"product_tag-second-contracts","16":"desktop-align-left","17":"tablet-align-left","18":"mobile-align-left","20":"first","21":"instock","22":"shipping-taxable","23":"product-type-simple"},"uagb_featured_image_src":{"full":["https:\/\/sharewalker.com\/wp-content\/uploads\/2025\/03\/10006-43-e1742888510538.png",413,434,false],"thumbnail":["https:\/\/sharewalker.com\/wp-content\/uploads\/2025\/03\/10006-43-e1742888510538-150x150.png",150,150,true],"medium":["https:\/\/sharewalker.com\/wp-content\/uploads\/2025\/03\/10006-43-e1742888510538-285x300.png",285,300,true],"medium_large":["https:\/\/sharewalker.com\/wp-content\/uploads\/2025\/03\/10006-43-e1742888510538.png",413,434,false],"large":["https:\/\/sharewalker.com\/wp-content\/uploads\/2025\/03\/10006-43-e1742888510538.png",413,434,false],"1536x1536":["https:\/\/sharewalker.com\/wp-content\/uploads\/2025\/03\/10006-43-e1742888510538.png",413,434,false],"2048x2048":["https:\/\/sharewalker.com\/wp-content\/uploads\/2025\/03\/10006-43-e1742888510538.png",413,434,false],"trp-custom-language-flag":["https:\/\/sharewalker.com\/wp-content\/uploads\/2025\/03\/10006-43-e1742888510538.png",11,12,false],"woocommerce_thumbnail":["https:\/\/sharewalker.com\/wp-content\/uploads\/2025\/03\/10006-43-e1742888510538-300x300.png",300,300,true],"woocommerce_single":["https:\/\/sharewalker.com\/wp-content\/uploads\/2025\/03\/10006-43-e1742888510538-300x315.png",300,315,true],"woocommerce_gallery_thumbnail":["https:\/\/sharewalker.com\/wp-content\/uploads\/2025\/03\/10006-43-e1742888510538-100x100.png",100,100,true]},"uagb_author_info":{"display_name":"admin","author_link":"https:\/\/sharewalker.com\/es\/author\/"},"uagb_comment_info":0,"uagb_excerpt":"This exchange system supports 15 languages and features perpetual contracts, over-the-counter (OTC) trading, options trading, and second contracts. It is compatible with PC and H5 mobile platforms and offers agent management functionality to meet the diverse trading needs of global users.\u200b","_links":{"self":[{"href":"https:\/\/sharewalker.com\/es\/wp-json\/wp\/v2\/product\/2965","targetHints":{"allow":["GET"]}}],"collection":[{"href":"https:\/\/sharewalker.com\/es\/wp-json\/wp\/v2\/product"}],"about":[{"href":"https:\/\/sharewalker.com\/es\/wp-json\/wp\/v2\/types\/product"}],"replies":[{"embeddable":true,"href":"https:\/\/sharewalker.com\/es\/wp-json\/wp\/v2\/comments?post=2965"}],"version-history":[{"count":2,"href":"https:\/\/sharewalker.com\/es\/wp-json\/wp\/v2\/product\/2965\/revisions"}],"predecessor-version":[{"id":9525,"href":"https:\/\/sharewalker.com\/es\/wp-json\/wp\/v2\/product\/2965\/revisions\/9525"}],"wp:featuredmedia":[{"embeddable":true,"href":"https:\/\/sharewalker.com\/es\/wp-json\/wp\/v2\/media\/2972"}],"wp:attachment":[{"href":"https:\/\/sharewalker.com\/es\/wp-json\/wp\/v2\/media?parent=2965"}],"wp:term":[{"taxonomy":"product_brand","embeddable":true,"href":"https:\/\/sharewalker.com\/es\/wp-json\/wp\/v2\/product_brand?post=2965"},{"taxonomy":"product_cat","embeddable":true,"href":"https:\/\/sharewalker.com\/es\/wp-json\/wp\/v2\/product_cat?post=2965"},{"taxonomy":"product_tag","embeddable":true,"href":"https:\/\/sharewalker.com\/es\/wp-json\/wp\/v2\/product_tag?post=2965"}],"curies":[{"name":"wp","href":"https:\/\/api.w.org\/{rel}","templated":true}]}}