{"id":3024,"date":"2025-03-25T16:01:00","date_gmt":"2025-03-25T08:01:00","guid":{"rendered":"https:\/\/sharewalker.com\/?post_type=product&#038;p=3024"},"modified":"2025-03-25T16:01:00","modified_gmt":"2025-03-25T08:01:00","slug":"overseas-photovoltaic-power-plant-investment-and-wealth-management-system-multilingual-support-flexible-dividend-models","status":"publish","type":"product","link":"https:\/\/sharewalker.com\/es\/producto\/sistema-de-inversion-y-gestion-patrimonial-de-centrales-fotovoltaicas-en-el-extranjero-soporte-multilingue-modelos-de-dividendos-flexibles\/","title":{"rendered":"Sistema de inversi\u00f3n y gesti\u00f3n patrimonial de centrales fotovoltaicas en el extranjero | Soporte multiling\u00fce | Modelos de dividendos flexibles"},"content":{"rendered":"<p>El sistema incluye las siguientes caracter\u00edsticas clave.<\/p>\n<p>Proyecto de inversi\u00f3n para principiantes: Corto plazo de inversi\u00f3n con altos intereses, rendimientos diarios y devoluci\u00f3n del principal al vencimiento.<\/p>\n<p>Proyecto de inversi\u00f3n estable: Corto plazo de inversi\u00f3n con crecimiento constante, rentabilidad diaria y devoluci\u00f3n del principal al vencimiento.<\/p>\n<p>Inversi\u00f3n en centrales el\u00e9ctricas: Invierte en centrales fotovoltaicas para obtener beneficios.<\/p>\n<p>Diversos modelos de dividendos:<\/p>\n<p>Rentabilidad horaria con reembolso del principal al vencimiento.<\/p>\n<p>Rentabilidad diaria con reembolso del principal al vencimiento.<\/p>\n<p>Rentabilidad semanal con reembolso del principal al vencimiento.<\/p>\n<p>Rentabilidad mensual con reembolso del principal al vencimiento.<\/p>\n<p>Beneficios diarios con capital e intereses garantizados.<\/p>\n<p>Reembolso del principal y de los intereses al vencimiento.<\/p>\n<p><img fetchpriority=\"high\" decoding=\"async\" class=\"aligncenter size-full wp-image-3025\" src=\"https:\/\/sharewalker.com\/wp-content\/uploads\/2025\/03\/10001-40.jpg\" alt=\"\" width=\"449\" height=\"300\" srcset=\"https:\/\/sharewalker.com\/wp-content\/uploads\/2025\/03\/10001-40.jpg 449w, https:\/\/sharewalker.com\/wp-content\/uploads\/2025\/03\/10001-40-300x200.jpg 300w\" sizes=\"(max-width: 449px) 100vw, 449px\" \/> <img decoding=\"async\" class=\"aligncenter size-full wp-image-3026\" src=\"https:\/\/sharewalker.com\/wp-content\/uploads\/2025\/03\/10002-41.png\" alt=\"\" width=\"398\" height=\"796\" srcset=\"https:\/\/sharewalker.com\/wp-content\/uploads\/2025\/03\/10002-41.png 398w, https:\/\/sharewalker.com\/wp-content\/uploads\/2025\/03\/10002-41-150x300.png 150w, https:\/\/sharewalker.com\/wp-content\/uploads\/2025\/03\/10002-41-300x600.png 300w\" sizes=\"(max-width: 398px) 100vw, 398px\" \/> <img decoding=\"async\" class=\"aligncenter size-full wp-image-3027\" src=\"https:\/\/sharewalker.com\/wp-content\/uploads\/2025\/03\/10003-43.png\" alt=\"\" width=\"403\" height=\"797\" \/> <img loading=\"lazy\" decoding=\"async\" class=\"aligncenter size-full wp-image-3028\" src=\"https:\/\/sharewalker.com\/wp-content\/uploads\/2025\/03\/10004-46.png\" alt=\"\" width=\"400\" height=\"800\" srcset=\"https:\/\/sharewalker.com\/wp-content\/uploads\/2025\/03\/10004-46.png 400w, https:\/\/sharewalker.com\/wp-content\/uploads\/2025\/03\/10004-46-150x300.png 150w, https:\/\/sharewalker.com\/wp-content\/uploads\/2025\/03\/10004-46-300x600.png 300w\" sizes=\"(max-width: 400px) 100vw, 400px\" \/> <img loading=\"lazy\" decoding=\"async\" class=\"aligncenter size-full wp-image-3029\" src=\"https:\/\/sharewalker.com\/wp-content\/uploads\/2025\/03\/10005-47.png\" alt=\"\" width=\"399\" height=\"793\" srcset=\"https:\/\/sharewalker.com\/wp-content\/uploads\/2025\/03\/10005-47.png 399w, https:\/\/sharewalker.com\/wp-content\/uploads\/2025\/03\/10005-47-151x300.png 151w, https:\/\/sharewalker.com\/wp-content\/uploads\/2025\/03\/10005-47-300x596.png 300w\" sizes=\"(max-width: 399px) 100vw, 399px\" \/> <img loading=\"lazy\" decoding=\"async\" class=\"aligncenter size-full wp-image-3030\" src=\"https:\/\/sharewalker.com\/wp-content\/uploads\/2025\/03\/10006-46.png\" alt=\"\" width=\"398\" height=\"802\" srcset=\"https:\/\/sharewalker.com\/wp-content\/uploads\/2025\/03\/10006-46.png 398w, https:\/\/sharewalker.com\/wp-content\/uploads\/2025\/03\/10006-46-149x300.png 149w, https:\/\/sharewalker.com\/wp-content\/uploads\/2025\/03\/10006-46-300x605.png 300w\" sizes=\"(max-width: 398px) 100vw, 398px\" \/> <img loading=\"lazy\" decoding=\"async\" class=\"aligncenter size-full wp-image-3031\" src=\"https:\/\/sharewalker.com\/wp-content\/uploads\/2025\/03\/10007-46.png\" alt=\"\" width=\"399\" height=\"803\" srcset=\"https:\/\/sharewalker.com\/wp-content\/uploads\/2025\/03\/10007-46.png 399w, https:\/\/sharewalker.com\/wp-content\/uploads\/2025\/03\/10007-46-149x300.png 149w, https:\/\/sharewalker.com\/wp-content\/uploads\/2025\/03\/10007-46-300x604.png 300w\" sizes=\"(max-width: 399px) 100vw, 399px\" \/> <img loading=\"lazy\" decoding=\"async\" class=\"aligncenter size-full wp-image-3032\" src=\"https:\/\/sharewalker.com\/wp-content\/uploads\/2025\/03\/10008-45.png\" alt=\"\" width=\"400\" height=\"792\" srcset=\"https:\/\/sharewalker.com\/wp-content\/uploads\/2025\/03\/10008-45.png 400w, https:\/\/sharewalker.com\/wp-content\/uploads\/2025\/03\/10008-45-152x300.png 152w, https:\/\/sharewalker.com\/wp-content\/uploads\/2025\/03\/10008-45-300x594.png 300w\" sizes=\"(max-width: 400px) 100vw, 400px\" \/> <img loading=\"lazy\" decoding=\"async\" class=\"aligncenter size-full wp-image-3033\" src=\"https:\/\/sharewalker.com\/wp-content\/uploads\/2025\/03\/10009-44.png\" alt=\"\" width=\"402\" height=\"798\" srcset=\"https:\/\/sharewalker.com\/wp-content\/uploads\/2025\/03\/10009-44.png 402w, https:\/\/sharewalker.com\/wp-content\/uploads\/2025\/03\/10009-44-151x300.png 151w, https:\/\/sharewalker.com\/wp-content\/uploads\/2025\/03\/10009-44-300x596.png 300w\" sizes=\"(max-width: 402px) 100vw, 402px\" \/> <img loading=\"lazy\" decoding=\"async\" class=\"aligncenter size-full wp-image-3034\" src=\"https:\/\/sharewalker.com\/wp-content\/uploads\/2025\/03\/10010-43.png\" alt=\"\" width=\"398\" height=\"803\" srcset=\"https:\/\/sharewalker.com\/wp-content\/uploads\/2025\/03\/10010-43.png 398w, https:\/\/sharewalker.com\/wp-content\/uploads\/2025\/03\/10010-43-149x300.png 149w, https:\/\/sharewalker.com\/wp-content\/uploads\/2025\/03\/10010-43-300x605.png 300w\" sizes=\"(max-width: 398px) 100vw, 398px\" \/> <img loading=\"lazy\" decoding=\"async\" class=\"aligncenter size-full wp-image-3035\" src=\"https:\/\/sharewalker.com\/wp-content\/uploads\/2025\/03\/10011-40.png\" alt=\"\" width=\"1910\" height=\"939\" srcset=\"https:\/\/sharewalker.com\/wp-content\/uploads\/2025\/03\/10011-40.png 1910w, https:\/\/sharewalker.com\/wp-content\/uploads\/2025\/03\/10011-40-300x147.png 300w, https:\/\/sharewalker.com\/wp-content\/uploads\/2025\/03\/10011-40-1024x503.png 1024w, https:\/\/sharewalker.com\/wp-content\/uploads\/2025\/03\/10011-40-768x378.png 768w, https:\/\/sharewalker.com\/wp-content\/uploads\/2025\/03\/10011-40-1536x755.png 1536w\" sizes=\"(max-width: 1910px) 100vw, 1910px\" \/> <img loading=\"lazy\" decoding=\"async\" class=\"aligncenter size-full wp-image-3036\" src=\"https:\/\/sharewalker.com\/wp-content\/uploads\/2025\/03\/10012-40.png\" alt=\"\" width=\"1910\" height=\"932\" srcset=\"https:\/\/sharewalker.com\/wp-content\/uploads\/2025\/03\/10012-40.png 1910w, https:\/\/sharewalker.com\/wp-content\/uploads\/2025\/03\/10012-40-300x146.png 300w, https:\/\/sharewalker.com\/wp-content\/uploads\/2025\/03\/10012-40-1024x500.png 1024w, https:\/\/sharewalker.com\/wp-content\/uploads\/2025\/03\/10012-40-768x375.png 768w, https:\/\/sharewalker.com\/wp-content\/uploads\/2025\/03\/10012-40-1536x750.png 1536w\" sizes=\"(max-width: 1910px) 100vw, 1910px\" \/> <img loading=\"lazy\" decoding=\"async\" class=\"aligncenter size-full wp-image-3037\" src=\"https:\/\/sharewalker.com\/wp-content\/uploads\/2025\/03\/10013-38.png\" alt=\"\" width=\"1908\" height=\"939\" srcset=\"https:\/\/sharewalker.com\/wp-content\/uploads\/2025\/03\/10013-38.png 1908w, https:\/\/sharewalker.com\/wp-content\/uploads\/2025\/03\/10013-38-300x148.png 300w, https:\/\/sharewalker.com\/wp-content\/uploads\/2025\/03\/10013-38-1024x504.png 1024w, https:\/\/sharewalker.com\/wp-content\/uploads\/2025\/03\/10013-38-768x378.png 768w, https:\/\/sharewalker.com\/wp-content\/uploads\/2025\/03\/10013-38-1536x756.png 1536w\" sizes=\"(max-width: 1908px) 100vw, 1908px\" \/><\/p>","protected":false},"excerpt":{"rendered":"<p>Este sistema est\u00e1 dise\u00f1ado para el mercado extranjero, y ofrece asistencia multiling\u00fce y diversos proyectos de inversi\u00f3n, como experiencia para principiantes, inversi\u00f3n estable e inversi\u00f3n en centrales el\u00e9ctricas. M\u00faltiples modelos de dividendos flexibles satisfacen las diversas necesidades de los inversores.<\/p>","protected":false},"featured_media":3027,"comment_status":"open","ping_status":"closed","template":"","meta":{"_uag_custom_page_level_css":"","site-sidebar-layout":"default","site-content-layout":"","ast-site-content-layout":"default","site-content-style":"default","site-sidebar-style":"default","ast-global-header-display":"","ast-banner-title-visibility":"","ast-main-header-display":"","ast-hfb-above-header-display":"","ast-hfb-below-header-display":"","ast-hfb-mobile-header-display":"","site-post-title":"","ast-breadcrumbs-content":"","ast-featured-img":"","footer-sml-layout":"","theme-transparent-header-meta":"default","adv-header-id-meta":"","stick-header-meta":"","header-above-stick-meta":"","header-main-stick-meta":"","header-below-stick-meta":"","astra-migrate-meta-layouts":"set","ast-page-background-enabled":"default","ast-page-background-meta":{"desktop":{"background-color":"var(--ast-global-color-4)","background-image":"","background-repeat":"repeat","background-position":"center center","background-size":"auto","background-attachment":"scroll","background-type":"","background-media":"","overlay-type":"","overlay-color":"","overlay-opacity":"","overlay-gradient":""},"tablet":{"background-color":"","background-image":"","background-repeat":"repeat","background-position":"center center","background-size":"auto","background-attachment":"scroll","background-type":"","background-media":"","overlay-type":"","overlay-color":"","overlay-opacity":"","overlay-gradient":""},"mobile":{"background-color":"","background-image":"","background-repeat":"repeat","background-position":"center center","background-size":"auto","background-attachment":"scroll","background-type":"","background-media":"","overlay-type":"","overlay-color":"","overlay-opacity":"","overlay-gradient":""}},"ast-content-background-meta":{"desktop":{"background-color":"var(--ast-global-color-5)","background-image":"","background-repeat":"repeat","background-position":"center center","background-size":"auto","background-attachment":"scroll","background-type":"","background-media":"","overlay-type":"","overlay-color":"","overlay-opacity":"","overlay-gradient":""},"tablet":{"background-color":"var(--ast-global-color-5)","background-image":"","background-repeat":"repeat","background-position":"center center","background-size":"auto","background-attachment":"scroll","background-type":"","background-media":"","overlay-type":"","overlay-color":"","overlay-opacity":"","overlay-gradient":""},"mobile":{"background-color":"var(--ast-global-color-5)","background-image":"","background-repeat":"repeat","background-position":"center center","background-size":"auto","background-attachment":"scroll","background-type":"","background-media":"","overlay-type":"","overlay-color":"","overlay-opacity":"","overlay-gradient":""}}},"product_brand":[],"product_cat":[60],"product_tag":[331,330,328,329],"class_list":{"0":"post-3024","1":"product","2":"type-product","3":"status-publish","4":"has-post-thumbnail","6":"product_cat-investment-wealth-management","7":"product_tag-flexible-dividend-models","8":"product_tag-multilingual-investment-system","9":"product_tag-overseas-investment-and-wealth-management-system","10":"product_tag-photovoltaic-power-plant-investment","11":"desktop-align-left","12":"tablet-align-left","13":"mobile-align-left","15":"first","16":"instock","17":"shipping-taxable","18":"product-type-simple"},"uagb_featured_image_src":{"full":["https:\/\/sharewalker.com\/wp-content\/uploads\/2025\/03\/10003-43-e1742889651319.png",402,402,false],"thumbnail":["https:\/\/sharewalker.com\/wp-content\/uploads\/2025\/03\/10003-43-e1742889651319-150x150.png",150,150,true],"medium":["https:\/\/sharewalker.com\/wp-content\/uploads\/2025\/03\/10003-43-e1742889651319-300x300.png",300,300,true],"medium_large":["https:\/\/sharewalker.com\/wp-content\/uploads\/2025\/03\/10003-43-e1742889651319.png",402,402,false],"large":["https:\/\/sharewalker.com\/wp-content\/uploads\/2025\/03\/10003-43-e1742889651319.png",402,402,false],"1536x1536":["https:\/\/sharewalker.com\/wp-content\/uploads\/2025\/03\/10003-43-e1742889651319.png",402,402,false],"2048x2048":["https:\/\/sharewalker.com\/wp-content\/uploads\/2025\/03\/10003-43-e1742889651319.png",402,402,false],"trp-custom-language-flag":["https:\/\/sharewalker.com\/wp-content\/uploads\/2025\/03\/10003-43-e1742889651319.png",12,12,false],"woocommerce_thumbnail":["https:\/\/sharewalker.com\/wp-content\/uploads\/2025\/03\/10003-43-e1742889651319-300x300.png",300,300,true],"woocommerce_single":["https:\/\/sharewalker.com\/wp-content\/uploads\/2025\/03\/10003-43-e1742889651319-300x300.png",300,300,true],"woocommerce_gallery_thumbnail":["https:\/\/sharewalker.com\/wp-content\/uploads\/2025\/03\/10003-43-e1742889651319-100x100.png",100,100,true]},"uagb_author_info":{"display_name":"admin","author_link":"https:\/\/sharewalker.com\/es\/author\/"},"uagb_comment_info":0,"uagb_excerpt":"This system is designed for the overseas market, offering multilingual support and various investment projects, including beginner experience, stable investment, and power plant investment. Multiple flexible dividend models cater to diverse investor needs.\u200b","_links":{"self":[{"href":"https:\/\/sharewalker.com\/es\/wp-json\/wp\/v2\/product\/3024","targetHints":{"allow":["GET"]}}],"collection":[{"href":"https:\/\/sharewalker.com\/es\/wp-json\/wp\/v2\/product"}],"about":[{"href":"https:\/\/sharewalker.com\/es\/wp-json\/wp\/v2\/types\/product"}],"replies":[{"embeddable":true,"href":"https:\/\/sharewalker.com\/es\/wp-json\/wp\/v2\/comments?post=3024"}],"version-history":[{"count":0,"href":"https:\/\/sharewalker.com\/es\/wp-json\/wp\/v2\/product\/3024\/revisions"}],"wp:featuredmedia":[{"embeddable":true,"href":"https:\/\/sharewalker.com\/es\/wp-json\/wp\/v2\/media\/3027"}],"wp:attachment":[{"href":"https:\/\/sharewalker.com\/es\/wp-json\/wp\/v2\/media?parent=3024"}],"wp:term":[{"taxonomy":"product_brand","embeddable":true,"href":"https:\/\/sharewalker.com\/es\/wp-json\/wp\/v2\/product_brand?post=3024"},{"taxonomy":"product_cat","embeddable":true,"href":"https:\/\/sharewalker.com\/es\/wp-json\/wp\/v2\/product_cat?post=3024"},{"taxonomy":"product_tag","embeddable":true,"href":"https:\/\/sharewalker.com\/es\/wp-json\/wp\/v2\/product_tag?post=3024"}],"curies":[{"name":"wp","href":"https:\/\/api.w.org\/{rel}","templated":true}]}}