{"id":3199,"date":"2025-03-25T17:30:12","date_gmt":"2025-03-25T09:30:12","guid":{"rendered":"https:\/\/sharewalker.com\/?post_type=product&#038;p=3199"},"modified":"2025-03-25T17:30:12","modified_gmt":"2025-03-25T09:30:12","slug":"overseas-fund-investment-and-financial-management-system-english-interface-investment-team-commissions-and-rebates","status":"publish","type":"product","link":"https:\/\/sharewalker.com\/es\/producto\/sistema-de-gestion-financiera-e-inversion-de-fondos-en-el-extranjero-interfaz-ingles-equipo-de-inversion-comisiones-y-descuentos\/","title":{"rendered":"Sistema de gesti\u00f3n financiera y de inversiones de fondos en el extranjero | Interfaz en ingl\u00e9s | Equipo de inversi\u00f3n Comisiones y descuentos"},"content":{"rendered":"<p>Entre las principales caracter\u00edsticas del sistema figuran.<\/p>\n<p>Interfaz de usuario en ingl\u00e9s: El sistema cuenta con una interfaz en ingl\u00e9s que facilita su uso a usuarios de todo el mundo y ampl\u00eda su alcance internacional.<\/p>\n<p>Mecanismo de comisiones para equipos de inversi\u00f3n: Equipado con la funcionalidad de comisiones de equipo de inversi\u00f3n, los miembros del equipo pueden recibir comisiones basadas en el rendimiento, motivando los esfuerzos de colaboraci\u00f3n.<\/p>\n<p>Funci\u00f3n de reembolso: Proporciona un mecanismo de reembolso por el que los usuarios pueden recibir reembolsos en funci\u00f3n del importe y la duraci\u00f3n de la inversi\u00f3n, lo que mejora la rentabilidad de la inversi\u00f3n.<\/p>\n<p><img fetchpriority=\"high\" decoding=\"async\" class=\"aligncenter size-full wp-image-3200\" src=\"https:\/\/sharewalker.com\/wp-content\/uploads\/2025\/03\/10001-51.jpg\" alt=\"\" width=\"1004\" height=\"1080\" \/> <img decoding=\"async\" class=\"aligncenter size-full wp-image-3201\" src=\"https:\/\/sharewalker.com\/wp-content\/uploads\/2025\/03\/10002-19.jpg\" alt=\"\" width=\"397\" height=\"863\" srcset=\"https:\/\/sharewalker.com\/wp-content\/uploads\/2025\/03\/10002-19.jpg 397w, https:\/\/sharewalker.com\/wp-content\/uploads\/2025\/03\/10002-19-138x300.jpg 138w, https:\/\/sharewalker.com\/wp-content\/uploads\/2025\/03\/10002-19-300x652.jpg 300w\" sizes=\"(max-width: 397px) 100vw, 397px\" \/> <img decoding=\"async\" class=\"aligncenter size-full wp-image-3202\" src=\"https:\/\/sharewalker.com\/wp-content\/uploads\/2025\/03\/10003-16.jpg\" alt=\"\" width=\"492\" height=\"1080\" srcset=\"https:\/\/sharewalker.com\/wp-content\/uploads\/2025\/03\/10003-16.jpg 492w, https:\/\/sharewalker.com\/wp-content\/uploads\/2025\/03\/10003-16-137x300.jpg 137w, https:\/\/sharewalker.com\/wp-content\/uploads\/2025\/03\/10003-16-466x1024.jpg 466w, https:\/\/sharewalker.com\/wp-content\/uploads\/2025\/03\/10003-16-300x659.jpg 300w\" sizes=\"(max-width: 492px) 100vw, 492px\" \/> <img loading=\"lazy\" decoding=\"async\" class=\"aligncenter size-full wp-image-3203\" src=\"https:\/\/sharewalker.com\/wp-content\/uploads\/2025\/03\/10004-13.jpg\" alt=\"\" width=\"504\" height=\"1080\" srcset=\"https:\/\/sharewalker.com\/wp-content\/uploads\/2025\/03\/10004-13.jpg 504w, https:\/\/sharewalker.com\/wp-content\/uploads\/2025\/03\/10004-13-140x300.jpg 140w, https:\/\/sharewalker.com\/wp-content\/uploads\/2025\/03\/10004-13-478x1024.jpg 478w, https:\/\/sharewalker.com\/wp-content\/uploads\/2025\/03\/10004-13-300x643.jpg 300w\" sizes=\"(max-width: 504px) 100vw, 504px\" \/> <img loading=\"lazy\" decoding=\"async\" class=\"aligncenter size-full wp-image-3205\" src=\"https:\/\/sharewalker.com\/wp-content\/uploads\/2025\/03\/10006-7.jpg\" alt=\"\" width=\"502\" height=\"1080\" srcset=\"https:\/\/sharewalker.com\/wp-content\/uploads\/2025\/03\/10006-7.jpg 502w, https:\/\/sharewalker.com\/wp-content\/uploads\/2025\/03\/10006-7-139x300.jpg 139w, https:\/\/sharewalker.com\/wp-content\/uploads\/2025\/03\/10006-7-476x1024.jpg 476w, https:\/\/sharewalker.com\/wp-content\/uploads\/2025\/03\/10006-7-300x645.jpg 300w\" sizes=\"(max-width: 502px) 100vw, 502px\" \/><\/p>\n<p><img decoding=\"async\" src=\"https:\/\/sharewalker.com\/wp-content\/uploads\/2025\/03\/10005-9.jpg\" \/> <img loading=\"lazy\" decoding=\"async\" class=\"aligncenter size-full wp-image-3206\" src=\"https:\/\/sharewalker.com\/wp-content\/uploads\/2025\/03\/10007-4.jpg\" alt=\"\" width=\"1440\" height=\"727\" srcset=\"https:\/\/sharewalker.com\/wp-content\/uploads\/2025\/03\/10007-4.jpg 1440w, https:\/\/sharewalker.com\/wp-content\/uploads\/2025\/03\/10007-4-300x151.jpg 300w, https:\/\/sharewalker.com\/wp-content\/uploads\/2025\/03\/10007-4-1024x517.jpg 1024w, https:\/\/sharewalker.com\/wp-content\/uploads\/2025\/03\/10007-4-768x388.jpg 768w\" sizes=\"(max-width: 1440px) 100vw, 1440px\" \/> <img loading=\"lazy\" decoding=\"async\" class=\"aligncenter size-full wp-image-3207\" src=\"https:\/\/sharewalker.com\/wp-content\/uploads\/2025\/03\/10008-4.jpg\" alt=\"\" width=\"1440\" height=\"768\" srcset=\"https:\/\/sharewalker.com\/wp-content\/uploads\/2025\/03\/10008-4.jpg 1440w, https:\/\/sharewalker.com\/wp-content\/uploads\/2025\/03\/10008-4-300x160.jpg 300w, https:\/\/sharewalker.com\/wp-content\/uploads\/2025\/03\/10008-4-1024x546.jpg 1024w, https:\/\/sharewalker.com\/wp-content\/uploads\/2025\/03\/10008-4-768x410.jpg 768w\" sizes=\"(max-width: 1440px) 100vw, 1440px\" \/><\/p>","protected":false},"excerpt":{"rendered":"<p>Este sistema de gesti\u00f3n financiera y de inversiones, dise\u00f1ado para proyectos de fondos en el extranjero, ofrece una interfaz en ingl\u00e9s y admite las funciones de comisiones y reembolsos de los equipos de inversi\u00f3n, con el objetivo de optimizar la colaboraci\u00f3n entre equipos y mejorar el rendimiento de las inversiones.<\/p>","protected":false},"featured_media":3200,"comment_status":"open","ping_status":"closed","template":"","meta":{"_uag_custom_page_level_css":"","site-sidebar-layout":"default","site-content-layout":"","ast-site-content-layout":"default","site-content-style":"default","site-sidebar-style":"default","ast-global-header-display":"","ast-banner-title-visibility":"","ast-main-header-display":"","ast-hfb-above-header-display":"","ast-hfb-below-header-display":"","ast-hfb-mobile-header-display":"","site-post-title":"","ast-breadcrumbs-content":"","ast-featured-img":"","footer-sml-layout":"","theme-transparent-header-meta":"default","adv-header-id-meta":"","stick-header-meta":"","header-above-stick-meta":"","header-main-stick-meta":"","header-below-stick-meta":"","astra-migrate-meta-layouts":"set","ast-page-background-enabled":"default","ast-page-background-meta":{"desktop":{"background-color":"var(--ast-global-color-4)","background-image":"","background-repeat":"repeat","background-position":"center center","background-size":"auto","background-attachment":"scroll","background-type":"","background-media":"","overlay-type":"","overlay-color":"","overlay-opacity":"","overlay-gradient":""},"tablet":{"background-color":"","background-image":"","background-repeat":"repeat","background-position":"center center","background-size":"auto","background-attachment":"scroll","background-type":"","background-media":"","overlay-type":"","overlay-color":"","overlay-opacity":"","overlay-gradient":""},"mobile":{"background-color":"","background-image":"","background-repeat":"repeat","background-position":"center center","background-size":"auto","background-attachment":"scroll","background-type":"","background-media":"","overlay-type":"","overlay-color":"","overlay-opacity":"","overlay-gradient":""}},"ast-content-background-meta":{"desktop":{"background-color":"var(--ast-global-color-5)","background-image":"","background-repeat":"repeat","background-position":"center center","background-size":"auto","background-attachment":"scroll","background-type":"","background-media":"","overlay-type":"","overlay-color":"","overlay-opacity":"","overlay-gradient":""},"tablet":{"background-color":"var(--ast-global-color-5)","background-image":"","background-repeat":"repeat","background-position":"center center","background-size":"auto","background-attachment":"scroll","background-type":"","background-media":"","overlay-type":"","overlay-color":"","overlay-opacity":"","overlay-gradient":""},"mobile":{"background-color":"var(--ast-global-color-5)","background-image":"","background-repeat":"repeat","background-position":"center center","background-size":"auto","background-attachment":"scroll","background-type":"","background-media":"","overlay-type":"","overlay-color":"","overlay-opacity":"","overlay-gradient":""}}},"product_brand":[],"product_cat":[60,206],"product_tag":[388,387,390,386,389],"class_list":{"0":"post-3199","1":"product","2":"type-product","3":"status-publish","4":"has-post-thumbnail","6":"product_cat-investment-wealth-management","7":"product_cat-recommend","8":"product_tag-english-interface","9":"product_tag-financial-management-system","10":"product_tag-investment-rebates","11":"product_tag-overseas-fund-investment","12":"product_tag-team-commissions","13":"desktop-align-left","14":"tablet-align-left","15":"mobile-align-left","17":"first","18":"instock","19":"shipping-taxable","20":"product-type-simple"},"uagb_featured_image_src":{"full":["https:\/\/sharewalker.com\/wp-content\/uploads\/2025\/03\/10001-51-e1742894978281.jpg",513,513,false],"thumbnail":["https:\/\/sharewalker.com\/wp-content\/uploads\/2025\/03\/10001-51-e1742894978281-150x150.jpg",150,150,true],"medium":["https:\/\/sharewalker.com\/wp-content\/uploads\/2025\/03\/10001-51-e1742894978281-300x300.jpg",300,300,true],"medium_large":["https:\/\/sharewalker.com\/wp-content\/uploads\/2025\/03\/10001-51-768x826.jpg",768,826,true],"large":["https:\/\/sharewalker.com\/wp-content\/uploads\/2025\/03\/10001-51-952x1024.jpg",952,1024,true],"1536x1536":["https:\/\/sharewalker.com\/wp-content\/uploads\/2025\/03\/10001-51-e1742894978281.jpg",513,513,false],"2048x2048":["https:\/\/sharewalker.com\/wp-content\/uploads\/2025\/03\/10001-51-e1742894978281.jpg",513,513,false],"trp-custom-language-flag":["https:\/\/sharewalker.com\/wp-content\/uploads\/2025\/03\/10001-51-e1742894978281.jpg",12,12,false],"woocommerce_thumbnail":["https:\/\/sharewalker.com\/wp-content\/uploads\/2025\/03\/10001-51-e1742894978281-300x300.jpg",300,300,true],"woocommerce_single":["https:\/\/sharewalker.com\/wp-content\/uploads\/2025\/03\/10001-51-e1742894978281-300x300.jpg",300,300,true],"woocommerce_gallery_thumbnail":["https:\/\/sharewalker.com\/wp-content\/uploads\/2025\/03\/10001-51-e1742894978281-100x100.jpg",100,100,true]},"uagb_author_info":{"display_name":"admin","author_link":"https:\/\/sharewalker.com\/es\/author\/"},"uagb_comment_info":0,"uagb_excerpt":"This investment and financial management system, designed for overseas fund projects, offers an English interface and supports investment team commissions and rebate functions, aiming to optimize team collaboration and enhance investment returns.\u200b","_links":{"self":[{"href":"https:\/\/sharewalker.com\/es\/wp-json\/wp\/v2\/product\/3199","targetHints":{"allow":["GET"]}}],"collection":[{"href":"https:\/\/sharewalker.com\/es\/wp-json\/wp\/v2\/product"}],"about":[{"href":"https:\/\/sharewalker.com\/es\/wp-json\/wp\/v2\/types\/product"}],"replies":[{"embeddable":true,"href":"https:\/\/sharewalker.com\/es\/wp-json\/wp\/v2\/comments?post=3199"}],"version-history":[{"count":0,"href":"https:\/\/sharewalker.com\/es\/wp-json\/wp\/v2\/product\/3199\/revisions"}],"wp:featuredmedia":[{"embeddable":true,"href":"https:\/\/sharewalker.com\/es\/wp-json\/wp\/v2\/media\/3200"}],"wp:attachment":[{"href":"https:\/\/sharewalker.com\/es\/wp-json\/wp\/v2\/media?parent=3199"}],"wp:term":[{"taxonomy":"product_brand","embeddable":true,"href":"https:\/\/sharewalker.com\/es\/wp-json\/wp\/v2\/product_brand?post=3199"},{"taxonomy":"product_cat","embeddable":true,"href":"https:\/\/sharewalker.com\/es\/wp-json\/wp\/v2\/product_cat?post=3199"},{"taxonomy":"product_tag","embeddable":true,"href":"https:\/\/sharewalker.com\/es\/wp-json\/wp\/v2\/product_tag?post=3199"}],"curies":[{"name":"wp","href":"https:\/\/api.w.org\/{rel}","templated":true}]}}