{"id":9562,"date":"2025-04-25T20:32:39","date_gmt":"2025-04-25T12:32:39","guid":{"rendered":"https:\/\/sharewalker.com\/?post_type=product&#038;p=9562"},"modified":"2025-04-25T20:34:58","modified_gmt":"2025-04-25T12:34:58","slug":"full-platform-second-contract-exchange-system-source-code%ef%bd%9cintegrated-mining-machine-module%ef%bd%9ch5-android-ios-native-apps%ef%bd%9cmulti-language-enterprise-grade-solution","status":"publish","type":"product","link":"https:\/\/sharewalker.com\/es\/producto\/full-platform-second-contract-exchange-system-source-code%ef%bd%9cintegrated-mining-machine-module%ef%bd%9ch5-android-ios-native-apps%ef%bd%9cmulti-language-enterprise-grade-solution\/","title":{"rendered":"C\u00f3digo fuente del sistema de intercambio de segundos contratos de plataforma completa\uff5cM\u00f3dulo de m\u00e1quina de miner\u00eda integrado\uff5cH5 + aplicaciones nativas Android + iOS\uff5cSoluci\u00f3n de grado empresarial multiling\u00fce."},"content":{"rendered":"<p class=\"ds-markdown-paragraph\"><strong>Principales caracter\u00edsticas y ventajas<\/strong><\/p>\n<ol start=\"1\">\n<li>\n<p class=\"ds-markdown-paragraph\"><strong>Compatibilidad multiplataforma<\/strong>:<br \/>\n\u2705\u00a0<strong>H5 M\u00f3vil<\/strong>: Dise\u00f1o responsivo de alto rendimiento, acceso instant\u00e1neo a trav\u00e9s de navegadores con carga r\u00e1pida de p\u00e1ginas.<br \/>\n\u2705\u00a0<strong>Aplicaciones nativas<\/strong>: C\u00f3digo fuente completo para Android e iOS (listo para las tiendas de aplicaciones), con datos de mercado en tiempo real, gr\u00e1ficos K-line y notificaciones de \u00f3rdenes.<br \/>\n\u2705\u00a0<strong>Asistencia ling\u00fc\u00edstica global<\/strong>: Incorpora 7 idiomas (chino, ingl\u00e9s, ruso, japon\u00e9s, coreano, espa\u00f1ol y \u00e1rabe) y es f\u00e1cil de ampliar a otros idiomas.<\/p>\n<\/li>\n<li>\n<p class=\"ds-markdown-paragraph\"><strong>Sistema de trading profesional<\/strong>:<\/p>\n<ul>\n<li>\n<p class=\"ds-markdown-paragraph\"><strong>Segundo motor de contratos<\/strong>: Ajuste de \u00f3rdenes a nivel de milisegundos, compatible con \u00f3rdenes de mercado\/l\u00edmite y liquidaci\u00f3n automatizada de p\u00e9rdidas y ganancias.<\/p>\n<\/li>\n<li>\n<p class=\"ds-markdown-paragraph\"><strong>Control de riesgos a varios niveles<\/strong>: Restricciones de IP, control de la frecuencia de las transacciones y verificaci\u00f3n de la contrase\u00f1a del fondo para garantizar la seguridad.<\/p>\n<\/li>\n<li>\n<p class=\"ds-markdown-paragraph\"><strong>Visualizaci\u00f3n de datos<\/strong>: Gr\u00e1ficos K-line en tiempo real, mapas de profundidad e historial de operaciones con indicadores personalizables.<\/p>\n<\/li>\n<\/ul>\n<\/li>\n<li>\n<p class=\"ds-markdown-paragraph\"><strong>M\u00f3dulo Ecosistema Minero (reci\u00e9n a\u00f1adido)<\/strong>:<\/p>\n<ul>\n<li>\n<p class=\"ds-markdown-paragraph\"><strong>Minero Compra\/Arrendamiento<\/strong>: Los usuarios pueden comprar potencia de miner\u00eda en la nube o alquilar m\u00e1quinas de miner\u00eda, pagaderas mediante BTC\/ETH u otras criptodivisas convencionales.<\/p>\n<\/li>\n<li>\n<p class=\"ds-markdown-paragraph\"><strong>Liquidaci\u00f3n autom\u00e1tica de beneficios<\/strong>: C\u00e1lculo diario\/semanal\/mensual de recompensas mineras, con reintegros a cuentas de cambio.<\/p>\n<\/li>\n<li>\n<p class=\"ds-markdown-paragraph\"><strong>Supervisi\u00f3n de mineros en tiempo real<\/strong>: Muestra la tasa de hach\u00eds, el estado operativo, las ganancias estimadas y la duraci\u00f3n del alquiler.<\/p>\n<\/li>\n<li>\n<p class=\"ds-markdown-paragraph\"><strong>Pools mineros multinivel<\/strong>: Admite pools de miner\u00eda personales\/de equipo con integraci\u00f3n de recompensas por recomendaci\u00f3n.<\/p>\n<\/li>\n<\/ul>\n<\/li>\n<li>\n<p class=\"ds-markdown-paragraph\"><strong>Backend de gesti\u00f3n operativa<\/strong>:<\/p>\n<ul>\n<li>\n<p class=\"ds-markdown-paragraph\">Gesti\u00f3n de usuarios por niveles (personalizaci\u00f3n de privilegios VIP).<\/p>\n<\/li>\n<li>\n<p class=\"ds-markdown-paragraph\">An\u00e1lisis multidimensional (volumen de operaciones, comisiones, actividad de los usuarios, beneficios de la miner\u00eda).<\/p>\n<\/li>\n<li>\n<p class=\"ds-markdown-paragraph\">Configuraciones de tarifas flexibles (personalizables por moneda\/tipo de contrato).<\/p>\n<\/li>\n<li>\n<p class=\"ds-markdown-paragraph\">Herramientas de marketing (rebajas por recomendaci\u00f3n, lanzamientos a\u00e9reos, promociones mineras).<\/p>\n<\/li>\n<\/ul>\n<\/li>\n<li>\n<p class=\"ds-markdown-paragraph\"><strong>Aspectos t\u00e9cnicos destacados<\/strong>:<\/p>\n<ul>\n<li>\n<p class=\"ds-markdown-paragraph\">Arquitectura de microservicios Spring Cloud para alta concurrencia.<\/p>\n<\/li>\n<li>\n<p class=\"ds-markdown-paragraph\">Monederos blockchain integrados (admiten dep\u00f3sitos\/retiradas de criptomonedas convencionales).<\/p>\n<\/li>\n<li>\n<p class=\"ds-markdown-paragraph\">Contratos inteligentes de recompensa minera transparentes para datos auditables.<\/p>\n<\/li>\n<li>\n<p class=\"ds-markdown-paragraph\">Despliegue sin problemas en AWS\/Aliyun\/Tencent Cloud con cifrado SSL.<\/p>\n<\/li>\n<\/ul>\n<\/li>\n<li><strong>Notas adicionales<\/strong>:<br \/>\n<em>Documentaci\u00f3n completa de implantaci\u00f3n y asistencia t\u00e9cnica incluidas. Cuentas de prueba disponibles para explorar las funciones de inmediato.<\/em><br \/>\n<strong>Demo<\/strong>:\u00a0<a href=\"https:\/\/h5.netxovate.com\/\" target=\"_blank\" rel=\"noopener noreferrer\">https:\/\/h5.netxovate.com\/<\/a><br \/>\n<strong>Cuenta de prueba<\/strong>:\u00a0<a href=\"https:\/\/mailto:admin123456@qq.com\/\" target=\"_blank\" rel=\"noopener noreferrer\">admin123456@qq.com<\/a>\u00a0Contrase\u00f1a: 123456<\/li>\n<\/ol>\n<p><img fetchpriority=\"high\" decoding=\"async\" class=\"aligncenter size-full wp-image-9563\" src=\"https:\/\/sharewalker.com\/wp-content\/uploads\/2025\/04\/1.jpg\" alt=\"\" width=\"379\" height=\"818\" srcset=\"https:\/\/sharewalker.com\/wp-content\/uploads\/2025\/04\/1.jpg 379w, https:\/\/sharewalker.com\/wp-content\/uploads\/2025\/04\/1-139x300.jpg 139w, https:\/\/sharewalker.com\/wp-content\/uploads\/2025\/04\/1-6x12.jpg 6w, https:\/\/sharewalker.com\/wp-content\/uploads\/2025\/04\/1-300x647.jpg 300w\" sizes=\"(max-width: 379px) 100vw, 379px\" \/> <img decoding=\"async\" class=\"aligncenter size-full wp-image-9564\" src=\"https:\/\/sharewalker.com\/wp-content\/uploads\/2025\/04\/photo_1_2025-04-25_20-30-34.jpg\" alt=\"\" width=\"378\" height=\"820\" srcset=\"https:\/\/sharewalker.com\/wp-content\/uploads\/2025\/04\/photo_1_2025-04-25_20-30-34.jpg 378w, https:\/\/sharewalker.com\/wp-content\/uploads\/2025\/04\/photo_1_2025-04-25_20-30-34-138x300.jpg 138w, https:\/\/sharewalker.com\/wp-content\/uploads\/2025\/04\/photo_1_2025-04-25_20-30-34-6x12.jpg 6w, https:\/\/sharewalker.com\/wp-content\/uploads\/2025\/04\/photo_1_2025-04-25_20-30-34-300x651.jpg 300w\" sizes=\"(max-width: 378px) 100vw, 378px\" \/> <img decoding=\"async\" class=\"aligncenter size-full wp-image-9565\" src=\"https:\/\/sharewalker.com\/wp-content\/uploads\/2025\/04\/photo_2_2025-04-25_20-30-34.jpg\" alt=\"\" width=\"377\" height=\"818\" srcset=\"https:\/\/sharewalker.com\/wp-content\/uploads\/2025\/04\/photo_2_2025-04-25_20-30-34.jpg 377w, https:\/\/sharewalker.com\/wp-content\/uploads\/2025\/04\/photo_2_2025-04-25_20-30-34-138x300.jpg 138w, https:\/\/sharewalker.com\/wp-content\/uploads\/2025\/04\/photo_2_2025-04-25_20-30-34-6x12.jpg 6w, https:\/\/sharewalker.com\/wp-content\/uploads\/2025\/04\/photo_2_2025-04-25_20-30-34-300x651.jpg 300w\" sizes=\"(max-width: 377px) 100vw, 377px\" \/> <img loading=\"lazy\" decoding=\"async\" class=\"aligncenter size-full wp-image-9566\" src=\"https:\/\/sharewalker.com\/wp-content\/uploads\/2025\/04\/photo_3_2025-04-25_20-30-34.jpg\" alt=\"\" width=\"379\" height=\"820\" srcset=\"https:\/\/sharewalker.com\/wp-content\/uploads\/2025\/04\/photo_3_2025-04-25_20-30-34.jpg 379w, https:\/\/sharewalker.com\/wp-content\/uploads\/2025\/04\/photo_3_2025-04-25_20-30-34-139x300.jpg 139w, https:\/\/sharewalker.com\/wp-content\/uploads\/2025\/04\/photo_3_2025-04-25_20-30-34-6x12.jpg 6w, https:\/\/sharewalker.com\/wp-content\/uploads\/2025\/04\/photo_3_2025-04-25_20-30-34-300x649.jpg 300w\" sizes=\"(max-width: 379px) 100vw, 379px\" \/> <img loading=\"lazy\" decoding=\"async\" class=\"aligncenter size-full wp-image-9567\" src=\"https:\/\/sharewalker.com\/wp-content\/uploads\/2025\/04\/photo_4_2025-04-25_20-30-34.jpg\" alt=\"\" width=\"376\" height=\"816\" srcset=\"https:\/\/sharewalker.com\/wp-content\/uploads\/2025\/04\/photo_4_2025-04-25_20-30-34.jpg 376w, https:\/\/sharewalker.com\/wp-content\/uploads\/2025\/04\/photo_4_2025-04-25_20-30-34-138x300.jpg 138w, https:\/\/sharewalker.com\/wp-content\/uploads\/2025\/04\/photo_4_2025-04-25_20-30-34-6x12.jpg 6w, https:\/\/sharewalker.com\/wp-content\/uploads\/2025\/04\/photo_4_2025-04-25_20-30-34-300x651.jpg 300w\" sizes=\"(max-width: 376px) 100vw, 376px\" \/> <img loading=\"lazy\" decoding=\"async\" class=\"aligncenter size-full wp-image-9568\" src=\"https:\/\/sharewalker.com\/wp-content\/uploads\/2025\/04\/photo_6_2025-04-25_20-30-34.jpg\" alt=\"\" width=\"377\" height=\"816\" srcset=\"https:\/\/sharewalker.com\/wp-content\/uploads\/2025\/04\/photo_6_2025-04-25_20-30-34.jpg 377w, https:\/\/sharewalker.com\/wp-content\/uploads\/2025\/04\/photo_6_2025-04-25_20-30-34-139x300.jpg 139w, https:\/\/sharewalker.com\/wp-content\/uploads\/2025\/04\/photo_6_2025-04-25_20-30-34-6x12.jpg 6w, https:\/\/sharewalker.com\/wp-content\/uploads\/2025\/04\/photo_6_2025-04-25_20-30-34-300x649.jpg 300w\" sizes=\"(max-width: 377px) 100vw, 377px\" \/> <img loading=\"lazy\" decoding=\"async\" class=\"aligncenter size-full wp-image-9569\" src=\"https:\/\/sharewalker.com\/wp-content\/uploads\/2025\/04\/photo_7_2025-04-25_20-30-34.jpg\" alt=\"\" width=\"378\" height=\"820\" srcset=\"https:\/\/sharewalker.com\/wp-content\/uploads\/2025\/04\/photo_7_2025-04-25_20-30-34.jpg 378w, https:\/\/sharewalker.com\/wp-content\/uploads\/2025\/04\/photo_7_2025-04-25_20-30-34-138x300.jpg 138w, https:\/\/sharewalker.com\/wp-content\/uploads\/2025\/04\/photo_7_2025-04-25_20-30-34-6x12.jpg 6w, https:\/\/sharewalker.com\/wp-content\/uploads\/2025\/04\/photo_7_2025-04-25_20-30-34-300x651.jpg 300w\" sizes=\"(max-width: 378px) 100vw, 378px\" \/> <img loading=\"lazy\" decoding=\"async\" class=\"aligncenter size-full wp-image-9570\" src=\"https:\/\/sharewalker.com\/wp-content\/uploads\/2025\/04\/photo_8_2025-04-25_20-30-34.jpg\" alt=\"\" width=\"378\" height=\"817\" srcset=\"https:\/\/sharewalker.com\/wp-content\/uploads\/2025\/04\/photo_8_2025-04-25_20-30-34.jpg 378w, https:\/\/sharewalker.com\/wp-content\/uploads\/2025\/04\/photo_8_2025-04-25_20-30-34-139x300.jpg 139w, https:\/\/sharewalker.com\/wp-content\/uploads\/2025\/04\/photo_8_2025-04-25_20-30-34-6x12.jpg 6w, https:\/\/sharewalker.com\/wp-content\/uploads\/2025\/04\/photo_8_2025-04-25_20-30-34-300x648.jpg 300w\" sizes=\"(max-width: 378px) 100vw, 378px\" \/><\/p>","protected":false},"excerpt":{"rendered":"<p>Una madura\u00a0<strong>segundo sistema de intercambio de contratos<\/strong>\u00a0con un\u00a0<strong>ecosistema minero<\/strong>, incluidas las aplicaciones H5, Android e iOS. Soporta m\u00e1s de 7 idiomas, un motor de trading profesional, sistemas de beneficios mineros, controles de riesgo y herramientas de gesti\u00f3n. Ideal para crear plataformas de trading y miner\u00eda de criptomonedas de alto rendimiento.<\/p>","protected":false},"featured_media":9571,"comment_status":"open","ping_status":"closed","template":"","meta":{"_uag_custom_page_level_css":"","site-sidebar-layout":"default","site-content-layout":"","ast-site-content-layout":"default","site-content-style":"default","site-sidebar-style":"default","ast-global-header-display":"","ast-banner-title-visibility":"","ast-main-header-display":"","ast-hfb-above-header-display":"","ast-hfb-below-header-display":"","ast-hfb-mobile-header-display":"","site-post-title":"","ast-breadcrumbs-content":"","ast-featured-img":"","footer-sml-layout":"","theme-transparent-header-meta":"default","adv-header-id-meta":"","stick-header-meta":"","header-above-stick-meta":"","header-main-stick-meta":"","header-below-stick-meta":"","astra-migrate-meta-layouts":"set","ast-page-background-enabled":"default","ast-page-background-meta":{"desktop":{"background-color":"var(--ast-global-color-4)","background-image":"","background-repeat":"repeat","background-position":"center center","background-size":"auto","background-attachment":"scroll","background-type":"","background-media":"","overlay-type":"","overlay-color":"","overlay-opacity":"","overlay-gradient":""},"tablet":{"background-color":"","background-image":"","background-repeat":"repeat","background-position":"center center","background-size":"auto","background-attachment":"scroll","background-type":"","background-media":"","overlay-type":"","overlay-color":"","overlay-opacity":"","overlay-gradient":""},"mobile":{"background-color":"","background-image":"","background-repeat":"repeat","background-position":"center center","background-size":"auto","background-attachment":"scroll","background-type":"","background-media":"","overlay-type":"","overlay-color":"","overlay-opacity":"","overlay-gradient":""}},"ast-content-background-meta":{"desktop":{"background-color":"var(--ast-global-color-5)","background-image":"","background-repeat":"repeat","background-position":"center center","background-size":"auto","background-attachment":"scroll","background-type":"","background-media":"","overlay-type":"","overlay-color":"","overlay-opacity":"","overlay-gradient":""},"tablet":{"background-color":"var(--ast-global-color-5)","background-image":"","background-repeat":"repeat","background-position":"center center","background-size":"auto","background-attachment":"scroll","background-type":"","background-media":"","overlay-type":"","overlay-color":"","overlay-opacity":"","overlay-gradient":""},"mobile":{"background-color":"var(--ast-global-color-5)","background-image":"","background-repeat":"repeat","background-position":"center center","background-size":"auto","background-attachment":"scroll","background-type":"","background-media":"","overlay-type":"","overlay-color":"","overlay-opacity":"","overlay-gradient":""}}},"product_brand":[],"product_cat":[25,61,60],"product_tag":[984,988,986,991,989,983,985,987,982,990],"class_list":{"0":"post-9562","1":"product","2":"type-product","3":"status-publish","4":"has-post-thumbnail","6":"product_cat-walker-code","7":"product_cat-blockchain-crypto-exchange","8":"product_cat-investment-wealth-management","9":"product_tag-blockchain-trading-platform","10":"product_tag-cloud-mining-module","11":"product_tag-h5-financial-system","12":"product_tag-high-concurrency-engine","13":"product_tag-microservices-architecture","14":"product_tag-mining-machine-system","15":"product_tag-multi-language-app-development","16":"product_tag-native-android-ios-code","17":"product_tag-second-contract-exchange-source-code","18":"product_tag-smart-contract-settlement","19":"desktop-align-left","20":"tablet-align-left","21":"mobile-align-left","23":"first","24":"instock","25":"shipping-taxable","26":"product-type-simple"},"uagb_featured_image_src":{"full":["https:\/\/sharewalker.com\/wp-content\/uploads\/2025\/04\/22222.jpg",378,403,false],"thumbnail":["https:\/\/sharewalker.com\/wp-content\/uploads\/2025\/04\/22222-150x150.jpg",150,150,true],"medium":["https:\/\/sharewalker.com\/wp-content\/uploads\/2025\/04\/22222-281x300.jpg",281,300,true],"medium_large":["https:\/\/sharewalker.com\/wp-content\/uploads\/2025\/04\/22222.jpg",378,403,false],"large":["https:\/\/sharewalker.com\/wp-content\/uploads\/2025\/04\/22222.jpg",378,403,false],"1536x1536":["https:\/\/sharewalker.com\/wp-content\/uploads\/2025\/04\/22222.jpg",378,403,false],"2048x2048":["https:\/\/sharewalker.com\/wp-content\/uploads\/2025\/04\/22222.jpg",378,403,false],"trp-custom-language-flag":["https:\/\/sharewalker.com\/wp-content\/uploads\/2025\/04\/22222-11x12.jpg",11,12,true],"woocommerce_thumbnail":["https:\/\/sharewalker.com\/wp-content\/uploads\/2025\/04\/22222-300x300.jpg",300,300,true],"woocommerce_single":["https:\/\/sharewalker.com\/wp-content\/uploads\/2025\/04\/22222-300x320.jpg",300,320,true],"woocommerce_gallery_thumbnail":["https:\/\/sharewalker.com\/wp-content\/uploads\/2025\/04\/22222-100x100.jpg",100,100,true]},"uagb_author_info":{"display_name":"admin","author_link":"https:\/\/sharewalker.com\/es\/author\/"},"uagb_comment_info":2,"uagb_excerpt":"A mature\u00a0second contract exchange system\u00a0with an integrated\u00a0mining ecosystem, including H5, Android, and iOS apps. Supports 7+ languages, a professional trading engine, mining profit systems, risk controls, and management tools. Ideal for building high-performance crypto trading and mining platforms.","_links":{"self":[{"href":"https:\/\/sharewalker.com\/es\/wp-json\/wp\/v2\/product\/9562","targetHints":{"allow":["GET"]}}],"collection":[{"href":"https:\/\/sharewalker.com\/es\/wp-json\/wp\/v2\/product"}],"about":[{"href":"https:\/\/sharewalker.com\/es\/wp-json\/wp\/v2\/types\/product"}],"replies":[{"embeddable":true,"href":"https:\/\/sharewalker.com\/es\/wp-json\/wp\/v2\/comments?post=9562"}],"version-history":[{"count":1,"href":"https:\/\/sharewalker.com\/es\/wp-json\/wp\/v2\/product\/9562\/revisions"}],"predecessor-version":[{"id":9572,"href":"https:\/\/sharewalker.com\/es\/wp-json\/wp\/v2\/product\/9562\/revisions\/9572"}],"wp:featuredmedia":[{"embeddable":true,"href":"https:\/\/sharewalker.com\/es\/wp-json\/wp\/v2\/media\/9571"}],"wp:attachment":[{"href":"https:\/\/sharewalker.com\/es\/wp-json\/wp\/v2\/media?parent=9562"}],"wp:term":[{"taxonomy":"product_brand","embeddable":true,"href":"https:\/\/sharewalker.com\/es\/wp-json\/wp\/v2\/product_brand?post=9562"},{"taxonomy":"product_cat","embeddable":true,"href":"https:\/\/sharewalker.com\/es\/wp-json\/wp\/v2\/product_cat?post=9562"},{"taxonomy":"product_tag","embeddable":true,"href":"https:\/\/sharewalker.com\/es\/wp-json\/wp\/v2\/product_tag?post=9562"}],"curies":[{"name":"wp","href":"https:\/\/api.w.org\/{rel}","templated":true}]}}