{"id":2026,"date":"2025-03-24T14:04:05","date_gmt":"2025-03-24T06:04:05","guid":{"rendered":"https:\/\/sharewalker.com\/?post_type=product&#038;p=2026"},"modified":"2025-03-24T14:33:52","modified_gmt":"2025-03-24T06:33:52","slug":"enhanced-multi-language-e-commerce-rebate-system-stacked-group-financial-dispatching-12-language-automatic-order-matching-system","status":"publish","type":"product","link":"https:\/\/sharewalker.com\/fr\/produit\/systeme-ameliore-de-rabais-pour-le-commerce-electronique-multilingue-systeme-de-repartition-financiere-par-groupe-empile-systeme-de-correspondance-automatique-des-commandes-en-12-langues\/","title":{"rendered":"Syst\u00e8me am\u00e9lior\u00e9 de rabais pour le commerce \u00e9lectronique multilingue | Syst\u00e8me de r\u00e9partition financi\u00e8re par groupes empil\u00e9s | Syst\u00e8me automatique de mise en correspondance des commandes en 12 langues"},"content":{"rendered":"<p>Nous avons le plaisir d'annoncer le lancement de notre syst\u00e8me am\u00e9lior\u00e9 de remboursement du commerce \u00e9lectronique multilingue, qui int\u00e8gre plusieurs fonctionnalit\u00e9s et optimisations cl\u00e9s afin d'offrir \u00e0 l'utilisateur une exp\u00e9rience plus fluide et plus efficace.<\/p>\n<p>Principales mises \u00e0 jour :<\/p>\n<p>Transactions unifi\u00e9es : Les fonctions de retrait et de d\u00e9p\u00f4t par USDT et par carte bancaire sont d\u00e9sormais int\u00e9gr\u00e9es, ce qui permet de t\u00e9l\u00e9charger des pi\u00e8ces justificatives pour les d\u00e9p\u00f4ts et de contr\u00f4ler les param\u00e8tres linguistiques depuis le backend, am\u00e9liorant ainsi le confort d'utilisation.<\/p>\n<p>R\u00e9partition financi\u00e8re des groupes empil\u00e9s : introduction de param\u00e8tres d'injection\/de groupes empil\u00e9s avec un nouveau cadre de backend. Le syst\u00e8me de gestion des soldes propose d\u00e9sormais des produits financiers \u00e0 terme fixe, notamment \u00e0 un jour, sept jours, un mois et un an, avec des rendements \u00e0 l'\u00e9ch\u00e9ance.<\/p>\n<p>Prise en charge multilingue : Ajout du russe, du polonais et de l'arabe, ce qui porte \u00e0 12 le nombre de langues prises en charge, avec correspondance automatique des commandes pour r\u00e9pondre aux besoins des utilisateurs du monde entier.<\/p>\n<p>Soutien aux agents : Chaque agent dispose d\u00e9sormais d'un service client\u00e8le d\u00e9di\u00e9, ce qui am\u00e9liore l'efficacit\u00e9 de la communication et la qualit\u00e9 du service.<\/p>\n<p>Optimisation du syst\u00e8me : R\u00e9solution des probl\u00e8mes de changement de langue, contr\u00f4le du backend sur les param\u00e8tres d'affichage de la langue du frontend, int\u00e9gration des fonctionnalit\u00e9s USDT et cartes bancaires, et prise en charge des t\u00e9l\u00e9chargements de pi\u00e8ces justificatives pour les d\u00e9p\u00f4ts par carte bancaire.<\/p>\n<p>Gestion des membres : Le backend permet d\u00e9sormais de d\u00e9finir des marges d'injection pour les membres et de mettre \u00e0 jour les retraits d'adresses U, ce qui am\u00e9liore la flexibilit\u00e9 de la gestion financi\u00e8re.<br \/>\nhaiwaichongzhi.com.cn<\/p>\n<p>Distribution et remises : Prend en charge un mod\u00e8le de distribution \u00e0 trois niveaux dans lequel les membres peuvent inviter des amis via des codes QR afin de cr\u00e9er des relations de subordination et d'obtenir des remises.<\/p>\n<p>M\u00e9canismes d'incitation : L'\u00e9mission automatique de r\u00e9compenses pour les inscriptions et les d\u00e9p\u00f4ts des membres, encourageant la participation active des utilisateurs aux promotions.<\/p>\n<p>Am\u00e9lioration des performances : Optimisation du c\u0153ur du syst\u00e8me pour am\u00e9liorer la vitesse de chargement des pages et la fluidit\u00e9 des op\u00e9rations, afin d'offrir une meilleure exp\u00e9rience \u00e0 l'utilisateur.<\/p>\n<p>Cette mise \u00e0 jour vise \u00e0 offrir aux utilisateurs un service financier de remboursement plus complet et plus efficace, r\u00e9pondant \u00e0 des besoins divers.<\/p>\n<div style=\"width: 2056px;\" class=\"wp-video\"><video class=\"wp-video-shortcode\" id=\"video-2026-1\" width=\"2056\" height=\"1080\" preload=\"metadata\" controls=\"controls\"><source type=\"video\/mp4\" src=\"https:\/\/sharewalker.com\/wp-content\/uploads\/2025\/03\/202407281722179056569362.mp4?_=1\" \/><a href=\"https:\/\/sharewalker.com\/wp-content\/uploads\/2025\/03\/202407281722179056569362.mp4\">https:\/\/sharewalker.com\/wp-content\/uploads\/2025\/03\/202407281722179056569362.mp4<\/a><\/video><\/div>\n<p><img fetchpriority=\"high\" decoding=\"async\" class=\"aligncenter size-full wp-image-2027\" src=\"https:\/\/sharewalker.com\/wp-content\/uploads\/2025\/03\/10001-1.webp\" alt=\"\" width=\"1134\" height=\"669\" \/> <img decoding=\"async\" class=\"aligncenter size-full wp-image-2028\" src=\"https:\/\/sharewalker.com\/wp-content\/uploads\/2025\/03\/10002-1.jpg\" alt=\"\" width=\"1134\" height=\"668\" \/> <img decoding=\"async\" class=\"aligncenter size-full wp-image-2029\" src=\"https:\/\/sharewalker.com\/wp-content\/uploads\/2025\/03\/10003-1.jpg\" alt=\"\" width=\"1134\" height=\"669\" \/> <img loading=\"lazy\" decoding=\"async\" class=\"aligncenter size-full wp-image-2030\" src=\"https:\/\/sharewalker.com\/wp-content\/uploads\/2025\/03\/10004-1.jpg\" alt=\"\" width=\"1134\" height=\"668\" \/> <img loading=\"lazy\" decoding=\"async\" class=\"aligncenter size-full wp-image-2031\" src=\"https:\/\/sharewalker.com\/wp-content\/uploads\/2025\/03\/10005-1.png\" alt=\"\" width=\"1920\" height=\"932\" \/> <img loading=\"lazy\" decoding=\"async\" class=\"aligncenter size-full wp-image-2032\" src=\"https:\/\/sharewalker.com\/wp-content\/uploads\/2025\/03\/10006-1.jpg\" alt=\"\" width=\"1134\" height=\"673\" srcset=\"https:\/\/sharewalker.com\/wp-content\/uploads\/2025\/03\/10006-1.jpg 1134w, https:\/\/sharewalker.com\/wp-content\/uploads\/2025\/03\/10006-1-300x178.jpg 300w, https:\/\/sharewalker.com\/wp-content\/uploads\/2025\/03\/10006-1-1024x608.jpg 1024w, https:\/\/sharewalker.com\/wp-content\/uploads\/2025\/03\/10006-1-768x456.jpg 768w\" sizes=\"(max-width: 1134px) 100vw, 1134px\" \/> <img loading=\"lazy\" decoding=\"async\" class=\"aligncenter size-full wp-image-2033\" src=\"https:\/\/sharewalker.com\/wp-content\/uploads\/2025\/03\/10007-1.png\" alt=\"\" width=\"1920\" height=\"928\" srcset=\"https:\/\/sharewalker.com\/wp-content\/uploads\/2025\/03\/10007-1.png 1920w, https:\/\/sharewalker.com\/wp-content\/uploads\/2025\/03\/10007-1-300x145.png 300w, https:\/\/sharewalker.com\/wp-content\/uploads\/2025\/03\/10007-1-1024x495.png 1024w, https:\/\/sharewalker.com\/wp-content\/uploads\/2025\/03\/10007-1-768x371.png 768w, https:\/\/sharewalker.com\/wp-content\/uploads\/2025\/03\/10007-1-1536x742.png 1536w\" sizes=\"(max-width: 1920px) 100vw, 1920px\" \/> <img loading=\"lazy\" decoding=\"async\" class=\"aligncenter size-full wp-image-2034\" src=\"https:\/\/sharewalker.com\/wp-content\/uploads\/2025\/03\/10008-1.png\" alt=\"\" width=\"1920\" height=\"929\" srcset=\"https:\/\/sharewalker.com\/wp-content\/uploads\/2025\/03\/10008-1.png 1920w, https:\/\/sharewalker.com\/wp-content\/uploads\/2025\/03\/10008-1-300x145.png 300w, https:\/\/sharewalker.com\/wp-content\/uploads\/2025\/03\/10008-1-1024x495.png 1024w, https:\/\/sharewalker.com\/wp-content\/uploads\/2025\/03\/10008-1-768x372.png 768w, https:\/\/sharewalker.com\/wp-content\/uploads\/2025\/03\/10008-1-1536x743.png 1536w\" sizes=\"(max-width: 1920px) 100vw, 1920px\" \/> <img loading=\"lazy\" decoding=\"async\" class=\"aligncenter size-full wp-image-2035\" src=\"https:\/\/sharewalker.com\/wp-content\/uploads\/2025\/03\/10009-1.jpg\" alt=\"\" width=\"1920\" height=\"933\" srcset=\"https:\/\/sharewalker.com\/wp-content\/uploads\/2025\/03\/10009-1.jpg 1920w, https:\/\/sharewalker.com\/wp-content\/uploads\/2025\/03\/10009-1-300x146.jpg 300w, https:\/\/sharewalker.com\/wp-content\/uploads\/2025\/03\/10009-1-1024x498.jpg 1024w, https:\/\/sharewalker.com\/wp-content\/uploads\/2025\/03\/10009-1-768x373.jpg 768w, https:\/\/sharewalker.com\/wp-content\/uploads\/2025\/03\/10009-1-1536x746.jpg 1536w\" sizes=\"(max-width: 1920px) 100vw, 1920px\" \/> <img loading=\"lazy\" decoding=\"async\" class=\"aligncenter size-full wp-image-2036\" src=\"https:\/\/sharewalker.com\/wp-content\/uploads\/2025\/03\/10010-1.png\" alt=\"\" width=\"1920\" height=\"932\" srcset=\"https:\/\/sharewalker.com\/wp-content\/uploads\/2025\/03\/10010-1.png 1920w, https:\/\/sharewalker.com\/wp-content\/uploads\/2025\/03\/10010-1-300x146.png 300w, https:\/\/sharewalker.com\/wp-content\/uploads\/2025\/03\/10010-1-1024x497.png 1024w, https:\/\/sharewalker.com\/wp-content\/uploads\/2025\/03\/10010-1-768x373.png 768w, https:\/\/sharewalker.com\/wp-content\/uploads\/2025\/03\/10010-1-1536x746.png 1536w\" sizes=\"(max-width: 1920px) 100vw, 1920px\" \/> <img loading=\"lazy\" decoding=\"async\" class=\"aligncenter size-full wp-image-2037\" src=\"https:\/\/sharewalker.com\/wp-content\/uploads\/2025\/03\/10011-1.png\" alt=\"\" width=\"1920\" height=\"926\" srcset=\"https:\/\/sharewalker.com\/wp-content\/uploads\/2025\/03\/10011-1.png 1920w, https:\/\/sharewalker.com\/wp-content\/uploads\/2025\/03\/10011-1-300x145.png 300w, https:\/\/sharewalker.com\/wp-content\/uploads\/2025\/03\/10011-1-1024x494.png 1024w, https:\/\/sharewalker.com\/wp-content\/uploads\/2025\/03\/10011-1-768x370.png 768w, https:\/\/sharewalker.com\/wp-content\/uploads\/2025\/03\/10011-1-1536x741.png 1536w\" sizes=\"(max-width: 1920px) 100vw, 1920px\" \/> <img loading=\"lazy\" decoding=\"async\" class=\"aligncenter size-full wp-image-2038\" src=\"https:\/\/sharewalker.com\/wp-content\/uploads\/2025\/03\/10012-1.png\" alt=\"\" width=\"1920\" height=\"928\" srcset=\"https:\/\/sharewalker.com\/wp-content\/uploads\/2025\/03\/10012-1.png 1920w, https:\/\/sharewalker.com\/wp-content\/uploads\/2025\/03\/10012-1-300x145.png 300w, https:\/\/sharewalker.com\/wp-content\/uploads\/2025\/03\/10012-1-1024x495.png 1024w, https:\/\/sharewalker.com\/wp-content\/uploads\/2025\/03\/10012-1-768x371.png 768w, https:\/\/sharewalker.com\/wp-content\/uploads\/2025\/03\/10012-1-1536x742.png 1536w\" sizes=\"(max-width: 1920px) 100vw, 1920px\" \/> <img loading=\"lazy\" decoding=\"async\" class=\"aligncenter size-full wp-image-2039\" src=\"https:\/\/sharewalker.com\/wp-content\/uploads\/2025\/03\/10013-1.png\" alt=\"\" width=\"1920\" height=\"930\" srcset=\"https:\/\/sharewalker.com\/wp-content\/uploads\/2025\/03\/10013-1.png 1920w, https:\/\/sharewalker.com\/wp-content\/uploads\/2025\/03\/10013-1-300x145.png 300w, https:\/\/sharewalker.com\/wp-content\/uploads\/2025\/03\/10013-1-1024x496.png 1024w, https:\/\/sharewalker.com\/wp-content\/uploads\/2025\/03\/10013-1-768x372.png 768w, https:\/\/sharewalker.com\/wp-content\/uploads\/2025\/03\/10013-1-1536x744.png 1536w\" sizes=\"(max-width: 1920px) 100vw, 1920px\" \/> <img loading=\"lazy\" decoding=\"async\" class=\"aligncenter size-full wp-image-2040\" src=\"https:\/\/sharewalker.com\/wp-content\/uploads\/2025\/03\/10014.png\" alt=\"\" width=\"1920\" height=\"932\" srcset=\"https:\/\/sharewalker.com\/wp-content\/uploads\/2025\/03\/10014.png 1920w, https:\/\/sharewalker.com\/wp-content\/uploads\/2025\/03\/10014-300x146.png 300w, https:\/\/sharewalker.com\/wp-content\/uploads\/2025\/03\/10014-1024x497.png 1024w, https:\/\/sharewalker.com\/wp-content\/uploads\/2025\/03\/10014-768x373.png 768w, https:\/\/sharewalker.com\/wp-content\/uploads\/2025\/03\/10014-1536x746.png 1536w\" sizes=\"(max-width: 1920px) 100vw, 1920px\" \/><\/p>","protected":false},"excerpt":{"rendered":"<p>Un syst\u00e8me de remboursement du commerce \u00e9lectronique multilingue mis \u00e0 jour, prenant en charge 12 langues, int\u00e9grant les transactions par USDT et par carte bancaire, introduisant l'envoi financier par groupe empil\u00e9, et optimisant les performances du syst\u00e8me pour am\u00e9liorer l'exp\u00e9rience de l'utilisateur et l'efficacit\u00e9.<\/p>\n<div id=\"gtx-trans\" style=\"position: absolute; left: -207px; top: -3px;\">\n<div class=\"gtx-trans-icon\"><\/div>\n<\/div>","protected":false},"featured_media":2027,"comment_status":"open","ping_status":"closed","template":"","meta":{"_uag_custom_page_level_css":"","site-sidebar-layout":"default","site-content-layout":"","ast-site-content-layout":"default","site-content-style":"default","site-sidebar-style":"default","ast-global-header-display":"","ast-banner-title-visibility":"","ast-main-header-display":"","ast-hfb-above-header-display":"","ast-hfb-below-header-display":"","ast-hfb-mobile-header-display":"","site-post-title":"","ast-breadcrumbs-content":"","ast-featured-img":"","footer-sml-layout":"","theme-transparent-header-meta":"default","adv-header-id-meta":"","stick-header-meta":"","header-above-stick-meta":"","header-main-stick-meta":"","header-below-stick-meta":"","astra-migrate-meta-layouts":"set","ast-page-background-enabled":"default","ast-page-background-meta":{"desktop":{"background-color":"var(--ast-global-color-4)","background-image":"","background-repeat":"repeat","background-position":"center center","background-size":"auto","background-attachment":"scroll","background-type":"","background-media":"","overlay-type":"","overlay-color":"","overlay-opacity":"","overlay-gradient":""},"tablet":{"background-color":"","background-image":"","background-repeat":"repeat","background-position":"center center","background-size":"auto","background-attachment":"scroll","background-type":"","background-media":"","overlay-type":"","overlay-color":"","overlay-opacity":"","overlay-gradient":""},"mobile":{"background-color":"","background-image":"","background-repeat":"repeat","background-position":"center center","background-size":"auto","background-attachment":"scroll","background-type":"","background-media":"","overlay-type":"","overlay-color":"","overlay-opacity":"","overlay-gradient":""}},"ast-content-background-meta":{"desktop":{"background-color":"var(--ast-global-color-5)","background-image":"","background-repeat":"repeat","background-position":"center center","background-size":"auto","background-attachment":"scroll","background-type":"","background-media":"","overlay-type":"","overlay-color":"","overlay-opacity":"","overlay-gradient":""},"tablet":{"background-color":"var(--ast-global-color-5)","background-image":"","background-repeat":"repeat","background-position":"center center","background-size":"auto","background-attachment":"scroll","background-type":"","background-media":"","overlay-type":"","overlay-color":"","overlay-opacity":"","overlay-gradient":""},"mobile":{"background-color":"var(--ast-global-color-5)","background-image":"","background-repeat":"repeat","background-position":"center center","background-size":"auto","background-attachment":"scroll","background-type":"","background-media":"","overlay-type":"","overlay-color":"","overlay-opacity":"","overlay-gradient":""}}},"product_brand":[],"product_cat":[59],"product_tag":[95,90,93,92,88,89,96,94,91],"class_list":{"0":"post-2026","1":"product","2":"type-product","3":"status-publish","4":"has-post-thumbnail","6":"product_cat-order-sniping-order-manipulation","7":"product_tag-agent-support","8":"product_tag-automatic-order-matching","9":"product_tag-balance-management","10":"product_tag-bank-card-deposits","11":"product_tag-multi-language-e-commerce","12":"product_tag-rebate-system","13":"product_tag-system-optimization","14":"product_tag-three-level-distribution","15":"product_tag-usdt-withdrawals","16":"desktop-align-left","17":"tablet-align-left","18":"mobile-align-left","20":"first","21":"instock","22":"shipping-taxable","23":"product-type-simple"},"uagb_featured_image_src":{"full":["https:\/\/sharewalker.com\/wp-content\/uploads\/2025\/03\/10001-1-e1742796235696.webp",400,400,false],"thumbnail":["https:\/\/sharewalker.com\/wp-content\/uploads\/2025\/03\/10001-1-e1742796235696-150x150.webp",150,150,true],"medium":["https:\/\/sharewalker.com\/wp-content\/uploads\/2025\/03\/10001-1-e1742796235696-300x300.webp",300,300,true],"medium_large":["https:\/\/sharewalker.com\/wp-content\/uploads\/2025\/03\/10001-1-768x453.webp",768,453,true],"large":["https:\/\/sharewalker.com\/wp-content\/uploads\/2025\/03\/10001-1-1024x604.webp",1024,604,true],"1536x1536":["https:\/\/sharewalker.com\/wp-content\/uploads\/2025\/03\/10001-1-e1742796235696.webp",400,400,false],"2048x2048":["https:\/\/sharewalker.com\/wp-content\/uploads\/2025\/03\/10001-1-e1742796235696.webp",400,400,false],"trp-custom-language-flag":["https:\/\/sharewalker.com\/wp-content\/uploads\/2025\/03\/10001-1-e1742796235696.webp",12,12,false],"woocommerce_thumbnail":["https:\/\/sharewalker.com\/wp-content\/uploads\/2025\/03\/10001-1-e1742796235696-300x300.webp",300,300,true],"woocommerce_single":["https:\/\/sharewalker.com\/wp-content\/uploads\/2025\/03\/10001-1-e1742796235696-300x300.webp",300,300,true],"woocommerce_gallery_thumbnail":["https:\/\/sharewalker.com\/wp-content\/uploads\/2025\/03\/10001-1-e1742796235696-100x100.webp",100,100,true]},"uagb_author_info":{"display_name":"admin","author_link":"https:\/\/sharewalker.com\/fr\/author\/"},"uagb_comment_info":0,"uagb_excerpt":"An upgraded multi-language e-commerce rebate system supporting 12 languages, integrating USDT and bank card transactions, introducing stacked group financial dispatching, and optimizing system performance for improved user experience and efficiency.\u200b","_links":{"self":[{"href":"https:\/\/sharewalker.com\/fr\/wp-json\/wp\/v2\/product\/2026","targetHints":{"allow":["GET"]}}],"collection":[{"href":"https:\/\/sharewalker.com\/fr\/wp-json\/wp\/v2\/product"}],"about":[{"href":"https:\/\/sharewalker.com\/fr\/wp-json\/wp\/v2\/types\/product"}],"replies":[{"embeddable":true,"href":"https:\/\/sharewalker.com\/fr\/wp-json\/wp\/v2\/comments?post=2026"}],"version-history":[{"count":0,"href":"https:\/\/sharewalker.com\/fr\/wp-json\/wp\/v2\/product\/2026\/revisions"}],"wp:featuredmedia":[{"embeddable":true,"href":"https:\/\/sharewalker.com\/fr\/wp-json\/wp\/v2\/media\/2027"}],"wp:attachment":[{"href":"https:\/\/sharewalker.com\/fr\/wp-json\/wp\/v2\/media?parent=2026"}],"wp:term":[{"taxonomy":"product_brand","embeddable":true,"href":"https:\/\/sharewalker.com\/fr\/wp-json\/wp\/v2\/product_brand?post=2026"},{"taxonomy":"product_cat","embeddable":true,"href":"https:\/\/sharewalker.com\/fr\/wp-json\/wp\/v2\/product_cat?post=2026"},{"taxonomy":"product_tag","embeddable":true,"href":"https:\/\/sharewalker.com\/fr\/wp-json\/wp\/v2\/product_tag?post=2026"}],"curies":[{"name":"wp","href":"https:\/\/api.w.org\/{rel}","templated":true}]}}