{"id":2058,"date":"2025-03-24T15:58:36","date_gmt":"2025-03-24T07:58:36","guid":{"rendered":"https:\/\/sharewalker.com\/?post_type=product&#038;p=2058"},"modified":"2025-03-24T15:59:06","modified_gmt":"2025-03-24T07:59:06","slug":"optimized-multi-language-order-grabbing-system-overseas-e-commerce-order-processing-platform-mall-rebate-stacked-group-functionality","status":"publish","type":"product","link":"https:\/\/sharewalker.com\/fr\/produit\/systeme-optimise-de-saisie-des-commandes-en-plusieurs-langues-plate-forme-de-traitement-des-commandes-de-commerce-electronique-a-letranger-fonctionnalite-de-groupe-empile-de-rabais-de-centre-commerci\/","title":{"rendered":"Syst\u00e8me optimis\u00e9 de prise de commande multilingue | Plate-forme de traitement des commandes de commerce \u00e9lectronique \u00e0 l'\u00e9tranger | Rabais dans les centres commerciaux | Fonctionnalit\u00e9 de groupes superpos\u00e9s"},"content":{"rendered":"<p>Nous avons le plaisir de vous pr\u00e9senter notre nouveau syst\u00e8me de saisie des commandes multilingue optimis\u00e9, sp\u00e9cialement con\u00e7u pour les plateformes de commerce \u00e9lectronique \u00e0 l'\u00e9tranger afin d'am\u00e9liorer l'exp\u00e9rience de l'utilisateur et les performances du syst\u00e8me. Ce syst\u00e8me int\u00e8gre les fonctionnalit\u00e9s de rabais de centre commercial et de groupes superpos\u00e9s, offrant ainsi aux utilisateurs divers canaux de revenus. En outre, il comporte un backend pour les agents ind\u00e9pendants, facilitant une gestion efficace pour les agents. L'interface est configur\u00e9e en portugais par d\u00e9faut, mais peut \u00eatre personnalis\u00e9e en fonction de besoins sp\u00e9cifiques, afin de r\u00e9pondre aux besoins linguistiques des diff\u00e9rents march\u00e9s.<\/p>\n<p>Caract\u00e9ristiques principales :<\/p>\n<p>Prise en charge multilingue : Le logiciel frontal est par d\u00e9faut en portugais, mais il peut \u00eatre personnalis\u00e9 pour r\u00e9pondre aux exigences linguistiques des diff\u00e9rents march\u00e9s.<\/p>\n<p>Rabais du centre commercial : les utilisateurs peuvent obtenir des rabais gr\u00e2ce aux achats effectu\u00e9s sur la plateforme, ce qui augmente les possibilit\u00e9s de revenus.<\/p>\n<p>Fonctionnalit\u00e9 de groupes empil\u00e9s : La prise en charge des groupes empil\u00e9s permet d'optimiser la gestion des commandes et d'am\u00e9liorer l'efficacit\u00e9 op\u00e9rationnelle.<\/p>\n<p>Backend pour les agents ind\u00e9pendants : Fournit aux agents un backend de gestion d\u00e9di\u00e9, facilitant la gestion et l'expansion de l'entreprise.<\/p>\n<p>Gr\u00e2ce \u00e0 ces optimisations et \u00e0 l'int\u00e9gration de fonctionnalit\u00e9s, nous nous engageons \u00e0 offrir aux plateformes de commerce \u00e9lectronique \u00e0 l'\u00e9tranger des solutions de saisie et de traitement des commandes efficaces et pratiques, am\u00e9liorant ainsi l'efficacit\u00e9 op\u00e9rationnelle globale et la satisfaction des utilisateurs.<\/p>\n<p>&nbsp;<\/p>\n<div style=\"width: 2056px;\" class=\"wp-video\"><video class=\"wp-video-shortcode\" id=\"video-2058-1\" width=\"2056\" height=\"1080\" preload=\"metadata\" controls=\"controls\"><source type=\"video\/mp4\" src=\"https:\/\/sharewalker.com\/wp-content\/uploads\/2025\/03\/202407281722181172482469.mp4?_=1\" \/><a href=\"https:\/\/sharewalker.com\/wp-content\/uploads\/2025\/03\/202407281722181172482469.mp4\">https:\/\/sharewalker.com\/wp-content\/uploads\/2025\/03\/202407281722181172482469.mp4<\/a><\/video><\/div>\n<p><img fetchpriority=\"high\" decoding=\"async\" class=\"aligncenter size-full wp-image-2060\" src=\"https:\/\/sharewalker.com\/wp-content\/uploads\/2025\/03\/10001-2.png\" alt=\"\" width=\"600\" height=\"1277\" srcset=\"https:\/\/sharewalker.com\/wp-content\/uploads\/2025\/03\/10001-2.png 600w, https:\/\/sharewalker.com\/wp-content\/uploads\/2025\/03\/10001-2-300x639.png 300w, https:\/\/sharewalker.com\/wp-content\/uploads\/2025\/03\/10001-2-141x300.png 141w, https:\/\/sharewalker.com\/wp-content\/uploads\/2025\/03\/10001-2-481x1024.png 481w\" sizes=\"(max-width: 600px) 100vw, 600px\" \/> <img decoding=\"async\" class=\"aligncenter size-full wp-image-2061\" src=\"https:\/\/sharewalker.com\/wp-content\/uploads\/2025\/03\/10002-2.png\" alt=\"\" width=\"597\" height=\"1276\" srcset=\"https:\/\/sharewalker.com\/wp-content\/uploads\/2025\/03\/10002-2.png 597w, https:\/\/sharewalker.com\/wp-content\/uploads\/2025\/03\/10002-2-300x641.png 300w, https:\/\/sharewalker.com\/wp-content\/uploads\/2025\/03\/10002-2-140x300.png 140w, https:\/\/sharewalker.com\/wp-content\/uploads\/2025\/03\/10002-2-479x1024.png 479w\" sizes=\"(max-width: 597px) 100vw, 597px\" \/> <img decoding=\"async\" class=\"aligncenter size-full wp-image-2062\" src=\"https:\/\/sharewalker.com\/wp-content\/uploads\/2025\/03\/10003-1.png\" alt=\"\" width=\"601\" height=\"1278\" \/> <img loading=\"lazy\" decoding=\"async\" class=\"aligncenter size-full wp-image-2063\" src=\"https:\/\/sharewalker.com\/wp-content\/uploads\/2025\/03\/10004-2.png\" alt=\"\" width=\"602\" height=\"1278\" srcset=\"https:\/\/sharewalker.com\/wp-content\/uploads\/2025\/03\/10004-2.png 602w, https:\/\/sharewalker.com\/wp-content\/uploads\/2025\/03\/10004-2-300x637.png 300w, https:\/\/sharewalker.com\/wp-content\/uploads\/2025\/03\/10004-2-141x300.png 141w, https:\/\/sharewalker.com\/wp-content\/uploads\/2025\/03\/10004-2-482x1024.png 482w\" sizes=\"(max-width: 602px) 100vw, 602px\" \/> <img loading=\"lazy\" decoding=\"async\" class=\"aligncenter size-full wp-image-2065\" src=\"https:\/\/sharewalker.com\/wp-content\/uploads\/2025\/03\/10006-2.png\" alt=\"\" width=\"600\" height=\"1274\" srcset=\"https:\/\/sharewalker.com\/wp-content\/uploads\/2025\/03\/10006-2.png 600w, https:\/\/sharewalker.com\/wp-content\/uploads\/2025\/03\/10006-2-300x637.png 300w, https:\/\/sharewalker.com\/wp-content\/uploads\/2025\/03\/10006-2-141x300.png 141w, https:\/\/sharewalker.com\/wp-content\/uploads\/2025\/03\/10006-2-482x1024.png 482w\" sizes=\"(max-width: 600px) 100vw, 600px\" \/> <img loading=\"lazy\" decoding=\"async\" class=\"aligncenter size-full wp-image-2066\" src=\"https:\/\/sharewalker.com\/wp-content\/uploads\/2025\/03\/10007-3.png\" alt=\"\" width=\"596\" height=\"1271\" srcset=\"https:\/\/sharewalker.com\/wp-content\/uploads\/2025\/03\/10007-3.png 596w, https:\/\/sharewalker.com\/wp-content\/uploads\/2025\/03\/10007-3-300x640.png 300w, https:\/\/sharewalker.com\/wp-content\/uploads\/2025\/03\/10007-3-141x300.png 141w, https:\/\/sharewalker.com\/wp-content\/uploads\/2025\/03\/10007-3-480x1024.png 480w\" sizes=\"(max-width: 596px) 100vw, 596px\" \/><\/p>\n<p><img decoding=\"async\" src=\"https:\/\/sharewalker.com\/wp-content\/uploads\/2025\/03\/10005-1.jpg\" \/> <img loading=\"lazy\" decoding=\"async\" class=\"aligncenter size-full wp-image-2067\" src=\"https:\/\/sharewalker.com\/wp-content\/uploads\/2025\/03\/10008-2.png\" alt=\"\" width=\"3840\" height=\"1937\" srcset=\"https:\/\/sharewalker.com\/wp-content\/uploads\/2025\/03\/10008-2.png 3840w, https:\/\/sharewalker.com\/wp-content\/uploads\/2025\/03\/10008-2-300x151.png 300w, https:\/\/sharewalker.com\/wp-content\/uploads\/2025\/03\/10008-2-1024x517.png 1024w, https:\/\/sharewalker.com\/wp-content\/uploads\/2025\/03\/10008-2-768x387.png 768w, https:\/\/sharewalker.com\/wp-content\/uploads\/2025\/03\/10008-2-1536x775.png 1536w, https:\/\/sharewalker.com\/wp-content\/uploads\/2025\/03\/10008-2-2048x1033.png 2048w\" sizes=\"(max-width: 3840px) 100vw, 3840px\" \/> <img loading=\"lazy\" decoding=\"async\" class=\"aligncenter size-full wp-image-2068\" src=\"https:\/\/sharewalker.com\/wp-content\/uploads\/2025\/03\/10009-2.png\" alt=\"\" width=\"3840\" height=\"1944\" srcset=\"https:\/\/sharewalker.com\/wp-content\/uploads\/2025\/03\/10009-2.png 3840w, https:\/\/sharewalker.com\/wp-content\/uploads\/2025\/03\/10009-2-300x152.png 300w, https:\/\/sharewalker.com\/wp-content\/uploads\/2025\/03\/10009-2-1024x518.png 1024w, https:\/\/sharewalker.com\/wp-content\/uploads\/2025\/03\/10009-2-768x389.png 768w, https:\/\/sharewalker.com\/wp-content\/uploads\/2025\/03\/10009-2-1536x778.png 1536w, https:\/\/sharewalker.com\/wp-content\/uploads\/2025\/03\/10009-2-2048x1037.png 2048w\" sizes=\"(max-width: 3840px) 100vw, 3840px\" \/> <img loading=\"lazy\" decoding=\"async\" class=\"aligncenter size-full wp-image-2069\" src=\"https:\/\/sharewalker.com\/wp-content\/uploads\/2025\/03\/10010-3.png\" alt=\"\" width=\"3840\" height=\"1934\" srcset=\"https:\/\/sharewalker.com\/wp-content\/uploads\/2025\/03\/10010-3.png 3840w, https:\/\/sharewalker.com\/wp-content\/uploads\/2025\/03\/10010-3-300x151.png 300w, https:\/\/sharewalker.com\/wp-content\/uploads\/2025\/03\/10010-3-1024x516.png 1024w, https:\/\/sharewalker.com\/wp-content\/uploads\/2025\/03\/10010-3-768x387.png 768w, https:\/\/sharewalker.com\/wp-content\/uploads\/2025\/03\/10010-3-1536x774.png 1536w, https:\/\/sharewalker.com\/wp-content\/uploads\/2025\/03\/10010-3-2048x1031.png 2048w\" sizes=\"(max-width: 3840px) 100vw, 3840px\" \/><\/p>","protected":false},"excerpt":{"rendered":"<p>Introduction d'un syst\u00e8me optimis\u00e9 de prise de commande multilingue adapt\u00e9 aux plates-formes de commerce \u00e9lectronique \u00e0 l'\u00e9tranger, int\u00e9grant des fonctionnalit\u00e9s de rabais de centre commercial et de groupes superpos\u00e9s, dot\u00e9 d'un backend d'agent ind\u00e9pendant, avec un frontend par d\u00e9faut en portugais qui peut \u00eatre personnalis\u00e9 selon les besoins.<\/p>","protected":false},"featured_media":2062,"comment_status":"open","ping_status":"closed","template":"","meta":{"_uag_custom_page_level_css":"","site-sidebar-layout":"default","site-content-layout":"","ast-site-content-layout":"default","site-content-style":"default","site-sidebar-style":"default","ast-global-header-display":"","ast-banner-title-visibility":"","ast-main-header-display":"","ast-hfb-above-header-display":"","ast-hfb-below-header-display":"","ast-hfb-mobile-header-display":"","site-post-title":"","ast-breadcrumbs-content":"","ast-featured-img":"","footer-sml-layout":"","theme-transparent-header-meta":"default","adv-header-id-meta":"","stick-header-meta":"","header-above-stick-meta":"","header-main-stick-meta":"","header-below-stick-meta":"","astra-migrate-meta-layouts":"set","ast-page-background-enabled":"default","ast-page-background-meta":{"desktop":{"background-color":"var(--ast-global-color-4)","background-image":"","background-repeat":"repeat","background-position":"center center","background-size":"auto","background-attachment":"scroll","background-type":"","background-media":"","overlay-type":"","overlay-color":"","overlay-opacity":"","overlay-gradient":""},"tablet":{"background-color":"","background-image":"","background-repeat":"repeat","background-position":"center center","background-size":"auto","background-attachment":"scroll","background-type":"","background-media":"","overlay-type":"","overlay-color":"","overlay-opacity":"","overlay-gradient":""},"mobile":{"background-color":"","background-image":"","background-repeat":"repeat","background-position":"center center","background-size":"auto","background-attachment":"scroll","background-type":"","background-media":"","overlay-type":"","overlay-color":"","overlay-opacity":"","overlay-gradient":""}},"ast-content-background-meta":{"desktop":{"background-color":"var(--ast-global-color-5)","background-image":"","background-repeat":"repeat","background-position":"center center","background-size":"auto","background-attachment":"scroll","background-type":"","background-media":"","overlay-type":"","overlay-color":"","overlay-opacity":"","overlay-gradient":""},"tablet":{"background-color":"var(--ast-global-color-5)","background-image":"","background-repeat":"repeat","background-position":"center center","background-size":"auto","background-attachment":"scroll","background-type":"","background-media":"","overlay-type":"","overlay-color":"","overlay-opacity":"","overlay-gradient":""},"mobile":{"background-color":"var(--ast-global-color-5)","background-image":"","background-repeat":"repeat","background-position":"center center","background-size":"auto","background-attachment":"scroll","background-type":"","background-media":"","overlay-type":"","overlay-color":"","overlay-opacity":"","overlay-gradient":""}}},"product_brand":[],"product_cat":[59],"product_tag":[69,105,97,109,104,102,107,106,96,108],"class_list":{"0":"post-2058","1":"product","2":"type-product","3":"status-publish","4":"has-post-thumbnail","6":"product_cat-order-sniping-order-manipulation","7":"product_tag-agent-backend","8":"product_tag-mall-rebate","9":"product_tag-multi-language-order-grabbing-system","10":"product_tag-operational-efficiency","11":"product_tag-order-processing-platform","12":"product_tag-overseas-e-commerce","13":"product_tag-portuguese-frontend","14":"product_tag-stacked-group-functionality","15":"product_tag-system-optimization","16":"product_tag-user-experience-enhancement","17":"desktop-align-left","18":"tablet-align-left","19":"mobile-align-left","21":"first","22":"instock","23":"shipping-taxable","24":"product-type-simple"},"uagb_featured_image_src":{"full":["https:\/\/sharewalker.com\/wp-content\/uploads\/2025\/03\/10003-1-e1742803112206.png",590,577,false],"thumbnail":["https:\/\/sharewalker.com\/wp-content\/uploads\/2025\/03\/10003-1-e1742803112206-150x150.png",150,150,true],"medium":["https:\/\/sharewalker.com\/wp-content\/uploads\/2025\/03\/10003-1-e1742803112206-300x293.png",300,293,true],"medium_large":["https:\/\/sharewalker.com\/wp-content\/uploads\/2025\/03\/10003-1-e1742803112206.png",590,577,false],"large":["https:\/\/sharewalker.com\/wp-content\/uploads\/2025\/03\/10003-1-482x1024.png",482,1024,true],"1536x1536":["https:\/\/sharewalker.com\/wp-content\/uploads\/2025\/03\/10003-1-e1742803112206.png",590,577,false],"2048x2048":["https:\/\/sharewalker.com\/wp-content\/uploads\/2025\/03\/10003-1-e1742803112206.png",590,577,false],"trp-custom-language-flag":["https:\/\/sharewalker.com\/wp-content\/uploads\/2025\/03\/10003-1-e1742803112206.png",12,12,false],"woocommerce_thumbnail":["https:\/\/sharewalker.com\/wp-content\/uploads\/2025\/03\/10003-1-e1742803112206-300x300.png",300,300,true],"woocommerce_single":["https:\/\/sharewalker.com\/wp-content\/uploads\/2025\/03\/10003-1-e1742803112206-300x293.png",300,293,true],"woocommerce_gallery_thumbnail":["https:\/\/sharewalker.com\/wp-content\/uploads\/2025\/03\/10003-1-e1742803112206-100x100.png",100,100,true]},"uagb_author_info":{"display_name":"admin","author_link":"https:\/\/sharewalker.com\/fr\/author\/"},"uagb_comment_info":0,"uagb_excerpt":"Introducing an optimized multi-language order grabbing system tailored for overseas e-commerce platforms, integrating mall rebate and stacked group functionalities, featuring an independent agent backend, with a Portuguese default frontend that can be customized as needed.\u200b","_links":{"self":[{"href":"https:\/\/sharewalker.com\/fr\/wp-json\/wp\/v2\/product\/2058","targetHints":{"allow":["GET"]}}],"collection":[{"href":"https:\/\/sharewalker.com\/fr\/wp-json\/wp\/v2\/product"}],"about":[{"href":"https:\/\/sharewalker.com\/fr\/wp-json\/wp\/v2\/types\/product"}],"replies":[{"embeddable":true,"href":"https:\/\/sharewalker.com\/fr\/wp-json\/wp\/v2\/comments?post=2058"}],"version-history":[{"count":0,"href":"https:\/\/sharewalker.com\/fr\/wp-json\/wp\/v2\/product\/2058\/revisions"}],"wp:featuredmedia":[{"embeddable":true,"href":"https:\/\/sharewalker.com\/fr\/wp-json\/wp\/v2\/media\/2062"}],"wp:attachment":[{"href":"https:\/\/sharewalker.com\/fr\/wp-json\/wp\/v2\/media?parent=2058"}],"wp:term":[{"taxonomy":"product_brand","embeddable":true,"href":"https:\/\/sharewalker.com\/fr\/wp-json\/wp\/v2\/product_brand?post=2058"},{"taxonomy":"product_cat","embeddable":true,"href":"https:\/\/sharewalker.com\/fr\/wp-json\/wp\/v2\/product_cat?post=2058"},{"taxonomy":"product_tag","embeddable":true,"href":"https:\/\/sharewalker.com\/fr\/wp-json\/wp\/v2\/product_tag?post=2058"}],"curies":[{"name":"wp","href":"https:\/\/api.w.org\/{rel}","templated":true}]}}