{"id":2162,"date":"2025-03-24T16:45:39","date_gmt":"2025-03-24T08:45:39","guid":{"rendered":"https:\/\/sharewalker.com\/?post_type=product&#038;p=2162"},"modified":"2025-03-24T16:45:39","modified_gmt":"2025-03-24T08:45:39","slug":"customizable-vue-multi-language-overseas-order-grabbing-brushing-system-automatic-order-matching-injection-feature-group-mode-order-management","status":"publish","type":"product","link":"https:\/\/sharewalker.com\/fr\/produit\/vue-personnalisable-multi-langues-outre-mer-saisie-des-commandes-systeme-de-brossage-mise-en-correspondance-automatique-des-commandes-fonction-dinjection-gestion-des-commandes-en-mode-groupe\/","title":{"rendered":"Syst\u00e8me personnalisable de saisie et de broyage des commandes \u00e0 l'\u00e9tranger Vue Multi-Language | Correspondance automatique des commandes | Fonctionnalit\u00e9 d'injection | Mode groupe | Gestion des commandes"},"content":{"rendered":"<p>Nous proposons un syst\u00e8me personnalisable de saisie et de brossage de commandes \u00e0 l'\u00e9tranger Vue.js, sp\u00e9cialement con\u00e7u pour r\u00e9pondre aux exigences des march\u00e9s internationaux. Le syst\u00e8me prend en charge la commutation multilingue, ce qui permet aux utilisateurs de s\u00e9lectionner la langue de l'interface qui r\u00e9pond le mieux \u00e0 leurs besoins. Les fonctionnalit\u00e9s principales comprennent la correspondance automatique des commandes, la fonctionnalit\u00e9 d'injection, le mode groupe et la gestion des commandes, toutes destin\u00e9es \u00e0 optimiser les flux de travail et \u00e0 augmenter la productivit\u00e9.<\/p>\n<p>Caract\u00e9ristiques principales :<\/p>\n<p>Appariement automatique des commandes : le syst\u00e8me apparie intelligemment les commandes, ce qui r\u00e9duit les interventions manuelles et am\u00e9liore l'efficacit\u00e9 du traitement des commandes.<\/p>\n<p>Fonctionnalit\u00e9 d'injection : Elle permet d'effectuer des op\u00e9rations d'injection afin de garantir l'exactitude et l'actualit\u00e9 des donn\u00e9es relatives aux commandes.<\/p>\n<p>Mode Groupe : Permet aux utilisateurs de regrouper les commandes en fonction de leurs pr\u00e9f\u00e9rences, ce qui facilite la visualisation et la gestion.<\/p>\n<p>Gestion des commandes : Offre des fonctions de cr\u00e9ation et de gestion des commandes pour aider les utilisateurs \u00e0 g\u00e9rer efficacement les t\u00e2ches li\u00e9es aux commandes.<\/p>\n<p>Faits saillants techniques :<\/p>\n<p>D\u00e9velopp\u00e9 avec Vue.js : Construit sur le framework Vue.js, il garantit des performances r\u00e9actives et la stabilit\u00e9 du syst\u00e8me.<\/p>\n<p>Prise en charge multilingue : Des packs de langues sont int\u00e9gr\u00e9s, ce qui permet aux utilisateurs d'ajouter ou de modifier les param\u00e8tres linguistiques en fonction de leurs besoins.<\/p>\n<p>Configuration flexible : Le backend prend en charge diff\u00e9rents param\u00e8tres, y compris la s\u00e9lection de la langue par d\u00e9faut et les commandes de changement de langue, afin de r\u00e9pondre aux diverses exigences des utilisateurs.<\/p>\n<p><img fetchpriority=\"high\" decoding=\"async\" class=\"aligncenter size-full wp-image-2164\" src=\"https:\/\/sharewalker.com\/wp-content\/uploads\/2025\/03\/10002-7.png\" alt=\"\" width=\"390\" height=\"844\" srcset=\"https:\/\/sharewalker.com\/wp-content\/uploads\/2025\/03\/10002-7.png 390w, https:\/\/sharewalker.com\/wp-content\/uploads\/2025\/03\/10002-7-300x649.png 300w, https:\/\/sharewalker.com\/wp-content\/uploads\/2025\/03\/10002-7-139x300.png 139w\" sizes=\"(max-width: 390px) 100vw, 390px\" \/> <img decoding=\"async\" class=\"aligncenter size-full wp-image-2165\" src=\"https:\/\/sharewalker.com\/wp-content\/uploads\/2025\/03\/10003-6.png\" alt=\"\" width=\"390\" height=\"844\" srcset=\"https:\/\/sharewalker.com\/wp-content\/uploads\/2025\/03\/10003-6.png 390w, https:\/\/sharewalker.com\/wp-content\/uploads\/2025\/03\/10003-6-300x649.png 300w, https:\/\/sharewalker.com\/wp-content\/uploads\/2025\/03\/10003-6-139x300.png 139w\" sizes=\"(max-width: 390px) 100vw, 390px\" \/> <img decoding=\"async\" class=\"aligncenter size-full wp-image-2166\" src=\"https:\/\/sharewalker.com\/wp-content\/uploads\/2025\/03\/10004-7.png\" alt=\"\" width=\"390\" height=\"844\" srcset=\"https:\/\/sharewalker.com\/wp-content\/uploads\/2025\/03\/10004-7.png 390w, https:\/\/sharewalker.com\/wp-content\/uploads\/2025\/03\/10004-7-300x649.png 300w, https:\/\/sharewalker.com\/wp-content\/uploads\/2025\/03\/10004-7-139x300.png 139w\" sizes=\"(max-width: 390px) 100vw, 390px\" \/> <img loading=\"lazy\" decoding=\"async\" class=\"aligncenter size-full wp-image-2167\" src=\"https:\/\/sharewalker.com\/wp-content\/uploads\/2025\/03\/10005-7.png\" alt=\"\" width=\"390\" height=\"844\" srcset=\"https:\/\/sharewalker.com\/wp-content\/uploads\/2025\/03\/10005-7.png 390w, https:\/\/sharewalker.com\/wp-content\/uploads\/2025\/03\/10005-7-300x649.png 300w, https:\/\/sharewalker.com\/wp-content\/uploads\/2025\/03\/10005-7-139x300.png 139w\" sizes=\"(max-width: 390px) 100vw, 390px\" \/> <img loading=\"lazy\" decoding=\"async\" class=\"aligncenter size-full wp-image-2168\" src=\"https:\/\/sharewalker.com\/wp-content\/uploads\/2025\/03\/10006-8.png\" alt=\"\" width=\"390\" height=\"844\" srcset=\"https:\/\/sharewalker.com\/wp-content\/uploads\/2025\/03\/10006-8.png 390w, https:\/\/sharewalker.com\/wp-content\/uploads\/2025\/03\/10006-8-300x649.png 300w, https:\/\/sharewalker.com\/wp-content\/uploads\/2025\/03\/10006-8-139x300.png 139w\" sizes=\"(max-width: 390px) 100vw, 390px\" \/> <img loading=\"lazy\" decoding=\"async\" class=\"aligncenter size-full wp-image-2169\" src=\"https:\/\/sharewalker.com\/wp-content\/uploads\/2025\/03\/10007-9.png\" alt=\"\" width=\"390\" height=\"844\" srcset=\"https:\/\/sharewalker.com\/wp-content\/uploads\/2025\/03\/10007-9.png 390w, https:\/\/sharewalker.com\/wp-content\/uploads\/2025\/03\/10007-9-300x649.png 300w, https:\/\/sharewalker.com\/wp-content\/uploads\/2025\/03\/10007-9-139x300.png 139w\" sizes=\"(max-width: 390px) 100vw, 390px\" \/> <img loading=\"lazy\" decoding=\"async\" class=\"aligncenter size-full wp-image-2170\" src=\"https:\/\/sharewalker.com\/wp-content\/uploads\/2025\/03\/10008-7.png\" alt=\"\" width=\"390\" height=\"844\" srcset=\"https:\/\/sharewalker.com\/wp-content\/uploads\/2025\/03\/10008-7.png 390w, https:\/\/sharewalker.com\/wp-content\/uploads\/2025\/03\/10008-7-300x649.png 300w, https:\/\/sharewalker.com\/wp-content\/uploads\/2025\/03\/10008-7-139x300.png 139w\" sizes=\"(max-width: 390px) 100vw, 390px\" \/> <img loading=\"lazy\" decoding=\"async\" class=\"aligncenter size-full wp-image-2171\" src=\"https:\/\/sharewalker.com\/wp-content\/uploads\/2025\/03\/10009-7.png\" alt=\"\" width=\"390\" height=\"844\" srcset=\"https:\/\/sharewalker.com\/wp-content\/uploads\/2025\/03\/10009-7.png 390w, https:\/\/sharewalker.com\/wp-content\/uploads\/2025\/03\/10009-7-300x649.png 300w, https:\/\/sharewalker.com\/wp-content\/uploads\/2025\/03\/10009-7-139x300.png 139w\" sizes=\"(max-width: 390px) 100vw, 390px\" \/> <img loading=\"lazy\" decoding=\"async\" class=\"aligncenter size-full wp-image-2172\" src=\"https:\/\/sharewalker.com\/wp-content\/uploads\/2025\/03\/10010-8.png\" alt=\"\" width=\"390\" height=\"844\" srcset=\"https:\/\/sharewalker.com\/wp-content\/uploads\/2025\/03\/10010-8.png 390w, https:\/\/sharewalker.com\/wp-content\/uploads\/2025\/03\/10010-8-300x649.png 300w, https:\/\/sharewalker.com\/wp-content\/uploads\/2025\/03\/10010-8-139x300.png 139w\" sizes=\"(max-width: 390px) 100vw, 390px\" \/> <img loading=\"lazy\" decoding=\"async\" class=\"aligncenter size-full wp-image-2173\" src=\"https:\/\/sharewalker.com\/wp-content\/uploads\/2025\/03\/10011-6.png\" alt=\"\" width=\"390\" height=\"844\" srcset=\"https:\/\/sharewalker.com\/wp-content\/uploads\/2025\/03\/10011-6.png 390w, https:\/\/sharewalker.com\/wp-content\/uploads\/2025\/03\/10011-6-300x649.png 300w, https:\/\/sharewalker.com\/wp-content\/uploads\/2025\/03\/10011-6-139x300.png 139w\" sizes=\"(max-width: 390px) 100vw, 390px\" \/> <img loading=\"lazy\" decoding=\"async\" class=\"aligncenter size-full wp-image-2174\" src=\"https:\/\/sharewalker.com\/wp-content\/uploads\/2025\/03\/10012-6.png\" alt=\"\" width=\"390\" height=\"844\" srcset=\"https:\/\/sharewalker.com\/wp-content\/uploads\/2025\/03\/10012-6.png 390w, https:\/\/sharewalker.com\/wp-content\/uploads\/2025\/03\/10012-6-300x649.png 300w, https:\/\/sharewalker.com\/wp-content\/uploads\/2025\/03\/10012-6-139x300.png 139w\" sizes=\"(max-width: 390px) 100vw, 390px\" \/> <img loading=\"lazy\" decoding=\"async\" class=\"aligncenter size-full wp-image-2175\" src=\"https:\/\/sharewalker.com\/wp-content\/uploads\/2025\/03\/10013-5.png\" alt=\"\" width=\"390\" height=\"844\" srcset=\"https:\/\/sharewalker.com\/wp-content\/uploads\/2025\/03\/10013-5.png 390w, https:\/\/sharewalker.com\/wp-content\/uploads\/2025\/03\/10013-5-300x649.png 300w, https:\/\/sharewalker.com\/wp-content\/uploads\/2025\/03\/10013-5-139x300.png 139w\" sizes=\"(max-width: 390px) 100vw, 390px\" \/> <img loading=\"lazy\" decoding=\"async\" class=\"aligncenter size-full wp-image-2176\" src=\"https:\/\/sharewalker.com\/wp-content\/uploads\/2025\/03\/10014-4.png\" alt=\"\" width=\"390\" height=\"844\" srcset=\"https:\/\/sharewalker.com\/wp-content\/uploads\/2025\/03\/10014-4.png 390w, https:\/\/sharewalker.com\/wp-content\/uploads\/2025\/03\/10014-4-300x649.png 300w, https:\/\/sharewalker.com\/wp-content\/uploads\/2025\/03\/10014-4-139x300.png 139w\" sizes=\"(max-width: 390px) 100vw, 390px\" \/> <img loading=\"lazy\" decoding=\"async\" class=\"aligncenter size-full wp-image-2177\" src=\"https:\/\/sharewalker.com\/wp-content\/uploads\/2025\/03\/10015-3.png\" alt=\"\" width=\"390\" height=\"844\" srcset=\"https:\/\/sharewalker.com\/wp-content\/uploads\/2025\/03\/10015-3.png 390w, https:\/\/sharewalker.com\/wp-content\/uploads\/2025\/03\/10015-3-300x649.png 300w, https:\/\/sharewalker.com\/wp-content\/uploads\/2025\/03\/10015-3-139x300.png 139w\" sizes=\"(max-width: 390px) 100vw, 390px\" \/> <img loading=\"lazy\" decoding=\"async\" class=\"aligncenter size-full wp-image-2178\" src=\"https:\/\/sharewalker.com\/wp-content\/uploads\/2025\/03\/10016-3.png\" alt=\"\" width=\"390\" height=\"844\" srcset=\"https:\/\/sharewalker.com\/wp-content\/uploads\/2025\/03\/10016-3.png 390w, https:\/\/sharewalker.com\/wp-content\/uploads\/2025\/03\/10016-3-300x649.png 300w, https:\/\/sharewalker.com\/wp-content\/uploads\/2025\/03\/10016-3-139x300.png 139w\" sizes=\"(max-width: 390px) 100vw, 390px\" \/> <img loading=\"lazy\" decoding=\"async\" class=\"aligncenter size-full wp-image-2179\" src=\"https:\/\/sharewalker.com\/wp-content\/uploads\/2025\/03\/10017-3.png\" alt=\"\" width=\"1920\" height=\"955\" srcset=\"https:\/\/sharewalker.com\/wp-content\/uploads\/2025\/03\/10017-3.png 1920w, https:\/\/sharewalker.com\/wp-content\/uploads\/2025\/03\/10017-3-300x149.png 300w, https:\/\/sharewalker.com\/wp-content\/uploads\/2025\/03\/10017-3-1024x509.png 1024w, https:\/\/sharewalker.com\/wp-content\/uploads\/2025\/03\/10017-3-768x382.png 768w, https:\/\/sharewalker.com\/wp-content\/uploads\/2025\/03\/10017-3-1536x764.png 1536w\" sizes=\"(max-width: 1920px) 100vw, 1920px\" \/> <img loading=\"lazy\" decoding=\"async\" class=\"aligncenter size-full wp-image-2180\" src=\"https:\/\/sharewalker.com\/wp-content\/uploads\/2025\/03\/10018-3.png\" alt=\"\" width=\"1920\" height=\"955\" srcset=\"https:\/\/sharewalker.com\/wp-content\/uploads\/2025\/03\/10018-3.png 1920w, https:\/\/sharewalker.com\/wp-content\/uploads\/2025\/03\/10018-3-300x149.png 300w, https:\/\/sharewalker.com\/wp-content\/uploads\/2025\/03\/10018-3-1024x509.png 1024w, https:\/\/sharewalker.com\/wp-content\/uploads\/2025\/03\/10018-3-768x382.png 768w, https:\/\/sharewalker.com\/wp-content\/uploads\/2025\/03\/10018-3-1536x764.png 1536w\" sizes=\"(max-width: 1920px) 100vw, 1920px\" \/> <img loading=\"lazy\" decoding=\"async\" class=\"aligncenter size-full wp-image-2181\" src=\"https:\/\/sharewalker.com\/wp-content\/uploads\/2025\/03\/10019-2.png\" alt=\"\" width=\"1920\" height=\"955\" srcset=\"https:\/\/sharewalker.com\/wp-content\/uploads\/2025\/03\/10019-2.png 1920w, https:\/\/sharewalker.com\/wp-content\/uploads\/2025\/03\/10019-2-300x149.png 300w, https:\/\/sharewalker.com\/wp-content\/uploads\/2025\/03\/10019-2-1024x509.png 1024w, https:\/\/sharewalker.com\/wp-content\/uploads\/2025\/03\/10019-2-768x382.png 768w, https:\/\/sharewalker.com\/wp-content\/uploads\/2025\/03\/10019-2-1536x764.png 1536w\" sizes=\"(max-width: 1920px) 100vw, 1920px\" \/> <img loading=\"lazy\" decoding=\"async\" class=\"aligncenter size-full wp-image-2182\" src=\"https:\/\/sharewalker.com\/wp-content\/uploads\/2025\/03\/10020-2.png\" alt=\"\" width=\"1920\" height=\"955\" srcset=\"https:\/\/sharewalker.com\/wp-content\/uploads\/2025\/03\/10020-2.png 1920w, https:\/\/sharewalker.com\/wp-content\/uploads\/2025\/03\/10020-2-300x149.png 300w, https:\/\/sharewalker.com\/wp-content\/uploads\/2025\/03\/10020-2-1024x509.png 1024w, https:\/\/sharewalker.com\/wp-content\/uploads\/2025\/03\/10020-2-768x382.png 768w, https:\/\/sharewalker.com\/wp-content\/uploads\/2025\/03\/10020-2-1536x764.png 1536w\" sizes=\"(max-width: 1920px) 100vw, 1920px\" \/> <img loading=\"lazy\" decoding=\"async\" class=\"aligncenter size-full wp-image-2183\" src=\"https:\/\/sharewalker.com\/wp-content\/uploads\/2025\/03\/10021-1.png\" alt=\"\" width=\"1920\" height=\"955\" srcset=\"https:\/\/sharewalker.com\/wp-content\/uploads\/2025\/03\/10021-1.png 1920w, https:\/\/sharewalker.com\/wp-content\/uploads\/2025\/03\/10021-1-300x149.png 300w, https:\/\/sharewalker.com\/wp-content\/uploads\/2025\/03\/10021-1-1024x509.png 1024w, https:\/\/sharewalker.com\/wp-content\/uploads\/2025\/03\/10021-1-768x382.png 768w, https:\/\/sharewalker.com\/wp-content\/uploads\/2025\/03\/10021-1-1536x764.png 1536w\" sizes=\"(max-width: 1920px) 100vw, 1920px\" \/> <img loading=\"lazy\" decoding=\"async\" class=\"aligncenter size-full wp-image-2184\" src=\"https:\/\/sharewalker.com\/wp-content\/uploads\/2025\/03\/10022-1.png\" alt=\"\" width=\"1920\" height=\"955\" srcset=\"https:\/\/sharewalker.com\/wp-content\/uploads\/2025\/03\/10022-1.png 1920w, https:\/\/sharewalker.com\/wp-content\/uploads\/2025\/03\/10022-1-300x149.png 300w, https:\/\/sharewalker.com\/wp-content\/uploads\/2025\/03\/10022-1-1024x509.png 1024w, https:\/\/sharewalker.com\/wp-content\/uploads\/2025\/03\/10022-1-768x382.png 768w, https:\/\/sharewalker.com\/wp-content\/uploads\/2025\/03\/10022-1-1536x764.png 1536w\" sizes=\"(max-width: 1920px) 100vw, 1920px\" \/> <img loading=\"lazy\" decoding=\"async\" class=\"aligncenter size-full wp-image-2185\" src=\"https:\/\/sharewalker.com\/wp-content\/uploads\/2025\/03\/10023-1.png\" alt=\"\" width=\"1920\" height=\"955\" srcset=\"https:\/\/sharewalker.com\/wp-content\/uploads\/2025\/03\/10023-1.png 1920w, https:\/\/sharewalker.com\/wp-content\/uploads\/2025\/03\/10023-1-300x149.png 300w, https:\/\/sharewalker.com\/wp-content\/uploads\/2025\/03\/10023-1-1024x509.png 1024w, https:\/\/sharewalker.com\/wp-content\/uploads\/2025\/03\/10023-1-768x382.png 768w, https:\/\/sharewalker.com\/wp-content\/uploads\/2025\/03\/10023-1-1536x764.png 1536w\" sizes=\"(max-width: 1920px) 100vw, 1920px\" \/> <img loading=\"lazy\" decoding=\"async\" class=\"aligncenter size-full wp-image-2186\" src=\"https:\/\/sharewalker.com\/wp-content\/uploads\/2025\/03\/10024-1.png\" alt=\"\" width=\"1920\" height=\"955\" srcset=\"https:\/\/sharewalker.com\/wp-content\/uploads\/2025\/03\/10024-1.png 1920w, https:\/\/sharewalker.com\/wp-content\/uploads\/2025\/03\/10024-1-300x149.png 300w, https:\/\/sharewalker.com\/wp-content\/uploads\/2025\/03\/10024-1-1024x509.png 1024w, https:\/\/sharewalker.com\/wp-content\/uploads\/2025\/03\/10024-1-768x382.png 768w, https:\/\/sharewalker.com\/wp-content\/uploads\/2025\/03\/10024-1-1536x764.png 1536w\" sizes=\"(max-width: 1920px) 100vw, 1920px\" \/> <img loading=\"lazy\" decoding=\"async\" class=\"aligncenter size-full wp-image-2187\" src=\"https:\/\/sharewalker.com\/wp-content\/uploads\/2025\/03\/10025.png\" alt=\"\" width=\"1920\" height=\"955\" srcset=\"https:\/\/sharewalker.com\/wp-content\/uploads\/2025\/03\/10025.png 1920w, https:\/\/sharewalker.com\/wp-content\/uploads\/2025\/03\/10025-300x149.png 300w, https:\/\/sharewalker.com\/wp-content\/uploads\/2025\/03\/10025-1024x509.png 1024w, https:\/\/sharewalker.com\/wp-content\/uploads\/2025\/03\/10025-768x382.png 768w, https:\/\/sharewalker.com\/wp-content\/uploads\/2025\/03\/10025-1536x764.png 1536w\" sizes=\"(max-width: 1920px) 100vw, 1920px\" \/><\/p>","protected":false},"excerpt":{"rendered":"<p>Il s'agit d'un syst\u00e8me personnalisable de saisie et de brossage de commandes multilingues \u00e0 l'\u00e9tranger, bas\u00e9 sur Vue.js, qui comprend une correspondance automatique des commandes, une fonctionnalit\u00e9 d'injection, un mode de groupe et une gestion des commandes, dans le but d'am\u00e9liorer l'exp\u00e9rience de l'utilisateur et l'efficacit\u00e9 op\u00e9rationnelle.<\/p>","protected":false},"featured_media":2163,"comment_status":"open","ping_status":"closed","template":"","meta":{"_uag_custom_page_level_css":"","site-sidebar-layout":"default","site-content-layout":"","ast-site-content-layout":"default","site-content-style":"default","site-sidebar-style":"default","ast-global-header-display":"","ast-banner-title-visibility":"","ast-main-header-display":"","ast-hfb-above-header-display":"","ast-hfb-below-header-display":"","ast-hfb-mobile-header-display":"","site-post-title":"","ast-breadcrumbs-content":"","ast-featured-img":"","footer-sml-layout":"","theme-transparent-header-meta":"default","adv-header-id-meta":"","stick-header-meta":"","header-above-stick-meta":"","header-main-stick-meta":"","header-below-stick-meta":"","astra-migrate-meta-layouts":"set","ast-page-background-enabled":"default","ast-page-background-meta":{"desktop":{"background-color":"var(--ast-global-color-4)","background-image":"","background-repeat":"repeat","background-position":"center center","background-size":"auto","background-attachment":"scroll","background-type":"","background-media":"","overlay-type":"","overlay-color":"","overlay-opacity":"","overlay-gradient":""},"tablet":{"background-color":"","background-image":"","background-repeat":"repeat","background-position":"center center","background-size":"auto","background-attachment":"scroll","background-type":"","background-media":"","overlay-type":"","overlay-color":"","overlay-opacity":"","overlay-gradient":""},"mobile":{"background-color":"","background-image":"","background-repeat":"repeat","background-position":"center center","background-size":"auto","background-attachment":"scroll","background-type":"","background-media":"","overlay-type":"","overlay-color":"","overlay-opacity":"","overlay-gradient":""}},"ast-content-background-meta":{"desktop":{"background-color":"var(--ast-global-color-5)","background-image":"","background-repeat":"repeat","background-position":"center center","background-size":"auto","background-attachment":"scroll","background-type":"","background-media":"","overlay-type":"","overlay-color":"","overlay-opacity":"","overlay-gradient":""},"tablet":{"background-color":"var(--ast-global-color-5)","background-image":"","background-repeat":"repeat","background-position":"center center","background-size":"auto","background-attachment":"scroll","background-type":"","background-media":"","overlay-type":"","overlay-color":"","overlay-opacity":"","overlay-gradient":""},"mobile":{"background-color":"var(--ast-global-color-5)","background-image":"","background-repeat":"repeat","background-position":"center center","background-size":"auto","background-attachment":"scroll","background-type":"","background-media":"","overlay-type":"","overlay-color":"","overlay-opacity":"","overlay-gradient":""}}},"product_brand":[],"product_cat":[59],"product_tag":[90,137,136,135,101,87,129,138,134],"class_list":{"0":"post-2162","1":"product","2":"type-product","3":"status-publish","4":"has-post-thumbnail","6":"product_cat-order-sniping-order-manipulation","7":"product_tag-automatic-order-matching","8":"product_tag-group-mode","9":"product_tag-injection-function","10":"product_tag-multi-language-system","11":"product_tag-order-brushing-system","12":"product_tag-order-management","13":"product_tag-overseas-order-grabbing-system","14":"product_tag-user-customization","15":"product_tag-vue-js","16":"desktop-align-left","17":"tablet-align-left","18":"mobile-align-left","20":"first","21":"instock","22":"shipping-taxable","23":"product-type-simple"},"uagb_featured_image_src":{"full":["https:\/\/sharewalker.com\/wp-content\/uploads\/2025\/03\/10001-6-e1742805926549.jpg",300,300,false],"thumbnail":["https:\/\/sharewalker.com\/wp-content\/uploads\/2025\/03\/10001-6-e1742805926549-150x150.jpg",150,150,true],"medium":["https:\/\/sharewalker.com\/wp-content\/uploads\/2025\/03\/10001-6-300x217.jpg",300,217,true],"medium_large":["https:\/\/sharewalker.com\/wp-content\/uploads\/2025\/03\/10001-6-e1742805926549.jpg",300,300,false],"large":["https:\/\/sharewalker.com\/wp-content\/uploads\/2025\/03\/10001-6-e1742805926549.jpg",300,300,false],"1536x1536":["https:\/\/sharewalker.com\/wp-content\/uploads\/2025\/03\/10001-6-e1742805926549.jpg",300,300,false],"2048x2048":["https:\/\/sharewalker.com\/wp-content\/uploads\/2025\/03\/10001-6-e1742805926549.jpg",300,300,false],"trp-custom-language-flag":["https:\/\/sharewalker.com\/wp-content\/uploads\/2025\/03\/10001-6-e1742805926549.jpg",12,12,false],"woocommerce_thumbnail":["https:\/\/sharewalker.com\/wp-content\/uploads\/2025\/03\/10001-6-300x300.jpg",300,300,true],"woocommerce_single":["https:\/\/sharewalker.com\/wp-content\/uploads\/2025\/03\/10001-6-e1742805926549.jpg",300,300,false],"woocommerce_gallery_thumbnail":["https:\/\/sharewalker.com\/wp-content\/uploads\/2025\/03\/10001-6-e1742805926549-100x100.jpg",100,100,true]},"uagb_author_info":{"display_name":"admin","author_link":"https:\/\/sharewalker.com\/fr\/author\/"},"uagb_comment_info":0,"uagb_excerpt":"This is a customizable Vue.js-based multi-language overseas order grabbing\/brushing system, featuring automatic order matching, injection functionality, group mode, and order management, aiming to enhance user experience and operational efficiency.\u200b","_links":{"self":[{"href":"https:\/\/sharewalker.com\/fr\/wp-json\/wp\/v2\/product\/2162","targetHints":{"allow":["GET"]}}],"collection":[{"href":"https:\/\/sharewalker.com\/fr\/wp-json\/wp\/v2\/product"}],"about":[{"href":"https:\/\/sharewalker.com\/fr\/wp-json\/wp\/v2\/types\/product"}],"replies":[{"embeddable":true,"href":"https:\/\/sharewalker.com\/fr\/wp-json\/wp\/v2\/comments?post=2162"}],"version-history":[{"count":0,"href":"https:\/\/sharewalker.com\/fr\/wp-json\/wp\/v2\/product\/2162\/revisions"}],"wp:featuredmedia":[{"embeddable":true,"href":"https:\/\/sharewalker.com\/fr\/wp-json\/wp\/v2\/media\/2163"}],"wp:attachment":[{"href":"https:\/\/sharewalker.com\/fr\/wp-json\/wp\/v2\/media?parent=2162"}],"wp:term":[{"taxonomy":"product_brand","embeddable":true,"href":"https:\/\/sharewalker.com\/fr\/wp-json\/wp\/v2\/product_brand?post=2162"},{"taxonomy":"product_cat","embeddable":true,"href":"https:\/\/sharewalker.com\/fr\/wp-json\/wp\/v2\/product_cat?post=2162"},{"taxonomy":"product_tag","embeddable":true,"href":"https:\/\/sharewalker.com\/fr\/wp-json\/wp\/v2\/product_tag?post=2162"}],"curies":[{"name":"wp","href":"https:\/\/api.w.org\/{rel}","templated":true}]}}