{"id":2208,"date":"2025-03-24T17:03:58","date_gmt":"2025-03-24T09:03:58","guid":{"rendered":"https:\/\/sharewalker.com\/?post_type=product&#038;p=2208"},"modified":"2025-03-24T17:03:59","modified_gmt":"2025-03-24T09:03:59","slug":"new-ui-software-game-order-grabbing-and-brushing-system-overseas-order-brushing-source-code-automatic-order-matching-continuous-and-card-order-features-stacking-group-management","status":"publish","type":"product","link":"https:\/\/sharewalker.com\/fr\/produit\/new-ui-software-game-order-grabbing-and-brushing-system-overseas-order-brushing-source-code-automatic-order-matching-continuous-and-card-order-features-stacking-group-management\/","title":{"rendered":"Nouveau logiciel UI Game Syst\u00e8me de saisie et de brossage des commandes | Code source pour le brossage des commandes \u00e0 l'\u00e9tranger | Correspondance automatique des commandes | Fonctions de commande en continu et par carte | Gestion des groupes d'empilage"},"content":{"rendered":"<p>Con\u00e7u pour la saisie et le brossage des commandes de jeux de logiciels, ce syst\u00e8me pr\u00e9sente les caract\u00e9ristiques suivantes.<\/p>\n<p>Fonctionnalit\u00e9s des commandes en continu et par carte : Les utilisateurs peuvent d\u00e9finir individuellement les taux de commission pour les commandes continues, ce qui permet de r\u00e9pondre avec souplesse \u00e0 divers besoins op\u00e9rationnels.<\/p>\n<p>Mise en correspondance automatique des commandes : la mise en correspondance intelligente des commandes r\u00e9duit les interventions manuelles et rationalise le flux de traitement des commandes.<\/p>\n<p>Gestion des groupes d'empilage : Prise en charge de la fonctionnalit\u00e9 des groupes d'empilage, facilitant la gestion des groupes d'utilisateurs et optimisant les strat\u00e9gies op\u00e9rationnelles.<\/p>\n<p>Le syst\u00e8me est complet et stable, et convient aux utilisateurs qui souhaitent d\u00e9velopper leurs activit\u00e9s commerciales \u00e0 l'\u00e9tranger.<\/p>\n<p><img fetchpriority=\"high\" decoding=\"async\" class=\"aligncenter size-full wp-image-2209\" src=\"https:\/\/sharewalker.com\/wp-content\/uploads\/2025\/03\/10001-8.jpg\" alt=\"\" width=\"411\" height=\"300\" \/> <img decoding=\"async\" class=\"aligncenter size-full wp-image-2210\" src=\"https:\/\/sharewalker.com\/wp-content\/uploads\/2025\/03\/10002-9.png\" alt=\"\" width=\"331\" height=\"721\" srcset=\"https:\/\/sharewalker.com\/wp-content\/uploads\/2025\/03\/10002-9.png 331w, https:\/\/sharewalker.com\/wp-content\/uploads\/2025\/03\/10002-9-300x653.png 300w, https:\/\/sharewalker.com\/wp-content\/uploads\/2025\/03\/10002-9-138x300.png 138w\" sizes=\"(max-width: 331px) 100vw, 331px\" \/> <img decoding=\"async\" class=\"aligncenter size-full wp-image-2211\" src=\"https:\/\/sharewalker.com\/wp-content\/uploads\/2025\/03\/10003-8.png\" alt=\"\" width=\"336\" height=\"723\" srcset=\"https:\/\/sharewalker.com\/wp-content\/uploads\/2025\/03\/10003-8.png 336w, https:\/\/sharewalker.com\/wp-content\/uploads\/2025\/03\/10003-8-300x646.png 300w, https:\/\/sharewalker.com\/wp-content\/uploads\/2025\/03\/10003-8-139x300.png 139w\" sizes=\"(max-width: 336px) 100vw, 336px\" \/> <img loading=\"lazy\" decoding=\"async\" class=\"aligncenter size-full wp-image-2212\" src=\"https:\/\/sharewalker.com\/wp-content\/uploads\/2025\/03\/10004-9.png\" alt=\"\" width=\"329\" height=\"714\" srcset=\"https:\/\/sharewalker.com\/wp-content\/uploads\/2025\/03\/10004-9.png 329w, https:\/\/sharewalker.com\/wp-content\/uploads\/2025\/03\/10004-9-300x651.png 300w, https:\/\/sharewalker.com\/wp-content\/uploads\/2025\/03\/10004-9-138x300.png 138w\" sizes=\"(max-width: 329px) 100vw, 329px\" \/> <img loading=\"lazy\" decoding=\"async\" class=\"aligncenter size-full wp-image-2213\" src=\"https:\/\/sharewalker.com\/wp-content\/uploads\/2025\/03\/10005-9.png\" alt=\"\" width=\"331\" height=\"718\" srcset=\"https:\/\/sharewalker.com\/wp-content\/uploads\/2025\/03\/10005-9.png 331w, https:\/\/sharewalker.com\/wp-content\/uploads\/2025\/03\/10005-9-300x651.png 300w, https:\/\/sharewalker.com\/wp-content\/uploads\/2025\/03\/10005-9-138x300.png 138w\" sizes=\"(max-width: 331px) 100vw, 331px\" \/> <img loading=\"lazy\" decoding=\"async\" class=\"aligncenter size-full wp-image-2214\" src=\"https:\/\/sharewalker.com\/wp-content\/uploads\/2025\/03\/10006-10.png\" alt=\"\" width=\"325\" height=\"717\" srcset=\"https:\/\/sharewalker.com\/wp-content\/uploads\/2025\/03\/10006-10.png 325w, https:\/\/sharewalker.com\/wp-content\/uploads\/2025\/03\/10006-10-300x662.png 300w, https:\/\/sharewalker.com\/wp-content\/uploads\/2025\/03\/10006-10-136x300.png 136w\" sizes=\"(max-width: 325px) 100vw, 325px\" \/> <img loading=\"lazy\" decoding=\"async\" class=\"aligncenter size-full wp-image-2215\" src=\"https:\/\/sharewalker.com\/wp-content\/uploads\/2025\/03\/10007-11.png\" alt=\"\" width=\"333\" height=\"715\" srcset=\"https:\/\/sharewalker.com\/wp-content\/uploads\/2025\/03\/10007-11.png 333w, https:\/\/sharewalker.com\/wp-content\/uploads\/2025\/03\/10007-11-300x644.png 300w, https:\/\/sharewalker.com\/wp-content\/uploads\/2025\/03\/10007-11-140x300.png 140w\" sizes=\"(max-width: 333px) 100vw, 333px\" \/> <img loading=\"lazy\" decoding=\"async\" class=\"aligncenter size-full wp-image-2216\" src=\"https:\/\/sharewalker.com\/wp-content\/uploads\/2025\/03\/10008-9.png\" alt=\"\" width=\"334\" height=\"720\" srcset=\"https:\/\/sharewalker.com\/wp-content\/uploads\/2025\/03\/10008-9.png 334w, https:\/\/sharewalker.com\/wp-content\/uploads\/2025\/03\/10008-9-300x647.png 300w, https:\/\/sharewalker.com\/wp-content\/uploads\/2025\/03\/10008-9-139x300.png 139w\" sizes=\"(max-width: 334px) 100vw, 334px\" \/> <img loading=\"lazy\" decoding=\"async\" class=\"aligncenter size-full wp-image-2217\" src=\"https:\/\/sharewalker.com\/wp-content\/uploads\/2025\/03\/10009-9.png\" alt=\"\" width=\"329\" height=\"714\" srcset=\"https:\/\/sharewalker.com\/wp-content\/uploads\/2025\/03\/10009-9.png 329w, https:\/\/sharewalker.com\/wp-content\/uploads\/2025\/03\/10009-9-300x651.png 300w, https:\/\/sharewalker.com\/wp-content\/uploads\/2025\/03\/10009-9-138x300.png 138w\" sizes=\"(max-width: 329px) 100vw, 329px\" \/> <img loading=\"lazy\" decoding=\"async\" class=\"aligncenter size-full wp-image-2218\" src=\"https:\/\/sharewalker.com\/wp-content\/uploads\/2025\/03\/10010-10.png\" alt=\"\" width=\"327\" height=\"715\" srcset=\"https:\/\/sharewalker.com\/wp-content\/uploads\/2025\/03\/10010-10.png 327w, https:\/\/sharewalker.com\/wp-content\/uploads\/2025\/03\/10010-10-300x656.png 300w, https:\/\/sharewalker.com\/wp-content\/uploads\/2025\/03\/10010-10-137x300.png 137w\" sizes=\"(max-width: 327px) 100vw, 327px\" \/> <img loading=\"lazy\" decoding=\"async\" class=\"aligncenter size-full wp-image-2219\" src=\"https:\/\/sharewalker.com\/wp-content\/uploads\/2025\/03\/10011-8.png\" alt=\"\" width=\"333\" height=\"715\" srcset=\"https:\/\/sharewalker.com\/wp-content\/uploads\/2025\/03\/10011-8.png 333w, https:\/\/sharewalker.com\/wp-content\/uploads\/2025\/03\/10011-8-300x644.png 300w, https:\/\/sharewalker.com\/wp-content\/uploads\/2025\/03\/10011-8-140x300.png 140w\" sizes=\"(max-width: 333px) 100vw, 333px\" \/> <img loading=\"lazy\" decoding=\"async\" class=\"aligncenter size-full wp-image-2220\" src=\"https:\/\/sharewalker.com\/wp-content\/uploads\/2025\/03\/10012-8.png\" alt=\"\" width=\"326\" height=\"717\" srcset=\"https:\/\/sharewalker.com\/wp-content\/uploads\/2025\/03\/10012-8.png 326w, https:\/\/sharewalker.com\/wp-content\/uploads\/2025\/03\/10012-8-300x660.png 300w, https:\/\/sharewalker.com\/wp-content\/uploads\/2025\/03\/10012-8-136x300.png 136w\" sizes=\"(max-width: 326px) 100vw, 326px\" \/> <img loading=\"lazy\" decoding=\"async\" class=\"aligncenter size-full wp-image-2221\" src=\"https:\/\/sharewalker.com\/wp-content\/uploads\/2025\/03\/10013-7.png\" alt=\"\" width=\"1558\" height=\"779\" srcset=\"https:\/\/sharewalker.com\/wp-content\/uploads\/2025\/03\/10013-7.png 1558w, https:\/\/sharewalker.com\/wp-content\/uploads\/2025\/03\/10013-7-300x150.png 300w, https:\/\/sharewalker.com\/wp-content\/uploads\/2025\/03\/10013-7-1024x512.png 1024w, https:\/\/sharewalker.com\/wp-content\/uploads\/2025\/03\/10013-7-768x384.png 768w, https:\/\/sharewalker.com\/wp-content\/uploads\/2025\/03\/10013-7-1536x768.png 1536w\" sizes=\"(max-width: 1558px) 100vw, 1558px\" \/> <img loading=\"lazy\" decoding=\"async\" class=\"aligncenter size-full wp-image-2222\" src=\"https:\/\/sharewalker.com\/wp-content\/uploads\/2025\/03\/10014-6.png\" alt=\"\" width=\"1555\" height=\"780\" srcset=\"https:\/\/sharewalker.com\/wp-content\/uploads\/2025\/03\/10014-6.png 1555w, https:\/\/sharewalker.com\/wp-content\/uploads\/2025\/03\/10014-6-300x150.png 300w, https:\/\/sharewalker.com\/wp-content\/uploads\/2025\/03\/10014-6-1024x514.png 1024w, https:\/\/sharewalker.com\/wp-content\/uploads\/2025\/03\/10014-6-768x385.png 768w, https:\/\/sharewalker.com\/wp-content\/uploads\/2025\/03\/10014-6-1536x770.png 1536w\" sizes=\"(max-width: 1555px) 100vw, 1555px\" \/> <img loading=\"lazy\" decoding=\"async\" class=\"aligncenter size-full wp-image-2223\" src=\"https:\/\/sharewalker.com\/wp-content\/uploads\/2025\/03\/10015-5.png\" alt=\"\" width=\"1562\" height=\"778\" srcset=\"https:\/\/sharewalker.com\/wp-content\/uploads\/2025\/03\/10015-5.png 1562w, https:\/\/sharewalker.com\/wp-content\/uploads\/2025\/03\/10015-5-300x149.png 300w, https:\/\/sharewalker.com\/wp-content\/uploads\/2025\/03\/10015-5-1024x510.png 1024w, https:\/\/sharewalker.com\/wp-content\/uploads\/2025\/03\/10015-5-768x383.png 768w, https:\/\/sharewalker.com\/wp-content\/uploads\/2025\/03\/10015-5-1536x765.png 1536w\" sizes=\"(max-width: 1562px) 100vw, 1562px\" \/> <img loading=\"lazy\" decoding=\"async\" class=\"aligncenter size-full wp-image-2224\" src=\"https:\/\/sharewalker.com\/wp-content\/uploads\/2025\/03\/10016-5.png\" alt=\"\" width=\"1564\" height=\"777\" srcset=\"https:\/\/sharewalker.com\/wp-content\/uploads\/2025\/03\/10016-5.png 1564w, https:\/\/sharewalker.com\/wp-content\/uploads\/2025\/03\/10016-5-300x149.png 300w, https:\/\/sharewalker.com\/wp-content\/uploads\/2025\/03\/10016-5-1024x509.png 1024w, https:\/\/sharewalker.com\/wp-content\/uploads\/2025\/03\/10016-5-768x382.png 768w, https:\/\/sharewalker.com\/wp-content\/uploads\/2025\/03\/10016-5-1536x763.png 1536w\" sizes=\"(max-width: 1564px) 100vw, 1564px\" \/> <img loading=\"lazy\" decoding=\"async\" class=\"aligncenter size-full wp-image-2225\" src=\"https:\/\/sharewalker.com\/wp-content\/uploads\/2025\/03\/10017-5.png\" alt=\"\" width=\"1554\" height=\"829\" srcset=\"https:\/\/sharewalker.com\/wp-content\/uploads\/2025\/03\/10017-5.png 1554w, https:\/\/sharewalker.com\/wp-content\/uploads\/2025\/03\/10017-5-300x160.png 300w, https:\/\/sharewalker.com\/wp-content\/uploads\/2025\/03\/10017-5-1024x546.png 1024w, https:\/\/sharewalker.com\/wp-content\/uploads\/2025\/03\/10017-5-768x410.png 768w, https:\/\/sharewalker.com\/wp-content\/uploads\/2025\/03\/10017-5-1536x819.png 1536w\" sizes=\"(max-width: 1554px) 100vw, 1554px\" \/> <img loading=\"lazy\" decoding=\"async\" class=\"aligncenter size-full wp-image-2226\" src=\"https:\/\/sharewalker.com\/wp-content\/uploads\/2025\/03\/10018-5.png\" alt=\"\" width=\"1549\" height=\"838\" srcset=\"https:\/\/sharewalker.com\/wp-content\/uploads\/2025\/03\/10018-5.png 1549w, https:\/\/sharewalker.com\/wp-content\/uploads\/2025\/03\/10018-5-300x162.png 300w, https:\/\/sharewalker.com\/wp-content\/uploads\/2025\/03\/10018-5-1024x554.png 1024w, https:\/\/sharewalker.com\/wp-content\/uploads\/2025\/03\/10018-5-768x415.png 768w, https:\/\/sharewalker.com\/wp-content\/uploads\/2025\/03\/10018-5-1536x831.png 1536w\" sizes=\"(max-width: 1549px) 100vw, 1549px\" \/><\/p>","protected":false},"excerpt":{"rendered":"<p>Il s'agit d'un nouveau syst\u00e8me logiciel de saisie et de brossage des commandes de jeux, dot\u00e9 de fonctions de mise en correspondance automatique des commandes, de commandes continues et par carte, et de gestion des groupes d'empilage, qui vise \u00e0 am\u00e9liorer l'efficacit\u00e9 op\u00e9rationnelle sur les march\u00e9s d'outre-mer.<\/p>","protected":false},"featured_media":2209,"comment_status":"open","ping_status":"closed","template":"","meta":{"_uag_custom_page_level_css":"","site-sidebar-layout":"default","site-content-layout":"","ast-site-content-layout":"default","site-content-style":"default","site-sidebar-style":"default","ast-global-header-display":"","ast-banner-title-visibility":"","ast-main-header-display":"","ast-hfb-above-header-display":"","ast-hfb-below-header-display":"","ast-hfb-mobile-header-display":"","site-post-title":"","ast-breadcrumbs-content":"","ast-featured-img":"","footer-sml-layout":"","theme-transparent-header-meta":"default","adv-header-id-meta":"","stick-header-meta":"","header-above-stick-meta":"","header-main-stick-meta":"","header-below-stick-meta":"","astra-migrate-meta-layouts":"set","ast-page-background-enabled":"default","ast-page-background-meta":{"desktop":{"background-color":"var(--ast-global-color-4)","background-image":"","background-repeat":"repeat","background-position":"center center","background-size":"auto","background-attachment":"scroll","background-type":"","background-media":"","overlay-type":"","overlay-color":"","overlay-opacity":"","overlay-gradient":""},"tablet":{"background-color":"","background-image":"","background-repeat":"repeat","background-position":"center center","background-size":"auto","background-attachment":"scroll","background-type":"","background-media":"","overlay-type":"","overlay-color":"","overlay-opacity":"","overlay-gradient":""},"mobile":{"background-color":"","background-image":"","background-repeat":"repeat","background-position":"center center","background-size":"auto","background-attachment":"scroll","background-type":"","background-media":"","overlay-type":"","overlay-color":"","overlay-opacity":"","overlay-gradient":""}},"ast-content-background-meta":{"desktop":{"background-color":"var(--ast-global-color-5)","background-image":"","background-repeat":"repeat","background-position":"center center","background-size":"auto","background-attachment":"scroll","background-type":"","background-media":"","overlay-type":"","overlay-color":"","overlay-opacity":"","overlay-gradient":""},"tablet":{"background-color":"var(--ast-global-color-5)","background-image":"","background-repeat":"repeat","background-position":"center center","background-size":"auto","background-attachment":"scroll","background-type":"","background-media":"","overlay-type":"","overlay-color":"","overlay-opacity":"","overlay-gradient":""},"mobile":{"background-color":"var(--ast-global-color-5)","background-image":"","background-repeat":"repeat","background-position":"center center","background-size":"auto","background-attachment":"scroll","background-type":"","background-media":"","overlay-type":"","overlay-color":"","overlay-opacity":"","overlay-gradient":""}}},"product_brand":[],"product_cat":[59],"product_tag":[90,142,141,140,143],"class_list":{"0":"post-2208","1":"product","2":"type-product","3":"status-publish","4":"has-post-thumbnail","6":"product_cat-order-sniping-order-manipulation","7":"product_tag-automatic-order-matching","8":"product_tag-continuous-and-card-order-features","9":"product_tag-overseas-order-brushing-source-code","10":"product_tag-software-game-order-grabbing-system","11":"product_tag-stacking-group-management","12":"desktop-align-left","13":"tablet-align-left","14":"mobile-align-left","16":"first","17":"instock","18":"shipping-taxable","19":"product-type-simple"},"uagb_featured_image_src":{"full":["https:\/\/sharewalker.com\/wp-content\/uploads\/2025\/03\/10001-8-e1742807023919.jpg",300,300,false],"thumbnail":["https:\/\/sharewalker.com\/wp-content\/uploads\/2025\/03\/10001-8-e1742807023919-150x150.jpg",150,150,true],"medium":["https:\/\/sharewalker.com\/wp-content\/uploads\/2025\/03\/10001-8-300x219.jpg",300,219,true],"medium_large":["https:\/\/sharewalker.com\/wp-content\/uploads\/2025\/03\/10001-8-e1742807023919.jpg",300,300,false],"large":["https:\/\/sharewalker.com\/wp-content\/uploads\/2025\/03\/10001-8-e1742807023919.jpg",300,300,false],"1536x1536":["https:\/\/sharewalker.com\/wp-content\/uploads\/2025\/03\/10001-8-e1742807023919.jpg",300,300,false],"2048x2048":["https:\/\/sharewalker.com\/wp-content\/uploads\/2025\/03\/10001-8-e1742807023919.jpg",300,300,false],"trp-custom-language-flag":["https:\/\/sharewalker.com\/wp-content\/uploads\/2025\/03\/10001-8-e1742807023919.jpg",12,12,false],"woocommerce_thumbnail":["https:\/\/sharewalker.com\/wp-content\/uploads\/2025\/03\/10001-8-300x300.jpg",300,300,true],"woocommerce_single":["https:\/\/sharewalker.com\/wp-content\/uploads\/2025\/03\/10001-8-e1742807023919.jpg",300,300,false],"woocommerce_gallery_thumbnail":["https:\/\/sharewalker.com\/wp-content\/uploads\/2025\/03\/10001-8-e1742807023919-100x100.jpg",100,100,true]},"uagb_author_info":{"display_name":"admin","author_link":"https:\/\/sharewalker.com\/fr\/author\/"},"uagb_comment_info":0,"uagb_excerpt":"This is a newly designed software game order grabbing and brushing system featuring automatic order matching, continuous and card order functionalities, and stacking group management, aiming to enhance operational efficiency in overseas markets.\u200b","_links":{"self":[{"href":"https:\/\/sharewalker.com\/fr\/wp-json\/wp\/v2\/product\/2208","targetHints":{"allow":["GET"]}}],"collection":[{"href":"https:\/\/sharewalker.com\/fr\/wp-json\/wp\/v2\/product"}],"about":[{"href":"https:\/\/sharewalker.com\/fr\/wp-json\/wp\/v2\/types\/product"}],"replies":[{"embeddable":true,"href":"https:\/\/sharewalker.com\/fr\/wp-json\/wp\/v2\/comments?post=2208"}],"version-history":[{"count":0,"href":"https:\/\/sharewalker.com\/fr\/wp-json\/wp\/v2\/product\/2208\/revisions"}],"wp:featuredmedia":[{"embeddable":true,"href":"https:\/\/sharewalker.com\/fr\/wp-json\/wp\/v2\/media\/2209"}],"wp:attachment":[{"href":"https:\/\/sharewalker.com\/fr\/wp-json\/wp\/v2\/media?parent=2208"}],"wp:term":[{"taxonomy":"product_brand","embeddable":true,"href":"https:\/\/sharewalker.com\/fr\/wp-json\/wp\/v2\/product_brand?post=2208"},{"taxonomy":"product_cat","embeddable":true,"href":"https:\/\/sharewalker.com\/fr\/wp-json\/wp\/v2\/product_cat?post=2208"},{"taxonomy":"product_tag","embeddable":true,"href":"https:\/\/sharewalker.com\/fr\/wp-json\/wp\/v2\/product_tag?post=2208"}],"curies":[{"name":"wp","href":"https:\/\/api.w.org\/{rel}","templated":true}]}}