{"id":2320,"date":"2025-03-24T19:15:27","date_gmt":"2025-03-24T11:15:27","guid":{"rendered":"https:\/\/sharewalker.com\/?post_type=product&#038;p=2320"},"modified":"2025-03-24T19:15:27","modified_gmt":"2025-03-24T11:15:27","slug":"multi-language-overseas-order-grabbing-and-brushing-system-new-secondary-development-ui-supports-yue-bao-and-stackable-group-features","status":"publish","type":"product","link":"https:\/\/sharewalker.com\/fr\/produit\/commande-multilingue-a-letranger-systeme-de-saisie-et-de-brossage-nouveau-developpement-secondaire-ui-prend-en-charge-yue-bao-et-les-caracteristiques-du-groupe-empilable\/","title":{"rendered":"Syst\u00e8me de prise de commande et de brossage multilingue pour les pays d'outre-mer | Nouvelle interface utilisateur pour le d\u00e9veloppement secondaire | Prise en charge des Yu'e Bao et des fonctions de groupes empilables"},"content":{"rendered":"<p>Con\u00e7u pour le march\u00e9 \u00e9tranger, ce syst\u00e8me pr\u00e9sente les caract\u00e9ristiques suivantes.<\/p>\n<p>Prise en charge multilingue : Les options multilingues int\u00e9gr\u00e9es s'adressent aux utilisateurs de diff\u00e9rentes r\u00e9gions, ce qui permet d'\u00e9largir la port\u00e9e du march\u00e9.<\/p>\n<p>Nouvelle interface utilisateur pour le d\u00e9veloppement secondaire : Une nouvelle interface utilisateur a \u00e9t\u00e9 con\u00e7ue pour am\u00e9liorer l'attrait visuel et l'exp\u00e9rience op\u00e9rationnelle, avec une mise en page conviviale et facile \u00e0 naviguer.<\/p>\n<p>Fonctionnalit\u00e9 Yu'e Bao : Int\u00e9gration d'une fonction de gestion de fonds semblable \u00e0 celle de Yu'e Bao, permettant aux utilisateurs d'investir des fonds inutilis\u00e9s pour les valoriser, ce qui accro\u00eet l'engagement des utilisateurs et l'attrait de la plateforme.<\/p>\n<p>Fonction de groupe empilable : La prise en charge des groupes empilables permet des combinaisons de t\u00e2ches flexibles afin d'am\u00e9liorer l'efficacit\u00e9 et la diversit\u00e9 du brossage et de r\u00e9pondre aux diff\u00e9rents besoins de l'utilisateur.<\/p>\n<p>Param\u00e8tres du fuseau horaire : Permet aux utilisateurs de d\u00e9finir des fuseaux horaires en fonction de leur localisation, ce qui garantit l'exactitude de l'heure de la commande et am\u00e9liore l'exp\u00e9rience de l'utilisateur.<\/p>\n<p>Ce syst\u00e8me complet est id\u00e9al pour les entreprises ou les particuliers qui souhaitent se d\u00e9velopper sur les march\u00e9s \u00e9trangers, en contribuant \u00e0 am\u00e9liorer l'efficacit\u00e9 op\u00e9rationnelle et la satisfaction des utilisateurs.<\/p>\n<p><img fetchpriority=\"high\" decoding=\"async\" class=\"aligncenter size-full wp-image-2321\" src=\"https:\/\/sharewalker.com\/wp-content\/uploads\/2025\/03\/10001-13.jpg\" alt=\"\" width=\"493\" height=\"300\" \/> <img decoding=\"async\" class=\"aligncenter size-full wp-image-2322\" src=\"https:\/\/sharewalker.com\/wp-content\/uploads\/2025\/03\/10002-13.png\" alt=\"\" width=\"440\" height=\"803\" srcset=\"https:\/\/sharewalker.com\/wp-content\/uploads\/2025\/03\/10002-13.png 440w, https:\/\/sharewalker.com\/wp-content\/uploads\/2025\/03\/10002-13-300x548.png 300w, https:\/\/sharewalker.com\/wp-content\/uploads\/2025\/03\/10002-13-164x300.png 164w\" sizes=\"(max-width: 440px) 100vw, 440px\" \/> <img decoding=\"async\" class=\"aligncenter size-full wp-image-2323\" src=\"https:\/\/sharewalker.com\/wp-content\/uploads\/2025\/03\/10003-12.png\" alt=\"\" width=\"439\" height=\"800\" srcset=\"https:\/\/sharewalker.com\/wp-content\/uploads\/2025\/03\/10003-12.png 439w, https:\/\/sharewalker.com\/wp-content\/uploads\/2025\/03\/10003-12-300x547.png 300w, https:\/\/sharewalker.com\/wp-content\/uploads\/2025\/03\/10003-12-165x300.png 165w\" sizes=\"(max-width: 439px) 100vw, 439px\" \/> <img loading=\"lazy\" decoding=\"async\" class=\"aligncenter size-full wp-image-2324\" src=\"https:\/\/sharewalker.com\/wp-content\/uploads\/2025\/03\/10004-13.png\" alt=\"\" width=\"439\" height=\"801\" srcset=\"https:\/\/sharewalker.com\/wp-content\/uploads\/2025\/03\/10004-13.png 439w, https:\/\/sharewalker.com\/wp-content\/uploads\/2025\/03\/10004-13-300x547.png 300w, https:\/\/sharewalker.com\/wp-content\/uploads\/2025\/03\/10004-13-164x300.png 164w\" sizes=\"(max-width: 439px) 100vw, 439px\" \/> <img loading=\"lazy\" decoding=\"async\" class=\"aligncenter size-full wp-image-2325\" src=\"https:\/\/sharewalker.com\/wp-content\/uploads\/2025\/03\/10005-13.png\" alt=\"\" width=\"441\" height=\"801\" srcset=\"https:\/\/sharewalker.com\/wp-content\/uploads\/2025\/03\/10005-13.png 441w, https:\/\/sharewalker.com\/wp-content\/uploads\/2025\/03\/10005-13-300x545.png 300w, https:\/\/sharewalker.com\/wp-content\/uploads\/2025\/03\/10005-13-165x300.png 165w\" sizes=\"(max-width: 441px) 100vw, 441px\" \/> <img loading=\"lazy\" decoding=\"async\" class=\"aligncenter size-full wp-image-2326\" src=\"https:\/\/sharewalker.com\/wp-content\/uploads\/2025\/03\/10006-14.png\" alt=\"\" width=\"439\" height=\"797\" srcset=\"https:\/\/sharewalker.com\/wp-content\/uploads\/2025\/03\/10006-14.png 439w, https:\/\/sharewalker.com\/wp-content\/uploads\/2025\/03\/10006-14-300x545.png 300w, https:\/\/sharewalker.com\/wp-content\/uploads\/2025\/03\/10006-14-165x300.png 165w\" sizes=\"(max-width: 439px) 100vw, 439px\" \/> <img loading=\"lazy\" decoding=\"async\" class=\"aligncenter size-full wp-image-2327\" src=\"https:\/\/sharewalker.com\/wp-content\/uploads\/2025\/03\/10007-15.png\" alt=\"\" width=\"430\" height=\"795\" srcset=\"https:\/\/sharewalker.com\/wp-content\/uploads\/2025\/03\/10007-15.png 430w, https:\/\/sharewalker.com\/wp-content\/uploads\/2025\/03\/10007-15-300x555.png 300w, https:\/\/sharewalker.com\/wp-content\/uploads\/2025\/03\/10007-15-162x300.png 162w\" sizes=\"(max-width: 430px) 100vw, 430px\" \/> <img loading=\"lazy\" decoding=\"async\" class=\"aligncenter size-full wp-image-2328\" src=\"https:\/\/sharewalker.com\/wp-content\/uploads\/2025\/03\/10008-13.png\" alt=\"\" width=\"437\" height=\"792\" srcset=\"https:\/\/sharewalker.com\/wp-content\/uploads\/2025\/03\/10008-13.png 437w, https:\/\/sharewalker.com\/wp-content\/uploads\/2025\/03\/10008-13-300x544.png 300w, https:\/\/sharewalker.com\/wp-content\/uploads\/2025\/03\/10008-13-166x300.png 166w\" sizes=\"(max-width: 437px) 100vw, 437px\" \/> <img loading=\"lazy\" decoding=\"async\" class=\"aligncenter size-full wp-image-2329\" src=\"https:\/\/sharewalker.com\/wp-content\/uploads\/2025\/03\/10009-13.png\" alt=\"\" width=\"439\" height=\"800\" srcset=\"https:\/\/sharewalker.com\/wp-content\/uploads\/2025\/03\/10009-13.png 439w, https:\/\/sharewalker.com\/wp-content\/uploads\/2025\/03\/10009-13-300x547.png 300w, https:\/\/sharewalker.com\/wp-content\/uploads\/2025\/03\/10009-13-165x300.png 165w\" sizes=\"(max-width: 439px) 100vw, 439px\" \/> <img loading=\"lazy\" decoding=\"async\" class=\"aligncenter size-full wp-image-2330\" src=\"https:\/\/sharewalker.com\/wp-content\/uploads\/2025\/03\/10010-13.png\" alt=\"\" width=\"437\" height=\"804\" srcset=\"https:\/\/sharewalker.com\/wp-content\/uploads\/2025\/03\/10010-13.png 437w, https:\/\/sharewalker.com\/wp-content\/uploads\/2025\/03\/10010-13-300x552.png 300w, https:\/\/sharewalker.com\/wp-content\/uploads\/2025\/03\/10010-13-163x300.png 163w\" sizes=\"(max-width: 437px) 100vw, 437px\" \/> <img loading=\"lazy\" decoding=\"async\" class=\"aligncenter size-full wp-image-2331\" src=\"https:\/\/sharewalker.com\/wp-content\/uploads\/2025\/03\/10011-11.png\" alt=\"\" width=\"438\" height=\"800\" srcset=\"https:\/\/sharewalker.com\/wp-content\/uploads\/2025\/03\/10011-11.png 438w, https:\/\/sharewalker.com\/wp-content\/uploads\/2025\/03\/10011-11-300x548.png 300w, https:\/\/sharewalker.com\/wp-content\/uploads\/2025\/03\/10011-11-164x300.png 164w\" sizes=\"(max-width: 438px) 100vw, 438px\" \/> <img loading=\"lazy\" decoding=\"async\" class=\"aligncenter size-full wp-image-2332\" src=\"https:\/\/sharewalker.com\/wp-content\/uploads\/2025\/03\/10012-11.png\" alt=\"\" width=\"441\" height=\"803\" srcset=\"https:\/\/sharewalker.com\/wp-content\/uploads\/2025\/03\/10012-11.png 441w, https:\/\/sharewalker.com\/wp-content\/uploads\/2025\/03\/10012-11-300x546.png 300w, https:\/\/sharewalker.com\/wp-content\/uploads\/2025\/03\/10012-11-165x300.png 165w\" sizes=\"(max-width: 441px) 100vw, 441px\" \/> <img loading=\"lazy\" decoding=\"async\" class=\"aligncenter size-full wp-image-2333\" src=\"https:\/\/sharewalker.com\/wp-content\/uploads\/2025\/03\/10013-10.png\" alt=\"\" width=\"1919\" height=\"933\" srcset=\"https:\/\/sharewalker.com\/wp-content\/uploads\/2025\/03\/10013-10.png 1919w, https:\/\/sharewalker.com\/wp-content\/uploads\/2025\/03\/10013-10-300x146.png 300w, https:\/\/sharewalker.com\/wp-content\/uploads\/2025\/03\/10013-10-1024x498.png 1024w, https:\/\/sharewalker.com\/wp-content\/uploads\/2025\/03\/10013-10-768x373.png 768w, https:\/\/sharewalker.com\/wp-content\/uploads\/2025\/03\/10013-10-1536x747.png 1536w\" sizes=\"(max-width: 1919px) 100vw, 1919px\" \/> <img loading=\"lazy\" decoding=\"async\" class=\"aligncenter size-full wp-image-2334\" src=\"https:\/\/sharewalker.com\/wp-content\/uploads\/2025\/03\/10014-8.png\" alt=\"\" width=\"1916\" height=\"933\" srcset=\"https:\/\/sharewalker.com\/wp-content\/uploads\/2025\/03\/10014-8.png 1916w, https:\/\/sharewalker.com\/wp-content\/uploads\/2025\/03\/10014-8-300x146.png 300w, https:\/\/sharewalker.com\/wp-content\/uploads\/2025\/03\/10014-8-1024x499.png 1024w, https:\/\/sharewalker.com\/wp-content\/uploads\/2025\/03\/10014-8-768x374.png 768w, https:\/\/sharewalker.com\/wp-content\/uploads\/2025\/03\/10014-8-1536x748.png 1536w\" sizes=\"(max-width: 1916px) 100vw, 1916px\" \/> <img loading=\"lazy\" decoding=\"async\" class=\"aligncenter size-full wp-image-2335\" src=\"https:\/\/sharewalker.com\/wp-content\/uploads\/2025\/03\/10015-7.png\" alt=\"\" width=\"1920\" height=\"925\" srcset=\"https:\/\/sharewalker.com\/wp-content\/uploads\/2025\/03\/10015-7.png 1920w, https:\/\/sharewalker.com\/wp-content\/uploads\/2025\/03\/10015-7-300x145.png 300w, https:\/\/sharewalker.com\/wp-content\/uploads\/2025\/03\/10015-7-1024x493.png 1024w, https:\/\/sharewalker.com\/wp-content\/uploads\/2025\/03\/10015-7-768x370.png 768w, https:\/\/sharewalker.com\/wp-content\/uploads\/2025\/03\/10015-7-1536x740.png 1536w\" sizes=\"(max-width: 1920px) 100vw, 1920px\" \/> <img loading=\"lazy\" decoding=\"async\" class=\"aligncenter size-full wp-image-2336\" src=\"https:\/\/sharewalker.com\/wp-content\/uploads\/2025\/03\/10016-7.png\" alt=\"\" width=\"1920\" height=\"934\" srcset=\"https:\/\/sharewalker.com\/wp-content\/uploads\/2025\/03\/10016-7.png 1920w, https:\/\/sharewalker.com\/wp-content\/uploads\/2025\/03\/10016-7-300x146.png 300w, https:\/\/sharewalker.com\/wp-content\/uploads\/2025\/03\/10016-7-1024x498.png 1024w, https:\/\/sharewalker.com\/wp-content\/uploads\/2025\/03\/10016-7-768x374.png 768w, https:\/\/sharewalker.com\/wp-content\/uploads\/2025\/03\/10016-7-1536x747.png 1536w\" sizes=\"(max-width: 1920px) 100vw, 1920px\" \/> <img loading=\"lazy\" decoding=\"async\" class=\"aligncenter size-full wp-image-2337\" src=\"https:\/\/sharewalker.com\/wp-content\/uploads\/2025\/03\/10017-6.png\" alt=\"\" width=\"1912\" height=\"922\" srcset=\"https:\/\/sharewalker.com\/wp-content\/uploads\/2025\/03\/10017-6.png 1912w, https:\/\/sharewalker.com\/wp-content\/uploads\/2025\/03\/10017-6-300x145.png 300w, https:\/\/sharewalker.com\/wp-content\/uploads\/2025\/03\/10017-6-1024x494.png 1024w, https:\/\/sharewalker.com\/wp-content\/uploads\/2025\/03\/10017-6-768x370.png 768w, https:\/\/sharewalker.com\/wp-content\/uploads\/2025\/03\/10017-6-1536x741.png 1536w\" sizes=\"(max-width: 1912px) 100vw, 1912px\" \/> <img loading=\"lazy\" decoding=\"async\" class=\"aligncenter size-full wp-image-2338\" src=\"https:\/\/sharewalker.com\/wp-content\/uploads\/2025\/03\/10018-6.png\" alt=\"\" width=\"1919\" height=\"932\" srcset=\"https:\/\/sharewalker.com\/wp-content\/uploads\/2025\/03\/10018-6.png 1919w, https:\/\/sharewalker.com\/wp-content\/uploads\/2025\/03\/10018-6-300x146.png 300w, https:\/\/sharewalker.com\/wp-content\/uploads\/2025\/03\/10018-6-1024x497.png 1024w, https:\/\/sharewalker.com\/wp-content\/uploads\/2025\/03\/10018-6-768x373.png 768w, https:\/\/sharewalker.com\/wp-content\/uploads\/2025\/03\/10018-6-1536x746.png 1536w\" sizes=\"(max-width: 1919px) 100vw, 1919px\" \/><\/p>","protected":false},"excerpt":{"rendered":"<p>Il s'agit d'un syst\u00e8me de saisie des commandes et de brossage multilingue d\u00e9velopp\u00e9 pour le march\u00e9 \u00e9tranger, dot\u00e9 d'une interface utilisateur nouvellement con\u00e7ue, prenant en charge des fonctionnalit\u00e9s telles que le Yu'e Bao et les groupes empilables afin d'am\u00e9liorer l'exp\u00e9rience de l'utilisateur et l'efficacit\u00e9 op\u00e9rationnelle.<\/p>","protected":false},"featured_media":2321,"comment_status":"open","ping_status":"closed","template":"","meta":{"_uag_custom_page_level_css":"","site-sidebar-layout":"default","site-content-layout":"","ast-site-content-layout":"default","site-content-style":"default","site-sidebar-style":"default","ast-global-header-display":"","ast-banner-title-visibility":"","ast-main-header-display":"","ast-hfb-above-header-display":"","ast-hfb-below-header-display":"","ast-hfb-mobile-header-display":"","site-post-title":"","ast-breadcrumbs-content":"","ast-featured-img":"","footer-sml-layout":"","theme-transparent-header-meta":"default","adv-header-id-meta":"","stick-header-meta":"","header-above-stick-meta":"","header-main-stick-meta":"","header-below-stick-meta":"","astra-migrate-meta-layouts":"set","ast-page-background-enabled":"default","ast-page-background-meta":{"desktop":{"background-color":"var(--ast-global-color-4)","background-image":"","background-repeat":"repeat","background-position":"center center","background-size":"auto","background-attachment":"scroll","background-type":"","background-media":"","overlay-type":"","overlay-color":"","overlay-opacity":"","overlay-gradient":""},"tablet":{"background-color":"","background-image":"","background-repeat":"repeat","background-position":"center center","background-size":"auto","background-attachment":"scroll","background-type":"","background-media":"","overlay-type":"","overlay-color":"","overlay-opacity":"","overlay-gradient":""},"mobile":{"background-color":"","background-image":"","background-repeat":"repeat","background-position":"center center","background-size":"auto","background-attachment":"scroll","background-type":"","background-media":"","overlay-type":"","overlay-color":"","overlay-opacity":"","overlay-gradient":""}},"ast-content-background-meta":{"desktop":{"background-color":"var(--ast-global-color-5)","background-image":"","background-repeat":"repeat","background-position":"center center","background-size":"auto","background-attachment":"scroll","background-type":"","background-media":"","overlay-type":"","overlay-color":"","overlay-opacity":"","overlay-gradient":""},"tablet":{"background-color":"var(--ast-global-color-5)","background-image":"","background-repeat":"repeat","background-position":"center center","background-size":"auto","background-attachment":"scroll","background-type":"","background-media":"","overlay-type":"","overlay-color":"","overlay-opacity":"","overlay-gradient":""},"mobile":{"background-color":"var(--ast-global-color-5)","background-image":"","background-repeat":"repeat","background-position":"center center","background-size":"auto","background-attachment":"scroll","background-type":"","background-media":"","overlay-type":"","overlay-color":"","overlay-opacity":"","overlay-gradient":""}}},"product_brand":[],"product_cat":[59],"product_tag":[160,81,100,159,161,162],"class_list":{"0":"post-2320","1":"product","2":"type-product","3":"status-publish","4":"has-post-thumbnail","6":"product_cat-order-sniping-order-manipulation","7":"product_tag-yue-bao-integration","8":"product_tag-multi-language-support","9":"product_tag-new-ui-design","10":"product_tag-overseas-order-grabbing-and-brushing-system","11":"product_tag-stackable-group-feature","12":"product_tag-time-zone-settings","13":"desktop-align-left","14":"tablet-align-left","15":"mobile-align-left","17":"first","18":"instock","19":"shipping-taxable","20":"product-type-simple"},"uagb_featured_image_src":{"full":["https:\/\/sharewalker.com\/wp-content\/uploads\/2025\/03\/10001-13-e1742814919349.jpg",300,300,false],"thumbnail":["https:\/\/sharewalker.com\/wp-content\/uploads\/2025\/03\/10001-13-e1742814919349-150x150.jpg",150,150,true],"medium":["https:\/\/sharewalker.com\/wp-content\/uploads\/2025\/03\/10001-13-300x183.jpg",300,183,true],"medium_large":["https:\/\/sharewalker.com\/wp-content\/uploads\/2025\/03\/10001-13-e1742814919349.jpg",300,300,false],"large":["https:\/\/sharewalker.com\/wp-content\/uploads\/2025\/03\/10001-13-e1742814919349.jpg",300,300,false],"1536x1536":["https:\/\/sharewalker.com\/wp-content\/uploads\/2025\/03\/10001-13-e1742814919349.jpg",300,300,false],"2048x2048":["https:\/\/sharewalker.com\/wp-content\/uploads\/2025\/03\/10001-13-e1742814919349.jpg",300,300,false],"trp-custom-language-flag":["https:\/\/sharewalker.com\/wp-content\/uploads\/2025\/03\/10001-13-e1742814919349.jpg",12,12,false],"woocommerce_thumbnail":["https:\/\/sharewalker.com\/wp-content\/uploads\/2025\/03\/10001-13-300x300.jpg",300,300,true],"woocommerce_single":["https:\/\/sharewalker.com\/wp-content\/uploads\/2025\/03\/10001-13-e1742814919349.jpg",300,300,false],"woocommerce_gallery_thumbnail":["https:\/\/sharewalker.com\/wp-content\/uploads\/2025\/03\/10001-13-e1742814919349-100x100.jpg",100,100,true]},"uagb_author_info":{"display_name":"admin","author_link":"https:\/\/sharewalker.com\/fr\/author\/"},"uagb_comment_info":0,"uagb_excerpt":"This is a multi-language order grabbing and brushing system developed for the overseas market, featuring a newly designed user interface, supporting functionalities like Yu'e Bao and stackable groups to enhance user experience and operational efficiency.\u200b","_links":{"self":[{"href":"https:\/\/sharewalker.com\/fr\/wp-json\/wp\/v2\/product\/2320","targetHints":{"allow":["GET"]}}],"collection":[{"href":"https:\/\/sharewalker.com\/fr\/wp-json\/wp\/v2\/product"}],"about":[{"href":"https:\/\/sharewalker.com\/fr\/wp-json\/wp\/v2\/types\/product"}],"replies":[{"embeddable":true,"href":"https:\/\/sharewalker.com\/fr\/wp-json\/wp\/v2\/comments?post=2320"}],"version-history":[{"count":0,"href":"https:\/\/sharewalker.com\/fr\/wp-json\/wp\/v2\/product\/2320\/revisions"}],"wp:featuredmedia":[{"embeddable":true,"href":"https:\/\/sharewalker.com\/fr\/wp-json\/wp\/v2\/media\/2321"}],"wp:attachment":[{"href":"https:\/\/sharewalker.com\/fr\/wp-json\/wp\/v2\/media?parent=2320"}],"wp:term":[{"taxonomy":"product_brand","embeddable":true,"href":"https:\/\/sharewalker.com\/fr\/wp-json\/wp\/v2\/product_brand?post=2320"},{"taxonomy":"product_cat","embeddable":true,"href":"https:\/\/sharewalker.com\/fr\/wp-json\/wp\/v2\/product_cat?post=2320"},{"taxonomy":"product_tag","embeddable":true,"href":"https:\/\/sharewalker.com\/fr\/wp-json\/wp\/v2\/product_tag?post=2320"}],"curies":[{"name":"wp","href":"https:\/\/api.w.org\/{rel}","templated":true}]}}