{"id":2408,"date":"2025-03-24T19:40:45","date_gmt":"2025-03-24T11:40:45","guid":{"rendered":"https:\/\/sharewalker.com\/?post_type=product&#038;p=2408"},"modified":"2025-03-28T13:48:10","modified_gmt":"2025-03-28T05:48:10","slug":"multi-language-overseas-app-optimized-order-swiping-system-new-ui-order-grabbing-system-vue-development-automatic-order-matching-continuous-order-card-function","status":"publish","type":"product","link":"https:\/\/sharewalker.com\/fr\/produit\/application-multilingue-pour-letranger-systeme-optimise-de-saisie-des-commandes-nouvelle-interface-utilisateur-systeme-de-saisie-des-commandes-developpement-vue-rapprochement-automatique-des-commande\/","title":{"rendered":"APP multilingue pour les pays d'outre-mer Syst\u00e8me de commande optimis\u00e9 | Nouvelle interface utilisateur Syst\u00e8me de prise de commande | D\u00e9veloppement Vue | Correspondance automatique des commandes | Fonction de carte de commande en continu"},"content":{"rendered":"<p>Il s'agit d'un syst\u00e8me de swiping de commandes APP multilingue sp\u00e9cialement con\u00e7u pour les march\u00e9s \u00e9trangers, dot\u00e9 d'une nouvelle interface utilisateur et d\u00e9velopp\u00e9 avec le framework Vue afin d'am\u00e9liorer l'exp\u00e9rience de l'utilisateur.<\/p>\n<p>Caract\u00e9ristiques principales :<\/p>\n<p>Vitesse d'acc\u00e8s optimis\u00e9e : le syst\u00e8me a optimis\u00e9 la vitesse d'acc\u00e8s pour garantir la fluidit\u00e9 des op\u00e9rations de l'utilisateur.<\/p>\n<p>Synchronisation des soldes des comptes : Pendant les commandes continues, les soldes des comptes entre le frontend et le backend sont synchronis\u00e9s pour assurer la coh\u00e9rence des donn\u00e9es.<\/p>\n<p>Prise en charge multilingue : De nouveaux packs de langues ont \u00e9t\u00e9 ajout\u00e9s, notamment l'anglais, l'espagnol, le portugais, le japonais, le chinois simplifi\u00e9, le chinois traditionnel (Hong Kong), le tha\u00ef, l'indon\u00e9sien, le vietnamien et le turc, afin de r\u00e9pondre aux besoins des utilisateurs du monde entier.<\/p>\n<p>Am\u00e9lioration des petites fonctions : Plusieurs petites fonctions pratiques ont \u00e9t\u00e9 ajout\u00e9es pour am\u00e9liorer la convivialit\u00e9 du syst\u00e8me et l'exp\u00e9rience de l'utilisateur.<\/p>\n<p>Ce syst\u00e8me fonctionne sans heurts avec des fonctions compl\u00e8tes, ce qui le rend adapt\u00e9 aux op\u00e9rations du march\u00e9 mondial et aide les entreprises \u00e0 d\u00e9velopper efficacement leurs activit\u00e9s internationales.<\/p>\n<p><img fetchpriority=\"high\" decoding=\"async\" class=\"aligncenter size-full wp-image-2409\" src=\"https:\/\/sharewalker.com\/wp-content\/uploads\/2025\/03\/10001-18.jpg\" alt=\"\" width=\"403\" height=\"300\" \/> <img decoding=\"async\" class=\"aligncenter size-full wp-image-2410\" src=\"https:\/\/sharewalker.com\/wp-content\/uploads\/2025\/03\/10002-18.png\" alt=\"\" width=\"384\" height=\"842\" srcset=\"https:\/\/sharewalker.com\/wp-content\/uploads\/2025\/03\/10002-18.png 384w, https:\/\/sharewalker.com\/wp-content\/uploads\/2025\/03\/10002-18-300x658.png 300w, https:\/\/sharewalker.com\/wp-content\/uploads\/2025\/03\/10002-18-137x300.png 137w\" sizes=\"(max-width: 384px) 100vw, 384px\" \/> <img decoding=\"async\" class=\"aligncenter size-full wp-image-2411\" src=\"https:\/\/sharewalker.com\/wp-content\/uploads\/2025\/03\/10003-17.png\" alt=\"\" width=\"381\" height=\"840\" srcset=\"https:\/\/sharewalker.com\/wp-content\/uploads\/2025\/03\/10003-17.png 381w, https:\/\/sharewalker.com\/wp-content\/uploads\/2025\/03\/10003-17-300x661.png 300w, https:\/\/sharewalker.com\/wp-content\/uploads\/2025\/03\/10003-17-136x300.png 136w\" sizes=\"(max-width: 381px) 100vw, 381px\" \/> <img loading=\"lazy\" decoding=\"async\" class=\"aligncenter size-full wp-image-2412\" src=\"https:\/\/sharewalker.com\/wp-content\/uploads\/2025\/03\/10004-18.png\" alt=\"\" width=\"373\" height=\"841\" srcset=\"https:\/\/sharewalker.com\/wp-content\/uploads\/2025\/03\/10004-18.png 373w, https:\/\/sharewalker.com\/wp-content\/uploads\/2025\/03\/10004-18-300x676.png 300w, https:\/\/sharewalker.com\/wp-content\/uploads\/2025\/03\/10004-18-133x300.png 133w\" sizes=\"(max-width: 373px) 100vw, 373px\" \/> <img loading=\"lazy\" decoding=\"async\" class=\"aligncenter size-full wp-image-2413\" src=\"https:\/\/sharewalker.com\/wp-content\/uploads\/2025\/03\/10005-18.png\" alt=\"\" width=\"377\" height=\"842\" srcset=\"https:\/\/sharewalker.com\/wp-content\/uploads\/2025\/03\/10005-18.png 377w, https:\/\/sharewalker.com\/wp-content\/uploads\/2025\/03\/10005-18-300x670.png 300w, https:\/\/sharewalker.com\/wp-content\/uploads\/2025\/03\/10005-18-134x300.png 134w\" sizes=\"(max-width: 377px) 100vw, 377px\" \/> <img loading=\"lazy\" decoding=\"async\" class=\"aligncenter size-full wp-image-2414\" src=\"https:\/\/sharewalker.com\/wp-content\/uploads\/2025\/03\/10006-19.png\" alt=\"\" width=\"370\" height=\"840\" srcset=\"https:\/\/sharewalker.com\/wp-content\/uploads\/2025\/03\/10006-19.png 370w, https:\/\/sharewalker.com\/wp-content\/uploads\/2025\/03\/10006-19-300x681.png 300w, https:\/\/sharewalker.com\/wp-content\/uploads\/2025\/03\/10006-19-132x300.png 132w\" sizes=\"(max-width: 370px) 100vw, 370px\" \/> <img loading=\"lazy\" decoding=\"async\" class=\"aligncenter size-full wp-image-2415\" src=\"https:\/\/sharewalker.com\/wp-content\/uploads\/2025\/03\/10007-20.png\" alt=\"\" width=\"373\" height=\"839\" srcset=\"https:\/\/sharewalker.com\/wp-content\/uploads\/2025\/03\/10007-20.png 373w, https:\/\/sharewalker.com\/wp-content\/uploads\/2025\/03\/10007-20-300x675.png 300w, https:\/\/sharewalker.com\/wp-content\/uploads\/2025\/03\/10007-20-133x300.png 133w\" sizes=\"(max-width: 373px) 100vw, 373px\" \/> <img loading=\"lazy\" decoding=\"async\" class=\"aligncenter size-full wp-image-2416\" src=\"https:\/\/sharewalker.com\/wp-content\/uploads\/2025\/03\/10008-18.png\" alt=\"\" width=\"387\" height=\"839\" srcset=\"https:\/\/sharewalker.com\/wp-content\/uploads\/2025\/03\/10008-18.png 387w, https:\/\/sharewalker.com\/wp-content\/uploads\/2025\/03\/10008-18-300x650.png 300w, https:\/\/sharewalker.com\/wp-content\/uploads\/2025\/03\/10008-18-138x300.png 138w\" sizes=\"(max-width: 387px) 100vw, 387px\" \/> <img loading=\"lazy\" decoding=\"async\" class=\"aligncenter size-full wp-image-2417\" src=\"https:\/\/sharewalker.com\/wp-content\/uploads\/2025\/03\/10009-18.png\" alt=\"\" width=\"378\" height=\"844\" srcset=\"https:\/\/sharewalker.com\/wp-content\/uploads\/2025\/03\/10009-18.png 378w, https:\/\/sharewalker.com\/wp-content\/uploads\/2025\/03\/10009-18-300x670.png 300w, https:\/\/sharewalker.com\/wp-content\/uploads\/2025\/03\/10009-18-134x300.png 134w\" sizes=\"(max-width: 378px) 100vw, 378px\" \/> <img loading=\"lazy\" decoding=\"async\" class=\"aligncenter size-full wp-image-2418\" src=\"https:\/\/sharewalker.com\/wp-content\/uploads\/2025\/03\/10010-18.png\" alt=\"\" width=\"378\" height=\"836\" srcset=\"https:\/\/sharewalker.com\/wp-content\/uploads\/2025\/03\/10010-18.png 378w, https:\/\/sharewalker.com\/wp-content\/uploads\/2025\/03\/10010-18-300x663.png 300w, https:\/\/sharewalker.com\/wp-content\/uploads\/2025\/03\/10010-18-136x300.png 136w\" sizes=\"(max-width: 378px) 100vw, 378px\" \/> <img loading=\"lazy\" decoding=\"async\" class=\"aligncenter size-full wp-image-2419\" src=\"https:\/\/sharewalker.com\/wp-content\/uploads\/2025\/03\/10011-16.png\" alt=\"\" width=\"1780\" height=\"962\" srcset=\"https:\/\/sharewalker.com\/wp-content\/uploads\/2025\/03\/10011-16.png 1780w, https:\/\/sharewalker.com\/wp-content\/uploads\/2025\/03\/10011-16-300x162.png 300w, https:\/\/sharewalker.com\/wp-content\/uploads\/2025\/03\/10011-16-1024x553.png 1024w, https:\/\/sharewalker.com\/wp-content\/uploads\/2025\/03\/10011-16-768x415.png 768w, https:\/\/sharewalker.com\/wp-content\/uploads\/2025\/03\/10011-16-1536x830.png 1536w\" sizes=\"(max-width: 1780px) 100vw, 1780px\" \/> <img loading=\"lazy\" decoding=\"async\" class=\"aligncenter size-full wp-image-2420\" src=\"https:\/\/sharewalker.com\/wp-content\/uploads\/2025\/03\/10012-16.png\" alt=\"\" width=\"1790\" height=\"946\" srcset=\"https:\/\/sharewalker.com\/wp-content\/uploads\/2025\/03\/10012-16.png 1790w, https:\/\/sharewalker.com\/wp-content\/uploads\/2025\/03\/10012-16-300x159.png 300w, https:\/\/sharewalker.com\/wp-content\/uploads\/2025\/03\/10012-16-1024x541.png 1024w, https:\/\/sharewalker.com\/wp-content\/uploads\/2025\/03\/10012-16-768x406.png 768w, https:\/\/sharewalker.com\/wp-content\/uploads\/2025\/03\/10012-16-1536x812.png 1536w\" sizes=\"(max-width: 1790px) 100vw, 1790px\" \/> <img loading=\"lazy\" decoding=\"async\" class=\"aligncenter size-full wp-image-2421\" src=\"https:\/\/sharewalker.com\/wp-content\/uploads\/2025\/03\/10013-14.png\" alt=\"\" width=\"1785\" height=\"956\" srcset=\"https:\/\/sharewalker.com\/wp-content\/uploads\/2025\/03\/10013-14.png 1785w, https:\/\/sharewalker.com\/wp-content\/uploads\/2025\/03\/10013-14-300x161.png 300w, https:\/\/sharewalker.com\/wp-content\/uploads\/2025\/03\/10013-14-1024x548.png 1024w, https:\/\/sharewalker.com\/wp-content\/uploads\/2025\/03\/10013-14-768x411.png 768w, https:\/\/sharewalker.com\/wp-content\/uploads\/2025\/03\/10013-14-1536x823.png 1536w\" sizes=\"(max-width: 1785px) 100vw, 1785px\" \/> <img loading=\"lazy\" decoding=\"async\" class=\"aligncenter size-full wp-image-2422\" src=\"https:\/\/sharewalker.com\/wp-content\/uploads\/2025\/03\/10014-12.png\" alt=\"\" width=\"1787\" height=\"947\" srcset=\"https:\/\/sharewalker.com\/wp-content\/uploads\/2025\/03\/10014-12.png 1787w, https:\/\/sharewalker.com\/wp-content\/uploads\/2025\/03\/10014-12-300x159.png 300w, https:\/\/sharewalker.com\/wp-content\/uploads\/2025\/03\/10014-12-1024x543.png 1024w, https:\/\/sharewalker.com\/wp-content\/uploads\/2025\/03\/10014-12-768x407.png 768w, https:\/\/sharewalker.com\/wp-content\/uploads\/2025\/03\/10014-12-1536x814.png 1536w\" sizes=\"(max-width: 1787px) 100vw, 1787px\" \/> <img loading=\"lazy\" decoding=\"async\" class=\"aligncenter size-full wp-image-2423\" src=\"https:\/\/sharewalker.com\/wp-content\/uploads\/2025\/03\/10015-11.png\" alt=\"\" width=\"1777\" height=\"944\" srcset=\"https:\/\/sharewalker.com\/wp-content\/uploads\/2025\/03\/10015-11.png 1777w, https:\/\/sharewalker.com\/wp-content\/uploads\/2025\/03\/10015-11-300x159.png 300w, https:\/\/sharewalker.com\/wp-content\/uploads\/2025\/03\/10015-11-1024x544.png 1024w, https:\/\/sharewalker.com\/wp-content\/uploads\/2025\/03\/10015-11-768x408.png 768w, https:\/\/sharewalker.com\/wp-content\/uploads\/2025\/03\/10015-11-1536x816.png 1536w\" sizes=\"(max-width: 1777px) 100vw, 1777px\" \/> <img loading=\"lazy\" decoding=\"async\" class=\"aligncenter size-full wp-image-2424\" src=\"https:\/\/sharewalker.com\/wp-content\/uploads\/2025\/03\/10016-10.png\" alt=\"\" width=\"1772\" height=\"943\" srcset=\"https:\/\/sharewalker.com\/wp-content\/uploads\/2025\/03\/10016-10.png 1772w, https:\/\/sharewalker.com\/wp-content\/uploads\/2025\/03\/10016-10-300x160.png 300w, https:\/\/sharewalker.com\/wp-content\/uploads\/2025\/03\/10016-10-1024x545.png 1024w, https:\/\/sharewalker.com\/wp-content\/uploads\/2025\/03\/10016-10-768x409.png 768w, https:\/\/sharewalker.com\/wp-content\/uploads\/2025\/03\/10016-10-1536x817.png 1536w\" sizes=\"(max-width: 1772px) 100vw, 1772px\" \/> <img loading=\"lazy\" decoding=\"async\" class=\"aligncenter size-full wp-image-2425\" src=\"https:\/\/sharewalker.com\/wp-content\/uploads\/2025\/03\/10017-8.png\" alt=\"\" width=\"1801\" height=\"951\" srcset=\"https:\/\/sharewalker.com\/wp-content\/uploads\/2025\/03\/10017-8.png 1801w, https:\/\/sharewalker.com\/wp-content\/uploads\/2025\/03\/10017-8-300x158.png 300w, https:\/\/sharewalker.com\/wp-content\/uploads\/2025\/03\/10017-8-1024x541.png 1024w, https:\/\/sharewalker.com\/wp-content\/uploads\/2025\/03\/10017-8-768x406.png 768w, https:\/\/sharewalker.com\/wp-content\/uploads\/2025\/03\/10017-8-1536x811.png 1536w\" sizes=\"(max-width: 1801px) 100vw, 1801px\" \/> <img loading=\"lazy\" decoding=\"async\" class=\"aligncenter size-full wp-image-2426\" src=\"https:\/\/sharewalker.com\/wp-content\/uploads\/2025\/03\/10018-8.png\" alt=\"\" width=\"1779\" height=\"947\" srcset=\"https:\/\/sharewalker.com\/wp-content\/uploads\/2025\/03\/10018-8.png 1779w, https:\/\/sharewalker.com\/wp-content\/uploads\/2025\/03\/10018-8-300x160.png 300w, https:\/\/sharewalker.com\/wp-content\/uploads\/2025\/03\/10018-8-1024x545.png 1024w, https:\/\/sharewalker.com\/wp-content\/uploads\/2025\/03\/10018-8-768x409.png 768w, https:\/\/sharewalker.com\/wp-content\/uploads\/2025\/03\/10018-8-1536x818.png 1536w\" sizes=\"(max-width: 1779px) 100vw, 1779px\" \/><\/p>","protected":false},"excerpt":{"rendered":"<p>Il s'agit d'un syst\u00e8me de swiping de commandes APP multilingue con\u00e7u pour les march\u00e9s \u00e9trangers, dot\u00e9 d'une nouvelle interface utilisateur d\u00e9velopp\u00e9e avec le framework Vue. Il prend en charge la correspondance automatique des commandes, la fonction de carte de commande continue et la vitesse d'acc\u00e8s optimis\u00e9e pour am\u00e9liorer l'exp\u00e9rience de l'utilisateur.<\/p>","protected":false},"featured_media":8996,"comment_status":"open","ping_status":"closed","template":"","meta":{"_uag_custom_page_level_css":"","site-sidebar-layout":"default","site-content-layout":"","ast-site-content-layout":"default","site-content-style":"default","site-sidebar-style":"default","ast-global-header-display":"","ast-banner-title-visibility":"","ast-main-header-display":"","ast-hfb-above-header-display":"","ast-hfb-below-header-display":"","ast-hfb-mobile-header-display":"","site-post-title":"","ast-breadcrumbs-content":"","ast-featured-img":"","footer-sml-layout":"","theme-transparent-header-meta":"default","adv-header-id-meta":"","stick-header-meta":"","header-above-stick-meta":"","header-main-stick-meta":"","header-below-stick-meta":"","astra-migrate-meta-layouts":"set","ast-page-background-enabled":"default","ast-page-background-meta":{"desktop":{"background-color":"var(--ast-global-color-4)","background-image":"","background-repeat":"repeat","background-position":"center center","background-size":"auto","background-attachment":"scroll","background-type":"","background-media":"","overlay-type":"","overlay-color":"","overlay-opacity":"","overlay-gradient":""},"tablet":{"background-color":"","background-image":"","background-repeat":"repeat","background-position":"center center","background-size":"auto","background-attachment":"scroll","background-type":"","background-media":"","overlay-type":"","overlay-color":"","overlay-opacity":"","overlay-gradient":""},"mobile":{"background-color":"","background-image":"","background-repeat":"repeat","background-position":"center center","background-size":"auto","background-attachment":"scroll","background-type":"","background-media":"","overlay-type":"","overlay-color":"","overlay-opacity":"","overlay-gradient":""}},"ast-content-background-meta":{"desktop":{"background-color":"var(--ast-global-color-5)","background-image":"","background-repeat":"repeat","background-position":"center center","background-size":"auto","background-attachment":"scroll","background-type":"","background-media":"","overlay-type":"","overlay-color":"","overlay-opacity":"","overlay-gradient":""},"tablet":{"background-color":"var(--ast-global-color-5)","background-image":"","background-repeat":"repeat","background-position":"center center","background-size":"auto","background-attachment":"scroll","background-type":"","background-media":"","overlay-type":"","overlay-color":"","overlay-opacity":"","overlay-gradient":""},"mobile":{"background-color":"var(--ast-global-color-5)","background-image":"","background-repeat":"repeat","background-position":"center center","background-size":"auto","background-attachment":"scroll","background-type":"","background-media":"","overlay-type":"","overlay-color":"","overlay-opacity":"","overlay-gradient":""}}},"product_brand":[],"product_cat":[59],"product_tag":[179,90,177,64,100,178,175,176],"class_list":{"0":"post-2408","1":"product","2":"type-product","3":"status-publish","4":"has-post-thumbnail","6":"product_cat-order-sniping-order-manipulation","7":"product_tag-account-balance-synchronization","8":"product_tag-automatic-order-matching","9":"product_tag-continuous-order-card-function","10":"product_tag-multi-language","11":"product_tag-new-ui-design","12":"product_tag-optimized-access-speed","13":"product_tag-overseas-app-order-swiping-system","14":"product_tag-vue-development","15":"desktop-align-left","16":"tablet-align-left","17":"mobile-align-left","19":"first","20":"instock","21":"shipping-taxable","22":"product-type-simple"},"uagb_featured_image_src":{"full":["https:\/\/sharewalker.com\/wp-content\/uploads\/2025\/03\/313131-1.jpg",277,289,false],"thumbnail":["https:\/\/sharewalker.com\/wp-content\/uploads\/2025\/03\/313131-1-150x150.jpg",150,150,true],"medium":["https:\/\/sharewalker.com\/wp-content\/uploads\/2025\/03\/313131-1.jpg",277,289,false],"medium_large":["https:\/\/sharewalker.com\/wp-content\/uploads\/2025\/03\/313131-1.jpg",277,289,false],"large":["https:\/\/sharewalker.com\/wp-content\/uploads\/2025\/03\/313131-1.jpg",277,289,false],"1536x1536":["https:\/\/sharewalker.com\/wp-content\/uploads\/2025\/03\/313131-1.jpg",277,289,false],"2048x2048":["https:\/\/sharewalker.com\/wp-content\/uploads\/2025\/03\/313131-1.jpg",277,289,false],"trp-custom-language-flag":["https:\/\/sharewalker.com\/wp-content\/uploads\/2025\/03\/313131-1-12x12.jpg",12,12,true],"woocommerce_thumbnail":["https:\/\/sharewalker.com\/wp-content\/uploads\/2025\/03\/313131-1.jpg",277,289,false],"woocommerce_single":["https:\/\/sharewalker.com\/wp-content\/uploads\/2025\/03\/313131-1.jpg",277,289,false],"woocommerce_gallery_thumbnail":["https:\/\/sharewalker.com\/wp-content\/uploads\/2025\/03\/313131-1-100x100.jpg",100,100,true]},"uagb_author_info":{"display_name":"admin","author_link":"https:\/\/sharewalker.com\/fr\/author\/"},"uagb_comment_info":0,"uagb_excerpt":"This is a multi-language APP order swiping system designed for overseas markets, featuring a new UI developed with Vue framework. It supports automatic order matching, continuous order card function, and optimized access speed to enhance user experience.\u200b","_links":{"self":[{"href":"https:\/\/sharewalker.com\/fr\/wp-json\/wp\/v2\/product\/2408","targetHints":{"allow":["GET"]}}],"collection":[{"href":"https:\/\/sharewalker.com\/fr\/wp-json\/wp\/v2\/product"}],"about":[{"href":"https:\/\/sharewalker.com\/fr\/wp-json\/wp\/v2\/types\/product"}],"replies":[{"embeddable":true,"href":"https:\/\/sharewalker.com\/fr\/wp-json\/wp\/v2\/comments?post=2408"}],"version-history":[{"count":0,"href":"https:\/\/sharewalker.com\/fr\/wp-json\/wp\/v2\/product\/2408\/revisions"}],"wp:featuredmedia":[{"embeddable":true,"href":"https:\/\/sharewalker.com\/fr\/wp-json\/wp\/v2\/media\/8996"}],"wp:attachment":[{"href":"https:\/\/sharewalker.com\/fr\/wp-json\/wp\/v2\/media?parent=2408"}],"wp:term":[{"taxonomy":"product_brand","embeddable":true,"href":"https:\/\/sharewalker.com\/fr\/wp-json\/wp\/v2\/product_brand?post=2408"},{"taxonomy":"product_cat","embeddable":true,"href":"https:\/\/sharewalker.com\/fr\/wp-json\/wp\/v2\/product_cat?post=2408"},{"taxonomy":"product_tag","embeddable":true,"href":"https:\/\/sharewalker.com\/fr\/wp-json\/wp\/v2\/product_tag?post=2408"}],"curies":[{"name":"wp","href":"https:\/\/api.w.org\/{rel}","templated":true}]}}