{"id":2456,"date":"2025-03-24T21:17:44","date_gmt":"2025-03-24T13:17:44","guid":{"rendered":"https:\/\/sharewalker.com\/?post_type=product&#038;p=2456"},"modified":"2025-03-24T21:17:44","modified_gmt":"2025-03-24T13:17:44","slug":"overseas-multi-language-order-grabbing-mall-system-uniapp-new-ui-automatic-order-matching-injection-control-and-overlay-group-features","status":"publish","type":"product","link":"https:\/\/sharewalker.com\/fr\/produit\/overseas-multi-language-order-grabbing-mall-system-uniapp-new-ui-automatic-order-matching-injection-control-and-overlay-group-features\/","title":{"rendered":"Syst\u00e8me de centre commercial multi-langues pour la prise de commandes \u00e0 l'\u00e9tranger | uniapp New UI | Correspondance automatique des commandes | Contr\u00f4le d'injection et fonctions de groupe de superposition"},"content":{"rendered":"<p>Ce syst\u00e8me est un centre commercial de saisie des commandes multilingue con\u00e7u pour les march\u00e9s \u00e9trangers, d\u00e9velopp\u00e9 \u00e0 l'aide du framework uniapp, permettant un d\u00e9ploiement multiplateforme. La partie frontale pr\u00e9sente une nouvelle interface utilisateur afin d'am\u00e9liorer l'exp\u00e9rience de l'utilisateur.<\/p>\n<p>Caract\u00e9ristiques principales :<\/p>\n<p>Augmentation automatique des niveaux d'adh\u00e9sion : le syst\u00e8me d\u00e9termine et augmente automatiquement les niveaux d'adh\u00e9sion en fonction du solde du compte, les diff\u00e9rents niveaux b\u00e9n\u00e9ficiant de taux de remise sur commande variables.<\/p>\n<p>Mise en correspondance automatique des commandes : la mise en correspondance intelligente des commandes am\u00e9liore l'efficacit\u00e9 de la saisie des commandes et r\u00e9duit les op\u00e9rations manuelles.<\/p>\n<p>Fonctionnalit\u00e9s du groupe de contr\u00f4le d'injection et de superposition : Fournit des fonctionnalit\u00e9s de contr\u00f4le d'injection et de groupe de superposition pour r\u00e9pondre \u00e0 diverses strat\u00e9gies op\u00e9rationnelles.<\/p>\n<p>Prise en charge multilingue : La prise en charge de plusieurs langues permet de r\u00e9pondre aux besoins d'une base d'utilisateurs mondiale.<\/p>\n<p>Optimisation des performances : Optimisation de la vitesse d'acc\u00e8s pour garantir un fonctionnement fluide du syst\u00e8me et \u00e9viter les probl\u00e8mes tels que les erreurs d'\u00e9cran rouge.<\/p>\n<p>Ce syst\u00e8me fonctionne de mani\u00e8re stable avec des fonctionnalit\u00e9s compl\u00e8tes, ce qui le rend adapt\u00e9 aux op\u00e9rations du march\u00e9 mondial et aide les entreprises \u00e0 d\u00e9velopper efficacement leurs activit\u00e9s internationales.<\/p>\n<p><img fetchpriority=\"high\" decoding=\"async\" class=\"aligncenter size-full wp-image-2457\" src=\"https:\/\/sharewalker.com\/wp-content\/uploads\/2025\/03\/10001-19.jpg\" alt=\"\" width=\"413\" height=\"300\" \/> <img decoding=\"async\" class=\"aligncenter size-full wp-image-2458\" src=\"https:\/\/sharewalker.com\/wp-content\/uploads\/2025\/03\/10002-19.png\" alt=\"\" width=\"388\" height=\"842\" srcset=\"https:\/\/sharewalker.com\/wp-content\/uploads\/2025\/03\/10002-19.png 388w, https:\/\/sharewalker.com\/wp-content\/uploads\/2025\/03\/10002-19-300x651.png 300w, https:\/\/sharewalker.com\/wp-content\/uploads\/2025\/03\/10002-19-138x300.png 138w\" sizes=\"(max-width: 388px) 100vw, 388px\" \/> <img decoding=\"async\" class=\"aligncenter size-full wp-image-2459\" src=\"https:\/\/sharewalker.com\/wp-content\/uploads\/2025\/03\/10003-18.png\" alt=\"\" width=\"389\" height=\"842\" srcset=\"https:\/\/sharewalker.com\/wp-content\/uploads\/2025\/03\/10003-18.png 389w, https:\/\/sharewalker.com\/wp-content\/uploads\/2025\/03\/10003-18-300x649.png 300w, https:\/\/sharewalker.com\/wp-content\/uploads\/2025\/03\/10003-18-139x300.png 139w\" sizes=\"(max-width: 389px) 100vw, 389px\" \/> <img loading=\"lazy\" decoding=\"async\" class=\"aligncenter size-full wp-image-2460\" src=\"https:\/\/sharewalker.com\/wp-content\/uploads\/2025\/03\/10004-19.png\" alt=\"\" width=\"389\" height=\"841\" srcset=\"https:\/\/sharewalker.com\/wp-content\/uploads\/2025\/03\/10004-19.png 389w, https:\/\/sharewalker.com\/wp-content\/uploads\/2025\/03\/10004-19-300x649.png 300w, https:\/\/sharewalker.com\/wp-content\/uploads\/2025\/03\/10004-19-139x300.png 139w\" sizes=\"(max-width: 389px) 100vw, 389px\" \/> <img loading=\"lazy\" decoding=\"async\" class=\"aligncenter size-full wp-image-2461\" src=\"https:\/\/sharewalker.com\/wp-content\/uploads\/2025\/03\/10005-19.png\" alt=\"\" width=\"385\" height=\"845\" srcset=\"https:\/\/sharewalker.com\/wp-content\/uploads\/2025\/03\/10005-19.png 385w, https:\/\/sharewalker.com\/wp-content\/uploads\/2025\/03\/10005-19-300x658.png 300w, https:\/\/sharewalker.com\/wp-content\/uploads\/2025\/03\/10005-19-137x300.png 137w\" sizes=\"(max-width: 385px) 100vw, 385px\" \/> <img loading=\"lazy\" decoding=\"async\" class=\"aligncenter size-full wp-image-2462\" src=\"https:\/\/sharewalker.com\/wp-content\/uploads\/2025\/03\/10006-20.png\" alt=\"\" width=\"391\" height=\"842\" srcset=\"https:\/\/sharewalker.com\/wp-content\/uploads\/2025\/03\/10006-20.png 391w, https:\/\/sharewalker.com\/wp-content\/uploads\/2025\/03\/10006-20-300x646.png 300w, https:\/\/sharewalker.com\/wp-content\/uploads\/2025\/03\/10006-20-139x300.png 139w\" sizes=\"(max-width: 391px) 100vw, 391px\" \/> <img loading=\"lazy\" decoding=\"async\" class=\"aligncenter size-full wp-image-2463\" src=\"https:\/\/sharewalker.com\/wp-content\/uploads\/2025\/03\/10007-21.png\" alt=\"\" width=\"387\" height=\"843\" srcset=\"https:\/\/sharewalker.com\/wp-content\/uploads\/2025\/03\/10007-21.png 387w, https:\/\/sharewalker.com\/wp-content\/uploads\/2025\/03\/10007-21-300x653.png 300w, https:\/\/sharewalker.com\/wp-content\/uploads\/2025\/03\/10007-21-138x300.png 138w\" sizes=\"(max-width: 387px) 100vw, 387px\" \/> <img loading=\"lazy\" decoding=\"async\" class=\"aligncenter size-full wp-image-2464\" src=\"https:\/\/sharewalker.com\/wp-content\/uploads\/2025\/03\/10008-19.png\" alt=\"\" width=\"390\" height=\"844\" srcset=\"https:\/\/sharewalker.com\/wp-content\/uploads\/2025\/03\/10008-19.png 390w, https:\/\/sharewalker.com\/wp-content\/uploads\/2025\/03\/10008-19-300x649.png 300w, https:\/\/sharewalker.com\/wp-content\/uploads\/2025\/03\/10008-19-139x300.png 139w\" sizes=\"(max-width: 390px) 100vw, 390px\" \/> <img loading=\"lazy\" decoding=\"async\" class=\"aligncenter size-full wp-image-2465\" src=\"https:\/\/sharewalker.com\/wp-content\/uploads\/2025\/03\/10009-19.png\" alt=\"\" width=\"391\" height=\"843\" srcset=\"https:\/\/sharewalker.com\/wp-content\/uploads\/2025\/03\/10009-19.png 391w, https:\/\/sharewalker.com\/wp-content\/uploads\/2025\/03\/10009-19-300x647.png 300w, https:\/\/sharewalker.com\/wp-content\/uploads\/2025\/03\/10009-19-139x300.png 139w\" sizes=\"(max-width: 391px) 100vw, 391px\" \/> <img loading=\"lazy\" decoding=\"async\" class=\"aligncenter size-full wp-image-2466\" src=\"https:\/\/sharewalker.com\/wp-content\/uploads\/2025\/03\/10010-19.png\" alt=\"\" width=\"389\" height=\"841\" srcset=\"https:\/\/sharewalker.com\/wp-content\/uploads\/2025\/03\/10010-19.png 389w, https:\/\/sharewalker.com\/wp-content\/uploads\/2025\/03\/10010-19-300x649.png 300w, https:\/\/sharewalker.com\/wp-content\/uploads\/2025\/03\/10010-19-139x300.png 139w\" sizes=\"(max-width: 389px) 100vw, 389px\" \/> <img loading=\"lazy\" decoding=\"async\" class=\"aligncenter size-full wp-image-2467\" src=\"https:\/\/sharewalker.com\/wp-content\/uploads\/2025\/03\/10011-17.png\" alt=\"\" width=\"1793\" height=\"956\" srcset=\"https:\/\/sharewalker.com\/wp-content\/uploads\/2025\/03\/10011-17.png 1793w, https:\/\/sharewalker.com\/wp-content\/uploads\/2025\/03\/10011-17-300x160.png 300w, https:\/\/sharewalker.com\/wp-content\/uploads\/2025\/03\/10011-17-1024x546.png 1024w, https:\/\/sharewalker.com\/wp-content\/uploads\/2025\/03\/10011-17-768x409.png 768w, https:\/\/sharewalker.com\/wp-content\/uploads\/2025\/03\/10011-17-1536x819.png 1536w\" sizes=\"(max-width: 1793px) 100vw, 1793px\" \/> <img loading=\"lazy\" decoding=\"async\" class=\"aligncenter size-full wp-image-2468\" src=\"https:\/\/sharewalker.com\/wp-content\/uploads\/2025\/03\/10012-17.png\" alt=\"\" width=\"1796\" height=\"959\" srcset=\"https:\/\/sharewalker.com\/wp-content\/uploads\/2025\/03\/10012-17.png 1796w, https:\/\/sharewalker.com\/wp-content\/uploads\/2025\/03\/10012-17-300x160.png 300w, https:\/\/sharewalker.com\/wp-content\/uploads\/2025\/03\/10012-17-1024x547.png 1024w, https:\/\/sharewalker.com\/wp-content\/uploads\/2025\/03\/10012-17-768x410.png 768w, https:\/\/sharewalker.com\/wp-content\/uploads\/2025\/03\/10012-17-1536x820.png 1536w\" sizes=\"(max-width: 1796px) 100vw, 1796px\" \/> <img loading=\"lazy\" decoding=\"async\" class=\"aligncenter size-full wp-image-2469\" src=\"https:\/\/sharewalker.com\/wp-content\/uploads\/2025\/03\/10013-15.png\" alt=\"\" width=\"1798\" height=\"959\" srcset=\"https:\/\/sharewalker.com\/wp-content\/uploads\/2025\/03\/10013-15.png 1798w, https:\/\/sharewalker.com\/wp-content\/uploads\/2025\/03\/10013-15-300x160.png 300w, https:\/\/sharewalker.com\/wp-content\/uploads\/2025\/03\/10013-15-1024x546.png 1024w, https:\/\/sharewalker.com\/wp-content\/uploads\/2025\/03\/10013-15-768x410.png 768w, https:\/\/sharewalker.com\/wp-content\/uploads\/2025\/03\/10013-15-1536x819.png 1536w\" sizes=\"(max-width: 1798px) 100vw, 1798px\" \/> <img loading=\"lazy\" decoding=\"async\" class=\"aligncenter size-full wp-image-2470\" src=\"https:\/\/sharewalker.com\/wp-content\/uploads\/2025\/03\/10014-13.png\" alt=\"\" width=\"1793\" height=\"965\" srcset=\"https:\/\/sharewalker.com\/wp-content\/uploads\/2025\/03\/10014-13.png 1793w, https:\/\/sharewalker.com\/wp-content\/uploads\/2025\/03\/10014-13-300x161.png 300w, https:\/\/sharewalker.com\/wp-content\/uploads\/2025\/03\/10014-13-1024x551.png 1024w, https:\/\/sharewalker.com\/wp-content\/uploads\/2025\/03\/10014-13-768x413.png 768w, https:\/\/sharewalker.com\/wp-content\/uploads\/2025\/03\/10014-13-1536x827.png 1536w\" sizes=\"(max-width: 1793px) 100vw, 1793px\" \/> <img loading=\"lazy\" decoding=\"async\" class=\"aligncenter size-full wp-image-2471\" src=\"https:\/\/sharewalker.com\/wp-content\/uploads\/2025\/03\/10015-12.png\" alt=\"\" width=\"1782\" height=\"956\" srcset=\"https:\/\/sharewalker.com\/wp-content\/uploads\/2025\/03\/10015-12.png 1782w, https:\/\/sharewalker.com\/wp-content\/uploads\/2025\/03\/10015-12-300x161.png 300w, https:\/\/sharewalker.com\/wp-content\/uploads\/2025\/03\/10015-12-1024x549.png 1024w, https:\/\/sharewalker.com\/wp-content\/uploads\/2025\/03\/10015-12-768x412.png 768w, https:\/\/sharewalker.com\/wp-content\/uploads\/2025\/03\/10015-12-1536x824.png 1536w\" sizes=\"(max-width: 1782px) 100vw, 1782px\" \/><\/p>","protected":false},"excerpt":{"rendered":"<p>Il s'agit d'un syst\u00e8me de centre commercial de saisie des commandes multilingue d\u00e9velopp\u00e9 sur la base d'uniapp et dot\u00e9 d'une nouvelle interface utilisateur. Il comprend des fonctions de mise en correspondance automatique des commandes, de contr\u00f4le des injections, de superposition des groupes et d'augmentation automatique des niveaux d'adh\u00e9sion en fonction du solde, afin de r\u00e9pondre aux diff\u00e9rents niveaux de besoins en mati\u00e8re de rabais sur les commandes.<\/p>","protected":false},"featured_media":2457,"comment_status":"open","ping_status":"closed","template":"","meta":{"_uag_custom_page_level_css":"","site-sidebar-layout":"default","site-content-layout":"","ast-site-content-layout":"default","site-content-style":"default","site-sidebar-style":"default","ast-global-header-display":"","ast-banner-title-visibility":"","ast-main-header-display":"","ast-hfb-above-header-display":"","ast-hfb-below-header-display":"","ast-hfb-mobile-header-display":"","site-post-title":"","ast-breadcrumbs-content":"","ast-featured-img":"","footer-sml-layout":"","theme-transparent-header-meta":"default","adv-header-id-meta":"","stick-header-meta":"","header-above-stick-meta":"","header-main-stick-meta":"","header-below-stick-meta":"","astra-migrate-meta-layouts":"set","ast-page-background-enabled":"default","ast-page-background-meta":{"desktop":{"background-color":"var(--ast-global-color-4)","background-image":"","background-repeat":"repeat","background-position":"center center","background-size":"auto","background-attachment":"scroll","background-type":"","background-media":"","overlay-type":"","overlay-color":"","overlay-opacity":"","overlay-gradient":""},"tablet":{"background-color":"","background-image":"","background-repeat":"repeat","background-position":"center center","background-size":"auto","background-attachment":"scroll","background-type":"","background-media":"","overlay-type":"","overlay-color":"","overlay-opacity":"","overlay-gradient":""},"mobile":{"background-color":"","background-image":"","background-repeat":"repeat","background-position":"center center","background-size":"auto","background-attachment":"scroll","background-type":"","background-media":"","overlay-type":"","overlay-color":"","overlay-opacity":"","overlay-gradient":""}},"ast-content-background-meta":{"desktop":{"background-color":"var(--ast-global-color-5)","background-image":"","background-repeat":"repeat","background-position":"center center","background-size":"auto","background-attachment":"scroll","background-type":"","background-media":"","overlay-type":"","overlay-color":"","overlay-opacity":"","overlay-gradient":""},"tablet":{"background-color":"var(--ast-global-color-5)","background-image":"","background-repeat":"repeat","background-position":"center center","background-size":"auto","background-attachment":"scroll","background-type":"","background-media":"","overlay-type":"","overlay-color":"","overlay-opacity":"","overlay-gradient":""},"mobile":{"background-color":"var(--ast-global-color-5)","background-image":"","background-repeat":"repeat","background-position":"center center","background-size":"auto","background-attachment":"scroll","background-type":"","background-media":"","overlay-type":"","overlay-color":"","overlay-opacity":"","overlay-gradient":""}}},"product_brand":[],"product_cat":[59],"product_tag":[184,90,182,64,100,183,180,181],"class_list":{"0":"post-2456","1":"product","2":"type-product","3":"status-publish","4":"has-post-thumbnail","6":"product_cat-order-sniping-order-manipulation","7":"product_tag-automatic-membership-level-upgrade","8":"product_tag-automatic-order-matching","9":"product_tag-injection-control","10":"product_tag-multi-language","11":"product_tag-new-ui-design","12":"product_tag-overlay-group-feature","13":"product_tag-overseas-order-grabbing-mall","14":"product_tag-uniapp-development","15":"desktop-align-left","16":"tablet-align-left","17":"mobile-align-left","19":"first","20":"instock","21":"shipping-taxable","22":"product-type-simple"},"uagb_featured_image_src":{"full":["https:\/\/sharewalker.com\/wp-content\/uploads\/2025\/03\/10001-19-e1742822174595.jpg",300,300,false],"thumbnail":["https:\/\/sharewalker.com\/wp-content\/uploads\/2025\/03\/10001-19-e1742822174595-150x150.jpg",150,150,true],"medium":["https:\/\/sharewalker.com\/wp-content\/uploads\/2025\/03\/10001-19-300x218.jpg",300,218,true],"medium_large":["https:\/\/sharewalker.com\/wp-content\/uploads\/2025\/03\/10001-19-e1742822174595.jpg",300,300,false],"large":["https:\/\/sharewalker.com\/wp-content\/uploads\/2025\/03\/10001-19-e1742822174595.jpg",300,300,false],"1536x1536":["https:\/\/sharewalker.com\/wp-content\/uploads\/2025\/03\/10001-19-e1742822174595.jpg",300,300,false],"2048x2048":["https:\/\/sharewalker.com\/wp-content\/uploads\/2025\/03\/10001-19-e1742822174595.jpg",300,300,false],"trp-custom-language-flag":["https:\/\/sharewalker.com\/wp-content\/uploads\/2025\/03\/10001-19-e1742822174595.jpg",12,12,false],"woocommerce_thumbnail":["https:\/\/sharewalker.com\/wp-content\/uploads\/2025\/03\/10001-19-300x300.jpg",300,300,true],"woocommerce_single":["https:\/\/sharewalker.com\/wp-content\/uploads\/2025\/03\/10001-19-e1742822174595.jpg",300,300,false],"woocommerce_gallery_thumbnail":["https:\/\/sharewalker.com\/wp-content\/uploads\/2025\/03\/10001-19-e1742822174595-100x100.jpg",100,100,true]},"uagb_author_info":{"display_name":"admin","author_link":"https:\/\/sharewalker.com\/fr\/author\/"},"uagb_comment_info":0,"uagb_excerpt":"This is an overseas multi-language order grabbing mall system developed based on uniapp, featuring a new UI design. It includes automatic order matching, injection control, overlay group functions, and automatic membership level upgrades based on balance, catering to different levels of order rebate needs.\u200b","_links":{"self":[{"href":"https:\/\/sharewalker.com\/fr\/wp-json\/wp\/v2\/product\/2456","targetHints":{"allow":["GET"]}}],"collection":[{"href":"https:\/\/sharewalker.com\/fr\/wp-json\/wp\/v2\/product"}],"about":[{"href":"https:\/\/sharewalker.com\/fr\/wp-json\/wp\/v2\/types\/product"}],"replies":[{"embeddable":true,"href":"https:\/\/sharewalker.com\/fr\/wp-json\/wp\/v2\/comments?post=2456"}],"version-history":[{"count":0,"href":"https:\/\/sharewalker.com\/fr\/wp-json\/wp\/v2\/product\/2456\/revisions"}],"wp:featuredmedia":[{"embeddable":true,"href":"https:\/\/sharewalker.com\/fr\/wp-json\/wp\/v2\/media\/2457"}],"wp:attachment":[{"href":"https:\/\/sharewalker.com\/fr\/wp-json\/wp\/v2\/media?parent=2456"}],"wp:term":[{"taxonomy":"product_brand","embeddable":true,"href":"https:\/\/sharewalker.com\/fr\/wp-json\/wp\/v2\/product_brand?post=2456"},{"taxonomy":"product_cat","embeddable":true,"href":"https:\/\/sharewalker.com\/fr\/wp-json\/wp\/v2\/product_cat?post=2456"},{"taxonomy":"product_tag","embeddable":true,"href":"https:\/\/sharewalker.com\/fr\/wp-json\/wp\/v2\/product_tag?post=2456"}],"curies":[{"name":"wp","href":"https:\/\/api.w.org\/{rel}","templated":true}]}}