{"id":2538,"date":"2025-03-24T21:50:25","date_gmt":"2025-03-24T13:50:25","guid":{"rendered":"https:\/\/sharewalker.com\/?post_type=product&#038;p=2538"},"modified":"2025-03-28T13:56:00","modified_gmt":"2025-03-28T05:56:00","slug":"overseas-multi-language-order-snatching-mall-custom-uni-app-development-automatic-order-matching-system-order-linking-control-group-management-overseas-source-code","status":"publish","type":"product","link":"https:\/\/sharewalker.com\/fr\/produit\/developpement-dapplications-personnalisees-pour-les-universites-developpement-dapplications-personnalisees-pour-les-universites-developpement-dapplications-personnalisees-pour-les-universites-devel\/","title":{"rendered":"Centre commercial multilingue de saisie des commandes \u00e0 l'\u00e9tranger | D\u00e9veloppement d'une application unique personnalis\u00e9e | Syst\u00e8me de mise en correspondance automatique des commandes | Contr\u00f4le des liens entre les commandes | Gestion de groupe | Code source \u00e0 l'\u00e9tranger"},"content":{"rendered":"<p>D\u00e9velopp\u00e9 avec uni-app, le syst\u00e8me offre une interface utilisateur optimis\u00e9e pour des op\u00e9rations plus fluides. Il prend en charge plusieurs langues, dont l'anglais, l'arabe, le japonais et le cor\u00e9en, afin de r\u00e9pondre aux besoins des utilisateurs internationaux.<\/p>\n<p>Caract\u00e9ristiques principales :<\/p>\n<p>Syst\u00e8me de mise en correspondance automatique des commandes : Il fait correspondre intelligemment les commandes afin d'am\u00e9liorer l'efficacit\u00e9 des transactions et de r\u00e9duire les interventions manuelles.<\/p>\n<p>Contr\u00f4le de l'encha\u00eenement des commandes : G\u00e8re avec pr\u00e9cision les strat\u00e9gies d'encha\u00eenement des commandes pour optimiser la distribution et am\u00e9liorer l'efficacit\u00e9 op\u00e9rationnelle.<\/p>\n<p>Gestion des groupes : La gestion flexible des groupes permet aux utilisateurs de cr\u00e9er des groupes en fonction de leurs besoins.<\/p>\n<p>Prise en charge multilingue : Comprend des packs linguistiques pour l'anglais, l'arabe, le japonais et le cor\u00e9en, permettant aux utilisateurs de changer de langue selon leurs besoins, l'anglais \u00e9tant l'affichage par d\u00e9faut.<\/p>\n<p>Optimisation de l'interface utilisateur : Am\u00e9lioration de la conception de l'interface utilisateur frontale pour une meilleure exp\u00e9rience utilisateur, avec une interface propre et attrayante.<\/p>\n<p><img fetchpriority=\"high\" decoding=\"async\" class=\"aligncenter size-full wp-image-2539\" src=\"https:\/\/sharewalker.com\/wp-content\/uploads\/2025\/03\/10001-24.jpg\" alt=\"\" width=\"416\" height=\"300\" \/> <img decoding=\"async\" class=\"aligncenter size-full wp-image-2540\" src=\"https:\/\/sharewalker.com\/wp-content\/uploads\/2025\/03\/10002-24.png\" alt=\"\" width=\"388\" height=\"837\" srcset=\"https:\/\/sharewalker.com\/wp-content\/uploads\/2025\/03\/10002-24.png 388w, https:\/\/sharewalker.com\/wp-content\/uploads\/2025\/03\/10002-24-300x647.png 300w, https:\/\/sharewalker.com\/wp-content\/uploads\/2025\/03\/10002-24-139x300.png 139w\" sizes=\"(max-width: 388px) 100vw, 388px\" \/> <img decoding=\"async\" class=\"aligncenter size-full wp-image-2541\" src=\"https:\/\/sharewalker.com\/wp-content\/uploads\/2025\/03\/10003-23.png\" alt=\"\" width=\"387\" height=\"838\" srcset=\"https:\/\/sharewalker.com\/wp-content\/uploads\/2025\/03\/10003-23.png 387w, https:\/\/sharewalker.com\/wp-content\/uploads\/2025\/03\/10003-23-300x650.png 300w, https:\/\/sharewalker.com\/wp-content\/uploads\/2025\/03\/10003-23-139x300.png 139w\" sizes=\"(max-width: 387px) 100vw, 387px\" \/> <img loading=\"lazy\" decoding=\"async\" class=\"aligncenter size-full wp-image-2542\" src=\"https:\/\/sharewalker.com\/wp-content\/uploads\/2025\/03\/10004-24.png\" alt=\"\" width=\"388\" height=\"840\" srcset=\"https:\/\/sharewalker.com\/wp-content\/uploads\/2025\/03\/10004-24.png 388w, https:\/\/sharewalker.com\/wp-content\/uploads\/2025\/03\/10004-24-300x649.png 300w, https:\/\/sharewalker.com\/wp-content\/uploads\/2025\/03\/10004-24-139x300.png 139w\" sizes=\"(max-width: 388px) 100vw, 388px\" \/> <img loading=\"lazy\" decoding=\"async\" class=\"aligncenter size-full wp-image-2543\" src=\"https:\/\/sharewalker.com\/wp-content\/uploads\/2025\/03\/10005-24.png\" alt=\"\" width=\"386\" height=\"834\" srcset=\"https:\/\/sharewalker.com\/wp-content\/uploads\/2025\/03\/10005-24.png 386w, https:\/\/sharewalker.com\/wp-content\/uploads\/2025\/03\/10005-24-300x648.png 300w, https:\/\/sharewalker.com\/wp-content\/uploads\/2025\/03\/10005-24-139x300.png 139w\" sizes=\"(max-width: 386px) 100vw, 386px\" \/> <img loading=\"lazy\" decoding=\"async\" class=\"aligncenter size-full wp-image-2544\" src=\"https:\/\/sharewalker.com\/wp-content\/uploads\/2025\/03\/10006-25.png\" alt=\"\" width=\"385\" height=\"836\" srcset=\"https:\/\/sharewalker.com\/wp-content\/uploads\/2025\/03\/10006-25.png 385w, https:\/\/sharewalker.com\/wp-content\/uploads\/2025\/03\/10006-25-300x651.png 300w, https:\/\/sharewalker.com\/wp-content\/uploads\/2025\/03\/10006-25-138x300.png 138w\" sizes=\"(max-width: 385px) 100vw, 385px\" \/><\/p>","protected":false},"excerpt":{"rendered":"<p>Ce syst\u00e8me de centre commercial multilingue de saisie des commandes \u00e0 l'\u00e9tranger a \u00e9t\u00e9 d\u00e9velopp\u00e9 sur mesure avec uni-app. Il prend en charge la mise en correspondance automatique des commandes, le contr\u00f4le des liens entre les commandes et les fonctions de gestion de groupe. L'interface utilisateur du syst\u00e8me a \u00e9t\u00e9 optimis\u00e9e pour am\u00e9liorer l'exp\u00e9rience de l'utilisateur et r\u00e9pondre aux demandes des march\u00e9s \u00e9trangers.<\/p>","protected":false},"featured_media":9008,"comment_status":"open","ping_status":"closed","template":"","meta":{"_uag_custom_page_level_css":"","site-sidebar-layout":"default","site-content-layout":"","ast-site-content-layout":"default","site-content-style":"default","site-sidebar-style":"default","ast-global-header-display":"","ast-banner-title-visibility":"","ast-main-header-display":"","ast-hfb-above-header-display":"","ast-hfb-below-header-display":"","ast-hfb-mobile-header-display":"","site-post-title":"","ast-breadcrumbs-content":"","ast-featured-img":"","footer-sml-layout":"","theme-transparent-header-meta":"default","adv-header-id-meta":"","stick-header-meta":"","header-above-stick-meta":"","header-main-stick-meta":"","header-below-stick-meta":"","astra-migrate-meta-layouts":"set","ast-page-background-enabled":"default","ast-page-background-meta":{"desktop":{"background-color":"var(--ast-global-color-4)","background-image":"","background-repeat":"repeat","background-position":"center center","background-size":"auto","background-attachment":"scroll","background-type":"","background-media":"","overlay-type":"","overlay-color":"","overlay-opacity":"","overlay-gradient":""},"tablet":{"background-color":"","background-image":"","background-repeat":"repeat","background-position":"center center","background-size":"auto","background-attachment":"scroll","background-type":"","background-media":"","overlay-type":"","overlay-color":"","overlay-opacity":"","overlay-gradient":""},"mobile":{"background-color":"","background-image":"","background-repeat":"repeat","background-position":"center center","background-size":"auto","background-attachment":"scroll","background-type":"","background-media":"","overlay-type":"","overlay-color":"","overlay-opacity":"","overlay-gradient":""}},"ast-content-background-meta":{"desktop":{"background-color":"var(--ast-global-color-5)","background-image":"","background-repeat":"repeat","background-position":"center center","background-size":"auto","background-attachment":"scroll","background-type":"","background-media":"","overlay-type":"","overlay-color":"","overlay-opacity":"","overlay-gradient":""},"tablet":{"background-color":"var(--ast-global-color-5)","background-image":"","background-repeat":"repeat","background-position":"center center","background-size":"auto","background-attachment":"scroll","background-type":"","background-media":"","overlay-type":"","overlay-color":"","overlay-opacity":"","overlay-gradient":""},"mobile":{"background-color":"var(--ast-global-color-5)","background-image":"","background-repeat":"repeat","background-position":"center center","background-size":"auto","background-attachment":"scroll","background-type":"","background-media":"","overlay-type":"","overlay-color":"","overlay-opacity":"","overlay-gradient":""}}},"product_brand":[],"product_cat":[59],"product_tag":[195,198,200,199,197,201],"class_list":{"0":"post-2538","1":"product","2":"type-product","3":"status-publish","4":"has-post-thumbnail","6":"product_cat-order-sniping-order-manipulation","7":"product_tag-automatic-order-matching-system","8":"product_tag-custom-uni-app-development","9":"product_tag-group-management","10":"product_tag-order-linking-control","11":"product_tag-overseas-multi-language-order-snatching-mall","12":"product_tag-overseas-source-code","13":"desktop-align-left","14":"tablet-align-left","15":"mobile-align-left","17":"first","18":"instock","19":"shipping-taxable","20":"product-type-simple"},"uagb_featured_image_src":{"full":["https:\/\/sharewalker.com\/wp-content\/uploads\/2025\/03\/2121212.jpg",296,300,false],"thumbnail":["https:\/\/sharewalker.com\/wp-content\/uploads\/2025\/03\/2121212-150x150.jpg",150,150,true],"medium":["https:\/\/sharewalker.com\/wp-content\/uploads\/2025\/03\/2121212.jpg",296,300,false],"medium_large":["https:\/\/sharewalker.com\/wp-content\/uploads\/2025\/03\/2121212.jpg",296,300,false],"large":["https:\/\/sharewalker.com\/wp-content\/uploads\/2025\/03\/2121212.jpg",296,300,false],"1536x1536":["https:\/\/sharewalker.com\/wp-content\/uploads\/2025\/03\/2121212.jpg",296,300,false],"2048x2048":["https:\/\/sharewalker.com\/wp-content\/uploads\/2025\/03\/2121212.jpg",296,300,false],"trp-custom-language-flag":["https:\/\/sharewalker.com\/wp-content\/uploads\/2025\/03\/2121212-12x12.jpg",12,12,true],"woocommerce_thumbnail":["https:\/\/sharewalker.com\/wp-content\/uploads\/2025\/03\/2121212.jpg",296,300,false],"woocommerce_single":["https:\/\/sharewalker.com\/wp-content\/uploads\/2025\/03\/2121212.jpg",296,300,false],"woocommerce_gallery_thumbnail":["https:\/\/sharewalker.com\/wp-content\/uploads\/2025\/03\/2121212-100x100.jpg",100,100,true]},"uagb_author_info":{"display_name":"admin","author_link":"https:\/\/sharewalker.com\/fr\/author\/"},"uagb_comment_info":0,"uagb_excerpt":"This overseas multi-language order snatching mall system is custom-developed with uni-app, supporting automatic order matching, order linking control, and group management features. The system's UI has been optimized to enhance user experience, catering to overseas market demands.\u200b","_links":{"self":[{"href":"https:\/\/sharewalker.com\/fr\/wp-json\/wp\/v2\/product\/2538","targetHints":{"allow":["GET"]}}],"collection":[{"href":"https:\/\/sharewalker.com\/fr\/wp-json\/wp\/v2\/product"}],"about":[{"href":"https:\/\/sharewalker.com\/fr\/wp-json\/wp\/v2\/types\/product"}],"replies":[{"embeddable":true,"href":"https:\/\/sharewalker.com\/fr\/wp-json\/wp\/v2\/comments?post=2538"}],"version-history":[{"count":0,"href":"https:\/\/sharewalker.com\/fr\/wp-json\/wp\/v2\/product\/2538\/revisions"}],"wp:featuredmedia":[{"embeddable":true,"href":"https:\/\/sharewalker.com\/fr\/wp-json\/wp\/v2\/media\/9008"}],"wp:attachment":[{"href":"https:\/\/sharewalker.com\/fr\/wp-json\/wp\/v2\/media?parent=2538"}],"wp:term":[{"taxonomy":"product_brand","embeddable":true,"href":"https:\/\/sharewalker.com\/fr\/wp-json\/wp\/v2\/product_brand?post=2538"},{"taxonomy":"product_cat","embeddable":true,"href":"https:\/\/sharewalker.com\/fr\/wp-json\/wp\/v2\/product_cat?post=2538"},{"taxonomy":"product_tag","embeddable":true,"href":"https:\/\/sharewalker.com\/fr\/wp-json\/wp\/v2\/product_tag?post=2538"}],"curies":[{"name":"wp","href":"https:\/\/api.w.org\/{rel}","templated":true}]}}