{"id":2585,"date":"2025-03-24T22:10:59","date_gmt":"2025-03-24T14:10:59","guid":{"rendered":"https:\/\/sharewalker.com\/?post_type=product&#038;p=2585"},"modified":"2025-03-24T22:11:00","modified_gmt":"2025-03-24T14:11:00","slug":"tiktok-shop-clone-official-mall-system-order-brush-snatch-card-dispatch-functions-manual-card-suitable-for-quick-kill-triple-rebate-mechanism","status":"publish","type":"product","link":"https:\/\/sharewalker.com\/fr\/produit\/tiktok-shop-clone-official-mall-system-order-brush-snatch-card-dispatch-functions-manual-card-suitable-for-quick-kill-triple-rebate-mechanism\/","title":{"rendered":"TikTok Shop Clone Official Mall System | Order Brush, Snatch, Card, Dispatch Functions | Manual Card Suitable for Quick Kill | Triple Rebate Mechanism"},"content":{"rendered":"<p>Le syst\u00e8me a \u00e9t\u00e9 optimis\u00e9 avec les caract\u00e9ristiques suivantes.<\/p>\n<p>Exigence en mati\u00e8re d'\u00e9valuation des commandes : Les commandes ne peuvent \u00eatre soumises qu'apr\u00e8s avoir cliqu\u00e9 sur une \u00e9valuation cinq \u00e9toiles, ce qui renforce l'engagement des utilisateurs.<\/p>\n<p>Param\u00e8tres manuels de carde : Permet de r\u00e9gler manuellement les quantit\u00e9s de cartes, ce qui convient aux sc\u00e9narios de mise \u00e0 mort rapide.<\/p>\n<p>Fonction de compensation des commandes : Permet de compenser les ordres pour des raisons de commodit\u00e9 administrative.<\/p>\n<p>Gestion des niveaux d'adh\u00e9sion : Comprend une fonctionnalit\u00e9 de niveaux d'adh\u00e9sion pour r\u00e9pondre aux diff\u00e9rents besoins des utilisateurs.<\/p>\n<div style=\"width: 2254px;\" class=\"wp-video\"><video class=\"wp-video-shortcode\" id=\"video-2585-1\" width=\"2254\" height=\"1080\" preload=\"metadata\" controls=\"controls\"><source type=\"video\/mp4\" src=\"https:\/\/sharewalker.com\/wp-content\/uploads\/2025\/03\/202407301722293666759436.mp4?_=1\" \/><a href=\"https:\/\/sharewalker.com\/wp-content\/uploads\/2025\/03\/202407301722293666759436.mp4\">https:\/\/sharewalker.com\/wp-content\/uploads\/2025\/03\/202407301722293666759436.mp4<\/a><\/video><\/div>\n<p><img fetchpriority=\"high\" decoding=\"async\" class=\"aligncenter size-full wp-image-2587\" src=\"https:\/\/sharewalker.com\/wp-content\/uploads\/2025\/03\/10001-4.png\" alt=\"\" width=\"381\" height=\"824\" \/> <img decoding=\"async\" class=\"aligncenter size-full wp-image-2588\" src=\"https:\/\/sharewalker.com\/wp-content\/uploads\/2025\/03\/10002-26.png\" alt=\"\" width=\"381\" height=\"824\" srcset=\"https:\/\/sharewalker.com\/wp-content\/uploads\/2025\/03\/10002-26.png 381w, https:\/\/sharewalker.com\/wp-content\/uploads\/2025\/03\/10002-26-300x649.png 300w, https:\/\/sharewalker.com\/wp-content\/uploads\/2025\/03\/10002-26-139x300.png 139w\" sizes=\"(max-width: 381px) 100vw, 381px\" \/> <img decoding=\"async\" class=\"aligncenter size-full wp-image-2589\" src=\"https:\/\/sharewalker.com\/wp-content\/uploads\/2025\/03\/10003-25.png\" alt=\"\" width=\"381\" height=\"824\" srcset=\"https:\/\/sharewalker.com\/wp-content\/uploads\/2025\/03\/10003-25.png 381w, https:\/\/sharewalker.com\/wp-content\/uploads\/2025\/03\/10003-25-300x649.png 300w, https:\/\/sharewalker.com\/wp-content\/uploads\/2025\/03\/10003-25-139x300.png 139w\" sizes=\"(max-width: 381px) 100vw, 381px\" \/> <img loading=\"lazy\" decoding=\"async\" class=\"aligncenter size-full wp-image-2590\" src=\"https:\/\/sharewalker.com\/wp-content\/uploads\/2025\/03\/10004-27.png\" alt=\"\" width=\"381\" height=\"824\" srcset=\"https:\/\/sharewalker.com\/wp-content\/uploads\/2025\/03\/10004-27.png 381w, https:\/\/sharewalker.com\/wp-content\/uploads\/2025\/03\/10004-27-300x649.png 300w, https:\/\/sharewalker.com\/wp-content\/uploads\/2025\/03\/10004-27-139x300.png 139w\" sizes=\"(max-width: 381px) 100vw, 381px\" \/> <img loading=\"lazy\" decoding=\"async\" class=\"aligncenter size-full wp-image-2591\" src=\"https:\/\/sharewalker.com\/wp-content\/uploads\/2025\/03\/10005-28.png\" alt=\"\" width=\"381\" height=\"824\" srcset=\"https:\/\/sharewalker.com\/wp-content\/uploads\/2025\/03\/10005-28.png 381w, https:\/\/sharewalker.com\/wp-content\/uploads\/2025\/03\/10005-28-300x649.png 300w, https:\/\/sharewalker.com\/wp-content\/uploads\/2025\/03\/10005-28-139x300.png 139w\" sizes=\"(max-width: 381px) 100vw, 381px\" \/> <img loading=\"lazy\" decoding=\"async\" class=\"aligncenter size-full wp-image-2592\" src=\"https:\/\/sharewalker.com\/wp-content\/uploads\/2025\/03\/10006-28.png\" alt=\"\" width=\"381\" height=\"824\" srcset=\"https:\/\/sharewalker.com\/wp-content\/uploads\/2025\/03\/10006-28.png 381w, https:\/\/sharewalker.com\/wp-content\/uploads\/2025\/03\/10006-28-300x649.png 300w, https:\/\/sharewalker.com\/wp-content\/uploads\/2025\/03\/10006-28-139x300.png 139w\" sizes=\"(max-width: 381px) 100vw, 381px\" \/> <img loading=\"lazy\" decoding=\"async\" class=\"aligncenter size-full wp-image-2593\" src=\"https:\/\/sharewalker.com\/wp-content\/uploads\/2025\/03\/10007-28.png\" alt=\"\" width=\"1920\" height=\"919\" srcset=\"https:\/\/sharewalker.com\/wp-content\/uploads\/2025\/03\/10007-28.png 1920w, https:\/\/sharewalker.com\/wp-content\/uploads\/2025\/03\/10007-28-300x144.png 300w, https:\/\/sharewalker.com\/wp-content\/uploads\/2025\/03\/10007-28-1024x490.png 1024w, https:\/\/sharewalker.com\/wp-content\/uploads\/2025\/03\/10007-28-768x368.png 768w, https:\/\/sharewalker.com\/wp-content\/uploads\/2025\/03\/10007-28-1536x735.png 1536w\" sizes=\"(max-width: 1920px) 100vw, 1920px\" \/> <img loading=\"lazy\" decoding=\"async\" class=\"aligncenter size-full wp-image-2594\" src=\"https:\/\/sharewalker.com\/wp-content\/uploads\/2025\/03\/10008-26.png\" alt=\"\" width=\"1920\" height=\"919\" srcset=\"https:\/\/sharewalker.com\/wp-content\/uploads\/2025\/03\/10008-26.png 1920w, https:\/\/sharewalker.com\/wp-content\/uploads\/2025\/03\/10008-26-300x144.png 300w, https:\/\/sharewalker.com\/wp-content\/uploads\/2025\/03\/10008-26-1024x490.png 1024w, https:\/\/sharewalker.com\/wp-content\/uploads\/2025\/03\/10008-26-768x368.png 768w, https:\/\/sharewalker.com\/wp-content\/uploads\/2025\/03\/10008-26-1536x735.png 1536w\" sizes=\"(max-width: 1920px) 100vw, 1920px\" \/> <img loading=\"lazy\" decoding=\"async\" class=\"aligncenter size-full wp-image-2595\" src=\"https:\/\/sharewalker.com\/wp-content\/uploads\/2025\/03\/10009-26.png\" alt=\"\" width=\"1920\" height=\"919\" srcset=\"https:\/\/sharewalker.com\/wp-content\/uploads\/2025\/03\/10009-26.png 1920w, https:\/\/sharewalker.com\/wp-content\/uploads\/2025\/03\/10009-26-300x144.png 300w, https:\/\/sharewalker.com\/wp-content\/uploads\/2025\/03\/10009-26-1024x490.png 1024w, https:\/\/sharewalker.com\/wp-content\/uploads\/2025\/03\/10009-26-768x368.png 768w, https:\/\/sharewalker.com\/wp-content\/uploads\/2025\/03\/10009-26-1536x735.png 1536w\" sizes=\"(max-width: 1920px) 100vw, 1920px\" \/> <img loading=\"lazy\" decoding=\"async\" class=\"aligncenter size-full wp-image-2596\" src=\"https:\/\/sharewalker.com\/wp-content\/uploads\/2025\/03\/10010-26.png\" alt=\"\" width=\"1920\" height=\"919\" srcset=\"https:\/\/sharewalker.com\/wp-content\/uploads\/2025\/03\/10010-26.png 1920w, https:\/\/sharewalker.com\/wp-content\/uploads\/2025\/03\/10010-26-300x144.png 300w, https:\/\/sharewalker.com\/wp-content\/uploads\/2025\/03\/10010-26-1024x490.png 1024w, https:\/\/sharewalker.com\/wp-content\/uploads\/2025\/03\/10010-26-768x368.png 768w, https:\/\/sharewalker.com\/wp-content\/uploads\/2025\/03\/10010-26-1536x735.png 1536w\" sizes=\"(max-width: 1920px) 100vw, 1920px\" \/><\/p>\n<div id=\"gtx-trans\" style=\"position: absolute; left: 792px; top: 275px;\">\n<div class=\"gtx-trans-icon\"><\/div>\n<\/div>","protected":false},"excerpt":{"rendered":"<p>Il s'agit d'un syst\u00e8me con\u00e7u pour imiter le centre commercial officiel de TikTok, avec des fonctions de brossage de commandes, d'arrachage, d'\u00e9mission de cartes et d'exp\u00e9dition. Il introduit une exigence d'\u00e9valuation \u00e0 cinq \u00e9toiles avant la soumission de la commande, prend en charge l'\u00e9mission manuelle de cartes pour des montants adapt\u00e9s \u00e0 des sc\u00e9narios de mise \u00e0 mort rapide, permet l'annulation des commandes et inclut la gestion des niveaux d'adh\u00e9sion.<\/p>","protected":false},"featured_media":2587,"comment_status":"open","ping_status":"closed","template":"","meta":{"_uag_custom_page_level_css":"","site-sidebar-layout":"default","site-content-layout":"","ast-site-content-layout":"default","site-content-style":"default","site-sidebar-style":"default","ast-global-header-display":"","ast-banner-title-visibility":"","ast-main-header-display":"","ast-hfb-above-header-display":"","ast-hfb-below-header-display":"","ast-hfb-mobile-header-display":"","site-post-title":"","ast-breadcrumbs-content":"","ast-featured-img":"","footer-sml-layout":"","theme-transparent-header-meta":"default","adv-header-id-meta":"","stick-header-meta":"","header-above-stick-meta":"","header-main-stick-meta":"","header-below-stick-meta":"","astra-migrate-meta-layouts":"set","ast-page-background-enabled":"default","ast-page-background-meta":{"desktop":{"background-color":"var(--ast-global-color-4)","background-image":"","background-repeat":"repeat","background-position":"center center","background-size":"auto","background-attachment":"scroll","background-type":"","background-media":"","overlay-type":"","overlay-color":"","overlay-opacity":"","overlay-gradient":""},"tablet":{"background-color":"","background-image":"","background-repeat":"repeat","background-position":"center center","background-size":"auto","background-attachment":"scroll","background-type":"","background-media":"","overlay-type":"","overlay-color":"","overlay-opacity":"","overlay-gradient":""},"mobile":{"background-color":"","background-image":"","background-repeat":"repeat","background-position":"center center","background-size":"auto","background-attachment":"scroll","background-type":"","background-media":"","overlay-type":"","overlay-color":"","overlay-opacity":"","overlay-gradient":""}},"ast-content-background-meta":{"desktop":{"background-color":"var(--ast-global-color-5)","background-image":"","background-repeat":"repeat","background-position":"center center","background-size":"auto","background-attachment":"scroll","background-type":"","background-media":"","overlay-type":"","overlay-color":"","overlay-opacity":"","overlay-gradient":""},"tablet":{"background-color":"var(--ast-global-color-5)","background-image":"","background-repeat":"repeat","background-position":"center center","background-size":"auto","background-attachment":"scroll","background-type":"","background-media":"","overlay-type":"","overlay-color":"","overlay-opacity":"","overlay-gradient":""},"mobile":{"background-color":"var(--ast-global-color-5)","background-image":"","background-repeat":"repeat","background-position":"center center","background-size":"auto","background-attachment":"scroll","background-type":"","background-media":"","overlay-type":"","overlay-color":"","overlay-opacity":"","overlay-gradient":""}}},"product_brand":[],"product_cat":[59],"product_tag":[216,217,218,222,214,221,219,215,213,220],"class_list":{"0":"post-2585","1":"product","2":"type-product","3":"status-publish","4":"has-post-thumbnail","6":"product_cat-order-sniping-order-manipulation","7":"product_tag-card","8":"product_tag-dispatch-functions","9":"product_tag-manual-carding","10":"product_tag-membership-level-management","11":"product_tag-order-brush","12":"product_tag-order-review","13":"product_tag-quick-kill","14":"product_tag-snatch","15":"product_tag-tiktok-shop-clone-official-mall-system","16":"product_tag-triple-rebate-mechanism","17":"desktop-align-left","18":"tablet-align-left","19":"mobile-align-left","21":"first","22":"instock","23":"shipping-taxable","24":"product-type-simple"},"uagb_featured_image_src":{"full":["https:\/\/sharewalker.com\/wp-content\/uploads\/2025\/03\/10001-4-e1742825435161.png",380,396,false],"thumbnail":["https:\/\/sharewalker.com\/wp-content\/uploads\/2025\/03\/10001-4-e1742825435161-150x150.png",150,150,true],"medium":["https:\/\/sharewalker.com\/wp-content\/uploads\/2025\/03\/10001-4-e1742825435161-288x300.png",288,300,true],"medium_large":["https:\/\/sharewalker.com\/wp-content\/uploads\/2025\/03\/10001-4-e1742825435161.png",380,396,false],"large":["https:\/\/sharewalker.com\/wp-content\/uploads\/2025\/03\/10001-4-e1742825435161.png",380,396,false],"1536x1536":["https:\/\/sharewalker.com\/wp-content\/uploads\/2025\/03\/10001-4-e1742825435161.png",380,396,false],"2048x2048":["https:\/\/sharewalker.com\/wp-content\/uploads\/2025\/03\/10001-4-e1742825435161.png",380,396,false],"trp-custom-language-flag":["https:\/\/sharewalker.com\/wp-content\/uploads\/2025\/03\/10001-4-e1742825435161.png",12,12,false],"woocommerce_thumbnail":["https:\/\/sharewalker.com\/wp-content\/uploads\/2025\/03\/10001-4-e1742825435161-300x300.png",300,300,true],"woocommerce_single":["https:\/\/sharewalker.com\/wp-content\/uploads\/2025\/03\/10001-4-e1742825435161-300x313.png",300,313,true],"woocommerce_gallery_thumbnail":["https:\/\/sharewalker.com\/wp-content\/uploads\/2025\/03\/10001-4-e1742825435161-100x100.png",100,100,true]},"uagb_author_info":{"display_name":"admin","author_link":"https:\/\/sharewalker.com\/fr\/author\/"},"uagb_comment_info":0,"uagb_excerpt":"This is a system developed to emulate the official TikTok Shop mall, featuring order brushing, snatching, carding, and dispatching functions. It introduces a five-star review requirement before order submission, supports manual carding of amounts suitable for quick kill scenarios, allows order clearing, and includes membership level management.\u200b","_links":{"self":[{"href":"https:\/\/sharewalker.com\/fr\/wp-json\/wp\/v2\/product\/2585","targetHints":{"allow":["GET"]}}],"collection":[{"href":"https:\/\/sharewalker.com\/fr\/wp-json\/wp\/v2\/product"}],"about":[{"href":"https:\/\/sharewalker.com\/fr\/wp-json\/wp\/v2\/types\/product"}],"replies":[{"embeddable":true,"href":"https:\/\/sharewalker.com\/fr\/wp-json\/wp\/v2\/comments?post=2585"}],"version-history":[{"count":0,"href":"https:\/\/sharewalker.com\/fr\/wp-json\/wp\/v2\/product\/2585\/revisions"}],"wp:featuredmedia":[{"embeddable":true,"href":"https:\/\/sharewalker.com\/fr\/wp-json\/wp\/v2\/media\/2587"}],"wp:attachment":[{"href":"https:\/\/sharewalker.com\/fr\/wp-json\/wp\/v2\/media?parent=2585"}],"wp:term":[{"taxonomy":"product_brand","embeddable":true,"href":"https:\/\/sharewalker.com\/fr\/wp-json\/wp\/v2\/product_brand?post=2585"},{"taxonomy":"product_cat","embeddable":true,"href":"https:\/\/sharewalker.com\/fr\/wp-json\/wp\/v2\/product_cat?post=2585"},{"taxonomy":"product_tag","embeddable":true,"href":"https:\/\/sharewalker.com\/fr\/wp-json\/wp\/v2\/product_tag?post=2585"}],"curies":[{"name":"wp","href":"https:\/\/api.w.org\/{rel}","templated":true}]}}