{"id":2614,"date":"2025-03-24T22:24:05","date_gmt":"2025-03-24T14:24:05","guid":{"rendered":"https:\/\/sharewalker.com\/?post_type=product&#038;p=2614"},"modified":"2025-03-24T22:24:06","modified_gmt":"2025-03-24T14:24:06","slug":"hotel-and-homestay-property-mall-order-brush-system-multi-language-automatic-order-matching-group-kill-and-needle-injection-features-perfect-operation","status":"publish","type":"product","link":"https:\/\/sharewalker.com\/fr\/produit\/systeme-de-brossage-des-commandes-des-hotels-et-des-maisons-de-vacances-systeme-de-brossage-automatique-des-commandes-en-plusieurs-langues-caracteristiques-de-linjection-des-aiguilles-et-de-la-mise-a\/","title":{"rendered":"Syst\u00e8me de brosse \u00e0 commande pour les h\u00f4tels et les centres d'h\u00e9bergement | Correspondance automatique des commandes en plusieurs langues | Fonctionnalit\u00e9s de destruction de groupe et d'injection d'aiguille | Fonctionnement parfait"},"content":{"rendered":"<p>Le syst\u00e8me offre les caract\u00e9ristiques cl\u00e9s suivantes.<\/p>\n<p>Recherche et affichage automatiques des informations sur les produits : La page d'accueil et les pages de saisie des commandes recherchent et affichent automatiquement les informations sur les produits, ce qui permet de les remplacer par des propri\u00e9t\u00e9s h\u00f4teli\u00e8res, des produits de centres commerciaux, etc.<\/p>\n<p>Prise en charge de plusieurs langues : Le syst\u00e8me prend en charge plusieurs langues, ce qui permet de r\u00e9pondre aux besoins des utilisateurs de diff\u00e9rentes langues et d'\u00e9largir la port\u00e9e du march\u00e9.<\/p>\n<p>Mise en correspondance automatique des commandes : des algorithmes intelligents mettent automatiquement en correspondance les commandes en fonction des besoins des utilisateurs et des caract\u00e9ristiques des produits, am\u00e9liorant ainsi l'efficacit\u00e9 du traitement des commandes.<\/p>\n<p>Fonctionnalit\u00e9s de destruction de groupe et d'injection d'aiguille : Les fonctionnalit\u00e9s de destruction de groupe et d'injection d'aiguille permettent d'optimiser la distribution et le traitement des commandes, am\u00e9liorant ainsi l'efficacit\u00e9 du fonctionnement du syst\u00e8me.<\/p>\n<div style=\"width: 2254px;\" class=\"wp-video\"><video class=\"wp-video-shortcode\" id=\"video-2614-1\" width=\"2254\" height=\"1080\" preload=\"metadata\" controls=\"controls\"><source type=\"video\/mp4\" src=\"https:\/\/sharewalker.com\/wp-content\/uploads\/2025\/03\/202408131723531850396889.mp4?_=1\" \/><a href=\"https:\/\/sharewalker.com\/wp-content\/uploads\/2025\/03\/202408131723531850396889.mp4\">https:\/\/sharewalker.com\/wp-content\/uploads\/2025\/03\/202408131723531850396889.mp4<\/a><\/video><\/div>\n<p><img fetchpriority=\"high\" decoding=\"async\" class=\"aligncenter size-full wp-image-2616\" src=\"https:\/\/sharewalker.com\/wp-content\/uploads\/2025\/03\/10001-6.png\" alt=\"\" width=\"414\" height=\"852\" \/> <img decoding=\"async\" class=\"aligncenter size-full wp-image-2617\" src=\"https:\/\/sharewalker.com\/wp-content\/uploads\/2025\/03\/10002-27.png\" alt=\"\" width=\"407\" height=\"844\" srcset=\"https:\/\/sharewalker.com\/wp-content\/uploads\/2025\/03\/10002-27.png 407w, https:\/\/sharewalker.com\/wp-content\/uploads\/2025\/03\/10002-27-300x622.png 300w, https:\/\/sharewalker.com\/wp-content\/uploads\/2025\/03\/10002-27-145x300.png 145w\" sizes=\"(max-width: 407px) 100vw, 407px\" \/> <img decoding=\"async\" class=\"aligncenter size-full wp-image-2618\" src=\"https:\/\/sharewalker.com\/wp-content\/uploads\/2025\/03\/10003-26.png\" alt=\"\" width=\"411\" height=\"843\" srcset=\"https:\/\/sharewalker.com\/wp-content\/uploads\/2025\/03\/10003-26.png 411w, https:\/\/sharewalker.com\/wp-content\/uploads\/2025\/03\/10003-26-300x615.png 300w, https:\/\/sharewalker.com\/wp-content\/uploads\/2025\/03\/10003-26-146x300.png 146w\" sizes=\"(max-width: 411px) 100vw, 411px\" \/> <img loading=\"lazy\" decoding=\"async\" class=\"aligncenter size-full wp-image-2619\" src=\"https:\/\/sharewalker.com\/wp-content\/uploads\/2025\/03\/10004-29.png\" alt=\"\" width=\"399\" height=\"849\" srcset=\"https:\/\/sharewalker.com\/wp-content\/uploads\/2025\/03\/10004-29.png 399w, https:\/\/sharewalker.com\/wp-content\/uploads\/2025\/03\/10004-29-300x638.png 300w, https:\/\/sharewalker.com\/wp-content\/uploads\/2025\/03\/10004-29-141x300.png 141w\" sizes=\"(max-width: 399px) 100vw, 399px\" \/> <img loading=\"lazy\" decoding=\"async\" class=\"aligncenter size-full wp-image-2620\" src=\"https:\/\/sharewalker.com\/wp-content\/uploads\/2025\/03\/10005-30.png\" alt=\"\" width=\"415\" height=\"856\" srcset=\"https:\/\/sharewalker.com\/wp-content\/uploads\/2025\/03\/10005-30.png 415w, https:\/\/sharewalker.com\/wp-content\/uploads\/2025\/03\/10005-30-300x619.png 300w, https:\/\/sharewalker.com\/wp-content\/uploads\/2025\/03\/10005-30-145x300.png 145w\" sizes=\"(max-width: 415px) 100vw, 415px\" \/><\/p>","protected":false},"excerpt":{"rendered":"<p>Ce syst\u00e8me est con\u00e7u pour les centres commerciaux d'h\u00f4tels et de logements chez l'habitant et offre des fonctions telles que le brossage des commandes, la saisie des commandes et le plafonnement des commandes. La page d'accueil et les pages de saisie des commandes recherchent et affichent automatiquement des informations sur les produits, ce qui permet de les remplacer par des propri\u00e9t\u00e9s h\u00f4teli\u00e8res, des produits de la galerie marchande, etc. Il prend en charge plusieurs langues, optimise la correspondance automatique des commandes et am\u00e9liore l'efficacit\u00e9 op\u00e9rationnelle.<\/p>","protected":false},"featured_media":2616,"comment_status":"open","ping_status":"closed","template":"","meta":{"_uag_custom_page_level_css":"","site-sidebar-layout":"default","site-content-layout":"","ast-site-content-layout":"default","site-content-style":"default","site-sidebar-style":"default","ast-global-header-display":"","ast-banner-title-visibility":"","ast-main-header-display":"","ast-hfb-above-header-display":"","ast-hfb-below-header-display":"","ast-hfb-mobile-header-display":"","site-post-title":"","ast-breadcrumbs-content":"","ast-featured-img":"","footer-sml-layout":"","theme-transparent-header-meta":"default","adv-header-id-meta":"","stick-header-meta":"","header-above-stick-meta":"","header-main-stick-meta":"","header-below-stick-meta":"","astra-migrate-meta-layouts":"set","ast-page-background-enabled":"default","ast-page-background-meta":{"desktop":{"background-color":"var(--ast-global-color-4)","background-image":"","background-repeat":"repeat","background-position":"center center","background-size":"auto","background-attachment":"scroll","background-type":"","background-media":"","overlay-type":"","overlay-color":"","overlay-opacity":"","overlay-gradient":""},"tablet":{"background-color":"","background-image":"","background-repeat":"repeat","background-position":"center center","background-size":"auto","background-attachment":"scroll","background-type":"","background-media":"","overlay-type":"","overlay-color":"","overlay-opacity":"","overlay-gradient":""},"mobile":{"background-color":"","background-image":"","background-repeat":"repeat","background-position":"center center","background-size":"auto","background-attachment":"scroll","background-type":"","background-media":"","overlay-type":"","overlay-color":"","overlay-opacity":"","overlay-gradient":""}},"ast-content-background-meta":{"desktop":{"background-color":"var(--ast-global-color-5)","background-image":"","background-repeat":"repeat","background-position":"center center","background-size":"auto","background-attachment":"scroll","background-type":"","background-media":"","overlay-type":"","overlay-color":"","overlay-opacity":"","overlay-gradient":""},"tablet":{"background-color":"var(--ast-global-color-5)","background-image":"","background-repeat":"repeat","background-position":"center center","background-size":"auto","background-attachment":"scroll","background-type":"","background-media":"","overlay-type":"","overlay-color":"","overlay-opacity":"","overlay-gradient":""},"mobile":{"background-color":"var(--ast-global-color-5)","background-image":"","background-repeat":"repeat","background-position":"center center","background-size":"auto","background-attachment":"scroll","background-type":"","background-media":"","overlay-type":"","overlay-color":"","overlay-opacity":"","overlay-gradient":""}}},"product_brand":[],"product_cat":[59,206],"product_tag":[90,230,228,81,229],"class_list":{"0":"post-2614","1":"product","2":"type-product","3":"status-publish","4":"has-post-thumbnail","6":"product_cat-order-sniping-order-manipulation","7":"product_cat-recommend","8":"product_tag-automatic-order-matching","9":"product_tag-group-kill-and-needle-injection-features","10":"product_tag-hotel-and-homestay-property-mall","11":"product_tag-multi-language-support","12":"product_tag-order-brush-system","13":"desktop-align-left","14":"tablet-align-left","15":"mobile-align-left","17":"first","18":"instock","19":"shipping-taxable","20":"product-type-simple"},"uagb_featured_image_src":{"full":["https:\/\/sharewalker.com\/wp-content\/uploads\/2025\/03\/10001-6-e1742826240626.png",414,416,false],"thumbnail":["https:\/\/sharewalker.com\/wp-content\/uploads\/2025\/03\/10001-6-e1742826240626-150x150.png",150,150,true],"medium":["https:\/\/sharewalker.com\/wp-content\/uploads\/2025\/03\/10001-6-e1742826240626-300x300.png",300,300,true],"medium_large":["https:\/\/sharewalker.com\/wp-content\/uploads\/2025\/03\/10001-6-e1742826240626.png",414,416,false],"large":["https:\/\/sharewalker.com\/wp-content\/uploads\/2025\/03\/10001-6-e1742826240626.png",414,416,false],"1536x1536":["https:\/\/sharewalker.com\/wp-content\/uploads\/2025\/03\/10001-6-e1742826240626.png",414,416,false],"2048x2048":["https:\/\/sharewalker.com\/wp-content\/uploads\/2025\/03\/10001-6-e1742826240626.png",414,416,false],"trp-custom-language-flag":["https:\/\/sharewalker.com\/wp-content\/uploads\/2025\/03\/10001-6-e1742826240626.png",12,12,false],"woocommerce_thumbnail":["https:\/\/sharewalker.com\/wp-content\/uploads\/2025\/03\/10001-6-e1742826240626-300x300.png",300,300,true],"woocommerce_single":["https:\/\/sharewalker.com\/wp-content\/uploads\/2025\/03\/10001-6-e1742826240626-300x300.png",300,300,true],"woocommerce_gallery_thumbnail":["https:\/\/sharewalker.com\/wp-content\/uploads\/2025\/03\/10001-6-e1742826240626-100x100.png",100,100,true]},"uagb_author_info":{"display_name":"admin","author_link":"https:\/\/sharewalker.com\/fr\/author\/"},"uagb_comment_info":0,"uagb_excerpt":"This system is designed for hotel and homestay property malls, offering features like order brushing, order grabbing, and order capping. The homepage and order grabbing pages automatically fetch and display product information, supporting replacement with hotel properties, mall products, and more. It supports multiple languages, optimizes automatic order matching, and enhances operational efficiency.\u200b","_links":{"self":[{"href":"https:\/\/sharewalker.com\/fr\/wp-json\/wp\/v2\/product\/2614","targetHints":{"allow":["GET"]}}],"collection":[{"href":"https:\/\/sharewalker.com\/fr\/wp-json\/wp\/v2\/product"}],"about":[{"href":"https:\/\/sharewalker.com\/fr\/wp-json\/wp\/v2\/types\/product"}],"replies":[{"embeddable":true,"href":"https:\/\/sharewalker.com\/fr\/wp-json\/wp\/v2\/comments?post=2614"}],"version-history":[{"count":0,"href":"https:\/\/sharewalker.com\/fr\/wp-json\/wp\/v2\/product\/2614\/revisions"}],"wp:featuredmedia":[{"embeddable":true,"href":"https:\/\/sharewalker.com\/fr\/wp-json\/wp\/v2\/media\/2616"}],"wp:attachment":[{"href":"https:\/\/sharewalker.com\/fr\/wp-json\/wp\/v2\/media?parent=2614"}],"wp:term":[{"taxonomy":"product_brand","embeddable":true,"href":"https:\/\/sharewalker.com\/fr\/wp-json\/wp\/v2\/product_brand?post=2614"},{"taxonomy":"product_cat","embeddable":true,"href":"https:\/\/sharewalker.com\/fr\/wp-json\/wp\/v2\/product_cat?post=2614"},{"taxonomy":"product_tag","embeddable":true,"href":"https:\/\/sharewalker.com\/fr\/wp-json\/wp\/v2\/product_tag?post=2614"}],"curies":[{"name":"wp","href":"https:\/\/api.w.org\/{rel}","templated":true}]}}