{"id":2857,"date":"2025-03-25T15:00:15","date_gmt":"2025-03-25T07:00:15","guid":{"rendered":"https:\/\/sharewalker.com\/?post_type=product&#038;p=2857"},"modified":"2025-03-25T15:00:15","modified_gmt":"2025-03-25T07:00:15","slug":"overseas-multilingual-pc28-guessing-system-one-yuan-treasure-hunt-and-cloud-purchase-platform-bulk-preset-lottery-function-new-ui-design","status":"publish","type":"product","link":"https:\/\/sharewalker.com\/fr\/produit\/systeme-de-devinettes-multilingues-pc28-a-letranger-chasse-au-tresor-dun-yuan-et-plateforme-dachat-en-nuage-fonction-de-loterie-predefinie-en-vrac-nouvelle-conception-de-linterface-utilisateur\/","title":{"rendered":"Syst\u00e8me de devinettes PC28 multilingue d'outre-mer | Chasse au tr\u00e9sor d'un yuan et plateforme d'achat dans le nuage | Fonction de loterie pr\u00e9d\u00e9finie en vrac | Nouveau design de l'interface utilisateur"},"content":{"rendered":"<p>Ce syst\u00e8me est une plate-forme PC28 con\u00e7ue pour le march\u00e9 d'outre-mer.<\/p>\n<p>Support multilingue : Le syst\u00e8me offre des interfaces en chinois simplifi\u00e9, chinois traditionnel, anglais et japonais pour r\u00e9pondre aux besoins des utilisateurs internationaux.<\/p>\n<p>Chasse au tr\u00e9sor \u00e0 un yuan : Les utilisateurs peuvent participer \u00e0 des chasses au tr\u00e9sor avec un seul yuan, ce qui accro\u00eet l'interactivit\u00e9 et le plaisir.<\/p>\n<p>Deviner les achats dans le nuage : Fournit une fonctionnalit\u00e9 de devinette d'achat dans le nuage pour enrichir l'engagement de l'utilisateur.<\/p>\n<p>Loterie pr\u00e9d\u00e9finie en bloc : introduit une fonction de num\u00e9ro de loterie pr\u00e9d\u00e9fini en bloc, facilitant la gestion et l'exploitation pour les administrateurs.<\/p>\n<p>Nouvelle conception de l'interface utilisateur : Optimisation de l'interface utilisateur pour am\u00e9liorer l'attrait visuel et l'exp\u00e9rience op\u00e9rationnelle.<\/p>\n<p>Ce syst\u00e8me convient aux plates-formes de commerce \u00e9lectronique qui souhaitent se d\u00e9velopper sur les march\u00e9s \u00e9trangers. Il offre des fonctions compl\u00e8tes de recherche et de chasse au tr\u00e9sor pour soutenir la croissance de l'entreprise.<\/p>\n<p><img fetchpriority=\"high\" decoding=\"async\" class=\"aligncenter size-full wp-image-2858\" src=\"https:\/\/sharewalker.com\/wp-content\/uploads\/2025\/03\/10001-8.png\" alt=\"\" width=\"394\" height=\"792\" srcset=\"https:\/\/sharewalker.com\/wp-content\/uploads\/2025\/03\/10001-8.png 394w, https:\/\/sharewalker.com\/wp-content\/uploads\/2025\/03\/10001-8-149x300.png 149w, https:\/\/sharewalker.com\/wp-content\/uploads\/2025\/03\/10001-8-300x603.png 300w\" sizes=\"(max-width: 394px) 100vw, 394px\" \/> <img decoding=\"async\" class=\"aligncenter size-full wp-image-2859\" src=\"https:\/\/sharewalker.com\/wp-content\/uploads\/2025\/03\/10002-9.jpg\" alt=\"\" width=\"452\" height=\"300\" \/> <img decoding=\"async\" class=\"aligncenter size-full wp-image-2860\" src=\"https:\/\/sharewalker.com\/wp-content\/uploads\/2025\/03\/10003-35.png\" alt=\"\" width=\"397\" height=\"796\" srcset=\"https:\/\/sharewalker.com\/wp-content\/uploads\/2025\/03\/10003-35.png 397w, https:\/\/sharewalker.com\/wp-content\/uploads\/2025\/03\/10003-35-150x300.png 150w, https:\/\/sharewalker.com\/wp-content\/uploads\/2025\/03\/10003-35-300x602.png 300w\" sizes=\"(max-width: 397px) 100vw, 397px\" \/> <img loading=\"lazy\" decoding=\"async\" class=\"aligncenter size-full wp-image-2861\" src=\"https:\/\/sharewalker.com\/wp-content\/uploads\/2025\/03\/10004-38.png\" alt=\"\" width=\"402\" height=\"796\" srcset=\"https:\/\/sharewalker.com\/wp-content\/uploads\/2025\/03\/10004-38.png 402w, https:\/\/sharewalker.com\/wp-content\/uploads\/2025\/03\/10004-38-152x300.png 152w, https:\/\/sharewalker.com\/wp-content\/uploads\/2025\/03\/10004-38-300x594.png 300w\" sizes=\"(max-width: 402px) 100vw, 402px\" \/> <img loading=\"lazy\" decoding=\"async\" class=\"aligncenter size-full wp-image-2862\" src=\"https:\/\/sharewalker.com\/wp-content\/uploads\/2025\/03\/10005-39.png\" alt=\"\" width=\"401\" height=\"802\" srcset=\"https:\/\/sharewalker.com\/wp-content\/uploads\/2025\/03\/10005-39.png 401w, https:\/\/sharewalker.com\/wp-content\/uploads\/2025\/03\/10005-39-150x300.png 150w, https:\/\/sharewalker.com\/wp-content\/uploads\/2025\/03\/10005-39-300x600.png 300w\" sizes=\"(max-width: 401px) 100vw, 401px\" \/> <img loading=\"lazy\" decoding=\"async\" class=\"aligncenter size-full wp-image-2863\" src=\"https:\/\/sharewalker.com\/wp-content\/uploads\/2025\/03\/10006-38.png\" alt=\"\" width=\"401\" height=\"798\" srcset=\"https:\/\/sharewalker.com\/wp-content\/uploads\/2025\/03\/10006-38.png 401w, https:\/\/sharewalker.com\/wp-content\/uploads\/2025\/03\/10006-38-151x300.png 151w, https:\/\/sharewalker.com\/wp-content\/uploads\/2025\/03\/10006-38-300x597.png 300w\" sizes=\"(max-width: 401px) 100vw, 401px\" \/> <img loading=\"lazy\" decoding=\"async\" class=\"aligncenter size-full wp-image-2864\" src=\"https:\/\/sharewalker.com\/wp-content\/uploads\/2025\/03\/10007-38.png\" alt=\"\" width=\"401\" height=\"799\" srcset=\"https:\/\/sharewalker.com\/wp-content\/uploads\/2025\/03\/10007-38.png 401w, https:\/\/sharewalker.com\/wp-content\/uploads\/2025\/03\/10007-38-151x300.png 151w, https:\/\/sharewalker.com\/wp-content\/uploads\/2025\/03\/10007-38-300x598.png 300w\" sizes=\"(max-width: 401px) 100vw, 401px\" \/> <img loading=\"lazy\" decoding=\"async\" class=\"aligncenter size-full wp-image-2865\" src=\"https:\/\/sharewalker.com\/wp-content\/uploads\/2025\/03\/10008-36.png\" alt=\"\" width=\"400\" height=\"795\" srcset=\"https:\/\/sharewalker.com\/wp-content\/uploads\/2025\/03\/10008-36.png 400w, https:\/\/sharewalker.com\/wp-content\/uploads\/2025\/03\/10008-36-151x300.png 151w, https:\/\/sharewalker.com\/wp-content\/uploads\/2025\/03\/10008-36-300x596.png 300w\" sizes=\"(max-width: 400px) 100vw, 400px\" \/> <img loading=\"lazy\" decoding=\"async\" class=\"aligncenter size-full wp-image-2866\" src=\"https:\/\/sharewalker.com\/wp-content\/uploads\/2025\/03\/10009-36.png\" alt=\"\" width=\"400\" height=\"798\" srcset=\"https:\/\/sharewalker.com\/wp-content\/uploads\/2025\/03\/10009-36.png 400w, https:\/\/sharewalker.com\/wp-content\/uploads\/2025\/03\/10009-36-150x300.png 150w, https:\/\/sharewalker.com\/wp-content\/uploads\/2025\/03\/10009-36-300x599.png 300w\" sizes=\"(max-width: 400px) 100vw, 400px\" \/> <img loading=\"lazy\" decoding=\"async\" class=\"aligncenter size-full wp-image-2867\" src=\"https:\/\/sharewalker.com\/wp-content\/uploads\/2025\/03\/10010-36.png\" alt=\"\" width=\"401\" height=\"793\" srcset=\"https:\/\/sharewalker.com\/wp-content\/uploads\/2025\/03\/10010-36.png 401w, https:\/\/sharewalker.com\/wp-content\/uploads\/2025\/03\/10010-36-152x300.png 152w, https:\/\/sharewalker.com\/wp-content\/uploads\/2025\/03\/10010-36-300x593.png 300w\" sizes=\"(max-width: 401px) 100vw, 401px\" \/> <img loading=\"lazy\" decoding=\"async\" class=\"aligncenter size-full wp-image-2868\" src=\"https:\/\/sharewalker.com\/wp-content\/uploads\/2025\/03\/10011-32.png\" alt=\"\" width=\"401\" height=\"799\" srcset=\"https:\/\/sharewalker.com\/wp-content\/uploads\/2025\/03\/10011-32.png 401w, https:\/\/sharewalker.com\/wp-content\/uploads\/2025\/03\/10011-32-151x300.png 151w, https:\/\/sharewalker.com\/wp-content\/uploads\/2025\/03\/10011-32-300x598.png 300w\" sizes=\"(max-width: 401px) 100vw, 401px\" \/> <img loading=\"lazy\" decoding=\"async\" class=\"aligncenter size-full wp-image-2869\" src=\"https:\/\/sharewalker.com\/wp-content\/uploads\/2025\/03\/10012-32.png\" alt=\"\" width=\"400\" height=\"800\" srcset=\"https:\/\/sharewalker.com\/wp-content\/uploads\/2025\/03\/10012-32.png 400w, https:\/\/sharewalker.com\/wp-content\/uploads\/2025\/03\/10012-32-150x300.png 150w, https:\/\/sharewalker.com\/wp-content\/uploads\/2025\/03\/10012-32-300x600.png 300w\" sizes=\"(max-width: 400px) 100vw, 400px\" \/> <img loading=\"lazy\" decoding=\"async\" class=\"aligncenter size-full wp-image-2870\" src=\"https:\/\/sharewalker.com\/wp-content\/uploads\/2025\/03\/10013-30.png\" alt=\"\" width=\"399\" height=\"797\" srcset=\"https:\/\/sharewalker.com\/wp-content\/uploads\/2025\/03\/10013-30.png 399w, https:\/\/sharewalker.com\/wp-content\/uploads\/2025\/03\/10013-30-150x300.png 150w, https:\/\/sharewalker.com\/wp-content\/uploads\/2025\/03\/10013-30-300x599.png 300w\" sizes=\"(max-width: 399px) 100vw, 399px\" \/> <img loading=\"lazy\" decoding=\"async\" class=\"aligncenter size-full wp-image-2871\" src=\"https:\/\/sharewalker.com\/wp-content\/uploads\/2025\/03\/10014-25.png\" alt=\"\" width=\"1920\" height=\"917\" srcset=\"https:\/\/sharewalker.com\/wp-content\/uploads\/2025\/03\/10014-25.png 1920w, https:\/\/sharewalker.com\/wp-content\/uploads\/2025\/03\/10014-25-300x143.png 300w, https:\/\/sharewalker.com\/wp-content\/uploads\/2025\/03\/10014-25-1024x489.png 1024w, https:\/\/sharewalker.com\/wp-content\/uploads\/2025\/03\/10014-25-768x367.png 768w, https:\/\/sharewalker.com\/wp-content\/uploads\/2025\/03\/10014-25-1536x734.png 1536w\" sizes=\"(max-width: 1920px) 100vw, 1920px\" \/> <img loading=\"lazy\" decoding=\"async\" class=\"aligncenter size-full wp-image-2872\" src=\"https:\/\/sharewalker.com\/wp-content\/uploads\/2025\/03\/10015-23.png\" alt=\"\" width=\"1918\" height=\"911\" srcset=\"https:\/\/sharewalker.com\/wp-content\/uploads\/2025\/03\/10015-23.png 1918w, https:\/\/sharewalker.com\/wp-content\/uploads\/2025\/03\/10015-23-300x142.png 300w, https:\/\/sharewalker.com\/wp-content\/uploads\/2025\/03\/10015-23-1024x486.png 1024w, https:\/\/sharewalker.com\/wp-content\/uploads\/2025\/03\/10015-23-768x365.png 768w, https:\/\/sharewalker.com\/wp-content\/uploads\/2025\/03\/10015-23-1536x730.png 1536w\" sizes=\"(max-width: 1918px) 100vw, 1918px\" \/><\/p>","protected":false},"excerpt":{"rendered":"<p>Un nouveau syst\u00e8me de devinettes PC28 optimis\u00e9 pour l'\u00e9tranger, prenant en charge plusieurs langues telles que le chinois simplifi\u00e9, le chinois traditionnel, l'anglais et le japonais. Le syst\u00e8me introduit une fonction de pr\u00e9r\u00e9glage en masse des num\u00e9ros de loterie afin d'am\u00e9liorer l'exp\u00e9rience de l'utilisateur.<\/p>","protected":false},"featured_media":2859,"comment_status":"open","ping_status":"closed","template":"","meta":{"_uag_custom_page_level_css":"","site-sidebar-layout":"default","site-content-layout":"","ast-site-content-layout":"default","site-content-style":"default","site-sidebar-style":"default","ast-global-header-display":"","ast-banner-title-visibility":"","ast-main-header-display":"","ast-hfb-above-header-display":"","ast-hfb-below-header-display":"","ast-hfb-mobile-header-display":"","site-post-title":"","ast-breadcrumbs-content":"","ast-featured-img":"","footer-sml-layout":"","theme-transparent-header-meta":"default","adv-header-id-meta":"","stick-header-meta":"","header-above-stick-meta":"","header-main-stick-meta":"","header-below-stick-meta":"","astra-migrate-meta-layouts":"set","ast-page-background-enabled":"default","ast-page-background-meta":{"desktop":{"background-color":"var(--ast-global-color-4)","background-image":"","background-repeat":"repeat","background-position":"center center","background-size":"auto","background-attachment":"scroll","background-type":"","background-media":"","overlay-type":"","overlay-color":"","overlay-opacity":"","overlay-gradient":""},"tablet":{"background-color":"","background-image":"","background-repeat":"repeat","background-position":"center center","background-size":"auto","background-attachment":"scroll","background-type":"","background-media":"","overlay-type":"","overlay-color":"","overlay-opacity":"","overlay-gradient":""},"mobile":{"background-color":"","background-image":"","background-repeat":"repeat","background-position":"center center","background-size":"auto","background-attachment":"scroll","background-type":"","background-media":"","overlay-type":"","overlay-color":"","overlay-opacity":"","overlay-gradient":""}},"ast-content-background-meta":{"desktop":{"background-color":"var(--ast-global-color-5)","background-image":"","background-repeat":"repeat","background-position":"center center","background-size":"auto","background-attachment":"scroll","background-type":"","background-media":"","overlay-type":"","overlay-color":"","overlay-opacity":"","overlay-gradient":""},"tablet":{"background-color":"var(--ast-global-color-5)","background-image":"","background-repeat":"repeat","background-position":"center center","background-size":"auto","background-attachment":"scroll","background-type":"","background-media":"","overlay-type":"","overlay-color":"","overlay-opacity":"","overlay-gradient":""},"mobile":{"background-color":"var(--ast-global-color-5)","background-image":"","background-repeat":"repeat","background-position":"center center","background-size":"auto","background-attachment":"scroll","background-type":"","background-media":"","overlay-type":"","overlay-color":"","overlay-opacity":"","overlay-gradient":""}}},"product_brand":[],"product_cat":[62],"product_tag":[284,249,100,283],"class_list":{"0":"post-2857","1":"product","2":"type-product","3":"status-publish","4":"has-post-thumbnail","6":"product_cat-gaming","7":"product_tag-bulk-preset-lottery","8":"product_tag-multilingual-support","9":"product_tag-new-ui-design","10":"product_tag-overseas-pc28-guessing-system","11":"desktop-align-left","12":"tablet-align-left","13":"mobile-align-left","15":"first","16":"instock","17":"shipping-taxable","18":"product-type-simple"},"uagb_featured_image_src":{"full":["https:\/\/sharewalker.com\/wp-content\/uploads\/2025\/03\/10002-9-e1742886007817.jpg",306,300,false],"thumbnail":["https:\/\/sharewalker.com\/wp-content\/uploads\/2025\/03\/10002-9-e1742886007817-150x150.jpg",150,150,true],"medium":["https:\/\/sharewalker.com\/wp-content\/uploads\/2025\/03\/10002-9-e1742886007817-300x294.jpg",300,294,true],"medium_large":["https:\/\/sharewalker.com\/wp-content\/uploads\/2025\/03\/10002-9-e1742886007817.jpg",306,300,false],"large":["https:\/\/sharewalker.com\/wp-content\/uploads\/2025\/03\/10002-9-e1742886007817.jpg",306,300,false],"1536x1536":["https:\/\/sharewalker.com\/wp-content\/uploads\/2025\/03\/10002-9-e1742886007817.jpg",306,300,false],"2048x2048":["https:\/\/sharewalker.com\/wp-content\/uploads\/2025\/03\/10002-9-e1742886007817.jpg",306,300,false],"trp-custom-language-flag":["https:\/\/sharewalker.com\/wp-content\/uploads\/2025\/03\/10002-9-e1742886007817.jpg",12,12,false],"woocommerce_thumbnail":["https:\/\/sharewalker.com\/wp-content\/uploads\/2025\/03\/10002-9-e1742886007817-300x300.jpg",300,300,true],"woocommerce_single":["https:\/\/sharewalker.com\/wp-content\/uploads\/2025\/03\/10002-9-e1742886007817-300x294.jpg",300,294,true],"woocommerce_gallery_thumbnail":["https:\/\/sharewalker.com\/wp-content\/uploads\/2025\/03\/10002-9-e1742886007817-100x100.jpg",100,100,true]},"uagb_author_info":{"display_name":"admin","author_link":"https:\/\/sharewalker.com\/fr\/author\/"},"uagb_comment_info":0,"uagb_excerpt":"A newly optimized overseas PC28 guessing system supporting multiple languages such as Simplified Chinese, Traditional Chinese, English, and Japanese. The system introduces a bulk preset lottery number function to enhance user experience.\u200b","_links":{"self":[{"href":"https:\/\/sharewalker.com\/fr\/wp-json\/wp\/v2\/product\/2857","targetHints":{"allow":["GET"]}}],"collection":[{"href":"https:\/\/sharewalker.com\/fr\/wp-json\/wp\/v2\/product"}],"about":[{"href":"https:\/\/sharewalker.com\/fr\/wp-json\/wp\/v2\/types\/product"}],"replies":[{"embeddable":true,"href":"https:\/\/sharewalker.com\/fr\/wp-json\/wp\/v2\/comments?post=2857"}],"version-history":[{"count":0,"href":"https:\/\/sharewalker.com\/fr\/wp-json\/wp\/v2\/product\/2857\/revisions"}],"wp:featuredmedia":[{"embeddable":true,"href":"https:\/\/sharewalker.com\/fr\/wp-json\/wp\/v2\/media\/2859"}],"wp:attachment":[{"href":"https:\/\/sharewalker.com\/fr\/wp-json\/wp\/v2\/media?parent=2857"}],"wp:term":[{"taxonomy":"product_brand","embeddable":true,"href":"https:\/\/sharewalker.com\/fr\/wp-json\/wp\/v2\/product_brand?post=2857"},{"taxonomy":"product_cat","embeddable":true,"href":"https:\/\/sharewalker.com\/fr\/wp-json\/wp\/v2\/product_cat?post=2857"},{"taxonomy":"product_tag","embeddable":true,"href":"https:\/\/sharewalker.com\/fr\/wp-json\/wp\/v2\/product_tag?post=2857"}],"curies":[{"name":"wp","href":"https:\/\/api.w.org\/{rel}","templated":true}]}}