{"id":2874,"date":"2025-03-25T15:19:13","date_gmt":"2025-03-25T07:19:13","guid":{"rendered":"https:\/\/sharewalker.com\/?post_type=product&#038;p=2874"},"modified":"2025-03-28T13:33:43","modified_gmt":"2025-03-28T05:33:43","slug":"overseas-multilingual-blockchain-exchange-system-new-ui-design-coin-to-coin-futures-trading-second-contracts-new-coin-subscription-intelligent-mining-lao-lu-overseas-source-code","status":"publish","type":"product","link":"https:\/\/sharewalker.com\/fr\/produit\/systeme-dechange-de-blockchain-multilingue-a-letranger-nouvelle-conception-de-linterface-utilisateur-commerce-a-terme-de-pieces-a-pieces-seconds-contrats-souscription-de-nouvelles-pieces-exploitati\/","title":{"rendered":"Overseas Multilingual Blockchain Exchange System | New UI Design | Coin-to-Coin Futures Trading | Second Contracts | New Coin Subscription | Intelligent Mining | Lao Lu Overseas Source Code"},"content":{"rendered":"<p>Ce syst\u00e8me est une plateforme d'\u00e9change de blockchain con\u00e7ue pour le march\u00e9 d'outre-mer, comprenant .<\/p>\n<p>Support multilingue : Le syst\u00e8me offre des interfaces en plusieurs langues pour r\u00e9pondre aux besoins des utilisateurs internationaux.<\/p>\n<p>Nouvelle conception de l'interface utilisateur : Adopte une toute nouvelle interface utilisateur pour am\u00e9liorer les effets visuels et l'exp\u00e9rience op\u00e9rationnelle.<\/p>\n<p>\u00c9change de contrats \u00e0 terme pi\u00e8ce \u00e0 pi\u00e8ce : Prise en charge des op\u00e9rations \u00e0 terme entre diverses crypto-monnaies afin de r\u00e9pondre \u00e0 diverses exigences en mati\u00e8re de n\u00e9gociation.<\/p>\n<p>Second Contracts : Offre la possibilit\u00e9 de n\u00e9gocier des seconds contrats pour r\u00e9pondre aux besoins des traders \u00e0 haute fr\u00e9quence.<\/p>\n<p>Abonnement aux nouvelles pi\u00e8ces : Les utilisateurs peuvent participer \u00e0 des souscriptions de nouvelles pi\u00e8ces pour d\u00e9couvrir de nouveaux projets avant les autres.<\/p>\n<p>Exploitation mini\u00e8re intelligente : Le syst\u00e8me comprend des fonctions d'exploitation mini\u00e8re intelligente pour optimiser l'allocation des ressources et am\u00e9liorer l'efficacit\u00e9 de l'exploitation mini\u00e8re.<\/p>\n<p>Lao Lu Overseas Source Code : Offre le code source outre-mer de Lao Lu pour le d\u00e9veloppement secondaire et l'extension des fonctionnalit\u00e9s.<\/p>\n<p><img fetchpriority=\"high\" decoding=\"async\" class=\"aligncenter size-full wp-image-2875\" src=\"https:\/\/sharewalker.com\/wp-content\/uploads\/2025\/03\/10001-35.jpg\" alt=\"\" width=\"350\" height=\"280\" \/> <img decoding=\"async\" class=\"aligncenter size-full wp-image-2876\" src=\"https:\/\/sharewalker.com\/wp-content\/uploads\/2025\/03\/10002-35.png\" alt=\"\" width=\"625\" height=\"1345\" srcset=\"https:\/\/sharewalker.com\/wp-content\/uploads\/2025\/03\/10002-35.png 625w, https:\/\/sharewalker.com\/wp-content\/uploads\/2025\/03\/10002-35-139x300.png 139w, https:\/\/sharewalker.com\/wp-content\/uploads\/2025\/03\/10002-35-476x1024.png 476w, https:\/\/sharewalker.com\/wp-content\/uploads\/2025\/03\/10002-35-300x646.png 300w\" sizes=\"(max-width: 625px) 100vw, 625px\" \/> <img decoding=\"async\" class=\"aligncenter size-full wp-image-2877\" src=\"https:\/\/sharewalker.com\/wp-content\/uploads\/2025\/03\/10003-36.png\" alt=\"\" width=\"623\" height=\"1351\" srcset=\"https:\/\/sharewalker.com\/wp-content\/uploads\/2025\/03\/10003-36.png 623w, https:\/\/sharewalker.com\/wp-content\/uploads\/2025\/03\/10003-36-138x300.png 138w, https:\/\/sharewalker.com\/wp-content\/uploads\/2025\/03\/10003-36-472x1024.png 472w, https:\/\/sharewalker.com\/wp-content\/uploads\/2025\/03\/10003-36-300x651.png 300w\" sizes=\"(max-width: 623px) 100vw, 623px\" \/> <img loading=\"lazy\" decoding=\"async\" class=\"aligncenter size-full wp-image-2878\" src=\"https:\/\/sharewalker.com\/wp-content\/uploads\/2025\/03\/10004-39.png\" alt=\"\" width=\"625\" height=\"1349\" srcset=\"https:\/\/sharewalker.com\/wp-content\/uploads\/2025\/03\/10004-39.png 625w, https:\/\/sharewalker.com\/wp-content\/uploads\/2025\/03\/10004-39-139x300.png 139w, https:\/\/sharewalker.com\/wp-content\/uploads\/2025\/03\/10004-39-474x1024.png 474w, https:\/\/sharewalker.com\/wp-content\/uploads\/2025\/03\/10004-39-300x648.png 300w\" sizes=\"(max-width: 625px) 100vw, 625px\" \/> <img loading=\"lazy\" decoding=\"async\" class=\"aligncenter size-full wp-image-2879\" src=\"https:\/\/sharewalker.com\/wp-content\/uploads\/2025\/03\/10005-40.png\" alt=\"\" width=\"627\" height=\"1342\" srcset=\"https:\/\/sharewalker.com\/wp-content\/uploads\/2025\/03\/10005-40.png 627w, https:\/\/sharewalker.com\/wp-content\/uploads\/2025\/03\/10005-40-140x300.png 140w, https:\/\/sharewalker.com\/wp-content\/uploads\/2025\/03\/10005-40-478x1024.png 478w, https:\/\/sharewalker.com\/wp-content\/uploads\/2025\/03\/10005-40-300x642.png 300w\" sizes=\"(max-width: 627px) 100vw, 627px\" \/> <img loading=\"lazy\" decoding=\"async\" class=\"aligncenter size-full wp-image-2880\" src=\"https:\/\/sharewalker.com\/wp-content\/uploads\/2025\/03\/10006-39.png\" alt=\"\" width=\"627\" height=\"1330\" srcset=\"https:\/\/sharewalker.com\/wp-content\/uploads\/2025\/03\/10006-39.png 627w, https:\/\/sharewalker.com\/wp-content\/uploads\/2025\/03\/10006-39-141x300.png 141w, https:\/\/sharewalker.com\/wp-content\/uploads\/2025\/03\/10006-39-483x1024.png 483w, https:\/\/sharewalker.com\/wp-content\/uploads\/2025\/03\/10006-39-300x636.png 300w\" sizes=\"(max-width: 627px) 100vw, 627px\" \/> <img loading=\"lazy\" decoding=\"async\" class=\"aligncenter size-full wp-image-2881\" src=\"https:\/\/sharewalker.com\/wp-content\/uploads\/2025\/03\/10007-39.png\" alt=\"\" width=\"621\" height=\"1344\" srcset=\"https:\/\/sharewalker.com\/wp-content\/uploads\/2025\/03\/10007-39.png 621w, https:\/\/sharewalker.com\/wp-content\/uploads\/2025\/03\/10007-39-139x300.png 139w, https:\/\/sharewalker.com\/wp-content\/uploads\/2025\/03\/10007-39-473x1024.png 473w, https:\/\/sharewalker.com\/wp-content\/uploads\/2025\/03\/10007-39-300x649.png 300w\" sizes=\"(max-width: 621px) 100vw, 621px\" \/> <img loading=\"lazy\" decoding=\"async\" class=\"aligncenter size-full wp-image-2882\" src=\"https:\/\/sharewalker.com\/wp-content\/uploads\/2025\/03\/10008-37.png\" alt=\"\" width=\"623\" height=\"1350\" srcset=\"https:\/\/sharewalker.com\/wp-content\/uploads\/2025\/03\/10008-37.png 623w, https:\/\/sharewalker.com\/wp-content\/uploads\/2025\/03\/10008-37-138x300.png 138w, https:\/\/sharewalker.com\/wp-content\/uploads\/2025\/03\/10008-37-473x1024.png 473w, https:\/\/sharewalker.com\/wp-content\/uploads\/2025\/03\/10008-37-300x650.png 300w\" sizes=\"(max-width: 623px) 100vw, 623px\" \/> <img loading=\"lazy\" decoding=\"async\" class=\"aligncenter size-full wp-image-2883\" src=\"https:\/\/sharewalker.com\/wp-content\/uploads\/2025\/03\/10009-37.png\" alt=\"\" width=\"629\" height=\"1355\" srcset=\"https:\/\/sharewalker.com\/wp-content\/uploads\/2025\/03\/10009-37.png 629w, https:\/\/sharewalker.com\/wp-content\/uploads\/2025\/03\/10009-37-139x300.png 139w, https:\/\/sharewalker.com\/wp-content\/uploads\/2025\/03\/10009-37-475x1024.png 475w, https:\/\/sharewalker.com\/wp-content\/uploads\/2025\/03\/10009-37-300x646.png 300w\" sizes=\"(max-width: 629px) 100vw, 629px\" \/> <img loading=\"lazy\" decoding=\"async\" class=\"aligncenter size-full wp-image-2884\" src=\"https:\/\/sharewalker.com\/wp-content\/uploads\/2025\/03\/10010-37.png\" alt=\"\" width=\"628\" height=\"1361\" srcset=\"https:\/\/sharewalker.com\/wp-content\/uploads\/2025\/03\/10010-37.png 628w, https:\/\/sharewalker.com\/wp-content\/uploads\/2025\/03\/10010-37-138x300.png 138w, https:\/\/sharewalker.com\/wp-content\/uploads\/2025\/03\/10010-37-472x1024.png 472w, https:\/\/sharewalker.com\/wp-content\/uploads\/2025\/03\/10010-37-300x650.png 300w\" sizes=\"(max-width: 628px) 100vw, 628px\" \/> <img loading=\"lazy\" decoding=\"async\" class=\"aligncenter size-full wp-image-2885\" src=\"https:\/\/sharewalker.com\/wp-content\/uploads\/2025\/03\/10011-33.png\" alt=\"\" width=\"3803\" height=\"1939\" srcset=\"https:\/\/sharewalker.com\/wp-content\/uploads\/2025\/03\/10011-33.png 3803w, https:\/\/sharewalker.com\/wp-content\/uploads\/2025\/03\/10011-33-300x153.png 300w, https:\/\/sharewalker.com\/wp-content\/uploads\/2025\/03\/10011-33-1024x522.png 1024w, https:\/\/sharewalker.com\/wp-content\/uploads\/2025\/03\/10011-33-768x392.png 768w, https:\/\/sharewalker.com\/wp-content\/uploads\/2025\/03\/10011-33-1536x783.png 1536w, https:\/\/sharewalker.com\/wp-content\/uploads\/2025\/03\/10011-33-2048x1044.png 2048w\" sizes=\"(max-width: 3803px) 100vw, 3803px\" \/> <img loading=\"lazy\" decoding=\"async\" class=\"aligncenter size-full wp-image-2886\" src=\"https:\/\/sharewalker.com\/wp-content\/uploads\/2025\/03\/10012-33.png\" alt=\"\" width=\"3820\" height=\"1938\" srcset=\"https:\/\/sharewalker.com\/wp-content\/uploads\/2025\/03\/10012-33.png 3820w, https:\/\/sharewalker.com\/wp-content\/uploads\/2025\/03\/10012-33-300x152.png 300w, https:\/\/sharewalker.com\/wp-content\/uploads\/2025\/03\/10012-33-1024x520.png 1024w, https:\/\/sharewalker.com\/wp-content\/uploads\/2025\/03\/10012-33-768x390.png 768w, https:\/\/sharewalker.com\/wp-content\/uploads\/2025\/03\/10012-33-1536x779.png 1536w, https:\/\/sharewalker.com\/wp-content\/uploads\/2025\/03\/10012-33-2048x1039.png 2048w\" sizes=\"(max-width: 3820px) 100vw, 3820px\" \/> <img loading=\"lazy\" decoding=\"async\" class=\"aligncenter size-full wp-image-2887\" src=\"https:\/\/sharewalker.com\/wp-content\/uploads\/2025\/03\/10013-31.png\" alt=\"\" width=\"3829\" height=\"1940\" srcset=\"https:\/\/sharewalker.com\/wp-content\/uploads\/2025\/03\/10013-31.png 3829w, https:\/\/sharewalker.com\/wp-content\/uploads\/2025\/03\/10013-31-300x152.png 300w, https:\/\/sharewalker.com\/wp-content\/uploads\/2025\/03\/10013-31-1024x519.png 1024w, https:\/\/sharewalker.com\/wp-content\/uploads\/2025\/03\/10013-31-768x389.png 768w, https:\/\/sharewalker.com\/wp-content\/uploads\/2025\/03\/10013-31-1536x778.png 1536w, https:\/\/sharewalker.com\/wp-content\/uploads\/2025\/03\/10013-31-2048x1038.png 2048w\" sizes=\"(max-width: 3829px) 100vw, 3829px\" \/> <img loading=\"lazy\" decoding=\"async\" class=\"aligncenter size-full wp-image-2888\" src=\"https:\/\/sharewalker.com\/wp-content\/uploads\/2025\/03\/10014-26.png\" alt=\"\" width=\"3822\" height=\"1934\" srcset=\"https:\/\/sharewalker.com\/wp-content\/uploads\/2025\/03\/10014-26.png 3822w, https:\/\/sharewalker.com\/wp-content\/uploads\/2025\/03\/10014-26-300x152.png 300w, https:\/\/sharewalker.com\/wp-content\/uploads\/2025\/03\/10014-26-1024x518.png 1024w, https:\/\/sharewalker.com\/wp-content\/uploads\/2025\/03\/10014-26-768x389.png 768w, https:\/\/sharewalker.com\/wp-content\/uploads\/2025\/03\/10014-26-1536x777.png 1536w, https:\/\/sharewalker.com\/wp-content\/uploads\/2025\/03\/10014-26-2048x1036.png 2048w\" sizes=\"(max-width: 3822px) 100vw, 3822px\" \/> <img loading=\"lazy\" decoding=\"async\" class=\"aligncenter size-full wp-image-2889\" src=\"https:\/\/sharewalker.com\/wp-content\/uploads\/2025\/03\/10015-24.png\" alt=\"\" width=\"3814\" height=\"1939\" srcset=\"https:\/\/sharewalker.com\/wp-content\/uploads\/2025\/03\/10015-24.png 3814w, https:\/\/sharewalker.com\/wp-content\/uploads\/2025\/03\/10015-24-300x153.png 300w, https:\/\/sharewalker.com\/wp-content\/uploads\/2025\/03\/10015-24-1024x521.png 1024w, https:\/\/sharewalker.com\/wp-content\/uploads\/2025\/03\/10015-24-768x390.png 768w, https:\/\/sharewalker.com\/wp-content\/uploads\/2025\/03\/10015-24-1536x781.png 1536w, https:\/\/sharewalker.com\/wp-content\/uploads\/2025\/03\/10015-24-2048x1041.png 2048w\" sizes=\"(max-width: 3814px) 100vw, 3814px\" \/> <img loading=\"lazy\" decoding=\"async\" class=\"aligncenter size-full wp-image-2890\" src=\"https:\/\/sharewalker.com\/wp-content\/uploads\/2025\/03\/10016-20.png\" alt=\"\" width=\"3821\" height=\"1946\" srcset=\"https:\/\/sharewalker.com\/wp-content\/uploads\/2025\/03\/10016-20.png 3821w, https:\/\/sharewalker.com\/wp-content\/uploads\/2025\/03\/10016-20-300x153.png 300w, https:\/\/sharewalker.com\/wp-content\/uploads\/2025\/03\/10016-20-1024x522.png 1024w, https:\/\/sharewalker.com\/wp-content\/uploads\/2025\/03\/10016-20-768x391.png 768w, https:\/\/sharewalker.com\/wp-content\/uploads\/2025\/03\/10016-20-1536x782.png 1536w, https:\/\/sharewalker.com\/wp-content\/uploads\/2025\/03\/10016-20-2048x1043.png 2048w\" sizes=\"(max-width: 3821px) 100vw, 3821px\" \/> <img loading=\"lazy\" decoding=\"async\" class=\"aligncenter size-full wp-image-2891\" src=\"https:\/\/sharewalker.com\/wp-content\/uploads\/2025\/03\/10017-13.png\" alt=\"\" width=\"3807\" height=\"1926\" srcset=\"https:\/\/sharewalker.com\/wp-content\/uploads\/2025\/03\/10017-13.png 3807w, https:\/\/sharewalker.com\/wp-content\/uploads\/2025\/03\/10017-13-300x152.png 300w, https:\/\/sharewalker.com\/wp-content\/uploads\/2025\/03\/10017-13-1024x518.png 1024w, https:\/\/sharewalker.com\/wp-content\/uploads\/2025\/03\/10017-13-768x389.png 768w, https:\/\/sharewalker.com\/wp-content\/uploads\/2025\/03\/10017-13-1536x777.png 1536w, https:\/\/sharewalker.com\/wp-content\/uploads\/2025\/03\/10017-13-2048x1036.png 2048w\" sizes=\"(max-width: 3807px) 100vw, 3807px\" \/> <img loading=\"lazy\" decoding=\"async\" class=\"aligncenter size-full wp-image-2892\" src=\"https:\/\/sharewalker.com\/wp-content\/uploads\/2025\/03\/10018-13.png\" alt=\"\" width=\"3809\" height=\"1945\" srcset=\"https:\/\/sharewalker.com\/wp-content\/uploads\/2025\/03\/10018-13.png 3809w, https:\/\/sharewalker.com\/wp-content\/uploads\/2025\/03\/10018-13-300x153.png 300w, https:\/\/sharewalker.com\/wp-content\/uploads\/2025\/03\/10018-13-1024x523.png 1024w, https:\/\/sharewalker.com\/wp-content\/uploads\/2025\/03\/10018-13-768x392.png 768w, https:\/\/sharewalker.com\/wp-content\/uploads\/2025\/03\/10018-13-1536x784.png 1536w, https:\/\/sharewalker.com\/wp-content\/uploads\/2025\/03\/10018-13-2048x1046.png 2048w\" sizes=\"(max-width: 3809px) 100vw, 3809px\" \/> <img loading=\"lazy\" decoding=\"async\" class=\"aligncenter size-full wp-image-2893\" src=\"https:\/\/sharewalker.com\/wp-content\/uploads\/2025\/03\/10019-6.png\" alt=\"\" width=\"3820\" height=\"1943\" srcset=\"https:\/\/sharewalker.com\/wp-content\/uploads\/2025\/03\/10019-6.png 3820w, https:\/\/sharewalker.com\/wp-content\/uploads\/2025\/03\/10019-6-300x153.png 300w, https:\/\/sharewalker.com\/wp-content\/uploads\/2025\/03\/10019-6-1024x521.png 1024w, https:\/\/sharewalker.com\/wp-content\/uploads\/2025\/03\/10019-6-768x391.png 768w, https:\/\/sharewalker.com\/wp-content\/uploads\/2025\/03\/10019-6-1536x781.png 1536w, https:\/\/sharewalker.com\/wp-content\/uploads\/2025\/03\/10019-6-2048x1042.png 2048w\" sizes=\"(max-width: 3820px) 100vw, 3820px\" \/><\/p>","protected":false},"excerpt":{"rendered":"<p>Un syst\u00e8me d'\u00e9change de blockchain multilingue \u00e0 l'\u00e9tranger avec un nouveau design d'interface utilisateur, prenant en charge les \u00e9changes de contrats \u00e0 terme pi\u00e8ce \u00e0 pi\u00e8ce, les seconds contrats, les souscriptions de nouvelles pi\u00e8ces et l'exploitation mini\u00e8re intelligente, offrant le code source de Lao Lu \u00e0 l'\u00e9tranger.<\/p>","protected":false},"featured_media":8991,"comment_status":"open","ping_status":"closed","template":"","meta":{"_uag_custom_page_level_css":"","site-sidebar-layout":"default","site-content-layout":"","ast-site-content-layout":"default","site-content-style":"default","site-sidebar-style":"default","ast-global-header-display":"","ast-banner-title-visibility":"","ast-main-header-display":"","ast-hfb-above-header-display":"","ast-hfb-below-header-display":"","ast-hfb-mobile-header-display":"","site-post-title":"","ast-breadcrumbs-content":"","ast-featured-img":"","footer-sml-layout":"","theme-transparent-header-meta":"default","adv-header-id-meta":"","stick-header-meta":"","header-above-stick-meta":"","header-main-stick-meta":"","header-below-stick-meta":"","astra-migrate-meta-layouts":"set","ast-page-background-enabled":"default","ast-page-background-meta":{"desktop":{"background-color":"var(--ast-global-color-4)","background-image":"","background-repeat":"repeat","background-position":"center center","background-size":"auto","background-attachment":"scroll","background-type":"","background-media":"","overlay-type":"","overlay-color":"","overlay-opacity":"","overlay-gradient":""},"tablet":{"background-color":"","background-image":"","background-repeat":"repeat","background-position":"center center","background-size":"auto","background-attachment":"scroll","background-type":"","background-media":"","overlay-type":"","overlay-color":"","overlay-opacity":"","overlay-gradient":""},"mobile":{"background-color":"","background-image":"","background-repeat":"repeat","background-position":"center center","background-size":"auto","background-attachment":"scroll","background-type":"","background-media":"","overlay-type":"","overlay-color":"","overlay-opacity":"","overlay-gradient":""}},"ast-content-background-meta":{"desktop":{"background-color":"var(--ast-global-color-5)","background-image":"","background-repeat":"repeat","background-position":"center center","background-size":"auto","background-attachment":"scroll","background-type":"","background-media":"","overlay-type":"","overlay-color":"","overlay-opacity":"","overlay-gradient":""},"tablet":{"background-color":"var(--ast-global-color-5)","background-image":"","background-repeat":"repeat","background-position":"center center","background-size":"auto","background-attachment":"scroll","background-type":"","background-media":"","overlay-type":"","overlay-color":"","overlay-opacity":"","overlay-gradient":""},"mobile":{"background-color":"var(--ast-global-color-5)","background-image":"","background-repeat":"repeat","background-position":"center center","background-size":"auto","background-attachment":"scroll","background-type":"","background-media":"","overlay-type":"","overlay-color":"","overlay-opacity":"","overlay-gradient":""}}},"product_brand":[],"product_cat":[61],"product_tag":[286,289,288,100,285,201,287],"class_list":{"0":"post-2874","1":"product","2":"type-product","3":"status-publish","4":"has-post-thumbnail","6":"product_cat-blockchain-crypto-exchange","7":"product_tag-coin-to-coin-futures-trading","8":"product_tag-intelligent-mining","9":"product_tag-new-coin-subscription","10":"product_tag-new-ui-design","11":"product_tag-overseas-blockchain-exchange","12":"product_tag-overseas-source-code","13":"product_tag-second-contracts","14":"desktop-align-left","15":"tablet-align-left","16":"mobile-align-left","18":"first","19":"instock","20":"shipping-taxable","21":"product-type-simple"},"uagb_featured_image_src":{"full":["https:\/\/sharewalker.com\/wp-content\/uploads\/2025\/03\/21212121.jpg",288,280,false],"thumbnail":["https:\/\/sharewalker.com\/wp-content\/uploads\/2025\/03\/21212121-150x150.jpg",150,150,true],"medium":["https:\/\/sharewalker.com\/wp-content\/uploads\/2025\/03\/21212121.jpg",288,280,false],"medium_large":["https:\/\/sharewalker.com\/wp-content\/uploads\/2025\/03\/21212121.jpg",288,280,false],"large":["https:\/\/sharewalker.com\/wp-content\/uploads\/2025\/03\/21212121.jpg",288,280,false],"1536x1536":["https:\/\/sharewalker.com\/wp-content\/uploads\/2025\/03\/21212121.jpg",288,280,false],"2048x2048":["https:\/\/sharewalker.com\/wp-content\/uploads\/2025\/03\/21212121.jpg",288,280,false],"trp-custom-language-flag":["https:\/\/sharewalker.com\/wp-content\/uploads\/2025\/03\/21212121-12x12.jpg",12,12,true],"woocommerce_thumbnail":["https:\/\/sharewalker.com\/wp-content\/uploads\/2025\/03\/21212121.jpg",288,280,false],"woocommerce_single":["https:\/\/sharewalker.com\/wp-content\/uploads\/2025\/03\/21212121.jpg",288,280,false],"woocommerce_gallery_thumbnail":["https:\/\/sharewalker.com\/wp-content\/uploads\/2025\/03\/21212121-100x100.jpg",100,100,true]},"uagb_author_info":{"display_name":"admin","author_link":"https:\/\/sharewalker.com\/fr\/author\/"},"uagb_comment_info":0,"uagb_excerpt":"An overseas multilingual blockchain exchange system with a new UI design, supporting coin-to-coin futures trading, second contracts, new coin subscriptions, and intelligent mining, offering Lao Lu overseas source code.\u200b","_links":{"self":[{"href":"https:\/\/sharewalker.com\/fr\/wp-json\/wp\/v2\/product\/2874","targetHints":{"allow":["GET"]}}],"collection":[{"href":"https:\/\/sharewalker.com\/fr\/wp-json\/wp\/v2\/product"}],"about":[{"href":"https:\/\/sharewalker.com\/fr\/wp-json\/wp\/v2\/types\/product"}],"replies":[{"embeddable":true,"href":"https:\/\/sharewalker.com\/fr\/wp-json\/wp\/v2\/comments?post=2874"}],"version-history":[{"count":0,"href":"https:\/\/sharewalker.com\/fr\/wp-json\/wp\/v2\/product\/2874\/revisions"}],"wp:featuredmedia":[{"embeddable":true,"href":"https:\/\/sharewalker.com\/fr\/wp-json\/wp\/v2\/media\/8991"}],"wp:attachment":[{"href":"https:\/\/sharewalker.com\/fr\/wp-json\/wp\/v2\/media?parent=2874"}],"wp:term":[{"taxonomy":"product_brand","embeddable":true,"href":"https:\/\/sharewalker.com\/fr\/wp-json\/wp\/v2\/product_brand?post=2874"},{"taxonomy":"product_cat","embeddable":true,"href":"https:\/\/sharewalker.com\/fr\/wp-json\/wp\/v2\/product_cat?post=2874"},{"taxonomy":"product_tag","embeddable":true,"href":"https:\/\/sharewalker.com\/fr\/wp-json\/wp\/v2\/product_tag?post=2874"}],"curies":[{"name":"wp","href":"https:\/\/api.w.org\/{rel}","templated":true}]}}