{"id":2894,"date":"2025-03-25T15:23:53","date_gmt":"2025-03-25T07:23:53","guid":{"rendered":"https:\/\/sharewalker.com\/?post_type=product&#038;p=2894"},"modified":"2025-03-28T13:46:15","modified_gmt":"2025-03-28T05:46:15","slug":"overseas-multilingual-micro-trading-platform-new-ui-design-second-contract-exchange-virtual-coin-time-wheel-micro-pan-system","status":"publish","type":"product","link":"https:\/\/sharewalker.com\/fr\/produit\/plateforme-de-micro-trading-multilingue-nouvelle-conception-de-linterface-utilisateur-deuxieme-contrat-dechange-monnaie-virtuelle-roue-du-temps-systeme-de-micro-pan\/","title":{"rendered":"Plate-forme de micro-n\u00e9gociation multilingue d'outre-mer | Nouveau design de l'interface utilisateur | \u00c9change de seconds contrats | Roue de temps virtuelle pour les pi\u00e8ces de monnaie | Syst\u00e8me Micro-Pan"},"content":{"rendered":"<p>Ce syst\u00e8me est une plateforme de micro-n\u00e9gociation con\u00e7ue pour le march\u00e9 \u00e9tranger.<\/p>\n<p>Support multilingue : Le syst\u00e8me offre des interfaces en plusieurs langues pour r\u00e9pondre aux besoins des utilisateurs internationaux.<\/p>\n<p>Nouvelle conception de l'interface utilisateur : Une toute nouvelle interface utilisateur est utilis\u00e9e pour am\u00e9liorer l'attrait visuel et l'exp\u00e9rience de l'utilisateur.<\/p>\n<p>Second Contract Exchange : Permet la n\u00e9gociation de seconds contrats pour r\u00e9pondre aux besoins des traders \u00e0 haute fr\u00e9quence.<\/p>\n<p>Roue de temps des pi\u00e8ces virtuelles : Cette fonction permet d'enrichir les options de trading.<\/p>\n<p>Syst\u00e8me de micro-paniers : Comprend un syst\u00e8me de micro-pan pour des op\u00e9rations de micro-n\u00e9gociation pratiques.<\/p>\n<p><img fetchpriority=\"high\" decoding=\"async\" class=\"aligncenter size-full wp-image-2895\" src=\"https:\/\/sharewalker.com\/wp-content\/uploads\/2025\/03\/10001-36.jpg\" alt=\"\" width=\"415\" height=\"300\" \/> <img decoding=\"async\" class=\"aligncenter size-full wp-image-2896\" src=\"https:\/\/sharewalker.com\/wp-content\/uploads\/2025\/03\/10002-36.png\" alt=\"\" width=\"390\" height=\"844\" srcset=\"https:\/\/sharewalker.com\/wp-content\/uploads\/2025\/03\/10002-36.png 390w, https:\/\/sharewalker.com\/wp-content\/uploads\/2025\/03\/10002-36-139x300.png 139w, https:\/\/sharewalker.com\/wp-content\/uploads\/2025\/03\/10002-36-300x649.png 300w\" sizes=\"(max-width: 390px) 100vw, 390px\" \/> <img decoding=\"async\" class=\"aligncenter size-full wp-image-2897\" src=\"https:\/\/sharewalker.com\/wp-content\/uploads\/2025\/03\/10003-37.png\" alt=\"\" width=\"390\" height=\"844\" srcset=\"https:\/\/sharewalker.com\/wp-content\/uploads\/2025\/03\/10003-37.png 390w, https:\/\/sharewalker.com\/wp-content\/uploads\/2025\/03\/10003-37-139x300.png 139w, https:\/\/sharewalker.com\/wp-content\/uploads\/2025\/03\/10003-37-300x649.png 300w\" sizes=\"(max-width: 390px) 100vw, 390px\" \/> <img loading=\"lazy\" decoding=\"async\" class=\"aligncenter size-full wp-image-2898\" src=\"https:\/\/sharewalker.com\/wp-content\/uploads\/2025\/03\/10004-40.png\" alt=\"\" width=\"390\" height=\"844\" srcset=\"https:\/\/sharewalker.com\/wp-content\/uploads\/2025\/03\/10004-40.png 390w, https:\/\/sharewalker.com\/wp-content\/uploads\/2025\/03\/10004-40-139x300.png 139w, https:\/\/sharewalker.com\/wp-content\/uploads\/2025\/03\/10004-40-300x649.png 300w\" sizes=\"(max-width: 390px) 100vw, 390px\" \/> <img loading=\"lazy\" decoding=\"async\" class=\"aligncenter size-full wp-image-2899\" src=\"https:\/\/sharewalker.com\/wp-content\/uploads\/2025\/03\/10005-41.png\" alt=\"\" width=\"390\" height=\"844\" srcset=\"https:\/\/sharewalker.com\/wp-content\/uploads\/2025\/03\/10005-41.png 390w, https:\/\/sharewalker.com\/wp-content\/uploads\/2025\/03\/10005-41-139x300.png 139w, https:\/\/sharewalker.com\/wp-content\/uploads\/2025\/03\/10005-41-300x649.png 300w\" sizes=\"(max-width: 390px) 100vw, 390px\" \/> <img loading=\"lazy\" decoding=\"async\" class=\"aligncenter size-full wp-image-2900\" src=\"https:\/\/sharewalker.com\/wp-content\/uploads\/2025\/03\/10006-40.png\" alt=\"\" width=\"390\" height=\"844\" srcset=\"https:\/\/sharewalker.com\/wp-content\/uploads\/2025\/03\/10006-40.png 390w, https:\/\/sharewalker.com\/wp-content\/uploads\/2025\/03\/10006-40-139x300.png 139w, https:\/\/sharewalker.com\/wp-content\/uploads\/2025\/03\/10006-40-300x649.png 300w\" sizes=\"(max-width: 390px) 100vw, 390px\" \/> <img loading=\"lazy\" decoding=\"async\" class=\"aligncenter size-full wp-image-2901\" src=\"https:\/\/sharewalker.com\/wp-content\/uploads\/2025\/03\/10007-40.png\" alt=\"\" width=\"390\" height=\"844\" srcset=\"https:\/\/sharewalker.com\/wp-content\/uploads\/2025\/03\/10007-40.png 390w, https:\/\/sharewalker.com\/wp-content\/uploads\/2025\/03\/10007-40-139x300.png 139w, https:\/\/sharewalker.com\/wp-content\/uploads\/2025\/03\/10007-40-300x649.png 300w\" sizes=\"(max-width: 390px) 100vw, 390px\" \/> <img loading=\"lazy\" decoding=\"async\" class=\"aligncenter size-full wp-image-2902\" src=\"https:\/\/sharewalker.com\/wp-content\/uploads\/2025\/03\/10008-38.png\" alt=\"\" width=\"390\" height=\"844\" srcset=\"https:\/\/sharewalker.com\/wp-content\/uploads\/2025\/03\/10008-38.png 390w, https:\/\/sharewalker.com\/wp-content\/uploads\/2025\/03\/10008-38-139x300.png 139w, https:\/\/sharewalker.com\/wp-content\/uploads\/2025\/03\/10008-38-300x649.png 300w\" sizes=\"(max-width: 390px) 100vw, 390px\" \/> <img loading=\"lazy\" decoding=\"async\" class=\"aligncenter size-full wp-image-2903\" src=\"https:\/\/sharewalker.com\/wp-content\/uploads\/2025\/03\/10009-38.png\" alt=\"\" width=\"390\" height=\"844\" srcset=\"https:\/\/sharewalker.com\/wp-content\/uploads\/2025\/03\/10009-38.png 390w, https:\/\/sharewalker.com\/wp-content\/uploads\/2025\/03\/10009-38-139x300.png 139w, https:\/\/sharewalker.com\/wp-content\/uploads\/2025\/03\/10009-38-300x649.png 300w\" sizes=\"(max-width: 390px) 100vw, 390px\" \/> <img loading=\"lazy\" decoding=\"async\" class=\"aligncenter size-full wp-image-2904\" src=\"https:\/\/sharewalker.com\/wp-content\/uploads\/2025\/03\/10010-38.png\" alt=\"\" width=\"390\" height=\"844\" srcset=\"https:\/\/sharewalker.com\/wp-content\/uploads\/2025\/03\/10010-38.png 390w, https:\/\/sharewalker.com\/wp-content\/uploads\/2025\/03\/10010-38-139x300.png 139w, https:\/\/sharewalker.com\/wp-content\/uploads\/2025\/03\/10010-38-300x649.png 300w\" sizes=\"(max-width: 390px) 100vw, 390px\" \/> <img loading=\"lazy\" decoding=\"async\" class=\"aligncenter size-full wp-image-2905\" src=\"https:\/\/sharewalker.com\/wp-content\/uploads\/2025\/03\/10011-34.png\" alt=\"\" width=\"1920\" height=\"955\" srcset=\"https:\/\/sharewalker.com\/wp-content\/uploads\/2025\/03\/10011-34.png 1920w, https:\/\/sharewalker.com\/wp-content\/uploads\/2025\/03\/10011-34-300x149.png 300w, https:\/\/sharewalker.com\/wp-content\/uploads\/2025\/03\/10011-34-1024x509.png 1024w, https:\/\/sharewalker.com\/wp-content\/uploads\/2025\/03\/10011-34-768x382.png 768w, https:\/\/sharewalker.com\/wp-content\/uploads\/2025\/03\/10011-34-1536x764.png 1536w\" sizes=\"(max-width: 1920px) 100vw, 1920px\" \/> <img loading=\"lazy\" decoding=\"async\" class=\"aligncenter size-full wp-image-2906\" src=\"https:\/\/sharewalker.com\/wp-content\/uploads\/2025\/03\/10012-34.png\" alt=\"\" width=\"1920\" height=\"955\" srcset=\"https:\/\/sharewalker.com\/wp-content\/uploads\/2025\/03\/10012-34.png 1920w, https:\/\/sharewalker.com\/wp-content\/uploads\/2025\/03\/10012-34-300x149.png 300w, https:\/\/sharewalker.com\/wp-content\/uploads\/2025\/03\/10012-34-1024x509.png 1024w, https:\/\/sharewalker.com\/wp-content\/uploads\/2025\/03\/10012-34-768x382.png 768w, https:\/\/sharewalker.com\/wp-content\/uploads\/2025\/03\/10012-34-1536x764.png 1536w\" sizes=\"(max-width: 1920px) 100vw, 1920px\" \/> <img loading=\"lazy\" decoding=\"async\" class=\"aligncenter size-full wp-image-2907\" src=\"https:\/\/sharewalker.com\/wp-content\/uploads\/2025\/03\/10013-32.png\" alt=\"\" width=\"1920\" height=\"955\" srcset=\"https:\/\/sharewalker.com\/wp-content\/uploads\/2025\/03\/10013-32.png 1920w, https:\/\/sharewalker.com\/wp-content\/uploads\/2025\/03\/10013-32-300x149.png 300w, https:\/\/sharewalker.com\/wp-content\/uploads\/2025\/03\/10013-32-1024x509.png 1024w, https:\/\/sharewalker.com\/wp-content\/uploads\/2025\/03\/10013-32-768x382.png 768w, https:\/\/sharewalker.com\/wp-content\/uploads\/2025\/03\/10013-32-1536x764.png 1536w\" sizes=\"(max-width: 1920px) 100vw, 1920px\" \/> <img loading=\"lazy\" decoding=\"async\" class=\"aligncenter size-full wp-image-2908\" src=\"https:\/\/sharewalker.com\/wp-content\/uploads\/2025\/03\/10014-27.png\" alt=\"\" width=\"1920\" height=\"955\" srcset=\"https:\/\/sharewalker.com\/wp-content\/uploads\/2025\/03\/10014-27.png 1920w, https:\/\/sharewalker.com\/wp-content\/uploads\/2025\/03\/10014-27-300x149.png 300w, https:\/\/sharewalker.com\/wp-content\/uploads\/2025\/03\/10014-27-1024x509.png 1024w, https:\/\/sharewalker.com\/wp-content\/uploads\/2025\/03\/10014-27-768x382.png 768w, https:\/\/sharewalker.com\/wp-content\/uploads\/2025\/03\/10014-27-1536x764.png 1536w\" sizes=\"(max-width: 1920px) 100vw, 1920px\" \/> <img loading=\"lazy\" decoding=\"async\" class=\"aligncenter size-full wp-image-2909\" src=\"https:\/\/sharewalker.com\/wp-content\/uploads\/2025\/03\/10015-25.png\" alt=\"\" width=\"1920\" height=\"955\" srcset=\"https:\/\/sharewalker.com\/wp-content\/uploads\/2025\/03\/10015-25.png 1920w, https:\/\/sharewalker.com\/wp-content\/uploads\/2025\/03\/10015-25-300x149.png 300w, https:\/\/sharewalker.com\/wp-content\/uploads\/2025\/03\/10015-25-1024x509.png 1024w, https:\/\/sharewalker.com\/wp-content\/uploads\/2025\/03\/10015-25-768x382.png 768w, https:\/\/sharewalker.com\/wp-content\/uploads\/2025\/03\/10015-25-1536x764.png 1536w\" sizes=\"(max-width: 1920px) 100vw, 1920px\" \/> <img loading=\"lazy\" decoding=\"async\" class=\"aligncenter size-full wp-image-2910\" src=\"https:\/\/sharewalker.com\/wp-content\/uploads\/2025\/03\/10016-21.png\" alt=\"\" width=\"1920\" height=\"955\" srcset=\"https:\/\/sharewalker.com\/wp-content\/uploads\/2025\/03\/10016-21.png 1920w, https:\/\/sharewalker.com\/wp-content\/uploads\/2025\/03\/10016-21-300x149.png 300w, https:\/\/sharewalker.com\/wp-content\/uploads\/2025\/03\/10016-21-1024x509.png 1024w, https:\/\/sharewalker.com\/wp-content\/uploads\/2025\/03\/10016-21-768x382.png 768w, https:\/\/sharewalker.com\/wp-content\/uploads\/2025\/03\/10016-21-1536x764.png 1536w\" sizes=\"(max-width: 1920px) 100vw, 1920px\" \/> <img loading=\"lazy\" decoding=\"async\" class=\"aligncenter size-full wp-image-2911\" src=\"https:\/\/sharewalker.com\/wp-content\/uploads\/2025\/03\/10017-14.png\" alt=\"\" width=\"1920\" height=\"955\" srcset=\"https:\/\/sharewalker.com\/wp-content\/uploads\/2025\/03\/10017-14.png 1920w, https:\/\/sharewalker.com\/wp-content\/uploads\/2025\/03\/10017-14-300x149.png 300w, https:\/\/sharewalker.com\/wp-content\/uploads\/2025\/03\/10017-14-1024x509.png 1024w, https:\/\/sharewalker.com\/wp-content\/uploads\/2025\/03\/10017-14-768x382.png 768w, https:\/\/sharewalker.com\/wp-content\/uploads\/2025\/03\/10017-14-1536x764.png 1536w\" sizes=\"(max-width: 1920px) 100vw, 1920px\" \/> <img loading=\"lazy\" decoding=\"async\" class=\"aligncenter size-full wp-image-2912\" src=\"https:\/\/sharewalker.com\/wp-content\/uploads\/2025\/03\/10018-14.png\" alt=\"\" width=\"1920\" height=\"955\" srcset=\"https:\/\/sharewalker.com\/wp-content\/uploads\/2025\/03\/10018-14.png 1920w, https:\/\/sharewalker.com\/wp-content\/uploads\/2025\/03\/10018-14-300x149.png 300w, https:\/\/sharewalker.com\/wp-content\/uploads\/2025\/03\/10018-14-1024x509.png 1024w, https:\/\/sharewalker.com\/wp-content\/uploads\/2025\/03\/10018-14-768x382.png 768w, https:\/\/sharewalker.com\/wp-content\/uploads\/2025\/03\/10018-14-1536x764.png 1536w\" sizes=\"(max-width: 1920px) 100vw, 1920px\" \/> <img loading=\"lazy\" decoding=\"async\" class=\"aligncenter size-full wp-image-2913\" src=\"https:\/\/sharewalker.com\/wp-content\/uploads\/2025\/03\/10019-7.png\" alt=\"\" width=\"1920\" height=\"955\" srcset=\"https:\/\/sharewalker.com\/wp-content\/uploads\/2025\/03\/10019-7.png 1920w, https:\/\/sharewalker.com\/wp-content\/uploads\/2025\/03\/10019-7-300x149.png 300w, https:\/\/sharewalker.com\/wp-content\/uploads\/2025\/03\/10019-7-1024x509.png 1024w, https:\/\/sharewalker.com\/wp-content\/uploads\/2025\/03\/10019-7-768x382.png 768w, https:\/\/sharewalker.com\/wp-content\/uploads\/2025\/03\/10019-7-1536x764.png 1536w\" sizes=\"(max-width: 1920px) 100vw, 1920px\" \/> <img loading=\"lazy\" decoding=\"async\" class=\"aligncenter size-full wp-image-2914\" src=\"https:\/\/sharewalker.com\/wp-content\/uploads\/2025\/03\/10020-3.png\" alt=\"\" width=\"1920\" height=\"955\" srcset=\"https:\/\/sharewalker.com\/wp-content\/uploads\/2025\/03\/10020-3.png 1920w, https:\/\/sharewalker.com\/wp-content\/uploads\/2025\/03\/10020-3-300x149.png 300w, https:\/\/sharewalker.com\/wp-content\/uploads\/2025\/03\/10020-3-1024x509.png 1024w, https:\/\/sharewalker.com\/wp-content\/uploads\/2025\/03\/10020-3-768x382.png 768w, https:\/\/sharewalker.com\/wp-content\/uploads\/2025\/03\/10020-3-1536x764.png 1536w\" sizes=\"(max-width: 1920px) 100vw, 1920px\" \/> <img loading=\"lazy\" decoding=\"async\" class=\"aligncenter size-full wp-image-2915\" src=\"https:\/\/sharewalker.com\/wp-content\/uploads\/2025\/03\/10021-2.png\" alt=\"\" width=\"1920\" height=\"955\" srcset=\"https:\/\/sharewalker.com\/wp-content\/uploads\/2025\/03\/10021-2.png 1920w, https:\/\/sharewalker.com\/wp-content\/uploads\/2025\/03\/10021-2-300x149.png 300w, https:\/\/sharewalker.com\/wp-content\/uploads\/2025\/03\/10021-2-1024x509.png 1024w, https:\/\/sharewalker.com\/wp-content\/uploads\/2025\/03\/10021-2-768x382.png 768w, https:\/\/sharewalker.com\/wp-content\/uploads\/2025\/03\/10021-2-1536x764.png 1536w\" sizes=\"(max-width: 1920px) 100vw, 1920px\" \/><\/p>","protected":false},"excerpt":{"rendered":"<p>Une plateforme de micro-n\u00e9gociation multilingue nouvellement con\u00e7ue, dot\u00e9e d'une nouvelle interface utilisateur, prenant en charge les \u00e9changes de seconds contrats et les fonctions de roue temporelle de pi\u00e8ces virtuelles, avec un syst\u00e8me de micro-pan pour r\u00e9pondre aux besoins mondiaux en mati\u00e8re de n\u00e9gociation.<\/p>","protected":false},"featured_media":8993,"comment_status":"open","ping_status":"closed","template":"","meta":{"_uag_custom_page_level_css":"","site-sidebar-layout":"default","site-content-layout":"","ast-site-content-layout":"default","site-content-style":"default","site-sidebar-style":"default","ast-global-header-display":"","ast-banner-title-visibility":"","ast-main-header-display":"","ast-hfb-above-header-display":"","ast-hfb-below-header-display":"","ast-hfb-mobile-header-display":"","site-post-title":"","ast-breadcrumbs-content":"","ast-featured-img":"","footer-sml-layout":"","theme-transparent-header-meta":"default","adv-header-id-meta":"","stick-header-meta":"","header-above-stick-meta":"","header-main-stick-meta":"","header-below-stick-meta":"","astra-migrate-meta-layouts":"set","ast-page-background-enabled":"default","ast-page-background-meta":{"desktop":{"background-color":"var(--ast-global-color-4)","background-image":"","background-repeat":"repeat","background-position":"center center","background-size":"auto","background-attachment":"scroll","background-type":"","background-media":"","overlay-type":"","overlay-color":"","overlay-opacity":"","overlay-gradient":""},"tablet":{"background-color":"","background-image":"","background-repeat":"repeat","background-position":"center center","background-size":"auto","background-attachment":"scroll","background-type":"","background-media":"","overlay-type":"","overlay-color":"","overlay-opacity":"","overlay-gradient":""},"mobile":{"background-color":"","background-image":"","background-repeat":"repeat","background-position":"center center","background-size":"auto","background-attachment":"scroll","background-type":"","background-media":"","overlay-type":"","overlay-color":"","overlay-opacity":"","overlay-gradient":""}},"ast-content-background-meta":{"desktop":{"background-color":"var(--ast-global-color-5)","background-image":"","background-repeat":"repeat","background-position":"center center","background-size":"auto","background-attachment":"scroll","background-type":"","background-media":"","overlay-type":"","overlay-color":"","overlay-opacity":"","overlay-gradient":""},"tablet":{"background-color":"var(--ast-global-color-5)","background-image":"","background-repeat":"repeat","background-position":"center center","background-size":"auto","background-attachment":"scroll","background-type":"","background-media":"","overlay-type":"","overlay-color":"","overlay-opacity":"","overlay-gradient":""},"mobile":{"background-color":"var(--ast-global-color-5)","background-image":"","background-repeat":"repeat","background-position":"center center","background-size":"auto","background-attachment":"scroll","background-type":"","background-media":"","overlay-type":"","overlay-color":"","overlay-opacity":"","overlay-gradient":""}}},"product_brand":[],"product_cat":[61],"product_tag":[293,100,290,291,292],"class_list":{"0":"post-2894","1":"product","2":"type-product","3":"status-publish","4":"has-post-thumbnail","6":"product_cat-blockchain-crypto-exchange","7":"product_tag-micro-pan-system","8":"product_tag-new-ui-design","9":"product_tag-overseas-micro-trading-platform","10":"product_tag-second-contract-exchange","11":"product_tag-virtual-coin-time-wheel","12":"desktop-align-left","13":"tablet-align-left","14":"mobile-align-left","16":"first","17":"instock","18":"shipping-taxable","19":"product-type-simple"},"uagb_featured_image_src":{"full":["https:\/\/sharewalker.com\/wp-content\/uploads\/2025\/03\/313131.jpg",283,300,false],"thumbnail":["https:\/\/sharewalker.com\/wp-content\/uploads\/2025\/03\/313131-150x150.jpg",150,150,true],"medium":["https:\/\/sharewalker.com\/wp-content\/uploads\/2025\/03\/313131.jpg",283,300,false],"medium_large":["https:\/\/sharewalker.com\/wp-content\/uploads\/2025\/03\/313131.jpg",283,300,false],"large":["https:\/\/sharewalker.com\/wp-content\/uploads\/2025\/03\/313131.jpg",283,300,false],"1536x1536":["https:\/\/sharewalker.com\/wp-content\/uploads\/2025\/03\/313131.jpg",283,300,false],"2048x2048":["https:\/\/sharewalker.com\/wp-content\/uploads\/2025\/03\/313131.jpg",283,300,false],"trp-custom-language-flag":["https:\/\/sharewalker.com\/wp-content\/uploads\/2025\/03\/313131-11x12.jpg",11,12,true],"woocommerce_thumbnail":["https:\/\/sharewalker.com\/wp-content\/uploads\/2025\/03\/313131.jpg",283,300,false],"woocommerce_single":["https:\/\/sharewalker.com\/wp-content\/uploads\/2025\/03\/313131.jpg",283,300,false],"woocommerce_gallery_thumbnail":["https:\/\/sharewalker.com\/wp-content\/uploads\/2025\/03\/313131-100x100.jpg",100,100,true]},"uagb_author_info":{"display_name":"admin","author_link":"https:\/\/sharewalker.com\/fr\/author\/"},"uagb_comment_info":0,"uagb_excerpt":"A newly designed overseas multilingual micro-trading platform featuring a new UI, supporting second contract exchanges and virtual coin time wheel functions, with a micro-pan system to meet global trading needs.\u200b","_links":{"self":[{"href":"https:\/\/sharewalker.com\/fr\/wp-json\/wp\/v2\/product\/2894","targetHints":{"allow":["GET"]}}],"collection":[{"href":"https:\/\/sharewalker.com\/fr\/wp-json\/wp\/v2\/product"}],"about":[{"href":"https:\/\/sharewalker.com\/fr\/wp-json\/wp\/v2\/types\/product"}],"replies":[{"embeddable":true,"href":"https:\/\/sharewalker.com\/fr\/wp-json\/wp\/v2\/comments?post=2894"}],"version-history":[{"count":0,"href":"https:\/\/sharewalker.com\/fr\/wp-json\/wp\/v2\/product\/2894\/revisions"}],"wp:featuredmedia":[{"embeddable":true,"href":"https:\/\/sharewalker.com\/fr\/wp-json\/wp\/v2\/media\/8993"}],"wp:attachment":[{"href":"https:\/\/sharewalker.com\/fr\/wp-json\/wp\/v2\/media?parent=2894"}],"wp:term":[{"taxonomy":"product_brand","embeddable":true,"href":"https:\/\/sharewalker.com\/fr\/wp-json\/wp\/v2\/product_brand?post=2894"},{"taxonomy":"product_cat","embeddable":true,"href":"https:\/\/sharewalker.com\/fr\/wp-json\/wp\/v2\/product_cat?post=2894"},{"taxonomy":"product_tag","embeddable":true,"href":"https:\/\/sharewalker.com\/fr\/wp-json\/wp\/v2\/product_tag?post=2894"}],"curies":[{"name":"wp","href":"https:\/\/api.w.org\/{rel}","templated":true}]}}