{"id":2930,"date":"2025-03-25T15:32:41","date_gmt":"2025-03-25T07:32:41","guid":{"rendered":"https:\/\/sharewalker.com\/?post_type=product&#038;p=2930"},"modified":"2025-04-23T16:48:26","modified_gmt":"2025-04-23T08:48:26","slug":"multilingual-8-languages-exchange-system-coin-to-coin-trading-second-contracts-mining-machine-subscription-multifunctional-trading-platform","status":"publish","type":"product","link":"https:\/\/sharewalker.com\/fr\/produit\/multilingue-8-langues-systeme-dechange-echange-de-pieces-de-monnaie-deuxieme-contrat-machine-miniere-abonnement-plateforme-dechange-multifonctionnelle\/","title":{"rendered":"Syst\u00e8me d'\u00e9change multilingue (8 langues) | \u00c9change de monnaie \u00e0 monnaie | Second contrat | Abonnement \u00e0 une machine d'extraction mini\u00e8re | Plateforme d'\u00e9change multifonctionnelle"},"content":{"rendered":"<p>Ce syst\u00e8me est une plateforme de n\u00e9gociation riche en fonctionnalit\u00e9s, con\u00e7ue pour les utilisateurs du monde entier, qui pr\u00e9sente les caract\u00e9ristiques suivantes.<\/p>\n<p>Support multilingue : Le syst\u00e8me propose des versions en 8 langues, garantissant une facilit\u00e9 d'utilisation pour les utilisateurs de diff\u00e9rents pays et r\u00e9gions.<\/p>\n<p>\u00c9change de monnaie \u00e0 monnaie : Prise en charge des \u00e9changes entre diverses crypto-monnaies pour r\u00e9pondre aux besoins des utilisateurs en mati\u00e8re d'\u00e9changes.<\/p>\n<p>Second Contract Trading : Fournit une fonctionnalit\u00e9 de n\u00e9gociation de second contrat, adapt\u00e9e aux utilisateurs qui pr\u00e9f\u00e8rent la n\u00e9gociation \u00e0 court terme.<\/p>\n<p>Abonnement aux machines mini\u00e8res : Les utilisateurs peuvent s'abonner \u00e0 des machines d'extraction par l'interm\u00e9diaire de la plateforme et participer \u00e0 l'extraction de crypto-monnaies.<\/p>\n<p><img fetchpriority=\"high\" decoding=\"async\" class=\"aligncenter size-full wp-image-2931\" src=\"https:\/\/sharewalker.com\/wp-content\/uploads\/2025\/03\/10001-37.jpg\" alt=\"\" width=\"1122\" height=\"669\" \/> <img decoding=\"async\" class=\"aligncenter size-full wp-image-2932\" src=\"https:\/\/sharewalker.com\/wp-content\/uploads\/2025\/03\/10002-11.jpg\" alt=\"\" width=\"1122\" height=\"667\" srcset=\"https:\/\/sharewalker.com\/wp-content\/uploads\/2025\/03\/10002-11.jpg 1122w, https:\/\/sharewalker.com\/wp-content\/uploads\/2025\/03\/10002-11-300x178.jpg 300w, https:\/\/sharewalker.com\/wp-content\/uploads\/2025\/03\/10002-11-1024x609.jpg 1024w, https:\/\/sharewalker.com\/wp-content\/uploads\/2025\/03\/10002-11-768x457.jpg 768w\" sizes=\"(max-width: 1122px) 100vw, 1122px\" \/> <img decoding=\"async\" class=\"aligncenter size-full wp-image-2933\" src=\"https:\/\/sharewalker.com\/wp-content\/uploads\/2025\/03\/10003-9.jpg\" alt=\"\" width=\"1122\" height=\"668\" srcset=\"https:\/\/sharewalker.com\/wp-content\/uploads\/2025\/03\/10003-9.jpg 1122w, https:\/\/sharewalker.com\/wp-content\/uploads\/2025\/03\/10003-9-300x179.jpg 300w, https:\/\/sharewalker.com\/wp-content\/uploads\/2025\/03\/10003-9-1024x610.jpg 1024w, https:\/\/sharewalker.com\/wp-content\/uploads\/2025\/03\/10003-9-768x457.jpg 768w\" sizes=\"(max-width: 1122px) 100vw, 1122px\" \/> <img loading=\"lazy\" decoding=\"async\" class=\"aligncenter size-full wp-image-2934\" src=\"https:\/\/sharewalker.com\/wp-content\/uploads\/2025\/03\/10004-5.jpg\" alt=\"\" width=\"1122\" height=\"669\" srcset=\"https:\/\/sharewalker.com\/wp-content\/uploads\/2025\/03\/10004-5.jpg 1122w, https:\/\/sharewalker.com\/wp-content\/uploads\/2025\/03\/10004-5-300x179.jpg 300w, https:\/\/sharewalker.com\/wp-content\/uploads\/2025\/03\/10004-5-1024x611.jpg 1024w, https:\/\/sharewalker.com\/wp-content\/uploads\/2025\/03\/10004-5-768x458.jpg 768w\" sizes=\"(max-width: 1122px) 100vw, 1122px\" \/> <img loading=\"lazy\" decoding=\"async\" class=\"aligncenter size-full wp-image-2935\" src=\"https:\/\/sharewalker.com\/wp-content\/uploads\/2025\/03\/10005-3.jpg\" alt=\"\" width=\"1122\" height=\"669\" srcset=\"https:\/\/sharewalker.com\/wp-content\/uploads\/2025\/03\/10005-3.jpg 1122w, https:\/\/sharewalker.com\/wp-content\/uploads\/2025\/03\/10005-3-300x179.jpg 300w, https:\/\/sharewalker.com\/wp-content\/uploads\/2025\/03\/10005-3-1024x611.jpg 1024w, https:\/\/sharewalker.com\/wp-content\/uploads\/2025\/03\/10005-3-768x458.jpg 768w\" sizes=\"(max-width: 1122px) 100vw, 1122px\" \/> <img loading=\"lazy\" decoding=\"async\" class=\"aligncenter size-full wp-image-2936\" src=\"https:\/\/sharewalker.com\/wp-content\/uploads\/2025\/03\/10006-2.jpg\" alt=\"\" width=\"1122\" height=\"669\" srcset=\"https:\/\/sharewalker.com\/wp-content\/uploads\/2025\/03\/10006-2.jpg 1122w, https:\/\/sharewalker.com\/wp-content\/uploads\/2025\/03\/10006-2-300x179.jpg 300w, https:\/\/sharewalker.com\/wp-content\/uploads\/2025\/03\/10006-2-1024x611.jpg 1024w, https:\/\/sharewalker.com\/wp-content\/uploads\/2025\/03\/10006-2-768x458.jpg 768w\" sizes=\"(max-width: 1122px) 100vw, 1122px\" \/> <img loading=\"lazy\" decoding=\"async\" class=\"aligncenter size-full wp-image-2937\" src=\"https:\/\/sharewalker.com\/wp-content\/uploads\/2025\/03\/10007-1.jpg\" alt=\"\" width=\"1122\" height=\"668\" srcset=\"https:\/\/sharewalker.com\/wp-content\/uploads\/2025\/03\/10007-1.jpg 1122w, https:\/\/sharewalker.com\/wp-content\/uploads\/2025\/03\/10007-1-300x179.jpg 300w, https:\/\/sharewalker.com\/wp-content\/uploads\/2025\/03\/10007-1-1024x610.jpg 1024w, https:\/\/sharewalker.com\/wp-content\/uploads\/2025\/03\/10007-1-768x457.jpg 768w\" sizes=\"(max-width: 1122px) 100vw, 1122px\" \/> <img loading=\"lazy\" decoding=\"async\" class=\"aligncenter size-full wp-image-2938\" src=\"https:\/\/sharewalker.com\/wp-content\/uploads\/2025\/03\/10008-40.png\" alt=\"\" width=\"1920\" height=\"953\" srcset=\"https:\/\/sharewalker.com\/wp-content\/uploads\/2025\/03\/10008-40.png 1920w, https:\/\/sharewalker.com\/wp-content\/uploads\/2025\/03\/10008-40-300x149.png 300w, https:\/\/sharewalker.com\/wp-content\/uploads\/2025\/03\/10008-40-1024x508.png 1024w, https:\/\/sharewalker.com\/wp-content\/uploads\/2025\/03\/10008-40-768x381.png 768w, https:\/\/sharewalker.com\/wp-content\/uploads\/2025\/03\/10008-40-1536x762.png 1536w\" sizes=\"(max-width: 1920px) 100vw, 1920px\" \/> <img loading=\"lazy\" decoding=\"async\" class=\"aligncenter size-full wp-image-2939\" src=\"https:\/\/sharewalker.com\/wp-content\/uploads\/2025\/03\/10009-40.png\" alt=\"\" width=\"1903\" height=\"1633\" srcset=\"https:\/\/sharewalker.com\/wp-content\/uploads\/2025\/03\/10009-40.png 1903w, https:\/\/sharewalker.com\/wp-content\/uploads\/2025\/03\/10009-40-300x257.png 300w, https:\/\/sharewalker.com\/wp-content\/uploads\/2025\/03\/10009-40-1024x879.png 1024w, https:\/\/sharewalker.com\/wp-content\/uploads\/2025\/03\/10009-40-768x659.png 768w, https:\/\/sharewalker.com\/wp-content\/uploads\/2025\/03\/10009-40-1536x1318.png 1536w\" sizes=\"(max-width: 1903px) 100vw, 1903px\" \/> <img loading=\"lazy\" decoding=\"async\" class=\"aligncenter size-full wp-image-2940\" src=\"https:\/\/sharewalker.com\/wp-content\/uploads\/2025\/03\/10010-2-scaled.jpg\" alt=\"\" width=\"1488\" height=\"2560\" srcset=\"https:\/\/sharewalker.com\/wp-content\/uploads\/2025\/03\/10010-2-scaled.jpg 1488w, https:\/\/sharewalker.com\/wp-content\/uploads\/2025\/03\/10010-2-174x300.jpg 174w, https:\/\/sharewalker.com\/wp-content\/uploads\/2025\/03\/10010-2-595x1024.jpg 595w, https:\/\/sharewalker.com\/wp-content\/uploads\/2025\/03\/10010-2-768x1321.jpg 768w, https:\/\/sharewalker.com\/wp-content\/uploads\/2025\/03\/10010-2-893x1536.jpg 893w, https:\/\/sharewalker.com\/wp-content\/uploads\/2025\/03\/10010-2-1190x2048.jpg 1190w, https:\/\/sharewalker.com\/wp-content\/uploads\/2025\/03\/10010-2-300x516.jpg 300w\" sizes=\"(max-width: 1488px) 100vw, 1488px\" \/> <img loading=\"lazy\" decoding=\"async\" class=\"aligncenter size-full wp-image-2941\" src=\"https:\/\/sharewalker.com\/wp-content\/uploads\/2025\/03\/10011-36.png\" alt=\"\" width=\"1920\" height=\"924\" srcset=\"https:\/\/sharewalker.com\/wp-content\/uploads\/2025\/03\/10011-36.png 1920w, https:\/\/sharewalker.com\/wp-content\/uploads\/2025\/03\/10011-36-300x144.png 300w, https:\/\/sharewalker.com\/wp-content\/uploads\/2025\/03\/10011-36-1024x493.png 1024w, https:\/\/sharewalker.com\/wp-content\/uploads\/2025\/03\/10011-36-768x370.png 768w, https:\/\/sharewalker.com\/wp-content\/uploads\/2025\/03\/10011-36-1536x739.png 1536w\" sizes=\"(max-width: 1920px) 100vw, 1920px\" \/> <img loading=\"lazy\" decoding=\"async\" class=\"aligncenter size-full wp-image-2942\" src=\"https:\/\/sharewalker.com\/wp-content\/uploads\/2025\/03\/10012-36.png\" alt=\"\" width=\"1920\" height=\"910\" srcset=\"https:\/\/sharewalker.com\/wp-content\/uploads\/2025\/03\/10012-36.png 1920w, https:\/\/sharewalker.com\/wp-content\/uploads\/2025\/03\/10012-36-300x142.png 300w, https:\/\/sharewalker.com\/wp-content\/uploads\/2025\/03\/10012-36-1024x485.png 1024w, https:\/\/sharewalker.com\/wp-content\/uploads\/2025\/03\/10012-36-768x364.png 768w, https:\/\/sharewalker.com\/wp-content\/uploads\/2025\/03\/10012-36-1536x728.png 1536w\" sizes=\"(max-width: 1920px) 100vw, 1920px\" \/> <img loading=\"lazy\" decoding=\"async\" class=\"aligncenter size-full wp-image-2943\" src=\"https:\/\/sharewalker.com\/wp-content\/uploads\/2025\/03\/10013-34.png\" alt=\"\" width=\"1920\" height=\"949\" srcset=\"https:\/\/sharewalker.com\/wp-content\/uploads\/2025\/03\/10013-34.png 1920w, https:\/\/sharewalker.com\/wp-content\/uploads\/2025\/03\/10013-34-300x148.png 300w, https:\/\/sharewalker.com\/wp-content\/uploads\/2025\/03\/10013-34-1024x506.png 1024w, https:\/\/sharewalker.com\/wp-content\/uploads\/2025\/03\/10013-34-768x380.png 768w, https:\/\/sharewalker.com\/wp-content\/uploads\/2025\/03\/10013-34-1536x759.png 1536w\" sizes=\"(max-width: 1920px) 100vw, 1920px\" \/> <img loading=\"lazy\" decoding=\"async\" class=\"aligncenter size-full wp-image-2944\" src=\"https:\/\/sharewalker.com\/wp-content\/uploads\/2025\/03\/10014-28.png\" alt=\"\" width=\"1920\" height=\"936\" srcset=\"https:\/\/sharewalker.com\/wp-content\/uploads\/2025\/03\/10014-28.png 1920w, https:\/\/sharewalker.com\/wp-content\/uploads\/2025\/03\/10014-28-300x146.png 300w, https:\/\/sharewalker.com\/wp-content\/uploads\/2025\/03\/10014-28-1024x499.png 1024w, https:\/\/sharewalker.com\/wp-content\/uploads\/2025\/03\/10014-28-768x374.png 768w, https:\/\/sharewalker.com\/wp-content\/uploads\/2025\/03\/10014-28-1536x749.png 1536w\" sizes=\"(max-width: 1920px) 100vw, 1920px\" \/> <img loading=\"lazy\" decoding=\"async\" class=\"aligncenter size-full wp-image-2945\" src=\"https:\/\/sharewalker.com\/wp-content\/uploads\/2025\/03\/10015-26.png\" alt=\"\" width=\"1920\" height=\"936\" srcset=\"https:\/\/sharewalker.com\/wp-content\/uploads\/2025\/03\/10015-26.png 1920w, https:\/\/sharewalker.com\/wp-content\/uploads\/2025\/03\/10015-26-300x146.png 300w, https:\/\/sharewalker.com\/wp-content\/uploads\/2025\/03\/10015-26-1024x499.png 1024w, https:\/\/sharewalker.com\/wp-content\/uploads\/2025\/03\/10015-26-768x374.png 768w, https:\/\/sharewalker.com\/wp-content\/uploads\/2025\/03\/10015-26-1536x749.png 1536w\" sizes=\"(max-width: 1920px) 100vw, 1920px\" \/> <img loading=\"lazy\" decoding=\"async\" class=\"aligncenter size-full wp-image-2946\" src=\"https:\/\/sharewalker.com\/wp-content\/uploads\/2025\/03\/10016-22.png\" alt=\"\" width=\"1920\" height=\"932\" srcset=\"https:\/\/sharewalker.com\/wp-content\/uploads\/2025\/03\/10016-22.png 1920w, https:\/\/sharewalker.com\/wp-content\/uploads\/2025\/03\/10016-22-300x146.png 300w, https:\/\/sharewalker.com\/wp-content\/uploads\/2025\/03\/10016-22-1024x497.png 1024w, https:\/\/sharewalker.com\/wp-content\/uploads\/2025\/03\/10016-22-768x373.png 768w, https:\/\/sharewalker.com\/wp-content\/uploads\/2025\/03\/10016-22-1536x746.png 1536w\" sizes=\"(max-width: 1920px) 100vw, 1920px\" \/> <img loading=\"lazy\" decoding=\"async\" class=\"aligncenter size-full wp-image-2947\" src=\"https:\/\/sharewalker.com\/wp-content\/uploads\/2025\/03\/10017-15.png\" alt=\"\" width=\"1920\" height=\"915\" srcset=\"https:\/\/sharewalker.com\/wp-content\/uploads\/2025\/03\/10017-15.png 1920w, https:\/\/sharewalker.com\/wp-content\/uploads\/2025\/03\/10017-15-300x143.png 300w, https:\/\/sharewalker.com\/wp-content\/uploads\/2025\/03\/10017-15-1024x488.png 1024w, https:\/\/sharewalker.com\/wp-content\/uploads\/2025\/03\/10017-15-768x366.png 768w, https:\/\/sharewalker.com\/wp-content\/uploads\/2025\/03\/10017-15-1536x732.png 1536w\" sizes=\"(max-width: 1920px) 100vw, 1920px\" \/> <img loading=\"lazy\" decoding=\"async\" class=\"aligncenter size-full wp-image-2948\" src=\"https:\/\/sharewalker.com\/wp-content\/uploads\/2025\/03\/10018-15.png\" alt=\"\" width=\"1920\" height=\"930\" srcset=\"https:\/\/sharewalker.com\/wp-content\/uploads\/2025\/03\/10018-15.png 1920w, https:\/\/sharewalker.com\/wp-content\/uploads\/2025\/03\/10018-15-300x145.png 300w, https:\/\/sharewalker.com\/wp-content\/uploads\/2025\/03\/10018-15-1024x496.png 1024w, https:\/\/sharewalker.com\/wp-content\/uploads\/2025\/03\/10018-15-768x372.png 768w, https:\/\/sharewalker.com\/wp-content\/uploads\/2025\/03\/10018-15-1536x744.png 1536w\" sizes=\"(max-width: 1920px) 100vw, 1920px\" \/> <img loading=\"lazy\" decoding=\"async\" class=\"aligncenter size-full wp-image-2949\" src=\"https:\/\/sharewalker.com\/wp-content\/uploads\/2025\/03\/10019-8.png\" alt=\"\" width=\"1920\" height=\"924\" srcset=\"https:\/\/sharewalker.com\/wp-content\/uploads\/2025\/03\/10019-8.png 1920w, https:\/\/sharewalker.com\/wp-content\/uploads\/2025\/03\/10019-8-300x144.png 300w, https:\/\/sharewalker.com\/wp-content\/uploads\/2025\/03\/10019-8-1024x493.png 1024w, https:\/\/sharewalker.com\/wp-content\/uploads\/2025\/03\/10019-8-768x370.png 768w, https:\/\/sharewalker.com\/wp-content\/uploads\/2025\/03\/10019-8-1536x739.png 1536w\" sizes=\"(max-width: 1920px) 100vw, 1920px\" \/> <img loading=\"lazy\" decoding=\"async\" class=\"aligncenter size-full wp-image-2950\" src=\"https:\/\/sharewalker.com\/wp-content\/uploads\/2025\/03\/10020-4.png\" alt=\"\" width=\"1920\" height=\"929\" srcset=\"https:\/\/sharewalker.com\/wp-content\/uploads\/2025\/03\/10020-4.png 1920w, https:\/\/sharewalker.com\/wp-content\/uploads\/2025\/03\/10020-4-300x145.png 300w, https:\/\/sharewalker.com\/wp-content\/uploads\/2025\/03\/10020-4-1024x495.png 1024w, https:\/\/sharewalker.com\/wp-content\/uploads\/2025\/03\/10020-4-768x372.png 768w, https:\/\/sharewalker.com\/wp-content\/uploads\/2025\/03\/10020-4-1536x743.png 1536w\" sizes=\"(max-width: 1920px) 100vw, 1920px\" \/> <img loading=\"lazy\" decoding=\"async\" class=\"aligncenter size-full wp-image-2951\" src=\"https:\/\/sharewalker.com\/wp-content\/uploads\/2025\/03\/10021-3.png\" alt=\"\" width=\"1920\" height=\"927\" srcset=\"https:\/\/sharewalker.com\/wp-content\/uploads\/2025\/03\/10021-3.png 1920w, https:\/\/sharewalker.com\/wp-content\/uploads\/2025\/03\/10021-3-300x145.png 300w, https:\/\/sharewalker.com\/wp-content\/uploads\/2025\/03\/10021-3-1024x494.png 1024w, https:\/\/sharewalker.com\/wp-content\/uploads\/2025\/03\/10021-3-768x371.png 768w, https:\/\/sharewalker.com\/wp-content\/uploads\/2025\/03\/10021-3-1536x742.png 1536w\" sizes=\"(max-width: 1920px) 100vw, 1920px\" \/> <img loading=\"lazy\" decoding=\"async\" class=\"aligncenter size-full wp-image-2952\" src=\"https:\/\/sharewalker.com\/wp-content\/uploads\/2025\/03\/10022-2.png\" alt=\"\" width=\"1920\" height=\"917\" srcset=\"https:\/\/sharewalker.com\/wp-content\/uploads\/2025\/03\/10022-2.png 1920w, https:\/\/sharewalker.com\/wp-content\/uploads\/2025\/03\/10022-2-300x143.png 300w, https:\/\/sharewalker.com\/wp-content\/uploads\/2025\/03\/10022-2-1024x489.png 1024w, https:\/\/sharewalker.com\/wp-content\/uploads\/2025\/03\/10022-2-768x367.png 768w, https:\/\/sharewalker.com\/wp-content\/uploads\/2025\/03\/10022-2-1536x734.png 1536w\" sizes=\"(max-width: 1920px) 100vw, 1920px\" \/> <img loading=\"lazy\" decoding=\"async\" class=\"aligncenter size-full wp-image-2953\" src=\"https:\/\/sharewalker.com\/wp-content\/uploads\/2025\/03\/10023-2.png\" alt=\"\" width=\"1920\" height=\"910\" srcset=\"https:\/\/sharewalker.com\/wp-content\/uploads\/2025\/03\/10023-2.png 1920w, https:\/\/sharewalker.com\/wp-content\/uploads\/2025\/03\/10023-2-300x142.png 300w, https:\/\/sharewalker.com\/wp-content\/uploads\/2025\/03\/10023-2-1024x485.png 1024w, https:\/\/sharewalker.com\/wp-content\/uploads\/2025\/03\/10023-2-768x364.png 768w, https:\/\/sharewalker.com\/wp-content\/uploads\/2025\/03\/10023-2-1536x728.png 1536w\" sizes=\"(max-width: 1920px) 100vw, 1920px\" \/> <img loading=\"lazy\" decoding=\"async\" class=\"aligncenter size-full wp-image-2954\" src=\"https:\/\/sharewalker.com\/wp-content\/uploads\/2025\/03\/10024-2.png\" alt=\"\" width=\"1920\" height=\"911\" srcset=\"https:\/\/sharewalker.com\/wp-content\/uploads\/2025\/03\/10024-2.png 1920w, https:\/\/sharewalker.com\/wp-content\/uploads\/2025\/03\/10024-2-300x142.png 300w, https:\/\/sharewalker.com\/wp-content\/uploads\/2025\/03\/10024-2-1024x486.png 1024w, https:\/\/sharewalker.com\/wp-content\/uploads\/2025\/03\/10024-2-768x364.png 768w, https:\/\/sharewalker.com\/wp-content\/uploads\/2025\/03\/10024-2-1536x729.png 1536w\" sizes=\"(max-width: 1920px) 100vw, 1920px\" \/> <img loading=\"lazy\" decoding=\"async\" class=\"aligncenter size-full wp-image-2955\" src=\"https:\/\/sharewalker.com\/wp-content\/uploads\/2025\/03\/10025-1.png\" alt=\"\" width=\"1920\" height=\"904\" srcset=\"https:\/\/sharewalker.com\/wp-content\/uploads\/2025\/03\/10025-1.png 1920w, https:\/\/sharewalker.com\/wp-content\/uploads\/2025\/03\/10025-1-300x141.png 300w, https:\/\/sharewalker.com\/wp-content\/uploads\/2025\/03\/10025-1-1024x482.png 1024w, https:\/\/sharewalker.com\/wp-content\/uploads\/2025\/03\/10025-1-768x362.png 768w, https:\/\/sharewalker.com\/wp-content\/uploads\/2025\/03\/10025-1-1536x723.png 1536w\" sizes=\"(max-width: 1920px) 100vw, 1920px\" \/><\/p>","protected":false},"excerpt":{"rendered":"<p>Il s'agit d'un syst\u00e8me d'\u00e9change multilingue prenant en charge 8 langues, offrant des \u00e9changes de pi\u00e8ces \u00e0 pi\u00e8ces, des seconds contrats, des abonnements \u00e0 des machines mini\u00e8res et bien plus encore, dans le but de r\u00e9pondre aux besoins d'\u00e9changes des utilisateurs du monde entier.<\/p>","protected":false},"featured_media":2931,"comment_status":"open","ping_status":"closed","template":"","meta":{"_uag_custom_page_level_css":"","site-sidebar-layout":"default","site-content-layout":"","ast-site-content-layout":"default","site-content-style":"default","site-sidebar-style":"default","ast-global-header-display":"","ast-banner-title-visibility":"","ast-main-header-display":"","ast-hfb-above-header-display":"","ast-hfb-below-header-display":"","ast-hfb-mobile-header-display":"","site-post-title":"","ast-breadcrumbs-content":"","ast-featured-img":"","footer-sml-layout":"","theme-transparent-header-meta":"default","adv-header-id-meta":"","stick-header-meta":"","header-above-stick-meta":"","header-main-stick-meta":"","header-below-stick-meta":"","astra-migrate-meta-layouts":"set","ast-page-background-enabled":"default","ast-page-background-meta":{"desktop":{"background-color":"var(--ast-global-color-4)","background-image":"","background-repeat":"repeat","background-position":"center center","background-size":"auto","background-attachment":"scroll","background-type":"","background-media":"","overlay-type":"","overlay-color":"","overlay-opacity":"","overlay-gradient":""},"tablet":{"background-color":"","background-image":"","background-repeat":"repeat","background-position":"center center","background-size":"auto","background-attachment":"scroll","background-type":"","background-media":"","overlay-type":"","overlay-color":"","overlay-opacity":"","overlay-gradient":""},"mobile":{"background-color":"","background-image":"","background-repeat":"repeat","background-position":"center center","background-size":"auto","background-attachment":"scroll","background-type":"","background-media":"","overlay-type":"","overlay-color":"","overlay-opacity":"","overlay-gradient":""}},"ast-content-background-meta":{"desktop":{"background-color":"var(--ast-global-color-5)","background-image":"","background-repeat":"repeat","background-position":"center center","background-size":"auto","background-attachment":"scroll","background-type":"","background-media":"","overlay-type":"","overlay-color":"","overlay-opacity":"","overlay-gradient":""},"tablet":{"background-color":"var(--ast-global-color-5)","background-image":"","background-repeat":"repeat","background-position":"center center","background-size":"auto","background-attachment":"scroll","background-type":"","background-media":"","overlay-type":"","overlay-color":"","overlay-opacity":"","overlay-gradient":""},"mobile":{"background-color":"var(--ast-global-color-5)","background-image":"","background-repeat":"repeat","background-position":"center center","background-size":"auto","background-attachment":"scroll","background-type":"","background-media":"","overlay-type":"","overlay-color":"","overlay-opacity":"","overlay-gradient":""}}},"product_brand":[],"product_cat":[61],"product_tag":[300,302,303,299,301],"class_list":{"0":"post-2930","1":"product","2":"type-product","3":"status-publish","4":"has-post-thumbnail","6":"product_cat-blockchain-crypto-exchange","7":"product_tag-coin-to-coin-trading-platform","8":"product_tag-mining-machine-subscription","9":"product_tag-multifunctional-trading-platform","10":"product_tag-multilingual-exchange","11":"product_tag-second-contract-trading","12":"desktop-align-left","13":"tablet-align-left","14":"mobile-align-left","16":"first","17":"instock","18":"shipping-taxable","19":"product-type-simple"},"uagb_featured_image_src":{"full":["https:\/\/sharewalker.com\/wp-content\/uploads\/2025\/03\/10001-37-e1742887946728.jpg",740,669,false],"thumbnail":["https:\/\/sharewalker.com\/wp-content\/uploads\/2025\/03\/10001-37-e1742887946728-150x150.jpg",150,150,true],"medium":["https:\/\/sharewalker.com\/wp-content\/uploads\/2025\/03\/10001-37-e1742887946728-300x271.jpg",300,271,true],"medium_large":["https:\/\/sharewalker.com\/wp-content\/uploads\/2025\/03\/10001-37-768x458.jpg",768,458,true],"large":["https:\/\/sharewalker.com\/wp-content\/uploads\/2025\/03\/10001-37-1024x611.jpg",1024,611,true],"1536x1536":["https:\/\/sharewalker.com\/wp-content\/uploads\/2025\/03\/10001-37-e1742887946728.jpg",740,669,false],"2048x2048":["https:\/\/sharewalker.com\/wp-content\/uploads\/2025\/03\/10001-37-e1742887946728.jpg",740,669,false],"trp-custom-language-flag":["https:\/\/sharewalker.com\/wp-content\/uploads\/2025\/03\/10001-37-e1742887946728.jpg",13,12,false],"woocommerce_thumbnail":["https:\/\/sharewalker.com\/wp-content\/uploads\/2025\/03\/10001-37-e1742887946728-300x300.jpg",300,300,true],"woocommerce_single":["https:\/\/sharewalker.com\/wp-content\/uploads\/2025\/03\/10001-37-e1742887946728-300x271.jpg",300,271,true],"woocommerce_gallery_thumbnail":["https:\/\/sharewalker.com\/wp-content\/uploads\/2025\/03\/10001-37-e1742887946728-100x100.jpg",100,100,true]},"uagb_author_info":{"display_name":"admin","author_link":"https:\/\/sharewalker.com\/fr\/author\/"},"uagb_comment_info":0,"uagb_excerpt":"This is a multilingual exchange system supporting 8 languages, offering coin-to-coin trading, second contracts, mining machine subscriptions, and more, aiming to meet the trading needs of global users.\u200b","_links":{"self":[{"href":"https:\/\/sharewalker.com\/fr\/wp-json\/wp\/v2\/product\/2930","targetHints":{"allow":["GET"]}}],"collection":[{"href":"https:\/\/sharewalker.com\/fr\/wp-json\/wp\/v2\/product"}],"about":[{"href":"https:\/\/sharewalker.com\/fr\/wp-json\/wp\/v2\/types\/product"}],"replies":[{"embeddable":true,"href":"https:\/\/sharewalker.com\/fr\/wp-json\/wp\/v2\/comments?post=2930"}],"version-history":[{"count":2,"href":"https:\/\/sharewalker.com\/fr\/wp-json\/wp\/v2\/product\/2930\/revisions"}],"predecessor-version":[{"id":9527,"href":"https:\/\/sharewalker.com\/fr\/wp-json\/wp\/v2\/product\/2930\/revisions\/9527"}],"wp:featuredmedia":[{"embeddable":true,"href":"https:\/\/sharewalker.com\/fr\/wp-json\/wp\/v2\/media\/2931"}],"wp:attachment":[{"href":"https:\/\/sharewalker.com\/fr\/wp-json\/wp\/v2\/media?parent=2930"}],"wp:term":[{"taxonomy":"product_brand","embeddable":true,"href":"https:\/\/sharewalker.com\/fr\/wp-json\/wp\/v2\/product_brand?post=2930"},{"taxonomy":"product_cat","embeddable":true,"href":"https:\/\/sharewalker.com\/fr\/wp-json\/wp\/v2\/product_cat?post=2930"},{"taxonomy":"product_tag","embeddable":true,"href":"https:\/\/sharewalker.com\/fr\/wp-json\/wp\/v2\/product_tag?post=2930"}],"curies":[{"name":"wp","href":"https:\/\/api.w.org\/{rel}","templated":true}]}}