{"id":3090,"date":"2025-03-25T16:35:23","date_gmt":"2025-03-25T08:35:23","guid":{"rendered":"https:\/\/sharewalker.com\/?post_type=product&#038;p=3090"},"modified":"2025-03-25T16:35:23","modified_gmt":"2025-03-25T08:35:23","slug":"capital-pool-wealth-management-system-port-seconds-contract-exchange-rise-and-fall-control-investment-and-wealth-management-viral-promotion","status":"publish","type":"product","link":"https:\/\/sharewalker.com\/fr\/produit\/pool-de-capitaux-systeme-de-gestion-de-patrimoine-port-secondes-contrat-dechange-controle-de-la-hausse-et-de-la-baisse-investissement-et-gestion-de-patrimoine-promotion-virale\/","title":{"rendered":"Capital Pool Wealth Management System | Port Seconds Contract Exchange | Rise and Fall Control | Investment and Wealth Management Viral Promotion"},"content":{"rendered":"<p>Les principales caract\u00e9ristiques du syst\u00e8me sont les suivantes<\/p>\n<p>Capital Pool Wealth Management : Offre des caract\u00e9ristiques de gestion de patrimoine \u00e0 capital stable pour r\u00e9pondre aux besoins d'investissement de l'utilisateur.<\/p>\n<p>Port Seconds Contract Exchange : Comprend une bourse de contrats \u00e0 la seconde pour des \u00e9changes rapides.<\/p>\n<p>Contr\u00f4le de la hausse et de la baisse : D\u00e9finit les conditions de mont\u00e9e et de descente afin d'assurer un commerce contr\u00f4l\u00e9.<\/p>\n<p>M\u00e9canisme de promotion virale : Il utilise des m\u00e9thodes de promotion innovantes pour favoriser une croissance rapide de l'activit\u00e9.<\/p>\n<div style=\"width: 2254px;\" class=\"wp-video\"><video class=\"wp-video-shortcode\" id=\"video-3090-1\" width=\"2254\" height=\"1080\" preload=\"metadata\" controls=\"controls\"><source type=\"video\/mp4\" src=\"https:\/\/sharewalker.com\/wp-content\/uploads\/2025\/03\/202407301722295014227737.mp4?_=1\" \/><a href=\"https:\/\/sharewalker.com\/wp-content\/uploads\/2025\/03\/202407301722295014227737.mp4\">https:\/\/sharewalker.com\/wp-content\/uploads\/2025\/03\/202407301722295014227737.mp4<\/a><\/video><\/div>\n<p><img fetchpriority=\"high\" decoding=\"async\" class=\"aligncenter size-full wp-image-3091\" src=\"https:\/\/sharewalker.com\/wp-content\/uploads\/2025\/03\/10001-13.png\" alt=\"\" width=\"381\" height=\"824\" \/> <img decoding=\"async\" class=\"aligncenter size-full wp-image-3092\" src=\"https:\/\/sharewalker.com\/wp-content\/uploads\/2025\/03\/10002-44.png\" alt=\"\" width=\"381\" height=\"824\" srcset=\"https:\/\/sharewalker.com\/wp-content\/uploads\/2025\/03\/10002-44.png 381w, https:\/\/sharewalker.com\/wp-content\/uploads\/2025\/03\/10002-44-139x300.png 139w, https:\/\/sharewalker.com\/wp-content\/uploads\/2025\/03\/10002-44-300x649.png 300w\" sizes=\"(max-width: 381px) 100vw, 381px\" \/> <img decoding=\"async\" class=\"aligncenter size-full wp-image-3093\" src=\"https:\/\/sharewalker.com\/wp-content\/uploads\/2025\/03\/10003-47.png\" alt=\"\" width=\"381\" height=\"824\" srcset=\"https:\/\/sharewalker.com\/wp-content\/uploads\/2025\/03\/10003-47.png 381w, https:\/\/sharewalker.com\/wp-content\/uploads\/2025\/03\/10003-47-139x300.png 139w, https:\/\/sharewalker.com\/wp-content\/uploads\/2025\/03\/10003-47-300x649.png 300w\" sizes=\"(max-width: 381px) 100vw, 381px\" \/> <img loading=\"lazy\" decoding=\"async\" class=\"aligncenter size-full wp-image-3094\" src=\"https:\/\/sharewalker.com\/wp-content\/uploads\/2025\/03\/10004-50.png\" alt=\"\" width=\"381\" height=\"824\" srcset=\"https:\/\/sharewalker.com\/wp-content\/uploads\/2025\/03\/10004-50.png 381w, https:\/\/sharewalker.com\/wp-content\/uploads\/2025\/03\/10004-50-139x300.png 139w, https:\/\/sharewalker.com\/wp-content\/uploads\/2025\/03\/10004-50-300x649.png 300w\" sizes=\"(max-width: 381px) 100vw, 381px\" \/> <img loading=\"lazy\" decoding=\"async\" class=\"aligncenter size-full wp-image-3095\" src=\"https:\/\/sharewalker.com\/wp-content\/uploads\/2025\/03\/10005-51.png\" alt=\"\" width=\"381\" height=\"824\" srcset=\"https:\/\/sharewalker.com\/wp-content\/uploads\/2025\/03\/10005-51.png 381w, https:\/\/sharewalker.com\/wp-content\/uploads\/2025\/03\/10005-51-139x300.png 139w, https:\/\/sharewalker.com\/wp-content\/uploads\/2025\/03\/10005-51-300x649.png 300w\" sizes=\"(max-width: 381px) 100vw, 381px\" \/> <img loading=\"lazy\" decoding=\"async\" class=\"aligncenter size-full wp-image-3096\" src=\"https:\/\/sharewalker.com\/wp-content\/uploads\/2025\/03\/10006-50.png\" alt=\"\" width=\"381\" height=\"824\" srcset=\"https:\/\/sharewalker.com\/wp-content\/uploads\/2025\/03\/10006-50.png 381w, https:\/\/sharewalker.com\/wp-content\/uploads\/2025\/03\/10006-50-139x300.png 139w, https:\/\/sharewalker.com\/wp-content\/uploads\/2025\/03\/10006-50-300x649.png 300w\" sizes=\"(max-width: 381px) 100vw, 381px\" \/> <img loading=\"lazy\" decoding=\"async\" class=\"aligncenter size-full wp-image-3097\" src=\"https:\/\/sharewalker.com\/wp-content\/uploads\/2025\/03\/10007-50.png\" alt=\"\" width=\"1920\" height=\"919\" srcset=\"https:\/\/sharewalker.com\/wp-content\/uploads\/2025\/03\/10007-50.png 1920w, https:\/\/sharewalker.com\/wp-content\/uploads\/2025\/03\/10007-50-300x144.png 300w, https:\/\/sharewalker.com\/wp-content\/uploads\/2025\/03\/10007-50-1024x490.png 1024w, https:\/\/sharewalker.com\/wp-content\/uploads\/2025\/03\/10007-50-768x368.png 768w, https:\/\/sharewalker.com\/wp-content\/uploads\/2025\/03\/10007-50-1536x735.png 1536w\" sizes=\"(max-width: 1920px) 100vw, 1920px\" \/> <img loading=\"lazy\" decoding=\"async\" class=\"aligncenter size-full wp-image-3098\" src=\"https:\/\/sharewalker.com\/wp-content\/uploads\/2025\/03\/10008-49.png\" alt=\"\" width=\"1920\" height=\"919\" srcset=\"https:\/\/sharewalker.com\/wp-content\/uploads\/2025\/03\/10008-49.png 1920w, https:\/\/sharewalker.com\/wp-content\/uploads\/2025\/03\/10008-49-300x144.png 300w, https:\/\/sharewalker.com\/wp-content\/uploads\/2025\/03\/10008-49-1024x490.png 1024w, https:\/\/sharewalker.com\/wp-content\/uploads\/2025\/03\/10008-49-768x368.png 768w, https:\/\/sharewalker.com\/wp-content\/uploads\/2025\/03\/10008-49-1536x735.png 1536w\" sizes=\"(max-width: 1920px) 100vw, 1920px\" \/> <img loading=\"lazy\" decoding=\"async\" class=\"aligncenter size-full wp-image-3099\" src=\"https:\/\/sharewalker.com\/wp-content\/uploads\/2025\/03\/10009-48.png\" alt=\"\" width=\"1920\" height=\"919\" srcset=\"https:\/\/sharewalker.com\/wp-content\/uploads\/2025\/03\/10009-48.png 1920w, https:\/\/sharewalker.com\/wp-content\/uploads\/2025\/03\/10009-48-300x144.png 300w, https:\/\/sharewalker.com\/wp-content\/uploads\/2025\/03\/10009-48-1024x490.png 1024w, https:\/\/sharewalker.com\/wp-content\/uploads\/2025\/03\/10009-48-768x368.png 768w, https:\/\/sharewalker.com\/wp-content\/uploads\/2025\/03\/10009-48-1536x735.png 1536w\" sizes=\"(max-width: 1920px) 100vw, 1920px\" \/><\/p>\n<div id=\"gtx-trans\" style=\"position: absolute; left: 770px; top: 7479px;\">\n<div class=\"gtx-trans-icon\"><\/div>\n<\/div>","protected":false},"excerpt":{"rendered":"<p>Ce syst\u00e8me offre des services de gestion de patrimoine en pool de capitaux, y compris une fonctionnalit\u00e9 d'\u00e9change de contrats en secondes portuaires avec des conditions de contr\u00f4le \u00e0 la hausse et \u00e0 la baisse, visant \u00e0 promouvoir la croissance virale dans l'investissement et la gestion de patrimoine.<\/p>","protected":false},"featured_media":3091,"comment_status":"open","ping_status":"closed","template":"","meta":{"_uag_custom_page_level_css":"","site-sidebar-layout":"default","site-content-layout":"","ast-site-content-layout":"default","site-content-style":"default","site-sidebar-style":"default","ast-global-header-display":"","ast-banner-title-visibility":"","ast-main-header-display":"","ast-hfb-above-header-display":"","ast-hfb-below-header-display":"","ast-hfb-mobile-header-display":"","site-post-title":"","ast-breadcrumbs-content":"","ast-featured-img":"","footer-sml-layout":"","theme-transparent-header-meta":"default","adv-header-id-meta":"","stick-header-meta":"","header-above-stick-meta":"","header-main-stick-meta":"","header-below-stick-meta":"","astra-migrate-meta-layouts":"set","ast-page-background-enabled":"default","ast-page-background-meta":{"desktop":{"background-color":"var(--ast-global-color-4)","background-image":"","background-repeat":"repeat","background-position":"center center","background-size":"auto","background-attachment":"scroll","background-type":"","background-media":"","overlay-type":"","overlay-color":"","overlay-opacity":"","overlay-gradient":""},"tablet":{"background-color":"","background-image":"","background-repeat":"repeat","background-position":"center center","background-size":"auto","background-attachment":"scroll","background-type":"","background-media":"","overlay-type":"","overlay-color":"","overlay-opacity":"","overlay-gradient":""},"mobile":{"background-color":"","background-image":"","background-repeat":"repeat","background-position":"center center","background-size":"auto","background-attachment":"scroll","background-type":"","background-media":"","overlay-type":"","overlay-color":"","overlay-opacity":"","overlay-gradient":""}},"ast-content-background-meta":{"desktop":{"background-color":"var(--ast-global-color-5)","background-image":"","background-repeat":"repeat","background-position":"center center","background-size":"auto","background-attachment":"scroll","background-type":"","background-media":"","overlay-type":"","overlay-color":"","overlay-opacity":"","overlay-gradient":""},"tablet":{"background-color":"var(--ast-global-color-5)","background-image":"","background-repeat":"repeat","background-position":"center center","background-size":"auto","background-attachment":"scroll","background-type":"","background-media":"","overlay-type":"","overlay-color":"","overlay-opacity":"","overlay-gradient":""},"mobile":{"background-color":"var(--ast-global-color-5)","background-image":"","background-repeat":"repeat","background-position":"center center","background-size":"auto","background-attachment":"scroll","background-type":"","background-media":"","overlay-type":"","overlay-color":"","overlay-opacity":"","overlay-gradient":""}}},"product_brand":[],"product_cat":[60],"product_tag":[343,346,344,345],"class_list":{"0":"post-3090","1":"product","2":"type-product","3":"status-publish","4":"has-post-thumbnail","6":"product_cat-investment-wealth-management","7":"product_tag-capital-pool-wealth-management","8":"product_tag-investment-and-wealth-management-viral-promotion","9":"product_tag-port-seconds-contract-exchange","10":"product_tag-rise-and-fall-control","11":"desktop-align-left","12":"tablet-align-left","13":"mobile-align-left","15":"first","16":"instock","17":"shipping-taxable","18":"product-type-simple"},"uagb_featured_image_src":{"full":["https:\/\/sharewalker.com\/wp-content\/uploads\/2025\/03\/10001-13-e1742891709730.png",380,380,false],"thumbnail":["https:\/\/sharewalker.com\/wp-content\/uploads\/2025\/03\/10001-13-e1742891709730-150x150.png",150,150,true],"medium":["https:\/\/sharewalker.com\/wp-content\/uploads\/2025\/03\/10001-13-e1742891709730-300x300.png",300,300,true],"medium_large":["https:\/\/sharewalker.com\/wp-content\/uploads\/2025\/03\/10001-13-e1742891709730.png",380,380,false],"large":["https:\/\/sharewalker.com\/wp-content\/uploads\/2025\/03\/10001-13-e1742891709730.png",380,380,false],"1536x1536":["https:\/\/sharewalker.com\/wp-content\/uploads\/2025\/03\/10001-13-e1742891709730.png",380,380,false],"2048x2048":["https:\/\/sharewalker.com\/wp-content\/uploads\/2025\/03\/10001-13-e1742891709730.png",380,380,false],"trp-custom-language-flag":["https:\/\/sharewalker.com\/wp-content\/uploads\/2025\/03\/10001-13-e1742891709730.png",12,12,false],"woocommerce_thumbnail":["https:\/\/sharewalker.com\/wp-content\/uploads\/2025\/03\/10001-13-e1742891709730-300x300.png",300,300,true],"woocommerce_single":["https:\/\/sharewalker.com\/wp-content\/uploads\/2025\/03\/10001-13-e1742891709730-300x300.png",300,300,true],"woocommerce_gallery_thumbnail":["https:\/\/sharewalker.com\/wp-content\/uploads\/2025\/03\/10001-13-e1742891709730-100x100.png",100,100,true]},"uagb_author_info":{"display_name":"admin","author_link":"https:\/\/sharewalker.com\/fr\/author\/"},"uagb_comment_info":0,"uagb_excerpt":"This system offers capital pool wealth management services, including port seconds contract exchange functionality with rise and fall control conditions, aiming to promote viral growth in investment and wealth management.\u200b","_links":{"self":[{"href":"https:\/\/sharewalker.com\/fr\/wp-json\/wp\/v2\/product\/3090","targetHints":{"allow":["GET"]}}],"collection":[{"href":"https:\/\/sharewalker.com\/fr\/wp-json\/wp\/v2\/product"}],"about":[{"href":"https:\/\/sharewalker.com\/fr\/wp-json\/wp\/v2\/types\/product"}],"replies":[{"embeddable":true,"href":"https:\/\/sharewalker.com\/fr\/wp-json\/wp\/v2\/comments?post=3090"}],"version-history":[{"count":0,"href":"https:\/\/sharewalker.com\/fr\/wp-json\/wp\/v2\/product\/3090\/revisions"}],"wp:featuredmedia":[{"embeddable":true,"href":"https:\/\/sharewalker.com\/fr\/wp-json\/wp\/v2\/media\/3091"}],"wp:attachment":[{"href":"https:\/\/sharewalker.com\/fr\/wp-json\/wp\/v2\/media?parent=3090"}],"wp:term":[{"taxonomy":"product_brand","embeddable":true,"href":"https:\/\/sharewalker.com\/fr\/wp-json\/wp\/v2\/product_brand?post=3090"},{"taxonomy":"product_cat","embeddable":true,"href":"https:\/\/sharewalker.com\/fr\/wp-json\/wp\/v2\/product_cat?post=3090"},{"taxonomy":"product_tag","embeddable":true,"href":"https:\/\/sharewalker.com\/fr\/wp-json\/wp\/v2\/product_tag?post=3090"}],"curies":[{"name":"wp","href":"https:\/\/api.w.org\/{rel}","templated":true}]}}