{"id":3109,"date":"2025-03-25T16:43:39","date_gmt":"2025-03-25T08:43:39","guid":{"rendered":"https:\/\/sharewalker.com\/?post_type=product&#038;p=3109"},"modified":"2025-03-25T16:45:30","modified_gmt":"2025-03-25T08:45:30","slug":"seconds-contract-time-plate-exchange-gold-and-forex-trading-single-control-profit-and-loss-operational-micro-plate-system","status":"publish","type":"product","link":"https:\/\/sharewalker.com\/fr\/produit\/secondes-contrat-temps-plaque-echange-or-et-forex-controle-unique-profit-et-perte-systeme-operationnel-micro-plaque\/","title":{"rendered":"Syst\u00e8me d'\u00e9change de plaques \u00e0 contrat en secondes | Trading de l'or et du Forex | Profit et perte \u00e0 contr\u00f4le unique | Syst\u00e8me op\u00e9rationnel de microplaques"},"content":{"rendered":"<p>Les principales caract\u00e9ristiques du syst\u00e8me sont les suivantes<\/p>\n<p>\u00c9change de plaques d'heures de contrats en secondes : Permet de n\u00e9gocier des contrats de second niveau pour r\u00e9pondre aux besoins de n\u00e9gociation \u00e0 haute fr\u00e9quence.<\/p>\n<p>N\u00e9gociation sur l'or et le forex : Permet d'effectuer des op\u00e9rations sur les march\u00e9s de l'or et du forex, en offrant diverses options d'investissement.<\/p>\n<p>Contr\u00f4le unique des profits et des pertes : permet un contr\u00f4le ind\u00e9pendant des profits et des pertes pour chaque transaction, am\u00e9liorant ainsi les capacit\u00e9s de gestion des risques.<\/p>\n<p>Syst\u00e8me de microplaques op\u00e9rationnel : Le syst\u00e8me est op\u00e9rationnel, stable et adapt\u00e9 au commerce des microplaques.<\/p>\n<div style=\"width: 2254px;\" class=\"wp-video\"><video class=\"wp-video-shortcode\" id=\"video-3109-1\" width=\"2254\" height=\"1080\" preload=\"metadata\" controls=\"controls\"><source type=\"video\/mp4\" src=\"https:\/\/sharewalker.com\/wp-content\/uploads\/2025\/03\/202408151723693450636823.mp4?_=1\" \/><a href=\"https:\/\/sharewalker.com\/wp-content\/uploads\/2025\/03\/202408151723693450636823.mp4\">https:\/\/sharewalker.com\/wp-content\/uploads\/2025\/03\/202408151723693450636823.mp4<\/a><\/video><\/div>\n<p><img fetchpriority=\"high\" decoding=\"async\" class=\"aligncenter size-full wp-image-3111\" src=\"https:\/\/sharewalker.com\/wp-content\/uploads\/2025\/03\/10001-43.jpg\" alt=\"\" width=\"1171\" height=\"831\" srcset=\"https:\/\/sharewalker.com\/wp-content\/uploads\/2025\/03\/10001-43.jpg 1171w, https:\/\/sharewalker.com\/wp-content\/uploads\/2025\/03\/10001-43-300x213.jpg 300w, https:\/\/sharewalker.com\/wp-content\/uploads\/2025\/03\/10001-43-1024x727.jpg 1024w, https:\/\/sharewalker.com\/wp-content\/uploads\/2025\/03\/10001-43-768x545.jpg 768w\" sizes=\"(max-width: 1171px) 100vw, 1171px\" \/> <img decoding=\"async\" class=\"aligncenter size-full wp-image-3112\" src=\"https:\/\/sharewalker.com\/wp-content\/uploads\/2025\/03\/10002-46.png\" alt=\"\" width=\"387\" height=\"828\" srcset=\"https:\/\/sharewalker.com\/wp-content\/uploads\/2025\/03\/10002-46.png 387w, https:\/\/sharewalker.com\/wp-content\/uploads\/2025\/03\/10002-46-140x300.png 140w, https:\/\/sharewalker.com\/wp-content\/uploads\/2025\/03\/10002-46-300x642.png 300w\" sizes=\"(max-width: 387px) 100vw, 387px\" \/> <img decoding=\"async\" class=\"aligncenter size-full wp-image-3113\" src=\"https:\/\/sharewalker.com\/wp-content\/uploads\/2025\/03\/10003-49.png\" alt=\"\" width=\"389\" height=\"833\" srcset=\"https:\/\/sharewalker.com\/wp-content\/uploads\/2025\/03\/10003-49.png 389w, https:\/\/sharewalker.com\/wp-content\/uploads\/2025\/03\/10003-49-140x300.png 140w, https:\/\/sharewalker.com\/wp-content\/uploads\/2025\/03\/10003-49-300x642.png 300w\" sizes=\"(max-width: 389px) 100vw, 389px\" \/> <img loading=\"lazy\" decoding=\"async\" class=\"aligncenter size-full wp-image-3114\" src=\"https:\/\/sharewalker.com\/wp-content\/uploads\/2025\/03\/10004-52.png\" alt=\"\" width=\"392\" height=\"831\" \/> <img loading=\"lazy\" decoding=\"async\" class=\"aligncenter size-full wp-image-3115\" src=\"https:\/\/sharewalker.com\/wp-content\/uploads\/2025\/03\/10005-53.png\" alt=\"\" width=\"393\" height=\"835\" srcset=\"https:\/\/sharewalker.com\/wp-content\/uploads\/2025\/03\/10005-53.png 393w, https:\/\/sharewalker.com\/wp-content\/uploads\/2025\/03\/10005-53-141x300.png 141w, https:\/\/sharewalker.com\/wp-content\/uploads\/2025\/03\/10005-53-300x637.png 300w\" sizes=\"(max-width: 393px) 100vw, 393px\" \/> <img loading=\"lazy\" decoding=\"async\" class=\"aligncenter size-full wp-image-3116\" src=\"https:\/\/sharewalker.com\/wp-content\/uploads\/2025\/03\/10006-52.png\" alt=\"\" width=\"394\" height=\"835\" srcset=\"https:\/\/sharewalker.com\/wp-content\/uploads\/2025\/03\/10006-52.png 394w, https:\/\/sharewalker.com\/wp-content\/uploads\/2025\/03\/10006-52-142x300.png 142w, https:\/\/sharewalker.com\/wp-content\/uploads\/2025\/03\/10006-52-300x636.png 300w\" sizes=\"(max-width: 394px) 100vw, 394px\" \/> <img loading=\"lazy\" decoding=\"async\" class=\"aligncenter size-full wp-image-3117\" src=\"https:\/\/sharewalker.com\/wp-content\/uploads\/2025\/03\/10007-51.png\" alt=\"\" width=\"392\" height=\"834\" srcset=\"https:\/\/sharewalker.com\/wp-content\/uploads\/2025\/03\/10007-51.png 392w, https:\/\/sharewalker.com\/wp-content\/uploads\/2025\/03\/10007-51-141x300.png 141w, https:\/\/sharewalker.com\/wp-content\/uploads\/2025\/03\/10007-51-300x638.png 300w\" sizes=\"(max-width: 392px) 100vw, 392px\" \/> <img loading=\"lazy\" decoding=\"async\" class=\"aligncenter size-full wp-image-3118\" src=\"https:\/\/sharewalker.com\/wp-content\/uploads\/2025\/03\/10008-50.png\" alt=\"\" width=\"388\" height=\"830\" srcset=\"https:\/\/sharewalker.com\/wp-content\/uploads\/2025\/03\/10008-50.png 388w, https:\/\/sharewalker.com\/wp-content\/uploads\/2025\/03\/10008-50-140x300.png 140w, https:\/\/sharewalker.com\/wp-content\/uploads\/2025\/03\/10008-50-300x642.png 300w\" sizes=\"(max-width: 388px) 100vw, 388px\" \/><\/p>\n<div id=\"gtx-trans\" style=\"position: absolute; left: 910px; top: 275px;\">\n<div class=\"gtx-trans-icon\"><\/div>\n<\/div>","protected":false},"excerpt":{"rendered":"<p>Ce syst\u00e8me offre des fonctions d'\u00e9change de plaques en secondes, ax\u00e9es sur le commerce de l'or et du forex, avec une fonctionnalit\u00e9 de profit et de perte \u00e0 contr\u00f4le unique, adapt\u00e9e au commerce de microplaques, et il est op\u00e9rationnel.<\/p>","protected":false},"featured_media":3114,"comment_status":"open","ping_status":"closed","template":"","meta":{"_uag_custom_page_level_css":"","site-sidebar-layout":"default","site-content-layout":"","ast-site-content-layout":"default","site-content-style":"default","site-sidebar-style":"default","ast-global-header-display":"","ast-banner-title-visibility":"","ast-main-header-display":"","ast-hfb-above-header-display":"","ast-hfb-below-header-display":"","ast-hfb-mobile-header-display":"","site-post-title":"","ast-breadcrumbs-content":"","ast-featured-img":"","footer-sml-layout":"","theme-transparent-header-meta":"default","adv-header-id-meta":"","stick-header-meta":"","header-above-stick-meta":"","header-main-stick-meta":"","header-below-stick-meta":"","astra-migrate-meta-layouts":"set","ast-page-background-enabled":"default","ast-page-background-meta":{"desktop":{"background-color":"var(--ast-global-color-4)","background-image":"","background-repeat":"repeat","background-position":"center center","background-size":"auto","background-attachment":"scroll","background-type":"","background-media":"","overlay-type":"","overlay-color":"","overlay-opacity":"","overlay-gradient":""},"tablet":{"background-color":"","background-image":"","background-repeat":"repeat","background-position":"center center","background-size":"auto","background-attachment":"scroll","background-type":"","background-media":"","overlay-type":"","overlay-color":"","overlay-opacity":"","overlay-gradient":""},"mobile":{"background-color":"","background-image":"","background-repeat":"repeat","background-position":"center center","background-size":"auto","background-attachment":"scroll","background-type":"","background-media":"","overlay-type":"","overlay-color":"","overlay-opacity":"","overlay-gradient":""}},"ast-content-background-meta":{"desktop":{"background-color":"var(--ast-global-color-5)","background-image":"","background-repeat":"repeat","background-position":"center center","background-size":"auto","background-attachment":"scroll","background-type":"","background-media":"","overlay-type":"","overlay-color":"","overlay-opacity":"","overlay-gradient":""},"tablet":{"background-color":"var(--ast-global-color-5)","background-image":"","background-repeat":"repeat","background-position":"center center","background-size":"auto","background-attachment":"scroll","background-type":"","background-media":"","overlay-type":"","overlay-color":"","overlay-opacity":"","overlay-gradient":""},"mobile":{"background-color":"var(--ast-global-color-5)","background-image":"","background-repeat":"repeat","background-position":"center center","background-size":"auto","background-attachment":"scroll","background-type":"","background-media":"","overlay-type":"","overlay-color":"","overlay-opacity":"","overlay-gradient":""}}},"product_brand":[],"product_cat":[60],"product_tag":[352,355,354,348,353],"class_list":{"0":"post-3109","1":"product","2":"type-product","3":"status-publish","4":"has-post-thumbnail","6":"product_cat-investment-wealth-management","7":"product_tag-gold-and-forex-trading","8":"product_tag-micro-plate-trading","9":"product_tag-operational-system","10":"product_tag-seconds-contract-trading","11":"product_tag-single-control-profit-and-loss","12":"desktop-align-left","13":"tablet-align-left","14":"mobile-align-left","16":"first","17":"instock","18":"shipping-taxable","19":"product-type-simple"},"uagb_featured_image_src":{"full":["https:\/\/sharewalker.com\/wp-content\/uploads\/2025\/03\/10004-52-e1742892202967.png",392,399,false],"thumbnail":["https:\/\/sharewalker.com\/wp-content\/uploads\/2025\/03\/10004-52-e1742892202967-150x150.png",150,150,true],"medium":["https:\/\/sharewalker.com\/wp-content\/uploads\/2025\/03\/10004-52-e1742892202967-295x300.png",295,300,true],"medium_large":["https:\/\/sharewalker.com\/wp-content\/uploads\/2025\/03\/10004-52-e1742892202967.png",392,399,false],"large":["https:\/\/sharewalker.com\/wp-content\/uploads\/2025\/03\/10004-52-e1742892202967.png",392,399,false],"1536x1536":["https:\/\/sharewalker.com\/wp-content\/uploads\/2025\/03\/10004-52-e1742892202967.png",392,399,false],"2048x2048":["https:\/\/sharewalker.com\/wp-content\/uploads\/2025\/03\/10004-52-e1742892202967.png",392,399,false],"trp-custom-language-flag":["https:\/\/sharewalker.com\/wp-content\/uploads\/2025\/03\/10004-52-e1742892202967.png",12,12,false],"woocommerce_thumbnail":["https:\/\/sharewalker.com\/wp-content\/uploads\/2025\/03\/10004-52-e1742892202967-300x300.png",300,300,true],"woocommerce_single":["https:\/\/sharewalker.com\/wp-content\/uploads\/2025\/03\/10004-52-e1742892202967-300x305.png",300,305,true],"woocommerce_gallery_thumbnail":["https:\/\/sharewalker.com\/wp-content\/uploads\/2025\/03\/10004-52-e1742892202967-100x100.png",100,100,true]},"uagb_author_info":{"display_name":"admin","author_link":"https:\/\/sharewalker.com\/fr\/author\/"},"uagb_comment_info":0,"uagb_excerpt":"This system offers seconds contract time plate exchange features, focusing on gold and forex trading, with single control profit and loss functionality, suitable for micro-plate trading, and is operational.\u200b","_links":{"self":[{"href":"https:\/\/sharewalker.com\/fr\/wp-json\/wp\/v2\/product\/3109","targetHints":{"allow":["GET"]}}],"collection":[{"href":"https:\/\/sharewalker.com\/fr\/wp-json\/wp\/v2\/product"}],"about":[{"href":"https:\/\/sharewalker.com\/fr\/wp-json\/wp\/v2\/types\/product"}],"replies":[{"embeddable":true,"href":"https:\/\/sharewalker.com\/fr\/wp-json\/wp\/v2\/comments?post=3109"}],"version-history":[{"count":0,"href":"https:\/\/sharewalker.com\/fr\/wp-json\/wp\/v2\/product\/3109\/revisions"}],"wp:featuredmedia":[{"embeddable":true,"href":"https:\/\/sharewalker.com\/fr\/wp-json\/wp\/v2\/media\/3114"}],"wp:attachment":[{"href":"https:\/\/sharewalker.com\/fr\/wp-json\/wp\/v2\/media?parent=3109"}],"wp:term":[{"taxonomy":"product_brand","embeddable":true,"href":"https:\/\/sharewalker.com\/fr\/wp-json\/wp\/v2\/product_brand?post=3109"},{"taxonomy":"product_cat","embeddable":true,"href":"https:\/\/sharewalker.com\/fr\/wp-json\/wp\/v2\/product_cat?post=3109"},{"taxonomy":"product_tag","embeddable":true,"href":"https:\/\/sharewalker.com\/fr\/wp-json\/wp\/v2\/product_tag?post=3109"}],"curies":[{"name":"wp","href":"https:\/\/api.w.org\/{rel}","templated":true}]}}