{"id":3119,"date":"2025-03-25T16:47:43","date_gmt":"2025-03-25T08:47:43","guid":{"rendered":"https:\/\/sharewalker.com\/?post_type=product&#038;p=3119"},"modified":"2025-03-25T16:47:43","modified_gmt":"2025-03-25T08:47:43","slug":"quantitative-robot-ai-investment-management-system-multi-language-support-landing-page-materials-fund-pool-function","status":"publish","type":"product","link":"https:\/\/sharewalker.com\/fr\/produit\/robot-quantitatif-systeme-de-gestion-dinvestissement-ia-support-multilingue-page-datterrissage-materiaux-fonction-de-pool-de-fonds\/","title":{"rendered":"Robot quantitatif - Syst\u00e8me de gestion d'investissement AI | Support multilingue | Mat\u00e9riel de page d'atterrissage | Fonction de pool de fonds"},"content":{"rendered":"<p>Les principales caract\u00e9ristiques du syst\u00e8me sont les suivantes<\/p>\n<p>Robots quantitatifs et technologie de l'IA : Combine des strat\u00e9gies de trading quantitatives avanc\u00e9es avec des mod\u00e8les d'IA pour am\u00e9liorer la pr\u00e9cision et l'efficacit\u00e9 des d\u00e9cisions d'investissement.<\/p>\n<p>Prise en charge multilingue : Offre plusieurs versions linguistiques pour r\u00e9pondre aux besoins d'une base d'utilisateurs mondiale.<\/p>\n<p>Fonctionnalit\u00e9 du pool de fonds : Elle fournit des fonctions de gestion des fonds communs, en prenant en charge les investissements des utilisateurs et la gestion des b\u00e9n\u00e9fices.<\/p>\n<p>Mat\u00e9riel pour les pages d'atterrissage : Fournit des pages de renvoi bien con\u00e7ues pour aider les utilisateurs \u00e0 promouvoir et \u00e0 pr\u00e9senter efficacement les projets d'investissement.<\/p>\n<p><img fetchpriority=\"high\" decoding=\"async\" class=\"aligncenter size-full wp-image-3120\" src=\"https:\/\/sharewalker.com\/wp-content\/uploads\/2025\/03\/10001-44.jpg\" alt=\"\" width=\"382\" height=\"280\" srcset=\"https:\/\/sharewalker.com\/wp-content\/uploads\/2025\/03\/10001-44.jpg 382w, https:\/\/sharewalker.com\/wp-content\/uploads\/2025\/03\/10001-44-300x220.jpg 300w\" sizes=\"(max-width: 382px) 100vw, 382px\" \/> <img decoding=\"async\" class=\"aligncenter size-full wp-image-3121\" src=\"https:\/\/sharewalker.com\/wp-content\/uploads\/2025\/03\/10002-47.png\" alt=\"\" width=\"489\" height=\"1060\" srcset=\"https:\/\/sharewalker.com\/wp-content\/uploads\/2025\/03\/10002-47.png 489w, https:\/\/sharewalker.com\/wp-content\/uploads\/2025\/03\/10002-47-138x300.png 138w, https:\/\/sharewalker.com\/wp-content\/uploads\/2025\/03\/10002-47-472x1024.png 472w, https:\/\/sharewalker.com\/wp-content\/uploads\/2025\/03\/10002-47-300x650.png 300w\" sizes=\"(max-width: 489px) 100vw, 489px\" \/> <img decoding=\"async\" class=\"aligncenter size-full wp-image-3122\" src=\"https:\/\/sharewalker.com\/wp-content\/uploads\/2025\/03\/10003-50.png\" alt=\"\" width=\"486\" height=\"1062\" \/> <img loading=\"lazy\" decoding=\"async\" class=\"aligncenter size-full wp-image-3123\" src=\"https:\/\/sharewalker.com\/wp-content\/uploads\/2025\/03\/10004-53.png\" alt=\"\" width=\"486\" height=\"1061\" srcset=\"https:\/\/sharewalker.com\/wp-content\/uploads\/2025\/03\/10004-53.png 486w, https:\/\/sharewalker.com\/wp-content\/uploads\/2025\/03\/10004-53-137x300.png 137w, https:\/\/sharewalker.com\/wp-content\/uploads\/2025\/03\/10004-53-469x1024.png 469w, https:\/\/sharewalker.com\/wp-content\/uploads\/2025\/03\/10004-53-300x655.png 300w\" sizes=\"(max-width: 486px) 100vw, 486px\" \/> <img loading=\"lazy\" decoding=\"async\" class=\"aligncenter size-full wp-image-3124\" src=\"https:\/\/sharewalker.com\/wp-content\/uploads\/2025\/03\/10005-54.png\" alt=\"\" width=\"476\" height=\"1062\" srcset=\"https:\/\/sharewalker.com\/wp-content\/uploads\/2025\/03\/10005-54.png 476w, https:\/\/sharewalker.com\/wp-content\/uploads\/2025\/03\/10005-54-134x300.png 134w, https:\/\/sharewalker.com\/wp-content\/uploads\/2025\/03\/10005-54-459x1024.png 459w, https:\/\/sharewalker.com\/wp-content\/uploads\/2025\/03\/10005-54-300x669.png 300w\" sizes=\"(max-width: 476px) 100vw, 476px\" \/> <img loading=\"lazy\" decoding=\"async\" class=\"aligncenter size-full wp-image-3125\" src=\"https:\/\/sharewalker.com\/wp-content\/uploads\/2025\/03\/10006-53.png\" alt=\"\" width=\"468\" height=\"1060\" srcset=\"https:\/\/sharewalker.com\/wp-content\/uploads\/2025\/03\/10006-53.png 468w, https:\/\/sharewalker.com\/wp-content\/uploads\/2025\/03\/10006-53-132x300.png 132w, https:\/\/sharewalker.com\/wp-content\/uploads\/2025\/03\/10006-53-452x1024.png 452w, https:\/\/sharewalker.com\/wp-content\/uploads\/2025\/03\/10006-53-300x679.png 300w\" sizes=\"(max-width: 468px) 100vw, 468px\" \/> <img loading=\"lazy\" decoding=\"async\" class=\"aligncenter size-full wp-image-3126\" src=\"https:\/\/sharewalker.com\/wp-content\/uploads\/2025\/03\/10007-52.png\" alt=\"\" width=\"494\" height=\"1065\" srcset=\"https:\/\/sharewalker.com\/wp-content\/uploads\/2025\/03\/10007-52.png 494w, https:\/\/sharewalker.com\/wp-content\/uploads\/2025\/03\/10007-52-139x300.png 139w, https:\/\/sharewalker.com\/wp-content\/uploads\/2025\/03\/10007-52-475x1024.png 475w, https:\/\/sharewalker.com\/wp-content\/uploads\/2025\/03\/10007-52-300x647.png 300w\" sizes=\"(max-width: 494px) 100vw, 494px\" \/> <img loading=\"lazy\" decoding=\"async\" class=\"aligncenter size-full wp-image-3127\" src=\"https:\/\/sharewalker.com\/wp-content\/uploads\/2025\/03\/10008-51.png\" alt=\"\" width=\"483\" height=\"1057\" srcset=\"https:\/\/sharewalker.com\/wp-content\/uploads\/2025\/03\/10008-51.png 483w, https:\/\/sharewalker.com\/wp-content\/uploads\/2025\/03\/10008-51-137x300.png 137w, https:\/\/sharewalker.com\/wp-content\/uploads\/2025\/03\/10008-51-468x1024.png 468w, https:\/\/sharewalker.com\/wp-content\/uploads\/2025\/03\/10008-51-300x657.png 300w\" sizes=\"(max-width: 483px) 100vw, 483px\" \/> <img loading=\"lazy\" decoding=\"async\" class=\"aligncenter size-full wp-image-3128\" src=\"https:\/\/sharewalker.com\/wp-content\/uploads\/2025\/03\/10009-49.png\" alt=\"\" width=\"491\" height=\"1062\" srcset=\"https:\/\/sharewalker.com\/wp-content\/uploads\/2025\/03\/10009-49.png 491w, https:\/\/sharewalker.com\/wp-content\/uploads\/2025\/03\/10009-49-139x300.png 139w, https:\/\/sharewalker.com\/wp-content\/uploads\/2025\/03\/10009-49-473x1024.png 473w, https:\/\/sharewalker.com\/wp-content\/uploads\/2025\/03\/10009-49-300x649.png 300w\" sizes=\"(max-width: 491px) 100vw, 491px\" \/> <img loading=\"lazy\" decoding=\"async\" class=\"aligncenter size-full wp-image-3129\" src=\"https:\/\/sharewalker.com\/wp-content\/uploads\/2025\/03\/10010-47.png\" alt=\"\" width=\"488\" height=\"1064\" srcset=\"https:\/\/sharewalker.com\/wp-content\/uploads\/2025\/03\/10010-47.png 488w, https:\/\/sharewalker.com\/wp-content\/uploads\/2025\/03\/10010-47-138x300.png 138w, https:\/\/sharewalker.com\/wp-content\/uploads\/2025\/03\/10010-47-470x1024.png 470w, https:\/\/sharewalker.com\/wp-content\/uploads\/2025\/03\/10010-47-300x654.png 300w\" sizes=\"(max-width: 488px) 100vw, 488px\" \/> <img loading=\"lazy\" decoding=\"async\" class=\"aligncenter size-full wp-image-3130\" src=\"https:\/\/sharewalker.com\/wp-content\/uploads\/2025\/03\/10011-44.png\" alt=\"\" width=\"488\" height=\"1059\" srcset=\"https:\/\/sharewalker.com\/wp-content\/uploads\/2025\/03\/10011-44.png 488w, https:\/\/sharewalker.com\/wp-content\/uploads\/2025\/03\/10011-44-138x300.png 138w, https:\/\/sharewalker.com\/wp-content\/uploads\/2025\/03\/10011-44-472x1024.png 472w, https:\/\/sharewalker.com\/wp-content\/uploads\/2025\/03\/10011-44-300x651.png 300w\" sizes=\"(max-width: 488px) 100vw, 488px\" \/> <img loading=\"lazy\" decoding=\"async\" class=\"aligncenter size-full wp-image-3131\" src=\"https:\/\/sharewalker.com\/wp-content\/uploads\/2025\/03\/10012-44.png\" alt=\"\" width=\"488\" height=\"1068\" srcset=\"https:\/\/sharewalker.com\/wp-content\/uploads\/2025\/03\/10012-44.png 488w, https:\/\/sharewalker.com\/wp-content\/uploads\/2025\/03\/10012-44-137x300.png 137w, https:\/\/sharewalker.com\/wp-content\/uploads\/2025\/03\/10012-44-468x1024.png 468w, https:\/\/sharewalker.com\/wp-content\/uploads\/2025\/03\/10012-44-300x657.png 300w\" sizes=\"(max-width: 488px) 100vw, 488px\" \/> <img loading=\"lazy\" decoding=\"async\" class=\"aligncenter size-full wp-image-3132\" src=\"https:\/\/sharewalker.com\/wp-content\/uploads\/2025\/03\/10013-42.png\" alt=\"\" width=\"492\" height=\"1067\" srcset=\"https:\/\/sharewalker.com\/wp-content\/uploads\/2025\/03\/10013-42.png 492w, https:\/\/sharewalker.com\/wp-content\/uploads\/2025\/03\/10013-42-138x300.png 138w, https:\/\/sharewalker.com\/wp-content\/uploads\/2025\/03\/10013-42-472x1024.png 472w, https:\/\/sharewalker.com\/wp-content\/uploads\/2025\/03\/10013-42-300x651.png 300w\" sizes=\"(max-width: 492px) 100vw, 492px\" \/> <img loading=\"lazy\" decoding=\"async\" class=\"aligncenter size-full wp-image-3133\" src=\"https:\/\/sharewalker.com\/wp-content\/uploads\/2025\/03\/10014-35.png\" alt=\"\" width=\"2526\" height=\"934\" srcset=\"https:\/\/sharewalker.com\/wp-content\/uploads\/2025\/03\/10014-35.png 2526w, https:\/\/sharewalker.com\/wp-content\/uploads\/2025\/03\/10014-35-300x111.png 300w, https:\/\/sharewalker.com\/wp-content\/uploads\/2025\/03\/10014-35-1024x379.png 1024w, https:\/\/sharewalker.com\/wp-content\/uploads\/2025\/03\/10014-35-768x284.png 768w, https:\/\/sharewalker.com\/wp-content\/uploads\/2025\/03\/10014-35-1536x568.png 1536w, https:\/\/sharewalker.com\/wp-content\/uploads\/2025\/03\/10014-35-2048x757.png 2048w\" sizes=\"(max-width: 2526px) 100vw, 2526px\" \/> <img loading=\"lazy\" decoding=\"async\" class=\"aligncenter size-full wp-image-3134\" src=\"https:\/\/sharewalker.com\/wp-content\/uploads\/2025\/03\/10015-33.png\" alt=\"\" width=\"2510\" height=\"1222\" srcset=\"https:\/\/sharewalker.com\/wp-content\/uploads\/2025\/03\/10015-33.png 2510w, https:\/\/sharewalker.com\/wp-content\/uploads\/2025\/03\/10015-33-300x146.png 300w, https:\/\/sharewalker.com\/wp-content\/uploads\/2025\/03\/10015-33-1024x499.png 1024w, https:\/\/sharewalker.com\/wp-content\/uploads\/2025\/03\/10015-33-768x374.png 768w, https:\/\/sharewalker.com\/wp-content\/uploads\/2025\/03\/10015-33-1536x748.png 1536w, https:\/\/sharewalker.com\/wp-content\/uploads\/2025\/03\/10015-33-2048x997.png 2048w\" sizes=\"(max-width: 2510px) 100vw, 2510px\" \/> <img loading=\"lazy\" decoding=\"async\" class=\"aligncenter size-full wp-image-3135\" src=\"https:\/\/sharewalker.com\/wp-content\/uploads\/2025\/03\/10016-28.png\" alt=\"\" width=\"2490\" height=\"1256\" srcset=\"https:\/\/sharewalker.com\/wp-content\/uploads\/2025\/03\/10016-28.png 2490w, https:\/\/sharewalker.com\/wp-content\/uploads\/2025\/03\/10016-28-300x151.png 300w, https:\/\/sharewalker.com\/wp-content\/uploads\/2025\/03\/10016-28-1024x517.png 1024w, https:\/\/sharewalker.com\/wp-content\/uploads\/2025\/03\/10016-28-768x387.png 768w, https:\/\/sharewalker.com\/wp-content\/uploads\/2025\/03\/10016-28-1536x775.png 1536w, https:\/\/sharewalker.com\/wp-content\/uploads\/2025\/03\/10016-28-2048x1033.png 2048w\" sizes=\"(max-width: 2490px) 100vw, 2490px\" \/> <img loading=\"lazy\" decoding=\"async\" class=\"aligncenter size-full wp-image-3136\" src=\"https:\/\/sharewalker.com\/wp-content\/uploads\/2025\/03\/10017-20.png\" alt=\"\" width=\"2523\" height=\"1141\" srcset=\"https:\/\/sharewalker.com\/wp-content\/uploads\/2025\/03\/10017-20.png 2523w, https:\/\/sharewalker.com\/wp-content\/uploads\/2025\/03\/10017-20-300x136.png 300w, https:\/\/sharewalker.com\/wp-content\/uploads\/2025\/03\/10017-20-1024x463.png 1024w, https:\/\/sharewalker.com\/wp-content\/uploads\/2025\/03\/10017-20-768x347.png 768w, https:\/\/sharewalker.com\/wp-content\/uploads\/2025\/03\/10017-20-1536x695.png 1536w, https:\/\/sharewalker.com\/wp-content\/uploads\/2025\/03\/10017-20-2048x926.png 2048w\" sizes=\"(max-width: 2523px) 100vw, 2523px\" \/> <img loading=\"lazy\" decoding=\"async\" class=\"aligncenter size-full wp-image-3137\" src=\"https:\/\/sharewalker.com\/wp-content\/uploads\/2025\/03\/10018-19.png\" alt=\"\" width=\"2504\" height=\"932\" srcset=\"https:\/\/sharewalker.com\/wp-content\/uploads\/2025\/03\/10018-19.png 2504w, https:\/\/sharewalker.com\/wp-content\/uploads\/2025\/03\/10018-19-300x112.png 300w, https:\/\/sharewalker.com\/wp-content\/uploads\/2025\/03\/10018-19-1024x381.png 1024w, https:\/\/sharewalker.com\/wp-content\/uploads\/2025\/03\/10018-19-768x286.png 768w, https:\/\/sharewalker.com\/wp-content\/uploads\/2025\/03\/10018-19-1536x572.png 1536w, https:\/\/sharewalker.com\/wp-content\/uploads\/2025\/03\/10018-19-2048x762.png 2048w\" sizes=\"(max-width: 2504px) 100vw, 2504px\" \/> <img loading=\"lazy\" decoding=\"async\" class=\"aligncenter size-full wp-image-3138\" src=\"https:\/\/sharewalker.com\/wp-content\/uploads\/2025\/03\/10019-11.png\" alt=\"\" width=\"2476\" height=\"1195\" srcset=\"https:\/\/sharewalker.com\/wp-content\/uploads\/2025\/03\/10019-11.png 2476w, https:\/\/sharewalker.com\/wp-content\/uploads\/2025\/03\/10019-11-300x145.png 300w, https:\/\/sharewalker.com\/wp-content\/uploads\/2025\/03\/10019-11-1024x494.png 1024w, https:\/\/sharewalker.com\/wp-content\/uploads\/2025\/03\/10019-11-768x371.png 768w, https:\/\/sharewalker.com\/wp-content\/uploads\/2025\/03\/10019-11-1536x741.png 1536w, https:\/\/sharewalker.com\/wp-content\/uploads\/2025\/03\/10019-11-2048x988.png 2048w\" sizes=\"(max-width: 2476px) 100vw, 2476px\" \/> <img loading=\"lazy\" decoding=\"async\" class=\"aligncenter size-full wp-image-3139\" src=\"https:\/\/sharewalker.com\/wp-content\/uploads\/2025\/03\/10020-5.png\" alt=\"\" width=\"2504\" height=\"699\" srcset=\"https:\/\/sharewalker.com\/wp-content\/uploads\/2025\/03\/10020-5.png 2504w, https:\/\/sharewalker.com\/wp-content\/uploads\/2025\/03\/10020-5-300x84.png 300w, https:\/\/sharewalker.com\/wp-content\/uploads\/2025\/03\/10020-5-1024x286.png 1024w, https:\/\/sharewalker.com\/wp-content\/uploads\/2025\/03\/10020-5-768x214.png 768w, https:\/\/sharewalker.com\/wp-content\/uploads\/2025\/03\/10020-5-1536x429.png 1536w, https:\/\/sharewalker.com\/wp-content\/uploads\/2025\/03\/10020-5-2048x572.png 2048w\" sizes=\"(max-width: 2504px) 100vw, 2504px\" \/> <img loading=\"lazy\" decoding=\"async\" class=\"aligncenter size-full wp-image-3140\" src=\"https:\/\/sharewalker.com\/wp-content\/uploads\/2025\/03\/10021-4.png\" alt=\"\" width=\"2499\" height=\"1294\" srcset=\"https:\/\/sharewalker.com\/wp-content\/uploads\/2025\/03\/10021-4.png 2499w, https:\/\/sharewalker.com\/wp-content\/uploads\/2025\/03\/10021-4-300x155.png 300w, https:\/\/sharewalker.com\/wp-content\/uploads\/2025\/03\/10021-4-1024x530.png 1024w, https:\/\/sharewalker.com\/wp-content\/uploads\/2025\/03\/10021-4-768x398.png 768w, https:\/\/sharewalker.com\/wp-content\/uploads\/2025\/03\/10021-4-1536x795.png 1536w, https:\/\/sharewalker.com\/wp-content\/uploads\/2025\/03\/10021-4-2048x1060.png 2048w\" sizes=\"(max-width: 2499px) 100vw, 2499px\" \/><\/p>","protected":false},"excerpt":{"rendered":"<p>Ce syst\u00e8me int\u00e8gre des robots quantitatifs et l'intelligence artificielle, offre un support multilingue et une fonctionnalit\u00e9 de pool de fonds, accompagn\u00e9s de mat\u00e9riel de page d'accueil, afin d'am\u00e9liorer l'exp\u00e9rience des utilisateurs en mati\u00e8re de gestion des investissements.<\/p>","protected":false},"featured_media":3122,"comment_status":"open","ping_status":"closed","template":"","meta":{"_uag_custom_page_level_css":"","site-sidebar-layout":"default","site-content-layout":"","ast-site-content-layout":"default","site-content-style":"default","site-sidebar-style":"default","ast-global-header-display":"","ast-banner-title-visibility":"","ast-main-header-display":"","ast-hfb-above-header-display":"","ast-hfb-below-header-display":"","ast-hfb-mobile-header-display":"","site-post-title":"","ast-breadcrumbs-content":"","ast-featured-img":"","footer-sml-layout":"","theme-transparent-header-meta":"default","adv-header-id-meta":"","stick-header-meta":"","header-above-stick-meta":"","header-main-stick-meta":"","header-below-stick-meta":"","astra-migrate-meta-layouts":"set","ast-page-background-enabled":"default","ast-page-background-meta":{"desktop":{"background-color":"var(--ast-global-color-4)","background-image":"","background-repeat":"repeat","background-position":"center center","background-size":"auto","background-attachment":"scroll","background-type":"","background-media":"","overlay-type":"","overlay-color":"","overlay-opacity":"","overlay-gradient":""},"tablet":{"background-color":"","background-image":"","background-repeat":"repeat","background-position":"center center","background-size":"auto","background-attachment":"scroll","background-type":"","background-media":"","overlay-type":"","overlay-color":"","overlay-opacity":"","overlay-gradient":""},"mobile":{"background-color":"","background-image":"","background-repeat":"repeat","background-position":"center center","background-size":"auto","background-attachment":"scroll","background-type":"","background-media":"","overlay-type":"","overlay-color":"","overlay-opacity":"","overlay-gradient":""}},"ast-content-background-meta":{"desktop":{"background-color":"var(--ast-global-color-5)","background-image":"","background-repeat":"repeat","background-position":"center center","background-size":"auto","background-attachment":"scroll","background-type":"","background-media":"","overlay-type":"","overlay-color":"","overlay-opacity":"","overlay-gradient":""},"tablet":{"background-color":"var(--ast-global-color-5)","background-image":"","background-repeat":"repeat","background-position":"center center","background-size":"auto","background-attachment":"scroll","background-type":"","background-media":"","overlay-type":"","overlay-color":"","overlay-opacity":"","overlay-gradient":""},"mobile":{"background-color":"var(--ast-global-color-5)","background-image":"","background-repeat":"repeat","background-position":"center center","background-size":"auto","background-attachment":"scroll","background-type":"","background-media":"","overlay-type":"","overlay-color":"","overlay-opacity":"","overlay-gradient":""}}},"product_brand":[],"product_cat":[60],"product_tag":[357,358,359,135,356],"class_list":{"0":"post-3119","1":"product","2":"type-product","3":"status-publish","4":"has-post-thumbnail","6":"product_cat-investment-wealth-management","7":"product_tag-artificial-intelligence","8":"product_tag-fund-pool-management","9":"product_tag-landing-page-materials","10":"product_tag-multi-language-system","11":"product_tag-quantitative-investment","12":"desktop-align-left","13":"tablet-align-left","14":"mobile-align-left","16":"first","17":"instock","18":"shipping-taxable","19":"product-type-simple"},"uagb_featured_image_src":{"full":["https:\/\/sharewalker.com\/wp-content\/uploads\/2025\/03\/10003-50-e1742892455809.png",486,485,false],"thumbnail":["https:\/\/sharewalker.com\/wp-content\/uploads\/2025\/03\/10003-50-e1742892455809-150x150.png",150,150,true],"medium":["https:\/\/sharewalker.com\/wp-content\/uploads\/2025\/03\/10003-50-e1742892455809-300x300.png",300,300,true],"medium_large":["https:\/\/sharewalker.com\/wp-content\/uploads\/2025\/03\/10003-50-e1742892455809.png",486,485,false],"large":["https:\/\/sharewalker.com\/wp-content\/uploads\/2025\/03\/10003-50-469x1024.png",469,1024,true],"1536x1536":["https:\/\/sharewalker.com\/wp-content\/uploads\/2025\/03\/10003-50-e1742892455809.png",486,485,false],"2048x2048":["https:\/\/sharewalker.com\/wp-content\/uploads\/2025\/03\/10003-50-e1742892455809.png",486,485,false],"trp-custom-language-flag":["https:\/\/sharewalker.com\/wp-content\/uploads\/2025\/03\/10003-50-e1742892455809.png",12,12,false],"woocommerce_thumbnail":["https:\/\/sharewalker.com\/wp-content\/uploads\/2025\/03\/10003-50-e1742892455809-300x300.png",300,300,true],"woocommerce_single":["https:\/\/sharewalker.com\/wp-content\/uploads\/2025\/03\/10003-50-e1742892455809-300x299.png",300,299,true],"woocommerce_gallery_thumbnail":["https:\/\/sharewalker.com\/wp-content\/uploads\/2025\/03\/10003-50-e1742892455809-100x100.png",100,100,true]},"uagb_author_info":{"display_name":"admin","author_link":"https:\/\/sharewalker.com\/fr\/author\/"},"uagb_comment_info":0,"uagb_excerpt":"This system integrates quantitative robots and artificial intelligence, offering multi-language support and fund pool functionality, accompanied by landing page materials, aiming to enhance users' investment management experience.\u200b","_links":{"self":[{"href":"https:\/\/sharewalker.com\/fr\/wp-json\/wp\/v2\/product\/3119","targetHints":{"allow":["GET"]}}],"collection":[{"href":"https:\/\/sharewalker.com\/fr\/wp-json\/wp\/v2\/product"}],"about":[{"href":"https:\/\/sharewalker.com\/fr\/wp-json\/wp\/v2\/types\/product"}],"replies":[{"embeddable":true,"href":"https:\/\/sharewalker.com\/fr\/wp-json\/wp\/v2\/comments?post=3119"}],"version-history":[{"count":0,"href":"https:\/\/sharewalker.com\/fr\/wp-json\/wp\/v2\/product\/3119\/revisions"}],"wp:featuredmedia":[{"embeddable":true,"href":"https:\/\/sharewalker.com\/fr\/wp-json\/wp\/v2\/media\/3122"}],"wp:attachment":[{"href":"https:\/\/sharewalker.com\/fr\/wp-json\/wp\/v2\/media?parent=3119"}],"wp:term":[{"taxonomy":"product_brand","embeddable":true,"href":"https:\/\/sharewalker.com\/fr\/wp-json\/wp\/v2\/product_brand?post=3119"},{"taxonomy":"product_cat","embeddable":true,"href":"https:\/\/sharewalker.com\/fr\/wp-json\/wp\/v2\/product_cat?post=3119"},{"taxonomy":"product_tag","embeddable":true,"href":"https:\/\/sharewalker.com\/fr\/wp-json\/wp\/v2\/product_tag?post=3119"}],"curies":[{"name":"wp","href":"https:\/\/api.w.org\/{rel}","templated":true}]}}