{"id":3255,"date":"2025-03-25T18:06:30","date_gmt":"2025-03-25T10:06:30","guid":{"rendered":"https:\/\/sharewalker.com\/?post_type=product&#038;p=3255"},"modified":"2026-04-23T14:19:31","modified_gmt":"2026-04-23T06:19:31","slug":"task-based-investment-financial-management-fund-pool-high-return-team-commissions-and-rebates","status":"publish","type":"product","link":"https:\/\/sharewalker.com\/fr\/produit\/investissement-base-sur-les-taches-gestion-financiere-fonds-commun-equipe-a-haut-rendement-commissions-et-rabais\/","title":{"rendered":"Gestion financi\u00e8re Gestion des fonds Pool de fonds \u00c9quipe \u00e0 haut rendement Commissions et remises"},"content":{"rendered":"<p>Les principales caract\u00e9ristiques du syst\u00e8me sont les suivantes<\/p>\n<p>Fonds commun \u00e0 haut rendement : Elle se concentre sur des projets d'investissement bas\u00e9s sur des t\u00e2ches et propose des fonds communs \u00e0 haut rendement pour r\u00e9pondre aux besoins des utilisateurs en mati\u00e8re d'investissement.<\/p>\n<p>M\u00e9canisme de commission d'\u00e9quipe : La fonctionnalit\u00e9 de commission d'\u00e9quipe permet aux membres de l'\u00e9quipe de toucher des commissions en fonction de leurs performances, ce qui favorise la collaboration.<\/p>\n<p>M\u00e9canisme de rabais : Il offre des rabais en fonction du montant et de la dur\u00e9e de l'investissement, am\u00e9liorant ainsi le rendement de l'investissement.<\/p>\n<p><img fetchpriority=\"high\" decoding=\"async\" class=\"aligncenter size-full wp-image-3256\" src=\"https:\/\/sharewalker.com\/wp-content\/uploads\/2025\/03\/10001-57.jpg\" alt=\"\" width=\"576\" height=\"1280\" \/> <img decoding=\"async\" class=\"aligncenter size-full wp-image-3257\" src=\"https:\/\/sharewalker.com\/wp-content\/uploads\/2025\/03\/10002-25.jpg\" alt=\"\" width=\"576\" height=\"1280\" srcset=\"https:\/\/sharewalker.com\/wp-content\/uploads\/2025\/03\/10002-25.jpg 576w, https:\/\/sharewalker.com\/wp-content\/uploads\/2025\/03\/10002-25-135x300.jpg 135w, https:\/\/sharewalker.com\/wp-content\/uploads\/2025\/03\/10002-25-461x1024.jpg 461w, https:\/\/sharewalker.com\/wp-content\/uploads\/2025\/03\/10002-25-300x667.jpg 300w\" sizes=\"(max-width: 576px) 100vw, 576px\" \/> <img decoding=\"async\" class=\"aligncenter size-full wp-image-3258\" src=\"https:\/\/sharewalker.com\/wp-content\/uploads\/2025\/03\/10003-22.jpg\" alt=\"\" width=\"576\" height=\"1280\" srcset=\"https:\/\/sharewalker.com\/wp-content\/uploads\/2025\/03\/10003-22.jpg 576w, https:\/\/sharewalker.com\/wp-content\/uploads\/2025\/03\/10003-22-135x300.jpg 135w, https:\/\/sharewalker.com\/wp-content\/uploads\/2025\/03\/10003-22-461x1024.jpg 461w, https:\/\/sharewalker.com\/wp-content\/uploads\/2025\/03\/10003-22-300x667.jpg 300w\" sizes=\"(max-width: 576px) 100vw, 576px\" \/> <img loading=\"lazy\" decoding=\"async\" class=\"aligncenter size-full wp-image-3259\" src=\"https:\/\/sharewalker.com\/wp-content\/uploads\/2025\/03\/10004-19.jpg\" alt=\"\" width=\"576\" height=\"1280\" srcset=\"https:\/\/sharewalker.com\/wp-content\/uploads\/2025\/03\/10004-19.jpg 576w, https:\/\/sharewalker.com\/wp-content\/uploads\/2025\/03\/10004-19-135x300.jpg 135w, https:\/\/sharewalker.com\/wp-content\/uploads\/2025\/03\/10004-19-461x1024.jpg 461w, https:\/\/sharewalker.com\/wp-content\/uploads\/2025\/03\/10004-19-300x667.jpg 300w\" sizes=\"(max-width: 576px) 100vw, 576px\" \/> <img loading=\"lazy\" decoding=\"async\" class=\"aligncenter size-full wp-image-3260\" src=\"https:\/\/sharewalker.com\/wp-content\/uploads\/2025\/03\/10005-14.jpg\" alt=\"\" width=\"576\" height=\"1280\" srcset=\"https:\/\/sharewalker.com\/wp-content\/uploads\/2025\/03\/10005-14.jpg 576w, https:\/\/sharewalker.com\/wp-content\/uploads\/2025\/03\/10005-14-135x300.jpg 135w, https:\/\/sharewalker.com\/wp-content\/uploads\/2025\/03\/10005-14-461x1024.jpg 461w, https:\/\/sharewalker.com\/wp-content\/uploads\/2025\/03\/10005-14-300x667.jpg 300w\" sizes=\"(max-width: 576px) 100vw, 576px\" \/> <img loading=\"lazy\" decoding=\"async\" class=\"aligncenter size-full wp-image-3261\" src=\"https:\/\/sharewalker.com\/wp-content\/uploads\/2025\/03\/10006-12.jpg\" alt=\"\" width=\"576\" height=\"1280\" srcset=\"https:\/\/sharewalker.com\/wp-content\/uploads\/2025\/03\/10006-12.jpg 576w, https:\/\/sharewalker.com\/wp-content\/uploads\/2025\/03\/10006-12-135x300.jpg 135w, https:\/\/sharewalker.com\/wp-content\/uploads\/2025\/03\/10006-12-461x1024.jpg 461w, https:\/\/sharewalker.com\/wp-content\/uploads\/2025\/03\/10006-12-300x667.jpg 300w\" sizes=\"(max-width: 576px) 100vw, 576px\" \/><\/p>","protected":false},"excerpt":{"rendered":"<p>Un syst\u00e8me de gestion financi\u00e8re con\u00e7u pour les investisseurs ax\u00e9s sur les t\u00e2ches, offrant des pools de fonds \u00e0 haut rendement avec des commissions d'\u00e9quipe et des m\u00e9canismes de rabais pour aider les utilisateurs \u00e0 accro\u00eetre leur patrimoine.<\/p>","protected":false},"featured_media":3256,"comment_status":"open","ping_status":"closed","template":"","meta":{"_uag_custom_page_level_css":"","site-sidebar-layout":"default","site-content-layout":"","ast-site-content-layout":"default","site-content-style":"default","site-sidebar-style":"default","ast-global-header-display":"","ast-banner-title-visibility":"","ast-main-header-display":"","ast-hfb-above-header-display":"","ast-hfb-below-header-display":"","ast-hfb-mobile-header-display":"","site-post-title":"","ast-breadcrumbs-content":"","ast-featured-img":"","footer-sml-layout":"","theme-transparent-header-meta":"default","adv-header-id-meta":"","stick-header-meta":"","header-above-stick-meta":"","header-main-stick-meta":"","header-below-stick-meta":"","astra-migrate-meta-layouts":"set","ast-page-background-enabled":"default","ast-page-background-meta":{"desktop":{"background-color":"var(--ast-global-color-4)","background-image":"","background-repeat":"repeat","background-position":"center center","background-size":"auto","background-attachment":"scroll","background-type":"","background-media":"","overlay-type":"","overlay-color":"","overlay-opacity":"","overlay-gradient":""},"tablet":{"background-color":"","background-image":"","background-repeat":"repeat","background-position":"center center","background-size":"auto","background-attachment":"scroll","background-type":"","background-media":"","overlay-type":"","overlay-color":"","overlay-opacity":"","overlay-gradient":""},"mobile":{"background-color":"","background-image":"","background-repeat":"repeat","background-position":"center center","background-size":"auto","background-attachment":"scroll","background-type":"","background-media":"","overlay-type":"","overlay-color":"","overlay-opacity":"","overlay-gradient":""}},"ast-content-background-meta":{"desktop":{"background-color":"var(--ast-global-color-5)","background-image":"","background-repeat":"repeat","background-position":"center center","background-size":"auto","background-attachment":"scroll","background-type":"","background-media":"","overlay-type":"","overlay-color":"","overlay-opacity":"","overlay-gradient":""},"tablet":{"background-color":"var(--ast-global-color-5)","background-image":"","background-repeat":"repeat","background-position":"center center","background-size":"auto","background-attachment":"scroll","background-type":"","background-media":"","overlay-type":"","overlay-color":"","overlay-opacity":"","overlay-gradient":""},"mobile":{"background-color":"var(--ast-global-color-5)","background-image":"","background-repeat":"repeat","background-position":"center center","background-size":"auto","background-attachment":"scroll","background-type":"","background-media":"","overlay-type":"","overlay-color":"","overlay-opacity":"","overlay-gradient":""}}},"product_brand":[],"product_cat":[60,206],"product_tag":[387,358,390,407,389],"class_list":{"0":"post-3255","1":"product","2":"type-product","3":"status-publish","4":"has-post-thumbnail","6":"product_cat-investment-wealth-management","7":"product_cat-recommend","8":"product_tag-financial-management-system","9":"product_tag-fund-pool-management","10":"product_tag-investment-rebates","11":"product_tag-task-based-investment","12":"product_tag-team-commissions","13":"desktop-align-left","14":"tablet-align-left","15":"mobile-align-left","17":"first","18":"instock","19":"shipping-taxable","20":"product-type-simple"},"uagb_featured_image_src":{"full":["https:\/\/sharewalker.com\/wp-content\/uploads\/2025\/03\/10001-57-e1742897178444.jpg",576,653,false],"thumbnail":["https:\/\/sharewalker.com\/wp-content\/uploads\/2025\/03\/10001-57-e1742897178444-150x150.jpg",150,150,true],"medium":["https:\/\/sharewalker.com\/wp-content\/uploads\/2025\/03\/10001-57-e1742897178444-265x300.jpg",265,300,true],"medium_large":["https:\/\/sharewalker.com\/wp-content\/uploads\/2025\/03\/10001-57-e1742897178444.jpg",576,653,false],"large":["https:\/\/sharewalker.com\/wp-content\/uploads\/2025\/03\/10001-57-461x1024.jpg",461,1024,true],"1536x1536":["https:\/\/sharewalker.com\/wp-content\/uploads\/2025\/03\/10001-57-e1742897178444.jpg",576,653,false],"2048x2048":["https:\/\/sharewalker.com\/wp-content\/uploads\/2025\/03\/10001-57-e1742897178444.jpg",576,653,false],"trp-custom-language-flag":["https:\/\/sharewalker.com\/wp-content\/uploads\/2025\/03\/10001-57-e1742897178444.jpg",11,12,false],"woocommerce_thumbnail":["https:\/\/sharewalker.com\/wp-content\/uploads\/2025\/03\/10001-57-e1742897178444-300x300.jpg",300,300,true],"woocommerce_single":["https:\/\/sharewalker.com\/wp-content\/uploads\/2025\/03\/10001-57-e1742897178444-300x340.jpg",300,340,true],"woocommerce_gallery_thumbnail":["https:\/\/sharewalker.com\/wp-content\/uploads\/2025\/03\/10001-57-e1742897178444-100x100.jpg",100,100,true]},"uagb_author_info":{"display_name":"admin","author_link":"https:\/\/sharewalker.com\/fr\/author\/"},"uagb_comment_info":10,"uagb_excerpt":"A financial management system designed for task-based investors, offering high-return fund pools with team commissions and rebate mechanisms to help users achieve wealth growth.\u200b","_links":{"self":[{"href":"https:\/\/sharewalker.com\/fr\/wp-json\/wp\/v2\/product\/3255","targetHints":{"allow":["GET"]}}],"collection":[{"href":"https:\/\/sharewalker.com\/fr\/wp-json\/wp\/v2\/product"}],"about":[{"href":"https:\/\/sharewalker.com\/fr\/wp-json\/wp\/v2\/types\/product"}],"replies":[{"embeddable":true,"href":"https:\/\/sharewalker.com\/fr\/wp-json\/wp\/v2\/comments?post=3255"}],"version-history":[{"count":0,"href":"https:\/\/sharewalker.com\/fr\/wp-json\/wp\/v2\/product\/3255\/revisions"}],"wp:featuredmedia":[{"embeddable":true,"href":"https:\/\/sharewalker.com\/fr\/wp-json\/wp\/v2\/media\/3256"}],"wp:attachment":[{"href":"https:\/\/sharewalker.com\/fr\/wp-json\/wp\/v2\/media?parent=3255"}],"wp:term":[{"taxonomy":"product_brand","embeddable":true,"href":"https:\/\/sharewalker.com\/fr\/wp-json\/wp\/v2\/product_brand?post=3255"},{"taxonomy":"product_cat","embeddable":true,"href":"https:\/\/sharewalker.com\/fr\/wp-json\/wp\/v2\/product_cat?post=3255"},{"taxonomy":"product_tag","embeddable":true,"href":"https:\/\/sharewalker.com\/fr\/wp-json\/wp\/v2\/product_tag?post=3255"}],"curies":[{"name":"wp","href":"https:\/\/api.w.org\/{rel}","templated":true}]}}