{"id":9562,"date":"2025-04-25T20:32:39","date_gmt":"2025-04-25T12:32:39","guid":{"rendered":"https:\/\/sharewalker.com\/?post_type=product&#038;p=9562"},"modified":"2025-04-25T20:34:58","modified_gmt":"2025-04-25T12:34:58","slug":"full-platform-second-contract-exchange-system-source-code%ef%bd%9cintegrated-mining-machine-module%ef%bd%9ch5-android-ios-native-apps%ef%bd%9cmulti-language-enterprise-grade-solution","status":"publish","type":"product","link":"https:\/\/sharewalker.com\/fr\/produit\/full-platform-second-contract-exchange-system-source-code%ef%bd%9cintegrated-mining-machine-module%ef%bd%9ch5-android-ios-native-apps%ef%bd%9cmulti-language-enterprise-grade-solution\/","title":{"rendered":"Code source du syst\u00e8me d'\u00e9change de contrats secondaires \u00e0 plateforme compl\u00e8te\uff5cModule de machine mini\u00e8re int\u00e9gr\u00e9\uff5cH5 + Android + iOS Apps natives\uff5cSolution d'entreprise multilingue"},"content":{"rendered":"<p class=\"ds-markdown-paragraph\"><strong>Caract\u00e9ristiques principales et avantages<\/strong><\/p>\n<ol start=\"1\">\n<li>\n<p class=\"ds-markdown-paragraph\"><strong>Compatibilit\u00e9 multiplateforme<\/strong>:<br \/>\n\u2705\u00a0<strong>H5 Mobile\u7aef<\/strong>: Design responsive performant, acc\u00e8s instantan\u00e9 via les navigateurs avec un chargement rapide des pages.<br \/>\n\u2705\u00a0<strong>Applications natives<\/strong>: Code source complet pour Android et iOS (pr\u00eat pour les magasins d'applications), comprenant des donn\u00e9es de march\u00e9 en temps r\u00e9el, des graphiques en ligne K et des notifications d'ordre.<br \/>\n\u2705\u00a0<strong>Soutien linguistique mondial<\/strong>: 7 langues int\u00e9gr\u00e9es (chinois, anglais, russe, japonais, cor\u00e9en, espagnol, arabe) avec une extension facile du backend pour des langues suppl\u00e9mentaires.<\/p>\n<\/li>\n<li>\n<p class=\"ds-markdown-paragraph\"><strong>Syst\u00e8me de trading professionnel<\/strong>:<\/p>\n<ul>\n<li>\n<p class=\"ds-markdown-paragraph\"><strong>Deuxi\u00e8me moteur de contrat<\/strong>: Appariement des ordres au niveau de la milliseconde, prise en charge des ordres de march\u00e9\/limites et r\u00e8glement automatis\u00e9 des profits et pertes.<\/p>\n<\/li>\n<li>\n<p class=\"ds-markdown-paragraph\"><strong>Contr\u00f4le des risques \u00e0 plusieurs niveaux<\/strong>: Restrictions IP, contr\u00f4le de la fr\u00e9quence des transactions et v\u00e9rification du mot de passe du fonds pour garantir la s\u00e9curit\u00e9.<\/p>\n<\/li>\n<li>\n<p class=\"ds-markdown-paragraph\"><strong>Visualisation des donn\u00e9es<\/strong>: Graphiques en ligne K en temps r\u00e9el, cartes de profondeur et historique des transactions avec des indicateurs personnalisables.<\/p>\n<\/li>\n<\/ul>\n<\/li>\n<li>\n<p class=\"ds-markdown-paragraph\"><strong>Module sur l'\u00e9cosyst\u00e8me minier (nouvellement ajout\u00e9)<\/strong>:<\/p>\n<ul>\n<li>\n<p class=\"ds-markdown-paragraph\"><strong>Achat\/location de mineur<\/strong>: Les utilisateurs peuvent acheter de l'\u00e9nergie mini\u00e8re dans le nuage ou louer des machines mini\u00e8res, payables en BTC\/ETH ou en d'autres crypto-monnaies courantes.<\/p>\n<\/li>\n<li>\n<p class=\"ds-markdown-paragraph\"><strong>Imputation automatis\u00e9e des b\u00e9n\u00e9fices<\/strong>: Calcul quotidien\/hebdomadaire\/mensuel des r\u00e9compenses mini\u00e8res, avec des retraits sur des comptes d'\u00e9change.<\/p>\n<\/li>\n<li>\n<p class=\"ds-markdown-paragraph\"><strong>Surveillance des mineurs en temps r\u00e9el<\/strong>: Affiche le taux de hachage, l'\u00e9tat op\u00e9rationnel, les revenus estim\u00e9s et la dur\u00e9e du bail.<\/p>\n<\/li>\n<li>\n<p class=\"ds-markdown-paragraph\"><strong>Pools miniers \u00e0 plusieurs niveaux<\/strong>: Prise en charge des pools de minage personnels et d'\u00e9quipe avec int\u00e9gration des r\u00e9compenses de parrainage.<\/p>\n<\/li>\n<\/ul>\n<\/li>\n<li>\n<p class=\"ds-markdown-paragraph\"><strong>Gestion op\u00e9rationnelle Backend<\/strong>:<\/p>\n<ul>\n<li>\n<p class=\"ds-markdown-paragraph\">Gestion des utilisateurs \u00e0 plusieurs niveaux (personnalisation des privil\u00e8ges VIP).<\/p>\n<\/li>\n<li>\n<p class=\"ds-markdown-paragraph\">Analyse multidimensionnelle (volume des transactions, frais, activit\u00e9 des utilisateurs, b\u00e9n\u00e9fices de l'exploitation mini\u00e8re).<\/p>\n<\/li>\n<li>\n<p class=\"ds-markdown-paragraph\">Des configurations de frais flexibles (personnalisables par devise\/type de contrat).<\/p>\n<\/li>\n<li>\n<p class=\"ds-markdown-paragraph\">Outils de marketing (remises sur recommandation, largages, promotions mini\u00e8res).<\/p>\n<\/li>\n<\/ul>\n<\/li>\n<li>\n<p class=\"ds-markdown-paragraph\"><strong>Faits saillants techniques<\/strong>:<\/p>\n<ul>\n<li>\n<p class=\"ds-markdown-paragraph\">Architecture de microservices Spring Cloud pour une concurrence \u00e9lev\u00e9e.<\/p>\n<\/li>\n<li>\n<p class=\"ds-markdown-paragraph\">Portefeuilles blockchain int\u00e9gr\u00e9s (prise en charge des d\u00e9p\u00f4ts\/retraits de crypto-monnaies courantes).<\/p>\n<\/li>\n<li>\n<p class=\"ds-markdown-paragraph\">Contrats intelligents de r\u00e9compense mini\u00e8re transparents pour les donn\u00e9es v\u00e9rifiables.<\/p>\n<\/li>\n<li>\n<p class=\"ds-markdown-paragraph\">D\u00e9ploiement transparent sur AWS\/Aliyun\/Tencent Cloud avec cryptage SSL.<\/p>\n<\/li>\n<\/ul>\n<\/li>\n<li><strong>Notes compl\u00e9mentaires<\/strong>:<br \/>\n<em>Documentation compl\u00e8te sur le d\u00e9ploiement et support technique inclus. Des comptes de test sont disponibles pour une exploration imm\u00e9diate des fonctionnalit\u00e9s.<\/em><br \/>\n<strong>D\u00e9monstration<\/strong>:\u00a0<a href=\"https:\/\/h5.netxovate.com\/\" target=\"_blank\" rel=\"noopener noreferrer\">https:\/\/h5.netxovate.com\/<\/a><br \/>\n<strong>Compte de test<\/strong>:\u00a0<a href=\"https:\/\/mailto:admin123456@qq.com\/\" target=\"_blank\" rel=\"noopener noreferrer\">admin123456@qq.com<\/a>\u00a0Mot de passe : 123456<\/li>\n<\/ol>\n<p><img fetchpriority=\"high\" decoding=\"async\" class=\"aligncenter size-full wp-image-9563\" src=\"https:\/\/sharewalker.com\/wp-content\/uploads\/2025\/04\/1.jpg\" alt=\"\" width=\"379\" height=\"818\" srcset=\"https:\/\/sharewalker.com\/wp-content\/uploads\/2025\/04\/1.jpg 379w, https:\/\/sharewalker.com\/wp-content\/uploads\/2025\/04\/1-139x300.jpg 139w, https:\/\/sharewalker.com\/wp-content\/uploads\/2025\/04\/1-6x12.jpg 6w, https:\/\/sharewalker.com\/wp-content\/uploads\/2025\/04\/1-300x647.jpg 300w\" sizes=\"(max-width: 379px) 100vw, 379px\" \/> <img decoding=\"async\" class=\"aligncenter size-full wp-image-9564\" src=\"https:\/\/sharewalker.com\/wp-content\/uploads\/2025\/04\/photo_1_2025-04-25_20-30-34.jpg\" alt=\"\" width=\"378\" height=\"820\" srcset=\"https:\/\/sharewalker.com\/wp-content\/uploads\/2025\/04\/photo_1_2025-04-25_20-30-34.jpg 378w, https:\/\/sharewalker.com\/wp-content\/uploads\/2025\/04\/photo_1_2025-04-25_20-30-34-138x300.jpg 138w, https:\/\/sharewalker.com\/wp-content\/uploads\/2025\/04\/photo_1_2025-04-25_20-30-34-6x12.jpg 6w, https:\/\/sharewalker.com\/wp-content\/uploads\/2025\/04\/photo_1_2025-04-25_20-30-34-300x651.jpg 300w\" sizes=\"(max-width: 378px) 100vw, 378px\" \/> <img decoding=\"async\" class=\"aligncenter size-full wp-image-9565\" src=\"https:\/\/sharewalker.com\/wp-content\/uploads\/2025\/04\/photo_2_2025-04-25_20-30-34.jpg\" alt=\"\" width=\"377\" height=\"818\" srcset=\"https:\/\/sharewalker.com\/wp-content\/uploads\/2025\/04\/photo_2_2025-04-25_20-30-34.jpg 377w, https:\/\/sharewalker.com\/wp-content\/uploads\/2025\/04\/photo_2_2025-04-25_20-30-34-138x300.jpg 138w, https:\/\/sharewalker.com\/wp-content\/uploads\/2025\/04\/photo_2_2025-04-25_20-30-34-6x12.jpg 6w, https:\/\/sharewalker.com\/wp-content\/uploads\/2025\/04\/photo_2_2025-04-25_20-30-34-300x651.jpg 300w\" sizes=\"(max-width: 377px) 100vw, 377px\" \/> <img loading=\"lazy\" decoding=\"async\" class=\"aligncenter size-full wp-image-9566\" src=\"https:\/\/sharewalker.com\/wp-content\/uploads\/2025\/04\/photo_3_2025-04-25_20-30-34.jpg\" alt=\"\" width=\"379\" height=\"820\" srcset=\"https:\/\/sharewalker.com\/wp-content\/uploads\/2025\/04\/photo_3_2025-04-25_20-30-34.jpg 379w, https:\/\/sharewalker.com\/wp-content\/uploads\/2025\/04\/photo_3_2025-04-25_20-30-34-139x300.jpg 139w, https:\/\/sharewalker.com\/wp-content\/uploads\/2025\/04\/photo_3_2025-04-25_20-30-34-6x12.jpg 6w, https:\/\/sharewalker.com\/wp-content\/uploads\/2025\/04\/photo_3_2025-04-25_20-30-34-300x649.jpg 300w\" sizes=\"(max-width: 379px) 100vw, 379px\" \/> <img loading=\"lazy\" decoding=\"async\" class=\"aligncenter size-full wp-image-9567\" src=\"https:\/\/sharewalker.com\/wp-content\/uploads\/2025\/04\/photo_4_2025-04-25_20-30-34.jpg\" alt=\"\" width=\"376\" height=\"816\" srcset=\"https:\/\/sharewalker.com\/wp-content\/uploads\/2025\/04\/photo_4_2025-04-25_20-30-34.jpg 376w, https:\/\/sharewalker.com\/wp-content\/uploads\/2025\/04\/photo_4_2025-04-25_20-30-34-138x300.jpg 138w, https:\/\/sharewalker.com\/wp-content\/uploads\/2025\/04\/photo_4_2025-04-25_20-30-34-6x12.jpg 6w, https:\/\/sharewalker.com\/wp-content\/uploads\/2025\/04\/photo_4_2025-04-25_20-30-34-300x651.jpg 300w\" sizes=\"(max-width: 376px) 100vw, 376px\" \/> <img loading=\"lazy\" decoding=\"async\" class=\"aligncenter size-full wp-image-9568\" src=\"https:\/\/sharewalker.com\/wp-content\/uploads\/2025\/04\/photo_6_2025-04-25_20-30-34.jpg\" alt=\"\" width=\"377\" height=\"816\" srcset=\"https:\/\/sharewalker.com\/wp-content\/uploads\/2025\/04\/photo_6_2025-04-25_20-30-34.jpg 377w, https:\/\/sharewalker.com\/wp-content\/uploads\/2025\/04\/photo_6_2025-04-25_20-30-34-139x300.jpg 139w, https:\/\/sharewalker.com\/wp-content\/uploads\/2025\/04\/photo_6_2025-04-25_20-30-34-6x12.jpg 6w, https:\/\/sharewalker.com\/wp-content\/uploads\/2025\/04\/photo_6_2025-04-25_20-30-34-300x649.jpg 300w\" sizes=\"(max-width: 377px) 100vw, 377px\" \/> <img loading=\"lazy\" decoding=\"async\" class=\"aligncenter size-full wp-image-9569\" src=\"https:\/\/sharewalker.com\/wp-content\/uploads\/2025\/04\/photo_7_2025-04-25_20-30-34.jpg\" alt=\"\" width=\"378\" height=\"820\" srcset=\"https:\/\/sharewalker.com\/wp-content\/uploads\/2025\/04\/photo_7_2025-04-25_20-30-34.jpg 378w, https:\/\/sharewalker.com\/wp-content\/uploads\/2025\/04\/photo_7_2025-04-25_20-30-34-138x300.jpg 138w, https:\/\/sharewalker.com\/wp-content\/uploads\/2025\/04\/photo_7_2025-04-25_20-30-34-6x12.jpg 6w, https:\/\/sharewalker.com\/wp-content\/uploads\/2025\/04\/photo_7_2025-04-25_20-30-34-300x651.jpg 300w\" sizes=\"(max-width: 378px) 100vw, 378px\" \/> <img loading=\"lazy\" decoding=\"async\" class=\"aligncenter size-full wp-image-9570\" src=\"https:\/\/sharewalker.com\/wp-content\/uploads\/2025\/04\/photo_8_2025-04-25_20-30-34.jpg\" alt=\"\" width=\"378\" height=\"817\" srcset=\"https:\/\/sharewalker.com\/wp-content\/uploads\/2025\/04\/photo_8_2025-04-25_20-30-34.jpg 378w, https:\/\/sharewalker.com\/wp-content\/uploads\/2025\/04\/photo_8_2025-04-25_20-30-34-139x300.jpg 139w, https:\/\/sharewalker.com\/wp-content\/uploads\/2025\/04\/photo_8_2025-04-25_20-30-34-6x12.jpg 6w, https:\/\/sharewalker.com\/wp-content\/uploads\/2025\/04\/photo_8_2025-04-25_20-30-34-300x648.jpg 300w\" sizes=\"(max-width: 378px) 100vw, 378px\" \/><\/p>","protected":false},"excerpt":{"rendered":"<p>Une maturit\u00e9\u00a0<strong>deuxi\u00e8me syst\u00e8me d'\u00e9change de contrats<\/strong>\u00a0avec un syst\u00e8me int\u00e9gr\u00e9 de\u00a0<strong>\u00e9cosyst\u00e8me minier<\/strong>Le logiciel de gestion de portefeuille est disponible en ligne, y compris les applications H5, Android et iOS. Prend en charge plus de 7 langues, un moteur de trading professionnel, des syst\u00e8mes de profit minier, des contr\u00f4les de risque et des outils de gestion. Id\u00e9al pour construire des plateformes de trading et de minage de crypto-monnaies tr\u00e8s performantes.<\/p>","protected":false},"featured_media":9571,"comment_status":"open","ping_status":"closed","template":"","meta":{"_uag_custom_page_level_css":"","site-sidebar-layout":"default","site-content-layout":"","ast-site-content-layout":"default","site-content-style":"default","site-sidebar-style":"default","ast-global-header-display":"","ast-banner-title-visibility":"","ast-main-header-display":"","ast-hfb-above-header-display":"","ast-hfb-below-header-display":"","ast-hfb-mobile-header-display":"","site-post-title":"","ast-breadcrumbs-content":"","ast-featured-img":"","footer-sml-layout":"","theme-transparent-header-meta":"default","adv-header-id-meta":"","stick-header-meta":"","header-above-stick-meta":"","header-main-stick-meta":"","header-below-stick-meta":"","astra-migrate-meta-layouts":"set","ast-page-background-enabled":"default","ast-page-background-meta":{"desktop":{"background-color":"var(--ast-global-color-4)","background-image":"","background-repeat":"repeat","background-position":"center center","background-size":"auto","background-attachment":"scroll","background-type":"","background-media":"","overlay-type":"","overlay-color":"","overlay-opacity":"","overlay-gradient":""},"tablet":{"background-color":"","background-image":"","background-repeat":"repeat","background-position":"center center","background-size":"auto","background-attachment":"scroll","background-type":"","background-media":"","overlay-type":"","overlay-color":"","overlay-opacity":"","overlay-gradient":""},"mobile":{"background-color":"","background-image":"","background-repeat":"repeat","background-position":"center center","background-size":"auto","background-attachment":"scroll","background-type":"","background-media":"","overlay-type":"","overlay-color":"","overlay-opacity":"","overlay-gradient":""}},"ast-content-background-meta":{"desktop":{"background-color":"var(--ast-global-color-5)","background-image":"","background-repeat":"repeat","background-position":"center center","background-size":"auto","background-attachment":"scroll","background-type":"","background-media":"","overlay-type":"","overlay-color":"","overlay-opacity":"","overlay-gradient":""},"tablet":{"background-color":"var(--ast-global-color-5)","background-image":"","background-repeat":"repeat","background-position":"center center","background-size":"auto","background-attachment":"scroll","background-type":"","background-media":"","overlay-type":"","overlay-color":"","overlay-opacity":"","overlay-gradient":""},"mobile":{"background-color":"var(--ast-global-color-5)","background-image":"","background-repeat":"repeat","background-position":"center center","background-size":"auto","background-attachment":"scroll","background-type":"","background-media":"","overlay-type":"","overlay-color":"","overlay-opacity":"","overlay-gradient":""}}},"product_brand":[],"product_cat":[25,61,60],"product_tag":[984,988,986,991,989,983,985,987,982,990],"class_list":{"0":"post-9562","1":"product","2":"type-product","3":"status-publish","4":"has-post-thumbnail","6":"product_cat-walker-code","7":"product_cat-blockchain-crypto-exchange","8":"product_cat-investment-wealth-management","9":"product_tag-blockchain-trading-platform","10":"product_tag-cloud-mining-module","11":"product_tag-h5-financial-system","12":"product_tag-high-concurrency-engine","13":"product_tag-microservices-architecture","14":"product_tag-mining-machine-system","15":"product_tag-multi-language-app-development","16":"product_tag-native-android-ios-code","17":"product_tag-second-contract-exchange-source-code","18":"product_tag-smart-contract-settlement","19":"desktop-align-left","20":"tablet-align-left","21":"mobile-align-left","23":"first","24":"instock","25":"shipping-taxable","26":"product-type-simple"},"uagb_featured_image_src":{"full":["https:\/\/sharewalker.com\/wp-content\/uploads\/2025\/04\/22222.jpg",378,403,false],"thumbnail":["https:\/\/sharewalker.com\/wp-content\/uploads\/2025\/04\/22222-150x150.jpg",150,150,true],"medium":["https:\/\/sharewalker.com\/wp-content\/uploads\/2025\/04\/22222-281x300.jpg",281,300,true],"medium_large":["https:\/\/sharewalker.com\/wp-content\/uploads\/2025\/04\/22222.jpg",378,403,false],"large":["https:\/\/sharewalker.com\/wp-content\/uploads\/2025\/04\/22222.jpg",378,403,false],"1536x1536":["https:\/\/sharewalker.com\/wp-content\/uploads\/2025\/04\/22222.jpg",378,403,false],"2048x2048":["https:\/\/sharewalker.com\/wp-content\/uploads\/2025\/04\/22222.jpg",378,403,false],"trp-custom-language-flag":["https:\/\/sharewalker.com\/wp-content\/uploads\/2025\/04\/22222-11x12.jpg",11,12,true],"woocommerce_thumbnail":["https:\/\/sharewalker.com\/wp-content\/uploads\/2025\/04\/22222-300x300.jpg",300,300,true],"woocommerce_single":["https:\/\/sharewalker.com\/wp-content\/uploads\/2025\/04\/22222-300x320.jpg",300,320,true],"woocommerce_gallery_thumbnail":["https:\/\/sharewalker.com\/wp-content\/uploads\/2025\/04\/22222-100x100.jpg",100,100,true]},"uagb_author_info":{"display_name":"admin","author_link":"https:\/\/sharewalker.com\/fr\/author\/"},"uagb_comment_info":2,"uagb_excerpt":"A mature\u00a0second contract exchange system\u00a0with an integrated\u00a0mining ecosystem, including H5, Android, and iOS apps. Supports 7+ languages, a professional trading engine, mining profit systems, risk controls, and management tools. Ideal for building high-performance crypto trading and mining platforms.","_links":{"self":[{"href":"https:\/\/sharewalker.com\/fr\/wp-json\/wp\/v2\/product\/9562","targetHints":{"allow":["GET"]}}],"collection":[{"href":"https:\/\/sharewalker.com\/fr\/wp-json\/wp\/v2\/product"}],"about":[{"href":"https:\/\/sharewalker.com\/fr\/wp-json\/wp\/v2\/types\/product"}],"replies":[{"embeddable":true,"href":"https:\/\/sharewalker.com\/fr\/wp-json\/wp\/v2\/comments?post=9562"}],"version-history":[{"count":1,"href":"https:\/\/sharewalker.com\/fr\/wp-json\/wp\/v2\/product\/9562\/revisions"}],"predecessor-version":[{"id":9572,"href":"https:\/\/sharewalker.com\/fr\/wp-json\/wp\/v2\/product\/9562\/revisions\/9572"}],"wp:featuredmedia":[{"embeddable":true,"href":"https:\/\/sharewalker.com\/fr\/wp-json\/wp\/v2\/media\/9571"}],"wp:attachment":[{"href":"https:\/\/sharewalker.com\/fr\/wp-json\/wp\/v2\/media?parent=9562"}],"wp:term":[{"taxonomy":"product_brand","embeddable":true,"href":"https:\/\/sharewalker.com\/fr\/wp-json\/wp\/v2\/product_brand?post=9562"},{"taxonomy":"product_cat","embeddable":true,"href":"https:\/\/sharewalker.com\/fr\/wp-json\/wp\/v2\/product_cat?post=9562"},{"taxonomy":"product_tag","embeddable":true,"href":"https:\/\/sharewalker.com\/fr\/wp-json\/wp\/v2\/product_tag?post=9562"}],"curies":[{"name":"wp","href":"https:\/\/api.w.org\/{rel}","templated":true}]}}