{"id":9734,"date":"2025-12-03T08:37:02","date_gmt":"2025-12-03T00:37:02","guid":{"rendered":"https:\/\/sharewalker.com\/?post_type=product&#038;p=9734"},"modified":"2025-12-03T08:54:08","modified_gmt":"2025-12-03T00:54:08","slug":"%e6%b5%b7%e5%a4%96%e5%a4%96%e5%8d%96%e7%9b%98%e5%8f%a3%e7%b3%bb%e7%bb%9f%c2%b7%e6%95%b4%e5%a5%97%e6%ba%90%e7%a0%81%e5%87%ba%e5%94%ae%ef%bd%9c%e6%94%af%e6%8c%81%e5%bf%ab%e9%80%9f%e4%b8%8a%e7%ba%bf","status":"publish","type":"product","link":"https:\/\/sharewalker.com\/fr\/produit\/\u6d77\u5916\u5916\u5356\u76d8\u53e3\u7cfb\u7edf\u00b7\u6574\u5957\u6e90\u7801\u51fa\u552e\uff5c\u652f\u6301\u5feb\u901f\u4e0a\u7ebf\/","title":{"rendered":"Code source de la plateforme de livraison de repas \u00e0 l'\u00e9tranger \u00e0 vendre - Syst\u00e8me complet pr\u00eat \u00e0 \u00eatre lanc\u00e9 et exploit\u00e9 rapidement"},"content":{"rendered":"<p>La plateforme de livraison de nourriture \u00e0 l'\u00e9tranger est d\u00e9sormais en ligne : <a href=\"https:\/\/fastservenow.com\">https:\/\/fastservenow.com<\/a><\/p>\n<p>Le syst\u00e8me lui-m\u00eame est explicite ; ceux qui le connaissent le comprendront.<\/p>\n<p>J'ai cr\u00e9\u00e9 un groupe Telegram distinct pour les ressources de d\u00e9veloppement de la livraison de nourriture :<\/p>\n<p>\ud83d\udc49<a href=\"https:\/\/t.me\/fastservenow\">https:\/\/t.me\/fastservenow<\/a> Le groupe partage :<\/p>\n<p>Logique de d\u00e9veloppement de la plateforme de livraison de produits alimentaires \u00e0 l'\u00e9tranger<\/p>\n<p>Comment mettre en place et d\u00e9velopper une activit\u00e9 de livraison de repas<\/p>\n<p>Pr\u00e9cautions et mise en place de la structure<\/p>\n<p>Exemples de communication commerciale et de chat N'h\u00e9sitez pas \u00e0 vous inscrire et \u00e0 les consulter si n\u00e9cessaire.<\/p>\n<p>Si vous \u00eates int\u00e9ress\u00e9 par le code source de la plateforme de livraison de nourriture \u00e0 l'\u00e9tranger, n'h\u00e9sitez pas \u00e0 me contacter.<\/p>\n<p><img fetchpriority=\"high\" decoding=\"async\" class=\"aligncenter size-full wp-image-9735\" src=\"http:\/\/sharewalker.com\/wp-content\/uploads\/2025\/12\/photo_2025-12-03_08-23-17.jpg\" alt=\"\" width=\"1280\" height=\"839\" srcset=\"https:\/\/sharewalker.com\/wp-content\/uploads\/2025\/12\/photo_2025-12-03_08-23-17.jpg 1280w, https:\/\/sharewalker.com\/wp-content\/uploads\/2025\/12\/photo_2025-12-03_08-23-17-300x197.jpg 300w, https:\/\/sharewalker.com\/wp-content\/uploads\/2025\/12\/photo_2025-12-03_08-23-17-1024x671.jpg 1024w, https:\/\/sharewalker.com\/wp-content\/uploads\/2025\/12\/photo_2025-12-03_08-23-17-768x503.jpg 768w, https:\/\/sharewalker.com\/wp-content\/uploads\/2025\/12\/photo_2025-12-03_08-23-17-18x12.jpg 18w\" sizes=\"(max-width: 1280px) 100vw, 1280px\" \/> <img decoding=\"async\" class=\"aligncenter size-full wp-image-9736\" src=\"http:\/\/sharewalker.com\/wp-content\/uploads\/2025\/12\/2.jpg\" alt=\"\" width=\"376\" height=\"815\" srcset=\"https:\/\/sharewalker.com\/wp-content\/uploads\/2025\/12\/2.jpg 376w, https:\/\/sharewalker.com\/wp-content\/uploads\/2025\/12\/2-138x300.jpg 138w, https:\/\/sharewalker.com\/wp-content\/uploads\/2025\/12\/2-6x12.jpg 6w, https:\/\/sharewalker.com\/wp-content\/uploads\/2025\/12\/2-300x650.jpg 300w\" sizes=\"(max-width: 376px) 100vw, 376px\" \/> <img decoding=\"async\" class=\"aligncenter size-full wp-image-9737\" src=\"http:\/\/sharewalker.com\/wp-content\/uploads\/2025\/12\/3.jpg\" alt=\"\" width=\"380\" height=\"819\" srcset=\"https:\/\/sharewalker.com\/wp-content\/uploads\/2025\/12\/3.jpg 380w, https:\/\/sharewalker.com\/wp-content\/uploads\/2025\/12\/3-139x300.jpg 139w, https:\/\/sharewalker.com\/wp-content\/uploads\/2025\/12\/3-6x12.jpg 6w, https:\/\/sharewalker.com\/wp-content\/uploads\/2025\/12\/3-300x647.jpg 300w\" sizes=\"(max-width: 380px) 100vw, 380px\" \/> <img loading=\"lazy\" decoding=\"async\" class=\"aligncenter size-full wp-image-9738\" src=\"http:\/\/sharewalker.com\/wp-content\/uploads\/2025\/12\/5.jpg\" alt=\"\" width=\"391\" height=\"840\" srcset=\"https:\/\/sharewalker.com\/wp-content\/uploads\/2025\/12\/5.jpg 391w, https:\/\/sharewalker.com\/wp-content\/uploads\/2025\/12\/5-140x300.jpg 140w, https:\/\/sharewalker.com\/wp-content\/uploads\/2025\/12\/5-6x12.jpg 6w, https:\/\/sharewalker.com\/wp-content\/uploads\/2025\/12\/5-300x645.jpg 300w\" sizes=\"(max-width: 391px) 100vw, 391px\" \/><\/p>","protected":false},"excerpt":{"rendered":"<p>Notre syst\u00e8me de plateforme de livraison de produits alimentaires \u00e0 l'\u00e9tranger est d\u00e9sormais en ligne, ce qui permet la mise en place rapide de plateformes de livraison de produits alimentaires multi-fournisseurs. Il prend en charge la livraison, la gestion des commer\u00e7ants et un flux de travail op\u00e9rationnel complet. Nous fournissons le code source complet, qui convient aux plates-formes de livraison de produits alimentaires \u00e0 l'\u00e9tranger cr\u00e9\u00e9es par les entreprises elles-m\u00eames et \u00e0 l'expansion de leurs activit\u00e9s. Notre architecture de commerce \u00e9lectronique de livraison de produits alimentaires dans le monde r\u00e9el r\u00e9duit efficacement la pression sur le contr\u00f4le des risques li\u00e9s aux paiements API.<\/p>","protected":false},"featured_media":9736,"comment_status":"open","ping_status":"closed","template":"","meta":{"_uag_custom_page_level_css":"","site-sidebar-layout":"default","site-content-layout":"","ast-site-content-layout":"default","site-content-style":"default","site-sidebar-style":"default","ast-global-header-display":"","ast-banner-title-visibility":"","ast-main-header-display":"","ast-hfb-above-header-display":"","ast-hfb-below-header-display":"","ast-hfb-mobile-header-display":"","site-post-title":"","ast-breadcrumbs-content":"","ast-featured-img":"","footer-sml-layout":"","theme-transparent-header-meta":"default","adv-header-id-meta":"","stick-header-meta":"","header-above-stick-meta":"","header-main-stick-meta":"","header-below-stick-meta":"","astra-migrate-meta-layouts":"set","ast-page-background-enabled":"default","ast-page-background-meta":{"desktop":{"background-color":"var(--ast-global-color-4)","background-image":"","background-repeat":"repeat","background-position":"center center","background-size":"auto","background-attachment":"scroll","background-type":"","background-media":"","overlay-type":"","overlay-color":"","overlay-opacity":"","overlay-gradient":""},"tablet":{"background-color":"","background-image":"","background-repeat":"repeat","background-position":"center center","background-size":"auto","background-attachment":"scroll","background-type":"","background-media":"","overlay-type":"","overlay-color":"","overlay-opacity":"","overlay-gradient":""},"mobile":{"background-color":"","background-image":"","background-repeat":"repeat","background-position":"center center","background-size":"auto","background-attachment":"scroll","background-type":"","background-media":"","overlay-type":"","overlay-color":"","overlay-opacity":"","overlay-gradient":""}},"ast-content-background-meta":{"desktop":{"background-color":"var(--ast-global-color-5)","background-image":"","background-repeat":"repeat","background-position":"center center","background-size":"auto","background-attachment":"scroll","background-type":"","background-media":"","overlay-type":"","overlay-color":"","overlay-opacity":"","overlay-gradient":""},"tablet":{"background-color":"var(--ast-global-color-5)","background-image":"","background-repeat":"repeat","background-position":"center center","background-size":"auto","background-attachment":"scroll","background-type":"","background-media":"","overlay-type":"","overlay-color":"","overlay-opacity":"","overlay-gradient":""},"mobile":{"background-color":"var(--ast-global-color-5)","background-image":"","background-repeat":"repeat","background-position":"center center","background-size":"auto","background-attachment":"scroll","background-type":"","background-media":"","overlay-type":"","overlay-color":"","overlay-opacity":"","overlay-gradient":""}}},"product_brand":[],"product_cat":[63,206],"product_tag":[1055,1054,1051,1052,1053,1056,1057,1050,1046,1047,1044,1042,1043,1045,1048,1049,1041],"class_list":{"0":"post-9734","1":"product","2":"type-product","3":"status-publish","4":"has-post-thumbnail","6":"product_cat-others","7":"product_cat-recommend","8":"product_tag-complete-food-delivery-platform-source-code","9":"product_tag-food-delivery-platform-development","10":"product_tag-food-delivery-platform-source-code","11":"product_tag-food-delivery-system-for-sale","12":"product_tag-food-delivery-system-setup","13":"product_tag-multi-vendor-food-delivery-system","14":"product_tag-overseas-food-delivery-platform","15":"product_tag-overseas-food-delivery-system","16":"product_tag-1046","17":"product_tag-1047","18":"product_tag-1044","19":"product_tag-1042","20":"product_tag-1043","21":"product_tag-1045","22":"product_tag-1048","23":"product_tag-1049","24":"product_tag-1041","25":"desktop-align-left","26":"tablet-align-left","27":"mobile-align-left","29":"first","30":"instock","31":"shipping-taxable","32":"product-type-simple"},"uagb_featured_image_src":{"full":["https:\/\/sharewalker.com\/wp-content\/uploads\/2025\/12\/2.jpg",376,815,false],"thumbnail":["https:\/\/sharewalker.com\/wp-content\/uploads\/2025\/12\/2-150x150.jpg",150,150,true],"medium":["https:\/\/sharewalker.com\/wp-content\/uploads\/2025\/12\/2-138x300.jpg",138,300,true],"medium_large":["https:\/\/sharewalker.com\/wp-content\/uploads\/2025\/12\/2.jpg",376,815,false],"large":["https:\/\/sharewalker.com\/wp-content\/uploads\/2025\/12\/2.jpg",376,815,false],"1536x1536":["https:\/\/sharewalker.com\/wp-content\/uploads\/2025\/12\/2.jpg",376,815,false],"2048x2048":["https:\/\/sharewalker.com\/wp-content\/uploads\/2025\/12\/2.jpg",376,815,false],"trp-custom-language-flag":["https:\/\/sharewalker.com\/wp-content\/uploads\/2025\/12\/2-6x12.jpg",6,12,true],"woocommerce_thumbnail":["https:\/\/sharewalker.com\/wp-content\/uploads\/2025\/12\/2-300x300.jpg",300,300,true],"woocommerce_single":["https:\/\/sharewalker.com\/wp-content\/uploads\/2025\/12\/2-300x650.jpg",300,650,true],"woocommerce_gallery_thumbnail":["https:\/\/sharewalker.com\/wp-content\/uploads\/2025\/12\/2-100x100.jpg",100,100,true]},"uagb_author_info":{"display_name":"admin","author_link":"https:\/\/sharewalker.com\/fr\/author\/"},"uagb_comment_info":1,"uagb_excerpt":"Our overseas food delivery platform system is now online, enabling rapid setup of multi-vendor food delivery platforms. It supports delivery, merchant management, and a complete operational workflow. We provide the full source code, suitable for self-built overseas food delivery platforms and business expansion. Our real-world food delivery e-commerce architecture effectively reduces the pressure on API\u2026","_links":{"self":[{"href":"https:\/\/sharewalker.com\/fr\/wp-json\/wp\/v2\/product\/9734","targetHints":{"allow":["GET"]}}],"collection":[{"href":"https:\/\/sharewalker.com\/fr\/wp-json\/wp\/v2\/product"}],"about":[{"href":"https:\/\/sharewalker.com\/fr\/wp-json\/wp\/v2\/types\/product"}],"replies":[{"embeddable":true,"href":"https:\/\/sharewalker.com\/fr\/wp-json\/wp\/v2\/comments?post=9734"}],"version-history":[{"count":5,"href":"https:\/\/sharewalker.com\/fr\/wp-json\/wp\/v2\/product\/9734\/revisions"}],"predecessor-version":[{"id":9743,"href":"https:\/\/sharewalker.com\/fr\/wp-json\/wp\/v2\/product\/9734\/revisions\/9743"}],"wp:featuredmedia":[{"embeddable":true,"href":"https:\/\/sharewalker.com\/fr\/wp-json\/wp\/v2\/media\/9736"}],"wp:attachment":[{"href":"https:\/\/sharewalker.com\/fr\/wp-json\/wp\/v2\/media?parent=9734"}],"wp:term":[{"taxonomy":"product_brand","embeddable":true,"href":"https:\/\/sharewalker.com\/fr\/wp-json\/wp\/v2\/product_brand?post=9734"},{"taxonomy":"product_cat","embeddable":true,"href":"https:\/\/sharewalker.com\/fr\/wp-json\/wp\/v2\/product_cat?post=9734"},{"taxonomy":"product_tag","embeddable":true,"href":"https:\/\/sharewalker.com\/fr\/wp-json\/wp\/v2\/product_tag?post=9734"}],"curies":[{"name":"wp","href":"https:\/\/api.w.org\/{rel}","templated":true}]}}