{"id":1968,"date":"2025-03-22T20:35:25","date_gmt":"2025-03-22T12:35:25","guid":{"rendered":"https:\/\/sharewalker.com\/?post_type=product&#038;p=1968"},"modified":"2025-03-22T22:46:15","modified_gmt":"2025-03-22T14:46:15","slug":"multi-language-overseas-order-snatching-boosting-source-code-big-wheel-lottery-yu-li-bao-professional-agent-backend-order-auto-matching-system","status":"publish","type":"product","link":"https:\/\/sharewalker.com\/pt\/produto\/codigo-fonte-de-reforco-de-encomendas-no-estrangeiro-em-varias-linguas-roda-gigante-lotaria-yu-li-bao-agente-profissional-backend-sistema-de-correspondencia-automatica-de-encomendas\/","title":{"rendered":"C\u00f3digo-fonte para capta\u00e7\u00e3o de pedidos no exterior em v\u00e1rios idiomas e aumento do c\u00f3digo-fonte | Big Wheel Lottery Yu Li Bao | Backend de agente profissional e sistema de correspond\u00eancia autom\u00e1tica de pedidos"},"content":{"rendered":"<p>Este sistema apresenta um design de IU completamente personalizado que ultrapassa em muito os padr\u00f5es comuns do mercado, criado especificamente para mercados estrangeiros. O c\u00f3digo-fonte suporta v\u00e1rios idiomas e vem equipado com uma grande variedade de carater\u00edsticas, incluindo um backend de agente dedicado, coloca\u00e7\u00e3o programada de encomendas, captura autom\u00e1tica de encomendas, b\u00f3nus de juros, atualiza\u00e7\u00e3o VIP com presentes de b\u00f3nus e uma lotaria de roda gigante - tudo concebido para conseguir uma correspond\u00eancia precisa das encomendas e uma efici\u00eancia<\/p>\n<div style=\"width: 1640px;\" class=\"wp-video\"><video class=\"wp-video-shortcode\" id=\"video-1968-1\" width=\"1640\" height=\"980\" preload=\"metadata\" controls=\"controls\"><source type=\"video\/mp4\" src=\"http:\/\/sharewalker.com\/wp-content\/uploads\/2025\/03\/202407281722174317250586.mp4?_=1\" \/><a href=\"http:\/\/sharewalker.com\/wp-content\/uploads\/2025\/03\/202407281722174317250586.mp4\">http:\/\/sharewalker.com\/wp-content\/uploads\/2025\/03\/202407281722174317250586.mp4<\/a><\/video><\/div>\n<p><img fetchpriority=\"high\" decoding=\"async\" class=\"aligncenter size-full wp-image-1971\" src=\"http:\/\/sharewalker.com\/wp-content\/uploads\/2025\/03\/10002.jpg\" alt=\"\" width=\"404\" height=\"803\" srcset=\"https:\/\/sharewalker.com\/wp-content\/uploads\/2025\/03\/10002.jpg 404w, https:\/\/sharewalker.com\/wp-content\/uploads\/2025\/03\/10002-300x596.jpg 300w, https:\/\/sharewalker.com\/wp-content\/uploads\/2025\/03\/10002-151x300.jpg 151w\" sizes=\"(max-width: 404px) 100vw, 404px\" \/> <img decoding=\"async\" class=\"aligncenter size-full wp-image-1974\" src=\"http:\/\/sharewalker.com\/wp-content\/uploads\/2025\/03\/10005.jpg\" alt=\"\" width=\"399\" height=\"800\" srcset=\"https:\/\/sharewalker.com\/wp-content\/uploads\/2025\/03\/10005.jpg 399w, https:\/\/sharewalker.com\/wp-content\/uploads\/2025\/03\/10005-300x602.jpg 300w, https:\/\/sharewalker.com\/wp-content\/uploads\/2025\/03\/10005-150x300.jpg 150w\" sizes=\"(max-width: 399px) 100vw, 399px\" \/> <img decoding=\"async\" class=\"aligncenter size-full wp-image-1973\" src=\"http:\/\/sharewalker.com\/wp-content\/uploads\/2025\/03\/10004.jpg\" alt=\"\" width=\"400\" height=\"799\" srcset=\"https:\/\/sharewalker.com\/wp-content\/uploads\/2025\/03\/10004.jpg 400w, https:\/\/sharewalker.com\/wp-content\/uploads\/2025\/03\/10004-300x599.jpg 300w, https:\/\/sharewalker.com\/wp-content\/uploads\/2025\/03\/10004-150x300.jpg 150w\" sizes=\"(max-width: 400px) 100vw, 400px\" \/> <img loading=\"lazy\" decoding=\"async\" class=\"aligncenter size-full wp-image-1972\" src=\"http:\/\/sharewalker.com\/wp-content\/uploads\/2025\/03\/10003.jpg\" alt=\"\" width=\"402\" height=\"801\" srcset=\"https:\/\/sharewalker.com\/wp-content\/uploads\/2025\/03\/10003.jpg 402w, https:\/\/sharewalker.com\/wp-content\/uploads\/2025\/03\/10003-300x598.jpg 300w, https:\/\/sharewalker.com\/wp-content\/uploads\/2025\/03\/10003-151x300.jpg 151w\" sizes=\"(max-width: 402px) 100vw, 402px\" \/> <img loading=\"lazy\" decoding=\"async\" class=\"aligncenter size-full wp-image-1976\" src=\"http:\/\/sharewalker.com\/wp-content\/uploads\/2025\/03\/10007.jpg\" alt=\"\" width=\"400\" height=\"800\" srcset=\"https:\/\/sharewalker.com\/wp-content\/uploads\/2025\/03\/10007.jpg 400w, https:\/\/sharewalker.com\/wp-content\/uploads\/2025\/03\/10007-300x600.jpg 300w, https:\/\/sharewalker.com\/wp-content\/uploads\/2025\/03\/10007-150x300.jpg 150w\" sizes=\"(max-width: 400px) 100vw, 400px\" \/> <img loading=\"lazy\" decoding=\"async\" class=\"aligncenter size-full wp-image-1975\" src=\"http:\/\/sharewalker.com\/wp-content\/uploads\/2025\/03\/10006.jpg\" alt=\"\" width=\"400\" height=\"797\" srcset=\"https:\/\/sharewalker.com\/wp-content\/uploads\/2025\/03\/10006.jpg 400w, https:\/\/sharewalker.com\/wp-content\/uploads\/2025\/03\/10006-300x598.jpg 300w, https:\/\/sharewalker.com\/wp-content\/uploads\/2025\/03\/10006-151x300.jpg 151w\" sizes=\"(max-width: 400px) 100vw, 400px\" \/> <img loading=\"lazy\" decoding=\"async\" class=\"aligncenter size-full wp-image-1978\" src=\"http:\/\/sharewalker.com\/wp-content\/uploads\/2025\/03\/10009.jpg\" alt=\"\" width=\"402\" height=\"800\" srcset=\"https:\/\/sharewalker.com\/wp-content\/uploads\/2025\/03\/10009.jpg 402w, https:\/\/sharewalker.com\/wp-content\/uploads\/2025\/03\/10009-300x597.jpg 300w, https:\/\/sharewalker.com\/wp-content\/uploads\/2025\/03\/10009-151x300.jpg 151w\" sizes=\"(max-width: 402px) 100vw, 402px\" \/> <img loading=\"lazy\" decoding=\"async\" class=\"aligncenter size-full wp-image-1979\" src=\"http:\/\/sharewalker.com\/wp-content\/uploads\/2025\/03\/10010.jpg\" alt=\"\" width=\"403\" height=\"797\" srcset=\"https:\/\/sharewalker.com\/wp-content\/uploads\/2025\/03\/10010.jpg 403w, https:\/\/sharewalker.com\/wp-content\/uploads\/2025\/03\/10010-300x593.jpg 300w, https:\/\/sharewalker.com\/wp-content\/uploads\/2025\/03\/10010-152x300.jpg 152w\" sizes=\"(max-width: 403px) 100vw, 403px\" \/> <img loading=\"lazy\" decoding=\"async\" class=\"aligncenter size-full wp-image-1977\" src=\"http:\/\/sharewalker.com\/wp-content\/uploads\/2025\/03\/10008.jpg\" alt=\"\" width=\"402\" height=\"801\" srcset=\"https:\/\/sharewalker.com\/wp-content\/uploads\/2025\/03\/10008.jpg 402w, https:\/\/sharewalker.com\/wp-content\/uploads\/2025\/03\/10008-300x598.jpg 300w, https:\/\/sharewalker.com\/wp-content\/uploads\/2025\/03\/10008-151x300.jpg 151w\" sizes=\"(max-width: 402px) 100vw, 402px\" \/> <img loading=\"lazy\" decoding=\"async\" class=\"aligncenter size-full wp-image-1980\" src=\"http:\/\/sharewalker.com\/wp-content\/uploads\/2025\/03\/10011.jpg\" alt=\"\" width=\"401\" height=\"803\" srcset=\"https:\/\/sharewalker.com\/wp-content\/uploads\/2025\/03\/10011.jpg 401w, https:\/\/sharewalker.com\/wp-content\/uploads\/2025\/03\/10011-300x601.jpg 300w, https:\/\/sharewalker.com\/wp-content\/uploads\/2025\/03\/10011-150x300.jpg 150w\" sizes=\"(max-width: 401px) 100vw, 401px\" \/> <img loading=\"lazy\" decoding=\"async\" class=\"aligncenter size-full wp-image-1981\" src=\"http:\/\/sharewalker.com\/wp-content\/uploads\/2025\/03\/10012.jpg\" alt=\"\" width=\"400\" height=\"805\" srcset=\"https:\/\/sharewalker.com\/wp-content\/uploads\/2025\/03\/10012.jpg 400w, https:\/\/sharewalker.com\/wp-content\/uploads\/2025\/03\/10012-300x604.jpg 300w, https:\/\/sharewalker.com\/wp-content\/uploads\/2025\/03\/10012-149x300.jpg 149w\" sizes=\"(max-width: 400px) 100vw, 400px\" \/> <img loading=\"lazy\" decoding=\"async\" class=\"aligncenter size-full wp-image-1982\" src=\"http:\/\/sharewalker.com\/wp-content\/uploads\/2025\/03\/10013.jpg\" alt=\"\" width=\"399\" height=\"808\" srcset=\"https:\/\/sharewalker.com\/wp-content\/uploads\/2025\/03\/10013.jpg 399w, https:\/\/sharewalker.com\/wp-content\/uploads\/2025\/03\/10013-300x608.jpg 300w, https:\/\/sharewalker.com\/wp-content\/uploads\/2025\/03\/10013-148x300.jpg 148w\" sizes=\"(max-width: 399px) 100vw, 399px\" \/> <img loading=\"lazy\" decoding=\"async\" class=\"aligncenter size-full wp-image-1983\" src=\"http:\/\/sharewalker.com\/wp-content\/uploads\/2025\/03\/10014.jpg\" alt=\"\" width=\"400\" height=\"798\" srcset=\"https:\/\/sharewalker.com\/wp-content\/uploads\/2025\/03\/10014.jpg 400w, https:\/\/sharewalker.com\/wp-content\/uploads\/2025\/03\/10014-300x599.jpg 300w, https:\/\/sharewalker.com\/wp-content\/uploads\/2025\/03\/10014-150x300.jpg 150w\" sizes=\"(max-width: 400px) 100vw, 400px\" \/><\/p>\n<p>&nbsp;<\/p>\n<div id=\"gtx-trans\" style=\"position: absolute; left: 1053px; top: 151px;\">\n<div class=\"gtx-trans-icon\"><\/div>\n<\/div>","protected":false},"excerpt":{"rendered":"<p>O nosso sistema foi concebido para o mercado global, apresentando uma nova interface de utilizador personalizada que garante uma experi\u00eancia de utilizador excecional e um aspeto visual de vanguarda. Com suporte multilingue, o c\u00f3digo-fonte adapta-se perfeitamente a regi\u00f5es europeias, americanas, asi\u00e1ticas e outras. A funcionalidade robusta do sistema abrange a gest\u00e3o de back-end de agentes dedicados, a coloca\u00e7\u00e3o precisa de encomendas programadas, a captura autom\u00e1tica de encomendas, os c\u00e1lculos de b\u00f3nus com juros, as recompensas de atualiza\u00e7\u00e3o VIP e uma estimulante lotaria de roda gigante para aumentar o envolvimento do utilizador. Este conjunto abrangente de carater\u00edsticas proporciona uma correspond\u00eancia completa de encomendas e apoio de marketing, permitindo \u00e0s empresas expandir rapidamente as suas opera\u00e7\u00f5es no estrangeiro, assegurando simultaneamente uma elevada efici\u00eancia operacional.<\/p>","protected":false},"featured_media":1970,"comment_status":"open","ping_status":"closed","template":"","meta":{"_uag_custom_page_level_css":"","site-sidebar-layout":"default","site-content-layout":"","ast-site-content-layout":"default","site-content-style":"default","site-sidebar-style":"default","ast-global-header-display":"","ast-banner-title-visibility":"","ast-main-header-display":"","ast-hfb-above-header-display":"","ast-hfb-below-header-display":"","ast-hfb-mobile-header-display":"","site-post-title":"","ast-breadcrumbs-content":"","ast-featured-img":"","footer-sml-layout":"","theme-transparent-header-meta":"disabled","adv-header-id-meta":"","stick-header-meta":"","header-above-stick-meta":"","header-main-stick-meta":"","header-below-stick-meta":"","astra-migrate-meta-layouts":"set","ast-page-background-enabled":"default","ast-page-background-meta":{"desktop":{"background-color":"var(--ast-global-color-4)","background-image":"","background-repeat":"repeat","background-position":"center center","background-size":"auto","background-attachment":"scroll","background-type":"","background-media":"","overlay-type":"","overlay-color":"","overlay-opacity":"","overlay-gradient":""},"tablet":{"background-color":"","background-image":"","background-repeat":"repeat","background-position":"center center","background-size":"auto","background-attachment":"scroll","background-type":"","background-media":"","overlay-type":"","overlay-color":"","overlay-opacity":"","overlay-gradient":""},"mobile":{"background-color":"","background-image":"","background-repeat":"repeat","background-position":"center center","background-size":"auto","background-attachment":"scroll","background-type":"","background-media":"","overlay-type":"","overlay-color":"","overlay-opacity":"","overlay-gradient":""}},"ast-content-background-meta":{"desktop":{"background-color":"var(--ast-global-color-5)","background-image":"","background-repeat":"repeat","background-position":"center center","background-size":"auto","background-attachment":"scroll","background-type":"","background-media":"","overlay-type":"","overlay-color":"","overlay-opacity":"","overlay-gradient":""},"tablet":{"background-color":"var(--ast-global-color-5)","background-image":"","background-repeat":"repeat","background-position":"center center","background-size":"auto","background-attachment":"scroll","background-type":"","background-media":"","overlay-type":"","overlay-color":"","overlay-opacity":"","overlay-gradient":""},"mobile":{"background-color":"var(--ast-global-color-5)","background-image":"","background-repeat":"repeat","background-position":"center center","background-size":"auto","background-attachment":"scroll","background-type":"","background-media":"","overlay-type":"","overlay-color":"","overlay-opacity":"","overlay-gradient":""}}},"product_brand":[],"product_cat":[59],"product_tag":[69,67,72,74,64,70,66,65,71,73,68],"class_list":{"0":"post-1968","1":"product","2":"type-product","3":"status-publish","4":"has-post-thumbnail","6":"product_cat-order-sniping-order-manipulation","7":"product_tag-agent-backend","8":"product_tag-big-wheel-lottery","9":"product_tag-customized-ui","10":"product_tag-marketing-system","11":"product_tag-multi-language","12":"product_tag-order-auto-matching","13":"product_tag-order-boosting-source-code","14":"product_tag-overseas-order-snatching","15":"product_tag-scheduled-order-placement","16":"product_tag-vip-upgrade","17":"product_tag-yu-li-bao","18":"desktop-align-left","19":"tablet-align-left","20":"mobile-align-left","22":"first","23":"instock","24":"shipping-taxable","25":"product-type-simple"},"uagb_featured_image_src":{"full":["https:\/\/sharewalker.com\/wp-content\/uploads\/2025\/03\/10001-e1742651435307.jpg",400,400,false],"thumbnail":["https:\/\/sharewalker.com\/wp-content\/uploads\/2025\/03\/10001-e1742651435307-150x150.jpg",150,150,true],"medium":["https:\/\/sharewalker.com\/wp-content\/uploads\/2025\/03\/10001-e1742651435307-300x300.jpg",300,300,true],"medium_large":["https:\/\/sharewalker.com\/wp-content\/uploads\/2025\/03\/10001-e1742651435307.jpg",400,400,false],"large":["https:\/\/sharewalker.com\/wp-content\/uploads\/2025\/03\/10001-e1742651435307.jpg",400,400,false],"1536x1536":["https:\/\/sharewalker.com\/wp-content\/uploads\/2025\/03\/10001-e1742651435307.jpg",400,400,false],"2048x2048":["https:\/\/sharewalker.com\/wp-content\/uploads\/2025\/03\/10001-e1742651435307.jpg",400,400,false],"trp-custom-language-flag":["https:\/\/sharewalker.com\/wp-content\/uploads\/2025\/03\/10001-e1742651435307.jpg",12,12,false],"woocommerce_thumbnail":["https:\/\/sharewalker.com\/wp-content\/uploads\/2025\/03\/10001-e1742651435307-300x300.jpg",300,300,true],"woocommerce_single":["https:\/\/sharewalker.com\/wp-content\/uploads\/2025\/03\/10001-e1742651435307-300x300.jpg",300,300,true],"woocommerce_gallery_thumbnail":["https:\/\/sharewalker.com\/wp-content\/uploads\/2025\/03\/10001-e1742651435307-100x100.jpg",100,100,true]},"uagb_author_info":{"display_name":"admin","author_link":"https:\/\/sharewalker.com\/pt\/author\/"},"uagb_comment_info":1,"uagb_excerpt":"Our system is engineered for the global market, featuring a brand-new, custom-designed front-end UI that ensures both an exceptional user experience and cutting-edge visual appeal. With multi-language support, the source code seamlessly adapts to European, American, Asian, and other regions. The system\u2019s robust functionality covers dedicated agent backend management, precise scheduled order placement, automated order&hellip;","_links":{"self":[{"href":"https:\/\/sharewalker.com\/pt\/wp-json\/wp\/v2\/product\/1968","targetHints":{"allow":["GET"]}}],"collection":[{"href":"https:\/\/sharewalker.com\/pt\/wp-json\/wp\/v2\/product"}],"about":[{"href":"https:\/\/sharewalker.com\/pt\/wp-json\/wp\/v2\/types\/product"}],"replies":[{"embeddable":true,"href":"https:\/\/sharewalker.com\/pt\/wp-json\/wp\/v2\/comments?post=1968"}],"version-history":[{"count":0,"href":"https:\/\/sharewalker.com\/pt\/wp-json\/wp\/v2\/product\/1968\/revisions"}],"wp:featuredmedia":[{"embeddable":true,"href":"https:\/\/sharewalker.com\/pt\/wp-json\/wp\/v2\/media\/1970"}],"wp:attachment":[{"href":"https:\/\/sharewalker.com\/pt\/wp-json\/wp\/v2\/media?parent=1968"}],"wp:term":[{"taxonomy":"product_brand","embeddable":true,"href":"https:\/\/sharewalker.com\/pt\/wp-json\/wp\/v2\/product_brand?post=1968"},{"taxonomy":"product_cat","embeddable":true,"href":"https:\/\/sharewalker.com\/pt\/wp-json\/wp\/v2\/product_cat?post=1968"},{"taxonomy":"product_tag","embeddable":true,"href":"https:\/\/sharewalker.com\/pt\/wp-json\/wp\/v2\/product_tag?post=1968"}],"curies":[{"name":"wp","href":"https:\/\/api.w.org\/{rel}","templated":true}]}}