{"id":2026,"date":"2025-03-24T14:04:05","date_gmt":"2025-03-24T06:04:05","guid":{"rendered":"https:\/\/sharewalker.com\/?post_type=product&#038;p=2026"},"modified":"2025-03-24T14:33:52","modified_gmt":"2025-03-24T06:33:52","slug":"enhanced-multi-language-e-commerce-rebate-system-stacked-group-financial-dispatching-12-language-automatic-order-matching-system","status":"publish","type":"product","link":"https:\/\/sharewalker.com\/pt\/produto\/sistema-melhorado-de-descontos-no-comercio-eletronico-em-varias-linguas-sistema-de-correspondencia-automatica-de-encomendas-em-12-linguas-para-grupos-financeiros-empilhados\/","title":{"rendered":"Sistema de desconto de com\u00e9rcio eletr\u00f3nico multilingue melhorado | Expedi\u00e7\u00e3o financeira de grupo empilhado | Sistema de correspond\u00eancia autom\u00e1tica de encomendas em 12 idiomas"},"content":{"rendered":"<p>Temos o prazer de anunciar o lan\u00e7amento do nosso sistema de descontos de com\u00e9rcio eletr\u00f3nico multilingue melhorado, que incorpora v\u00e1rias funcionalidades e optimiza\u00e7\u00f5es importantes para proporcionar uma experi\u00eancia de utilizador mais f\u00e1cil e eficiente.<\/p>\n<p>Principais actualiza\u00e7\u00f5es:<\/p>\n<p>Transac\u00e7\u00f5es unificadas: As fun\u00e7\u00f5es de levantamento e dep\u00f3sito de USDT e cart\u00e3o banc\u00e1rio est\u00e3o agora integradas, suportando o carregamento de vales para dep\u00f3sitos e permitindo que as defini\u00e7\u00f5es de idioma sejam controladas a partir do backend, aumentando a conveni\u00eancia operacional.<\/p>\n<p>Expedi\u00e7\u00e3o financeira de grupos empilhados: Introduziu configura\u00e7\u00f5es de inje\u00e7\u00e3o\/grupo empilhado com uma nova estrutura de backend. O sistema de gest\u00e3o de saldos passou a oferecer produtos financeiros a prazo fixo, incluindo prazos de um dia, sete dias, um m\u00eas e um ano, com retorno no vencimento.<\/p>\n<p>Suporte a v\u00e1rios idiomas: Adicionados os idiomas russo, polaco e \u00e1rabe, expandindo o suporte para 12 idiomas, com correspond\u00eancia autom\u00e1tica de encomendas para satisfazer as necessidades globais dos utilizadores.<\/p>\n<p>Apoio ao agente: Cada agente est\u00e1 agora equipado com um servi\u00e7o de apoio ao cliente dedicado, melhorando a efici\u00eancia da comunica\u00e7\u00e3o e a qualidade do servi\u00e7o.<\/p>\n<p>Otimiza\u00e7\u00e3o do sistema: Resolvidos os problemas de mudan\u00e7a de idioma, ativado o controlo de backend sobre as defini\u00e7\u00f5es de exibi\u00e7\u00e3o de idioma de frontend, integrado USDT e funcionalidades de cart\u00e3o banc\u00e1rio, e suportado uploads de voucher para dep\u00f3sitos de cart\u00e3o banc\u00e1rio.<\/p>\n<p>Gest\u00e3o de membros: O backend permite agora definir margens de inje\u00e7\u00e3o para os membros e atualizar as retiradas de endere\u00e7os U, aumentando a flexibilidade da gest\u00e3o financeira.<br \/>\nhaiwaichongzhi.com.cn<\/p>\n<p>Distribui\u00e7\u00e3o e descontos: Suporta um modelo de distribui\u00e7\u00e3o a tr\u00eas n\u00edveis, em que os membros podem convidar amigos atrav\u00e9s de c\u00f3digos QR para formar rela\u00e7\u00f5es de subordina\u00e7\u00e3o e obter rendimentos de descontos.<\/p>\n<p>Mecanismos de Incentivo: Permite a emiss\u00e3o autom\u00e1tica de pr\u00e9mios para registos e dep\u00f3sitos de membros, incentivando a participa\u00e7\u00e3o ativa dos utilizadores em promo\u00e7\u00f5es.<\/p>\n<p>Melhorias de desempenho: N\u00facleo do sistema optimizado para melhorar a velocidade de carregamento das p\u00e1ginas e a suavidade operacional, proporcionando uma melhor experi\u00eancia ao utilizador.<\/p>\n<p>Esta atualiza\u00e7\u00e3o visa oferecer aos utilizadores um servi\u00e7o financeiro de descontos mais completo e eficiente, satisfazendo diversas necessidades.<\/p>\n<div style=\"width: 2056px;\" class=\"wp-video\"><video class=\"wp-video-shortcode\" id=\"video-2026-1\" width=\"2056\" height=\"1080\" preload=\"metadata\" controls=\"controls\"><source type=\"video\/mp4\" src=\"https:\/\/sharewalker.com\/wp-content\/uploads\/2025\/03\/202407281722179056569362.mp4?_=1\" \/><a href=\"https:\/\/sharewalker.com\/wp-content\/uploads\/2025\/03\/202407281722179056569362.mp4\">https:\/\/sharewalker.com\/wp-content\/uploads\/2025\/03\/202407281722179056569362.mp4<\/a><\/video><\/div>\n<p><img fetchpriority=\"high\" decoding=\"async\" class=\"aligncenter size-full wp-image-2027\" src=\"https:\/\/sharewalker.com\/wp-content\/uploads\/2025\/03\/10001-1.webp\" alt=\"\" width=\"1134\" height=\"669\" \/> <img decoding=\"async\" class=\"aligncenter size-full wp-image-2028\" src=\"https:\/\/sharewalker.com\/wp-content\/uploads\/2025\/03\/10002-1.jpg\" alt=\"\" width=\"1134\" height=\"668\" \/> <img decoding=\"async\" class=\"aligncenter size-full wp-image-2029\" src=\"https:\/\/sharewalker.com\/wp-content\/uploads\/2025\/03\/10003-1.jpg\" alt=\"\" width=\"1134\" height=\"669\" \/> <img loading=\"lazy\" decoding=\"async\" class=\"aligncenter size-full wp-image-2030\" src=\"https:\/\/sharewalker.com\/wp-content\/uploads\/2025\/03\/10004-1.jpg\" alt=\"\" width=\"1134\" height=\"668\" \/> <img loading=\"lazy\" decoding=\"async\" class=\"aligncenter size-full wp-image-2031\" src=\"https:\/\/sharewalker.com\/wp-content\/uploads\/2025\/03\/10005-1.png\" alt=\"\" width=\"1920\" height=\"932\" \/> <img loading=\"lazy\" decoding=\"async\" class=\"aligncenter size-full wp-image-2032\" src=\"https:\/\/sharewalker.com\/wp-content\/uploads\/2025\/03\/10006-1.jpg\" alt=\"\" width=\"1134\" height=\"673\" srcset=\"https:\/\/sharewalker.com\/wp-content\/uploads\/2025\/03\/10006-1.jpg 1134w, https:\/\/sharewalker.com\/wp-content\/uploads\/2025\/03\/10006-1-300x178.jpg 300w, https:\/\/sharewalker.com\/wp-content\/uploads\/2025\/03\/10006-1-1024x608.jpg 1024w, https:\/\/sharewalker.com\/wp-content\/uploads\/2025\/03\/10006-1-768x456.jpg 768w\" sizes=\"(max-width: 1134px) 100vw, 1134px\" \/> <img loading=\"lazy\" decoding=\"async\" class=\"aligncenter size-full wp-image-2033\" src=\"https:\/\/sharewalker.com\/wp-content\/uploads\/2025\/03\/10007-1.png\" alt=\"\" width=\"1920\" height=\"928\" srcset=\"https:\/\/sharewalker.com\/wp-content\/uploads\/2025\/03\/10007-1.png 1920w, https:\/\/sharewalker.com\/wp-content\/uploads\/2025\/03\/10007-1-300x145.png 300w, https:\/\/sharewalker.com\/wp-content\/uploads\/2025\/03\/10007-1-1024x495.png 1024w, https:\/\/sharewalker.com\/wp-content\/uploads\/2025\/03\/10007-1-768x371.png 768w, https:\/\/sharewalker.com\/wp-content\/uploads\/2025\/03\/10007-1-1536x742.png 1536w\" sizes=\"(max-width: 1920px) 100vw, 1920px\" \/> <img loading=\"lazy\" decoding=\"async\" class=\"aligncenter size-full wp-image-2034\" src=\"https:\/\/sharewalker.com\/wp-content\/uploads\/2025\/03\/10008-1.png\" alt=\"\" width=\"1920\" height=\"929\" srcset=\"https:\/\/sharewalker.com\/wp-content\/uploads\/2025\/03\/10008-1.png 1920w, https:\/\/sharewalker.com\/wp-content\/uploads\/2025\/03\/10008-1-300x145.png 300w, https:\/\/sharewalker.com\/wp-content\/uploads\/2025\/03\/10008-1-1024x495.png 1024w, https:\/\/sharewalker.com\/wp-content\/uploads\/2025\/03\/10008-1-768x372.png 768w, https:\/\/sharewalker.com\/wp-content\/uploads\/2025\/03\/10008-1-1536x743.png 1536w\" sizes=\"(max-width: 1920px) 100vw, 1920px\" \/> <img loading=\"lazy\" decoding=\"async\" class=\"aligncenter size-full wp-image-2035\" src=\"https:\/\/sharewalker.com\/wp-content\/uploads\/2025\/03\/10009-1.jpg\" alt=\"\" width=\"1920\" height=\"933\" srcset=\"https:\/\/sharewalker.com\/wp-content\/uploads\/2025\/03\/10009-1.jpg 1920w, https:\/\/sharewalker.com\/wp-content\/uploads\/2025\/03\/10009-1-300x146.jpg 300w, https:\/\/sharewalker.com\/wp-content\/uploads\/2025\/03\/10009-1-1024x498.jpg 1024w, https:\/\/sharewalker.com\/wp-content\/uploads\/2025\/03\/10009-1-768x373.jpg 768w, https:\/\/sharewalker.com\/wp-content\/uploads\/2025\/03\/10009-1-1536x746.jpg 1536w\" sizes=\"(max-width: 1920px) 100vw, 1920px\" \/> <img loading=\"lazy\" decoding=\"async\" class=\"aligncenter size-full wp-image-2036\" src=\"https:\/\/sharewalker.com\/wp-content\/uploads\/2025\/03\/10010-1.png\" alt=\"\" width=\"1920\" height=\"932\" srcset=\"https:\/\/sharewalker.com\/wp-content\/uploads\/2025\/03\/10010-1.png 1920w, https:\/\/sharewalker.com\/wp-content\/uploads\/2025\/03\/10010-1-300x146.png 300w, https:\/\/sharewalker.com\/wp-content\/uploads\/2025\/03\/10010-1-1024x497.png 1024w, https:\/\/sharewalker.com\/wp-content\/uploads\/2025\/03\/10010-1-768x373.png 768w, https:\/\/sharewalker.com\/wp-content\/uploads\/2025\/03\/10010-1-1536x746.png 1536w\" sizes=\"(max-width: 1920px) 100vw, 1920px\" \/> <img loading=\"lazy\" decoding=\"async\" class=\"aligncenter size-full wp-image-2037\" src=\"https:\/\/sharewalker.com\/wp-content\/uploads\/2025\/03\/10011-1.png\" alt=\"\" width=\"1920\" height=\"926\" srcset=\"https:\/\/sharewalker.com\/wp-content\/uploads\/2025\/03\/10011-1.png 1920w, https:\/\/sharewalker.com\/wp-content\/uploads\/2025\/03\/10011-1-300x145.png 300w, https:\/\/sharewalker.com\/wp-content\/uploads\/2025\/03\/10011-1-1024x494.png 1024w, https:\/\/sharewalker.com\/wp-content\/uploads\/2025\/03\/10011-1-768x370.png 768w, https:\/\/sharewalker.com\/wp-content\/uploads\/2025\/03\/10011-1-1536x741.png 1536w\" sizes=\"(max-width: 1920px) 100vw, 1920px\" \/> <img loading=\"lazy\" decoding=\"async\" class=\"aligncenter size-full wp-image-2038\" src=\"https:\/\/sharewalker.com\/wp-content\/uploads\/2025\/03\/10012-1.png\" alt=\"\" width=\"1920\" height=\"928\" srcset=\"https:\/\/sharewalker.com\/wp-content\/uploads\/2025\/03\/10012-1.png 1920w, https:\/\/sharewalker.com\/wp-content\/uploads\/2025\/03\/10012-1-300x145.png 300w, https:\/\/sharewalker.com\/wp-content\/uploads\/2025\/03\/10012-1-1024x495.png 1024w, https:\/\/sharewalker.com\/wp-content\/uploads\/2025\/03\/10012-1-768x371.png 768w, https:\/\/sharewalker.com\/wp-content\/uploads\/2025\/03\/10012-1-1536x742.png 1536w\" sizes=\"(max-width: 1920px) 100vw, 1920px\" \/> <img loading=\"lazy\" decoding=\"async\" class=\"aligncenter size-full wp-image-2039\" src=\"https:\/\/sharewalker.com\/wp-content\/uploads\/2025\/03\/10013-1.png\" alt=\"\" width=\"1920\" height=\"930\" srcset=\"https:\/\/sharewalker.com\/wp-content\/uploads\/2025\/03\/10013-1.png 1920w, https:\/\/sharewalker.com\/wp-content\/uploads\/2025\/03\/10013-1-300x145.png 300w, https:\/\/sharewalker.com\/wp-content\/uploads\/2025\/03\/10013-1-1024x496.png 1024w, https:\/\/sharewalker.com\/wp-content\/uploads\/2025\/03\/10013-1-768x372.png 768w, https:\/\/sharewalker.com\/wp-content\/uploads\/2025\/03\/10013-1-1536x744.png 1536w\" sizes=\"(max-width: 1920px) 100vw, 1920px\" \/> <img loading=\"lazy\" decoding=\"async\" class=\"aligncenter size-full wp-image-2040\" src=\"https:\/\/sharewalker.com\/wp-content\/uploads\/2025\/03\/10014.png\" alt=\"\" width=\"1920\" height=\"932\" srcset=\"https:\/\/sharewalker.com\/wp-content\/uploads\/2025\/03\/10014.png 1920w, https:\/\/sharewalker.com\/wp-content\/uploads\/2025\/03\/10014-300x146.png 300w, https:\/\/sharewalker.com\/wp-content\/uploads\/2025\/03\/10014-1024x497.png 1024w, https:\/\/sharewalker.com\/wp-content\/uploads\/2025\/03\/10014-768x373.png 768w, https:\/\/sharewalker.com\/wp-content\/uploads\/2025\/03\/10014-1536x746.png 1536w\" sizes=\"(max-width: 1920px) 100vw, 1920px\" \/><\/p>","protected":false},"excerpt":{"rendered":"<p>Um sistema de descontos de com\u00e9rcio eletr\u00f3nico multilingue atualizado que suporta 12 idiomas, integrando USDT e transac\u00e7\u00f5es com cart\u00f5es banc\u00e1rios, introduzindo o envio financeiro de grupos empilhados e optimizando o desempenho do sistema para melhorar a experi\u00eancia e a efici\u00eancia do utilizador.<\/p>\n<div id=\"gtx-trans\" style=\"position: absolute; left: -207px; top: -3px;\">\n<div class=\"gtx-trans-icon\"><\/div>\n<\/div>","protected":false},"featured_media":2027,"comment_status":"open","ping_status":"closed","template":"","meta":{"_uag_custom_page_level_css":"","site-sidebar-layout":"default","site-content-layout":"","ast-site-content-layout":"default","site-content-style":"default","site-sidebar-style":"default","ast-global-header-display":"","ast-banner-title-visibility":"","ast-main-header-display":"","ast-hfb-above-header-display":"","ast-hfb-below-header-display":"","ast-hfb-mobile-header-display":"","site-post-title":"","ast-breadcrumbs-content":"","ast-featured-img":"","footer-sml-layout":"","theme-transparent-header-meta":"default","adv-header-id-meta":"","stick-header-meta":"","header-above-stick-meta":"","header-main-stick-meta":"","header-below-stick-meta":"","astra-migrate-meta-layouts":"set","ast-page-background-enabled":"default","ast-page-background-meta":{"desktop":{"background-color":"var(--ast-global-color-4)","background-image":"","background-repeat":"repeat","background-position":"center center","background-size":"auto","background-attachment":"scroll","background-type":"","background-media":"","overlay-type":"","overlay-color":"","overlay-opacity":"","overlay-gradient":""},"tablet":{"background-color":"","background-image":"","background-repeat":"repeat","background-position":"center center","background-size":"auto","background-attachment":"scroll","background-type":"","background-media":"","overlay-type":"","overlay-color":"","overlay-opacity":"","overlay-gradient":""},"mobile":{"background-color":"","background-image":"","background-repeat":"repeat","background-position":"center center","background-size":"auto","background-attachment":"scroll","background-type":"","background-media":"","overlay-type":"","overlay-color":"","overlay-opacity":"","overlay-gradient":""}},"ast-content-background-meta":{"desktop":{"background-color":"var(--ast-global-color-5)","background-image":"","background-repeat":"repeat","background-position":"center center","background-size":"auto","background-attachment":"scroll","background-type":"","background-media":"","overlay-type":"","overlay-color":"","overlay-opacity":"","overlay-gradient":""},"tablet":{"background-color":"var(--ast-global-color-5)","background-image":"","background-repeat":"repeat","background-position":"center center","background-size":"auto","background-attachment":"scroll","background-type":"","background-media":"","overlay-type":"","overlay-color":"","overlay-opacity":"","overlay-gradient":""},"mobile":{"background-color":"var(--ast-global-color-5)","background-image":"","background-repeat":"repeat","background-position":"center center","background-size":"auto","background-attachment":"scroll","background-type":"","background-media":"","overlay-type":"","overlay-color":"","overlay-opacity":"","overlay-gradient":""}}},"product_brand":[],"product_cat":[59],"product_tag":[95,90,93,92,88,89,96,94,91],"class_list":{"0":"post-2026","1":"product","2":"type-product","3":"status-publish","4":"has-post-thumbnail","6":"product_cat-order-sniping-order-manipulation","7":"product_tag-agent-support","8":"product_tag-automatic-order-matching","9":"product_tag-balance-management","10":"product_tag-bank-card-deposits","11":"product_tag-multi-language-e-commerce","12":"product_tag-rebate-system","13":"product_tag-system-optimization","14":"product_tag-three-level-distribution","15":"product_tag-usdt-withdrawals","16":"desktop-align-left","17":"tablet-align-left","18":"mobile-align-left","20":"first","21":"instock","22":"shipping-taxable","23":"product-type-simple"},"uagb_featured_image_src":{"full":["https:\/\/sharewalker.com\/wp-content\/uploads\/2025\/03\/10001-1-e1742796235696.webp",400,400,false],"thumbnail":["https:\/\/sharewalker.com\/wp-content\/uploads\/2025\/03\/10001-1-e1742796235696-150x150.webp",150,150,true],"medium":["https:\/\/sharewalker.com\/wp-content\/uploads\/2025\/03\/10001-1-e1742796235696-300x300.webp",300,300,true],"medium_large":["https:\/\/sharewalker.com\/wp-content\/uploads\/2025\/03\/10001-1-768x453.webp",768,453,true],"large":["https:\/\/sharewalker.com\/wp-content\/uploads\/2025\/03\/10001-1-1024x604.webp",1024,604,true],"1536x1536":["https:\/\/sharewalker.com\/wp-content\/uploads\/2025\/03\/10001-1-e1742796235696.webp",400,400,false],"2048x2048":["https:\/\/sharewalker.com\/wp-content\/uploads\/2025\/03\/10001-1-e1742796235696.webp",400,400,false],"trp-custom-language-flag":["https:\/\/sharewalker.com\/wp-content\/uploads\/2025\/03\/10001-1-e1742796235696.webp",12,12,false],"woocommerce_thumbnail":["https:\/\/sharewalker.com\/wp-content\/uploads\/2025\/03\/10001-1-e1742796235696-300x300.webp",300,300,true],"woocommerce_single":["https:\/\/sharewalker.com\/wp-content\/uploads\/2025\/03\/10001-1-e1742796235696-300x300.webp",300,300,true],"woocommerce_gallery_thumbnail":["https:\/\/sharewalker.com\/wp-content\/uploads\/2025\/03\/10001-1-e1742796235696-100x100.webp",100,100,true]},"uagb_author_info":{"display_name":"admin","author_link":"https:\/\/sharewalker.com\/pt\/author\/"},"uagb_comment_info":0,"uagb_excerpt":"An upgraded multi-language e-commerce rebate system supporting 12 languages, integrating USDT and bank card transactions, introducing stacked group financial dispatching, and optimizing system performance for improved user experience and efficiency.\u200b","_links":{"self":[{"href":"https:\/\/sharewalker.com\/pt\/wp-json\/wp\/v2\/product\/2026","targetHints":{"allow":["GET"]}}],"collection":[{"href":"https:\/\/sharewalker.com\/pt\/wp-json\/wp\/v2\/product"}],"about":[{"href":"https:\/\/sharewalker.com\/pt\/wp-json\/wp\/v2\/types\/product"}],"replies":[{"embeddable":true,"href":"https:\/\/sharewalker.com\/pt\/wp-json\/wp\/v2\/comments?post=2026"}],"version-history":[{"count":0,"href":"https:\/\/sharewalker.com\/pt\/wp-json\/wp\/v2\/product\/2026\/revisions"}],"wp:featuredmedia":[{"embeddable":true,"href":"https:\/\/sharewalker.com\/pt\/wp-json\/wp\/v2\/media\/2027"}],"wp:attachment":[{"href":"https:\/\/sharewalker.com\/pt\/wp-json\/wp\/v2\/media?parent=2026"}],"wp:term":[{"taxonomy":"product_brand","embeddable":true,"href":"https:\/\/sharewalker.com\/pt\/wp-json\/wp\/v2\/product_brand?post=2026"},{"taxonomy":"product_cat","embeddable":true,"href":"https:\/\/sharewalker.com\/pt\/wp-json\/wp\/v2\/product_cat?post=2026"},{"taxonomy":"product_tag","embeddable":true,"href":"https:\/\/sharewalker.com\/pt\/wp-json\/wp\/v2\/product_tag?post=2026"}],"curies":[{"name":"wp","href":"https:\/\/api.w.org\/{rel}","templated":true}]}}