{"id":2097,"date":"2025-03-24T16:26:40","date_gmt":"2025-03-24T08:26:40","guid":{"rendered":"https:\/\/sharewalker.com\/?post_type=product&#038;p=2097"},"modified":"2025-03-24T16:26:40","modified_gmt":"2025-03-24T08:26:40","slug":"overseas-multi-language-order-grabbing-mall-custom-developed-overseas-order-grabbing-system-automatic-order-matching-group-management-onboarding-image-generation","status":"publish","type":"product","link":"https:\/\/sharewalker.com\/pt\/produto\/centro-de-rececao-de-encomendas-multilingue-no-estrangeiro-desenvolvido-a-medida-sistema-de-rececao-de-encomendas-no-estrangeiro-correspondencia-automatica-de-encomendas-gestao-de-grupos-integracao-ge\/","title":{"rendered":"Centro de capta\u00e7\u00e3o de encomendas no estrangeiro em v\u00e1rios idiomas | Sistema de capta\u00e7\u00e3o de encomendas no estrangeiro desenvolvido \u00e0 medida | Correspond\u00eancia autom\u00e1tica de encomendas | Gest\u00e3o de grupos | Gera\u00e7\u00e3o de imagens de integra\u00e7\u00e3o"},"content":{"rendered":"<p>Lan\u00e7\u00e1mos um sistema de recolha de encomendas no estrangeiro recentemente personalizado, concebido para proporcionar aos utilizadores de todo o mundo uma experi\u00eancia de gest\u00e3o de encomendas eficiente e flex\u00edvel. O sistema introduz uma funcionalidade de gera\u00e7\u00e3o de imagens de integra\u00e7\u00e3o para simplificar o processo de integra\u00e7\u00e3o. O frontend suporta v\u00e1rias op\u00e7\u00f5es de idioma e o backend permite que os administradores definam o idioma e o fuso hor\u00e1rio padr\u00e3o, facilitando configura\u00e7\u00f5es personalizadas.<\/p>\n<p>Carater\u00edsticas principais:<\/p>\n<p>Correspond\u00eancia autom\u00e1tica de encomendas: O sistema faz a correspond\u00eancia inteligente de encomendas para aumentar a efici\u00eancia do processamento.<\/p>\n<p>Gest\u00e3o de grupos: Suporta o agrupamento de utilizadores para uma gest\u00e3o e opera\u00e7\u00f5es simplificadas.<\/p>\n<p>Gera\u00e7\u00e3o de imagens de integra\u00e7\u00e3o: Introduz uma funcionalidade de gera\u00e7\u00e3o de imagens de integra\u00e7\u00e3o para melhorar a experi\u00eancia de integra\u00e7\u00e3o.<\/p>\n<p>Restri\u00e7\u00f5es de registo IP: Permite definir limites de registo de IP para aumentar a seguran\u00e7a do sistema.<\/p>\n<p>Configura\u00e7\u00e3o do fuso hor\u00e1rio do sistema: Os administradores podem configurar o fuso hor\u00e1rio do sistema para garantir defini\u00e7\u00f5es de hora exactas.<\/p>\n<p>An\u00fancios de mensagens em massa no site: Permite o envio de mensagens em massa dentro do site para melhorar a efici\u00eancia da comunica\u00e7\u00e3o.<\/p>\n<p>Al\u00e9m disso, o sistema suporta o desenvolvimento personalizado da interface do utilizador e o desenvolvimento secund\u00e1rio para responder a requisitos espec\u00edficos, ajudando \u00e0 expans\u00e3o do neg\u00f3cio.<\/p>\n<p><img fetchpriority=\"high\" decoding=\"async\" class=\"aligncenter size-full wp-image-2099\" src=\"https:\/\/sharewalker.com\/wp-content\/uploads\/2025\/03\/10002-4.png\" alt=\"\" width=\"383\" height=\"784\" srcset=\"https:\/\/sharewalker.com\/wp-content\/uploads\/2025\/03\/10002-4.png 383w, https:\/\/sharewalker.com\/wp-content\/uploads\/2025\/03\/10002-4-300x614.png 300w, https:\/\/sharewalker.com\/wp-content\/uploads\/2025\/03\/10002-4-147x300.png 147w\" sizes=\"(max-width: 383px) 100vw, 383px\" \/> <img decoding=\"async\" class=\"aligncenter size-full wp-image-2100\" src=\"https:\/\/sharewalker.com\/wp-content\/uploads\/2025\/03\/10003-3.png\" alt=\"\" width=\"380\" height=\"781\" srcset=\"https:\/\/sharewalker.com\/wp-content\/uploads\/2025\/03\/10003-3.png 380w, https:\/\/sharewalker.com\/wp-content\/uploads\/2025\/03\/10003-3-300x617.png 300w, https:\/\/sharewalker.com\/wp-content\/uploads\/2025\/03\/10003-3-146x300.png 146w\" sizes=\"(max-width: 380px) 100vw, 380px\" \/> <img decoding=\"async\" class=\"aligncenter size-full wp-image-2101\" src=\"https:\/\/sharewalker.com\/wp-content\/uploads\/2025\/03\/10004-4.png\" alt=\"\" width=\"384\" height=\"777\" srcset=\"https:\/\/sharewalker.com\/wp-content\/uploads\/2025\/03\/10004-4.png 384w, https:\/\/sharewalker.com\/wp-content\/uploads\/2025\/03\/10004-4-300x607.png 300w, https:\/\/sharewalker.com\/wp-content\/uploads\/2025\/03\/10004-4-148x300.png 148w\" sizes=\"(max-width: 384px) 100vw, 384px\" \/> <img loading=\"lazy\" decoding=\"async\" class=\"aligncenter size-full wp-image-2102\" src=\"https:\/\/sharewalker.com\/wp-content\/uploads\/2025\/03\/10005-4.png\" alt=\"\" width=\"381\" height=\"779\" srcset=\"https:\/\/sharewalker.com\/wp-content\/uploads\/2025\/03\/10005-4.png 381w, https:\/\/sharewalker.com\/wp-content\/uploads\/2025\/03\/10005-4-300x613.png 300w, https:\/\/sharewalker.com\/wp-content\/uploads\/2025\/03\/10005-4-147x300.png 147w\" sizes=\"(max-width: 381px) 100vw, 381px\" \/> <img loading=\"lazy\" decoding=\"async\" class=\"aligncenter size-full wp-image-2103\" src=\"https:\/\/sharewalker.com\/wp-content\/uploads\/2025\/03\/10006-5.png\" alt=\"\" width=\"406\" height=\"780\" srcset=\"https:\/\/sharewalker.com\/wp-content\/uploads\/2025\/03\/10006-5.png 406w, https:\/\/sharewalker.com\/wp-content\/uploads\/2025\/03\/10006-5-300x576.png 300w, https:\/\/sharewalker.com\/wp-content\/uploads\/2025\/03\/10006-5-156x300.png 156w\" sizes=\"(max-width: 406px) 100vw, 406px\" \/> <img loading=\"lazy\" decoding=\"async\" class=\"aligncenter size-full wp-image-2104\" src=\"https:\/\/sharewalker.com\/wp-content\/uploads\/2025\/03\/10007-6.png\" alt=\"\" width=\"403\" height=\"776\" srcset=\"https:\/\/sharewalker.com\/wp-content\/uploads\/2025\/03\/10007-6.png 403w, https:\/\/sharewalker.com\/wp-content\/uploads\/2025\/03\/10007-6-300x578.png 300w, https:\/\/sharewalker.com\/wp-content\/uploads\/2025\/03\/10007-6-156x300.png 156w\" sizes=\"(max-width: 403px) 100vw, 403px\" \/> <img loading=\"lazy\" decoding=\"async\" class=\"aligncenter size-full wp-image-2105\" src=\"https:\/\/sharewalker.com\/wp-content\/uploads\/2025\/03\/10008-4.png\" alt=\"\" width=\"406\" height=\"778\" srcset=\"https:\/\/sharewalker.com\/wp-content\/uploads\/2025\/03\/10008-4.png 406w, https:\/\/sharewalker.com\/wp-content\/uploads\/2025\/03\/10008-4-300x575.png 300w, https:\/\/sharewalker.com\/wp-content\/uploads\/2025\/03\/10008-4-157x300.png 157w\" sizes=\"(max-width: 406px) 100vw, 406px\" \/> <img loading=\"lazy\" decoding=\"async\" class=\"aligncenter size-full wp-image-2106\" src=\"https:\/\/sharewalker.com\/wp-content\/uploads\/2025\/03\/10009-4.png\" alt=\"\" width=\"406\" height=\"772\" srcset=\"https:\/\/sharewalker.com\/wp-content\/uploads\/2025\/03\/10009-4.png 406w, https:\/\/sharewalker.com\/wp-content\/uploads\/2025\/03\/10009-4-300x570.png 300w, https:\/\/sharewalker.com\/wp-content\/uploads\/2025\/03\/10009-4-158x300.png 158w\" sizes=\"(max-width: 406px) 100vw, 406px\" \/> <img loading=\"lazy\" decoding=\"async\" class=\"aligncenter size-full wp-image-2107\" src=\"https:\/\/sharewalker.com\/wp-content\/uploads\/2025\/03\/10010-5.png\" alt=\"\" width=\"405\" height=\"777\" srcset=\"https:\/\/sharewalker.com\/wp-content\/uploads\/2025\/03\/10010-5.png 405w, https:\/\/sharewalker.com\/wp-content\/uploads\/2025\/03\/10010-5-300x576.png 300w, https:\/\/sharewalker.com\/wp-content\/uploads\/2025\/03\/10010-5-156x300.png 156w\" sizes=\"(max-width: 405px) 100vw, 405px\" \/> <img loading=\"lazy\" decoding=\"async\" class=\"aligncenter size-full wp-image-2108\" src=\"https:\/\/sharewalker.com\/wp-content\/uploads\/2025\/03\/10011-3.png\" alt=\"\" width=\"406\" height=\"778\" srcset=\"https:\/\/sharewalker.com\/wp-content\/uploads\/2025\/03\/10011-3.png 406w, https:\/\/sharewalker.com\/wp-content\/uploads\/2025\/03\/10011-3-300x575.png 300w, https:\/\/sharewalker.com\/wp-content\/uploads\/2025\/03\/10011-3-157x300.png 157w\" sizes=\"(max-width: 406px) 100vw, 406px\" \/> <img loading=\"lazy\" decoding=\"async\" class=\"aligncenter size-full wp-image-2110\" src=\"https:\/\/sharewalker.com\/wp-content\/uploads\/2025\/03\/10013-2.png\" alt=\"\" width=\"405\" height=\"775\" srcset=\"https:\/\/sharewalker.com\/wp-content\/uploads\/2025\/03\/10013-2.png 405w, https:\/\/sharewalker.com\/wp-content\/uploads\/2025\/03\/10013-2-300x574.png 300w, https:\/\/sharewalker.com\/wp-content\/uploads\/2025\/03\/10013-2-157x300.png 157w\" sizes=\"(max-width: 405px) 100vw, 405px\" \/><\/p>\n<p><img decoding=\"async\" src=\"https:\/\/sharewalker.com\/wp-content\/uploads\/2025\/03\/10012-3.png\" \/> <img loading=\"lazy\" decoding=\"async\" class=\"aligncenter size-full wp-image-2111\" src=\"https:\/\/sharewalker.com\/wp-content\/uploads\/2025\/03\/10014-1.png\" alt=\"\" width=\"1919\" height=\"970\" srcset=\"https:\/\/sharewalker.com\/wp-content\/uploads\/2025\/03\/10014-1.png 1919w, https:\/\/sharewalker.com\/wp-content\/uploads\/2025\/03\/10014-1-300x152.png 300w, https:\/\/sharewalker.com\/wp-content\/uploads\/2025\/03\/10014-1-1024x518.png 1024w, https:\/\/sharewalker.com\/wp-content\/uploads\/2025\/03\/10014-1-768x388.png 768w, https:\/\/sharewalker.com\/wp-content\/uploads\/2025\/03\/10014-1-1536x776.png 1536w\" sizes=\"(max-width: 1919px) 100vw, 1919px\" \/> <img loading=\"lazy\" decoding=\"async\" class=\"aligncenter size-full wp-image-2112\" src=\"https:\/\/sharewalker.com\/wp-content\/uploads\/2025\/03\/10015.png\" alt=\"\" width=\"1920\" height=\"963\" srcset=\"https:\/\/sharewalker.com\/wp-content\/uploads\/2025\/03\/10015.png 1920w, https:\/\/sharewalker.com\/wp-content\/uploads\/2025\/03\/10015-300x150.png 300w, https:\/\/sharewalker.com\/wp-content\/uploads\/2025\/03\/10015-1024x514.png 1024w, https:\/\/sharewalker.com\/wp-content\/uploads\/2025\/03\/10015-768x385.png 768w, https:\/\/sharewalker.com\/wp-content\/uploads\/2025\/03\/10015-1536x770.png 1536w\" sizes=\"(max-width: 1920px) 100vw, 1920px\" \/> <img loading=\"lazy\" decoding=\"async\" class=\"aligncenter size-full wp-image-2113\" src=\"https:\/\/sharewalker.com\/wp-content\/uploads\/2025\/03\/10016.png\" alt=\"\" width=\"1920\" height=\"963\" srcset=\"https:\/\/sharewalker.com\/wp-content\/uploads\/2025\/03\/10016.png 1920w, https:\/\/sharewalker.com\/wp-content\/uploads\/2025\/03\/10016-300x150.png 300w, https:\/\/sharewalker.com\/wp-content\/uploads\/2025\/03\/10016-1024x514.png 1024w, https:\/\/sharewalker.com\/wp-content\/uploads\/2025\/03\/10016-768x385.png 768w, https:\/\/sharewalker.com\/wp-content\/uploads\/2025\/03\/10016-1536x770.png 1536w\" sizes=\"(max-width: 1920px) 100vw, 1920px\" \/> <img loading=\"lazy\" decoding=\"async\" class=\"aligncenter size-full wp-image-2114\" src=\"https:\/\/sharewalker.com\/wp-content\/uploads\/2025\/03\/10017.png\" alt=\"\" width=\"1920\" height=\"963\" srcset=\"https:\/\/sharewalker.com\/wp-content\/uploads\/2025\/03\/10017.png 1920w, https:\/\/sharewalker.com\/wp-content\/uploads\/2025\/03\/10017-300x150.png 300w, https:\/\/sharewalker.com\/wp-content\/uploads\/2025\/03\/10017-1024x514.png 1024w, https:\/\/sharewalker.com\/wp-content\/uploads\/2025\/03\/10017-768x385.png 768w, https:\/\/sharewalker.com\/wp-content\/uploads\/2025\/03\/10017-1536x770.png 1536w\" sizes=\"(max-width: 1920px) 100vw, 1920px\" \/> <img loading=\"lazy\" decoding=\"async\" class=\"aligncenter size-full wp-image-2115\" src=\"https:\/\/sharewalker.com\/wp-content\/uploads\/2025\/03\/10018.png\" alt=\"\" width=\"1920\" height=\"960\" srcset=\"https:\/\/sharewalker.com\/wp-content\/uploads\/2025\/03\/10018.png 1920w, https:\/\/sharewalker.com\/wp-content\/uploads\/2025\/03\/10018-300x150.png 300w, https:\/\/sharewalker.com\/wp-content\/uploads\/2025\/03\/10018-1024x512.png 1024w, https:\/\/sharewalker.com\/wp-content\/uploads\/2025\/03\/10018-768x384.png 768w, https:\/\/sharewalker.com\/wp-content\/uploads\/2025\/03\/10018-1536x768.png 1536w\" sizes=\"(max-width: 1920px) 100vw, 1920px\" \/><\/p>","protected":false},"excerpt":{"rendered":"<p>Este sistema oferece uma interface de utilizador frontal recentemente personalizada com uma funcionalidade de gera\u00e7\u00e3o de imagens de integra\u00e7\u00e3o. O frontend suporta v\u00e1rios idiomas e o backend permite o controlo das defini\u00e7\u00f5es de idioma e fuso hor\u00e1rio predefinidos. As funcionalidades incluem restri\u00e7\u00f5es de registo de IP, configura\u00e7\u00e3o do fuso hor\u00e1rio do sistema e an\u00fancios de mensagens em massa no local, satisfazendo diversas necessidades operacionais.<\/p>","protected":false},"featured_media":2098,"comment_status":"open","ping_status":"closed","template":"","meta":{"_uag_custom_page_level_css":"","site-sidebar-layout":"default","site-content-layout":"","ast-site-content-layout":"default","site-content-style":"default","site-sidebar-style":"default","ast-global-header-display":"","ast-banner-title-visibility":"","ast-main-header-display":"","ast-hfb-above-header-display":"","ast-hfb-below-header-display":"","ast-hfb-mobile-header-display":"","site-post-title":"","ast-breadcrumbs-content":"","ast-featured-img":"","footer-sml-layout":"","theme-transparent-header-meta":"default","adv-header-id-meta":"","stick-header-meta":"","header-above-stick-meta":"","header-main-stick-meta":"","header-below-stick-meta":"","astra-migrate-meta-layouts":"set","ast-page-background-enabled":"default","ast-page-background-meta":{"desktop":{"background-color":"var(--ast-global-color-4)","background-image":"","background-repeat":"repeat","background-position":"center center","background-size":"auto","background-attachment":"scroll","background-type":"","background-media":"","overlay-type":"","overlay-color":"","overlay-opacity":"","overlay-gradient":""},"tablet":{"background-color":"","background-image":"","background-repeat":"repeat","background-position":"center center","background-size":"auto","background-attachment":"scroll","background-type":"","background-media":"","overlay-type":"","overlay-color":"","overlay-opacity":"","overlay-gradient":""},"mobile":{"background-color":"","background-image":"","background-repeat":"repeat","background-position":"center center","background-size":"auto","background-attachment":"scroll","background-type":"","background-media":"","overlay-type":"","overlay-color":"","overlay-opacity":"","overlay-gradient":""}},"ast-content-background-meta":{"desktop":{"background-color":"var(--ast-global-color-5)","background-image":"","background-repeat":"repeat","background-position":"center center","background-size":"auto","background-attachment":"scroll","background-type":"","background-media":"","overlay-type":"","overlay-color":"","overlay-opacity":"","overlay-gradient":""},"tablet":{"background-color":"var(--ast-global-color-5)","background-image":"","background-repeat":"repeat","background-position":"center center","background-size":"auto","background-attachment":"scroll","background-type":"","background-media":"","overlay-type":"","overlay-color":"","overlay-opacity":"","overlay-gradient":""},"mobile":{"background-color":"var(--ast-global-color-5)","background-image":"","background-repeat":"repeat","background-position":"center center","background-size":"auto","background-attachment":"scroll","background-type":"","background-media":"","overlay-type":"","overlay-color":"","overlay-opacity":"","overlay-gradient":""}}},"product_brand":[],"product_cat":[59],"product_tag":[],"class_list":{"0":"post-2097","1":"product","2":"type-product","3":"status-publish","4":"has-post-thumbnail","6":"product_cat-order-sniping-order-manipulation","7":"desktop-align-left","8":"tablet-align-left","9":"mobile-align-left","11":"first","12":"instock","13":"shipping-taxable","14":"product-type-simple"},"uagb_featured_image_src":{"full":["https:\/\/sharewalker.com\/wp-content\/uploads\/2025\/03\/10001-3-e1742804758138.jpg",300,300,false],"thumbnail":["https:\/\/sharewalker.com\/wp-content\/uploads\/2025\/03\/10001-3-e1742804758138-150x150.jpg",150,150,true],"medium":["https:\/\/sharewalker.com\/wp-content\/uploads\/2025\/03\/10001-3-300x200.jpg",300,200,true],"medium_large":["https:\/\/sharewalker.com\/wp-content\/uploads\/2025\/03\/10001-3-e1742804758138.jpg",300,300,false],"large":["https:\/\/sharewalker.com\/wp-content\/uploads\/2025\/03\/10001-3-e1742804758138.jpg",300,300,false],"1536x1536":["https:\/\/sharewalker.com\/wp-content\/uploads\/2025\/03\/10001-3-e1742804758138.jpg",300,300,false],"2048x2048":["https:\/\/sharewalker.com\/wp-content\/uploads\/2025\/03\/10001-3-e1742804758138.jpg",300,300,false],"trp-custom-language-flag":["https:\/\/sharewalker.com\/wp-content\/uploads\/2025\/03\/10001-3-e1742804758138.jpg",12,12,false],"woocommerce_thumbnail":["https:\/\/sharewalker.com\/wp-content\/uploads\/2025\/03\/10001-3-300x300.jpg",300,300,true],"woocommerce_single":["https:\/\/sharewalker.com\/wp-content\/uploads\/2025\/03\/10001-3-e1742804758138.jpg",300,300,false],"woocommerce_gallery_thumbnail":["https:\/\/sharewalker.com\/wp-content\/uploads\/2025\/03\/10001-3-e1742804758138-100x100.jpg",100,100,true]},"uagb_author_info":{"display_name":"admin","author_link":"https:\/\/sharewalker.com\/pt\/author\/"},"uagb_comment_info":0,"uagb_excerpt":"This system offers a newly customized frontend UI with an onboarding image generation feature. The frontend supports multiple languages, and the backend allows control over default language and timezone settings. Features include IP registration restrictions, system timezone configuration, and mass in-site message announcements, catering to diverse operational needs.\u200b","_links":{"self":[{"href":"https:\/\/sharewalker.com\/pt\/wp-json\/wp\/v2\/product\/2097","targetHints":{"allow":["GET"]}}],"collection":[{"href":"https:\/\/sharewalker.com\/pt\/wp-json\/wp\/v2\/product"}],"about":[{"href":"https:\/\/sharewalker.com\/pt\/wp-json\/wp\/v2\/types\/product"}],"replies":[{"embeddable":true,"href":"https:\/\/sharewalker.com\/pt\/wp-json\/wp\/v2\/comments?post=2097"}],"version-history":[{"count":0,"href":"https:\/\/sharewalker.com\/pt\/wp-json\/wp\/v2\/product\/2097\/revisions"}],"wp:featuredmedia":[{"embeddable":true,"href":"https:\/\/sharewalker.com\/pt\/wp-json\/wp\/v2\/media\/2098"}],"wp:attachment":[{"href":"https:\/\/sharewalker.com\/pt\/wp-json\/wp\/v2\/media?parent=2097"}],"wp:term":[{"taxonomy":"product_brand","embeddable":true,"href":"https:\/\/sharewalker.com\/pt\/wp-json\/wp\/v2\/product_brand?post=2097"},{"taxonomy":"product_cat","embeddable":true,"href":"https:\/\/sharewalker.com\/pt\/wp-json\/wp\/v2\/product_cat?post=2097"},{"taxonomy":"product_tag","embeddable":true,"href":"https:\/\/sharewalker.com\/pt\/wp-json\/wp\/v2\/product_tag?post=2097"}],"curies":[{"name":"wp","href":"https:\/\/api.w.org\/{rel}","templated":true}]}}