{"id":2141,"date":"2025-03-24T16:40:13","date_gmt":"2025-03-24T08:40:13","guid":{"rendered":"https:\/\/sharewalker.com\/?post_type=product&#038;p=2141"},"modified":"2025-03-24T16:40:13","modified_gmt":"2025-03-24T08:40:13","slug":"second-development-version-overseas-order-grabbing-system-order-grabbing-and-brushing-system-group-linked-order-control-automatic-order-matching","status":"publish","type":"product","link":"https:\/\/sharewalker.com\/pt\/produto\/segunda-versao-de-desenvolvimento-sistema-de-recolha-de-encomendas-no-estrangeiro-sistema-de-recolha-de-encomendas-e-escovagem-controlo-de-encomendas-ligadas-em-grupo-correspondencia-automatica-de-enc\/","title":{"rendered":"Segunda vers\u00e3o de desenvolvimento Sistema de recolha de encomendas no estrangeiro | Sistema de recolha e escovagem de encomendas | Controlo de encomendas ligadas a grupos | Correspond\u00eancia autom\u00e1tica de encomendas"},"content":{"rendered":"<p>O sistema suporta v\u00e1rias funcionalidades, incluindo o controlo de encomendas ligadas a grupos, a gera\u00e7\u00e3o de imagens de integra\u00e7\u00e3o e a edi\u00e7\u00e3o de encomendas para renova\u00e7\u00e3o ou descongelamento, indo ao encontro de diversas necessidades empresariais.<\/p>\n<p>Carater\u00edsticas principais:<\/p>\n<p>Controlo de encomendas ligadas a grupos: Suporta defini\u00e7\u00f5es de encomendas ligadas a grupos para uma gest\u00e3o conveniente do agrupamento de encomendas.<\/p>\n<p>Gera\u00e7\u00e3o de imagens de integra\u00e7\u00e3o: Fornece a funcionalidade de gera\u00e7\u00e3o de imagens de integra\u00e7\u00e3o para simplificar o processo de registo de novos utilizadores.<\/p>\n<p>Edi\u00e7\u00e3o de encomendas para renova\u00e7\u00e3o ou descongelamento: Permite aos utilizadores editar encomendas para opera\u00e7\u00f5es de renova\u00e7\u00e3o ou descongelamento, oferecendo uma gest\u00e3o flex\u00edvel do estado das encomendas.<\/p>\n<p>Suporte a v\u00e1rios idiomas: O frontend vem com v\u00e1rios pacotes de idiomas que os utilizadores podem adicionar conforme necess\u00e1rio. O backend permite definir o idioma predefinido e controlar o interrutor de sele\u00e7\u00e3o de idioma do frontend.<\/p>\n<p>Al\u00e9m disso, o sistema inclui funcionalidades como restri\u00e7\u00f5es de registo de IP, configura\u00e7\u00e3o do fuso hor\u00e1rio do sistema e mensagens em massa para an\u00fancios internos, melhorando ainda mais a seguran\u00e7a do sistema e a experi\u00eancia do utilizador.<\/p>\n<p><img fetchpriority=\"high\" decoding=\"async\" class=\"aligncenter size-full wp-image-2142\" src=\"https:\/\/sharewalker.com\/wp-content\/uploads\/2025\/03\/10001-5.jpg\" alt=\"\" width=\"494\" height=\"300\" \/> <img decoding=\"async\" class=\"aligncenter size-full wp-image-2143\" src=\"https:\/\/sharewalker.com\/wp-content\/uploads\/2025\/03\/10002-6.png\" alt=\"\" width=\"423\" height=\"776\" srcset=\"https:\/\/sharewalker.com\/wp-content\/uploads\/2025\/03\/10002-6.png 423w, https:\/\/sharewalker.com\/wp-content\/uploads\/2025\/03\/10002-6-300x550.png 300w, https:\/\/sharewalker.com\/wp-content\/uploads\/2025\/03\/10002-6-164x300.png 164w\" sizes=\"(max-width: 423px) 100vw, 423px\" \/> <img decoding=\"async\" class=\"aligncenter size-full wp-image-2144\" src=\"https:\/\/sharewalker.com\/wp-content\/uploads\/2025\/03\/10003-5.png\" alt=\"\" width=\"426\" height=\"780\" srcset=\"https:\/\/sharewalker.com\/wp-content\/uploads\/2025\/03\/10003-5.png 426w, https:\/\/sharewalker.com\/wp-content\/uploads\/2025\/03\/10003-5-300x549.png 300w, https:\/\/sharewalker.com\/wp-content\/uploads\/2025\/03\/10003-5-164x300.png 164w\" sizes=\"(max-width: 426px) 100vw, 426px\" \/> <img loading=\"lazy\" decoding=\"async\" class=\"aligncenter size-full wp-image-2145\" src=\"https:\/\/sharewalker.com\/wp-content\/uploads\/2025\/03\/10004-6.png\" alt=\"\" width=\"425\" height=\"778\" srcset=\"https:\/\/sharewalker.com\/wp-content\/uploads\/2025\/03\/10004-6.png 425w, https:\/\/sharewalker.com\/wp-content\/uploads\/2025\/03\/10004-6-300x549.png 300w, https:\/\/sharewalker.com\/wp-content\/uploads\/2025\/03\/10004-6-164x300.png 164w\" sizes=\"(max-width: 425px) 100vw, 425px\" \/> <img loading=\"lazy\" decoding=\"async\" class=\"aligncenter size-full wp-image-2146\" src=\"https:\/\/sharewalker.com\/wp-content\/uploads\/2025\/03\/10005-6.png\" alt=\"\" width=\"424\" height=\"777\" srcset=\"https:\/\/sharewalker.com\/wp-content\/uploads\/2025\/03\/10005-6.png 424w, https:\/\/sharewalker.com\/wp-content\/uploads\/2025\/03\/10005-6-300x550.png 300w, https:\/\/sharewalker.com\/wp-content\/uploads\/2025\/03\/10005-6-164x300.png 164w\" sizes=\"(max-width: 424px) 100vw, 424px\" \/> <img loading=\"lazy\" decoding=\"async\" class=\"aligncenter size-full wp-image-2147\" src=\"https:\/\/sharewalker.com\/wp-content\/uploads\/2025\/03\/10006-7.png\" alt=\"\" width=\"427\" height=\"774\" srcset=\"https:\/\/sharewalker.com\/wp-content\/uploads\/2025\/03\/10006-7.png 427w, https:\/\/sharewalker.com\/wp-content\/uploads\/2025\/03\/10006-7-300x544.png 300w, https:\/\/sharewalker.com\/wp-content\/uploads\/2025\/03\/10006-7-166x300.png 166w\" sizes=\"(max-width: 427px) 100vw, 427px\" \/> <img loading=\"lazy\" decoding=\"async\" class=\"aligncenter size-full wp-image-2148\" src=\"https:\/\/sharewalker.com\/wp-content\/uploads\/2025\/03\/10007-8.png\" alt=\"\" width=\"424\" height=\"772\" srcset=\"https:\/\/sharewalker.com\/wp-content\/uploads\/2025\/03\/10007-8.png 424w, https:\/\/sharewalker.com\/wp-content\/uploads\/2025\/03\/10007-8-300x546.png 300w, https:\/\/sharewalker.com\/wp-content\/uploads\/2025\/03\/10007-8-165x300.png 165w\" sizes=\"(max-width: 424px) 100vw, 424px\" \/> <img loading=\"lazy\" decoding=\"async\" class=\"aligncenter size-full wp-image-2149\" src=\"https:\/\/sharewalker.com\/wp-content\/uploads\/2025\/03\/10008-6.png\" alt=\"\" width=\"429\" height=\"780\" srcset=\"https:\/\/sharewalker.com\/wp-content\/uploads\/2025\/03\/10008-6.png 429w, https:\/\/sharewalker.com\/wp-content\/uploads\/2025\/03\/10008-6-300x545.png 300w, https:\/\/sharewalker.com\/wp-content\/uploads\/2025\/03\/10008-6-165x300.png 165w\" sizes=\"(max-width: 429px) 100vw, 429px\" \/> <img loading=\"lazy\" decoding=\"async\" class=\"aligncenter size-full wp-image-2150\" src=\"https:\/\/sharewalker.com\/wp-content\/uploads\/2025\/03\/10009-6.png\" alt=\"\" width=\"427\" height=\"777\" srcset=\"https:\/\/sharewalker.com\/wp-content\/uploads\/2025\/03\/10009-6.png 427w, https:\/\/sharewalker.com\/wp-content\/uploads\/2025\/03\/10009-6-300x546.png 300w, https:\/\/sharewalker.com\/wp-content\/uploads\/2025\/03\/10009-6-165x300.png 165w\" sizes=\"(max-width: 427px) 100vw, 427px\" \/> <img loading=\"lazy\" decoding=\"async\" class=\"aligncenter size-full wp-image-2151\" src=\"https:\/\/sharewalker.com\/wp-content\/uploads\/2025\/03\/10010-7.png\" alt=\"\" width=\"425\" height=\"779\" srcset=\"https:\/\/sharewalker.com\/wp-content\/uploads\/2025\/03\/10010-7.png 425w, https:\/\/sharewalker.com\/wp-content\/uploads\/2025\/03\/10010-7-300x550.png 300w, https:\/\/sharewalker.com\/wp-content\/uploads\/2025\/03\/10010-7-164x300.png 164w\" sizes=\"(max-width: 425px) 100vw, 425px\" \/> <img loading=\"lazy\" decoding=\"async\" class=\"aligncenter size-full wp-image-2152\" src=\"https:\/\/sharewalker.com\/wp-content\/uploads\/2025\/03\/10011-5.png\" alt=\"\" width=\"427\" height=\"774\" srcset=\"https:\/\/sharewalker.com\/wp-content\/uploads\/2025\/03\/10011-5.png 427w, https:\/\/sharewalker.com\/wp-content\/uploads\/2025\/03\/10011-5-300x544.png 300w, https:\/\/sharewalker.com\/wp-content\/uploads\/2025\/03\/10011-5-166x300.png 166w\" sizes=\"(max-width: 427px) 100vw, 427px\" \/> <img loading=\"lazy\" decoding=\"async\" class=\"aligncenter size-full wp-image-2153\" src=\"https:\/\/sharewalker.com\/wp-content\/uploads\/2025\/03\/10012-5.png\" alt=\"\" width=\"428\" height=\"777\" srcset=\"https:\/\/sharewalker.com\/wp-content\/uploads\/2025\/03\/10012-5.png 428w, https:\/\/sharewalker.com\/wp-content\/uploads\/2025\/03\/10012-5-300x545.png 300w, https:\/\/sharewalker.com\/wp-content\/uploads\/2025\/03\/10012-5-165x300.png 165w\" sizes=\"(max-width: 428px) 100vw, 428px\" \/> <img loading=\"lazy\" decoding=\"async\" class=\"aligncenter size-full wp-image-2154\" src=\"https:\/\/sharewalker.com\/wp-content\/uploads\/2025\/03\/10013-4.png\" alt=\"\" width=\"1917\" height=\"930\" srcset=\"https:\/\/sharewalker.com\/wp-content\/uploads\/2025\/03\/10013-4.png 1917w, https:\/\/sharewalker.com\/wp-content\/uploads\/2025\/03\/10013-4-300x146.png 300w, https:\/\/sharewalker.com\/wp-content\/uploads\/2025\/03\/10013-4-1024x497.png 1024w, https:\/\/sharewalker.com\/wp-content\/uploads\/2025\/03\/10013-4-768x373.png 768w, https:\/\/sharewalker.com\/wp-content\/uploads\/2025\/03\/10013-4-1536x745.png 1536w\" sizes=\"(max-width: 1917px) 100vw, 1917px\" \/> <img loading=\"lazy\" decoding=\"async\" class=\"aligncenter size-full wp-image-2155\" src=\"https:\/\/sharewalker.com\/wp-content\/uploads\/2025\/03\/10014-3.png\" alt=\"\" width=\"1915\" height=\"932\" srcset=\"https:\/\/sharewalker.com\/wp-content\/uploads\/2025\/03\/10014-3.png 1915w, https:\/\/sharewalker.com\/wp-content\/uploads\/2025\/03\/10014-3-300x146.png 300w, https:\/\/sharewalker.com\/wp-content\/uploads\/2025\/03\/10014-3-1024x498.png 1024w, https:\/\/sharewalker.com\/wp-content\/uploads\/2025\/03\/10014-3-768x374.png 768w, https:\/\/sharewalker.com\/wp-content\/uploads\/2025\/03\/10014-3-1536x748.png 1536w\" sizes=\"(max-width: 1915px) 100vw, 1915px\" \/> <img loading=\"lazy\" decoding=\"async\" class=\"aligncenter size-full wp-image-2156\" src=\"https:\/\/sharewalker.com\/wp-content\/uploads\/2025\/03\/10015-2.png\" alt=\"\" width=\"1907\" height=\"930\" srcset=\"https:\/\/sharewalker.com\/wp-content\/uploads\/2025\/03\/10015-2.png 1907w, https:\/\/sharewalker.com\/wp-content\/uploads\/2025\/03\/10015-2-300x146.png 300w, https:\/\/sharewalker.com\/wp-content\/uploads\/2025\/03\/10015-2-1024x499.png 1024w, https:\/\/sharewalker.com\/wp-content\/uploads\/2025\/03\/10015-2-768x375.png 768w, https:\/\/sharewalker.com\/wp-content\/uploads\/2025\/03\/10015-2-1536x749.png 1536w\" sizes=\"(max-width: 1907px) 100vw, 1907px\" \/> <img loading=\"lazy\" decoding=\"async\" class=\"aligncenter size-full wp-image-2157\" src=\"https:\/\/sharewalker.com\/wp-content\/uploads\/2025\/03\/10016-2.png\" alt=\"\" width=\"1919\" height=\"933\" srcset=\"https:\/\/sharewalker.com\/wp-content\/uploads\/2025\/03\/10016-2.png 1919w, https:\/\/sharewalker.com\/wp-content\/uploads\/2025\/03\/10016-2-300x146.png 300w, https:\/\/sharewalker.com\/wp-content\/uploads\/2025\/03\/10016-2-1024x498.png 1024w, https:\/\/sharewalker.com\/wp-content\/uploads\/2025\/03\/10016-2-768x373.png 768w, https:\/\/sharewalker.com\/wp-content\/uploads\/2025\/03\/10016-2-1536x747.png 1536w\" sizes=\"(max-width: 1919px) 100vw, 1919px\" \/> <img loading=\"lazy\" decoding=\"async\" class=\"aligncenter size-full wp-image-2158\" src=\"https:\/\/sharewalker.com\/wp-content\/uploads\/2025\/03\/10017-2.png\" alt=\"\" width=\"1919\" height=\"940\" srcset=\"https:\/\/sharewalker.com\/wp-content\/uploads\/2025\/03\/10017-2.png 1919w, https:\/\/sharewalker.com\/wp-content\/uploads\/2025\/03\/10017-2-300x147.png 300w, https:\/\/sharewalker.com\/wp-content\/uploads\/2025\/03\/10017-2-1024x502.png 1024w, https:\/\/sharewalker.com\/wp-content\/uploads\/2025\/03\/10017-2-768x376.png 768w, https:\/\/sharewalker.com\/wp-content\/uploads\/2025\/03\/10017-2-1536x752.png 1536w\" sizes=\"(max-width: 1919px) 100vw, 1919px\" \/> <img loading=\"lazy\" decoding=\"async\" class=\"aligncenter size-full wp-image-2159\" src=\"https:\/\/sharewalker.com\/wp-content\/uploads\/2025\/03\/10018-2.png\" alt=\"\" width=\"1913\" height=\"932\" srcset=\"https:\/\/sharewalker.com\/wp-content\/uploads\/2025\/03\/10018-2.png 1913w, https:\/\/sharewalker.com\/wp-content\/uploads\/2025\/03\/10018-2-300x146.png 300w, https:\/\/sharewalker.com\/wp-content\/uploads\/2025\/03\/10018-2-1024x499.png 1024w, https:\/\/sharewalker.com\/wp-content\/uploads\/2025\/03\/10018-2-768x374.png 768w, https:\/\/sharewalker.com\/wp-content\/uploads\/2025\/03\/10018-2-1536x748.png 1536w\" sizes=\"(max-width: 1913px) 100vw, 1913px\" \/> <img loading=\"lazy\" decoding=\"async\" class=\"aligncenter size-full wp-image-2160\" src=\"https:\/\/sharewalker.com\/wp-content\/uploads\/2025\/03\/10019-1.png\" alt=\"\" width=\"1906\" height=\"935\" srcset=\"https:\/\/sharewalker.com\/wp-content\/uploads\/2025\/03\/10019-1.png 1906w, https:\/\/sharewalker.com\/wp-content\/uploads\/2025\/03\/10019-1-300x147.png 300w, https:\/\/sharewalker.com\/wp-content\/uploads\/2025\/03\/10019-1-1024x502.png 1024w, https:\/\/sharewalker.com\/wp-content\/uploads\/2025\/03\/10019-1-768x377.png 768w, https:\/\/sharewalker.com\/wp-content\/uploads\/2025\/03\/10019-1-1536x753.png 1536w\" sizes=\"(max-width: 1906px) 100vw, 1906px\" \/> <img loading=\"lazy\" decoding=\"async\" class=\"aligncenter size-full wp-image-2161\" src=\"https:\/\/sharewalker.com\/wp-content\/uploads\/2025\/03\/10020-1.png\" alt=\"\" width=\"1911\" height=\"929\" srcset=\"https:\/\/sharewalker.com\/wp-content\/uploads\/2025\/03\/10020-1.png 1911w, https:\/\/sharewalker.com\/wp-content\/uploads\/2025\/03\/10020-1-300x146.png 300w, https:\/\/sharewalker.com\/wp-content\/uploads\/2025\/03\/10020-1-1024x498.png 1024w, https:\/\/sharewalker.com\/wp-content\/uploads\/2025\/03\/10020-1-768x373.png 768w, https:\/\/sharewalker.com\/wp-content\/uploads\/2025\/03\/10020-1-1536x747.png 1536w\" sizes=\"(max-width: 1911px) 100vw, 1911px\" \/><\/p>","protected":false},"excerpt":{"rendered":"<p>Este sistema de capta\u00e7\u00e3o de encomendas no estrangeiro, desenvolvido atrav\u00e9s de desenvolvimento secund\u00e1rio, suporta carater\u00edsticas como o controlo de encomendas ligadas a grupos, a gera\u00e7\u00e3o de imagens de integra\u00e7\u00e3o e a edi\u00e7\u00e3o de encomendas para renova\u00e7\u00e3o ou descongelamento. O frontend oferece v\u00e1rios pacotes de l\u00ednguas e o backend permite definir a l\u00edngua predefinida e controlar o interrutor de sele\u00e7\u00e3o da l\u00edngua do frontend.<\/p>","protected":false},"featured_media":2142,"comment_status":"open","ping_status":"closed","template":"","meta":{"_uag_custom_page_level_css":"","site-sidebar-layout":"default","site-content-layout":"","ast-site-content-layout":"default","site-content-style":"default","site-sidebar-style":"default","ast-global-header-display":"","ast-banner-title-visibility":"","ast-main-header-display":"","ast-hfb-above-header-display":"","ast-hfb-below-header-display":"","ast-hfb-mobile-header-display":"","site-post-title":"","ast-breadcrumbs-content":"","ast-featured-img":"","footer-sml-layout":"","theme-transparent-header-meta":"default","adv-header-id-meta":"","stick-header-meta":"","header-above-stick-meta":"","header-main-stick-meta":"","header-below-stick-meta":"","astra-migrate-meta-layouts":"set","ast-page-background-enabled":"default","ast-page-background-meta":{"desktop":{"background-color":"var(--ast-global-color-4)","background-image":"","background-repeat":"repeat","background-position":"center center","background-size":"auto","background-attachment":"scroll","background-type":"","background-media":"","overlay-type":"","overlay-color":"","overlay-opacity":"","overlay-gradient":""},"tablet":{"background-color":"","background-image":"","background-repeat":"repeat","background-position":"center center","background-size":"auto","background-attachment":"scroll","background-type":"","background-media":"","overlay-type":"","overlay-color":"","overlay-opacity":"","overlay-gradient":""},"mobile":{"background-color":"","background-image":"","background-repeat":"repeat","background-position":"center center","background-size":"auto","background-attachment":"scroll","background-type":"","background-media":"","overlay-type":"","overlay-color":"","overlay-opacity":"","overlay-gradient":""}},"ast-content-background-meta":{"desktop":{"background-color":"var(--ast-global-color-5)","background-image":"","background-repeat":"repeat","background-position":"center center","background-size":"auto","background-attachment":"scroll","background-type":"","background-media":"","overlay-type":"","overlay-color":"","overlay-opacity":"","overlay-gradient":""},"tablet":{"background-color":"var(--ast-global-color-5)","background-image":"","background-repeat":"repeat","background-position":"center center","background-size":"auto","background-attachment":"scroll","background-type":"","background-media":"","overlay-type":"","overlay-color":"","overlay-opacity":"","overlay-gradient":""},"mobile":{"background-color":"var(--ast-global-color-5)","background-image":"","background-repeat":"repeat","background-position":"center center","background-size":"auto","background-attachment":"scroll","background-type":"","background-media":"","overlay-type":"","overlay-color":"","overlay-opacity":"","overlay-gradient":""}}},"product_brand":[],"product_cat":[59],"product_tag":[124,90,130,133,81,131,132,129],"class_list":{"0":"post-2141","1":"product","2":"type-product","3":"status-publish","4":"has-post-thumbnail","6":"product_cat-order-sniping-order-manipulation","7":"product_tag-order-grabbing-and-brushing-system","8":"product_tag-automatic-order-matching","9":"product_tag-group-linked-order-control","10":"product_tag-internal-message-announcements","11":"product_tag-multi-language-support","12":"product_tag-onboarding-image-generation","13":"product_tag-order-editing-for-renewal-or-unfreeze","14":"product_tag-overseas-order-grabbing-system","15":"desktop-align-left","16":"tablet-align-left","17":"mobile-align-left","19":"first","20":"instock","21":"shipping-taxable","22":"product-type-simple"},"uagb_featured_image_src":{"full":["https:\/\/sharewalker.com\/wp-content\/uploads\/2025\/03\/10001-5-e1742805583890.jpg",300,300,false],"thumbnail":["https:\/\/sharewalker.com\/wp-content\/uploads\/2025\/03\/10001-5-e1742805583890-150x150.jpg",150,150,true],"medium":["https:\/\/sharewalker.com\/wp-content\/uploads\/2025\/03\/10001-5-300x182.jpg",300,182,true],"medium_large":["https:\/\/sharewalker.com\/wp-content\/uploads\/2025\/03\/10001-5-e1742805583890.jpg",300,300,false],"large":["https:\/\/sharewalker.com\/wp-content\/uploads\/2025\/03\/10001-5-e1742805583890.jpg",300,300,false],"1536x1536":["https:\/\/sharewalker.com\/wp-content\/uploads\/2025\/03\/10001-5-e1742805583890.jpg",300,300,false],"2048x2048":["https:\/\/sharewalker.com\/wp-content\/uploads\/2025\/03\/10001-5-e1742805583890.jpg",300,300,false],"trp-custom-language-flag":["https:\/\/sharewalker.com\/wp-content\/uploads\/2025\/03\/10001-5-e1742805583890.jpg",12,12,false],"woocommerce_thumbnail":["https:\/\/sharewalker.com\/wp-content\/uploads\/2025\/03\/10001-5-300x300.jpg",300,300,true],"woocommerce_single":["https:\/\/sharewalker.com\/wp-content\/uploads\/2025\/03\/10001-5-e1742805583890.jpg",300,300,false],"woocommerce_gallery_thumbnail":["https:\/\/sharewalker.com\/wp-content\/uploads\/2025\/03\/10001-5-e1742805583890-100x100.jpg",100,100,true]},"uagb_author_info":{"display_name":"admin","author_link":"https:\/\/sharewalker.com\/pt\/author\/"},"uagb_comment_info":0,"uagb_excerpt":"This overseas order grabbing system, developed through secondary development, supports features such as group linked order control, onboarding image generation, and order editing for renewal or unfreeze. The frontend offers multiple language packs, and the backend allows setting the default language and controlling the frontend language selection switch.\u200b","_links":{"self":[{"href":"https:\/\/sharewalker.com\/pt\/wp-json\/wp\/v2\/product\/2141","targetHints":{"allow":["GET"]}}],"collection":[{"href":"https:\/\/sharewalker.com\/pt\/wp-json\/wp\/v2\/product"}],"about":[{"href":"https:\/\/sharewalker.com\/pt\/wp-json\/wp\/v2\/types\/product"}],"replies":[{"embeddable":true,"href":"https:\/\/sharewalker.com\/pt\/wp-json\/wp\/v2\/comments?post=2141"}],"version-history":[{"count":0,"href":"https:\/\/sharewalker.com\/pt\/wp-json\/wp\/v2\/product\/2141\/revisions"}],"wp:featuredmedia":[{"embeddable":true,"href":"https:\/\/sharewalker.com\/pt\/wp-json\/wp\/v2\/media\/2142"}],"wp:attachment":[{"href":"https:\/\/sharewalker.com\/pt\/wp-json\/wp\/v2\/media?parent=2141"}],"wp:term":[{"taxonomy":"product_brand","embeddable":true,"href":"https:\/\/sharewalker.com\/pt\/wp-json\/wp\/v2\/product_brand?post=2141"},{"taxonomy":"product_cat","embeddable":true,"href":"https:\/\/sharewalker.com\/pt\/wp-json\/wp\/v2\/product_cat?post=2141"},{"taxonomy":"product_tag","embeddable":true,"href":"https:\/\/sharewalker.com\/pt\/wp-json\/wp\/v2\/product_tag?post=2141"}],"curies":[{"name":"wp","href":"https:\/\/api.w.org\/{rel}","templated":true}]}}