{"id":2242,"date":"2025-03-24T18:07:39","date_gmt":"2025-03-24T10:07:39","guid":{"rendered":"https:\/\/sharewalker.com\/?post_type=product&#038;p=2242"},"modified":"2025-03-24T18:07:39","modified_gmt":"2025-03-24T10:07:39","slug":"overseas-multi-language-marvel-movie-order-brushing-system-strategy-order-brushing-automatic-order-matching-independent-agent-backend-user-strategy-management-registration-gift-feature","status":"publish","type":"product","link":"https:\/\/sharewalker.com\/pt\/produto\/filme-marvel-multi-lingua-estrangeiro-sistema-de-escovagem-de-encomendas-estrategia-de-escovagem-de-encomendas-correspondencia-automatica-de-encomendas-agente-independente-backend-gestao-da-estrategia\/","title":{"rendered":"Sistema de escovagem de encomendas de filmes da Marvel em v\u00e1rios idiomas no estrangeiro | Escovagem estrat\u00e9gica de encomendas | Correspond\u00eancia autom\u00e1tica de encomendas | Backend de agente independente | Gest\u00e3o da estrat\u00e9gia do utilizador | Funcionalidade de oferta de registo"},"content":{"rendered":"<p>Desenvolvido para o mercado internacional de filmes da Marvel, este sistema oferece as seguintes carater\u00edsticas principais.<\/p>\n<p>Suporte a v\u00e1rios idiomas: Op\u00e7\u00f5es integradas de v\u00e1rios idiomas para atender aos utilizadores globais, melhorando a experi\u00eancia do utilizador.<\/p>\n<p>Estrat\u00e9gia de escovagem de encomendas: Os administradores podem definir v\u00e1rias estrat\u00e9gias de escovagem de encomendas para se adaptarem \u00e0s altera\u00e7\u00f5es do mercado e optimizarem os resultados operacionais.<\/p>\n<p>Correspond\u00eancia autom\u00e1tica de encomendas: A correspond\u00eancia inteligente de encomendas reduz a interven\u00e7\u00e3o manual, melhorando a efici\u00eancia do processamento de encomendas.<\/p>\n<p>Backend de agente independente: Fornece aos agentes um backend de gest\u00e3o dedicado para facilitar a gest\u00e3o de encomendas e a monitoriza\u00e7\u00e3o de dados.<\/p>\n<p>Gest\u00e3o da estrat\u00e9gia do utilizador: Suporta a adi\u00e7\u00e3o de estrat\u00e9gias de utilizador, tais como ofertas de registo, para aumentar o envolvimento do utilizador e promover o crescimento.<\/p>\n<p><img fetchpriority=\"high\" decoding=\"async\" class=\"aligncenter size-full wp-image-2243\" src=\"https:\/\/sharewalker.com\/wp-content\/uploads\/2025\/03\/10001-10.jpg\" alt=\"\" width=\"449\" height=\"300\" \/> <img decoding=\"async\" class=\"aligncenter size-full wp-image-2244\" src=\"https:\/\/sharewalker.com\/wp-content\/uploads\/2025\/03\/10002-11.png\" alt=\"\" width=\"400\" height=\"801\" srcset=\"https:\/\/sharewalker.com\/wp-content\/uploads\/2025\/03\/10002-11.png 400w, https:\/\/sharewalker.com\/wp-content\/uploads\/2025\/03\/10002-11-300x601.png 300w, https:\/\/sharewalker.com\/wp-content\/uploads\/2025\/03\/10002-11-150x300.png 150w\" sizes=\"(max-width: 400px) 100vw, 400px\" \/> <img decoding=\"async\" class=\"aligncenter size-full wp-image-2245\" src=\"https:\/\/sharewalker.com\/wp-content\/uploads\/2025\/03\/10003-10.png\" alt=\"\" width=\"399\" height=\"800\" srcset=\"https:\/\/sharewalker.com\/wp-content\/uploads\/2025\/03\/10003-10.png 399w, https:\/\/sharewalker.com\/wp-content\/uploads\/2025\/03\/10003-10-300x602.png 300w, https:\/\/sharewalker.com\/wp-content\/uploads\/2025\/03\/10003-10-150x300.png 150w\" sizes=\"(max-width: 399px) 100vw, 399px\" \/> <img loading=\"lazy\" decoding=\"async\" class=\"aligncenter size-full wp-image-2246\" src=\"https:\/\/sharewalker.com\/wp-content\/uploads\/2025\/03\/10004-11.png\" alt=\"\" width=\"399\" height=\"798\" srcset=\"https:\/\/sharewalker.com\/wp-content\/uploads\/2025\/03\/10004-11.png 399w, https:\/\/sharewalker.com\/wp-content\/uploads\/2025\/03\/10004-11-300x600.png 300w, https:\/\/sharewalker.com\/wp-content\/uploads\/2025\/03\/10004-11-150x300.png 150w\" sizes=\"(max-width: 399px) 100vw, 399px\" \/> <img loading=\"lazy\" decoding=\"async\" class=\"aligncenter size-full wp-image-2247\" src=\"https:\/\/sharewalker.com\/wp-content\/uploads\/2025\/03\/10005-11.png\" alt=\"\" width=\"399\" height=\"798\" srcset=\"https:\/\/sharewalker.com\/wp-content\/uploads\/2025\/03\/10005-11.png 399w, https:\/\/sharewalker.com\/wp-content\/uploads\/2025\/03\/10005-11-300x600.png 300w, https:\/\/sharewalker.com\/wp-content\/uploads\/2025\/03\/10005-11-150x300.png 150w\" sizes=\"(max-width: 399px) 100vw, 399px\" \/> <img loading=\"lazy\" decoding=\"async\" class=\"aligncenter size-full wp-image-2248\" src=\"https:\/\/sharewalker.com\/wp-content\/uploads\/2025\/03\/10006-12.png\" alt=\"\" width=\"400\" height=\"800\" srcset=\"https:\/\/sharewalker.com\/wp-content\/uploads\/2025\/03\/10006-12.png 400w, https:\/\/sharewalker.com\/wp-content\/uploads\/2025\/03\/10006-12-300x600.png 300w, https:\/\/sharewalker.com\/wp-content\/uploads\/2025\/03\/10006-12-150x300.png 150w\" sizes=\"(max-width: 400px) 100vw, 400px\" \/> <img loading=\"lazy\" decoding=\"async\" class=\"aligncenter size-full wp-image-2249\" src=\"https:\/\/sharewalker.com\/wp-content\/uploads\/2025\/03\/10007-13.png\" alt=\"\" width=\"398\" height=\"796\" srcset=\"https:\/\/sharewalker.com\/wp-content\/uploads\/2025\/03\/10007-13.png 398w, https:\/\/sharewalker.com\/wp-content\/uploads\/2025\/03\/10007-13-300x600.png 300w, https:\/\/sharewalker.com\/wp-content\/uploads\/2025\/03\/10007-13-150x300.png 150w\" sizes=\"(max-width: 398px) 100vw, 398px\" \/> <img loading=\"lazy\" decoding=\"async\" class=\"aligncenter size-full wp-image-2250\" src=\"https:\/\/sharewalker.com\/wp-content\/uploads\/2025\/03\/10008-11.png\" alt=\"\" width=\"400\" height=\"800\" srcset=\"https:\/\/sharewalker.com\/wp-content\/uploads\/2025\/03\/10008-11.png 400w, https:\/\/sharewalker.com\/wp-content\/uploads\/2025\/03\/10008-11-300x600.png 300w, https:\/\/sharewalker.com\/wp-content\/uploads\/2025\/03\/10008-11-150x300.png 150w\" sizes=\"(max-width: 400px) 100vw, 400px\" \/> <img loading=\"lazy\" decoding=\"async\" class=\"aligncenter size-full wp-image-2251\" src=\"https:\/\/sharewalker.com\/wp-content\/uploads\/2025\/03\/10009-11.png\" alt=\"\" width=\"400\" height=\"800\" srcset=\"https:\/\/sharewalker.com\/wp-content\/uploads\/2025\/03\/10009-11.png 400w, https:\/\/sharewalker.com\/wp-content\/uploads\/2025\/03\/10009-11-300x600.png 300w, https:\/\/sharewalker.com\/wp-content\/uploads\/2025\/03\/10009-11-150x300.png 150w\" sizes=\"(max-width: 400px) 100vw, 400px\" \/> <img loading=\"lazy\" decoding=\"async\" class=\"aligncenter size-full wp-image-2252\" src=\"https:\/\/sharewalker.com\/wp-content\/uploads\/2025\/03\/10010-12.png\" alt=\"\" width=\"399\" height=\"799\" srcset=\"https:\/\/sharewalker.com\/wp-content\/uploads\/2025\/03\/10010-12.png 399w, https:\/\/sharewalker.com\/wp-content\/uploads\/2025\/03\/10010-12-300x601.png 300w, https:\/\/sharewalker.com\/wp-content\/uploads\/2025\/03\/10010-12-150x300.png 150w\" sizes=\"(max-width: 399px) 100vw, 399px\" \/> <img loading=\"lazy\" decoding=\"async\" class=\"aligncenter size-full wp-image-2253\" src=\"https:\/\/sharewalker.com\/wp-content\/uploads\/2025\/03\/10011-10.png\" alt=\"\" width=\"1920\" height=\"898\" srcset=\"https:\/\/sharewalker.com\/wp-content\/uploads\/2025\/03\/10011-10.png 1920w, https:\/\/sharewalker.com\/wp-content\/uploads\/2025\/03\/10011-10-300x140.png 300w, https:\/\/sharewalker.com\/wp-content\/uploads\/2025\/03\/10011-10-1024x479.png 1024w, https:\/\/sharewalker.com\/wp-content\/uploads\/2025\/03\/10011-10-768x359.png 768w, https:\/\/sharewalker.com\/wp-content\/uploads\/2025\/03\/10011-10-1536x718.png 1536w\" sizes=\"(max-width: 1920px) 100vw, 1920px\" \/> <img loading=\"lazy\" decoding=\"async\" class=\"aligncenter size-full wp-image-2254\" src=\"https:\/\/sharewalker.com\/wp-content\/uploads\/2025\/03\/10012-10.png\" alt=\"\" width=\"1920\" height=\"924\" srcset=\"https:\/\/sharewalker.com\/wp-content\/uploads\/2025\/03\/10012-10.png 1920w, https:\/\/sharewalker.com\/wp-content\/uploads\/2025\/03\/10012-10-300x144.png 300w, https:\/\/sharewalker.com\/wp-content\/uploads\/2025\/03\/10012-10-1024x493.png 1024w, https:\/\/sharewalker.com\/wp-content\/uploads\/2025\/03\/10012-10-768x370.png 768w, https:\/\/sharewalker.com\/wp-content\/uploads\/2025\/03\/10012-10-1536x739.png 1536w\" sizes=\"(max-width: 1920px) 100vw, 1920px\" \/> <img loading=\"lazy\" decoding=\"async\" class=\"aligncenter size-full wp-image-2255\" src=\"https:\/\/sharewalker.com\/wp-content\/uploads\/2025\/03\/10013-9.png\" alt=\"\" width=\"1920\" height=\"927\" srcset=\"https:\/\/sharewalker.com\/wp-content\/uploads\/2025\/03\/10013-9.png 1920w, https:\/\/sharewalker.com\/wp-content\/uploads\/2025\/03\/10013-9-300x145.png 300w, https:\/\/sharewalker.com\/wp-content\/uploads\/2025\/03\/10013-9-1024x494.png 1024w, https:\/\/sharewalker.com\/wp-content\/uploads\/2025\/03\/10013-9-768x371.png 768w, https:\/\/sharewalker.com\/wp-content\/uploads\/2025\/03\/10013-9-1536x742.png 1536w\" sizes=\"(max-width: 1920px) 100vw, 1920px\" \/> <img loading=\"lazy\" decoding=\"async\" class=\"aligncenter size-full wp-image-2256\" src=\"https:\/\/sharewalker.com\/wp-content\/uploads\/2025\/03\/10014-7.png\" alt=\"\" width=\"1920\" height=\"928\" srcset=\"https:\/\/sharewalker.com\/wp-content\/uploads\/2025\/03\/10014-7.png 1920w, https:\/\/sharewalker.com\/wp-content\/uploads\/2025\/03\/10014-7-300x145.png 300w, https:\/\/sharewalker.com\/wp-content\/uploads\/2025\/03\/10014-7-1024x495.png 1024w, https:\/\/sharewalker.com\/wp-content\/uploads\/2025\/03\/10014-7-768x371.png 768w, https:\/\/sharewalker.com\/wp-content\/uploads\/2025\/03\/10014-7-1536x742.png 1536w\" sizes=\"(max-width: 1920px) 100vw, 1920px\" \/> <img loading=\"lazy\" decoding=\"async\" class=\"aligncenter size-full wp-image-2257\" src=\"https:\/\/sharewalker.com\/wp-content\/uploads\/2025\/03\/10015-6.png\" alt=\"\" width=\"1920\" height=\"915\" srcset=\"https:\/\/sharewalker.com\/wp-content\/uploads\/2025\/03\/10015-6.png 1920w, https:\/\/sharewalker.com\/wp-content\/uploads\/2025\/03\/10015-6-300x143.png 300w, https:\/\/sharewalker.com\/wp-content\/uploads\/2025\/03\/10015-6-1024x488.png 1024w, https:\/\/sharewalker.com\/wp-content\/uploads\/2025\/03\/10015-6-768x366.png 768w, https:\/\/sharewalker.com\/wp-content\/uploads\/2025\/03\/10015-6-1536x732.png 1536w\" sizes=\"(max-width: 1920px) 100vw, 1920px\" \/> <img loading=\"lazy\" decoding=\"async\" class=\"aligncenter size-full wp-image-2258\" src=\"https:\/\/sharewalker.com\/wp-content\/uploads\/2025\/03\/10016-6.png\" alt=\"\" width=\"1907\" height=\"925\" srcset=\"https:\/\/sharewalker.com\/wp-content\/uploads\/2025\/03\/10016-6.png 1907w, https:\/\/sharewalker.com\/wp-content\/uploads\/2025\/03\/10016-6-300x146.png 300w, https:\/\/sharewalker.com\/wp-content\/uploads\/2025\/03\/10016-6-1024x497.png 1024w, https:\/\/sharewalker.com\/wp-content\/uploads\/2025\/03\/10016-6-768x373.png 768w, https:\/\/sharewalker.com\/wp-content\/uploads\/2025\/03\/10016-6-1536x745.png 1536w\" sizes=\"(max-width: 1907px) 100vw, 1907px\" \/><\/p>","protected":false},"excerpt":{"rendered":"<p>Este sistema foi concebido para o mercado estrangeiro, suportando v\u00e1rios idiomas e oferecendo carater\u00edsticas como a escovagem de ordens estrat\u00e9gicas e a correspond\u00eancia autom\u00e1tica de ordens. Inclui um backend de agente independente, gest\u00e3o da estrat\u00e9gia do utilizador e funcionalidades de oferta de registo, com o objetivo de melhorar a efici\u00eancia operacional e a experi\u00eancia do utilizador.<\/p>","protected":false},"featured_media":2243,"comment_status":"open","ping_status":"closed","template":"","meta":{"_uag_custom_page_level_css":"","site-sidebar-layout":"default","site-content-layout":"","ast-site-content-layout":"default","site-content-style":"default","site-sidebar-style":"default","ast-global-header-display":"","ast-banner-title-visibility":"","ast-main-header-display":"","ast-hfb-above-header-display":"","ast-hfb-below-header-display":"","ast-hfb-mobile-header-display":"","site-post-title":"","ast-breadcrumbs-content":"","ast-featured-img":"","footer-sml-layout":"","theme-transparent-header-meta":"default","adv-header-id-meta":"","stick-header-meta":"","header-above-stick-meta":"","header-main-stick-meta":"","header-below-stick-meta":"","astra-migrate-meta-layouts":"set","ast-page-background-enabled":"default","ast-page-background-meta":{"desktop":{"background-color":"var(--ast-global-color-4)","background-image":"","background-repeat":"repeat","background-position":"center center","background-size":"auto","background-attachment":"scroll","background-type":"","background-media":"","overlay-type":"","overlay-color":"","overlay-opacity":"","overlay-gradient":""},"tablet":{"background-color":"","background-image":"","background-repeat":"repeat","background-position":"center center","background-size":"auto","background-attachment":"scroll","background-type":"","background-media":"","overlay-type":"","overlay-color":"","overlay-opacity":"","overlay-gradient":""},"mobile":{"background-color":"","background-image":"","background-repeat":"repeat","background-position":"center center","background-size":"auto","background-attachment":"scroll","background-type":"","background-media":"","overlay-type":"","overlay-color":"","overlay-opacity":"","overlay-gradient":""}},"ast-content-background-meta":{"desktop":{"background-color":"var(--ast-global-color-5)","background-image":"","background-repeat":"repeat","background-position":"center center","background-size":"auto","background-attachment":"scroll","background-type":"","background-media":"","overlay-type":"","overlay-color":"","overlay-opacity":"","overlay-gradient":""},"tablet":{"background-color":"var(--ast-global-color-5)","background-image":"","background-repeat":"repeat","background-position":"center center","background-size":"auto","background-attachment":"scroll","background-type":"","background-media":"","overlay-type":"","overlay-color":"","overlay-opacity":"","overlay-gradient":""},"mobile":{"background-color":"var(--ast-global-color-5)","background-image":"","background-repeat":"repeat","background-position":"center center","background-size":"auto","background-attachment":"scroll","background-type":"","background-media":"","overlay-type":"","overlay-color":"","overlay-opacity":"","overlay-gradient":""}}},"product_brand":[],"product_cat":[59],"product_tag":[90,149,147,151,148,150],"class_list":{"0":"post-2242","1":"product","2":"type-product","3":"status-publish","4":"has-post-thumbnail","6":"product_cat-order-sniping-order-manipulation","7":"product_tag-automatic-order-matching","8":"product_tag-independent-agent-backend","9":"product_tag-overseas-marvel-movie-order-brushing-system","10":"product_tag-registration-gift-feature","11":"product_tag-strategy-order-brushing","12":"product_tag-user-strategy-management","13":"desktop-align-left","14":"tablet-align-left","15":"mobile-align-left","17":"first","18":"instock","19":"shipping-taxable","20":"product-type-simple"},"uagb_featured_image_src":{"full":["https:\/\/sharewalker.com\/wp-content\/uploads\/2025\/03\/10001-10-e1742810842904.jpg",300,300,false],"thumbnail":["https:\/\/sharewalker.com\/wp-content\/uploads\/2025\/03\/10001-10-e1742810842904-150x150.jpg",150,150,true],"medium":["https:\/\/sharewalker.com\/wp-content\/uploads\/2025\/03\/10001-10-300x200.jpg",300,200,true],"medium_large":["https:\/\/sharewalker.com\/wp-content\/uploads\/2025\/03\/10001-10-e1742810842904.jpg",300,300,false],"large":["https:\/\/sharewalker.com\/wp-content\/uploads\/2025\/03\/10001-10-e1742810842904.jpg",300,300,false],"1536x1536":["https:\/\/sharewalker.com\/wp-content\/uploads\/2025\/03\/10001-10-e1742810842904.jpg",300,300,false],"2048x2048":["https:\/\/sharewalker.com\/wp-content\/uploads\/2025\/03\/10001-10-e1742810842904.jpg",300,300,false],"trp-custom-language-flag":["https:\/\/sharewalker.com\/wp-content\/uploads\/2025\/03\/10001-10-e1742810842904.jpg",12,12,false],"woocommerce_thumbnail":["https:\/\/sharewalker.com\/wp-content\/uploads\/2025\/03\/10001-10-300x300.jpg",300,300,true],"woocommerce_single":["https:\/\/sharewalker.com\/wp-content\/uploads\/2025\/03\/10001-10-e1742810842904.jpg",300,300,false],"woocommerce_gallery_thumbnail":["https:\/\/sharewalker.com\/wp-content\/uploads\/2025\/03\/10001-10-e1742810842904-100x100.jpg",100,100,true]},"uagb_author_info":{"display_name":"admin","author_link":"https:\/\/sharewalker.com\/pt\/author\/"},"uagb_comment_info":0,"uagb_excerpt":"This system is designed for the overseas market, supporting multiple languages and offering features such as strategy order brushing and automatic order matching. It includes an independent agent backend, user strategy management, and registration gift functionalities, aiming to enhance operational efficiency and user experience.\u200b","_links":{"self":[{"href":"https:\/\/sharewalker.com\/pt\/wp-json\/wp\/v2\/product\/2242","targetHints":{"allow":["GET"]}}],"collection":[{"href":"https:\/\/sharewalker.com\/pt\/wp-json\/wp\/v2\/product"}],"about":[{"href":"https:\/\/sharewalker.com\/pt\/wp-json\/wp\/v2\/types\/product"}],"replies":[{"embeddable":true,"href":"https:\/\/sharewalker.com\/pt\/wp-json\/wp\/v2\/comments?post=2242"}],"version-history":[{"count":0,"href":"https:\/\/sharewalker.com\/pt\/wp-json\/wp\/v2\/product\/2242\/revisions"}],"wp:featuredmedia":[{"embeddable":true,"href":"https:\/\/sharewalker.com\/pt\/wp-json\/wp\/v2\/media\/2243"}],"wp:attachment":[{"href":"https:\/\/sharewalker.com\/pt\/wp-json\/wp\/v2\/media?parent=2242"}],"wp:term":[{"taxonomy":"product_brand","embeddable":true,"href":"https:\/\/sharewalker.com\/pt\/wp-json\/wp\/v2\/product_brand?post=2242"},{"taxonomy":"product_cat","embeddable":true,"href":"https:\/\/sharewalker.com\/pt\/wp-json\/wp\/v2\/product_cat?post=2242"},{"taxonomy":"product_tag","embeddable":true,"href":"https:\/\/sharewalker.com\/pt\/wp-json\/wp\/v2\/product_tag?post=2242"}],"curies":[{"name":"wp","href":"https:\/\/api.w.org\/{rel}","templated":true}]}}