{"id":2339,"date":"2025-03-24T19:20:37","date_gmt":"2025-03-24T11:20:37","guid":{"rendered":"https:\/\/sharewalker.com\/?post_type=product&#038;p=2339"},"modified":"2025-03-24T19:20:37","modified_gmt":"2025-03-24T11:20:37","slug":"usdt-recharge-auto-callback-new-ui-multi-language-order-grabbing-system-automatic-order-matching-source-code","status":"publish","type":"product","link":"https:\/\/sharewalker.com\/pt\/produto\/usdt-recharge-auto-callback-new-ui-multi-language-order-grabbing-system-automatic-order-matching-source-code\/","title":{"rendered":"Chamada autom\u00e1tica de recarga de USDT | Novo sistema de captura de pedidos em v\u00e1rios idiomas da interface do usu\u00e1rio | C\u00f3digo-fonte de correspond\u00eancia autom\u00e1tica de pedidos"},"content":{"rendered":"<p>Este sistema foi submetido a uma otimiza\u00e7\u00e3o abrangente, introduzindo e melhorando m\u00faltiplas funcionalidades destinadas a melhorar a efici\u00eancia operacional e a experi\u00eancia do utilizador nos mercados estrangeiros.<\/p>\n<p>Suporte multilingue: O frontend integra v\u00e1rios idiomas para satisfazer os utilizadores globais, com defini\u00e7\u00f5es de backend para o idioma predefinido, melhorando a adaptabilidade internacional do sistema.<\/p>\n<p>Chamada autom\u00e1tica de recarga de USDT: Suporta recarga de USDT em v\u00e1rios endere\u00e7os com retorno de chamada autom\u00e1tico atrav\u00e9s da monitoriza\u00e7\u00e3o Baota, garantindo a chegada atempada de fundos e uma maior satisfa\u00e7\u00e3o do utilizador.<\/p>\n<p>Correspond\u00eancia autom\u00e1tica de encomendas: Os membros podem corresponder automaticamente as encomendas para obterem rendimentos de comiss\u00f5es, simplificando o processo de opera\u00e7\u00e3o e aumentando a efici\u00eancia dos ganhos.<\/p>\n<p>Backend do agente: Fornece um backend de gest\u00e3o de agentes abrangente, kernel de sistema optimizado para um carregamento mais r\u00e1pido e um funcionamento mais suave, suporta agentes baseados em permiss\u00f5es, facilitando a gest\u00e3o de diferentes n\u00edveis de agentes.<\/p>\n<p>Sistema de distribui\u00e7\u00e3o de tr\u00eas n\u00edveis: Convide amigos para se registarem atrav\u00e9s do c\u00f3digo QR, formando um modelo de agente de tr\u00eas n\u00edveis, partilhando subordinados e ganhando as correspondentes comiss\u00f5es, incentivando os utilizadores a promoverem ativamente.<\/p>\n<p>Mecanismo de recompensa: Inclui mecanismos de recompensa para convidar registos e recargas de membros, com distribui\u00e7\u00e3o autom\u00e1tica pelo sistema, aumentando o envolvimento e a fidelidade do utilizador.<\/p>\n<p>Configura\u00e7\u00e3o do sistema: Inclui restri\u00e7\u00f5es de registo IP, configura\u00e7\u00e3o do fuso hor\u00e1rio do sistema, an\u00fancios de mensagens em massa no local, aumentando a seguran\u00e7a e a flexibilidade do sistema.<\/p>\n<p>Este sistema abrangente \u00e9 adequado para empresas ou indiv\u00edduos que pretendam expandir-se para mercados estrangeiros, ajudando a aumentar a efici\u00eancia operacional e a satisfa\u00e7\u00e3o do utilizador.<\/p>\n<p><img fetchpriority=\"high\" decoding=\"async\" class=\"aligncenter size-full wp-image-2340\" src=\"https:\/\/sharewalker.com\/wp-content\/uploads\/2025\/03\/10001-14.jpg\" alt=\"\" width=\"449\" height=\"300\" \/> <img decoding=\"async\" class=\"aligncenter size-full wp-image-2341\" src=\"https:\/\/sharewalker.com\/wp-content\/uploads\/2025\/03\/10002-14.png\" alt=\"\" width=\"402\" height=\"801\" srcset=\"https:\/\/sharewalker.com\/wp-content\/uploads\/2025\/03\/10002-14.png 402w, https:\/\/sharewalker.com\/wp-content\/uploads\/2025\/03\/10002-14-300x598.png 300w, https:\/\/sharewalker.com\/wp-content\/uploads\/2025\/03\/10002-14-151x300.png 151w\" sizes=\"(max-width: 402px) 100vw, 402px\" \/> <img decoding=\"async\" class=\"aligncenter size-full wp-image-2342\" src=\"https:\/\/sharewalker.com\/wp-content\/uploads\/2025\/03\/10003-13.png\" alt=\"\" width=\"400\" height=\"799\" srcset=\"https:\/\/sharewalker.com\/wp-content\/uploads\/2025\/03\/10003-13.png 400w, https:\/\/sharewalker.com\/wp-content\/uploads\/2025\/03\/10003-13-300x599.png 300w, https:\/\/sharewalker.com\/wp-content\/uploads\/2025\/03\/10003-13-150x300.png 150w\" sizes=\"(max-width: 400px) 100vw, 400px\" \/> <img loading=\"lazy\" decoding=\"async\" class=\"aligncenter size-full wp-image-2343\" src=\"https:\/\/sharewalker.com\/wp-content\/uploads\/2025\/03\/10004-14.png\" alt=\"\" width=\"399\" height=\"801\" srcset=\"https:\/\/sharewalker.com\/wp-content\/uploads\/2025\/03\/10004-14.png 399w, https:\/\/sharewalker.com\/wp-content\/uploads\/2025\/03\/10004-14-300x602.png 300w, https:\/\/sharewalker.com\/wp-content\/uploads\/2025\/03\/10004-14-149x300.png 149w\" sizes=\"(max-width: 399px) 100vw, 399px\" \/> <img loading=\"lazy\" decoding=\"async\" class=\"aligncenter size-full wp-image-2344\" src=\"https:\/\/sharewalker.com\/wp-content\/uploads\/2025\/03\/10005-14.png\" alt=\"\" width=\"401\" height=\"800\" srcset=\"https:\/\/sharewalker.com\/wp-content\/uploads\/2025\/03\/10005-14.png 401w, https:\/\/sharewalker.com\/wp-content\/uploads\/2025\/03\/10005-14-300x599.png 300w, https:\/\/sharewalker.com\/wp-content\/uploads\/2025\/03\/10005-14-150x300.png 150w\" sizes=\"(max-width: 401px) 100vw, 401px\" \/> <img loading=\"lazy\" decoding=\"async\" class=\"aligncenter size-full wp-image-2345\" src=\"https:\/\/sharewalker.com\/wp-content\/uploads\/2025\/03\/10006-15.png\" alt=\"\" width=\"400\" height=\"801\" srcset=\"https:\/\/sharewalker.com\/wp-content\/uploads\/2025\/03\/10006-15.png 400w, https:\/\/sharewalker.com\/wp-content\/uploads\/2025\/03\/10006-15-300x601.png 300w, https:\/\/sharewalker.com\/wp-content\/uploads\/2025\/03\/10006-15-150x300.png 150w\" sizes=\"(max-width: 400px) 100vw, 400px\" \/> <img loading=\"lazy\" decoding=\"async\" class=\"aligncenter size-full wp-image-2346\" src=\"https:\/\/sharewalker.com\/wp-content\/uploads\/2025\/03\/10007-16.png\" alt=\"\" width=\"400\" height=\"799\" srcset=\"https:\/\/sharewalker.com\/wp-content\/uploads\/2025\/03\/10007-16.png 400w, https:\/\/sharewalker.com\/wp-content\/uploads\/2025\/03\/10007-16-300x599.png 300w, https:\/\/sharewalker.com\/wp-content\/uploads\/2025\/03\/10007-16-150x300.png 150w\" sizes=\"(max-width: 400px) 100vw, 400px\" \/> <img loading=\"lazy\" decoding=\"async\" class=\"aligncenter size-full wp-image-2347\" src=\"https:\/\/sharewalker.com\/wp-content\/uploads\/2025\/03\/10008-14.png\" alt=\"\" width=\"400\" height=\"803\" srcset=\"https:\/\/sharewalker.com\/wp-content\/uploads\/2025\/03\/10008-14.png 400w, https:\/\/sharewalker.com\/wp-content\/uploads\/2025\/03\/10008-14-300x602.png 300w, https:\/\/sharewalker.com\/wp-content\/uploads\/2025\/03\/10008-14-149x300.png 149w\" sizes=\"(max-width: 400px) 100vw, 400px\" \/> <img loading=\"lazy\" decoding=\"async\" class=\"aligncenter size-full wp-image-2348\" src=\"https:\/\/sharewalker.com\/wp-content\/uploads\/2025\/03\/10009-14.png\" alt=\"\" width=\"402\" height=\"800\" srcset=\"https:\/\/sharewalker.com\/wp-content\/uploads\/2025\/03\/10009-14.png 402w, https:\/\/sharewalker.com\/wp-content\/uploads\/2025\/03\/10009-14-300x597.png 300w, https:\/\/sharewalker.com\/wp-content\/uploads\/2025\/03\/10009-14-151x300.png 151w\" sizes=\"(max-width: 402px) 100vw, 402px\" \/> <img loading=\"lazy\" decoding=\"async\" class=\"aligncenter size-full wp-image-2349\" src=\"https:\/\/sharewalker.com\/wp-content\/uploads\/2025\/03\/10010-14.png\" alt=\"\" width=\"1920\" height=\"935\" srcset=\"https:\/\/sharewalker.com\/wp-content\/uploads\/2025\/03\/10010-14.png 1920w, https:\/\/sharewalker.com\/wp-content\/uploads\/2025\/03\/10010-14-300x146.png 300w, https:\/\/sharewalker.com\/wp-content\/uploads\/2025\/03\/10010-14-1024x499.png 1024w, https:\/\/sharewalker.com\/wp-content\/uploads\/2025\/03\/10010-14-768x374.png 768w, https:\/\/sharewalker.com\/wp-content\/uploads\/2025\/03\/10010-14-1536x748.png 1536w\" sizes=\"(max-width: 1920px) 100vw, 1920px\" \/> <img loading=\"lazy\" decoding=\"async\" class=\"aligncenter size-full wp-image-2350\" src=\"https:\/\/sharewalker.com\/wp-content\/uploads\/2025\/03\/10011-12.png\" alt=\"\" width=\"1920\" height=\"938\" srcset=\"https:\/\/sharewalker.com\/wp-content\/uploads\/2025\/03\/10011-12.png 1920w, https:\/\/sharewalker.com\/wp-content\/uploads\/2025\/03\/10011-12-300x147.png 300w, https:\/\/sharewalker.com\/wp-content\/uploads\/2025\/03\/10011-12-1024x500.png 1024w, https:\/\/sharewalker.com\/wp-content\/uploads\/2025\/03\/10011-12-768x375.png 768w, https:\/\/sharewalker.com\/wp-content\/uploads\/2025\/03\/10011-12-1536x750.png 1536w\" sizes=\"(max-width: 1920px) 100vw, 1920px\" \/> <img loading=\"lazy\" decoding=\"async\" class=\"aligncenter size-full wp-image-2351\" src=\"https:\/\/sharewalker.com\/wp-content\/uploads\/2025\/03\/10012-12.png\" alt=\"\" width=\"1920\" height=\"939\" srcset=\"https:\/\/sharewalker.com\/wp-content\/uploads\/2025\/03\/10012-12.png 1920w, https:\/\/sharewalker.com\/wp-content\/uploads\/2025\/03\/10012-12-300x147.png 300w, https:\/\/sharewalker.com\/wp-content\/uploads\/2025\/03\/10012-12-1024x501.png 1024w, https:\/\/sharewalker.com\/wp-content\/uploads\/2025\/03\/10012-12-768x376.png 768w, https:\/\/sharewalker.com\/wp-content\/uploads\/2025\/03\/10012-12-1536x751.png 1536w\" sizes=\"(max-width: 1920px) 100vw, 1920px\" \/> <img loading=\"lazy\" decoding=\"async\" class=\"aligncenter size-full wp-image-2352\" src=\"https:\/\/sharewalker.com\/wp-content\/uploads\/2025\/03\/10013-11.png\" alt=\"\" width=\"1919\" height=\"936\" srcset=\"https:\/\/sharewalker.com\/wp-content\/uploads\/2025\/03\/10013-11.png 1919w, https:\/\/sharewalker.com\/wp-content\/uploads\/2025\/03\/10013-11-300x146.png 300w, https:\/\/sharewalker.com\/wp-content\/uploads\/2025\/03\/10013-11-1024x499.png 1024w, https:\/\/sharewalker.com\/wp-content\/uploads\/2025\/03\/10013-11-768x375.png 768w, https:\/\/sharewalker.com\/wp-content\/uploads\/2025\/03\/10013-11-1536x749.png 1536w\" sizes=\"(max-width: 1919px) 100vw, 1919px\" \/> <img loading=\"lazy\" decoding=\"async\" class=\"aligncenter size-full wp-image-2353\" src=\"https:\/\/sharewalker.com\/wp-content\/uploads\/2025\/03\/10014-9.png\" alt=\"\" width=\"1920\" height=\"939\" srcset=\"https:\/\/sharewalker.com\/wp-content\/uploads\/2025\/03\/10014-9.png 1920w, https:\/\/sharewalker.com\/wp-content\/uploads\/2025\/03\/10014-9-300x147.png 300w, https:\/\/sharewalker.com\/wp-content\/uploads\/2025\/03\/10014-9-1024x501.png 1024w, https:\/\/sharewalker.com\/wp-content\/uploads\/2025\/03\/10014-9-768x376.png 768w, https:\/\/sharewalker.com\/wp-content\/uploads\/2025\/03\/10014-9-1536x751.png 1536w\" sizes=\"(max-width: 1920px) 100vw, 1920px\" \/> <img loading=\"lazy\" decoding=\"async\" class=\"aligncenter size-full wp-image-2354\" src=\"https:\/\/sharewalker.com\/wp-content\/uploads\/2025\/03\/10015-8.png\" alt=\"\" width=\"1920\" height=\"929\" srcset=\"https:\/\/sharewalker.com\/wp-content\/uploads\/2025\/03\/10015-8.png 1920w, https:\/\/sharewalker.com\/wp-content\/uploads\/2025\/03\/10015-8-300x145.png 300w, https:\/\/sharewalker.com\/wp-content\/uploads\/2025\/03\/10015-8-1024x495.png 1024w, https:\/\/sharewalker.com\/wp-content\/uploads\/2025\/03\/10015-8-768x372.png 768w, https:\/\/sharewalker.com\/wp-content\/uploads\/2025\/03\/10015-8-1536x743.png 1536w\" sizes=\"(max-width: 1920px) 100vw, 1920px\" \/><\/p>","protected":false},"excerpt":{"rendered":"<p>Trata-se de um sistema de capta\u00e7\u00e3o de encomendas multilingue recentemente optimizado que suporta a chamada de retorno autom\u00e1tica de recarga USDT, com correspond\u00eancia autom\u00e1tica de encomendas, distribui\u00e7\u00e3o a tr\u00eas n\u00edveis, backend de agente e muito mais para melhorar a experi\u00eancia do utilizador e a efici\u00eancia operacional.<\/p>","protected":false},"featured_media":2340,"comment_status":"open","ping_status":"closed","template":"","meta":{"_uag_custom_page_level_css":"","site-sidebar-layout":"default","site-content-layout":"","ast-site-content-layout":"default","site-content-style":"default","site-sidebar-style":"default","ast-global-header-display":"","ast-banner-title-visibility":"","ast-main-header-display":"","ast-hfb-above-header-display":"","ast-hfb-below-header-display":"","ast-hfb-mobile-header-display":"","site-post-title":"","ast-breadcrumbs-content":"","ast-featured-img":"","footer-sml-layout":"","theme-transparent-header-meta":"default","adv-header-id-meta":"","stick-header-meta":"","header-above-stick-meta":"","header-main-stick-meta":"","header-below-stick-meta":"","astra-migrate-meta-layouts":"set","ast-page-background-enabled":"default","ast-page-background-meta":{"desktop":{"background-color":"var(--ast-global-color-4)","background-image":"","background-repeat":"repeat","background-position":"center center","background-size":"auto","background-attachment":"scroll","background-type":"","background-media":"","overlay-type":"","overlay-color":"","overlay-opacity":"","overlay-gradient":""},"tablet":{"background-color":"","background-image":"","background-repeat":"repeat","background-position":"center center","background-size":"auto","background-attachment":"scroll","background-type":"","background-media":"","overlay-type":"","overlay-color":"","overlay-opacity":"","overlay-gradient":""},"mobile":{"background-color":"","background-image":"","background-repeat":"repeat","background-position":"center center","background-size":"auto","background-attachment":"scroll","background-type":"","background-media":"","overlay-type":"","overlay-color":"","overlay-opacity":"","overlay-gradient":""}},"ast-content-background-meta":{"desktop":{"background-color":"var(--ast-global-color-5)","background-image":"","background-repeat":"repeat","background-position":"center center","background-size":"auto","background-attachment":"scroll","background-type":"","background-media":"","overlay-type":"","overlay-color":"","overlay-opacity":"","overlay-gradient":""},"tablet":{"background-color":"var(--ast-global-color-5)","background-image":"","background-repeat":"repeat","background-position":"center center","background-size":"auto","background-attachment":"scroll","background-type":"","background-media":"","overlay-type":"","overlay-color":"","overlay-opacity":"","overlay-gradient":""},"mobile":{"background-color":"var(--ast-global-color-5)","background-image":"","background-repeat":"repeat","background-position":"center center","background-size":"auto","background-attachment":"scroll","background-type":"","background-media":"","overlay-type":"","overlay-color":"","overlay-opacity":"","overlay-gradient":""}}},"product_brand":[],"product_cat":[59],"product_tag":[69,90,97,100,94,163],"class_list":{"0":"post-2339","1":"product","2":"type-product","3":"status-publish","4":"has-post-thumbnail","6":"product_cat-order-sniping-order-manipulation","7":"product_tag-agent-backend","8":"product_tag-automatic-order-matching","9":"product_tag-multi-language-order-grabbing-system","10":"product_tag-new-ui-design","11":"product_tag-three-level-distribution","12":"product_tag-usdt-recharge-auto-callback","13":"desktop-align-left","14":"tablet-align-left","15":"mobile-align-left","17":"first","18":"instock","19":"shipping-taxable","20":"product-type-simple"},"uagb_featured_image_src":{"full":["https:\/\/sharewalker.com\/wp-content\/uploads\/2025\/03\/10001-14-e1742815230983.jpg",303,300,false],"thumbnail":["https:\/\/sharewalker.com\/wp-content\/uploads\/2025\/03\/10001-14-e1742815230983-150x150.jpg",150,150,true],"medium":["https:\/\/sharewalker.com\/wp-content\/uploads\/2025\/03\/10001-14-e1742815230983-300x297.jpg",300,297,true],"medium_large":["https:\/\/sharewalker.com\/wp-content\/uploads\/2025\/03\/10001-14-e1742815230983.jpg",303,300,false],"large":["https:\/\/sharewalker.com\/wp-content\/uploads\/2025\/03\/10001-14-e1742815230983.jpg",303,300,false],"1536x1536":["https:\/\/sharewalker.com\/wp-content\/uploads\/2025\/03\/10001-14-e1742815230983.jpg",303,300,false],"2048x2048":["https:\/\/sharewalker.com\/wp-content\/uploads\/2025\/03\/10001-14-e1742815230983.jpg",303,300,false],"trp-custom-language-flag":["https:\/\/sharewalker.com\/wp-content\/uploads\/2025\/03\/10001-14-e1742815230983.jpg",12,12,false],"woocommerce_thumbnail":["https:\/\/sharewalker.com\/wp-content\/uploads\/2025\/03\/10001-14-e1742815230983-300x300.jpg",300,300,true],"woocommerce_single":["https:\/\/sharewalker.com\/wp-content\/uploads\/2025\/03\/10001-14-e1742815230983-300x297.jpg",300,297,true],"woocommerce_gallery_thumbnail":["https:\/\/sharewalker.com\/wp-content\/uploads\/2025\/03\/10001-14-e1742815230983-100x100.jpg",100,100,true]},"uagb_author_info":{"display_name":"admin","author_link":"https:\/\/sharewalker.com\/pt\/author\/"},"uagb_comment_info":0,"uagb_excerpt":"This is a newly optimized multi-language order grabbing system supporting USDT recharge auto callback, featuring automatic order matching, three-level distribution, agent backend, and more to enhance user experience and operational efficiency.\u200b","_links":{"self":[{"href":"https:\/\/sharewalker.com\/pt\/wp-json\/wp\/v2\/product\/2339","targetHints":{"allow":["GET"]}}],"collection":[{"href":"https:\/\/sharewalker.com\/pt\/wp-json\/wp\/v2\/product"}],"about":[{"href":"https:\/\/sharewalker.com\/pt\/wp-json\/wp\/v2\/types\/product"}],"replies":[{"embeddable":true,"href":"https:\/\/sharewalker.com\/pt\/wp-json\/wp\/v2\/comments?post=2339"}],"version-history":[{"count":0,"href":"https:\/\/sharewalker.com\/pt\/wp-json\/wp\/v2\/product\/2339\/revisions"}],"wp:featuredmedia":[{"embeddable":true,"href":"https:\/\/sharewalker.com\/pt\/wp-json\/wp\/v2\/media\/2340"}],"wp:attachment":[{"href":"https:\/\/sharewalker.com\/pt\/wp-json\/wp\/v2\/media?parent=2339"}],"wp:term":[{"taxonomy":"product_brand","embeddable":true,"href":"https:\/\/sharewalker.com\/pt\/wp-json\/wp\/v2\/product_brand?post=2339"},{"taxonomy":"product_cat","embeddable":true,"href":"https:\/\/sharewalker.com\/pt\/wp-json\/wp\/v2\/product_cat?post=2339"},{"taxonomy":"product_tag","embeddable":true,"href":"https:\/\/sharewalker.com\/pt\/wp-json\/wp\/v2\/product_tag?post=2339"}],"curies":[{"name":"wp","href":"https:\/\/api.w.org\/{rel}","templated":true}]}}