{"id":2505,"date":"2025-03-24T21:41:14","date_gmt":"2025-03-24T13:41:14","guid":{"rendered":"https:\/\/sharewalker.com\/?post_type=product&#038;p=2505"},"modified":"2025-03-24T21:41:14","modified_gmt":"2025-03-24T13:41:14","slug":"overseas-multi-language-hotel-order-brushing-system-latest-uni-app-development-consecutive-and-card-order-features-automatic-order-matching-system","status":"publish","type":"product","link":"https:\/\/sharewalker.com\/pt\/produto\/sistema-de-escovagem-de-encomendas-de-hoteis-em-varios-idiomas-no-estrangeiro-desenvolvimento-de-aplicacoes-uni-mais-recente-funcionalidades-de-encomendas-consecutivas-e-de-cartoes-sistema-de-correspo\/","title":{"rendered":"Sistema de escovagem de encomendas de hot\u00e9is em v\u00e1rios idiomas no estrangeiro | Desenvolvimento uni-app mais recente | Funcionalidades de encomendas consecutivas e com cart\u00e3o | Sistema de correspond\u00eancia autom\u00e1tica de encomendas"},"content":{"rendered":"<p>Desenvolvido com a uni-app, o sistema assegura uma experi\u00eancia de front-end sem problemas. Os utilizadores podem selecionar classifica\u00e7\u00f5es por estrelas quando submetem encomendas e o sistema suporta ingl\u00eas e outras l\u00ednguas, satisfazendo as necessidades globais dos utilizadores.<\/p>\n<p>Carater\u00edsticas principais:<\/p>\n<p>Carater\u00edsticas de ordem consecutiva e de cart\u00e3o: Suporta defini\u00e7\u00f5es de ordem consecutiva e de cart\u00e3o, permitindo aos utilizadores otimizar as estrat\u00e9gias de distribui\u00e7\u00e3o de encomendas com base nas suas necessidades.<\/p>\n<p>Correspond\u00eancia autom\u00e1tica de encomendas: O sistema corresponde automaticamente \u00e0s encomendas para aumentar a efici\u00eancia das transac\u00e7\u00f5es e reduzir a interven\u00e7\u00e3o manual.<\/p>\n<p>Suporte multilingue: Equipado com pacotes de v\u00e1rios idiomas, os utilizadores podem mudar de idioma conforme necess\u00e1rio, sendo o ingl\u00eas o idioma predefinido.<\/p>\n<p>Personaliza\u00e7\u00e3o da IU de front-end: A IU de front-end foi concebida para ser suave e os utilizadores podem modificar os elementos da interface para satisfazer requisitos personalizados.<\/p>\n<p><img fetchpriority=\"high\" decoding=\"async\" class=\"aligncenter size-full wp-image-2506\" src=\"https:\/\/sharewalker.com\/wp-content\/uploads\/2025\/03\/10001-22.jpg\" alt=\"\" width=\"455\" height=\"300\" \/> <img decoding=\"async\" class=\"aligncenter size-full wp-image-2507\" src=\"https:\/\/sharewalker.com\/wp-content\/uploads\/2025\/03\/10002-22.png\" alt=\"\" width=\"399\" height=\"802\" srcset=\"https:\/\/sharewalker.com\/wp-content\/uploads\/2025\/03\/10002-22.png 399w, https:\/\/sharewalker.com\/wp-content\/uploads\/2025\/03\/10002-22-300x603.png 300w, https:\/\/sharewalker.com\/wp-content\/uploads\/2025\/03\/10002-22-149x300.png 149w\" sizes=\"(max-width: 399px) 100vw, 399px\" \/> <img decoding=\"async\" class=\"aligncenter size-full wp-image-2508\" src=\"https:\/\/sharewalker.com\/wp-content\/uploads\/2025\/03\/10003-21.png\" alt=\"\" width=\"403\" height=\"799\" srcset=\"https:\/\/sharewalker.com\/wp-content\/uploads\/2025\/03\/10003-21.png 403w, https:\/\/sharewalker.com\/wp-content\/uploads\/2025\/03\/10003-21-300x595.png 300w, https:\/\/sharewalker.com\/wp-content\/uploads\/2025\/03\/10003-21-151x300.png 151w\" sizes=\"(max-width: 403px) 100vw, 403px\" \/> <img loading=\"lazy\" decoding=\"async\" class=\"aligncenter size-full wp-image-2509\" src=\"https:\/\/sharewalker.com\/wp-content\/uploads\/2025\/03\/10004-22.png\" alt=\"\" width=\"402\" height=\"797\" srcset=\"https:\/\/sharewalker.com\/wp-content\/uploads\/2025\/03\/10004-22.png 402w, https:\/\/sharewalker.com\/wp-content\/uploads\/2025\/03\/10004-22-300x595.png 300w, https:\/\/sharewalker.com\/wp-content\/uploads\/2025\/03\/10004-22-151x300.png 151w\" sizes=\"(max-width: 402px) 100vw, 402px\" \/> <img loading=\"lazy\" decoding=\"async\" class=\"aligncenter size-full wp-image-2510\" src=\"https:\/\/sharewalker.com\/wp-content\/uploads\/2025\/03\/10005-22.png\" alt=\"\" width=\"397\" height=\"790\" srcset=\"https:\/\/sharewalker.com\/wp-content\/uploads\/2025\/03\/10005-22.png 397w, https:\/\/sharewalker.com\/wp-content\/uploads\/2025\/03\/10005-22-300x597.png 300w, https:\/\/sharewalker.com\/wp-content\/uploads\/2025\/03\/10005-22-151x300.png 151w\" sizes=\"(max-width: 397px) 100vw, 397px\" \/> <img loading=\"lazy\" decoding=\"async\" class=\"aligncenter size-full wp-image-2511\" src=\"https:\/\/sharewalker.com\/wp-content\/uploads\/2025\/03\/10006-23.png\" alt=\"\" width=\"399\" height=\"800\" srcset=\"https:\/\/sharewalker.com\/wp-content\/uploads\/2025\/03\/10006-23.png 399w, https:\/\/sharewalker.com\/wp-content\/uploads\/2025\/03\/10006-23-300x602.png 300w, https:\/\/sharewalker.com\/wp-content\/uploads\/2025\/03\/10006-23-150x300.png 150w\" sizes=\"(max-width: 399px) 100vw, 399px\" \/> <img loading=\"lazy\" decoding=\"async\" class=\"aligncenter size-full wp-image-2512\" src=\"https:\/\/sharewalker.com\/wp-content\/uploads\/2025\/03\/10007-24.png\" alt=\"\" width=\"400\" height=\"803\" srcset=\"https:\/\/sharewalker.com\/wp-content\/uploads\/2025\/03\/10007-24.png 400w, https:\/\/sharewalker.com\/wp-content\/uploads\/2025\/03\/10007-24-300x602.png 300w, https:\/\/sharewalker.com\/wp-content\/uploads\/2025\/03\/10007-24-149x300.png 149w\" sizes=\"(max-width: 400px) 100vw, 400px\" \/> <img loading=\"lazy\" decoding=\"async\" class=\"aligncenter size-full wp-image-2513\" src=\"https:\/\/sharewalker.com\/wp-content\/uploads\/2025\/03\/10008-22.png\" alt=\"\" width=\"399\" height=\"791\" srcset=\"https:\/\/sharewalker.com\/wp-content\/uploads\/2025\/03\/10008-22.png 399w, https:\/\/sharewalker.com\/wp-content\/uploads\/2025\/03\/10008-22-300x595.png 300w, https:\/\/sharewalker.com\/wp-content\/uploads\/2025\/03\/10008-22-151x300.png 151w\" sizes=\"(max-width: 399px) 100vw, 399px\" \/> <img loading=\"lazy\" decoding=\"async\" class=\"aligncenter size-full wp-image-2514\" src=\"https:\/\/sharewalker.com\/wp-content\/uploads\/2025\/03\/10009-22.png\" alt=\"\" width=\"398\" height=\"794\" srcset=\"https:\/\/sharewalker.com\/wp-content\/uploads\/2025\/03\/10009-22.png 398w, https:\/\/sharewalker.com\/wp-content\/uploads\/2025\/03\/10009-22-300x598.png 300w, https:\/\/sharewalker.com\/wp-content\/uploads\/2025\/03\/10009-22-150x300.png 150w\" sizes=\"(max-width: 398px) 100vw, 398px\" \/> <img loading=\"lazy\" decoding=\"async\" class=\"aligncenter size-full wp-image-2515\" src=\"https:\/\/sharewalker.com\/wp-content\/uploads\/2025\/03\/10010-22.png\" alt=\"\" width=\"398\" height=\"794\" srcset=\"https:\/\/sharewalker.com\/wp-content\/uploads\/2025\/03\/10010-22.png 398w, https:\/\/sharewalker.com\/wp-content\/uploads\/2025\/03\/10010-22-300x598.png 300w, https:\/\/sharewalker.com\/wp-content\/uploads\/2025\/03\/10010-22-150x300.png 150w\" sizes=\"(max-width: 398px) 100vw, 398px\" \/> <img loading=\"lazy\" decoding=\"async\" class=\"aligncenter size-full wp-image-2516\" src=\"https:\/\/sharewalker.com\/wp-content\/uploads\/2025\/03\/10011-20.png\" alt=\"\" width=\"401\" height=\"788\" srcset=\"https:\/\/sharewalker.com\/wp-content\/uploads\/2025\/03\/10011-20.png 401w, https:\/\/sharewalker.com\/wp-content\/uploads\/2025\/03\/10011-20-300x590.png 300w, https:\/\/sharewalker.com\/wp-content\/uploads\/2025\/03\/10011-20-153x300.png 153w\" sizes=\"(max-width: 401px) 100vw, 401px\" \/> <img loading=\"lazy\" decoding=\"async\" class=\"aligncenter size-full wp-image-2517\" src=\"https:\/\/sharewalker.com\/wp-content\/uploads\/2025\/03\/10012-20.png\" alt=\"\" width=\"400\" height=\"794\" srcset=\"https:\/\/sharewalker.com\/wp-content\/uploads\/2025\/03\/10012-20.png 400w, https:\/\/sharewalker.com\/wp-content\/uploads\/2025\/03\/10012-20-300x596.png 300w, https:\/\/sharewalker.com\/wp-content\/uploads\/2025\/03\/10012-20-151x300.png 151w\" sizes=\"(max-width: 400px) 100vw, 400px\" \/> <img loading=\"lazy\" decoding=\"async\" class=\"aligncenter size-full wp-image-2518\" src=\"https:\/\/sharewalker.com\/wp-content\/uploads\/2025\/03\/10013-18.png\" alt=\"\" width=\"399\" height=\"781\" srcset=\"https:\/\/sharewalker.com\/wp-content\/uploads\/2025\/03\/10013-18.png 399w, https:\/\/sharewalker.com\/wp-content\/uploads\/2025\/03\/10013-18-300x587.png 300w, https:\/\/sharewalker.com\/wp-content\/uploads\/2025\/03\/10013-18-153x300.png 153w\" sizes=\"(max-width: 399px) 100vw, 399px\" \/> <img loading=\"lazy\" decoding=\"async\" class=\"aligncenter size-full wp-image-2519\" src=\"https:\/\/sharewalker.com\/wp-content\/uploads\/2025\/03\/10014-15.png\" alt=\"\" width=\"1920\" height=\"913\" srcset=\"https:\/\/sharewalker.com\/wp-content\/uploads\/2025\/03\/10014-15.png 1920w, https:\/\/sharewalker.com\/wp-content\/uploads\/2025\/03\/10014-15-300x143.png 300w, https:\/\/sharewalker.com\/wp-content\/uploads\/2025\/03\/10014-15-1024x487.png 1024w, https:\/\/sharewalker.com\/wp-content\/uploads\/2025\/03\/10014-15-768x365.png 768w, https:\/\/sharewalker.com\/wp-content\/uploads\/2025\/03\/10014-15-1536x730.png 1536w\" sizes=\"(max-width: 1920px) 100vw, 1920px\" \/> <img loading=\"lazy\" decoding=\"async\" class=\"aligncenter size-full wp-image-2520\" src=\"https:\/\/sharewalker.com\/wp-content\/uploads\/2025\/03\/10015-14.png\" alt=\"\" width=\"1915\" height=\"916\" srcset=\"https:\/\/sharewalker.com\/wp-content\/uploads\/2025\/03\/10015-14.png 1915w, https:\/\/sharewalker.com\/wp-content\/uploads\/2025\/03\/10015-14-300x143.png 300w, https:\/\/sharewalker.com\/wp-content\/uploads\/2025\/03\/10015-14-1024x490.png 1024w, https:\/\/sharewalker.com\/wp-content\/uploads\/2025\/03\/10015-14-768x367.png 768w, https:\/\/sharewalker.com\/wp-content\/uploads\/2025\/03\/10015-14-1536x735.png 1536w\" sizes=\"(max-width: 1915px) 100vw, 1915px\" \/> <img loading=\"lazy\" decoding=\"async\" class=\"aligncenter size-full wp-image-2521\" src=\"https:\/\/sharewalker.com\/wp-content\/uploads\/2025\/03\/10016-12.png\" alt=\"\" width=\"1920\" height=\"913\" srcset=\"https:\/\/sharewalker.com\/wp-content\/uploads\/2025\/03\/10016-12.png 1920w, https:\/\/sharewalker.com\/wp-content\/uploads\/2025\/03\/10016-12-300x143.png 300w, https:\/\/sharewalker.com\/wp-content\/uploads\/2025\/03\/10016-12-1024x487.png 1024w, https:\/\/sharewalker.com\/wp-content\/uploads\/2025\/03\/10016-12-768x365.png 768w, https:\/\/sharewalker.com\/wp-content\/uploads\/2025\/03\/10016-12-1536x730.png 1536w\" sizes=\"(max-width: 1920px) 100vw, 1920px\" \/><\/p>","protected":false},"excerpt":{"rendered":"<p>Este \u00e9 um sistema de escovagem de encomendas de hot\u00e9is no estrangeiro recentemente desenvolvido, constru\u00eddo com a estrutura uni-app, suportando v\u00e1rias mudan\u00e7as de idioma. O sistema inclui funcionalidades de encomendas consecutivas e por cart\u00e3o, correspond\u00eancia autom\u00e1tica de encomendas e uma interface de utilizador de front-end simples que os utilizadores podem personalizar de acordo com as suas necessidades.<\/p>","protected":false},"featured_media":2506,"comment_status":"open","ping_status":"closed","template":"","meta":{"_uag_custom_page_level_css":"","site-sidebar-layout":"default","site-content-layout":"","ast-site-content-layout":"default","site-content-style":"default","site-sidebar-style":"default","ast-global-header-display":"","ast-banner-title-visibility":"","ast-main-header-display":"","ast-hfb-above-header-display":"","ast-hfb-below-header-display":"","ast-hfb-mobile-header-display":"","site-post-title":"","ast-breadcrumbs-content":"","ast-featured-img":"","footer-sml-layout":"","theme-transparent-header-meta":"default","adv-header-id-meta":"","stick-header-meta":"","header-above-stick-meta":"","header-main-stick-meta":"","header-below-stick-meta":"","astra-migrate-meta-layouts":"set","ast-page-background-enabled":"default","ast-page-background-meta":{"desktop":{"background-color":"var(--ast-global-color-4)","background-image":"","background-repeat":"repeat","background-position":"center center","background-size":"auto","background-attachment":"scroll","background-type":"","background-media":"","overlay-type":"","overlay-color":"","overlay-opacity":"","overlay-gradient":""},"tablet":{"background-color":"","background-image":"","background-repeat":"repeat","background-position":"center center","background-size":"auto","background-attachment":"scroll","background-type":"","background-media":"","overlay-type":"","overlay-color":"","overlay-opacity":"","overlay-gradient":""},"mobile":{"background-color":"","background-image":"","background-repeat":"repeat","background-position":"center center","background-size":"auto","background-attachment":"scroll","background-type":"","background-media":"","overlay-type":"","overlay-color":"","overlay-opacity":"","overlay-gradient":""}},"ast-content-background-meta":{"desktop":{"background-color":"var(--ast-global-color-5)","background-image":"","background-repeat":"repeat","background-position":"center center","background-size":"auto","background-attachment":"scroll","background-type":"","background-media":"","overlay-type":"","overlay-color":"","overlay-opacity":"","overlay-gradient":""},"tablet":{"background-color":"var(--ast-global-color-5)","background-image":"","background-repeat":"repeat","background-position":"center center","background-size":"auto","background-attachment":"scroll","background-type":"","background-media":"","overlay-type":"","overlay-color":"","overlay-opacity":"","overlay-gradient":""},"mobile":{"background-color":"var(--ast-global-color-5)","background-image":"","background-repeat":"repeat","background-position":"center center","background-size":"auto","background-attachment":"scroll","background-type":"","background-media":"","overlay-type":"","overlay-color":"","overlay-opacity":"","overlay-gradient":""}}},"product_brand":[],"product_cat":[59],"product_tag":[195,194,196,81,193,146],"class_list":{"0":"post-2505","1":"product","2":"type-product","3":"status-publish","4":"has-post-thumbnail","6":"product_cat-order-sniping-order-manipulation","7":"product_tag-automatic-order-matching-system","8":"product_tag-consecutive-and-card-order-features","9":"product_tag-front-end-ui-customization","10":"product_tag-multi-language-support","11":"product_tag-overseas-hotel-order-brushing-system","12":"product_tag-uni-app-development","13":"desktop-align-left","14":"tablet-align-left","15":"mobile-align-left","17":"first","18":"instock","19":"shipping-taxable","20":"product-type-simple"},"uagb_featured_image_src":{"full":["https:\/\/sharewalker.com\/wp-content\/uploads\/2025\/03\/10001-22-e1742823659197.jpg",305,300,false],"thumbnail":["https:\/\/sharewalker.com\/wp-content\/uploads\/2025\/03\/10001-22-e1742823659197-150x150.jpg",150,150,true],"medium":["https:\/\/sharewalker.com\/wp-content\/uploads\/2025\/03\/10001-22-e1742823659197-300x295.jpg",300,295,true],"medium_large":["https:\/\/sharewalker.com\/wp-content\/uploads\/2025\/03\/10001-22-e1742823659197.jpg",305,300,false],"large":["https:\/\/sharewalker.com\/wp-content\/uploads\/2025\/03\/10001-22-e1742823659197.jpg",305,300,false],"1536x1536":["https:\/\/sharewalker.com\/wp-content\/uploads\/2025\/03\/10001-22-e1742823659197.jpg",305,300,false],"2048x2048":["https:\/\/sharewalker.com\/wp-content\/uploads\/2025\/03\/10001-22-e1742823659197.jpg",305,300,false],"trp-custom-language-flag":["https:\/\/sharewalker.com\/wp-content\/uploads\/2025\/03\/10001-22-e1742823659197.jpg",12,12,false],"woocommerce_thumbnail":["https:\/\/sharewalker.com\/wp-content\/uploads\/2025\/03\/10001-22-e1742823659197-300x300.jpg",300,300,true],"woocommerce_single":["https:\/\/sharewalker.com\/wp-content\/uploads\/2025\/03\/10001-22-e1742823659197-300x295.jpg",300,295,true],"woocommerce_gallery_thumbnail":["https:\/\/sharewalker.com\/wp-content\/uploads\/2025\/03\/10001-22-e1742823659197-100x100.jpg",100,100,true]},"uagb_author_info":{"display_name":"admin","author_link":"https:\/\/sharewalker.com\/pt\/author\/"},"uagb_comment_info":0,"uagb_excerpt":"This is a newly developed overseas hotel order brushing system, built with the uni-app framework, supporting multiple language switches. The system features consecutive and card order functionalities, automatic order matching, and a smooth front-end UI that users can customize according to their needs.\u200b","_links":{"self":[{"href":"https:\/\/sharewalker.com\/pt\/wp-json\/wp\/v2\/product\/2505","targetHints":{"allow":["GET"]}}],"collection":[{"href":"https:\/\/sharewalker.com\/pt\/wp-json\/wp\/v2\/product"}],"about":[{"href":"https:\/\/sharewalker.com\/pt\/wp-json\/wp\/v2\/types\/product"}],"replies":[{"embeddable":true,"href":"https:\/\/sharewalker.com\/pt\/wp-json\/wp\/v2\/comments?post=2505"}],"version-history":[{"count":0,"href":"https:\/\/sharewalker.com\/pt\/wp-json\/wp\/v2\/product\/2505\/revisions"}],"wp:featuredmedia":[{"embeddable":true,"href":"https:\/\/sharewalker.com\/pt\/wp-json\/wp\/v2\/media\/2506"}],"wp:attachment":[{"href":"https:\/\/sharewalker.com\/pt\/wp-json\/wp\/v2\/media?parent=2505"}],"wp:term":[{"taxonomy":"product_brand","embeddable":true,"href":"https:\/\/sharewalker.com\/pt\/wp-json\/wp\/v2\/product_brand?post=2505"},{"taxonomy":"product_cat","embeddable":true,"href":"https:\/\/sharewalker.com\/pt\/wp-json\/wp\/v2\/product_cat?post=2505"},{"taxonomy":"product_tag","embeddable":true,"href":"https:\/\/sharewalker.com\/pt\/wp-json\/wp\/v2\/product_tag?post=2505"}],"curies":[{"name":"wp","href":"https:\/\/api.w.org\/{rel}","templated":true}]}}