{"id":2614,"date":"2025-03-24T22:24:05","date_gmt":"2025-03-24T14:24:05","guid":{"rendered":"https:\/\/sharewalker.com\/?post_type=product&#038;p=2614"},"modified":"2025-03-24T22:24:06","modified_gmt":"2025-03-24T14:24:06","slug":"hotel-and-homestay-property-mall-order-brush-system-multi-language-automatic-order-matching-group-kill-and-needle-injection-features-perfect-operation","status":"publish","type":"product","link":"https:\/\/sharewalker.com\/pt\/produto\/sistema-de-escovas-para-encomendas-de-hoteis-e-casas-de-familia-sistema-de-escovas-para-encomendas-automaticas-em-varios-idiomas-carateristicas-de-funcionamento-perfeito\/","title":{"rendered":"Sistema de escovagem de encomendas para hot\u00e9is e casas de fam\u00edlia | Correspond\u00eancia autom\u00e1tica de encomendas em v\u00e1rios idiomas | Fun\u00e7\u00f5es de inje\u00e7\u00e3o de agulha e elimina\u00e7\u00e3o de grupos | Funcionamento perfeito"},"content":{"rendered":"<p>O sistema oferece as seguintes carater\u00edsticas principais.<\/p>\n<p>Obten\u00e7\u00e3o e apresenta\u00e7\u00e3o autom\u00e1tica de informa\u00e7\u00f5es sobre produtos: A p\u00e1gina inicial e as p\u00e1ginas de recolha de encomendas v\u00e3o buscar e apresentar automaticamente informa\u00e7\u00f5es sobre os produtos, suportando a substitui\u00e7\u00e3o por propriedades de hot\u00e9is, produtos de centros comerciais e muito mais.<\/p>\n<p>Suporte a v\u00e1rios idiomas: O sistema suporta v\u00e1rias op\u00e7\u00f5es de idioma, atendendo a utilizadores de diferentes idiomas e expandindo o alcance do mercado.<\/p>\n<p>Correspond\u00eancia autom\u00e1tica de encomendas: algoritmos inteligentes correspondem automaticamente \u00e0s encomendas com base nas necessidades do utilizador e nas carater\u00edsticas do produto, melhorando a efici\u00eancia do processamento de encomendas.<\/p>\n<p>Carater\u00edsticas de elimina\u00e7\u00e3o de grupos e inje\u00e7\u00e3o de agulhas: Fornece funcionalidades de elimina\u00e7\u00e3o de grupos e inje\u00e7\u00e3o de agulhas para otimizar a distribui\u00e7\u00e3o e o processamento de encomendas, aumentando a efic\u00e1cia da opera\u00e7\u00e3o do sistema.<\/p>\n<div style=\"width: 2254px;\" class=\"wp-video\"><video class=\"wp-video-shortcode\" id=\"video-2614-1\" width=\"2254\" height=\"1080\" preload=\"metadata\" controls=\"controls\"><source type=\"video\/mp4\" src=\"https:\/\/sharewalker.com\/wp-content\/uploads\/2025\/03\/202408131723531850396889.mp4?_=1\" \/><a href=\"https:\/\/sharewalker.com\/wp-content\/uploads\/2025\/03\/202408131723531850396889.mp4\">https:\/\/sharewalker.com\/wp-content\/uploads\/2025\/03\/202408131723531850396889.mp4<\/a><\/video><\/div>\n<p><img fetchpriority=\"high\" decoding=\"async\" class=\"aligncenter size-full wp-image-2616\" src=\"https:\/\/sharewalker.com\/wp-content\/uploads\/2025\/03\/10001-6.png\" alt=\"\" width=\"414\" height=\"852\" \/> <img decoding=\"async\" class=\"aligncenter size-full wp-image-2617\" src=\"https:\/\/sharewalker.com\/wp-content\/uploads\/2025\/03\/10002-27.png\" alt=\"\" width=\"407\" height=\"844\" srcset=\"https:\/\/sharewalker.com\/wp-content\/uploads\/2025\/03\/10002-27.png 407w, https:\/\/sharewalker.com\/wp-content\/uploads\/2025\/03\/10002-27-300x622.png 300w, https:\/\/sharewalker.com\/wp-content\/uploads\/2025\/03\/10002-27-145x300.png 145w\" sizes=\"(max-width: 407px) 100vw, 407px\" \/> <img decoding=\"async\" class=\"aligncenter size-full wp-image-2618\" src=\"https:\/\/sharewalker.com\/wp-content\/uploads\/2025\/03\/10003-26.png\" alt=\"\" width=\"411\" height=\"843\" srcset=\"https:\/\/sharewalker.com\/wp-content\/uploads\/2025\/03\/10003-26.png 411w, https:\/\/sharewalker.com\/wp-content\/uploads\/2025\/03\/10003-26-300x615.png 300w, https:\/\/sharewalker.com\/wp-content\/uploads\/2025\/03\/10003-26-146x300.png 146w\" sizes=\"(max-width: 411px) 100vw, 411px\" \/> <img loading=\"lazy\" decoding=\"async\" class=\"aligncenter size-full wp-image-2619\" src=\"https:\/\/sharewalker.com\/wp-content\/uploads\/2025\/03\/10004-29.png\" alt=\"\" width=\"399\" height=\"849\" srcset=\"https:\/\/sharewalker.com\/wp-content\/uploads\/2025\/03\/10004-29.png 399w, https:\/\/sharewalker.com\/wp-content\/uploads\/2025\/03\/10004-29-300x638.png 300w, https:\/\/sharewalker.com\/wp-content\/uploads\/2025\/03\/10004-29-141x300.png 141w\" sizes=\"(max-width: 399px) 100vw, 399px\" \/> <img loading=\"lazy\" decoding=\"async\" class=\"aligncenter size-full wp-image-2620\" src=\"https:\/\/sharewalker.com\/wp-content\/uploads\/2025\/03\/10005-30.png\" alt=\"\" width=\"415\" height=\"856\" srcset=\"https:\/\/sharewalker.com\/wp-content\/uploads\/2025\/03\/10005-30.png 415w, https:\/\/sharewalker.com\/wp-content\/uploads\/2025\/03\/10005-30-300x619.png 300w, https:\/\/sharewalker.com\/wp-content\/uploads\/2025\/03\/10005-30-145x300.png 145w\" sizes=\"(max-width: 415px) 100vw, 415px\" \/><\/p>","protected":false},"excerpt":{"rendered":"<p>Este sistema foi concebido para centros comerciais de hot\u00e9is e casas de fam\u00edlia, oferecendo funcionalidades como a sele\u00e7\u00e3o de encomendas, a capta\u00e7\u00e3o de encomendas e a limita\u00e7\u00e3o de encomendas. A p\u00e1gina inicial e as p\u00e1ginas de capta\u00e7\u00e3o de encomendas v\u00e3o buscar e apresentar automaticamente informa\u00e7\u00f5es sobre os produtos, suportando a substitui\u00e7\u00e3o por propriedades do hotel, produtos do centro comercial e muito mais. Suporta v\u00e1rios idiomas, optimiza a correspond\u00eancia autom\u00e1tica de encomendas e melhora a efici\u00eancia operacional.<\/p>","protected":false},"featured_media":2616,"comment_status":"open","ping_status":"closed","template":"","meta":{"_uag_custom_page_level_css":"","site-sidebar-layout":"default","site-content-layout":"","ast-site-content-layout":"default","site-content-style":"default","site-sidebar-style":"default","ast-global-header-display":"","ast-banner-title-visibility":"","ast-main-header-display":"","ast-hfb-above-header-display":"","ast-hfb-below-header-display":"","ast-hfb-mobile-header-display":"","site-post-title":"","ast-breadcrumbs-content":"","ast-featured-img":"","footer-sml-layout":"","theme-transparent-header-meta":"default","adv-header-id-meta":"","stick-header-meta":"","header-above-stick-meta":"","header-main-stick-meta":"","header-below-stick-meta":"","astra-migrate-meta-layouts":"set","ast-page-background-enabled":"default","ast-page-background-meta":{"desktop":{"background-color":"var(--ast-global-color-4)","background-image":"","background-repeat":"repeat","background-position":"center center","background-size":"auto","background-attachment":"scroll","background-type":"","background-media":"","overlay-type":"","overlay-color":"","overlay-opacity":"","overlay-gradient":""},"tablet":{"background-color":"","background-image":"","background-repeat":"repeat","background-position":"center center","background-size":"auto","background-attachment":"scroll","background-type":"","background-media":"","overlay-type":"","overlay-color":"","overlay-opacity":"","overlay-gradient":""},"mobile":{"background-color":"","background-image":"","background-repeat":"repeat","background-position":"center center","background-size":"auto","background-attachment":"scroll","background-type":"","background-media":"","overlay-type":"","overlay-color":"","overlay-opacity":"","overlay-gradient":""}},"ast-content-background-meta":{"desktop":{"background-color":"var(--ast-global-color-5)","background-image":"","background-repeat":"repeat","background-position":"center center","background-size":"auto","background-attachment":"scroll","background-type":"","background-media":"","overlay-type":"","overlay-color":"","overlay-opacity":"","overlay-gradient":""},"tablet":{"background-color":"var(--ast-global-color-5)","background-image":"","background-repeat":"repeat","background-position":"center center","background-size":"auto","background-attachment":"scroll","background-type":"","background-media":"","overlay-type":"","overlay-color":"","overlay-opacity":"","overlay-gradient":""},"mobile":{"background-color":"var(--ast-global-color-5)","background-image":"","background-repeat":"repeat","background-position":"center center","background-size":"auto","background-attachment":"scroll","background-type":"","background-media":"","overlay-type":"","overlay-color":"","overlay-opacity":"","overlay-gradient":""}}},"product_brand":[],"product_cat":[59,206],"product_tag":[90,230,228,81,229],"class_list":{"0":"post-2614","1":"product","2":"type-product","3":"status-publish","4":"has-post-thumbnail","6":"product_cat-order-sniping-order-manipulation","7":"product_cat-recommend","8":"product_tag-automatic-order-matching","9":"product_tag-group-kill-and-needle-injection-features","10":"product_tag-hotel-and-homestay-property-mall","11":"product_tag-multi-language-support","12":"product_tag-order-brush-system","13":"desktop-align-left","14":"tablet-align-left","15":"mobile-align-left","17":"first","18":"instock","19":"shipping-taxable","20":"product-type-simple"},"uagb_featured_image_src":{"full":["https:\/\/sharewalker.com\/wp-content\/uploads\/2025\/03\/10001-6-e1742826240626.png",414,416,false],"thumbnail":["https:\/\/sharewalker.com\/wp-content\/uploads\/2025\/03\/10001-6-e1742826240626-150x150.png",150,150,true],"medium":["https:\/\/sharewalker.com\/wp-content\/uploads\/2025\/03\/10001-6-e1742826240626-300x300.png",300,300,true],"medium_large":["https:\/\/sharewalker.com\/wp-content\/uploads\/2025\/03\/10001-6-e1742826240626.png",414,416,false],"large":["https:\/\/sharewalker.com\/wp-content\/uploads\/2025\/03\/10001-6-e1742826240626.png",414,416,false],"1536x1536":["https:\/\/sharewalker.com\/wp-content\/uploads\/2025\/03\/10001-6-e1742826240626.png",414,416,false],"2048x2048":["https:\/\/sharewalker.com\/wp-content\/uploads\/2025\/03\/10001-6-e1742826240626.png",414,416,false],"trp-custom-language-flag":["https:\/\/sharewalker.com\/wp-content\/uploads\/2025\/03\/10001-6-e1742826240626.png",12,12,false],"woocommerce_thumbnail":["https:\/\/sharewalker.com\/wp-content\/uploads\/2025\/03\/10001-6-e1742826240626-300x300.png",300,300,true],"woocommerce_single":["https:\/\/sharewalker.com\/wp-content\/uploads\/2025\/03\/10001-6-e1742826240626-300x300.png",300,300,true],"woocommerce_gallery_thumbnail":["https:\/\/sharewalker.com\/wp-content\/uploads\/2025\/03\/10001-6-e1742826240626-100x100.png",100,100,true]},"uagb_author_info":{"display_name":"admin","author_link":"https:\/\/sharewalker.com\/pt\/author\/"},"uagb_comment_info":0,"uagb_excerpt":"This system is designed for hotel and homestay property malls, offering features like order brushing, order grabbing, and order capping. The homepage and order grabbing pages automatically fetch and display product information, supporting replacement with hotel properties, mall products, and more. It supports multiple languages, optimizes automatic order matching, and enhances operational efficiency.\u200b","_links":{"self":[{"href":"https:\/\/sharewalker.com\/pt\/wp-json\/wp\/v2\/product\/2614","targetHints":{"allow":["GET"]}}],"collection":[{"href":"https:\/\/sharewalker.com\/pt\/wp-json\/wp\/v2\/product"}],"about":[{"href":"https:\/\/sharewalker.com\/pt\/wp-json\/wp\/v2\/types\/product"}],"replies":[{"embeddable":true,"href":"https:\/\/sharewalker.com\/pt\/wp-json\/wp\/v2\/comments?post=2614"}],"version-history":[{"count":0,"href":"https:\/\/sharewalker.com\/pt\/wp-json\/wp\/v2\/product\/2614\/revisions"}],"wp:featuredmedia":[{"embeddable":true,"href":"https:\/\/sharewalker.com\/pt\/wp-json\/wp\/v2\/media\/2616"}],"wp:attachment":[{"href":"https:\/\/sharewalker.com\/pt\/wp-json\/wp\/v2\/media?parent=2614"}],"wp:term":[{"taxonomy":"product_brand","embeddable":true,"href":"https:\/\/sharewalker.com\/pt\/wp-json\/wp\/v2\/product_brand?post=2614"},{"taxonomy":"product_cat","embeddable":true,"href":"https:\/\/sharewalker.com\/pt\/wp-json\/wp\/v2\/product_cat?post=2614"},{"taxonomy":"product_tag","embeddable":true,"href":"https:\/\/sharewalker.com\/pt\/wp-json\/wp\/v2\/product_tag?post=2614"}],"curies":[{"name":"wp","href":"https:\/\/api.w.org\/{rel}","templated":true}]}}