{"id":2745,"date":"2025-03-25T14:22:40","date_gmt":"2025-03-25T06:22:40","guid":{"rendered":"https:\/\/sharewalker.com\/?post_type=product&#038;p=2745"},"modified":"2025-03-28T13:57:50","modified_gmt":"2025-03-28T05:57:50","slug":"indian-traffic-light-tricolor-game-system-bilingual-support-exquisite-ui-design-preset-draw-function","status":"publish","type":"product","link":"https:\/\/sharewalker.com\/pt\/produto\/semaforo-indiano-tricolor-sistema-de-jogo-suporte-bilingue-concecao-requintada-da-interface-do-utilizador-funcao-de-desenho-predefinida\/","title":{"rendered":"Sistema de jogo tricolor de sem\u00e1foros indianos | Suporte bilingue | Design requintado da interface do utilizador | Fun\u00e7\u00e3o de desenho predefinida"},"content":{"rendered":"<p>Este sistema de jogo foi concebido especificamente para o mercado estrangeiro, incorporando a jogabilidade tricolor do sem\u00e1foro indiano com as seguintes carater\u00edsticas.<\/p>\n<p>Suporte bilingue: Oferece vers\u00f5es em ingl\u00eas e hindi para satisfazer as diversas prefer\u00eancias lingu\u00edsticas dos utilizadores e expandir o alcance do mercado.<\/p>\n<p>Design requintado da IU: Inclui duas interfaces de utilizador de alta qualidade, permitindo aos utilizadores mudar de acordo com as suas prefer\u00eancias, melhorando assim a experi\u00eancia visual.<\/p>\n<p>Fun\u00e7\u00e3o de sorteio predefinido: O sistema suporta sorteios predefinidos, melhorando a controlabilidade e a equidade do jogo, o que aumenta a confian\u00e7a do utilizador.<\/p>\n<p>Este sistema \u00e9 adequado para criadores e operadores que pretendam entrar no mercado de jogo indiano, fornecendo uma solu\u00e7\u00e3o eficiente e est\u00e1vel para apoiar o crescimento do neg\u00f3cio.<\/p>\n<p><img fetchpriority=\"high\" decoding=\"async\" class=\"aligncenter size-full wp-image-2746\" src=\"https:\/\/sharewalker.com\/wp-content\/uploads\/2025\/03\/10001-29.jpg\" alt=\"\" width=\"350\" height=\"280\" \/> <img decoding=\"async\" class=\"aligncenter size-full wp-image-2747\" src=\"https:\/\/sharewalker.com\/wp-content\/uploads\/2025\/03\/10002-29.png\" alt=\"\" width=\"392\" height=\"825\" srcset=\"https:\/\/sharewalker.com\/wp-content\/uploads\/2025\/03\/10002-29.png 392w, https:\/\/sharewalker.com\/wp-content\/uploads\/2025\/03\/10002-29-143x300.png 143w, https:\/\/sharewalker.com\/wp-content\/uploads\/2025\/03\/10002-29-300x631.png 300w\" sizes=\"(max-width: 392px) 100vw, 392px\" \/> <img decoding=\"async\" class=\"aligncenter size-full wp-image-2748\" src=\"https:\/\/sharewalker.com\/wp-content\/uploads\/2025\/03\/10003-28.png\" alt=\"\" width=\"399\" height=\"836\" srcset=\"https:\/\/sharewalker.com\/wp-content\/uploads\/2025\/03\/10003-28.png 399w, https:\/\/sharewalker.com\/wp-content\/uploads\/2025\/03\/10003-28-143x300.png 143w, https:\/\/sharewalker.com\/wp-content\/uploads\/2025\/03\/10003-28-300x629.png 300w\" sizes=\"(max-width: 399px) 100vw, 399px\" \/> <img loading=\"lazy\" decoding=\"async\" class=\"aligncenter size-full wp-image-2749\" src=\"https:\/\/sharewalker.com\/wp-content\/uploads\/2025\/03\/10004-31.png\" alt=\"\" width=\"392\" height=\"833\" srcset=\"https:\/\/sharewalker.com\/wp-content\/uploads\/2025\/03\/10004-31.png 392w, https:\/\/sharewalker.com\/wp-content\/uploads\/2025\/03\/10004-31-141x300.png 141w, https:\/\/sharewalker.com\/wp-content\/uploads\/2025\/03\/10004-31-300x638.png 300w\" sizes=\"(max-width: 392px) 100vw, 392px\" \/> <img loading=\"lazy\" decoding=\"async\" class=\"aligncenter size-full wp-image-2750\" src=\"https:\/\/sharewalker.com\/wp-content\/uploads\/2025\/03\/10005-32.png\" alt=\"\" width=\"389\" height=\"833\" srcset=\"https:\/\/sharewalker.com\/wp-content\/uploads\/2025\/03\/10005-32.png 389w, https:\/\/sharewalker.com\/wp-content\/uploads\/2025\/03\/10005-32-140x300.png 140w, https:\/\/sharewalker.com\/wp-content\/uploads\/2025\/03\/10005-32-300x642.png 300w\" sizes=\"(max-width: 389px) 100vw, 389px\" \/> <img loading=\"lazy\" decoding=\"async\" class=\"aligncenter size-full wp-image-2751\" src=\"https:\/\/sharewalker.com\/wp-content\/uploads\/2025\/03\/10006-31.png\" alt=\"\" width=\"392\" height=\"834\" srcset=\"https:\/\/sharewalker.com\/wp-content\/uploads\/2025\/03\/10006-31.png 392w, https:\/\/sharewalker.com\/wp-content\/uploads\/2025\/03\/10006-31-141x300.png 141w, https:\/\/sharewalker.com\/wp-content\/uploads\/2025\/03\/10006-31-300x638.png 300w\" sizes=\"(max-width: 392px) 100vw, 392px\" \/> <img loading=\"lazy\" decoding=\"async\" class=\"aligncenter size-full wp-image-2752\" src=\"https:\/\/sharewalker.com\/wp-content\/uploads\/2025\/03\/10007-31.png\" alt=\"\" width=\"392\" height=\"834\" srcset=\"https:\/\/sharewalker.com\/wp-content\/uploads\/2025\/03\/10007-31.png 392w, https:\/\/sharewalker.com\/wp-content\/uploads\/2025\/03\/10007-31-141x300.png 141w, https:\/\/sharewalker.com\/wp-content\/uploads\/2025\/03\/10007-31-300x638.png 300w\" sizes=\"(max-width: 392px) 100vw, 392px\" \/> <img loading=\"lazy\" decoding=\"async\" class=\"aligncenter size-full wp-image-2753\" src=\"https:\/\/sharewalker.com\/wp-content\/uploads\/2025\/03\/10008-29.png\" alt=\"\" width=\"396\" height=\"830\" srcset=\"https:\/\/sharewalker.com\/wp-content\/uploads\/2025\/03\/10008-29.png 396w, https:\/\/sharewalker.com\/wp-content\/uploads\/2025\/03\/10008-29-143x300.png 143w, https:\/\/sharewalker.com\/wp-content\/uploads\/2025\/03\/10008-29-300x629.png 300w\" sizes=\"(max-width: 396px) 100vw, 396px\" \/> <img loading=\"lazy\" decoding=\"async\" class=\"aligncenter size-full wp-image-2754\" src=\"https:\/\/sharewalker.com\/wp-content\/uploads\/2025\/03\/10009-29.png\" alt=\"\" width=\"402\" height=\"799\" srcset=\"https:\/\/sharewalker.com\/wp-content\/uploads\/2025\/03\/10009-29.png 402w, https:\/\/sharewalker.com\/wp-content\/uploads\/2025\/03\/10009-29-151x300.png 151w, https:\/\/sharewalker.com\/wp-content\/uploads\/2025\/03\/10009-29-300x596.png 300w\" sizes=\"(max-width: 402px) 100vw, 402px\" \/> <img loading=\"lazy\" decoding=\"async\" class=\"aligncenter size-full wp-image-2755\" src=\"https:\/\/sharewalker.com\/wp-content\/uploads\/2025\/03\/10010-29.png\" alt=\"\" width=\"399\" height=\"803\" srcset=\"https:\/\/sharewalker.com\/wp-content\/uploads\/2025\/03\/10010-29.png 399w, https:\/\/sharewalker.com\/wp-content\/uploads\/2025\/03\/10010-29-149x300.png 149w, https:\/\/sharewalker.com\/wp-content\/uploads\/2025\/03\/10010-29-300x604.png 300w\" sizes=\"(max-width: 399px) 100vw, 399px\" \/> <img loading=\"lazy\" decoding=\"async\" class=\"aligncenter size-full wp-image-2756\" src=\"https:\/\/sharewalker.com\/wp-content\/uploads\/2025\/03\/10011-26.png\" alt=\"\" width=\"402\" height=\"801\" srcset=\"https:\/\/sharewalker.com\/wp-content\/uploads\/2025\/03\/10011-26.png 402w, https:\/\/sharewalker.com\/wp-content\/uploads\/2025\/03\/10011-26-151x300.png 151w, https:\/\/sharewalker.com\/wp-content\/uploads\/2025\/03\/10011-26-300x598.png 300w\" sizes=\"(max-width: 402px) 100vw, 402px\" \/> <img loading=\"lazy\" decoding=\"async\" class=\"aligncenter size-full wp-image-2757\" src=\"https:\/\/sharewalker.com\/wp-content\/uploads\/2025\/03\/10012-26.png\" alt=\"\" width=\"397\" height=\"798\" srcset=\"https:\/\/sharewalker.com\/wp-content\/uploads\/2025\/03\/10012-26.png 397w, https:\/\/sharewalker.com\/wp-content\/uploads\/2025\/03\/10012-26-149x300.png 149w, https:\/\/sharewalker.com\/wp-content\/uploads\/2025\/03\/10012-26-300x603.png 300w\" sizes=\"(max-width: 397px) 100vw, 397px\" \/> <img loading=\"lazy\" decoding=\"async\" class=\"aligncenter size-full wp-image-2758\" src=\"https:\/\/sharewalker.com\/wp-content\/uploads\/2025\/03\/10013-24.png\" alt=\"\" width=\"402\" height=\"801\" srcset=\"https:\/\/sharewalker.com\/wp-content\/uploads\/2025\/03\/10013-24.png 402w, https:\/\/sharewalker.com\/wp-content\/uploads\/2025\/03\/10013-24-151x300.png 151w, https:\/\/sharewalker.com\/wp-content\/uploads\/2025\/03\/10013-24-300x598.png 300w\" sizes=\"(max-width: 402px) 100vw, 402px\" \/> <img loading=\"lazy\" decoding=\"async\" class=\"aligncenter size-full wp-image-2759\" src=\"https:\/\/sharewalker.com\/wp-content\/uploads\/2025\/03\/10014-20.png\" alt=\"\" width=\"1902\" height=\"936\" srcset=\"https:\/\/sharewalker.com\/wp-content\/uploads\/2025\/03\/10014-20.png 1902w, https:\/\/sharewalker.com\/wp-content\/uploads\/2025\/03\/10014-20-300x148.png 300w, https:\/\/sharewalker.com\/wp-content\/uploads\/2025\/03\/10014-20-1024x504.png 1024w, https:\/\/sharewalker.com\/wp-content\/uploads\/2025\/03\/10014-20-768x378.png 768w, https:\/\/sharewalker.com\/wp-content\/uploads\/2025\/03\/10014-20-1536x756.png 1536w\" sizes=\"(max-width: 1902px) 100vw, 1902px\" \/> <img loading=\"lazy\" decoding=\"async\" class=\"aligncenter size-full wp-image-2760\" src=\"https:\/\/sharewalker.com\/wp-content\/uploads\/2025\/03\/10015-18.png\" alt=\"\" width=\"1912\" height=\"938\" srcset=\"https:\/\/sharewalker.com\/wp-content\/uploads\/2025\/03\/10015-18.png 1912w, https:\/\/sharewalker.com\/wp-content\/uploads\/2025\/03\/10015-18-300x147.png 300w, https:\/\/sharewalker.com\/wp-content\/uploads\/2025\/03\/10015-18-1024x502.png 1024w, https:\/\/sharewalker.com\/wp-content\/uploads\/2025\/03\/10015-18-768x377.png 768w, https:\/\/sharewalker.com\/wp-content\/uploads\/2025\/03\/10015-18-1536x754.png 1536w\" sizes=\"(max-width: 1912px) 100vw, 1912px\" \/> <img loading=\"lazy\" decoding=\"async\" class=\"aligncenter size-full wp-image-2761\" src=\"https:\/\/sharewalker.com\/wp-content\/uploads\/2025\/03\/10016-15.png\" alt=\"\" width=\"1910\" height=\"932\" srcset=\"https:\/\/sharewalker.com\/wp-content\/uploads\/2025\/03\/10016-15.png 1910w, https:\/\/sharewalker.com\/wp-content\/uploads\/2025\/03\/10016-15-300x146.png 300w, https:\/\/sharewalker.com\/wp-content\/uploads\/2025\/03\/10016-15-1024x500.png 1024w, https:\/\/sharewalker.com\/wp-content\/uploads\/2025\/03\/10016-15-768x375.png 768w, https:\/\/sharewalker.com\/wp-content\/uploads\/2025\/03\/10016-15-1536x750.png 1536w\" sizes=\"(max-width: 1910px) 100vw, 1910px\" \/><\/p>","protected":false},"excerpt":{"rendered":"<p>Um sistema de jogo tricolor de sem\u00e1foros indiano recentemente desenvolvido que suporta os idiomas ingl\u00eas e hindi, com dois designs requintados de IU e uma fun\u00e7\u00e3o de desenho predefinida para melhorar a experi\u00eancia do utilizador.<\/p>","protected":false},"featured_media":9012,"comment_status":"open","ping_status":"closed","template":"","meta":{"_uag_custom_page_level_css":"","site-sidebar-layout":"default","site-content-layout":"","ast-site-content-layout":"default","site-content-style":"default","site-sidebar-style":"default","ast-global-header-display":"","ast-banner-title-visibility":"","ast-main-header-display":"","ast-hfb-above-header-display":"","ast-hfb-below-header-display":"","ast-hfb-mobile-header-display":"","site-post-title":"","ast-breadcrumbs-content":"","ast-featured-img":"","footer-sml-layout":"","theme-transparent-header-meta":"default","adv-header-id-meta":"","stick-header-meta":"","header-above-stick-meta":"","header-main-stick-meta":"","header-below-stick-meta":"","astra-migrate-meta-layouts":"set","ast-page-background-enabled":"default","ast-page-background-meta":{"desktop":{"background-color":"var(--ast-global-color-4)","background-image":"","background-repeat":"repeat","background-position":"center center","background-size":"auto","background-attachment":"scroll","background-type":"","background-media":"","overlay-type":"","overlay-color":"","overlay-opacity":"","overlay-gradient":""},"tablet":{"background-color":"","background-image":"","background-repeat":"repeat","background-position":"center center","background-size":"auto","background-attachment":"scroll","background-type":"","background-media":"","overlay-type":"","overlay-color":"","overlay-opacity":"","overlay-gradient":""},"mobile":{"background-color":"","background-image":"","background-repeat":"repeat","background-position":"center center","background-size":"auto","background-attachment":"scroll","background-type":"","background-media":"","overlay-type":"","overlay-color":"","overlay-opacity":"","overlay-gradient":""}},"ast-content-background-meta":{"desktop":{"background-color":"var(--ast-global-color-5)","background-image":"","background-repeat":"repeat","background-position":"center center","background-size":"auto","background-attachment":"scroll","background-type":"","background-media":"","overlay-type":"","overlay-color":"","overlay-opacity":"","overlay-gradient":""},"tablet":{"background-color":"var(--ast-global-color-5)","background-image":"","background-repeat":"repeat","background-position":"center center","background-size":"auto","background-attachment":"scroll","background-type":"","background-media":"","overlay-type":"","overlay-color":"","overlay-opacity":"","overlay-gradient":""},"mobile":{"background-color":"var(--ast-global-color-5)","background-image":"","background-repeat":"repeat","background-position":"center center","background-size":"auto","background-attachment":"scroll","background-type":"","background-media":"","overlay-type":"","overlay-color":"","overlay-opacity":"","overlay-gradient":""}}},"product_brand":[],"product_cat":[62],"product_tag":[256,257,254,259,258,255],"class_list":{"0":"post-2745","1":"product","2":"type-product","3":"status-publish","4":"has-post-thumbnail","6":"product_cat-gaming","7":"product_tag-bilingual-support","8":"product_tag-exquisite-ui-design","9":"product_tag-indian-traffic-light-game","10":"product_tag-overseas-game-development","11":"product_tag-preset-draw-function","12":"product_tag-tricolor-game-system","13":"desktop-align-left","14":"tablet-align-left","15":"mobile-align-left","17":"first","18":"instock","19":"shipping-taxable","20":"product-type-simple"},"uagb_featured_image_src":{"full":["https:\/\/sharewalker.com\/wp-content\/uploads\/2025\/03\/77777777.jpg",248,280,false],"thumbnail":["https:\/\/sharewalker.com\/wp-content\/uploads\/2025\/03\/77777777-150x150.jpg",150,150,true],"medium":["https:\/\/sharewalker.com\/wp-content\/uploads\/2025\/03\/77777777.jpg",248,280,false],"medium_large":["https:\/\/sharewalker.com\/wp-content\/uploads\/2025\/03\/77777777.jpg",248,280,false],"large":["https:\/\/sharewalker.com\/wp-content\/uploads\/2025\/03\/77777777.jpg",248,280,false],"1536x1536":["https:\/\/sharewalker.com\/wp-content\/uploads\/2025\/03\/77777777.jpg",248,280,false],"2048x2048":["https:\/\/sharewalker.com\/wp-content\/uploads\/2025\/03\/77777777.jpg",248,280,false],"trp-custom-language-flag":["https:\/\/sharewalker.com\/wp-content\/uploads\/2025\/03\/77777777-11x12.jpg",11,12,true],"woocommerce_thumbnail":["https:\/\/sharewalker.com\/wp-content\/uploads\/2025\/03\/77777777.jpg",248,280,false],"woocommerce_single":["https:\/\/sharewalker.com\/wp-content\/uploads\/2025\/03\/77777777.jpg",248,280,false],"woocommerce_gallery_thumbnail":["https:\/\/sharewalker.com\/wp-content\/uploads\/2025\/03\/77777777-100x100.jpg",100,100,true]},"uagb_author_info":{"display_name":"admin","author_link":"https:\/\/sharewalker.com\/pt\/author\/"},"uagb_comment_info":0,"uagb_excerpt":"A newly developed Indian traffic light tricolor game system supporting both English and Hindi languages, featuring two exquisite UI designs and a preset draw function to enhance user experience.\u200b","_links":{"self":[{"href":"https:\/\/sharewalker.com\/pt\/wp-json\/wp\/v2\/product\/2745","targetHints":{"allow":["GET"]}}],"collection":[{"href":"https:\/\/sharewalker.com\/pt\/wp-json\/wp\/v2\/product"}],"about":[{"href":"https:\/\/sharewalker.com\/pt\/wp-json\/wp\/v2\/types\/product"}],"replies":[{"embeddable":true,"href":"https:\/\/sharewalker.com\/pt\/wp-json\/wp\/v2\/comments?post=2745"}],"version-history":[{"count":0,"href":"https:\/\/sharewalker.com\/pt\/wp-json\/wp\/v2\/product\/2745\/revisions"}],"wp:featuredmedia":[{"embeddable":true,"href":"https:\/\/sharewalker.com\/pt\/wp-json\/wp\/v2\/media\/9012"}],"wp:attachment":[{"href":"https:\/\/sharewalker.com\/pt\/wp-json\/wp\/v2\/media?parent=2745"}],"wp:term":[{"taxonomy":"product_brand","embeddable":true,"href":"https:\/\/sharewalker.com\/pt\/wp-json\/wp\/v2\/product_brand?post=2745"},{"taxonomy":"product_cat","embeddable":true,"href":"https:\/\/sharewalker.com\/pt\/wp-json\/wp\/v2\/product_cat?post=2745"},{"taxonomy":"product_tag","embeddable":true,"href":"https:\/\/sharewalker.com\/pt\/wp-json\/wp\/v2\/product_tag?post=2745"}],"curies":[{"name":"wp","href":"https:\/\/api.w.org\/{rel}","templated":true}]}}