{"id":2956,"date":"2025-03-25T15:36:28","date_gmt":"2025-03-25T07:36:28","guid":{"rendered":"https:\/\/sharewalker.com\/?post_type=product&#038;p=2956"},"modified":"2025-03-25T15:36:28","modified_gmt":"2025-03-25T07:36:28","slug":"upgraded-blockchain-exchange-source-code-supports-nft-trading-wealth-management-leverage-subscription-mining-machine-management-mining-locking-eight-language-support","status":"publish","type":"product","link":"https:\/\/sharewalker.com\/pt\/produto\/codigo-fonte-de-troca-de-blockchain-atualizado-suporta-nft-trading-gestao-de-patrimonio-alavancar-subscricao-gestao-de-maquinas-de-mineracao-bloqueio-de-mineracao-suporte-de-oito-idiomas\/","title":{"rendered":"C\u00f3digo-fonte atualizado da Blockchain Exchange | Suporta negocia\u00e7\u00e3o NFT, gerenciamento de riqueza, assinatura de alavancagem, gerenciamento de m\u00e1quina de minera\u00e7\u00e3o, bloqueio de minera\u00e7\u00e3o | Suporte a oito idiomas"},"content":{"rendered":"<p>Este c\u00f3digo-fonte de interc\u00e2mbio, ap\u00f3s desenvolvimento secund\u00e1rio e actualiza\u00e7\u00f5es, oferece as seguintes carater\u00edsticas principais.<\/p>\n<p>Suporte para negocia\u00e7\u00e3o de NFT: A plataforma permite que os utilizadores se envolvam em negocia\u00e7\u00f5es NFT (Non-Fungible Token), expandindo o \u00e2mbito das transac\u00e7\u00f5es de activos digitais.<\/p>\n<p>Produtos de gest\u00e3o de patrim\u00f3nio: Fornece uma variedade de produtos de gest\u00e3o de patrim\u00f3nio para ajudar os utilizadores na valoriza\u00e7\u00e3o de activos.<\/p>\n<p>Alavancar a subscri\u00e7\u00e3o: Os utilizadores podem utilizar as funcionalidades de alavancagem da subscri\u00e7\u00e3o para aumentar o retorno do investimento.<\/p>\n<p>Gest\u00e3o de m\u00e1quinas de minera\u00e7\u00e3o e bloqueio de minera\u00e7\u00e3o: Integra um sistema de gest\u00e3o de m\u00e1quinas de minera\u00e7\u00e3o, suportando o bloqueio de minera\u00e7\u00e3o para garantir os ganhos do utilizador.<\/p>\n<p>Suporte multilingue: O sistema suporta oito idiomas, incluindo chin\u00eas e ingl\u00eas, servindo utilizadores globais.<\/p>\n<p>Segundos contratos, negocia\u00e7\u00e3o de moeda a moeda e op\u00e7\u00f5es: Oferece v\u00e1rios m\u00e9todos de negocia\u00e7\u00e3o, tais como segundos contratos, negocia\u00e7\u00e3o de moeda a moeda e negocia\u00e7\u00e3o de op\u00e7\u00f5es para satisfazer diversas necessidades de negocia\u00e7\u00e3o.<\/p>\n<p>Otimiza\u00e7\u00e3o da p\u00e1gina inicial: A p\u00e1gina inicial foi submetida a um desenvolvimento e otimiza\u00e7\u00e3o secund\u00e1rios para melhorar a experi\u00eancia do utilizador.<\/p>\n<p><img fetchpriority=\"high\" decoding=\"async\" class=\"aligncenter size-full wp-image-2957\" src=\"https:\/\/sharewalker.com\/wp-content\/uploads\/2025\/03\/10001-10.png\" alt=\"\" width=\"1024\" height=\"685\" \/> <img decoding=\"async\" class=\"aligncenter size-full wp-image-2958\" src=\"https:\/\/sharewalker.com\/wp-content\/uploads\/2025\/03\/10002-37.png\" alt=\"\" width=\"1024\" height=\"682\" srcset=\"https:\/\/sharewalker.com\/wp-content\/uploads\/2025\/03\/10002-37.png 1024w, https:\/\/sharewalker.com\/wp-content\/uploads\/2025\/03\/10002-37-300x200.png 300w, https:\/\/sharewalker.com\/wp-content\/uploads\/2025\/03\/10002-37-768x512.png 768w\" sizes=\"(max-width: 1024px) 100vw, 1024px\" \/> <img decoding=\"async\" class=\"aligncenter size-full wp-image-2959\" src=\"https:\/\/sharewalker.com\/wp-content\/uploads\/2025\/03\/10003-39.png\" alt=\"\" width=\"1203\" height=\"801\" srcset=\"https:\/\/sharewalker.com\/wp-content\/uploads\/2025\/03\/10003-39.png 1203w, https:\/\/sharewalker.com\/wp-content\/uploads\/2025\/03\/10003-39-300x200.png 300w, https:\/\/sharewalker.com\/wp-content\/uploads\/2025\/03\/10003-39-1024x682.png 1024w, https:\/\/sharewalker.com\/wp-content\/uploads\/2025\/03\/10003-39-768x511.png 768w\" sizes=\"(max-width: 1203px) 100vw, 1203px\" \/> <img loading=\"lazy\" decoding=\"async\" class=\"aligncenter size-full wp-image-2960\" src=\"https:\/\/sharewalker.com\/wp-content\/uploads\/2025\/03\/10004-42.png\" alt=\"\" width=\"1024\" height=\"684\" srcset=\"https:\/\/sharewalker.com\/wp-content\/uploads\/2025\/03\/10004-42.png 1024w, https:\/\/sharewalker.com\/wp-content\/uploads\/2025\/03\/10004-42-300x200.png 300w, https:\/\/sharewalker.com\/wp-content\/uploads\/2025\/03\/10004-42-768x513.png 768w\" sizes=\"(max-width: 1024px) 100vw, 1024px\" \/> <img loading=\"lazy\" decoding=\"async\" class=\"aligncenter size-full wp-image-2961\" src=\"https:\/\/sharewalker.com\/wp-content\/uploads\/2025\/03\/10005-43.png\" alt=\"\" width=\"1195\" height=\"799\" srcset=\"https:\/\/sharewalker.com\/wp-content\/uploads\/2025\/03\/10005-43.png 1195w, https:\/\/sharewalker.com\/wp-content\/uploads\/2025\/03\/10005-43-300x201.png 300w, https:\/\/sharewalker.com\/wp-content\/uploads\/2025\/03\/10005-43-1024x685.png 1024w, https:\/\/sharewalker.com\/wp-content\/uploads\/2025\/03\/10005-43-768x513.png 768w\" sizes=\"(max-width: 1195px) 100vw, 1195px\" \/> <img loading=\"lazy\" decoding=\"async\" class=\"aligncenter size-full wp-image-2962\" src=\"https:\/\/sharewalker.com\/wp-content\/uploads\/2025\/03\/10006-42.png\" alt=\"\" width=\"1203\" height=\"801\" srcset=\"https:\/\/sharewalker.com\/wp-content\/uploads\/2025\/03\/10006-42.png 1203w, https:\/\/sharewalker.com\/wp-content\/uploads\/2025\/03\/10006-42-300x200.png 300w, https:\/\/sharewalker.com\/wp-content\/uploads\/2025\/03\/10006-42-1024x682.png 1024w, https:\/\/sharewalker.com\/wp-content\/uploads\/2025\/03\/10006-42-768x511.png 768w\" sizes=\"(max-width: 1203px) 100vw, 1203px\" \/> <img loading=\"lazy\" decoding=\"async\" class=\"aligncenter size-full wp-image-2963\" src=\"https:\/\/sharewalker.com\/wp-content\/uploads\/2025\/03\/10007-42.png\" alt=\"\" width=\"1199\" height=\"801\" srcset=\"https:\/\/sharewalker.com\/wp-content\/uploads\/2025\/03\/10007-42.png 1199w, https:\/\/sharewalker.com\/wp-content\/uploads\/2025\/03\/10007-42-300x200.png 300w, https:\/\/sharewalker.com\/wp-content\/uploads\/2025\/03\/10007-42-1024x684.png 1024w, https:\/\/sharewalker.com\/wp-content\/uploads\/2025\/03\/10007-42-768x513.png 768w\" sizes=\"(max-width: 1199px) 100vw, 1199px\" \/> <img loading=\"lazy\" decoding=\"async\" class=\"aligncenter size-full wp-image-2964\" src=\"https:\/\/sharewalker.com\/wp-content\/uploads\/2025\/03\/10008-41.png\" alt=\"\" width=\"1206\" height=\"794\" srcset=\"https:\/\/sharewalker.com\/wp-content\/uploads\/2025\/03\/10008-41.png 1206w, https:\/\/sharewalker.com\/wp-content\/uploads\/2025\/03\/10008-41-300x198.png 300w, https:\/\/sharewalker.com\/wp-content\/uploads\/2025\/03\/10008-41-1024x674.png 1024w, https:\/\/sharewalker.com\/wp-content\/uploads\/2025\/03\/10008-41-768x506.png 768w\" sizes=\"(max-width: 1206px) 100vw, 1206px\" \/><\/p>","protected":false},"excerpt":{"rendered":"<p>O c\u00f3digo-fonte de troca de blockchain rec\u00e9m-atualizado integra negocia\u00e7\u00e3o NFT, produtos de gerenciamento de riqueza, assinatura de alavancagem, gerenciamento de m\u00e1quina de minera\u00e7\u00e3o e fun\u00e7\u00f5es de bloqueio de minera\u00e7\u00e3o, suportando oito idiomas, incluindo chin\u00eas e ingl\u00eas, atendendo a usu\u00e1rios globais.<\/p>","protected":false},"featured_media":2957,"comment_status":"open","ping_status":"closed","template":"","meta":{"_uag_custom_page_level_css":"","site-sidebar-layout":"default","site-content-layout":"","ast-site-content-layout":"default","site-content-style":"default","site-sidebar-style":"default","ast-global-header-display":"","ast-banner-title-visibility":"","ast-main-header-display":"","ast-hfb-above-header-display":"","ast-hfb-below-header-display":"","ast-hfb-mobile-header-display":"","site-post-title":"","ast-breadcrumbs-content":"","ast-featured-img":"","footer-sml-layout":"","theme-transparent-header-meta":"default","adv-header-id-meta":"","stick-header-meta":"","header-above-stick-meta":"","header-main-stick-meta":"","header-below-stick-meta":"","astra-migrate-meta-layouts":"set","ast-page-background-enabled":"default","ast-page-background-meta":{"desktop":{"background-color":"var(--ast-global-color-4)","background-image":"","background-repeat":"repeat","background-position":"center center","background-size":"auto","background-attachment":"scroll","background-type":"","background-media":"","overlay-type":"","overlay-color":"","overlay-opacity":"","overlay-gradient":""},"tablet":{"background-color":"","background-image":"","background-repeat":"repeat","background-position":"center center","background-size":"auto","background-attachment":"scroll","background-type":"","background-media":"","overlay-type":"","overlay-color":"","overlay-opacity":"","overlay-gradient":""},"mobile":{"background-color":"","background-image":"","background-repeat":"repeat","background-position":"center center","background-size":"auto","background-attachment":"scroll","background-type":"","background-media":"","overlay-type":"","overlay-color":"","overlay-opacity":"","overlay-gradient":""}},"ast-content-background-meta":{"desktop":{"background-color":"var(--ast-global-color-5)","background-image":"","background-repeat":"repeat","background-position":"center center","background-size":"auto","background-attachment":"scroll","background-type":"","background-media":"","overlay-type":"","overlay-color":"","overlay-opacity":"","overlay-gradient":""},"tablet":{"background-color":"var(--ast-global-color-5)","background-image":"","background-repeat":"repeat","background-position":"center center","background-size":"auto","background-attachment":"scroll","background-type":"","background-media":"","overlay-type":"","overlay-color":"","overlay-opacity":"","overlay-gradient":""},"mobile":{"background-color":"var(--ast-global-color-5)","background-image":"","background-repeat":"repeat","background-position":"center center","background-size":"auto","background-attachment":"scroll","background-type":"","background-media":"","overlay-type":"","overlay-color":"","overlay-opacity":"","overlay-gradient":""}}},"product_brand":[],"product_cat":[61],"product_tag":[304,311,306,307,309,308,310,305,312,301],"class_list":{"0":"post-2956","1":"product","2":"type-product","3":"status-publish","4":"has-post-thumbnail","6":"product_cat-blockchain-crypto-exchange","7":"product_tag-blockchain-exchange-source-code","8":"product_tag-coin-to-coin-exchange","9":"product_tag-digital-asset-wealth-management","10":"product_tag-leverage-trading-system","11":"product_tag-mining-locking-function","12":"product_tag-mining-machine-management-system","13":"product_tag-multilingual-trading-platform","14":"product_tag-nft-trading-platform","15":"product_tag-options-trading-system","16":"product_tag-second-contract-trading","17":"desktop-align-left","18":"tablet-align-left","19":"mobile-align-left","21":"first","22":"instock","23":"shipping-taxable","24":"product-type-simple"},"uagb_featured_image_src":{"full":["https:\/\/sharewalker.com\/wp-content\/uploads\/2025\/03\/10001-10-e1742888180441.png",693,684,false],"thumbnail":["https:\/\/sharewalker.com\/wp-content\/uploads\/2025\/03\/10001-10-e1742888180441-150x150.png",150,150,true],"medium":["https:\/\/sharewalker.com\/wp-content\/uploads\/2025\/03\/10001-10-e1742888180441-300x296.png",300,296,true],"medium_large":["https:\/\/sharewalker.com\/wp-content\/uploads\/2025\/03\/10001-10-768x514.png",768,514,true],"large":["https:\/\/sharewalker.com\/wp-content\/uploads\/2025\/03\/10001-10-e1742888180441.png",693,684,false],"1536x1536":["https:\/\/sharewalker.com\/wp-content\/uploads\/2025\/03\/10001-10-e1742888180441.png",693,684,false],"2048x2048":["https:\/\/sharewalker.com\/wp-content\/uploads\/2025\/03\/10001-10-e1742888180441.png",693,684,false],"trp-custom-language-flag":["https:\/\/sharewalker.com\/wp-content\/uploads\/2025\/03\/10001-10-e1742888180441.png",12,12,false],"woocommerce_thumbnail":["https:\/\/sharewalker.com\/wp-content\/uploads\/2025\/03\/10001-10-e1742888180441-300x300.png",300,300,true],"woocommerce_single":["https:\/\/sharewalker.com\/wp-content\/uploads\/2025\/03\/10001-10-e1742888180441-300x296.png",300,296,true],"woocommerce_gallery_thumbnail":["https:\/\/sharewalker.com\/wp-content\/uploads\/2025\/03\/10001-10-e1742888180441-100x100.png",100,100,true]},"uagb_author_info":{"display_name":"admin","author_link":"https:\/\/sharewalker.com\/pt\/author\/"},"uagb_comment_info":0,"uagb_excerpt":"The newly upgraded blockchain exchange source code integrates NFT trading, wealth management products, leverage subscription, mining machine management, and mining locking functions, supporting eight languages including Chinese and English, catering to global users.\u200b","_links":{"self":[{"href":"https:\/\/sharewalker.com\/pt\/wp-json\/wp\/v2\/product\/2956","targetHints":{"allow":["GET"]}}],"collection":[{"href":"https:\/\/sharewalker.com\/pt\/wp-json\/wp\/v2\/product"}],"about":[{"href":"https:\/\/sharewalker.com\/pt\/wp-json\/wp\/v2\/types\/product"}],"replies":[{"embeddable":true,"href":"https:\/\/sharewalker.com\/pt\/wp-json\/wp\/v2\/comments?post=2956"}],"version-history":[{"count":0,"href":"https:\/\/sharewalker.com\/pt\/wp-json\/wp\/v2\/product\/2956\/revisions"}],"wp:featuredmedia":[{"embeddable":true,"href":"https:\/\/sharewalker.com\/pt\/wp-json\/wp\/v2\/media\/2957"}],"wp:attachment":[{"href":"https:\/\/sharewalker.com\/pt\/wp-json\/wp\/v2\/media?parent=2956"}],"wp:term":[{"taxonomy":"product_brand","embeddable":true,"href":"https:\/\/sharewalker.com\/pt\/wp-json\/wp\/v2\/product_brand?post=2956"},{"taxonomy":"product_cat","embeddable":true,"href":"https:\/\/sharewalker.com\/pt\/wp-json\/wp\/v2\/product_cat?post=2956"},{"taxonomy":"product_tag","embeddable":true,"href":"https:\/\/sharewalker.com\/pt\/wp-json\/wp\/v2\/product_tag?post=2956"}],"curies":[{"name":"wp","href":"https:\/\/api.w.org\/{rel}","templated":true}]}}